{"id":41932,"date":"2025-03-03T15:53:03","date_gmt":"2025-03-03T14:53:03","guid":{"rendered":"https:\/\/naturalpoland.com\/produkty\/uncategorized\/gaba\/"},"modified":"2025-07-15T15:15:46","modified_gmt":"2025-07-15T13:15:46","slug":"gaba","status":"publish","type":"product","link":"https:\/\/naturalpoland.com\/ko\/je-pum\/ui-yak-pum-won-ryo\/a-mi-no-san\/gaba\/","title":{"rendered":"GABA"},"content":{"rendered":"<p>GABA\ub294 \uace0\uc21c\ub3c4(99-101%)\uc758 \ubc31\uc0c9 \uacb0\uc815 \ub610\ub294 \uacb0\uc815\uc131 \ubd84\ub9d0 \ud615\ud0dc\uc785\ub2c8\ub2e4. \uc2a4\ud2b8\ub808\uc2a4 \uac10\uc18c, \uc218\uba74\uc758 \uc9c8 \ud5a5\uc0c1, \uc2e0\uacbd\uacc4 \uae30\ub2a5 \uc548\uc815\ud654\uc5d0 \ub3c4\uc6c0\uc774 \ub418\ub294 \uc774\uc644 \ud6a8\uacfc\ub85c \uc798 \uc54c\ub824\uc838 \uc788\uc2b5\ub2c8\ub2e4. <\/p>\n<h2>\uc6d0\ub8cc \ud488\uc9c8<\/h2>\n<p>GABA\ub294 \uc5c4\uaca9\ud55c \ud488\uc9c8 \ubc0f \ubbf8\uc0dd\ubb3c\ud559\uc801 \uae30\uc900\uc744 \ucda9\uc871\ud569\ub2c8\ub2e4. \ubb3c\uc5d0 \ub300\ud55c \uc6a9\ud574\ub3c4\uac00 \ub6f0\uc5b4\ub098\uba70 \uc801\uc678\uc120 \ubd84\uad11\ubc95\uc744 \ud1b5\ud55c \uc2dd\ubcc4 \ud14c\uc2a4\ud2b8\ub97c \ud1b5\uacfc\ud569\ub2c8\ub2e4. \ub2e4\ub978 \uc544\ubbf8\ub178\uc0b0, \uc911\uae08\uc18d, \ubcd1\uc6d0\uc131 \ubbf8\uc0dd\ubb3c\uacfc \uac19\uc740 \uc624\uc5fc \ubb3c\uc9c8\uc774 \uc5c6\uc74c\uc744 \ubcf4\uc5ec\uc8fc\ub294 \uc2e4\ud5d8\uc2e4 \ud14c\uc2a4\ud2b8\ub97c \ud1b5\ud574 \ub192\uc740 \ud488\uc9c8\uc774 \ud655\uc778\ub418\uc5c8\uc2b5\ub2c8\ub2e4.  <\/p>\n<h2>GABA\uc758 \uac74\uac15 \ud6a8\ub2a5 \ubc0f \uc801\uc6a9<\/h2>\n<p>GABA\ub294 \uc9c4\uc815 \ud6a8\uacfc\ub97c \ub098\ud0c0\ub0b4\uba70 \uc2e0\uacbd\uacc4 \uae30\ub2a5\uc744 \uc870\uc808\ud569\ub2c8\ub2e4. \uc2dd\uc774 \ubcf4\ucda9\uc81c\uc5d0\uc11c\ub294 \ucf54\ub974\ud2f0\uc194 \uc218\uce58\ub97c \ub0ae\ucd94\uace0 \ubd88\uc548\uc744 \uc904\uc774\uba70 \uc218\uba74\uc758 \uc9c8\uc744 \ud5a5\uc0c1\uc2dc\ud0a4\ub294 \ub370 \ub3c4\uc6c0\uc774 \ub418\ub294 \ubb3c\uc9c8\ub85c \uc0ac\uc6a9\ub429\ub2c8\ub2e4. \ub610\ud55c \uc9d1\uc911\ub825 \ud5a5\uc0c1, \uc778\uc9c0 \uae30\ub2a5 \uc9c0\uc6d0, \uadfc\uc721 \uae34\uc7a5 \uc870\uc808 \ub4f1\uc758 \ud6a8\uacfc\ub3c4 \uc788\uc2b5\ub2c8\ub2e4. \uc5f0\uad6c\uc5d0 \ub530\ub974\uba74 GABA\ub294 \uc6b0\uc6b8\uc99d, \ubd88\uc548 \uc99d\uc0c1 \uc644\ud654 \ubc0f \uc2e0\uccb4 \ud65c\ub3d9 \ud6c4 \uc2e0\uccb4 \ud68c\ubcf5 \uc9c0\uc6d0\uc5d0 \uc801\uc6a9\ub420 \uc218 \uc788\uc2b5\ub2c8\ub2e4.   <\/p>\n<p><strong>\ubcf4\ucda9\uc81c<\/strong>\uc5d0\uc11c \uc774 \uc6d0\ub8cc\ub294 \uc2a4\ud2b8\ub808\uc2a4\ub97c \uc904\uc774\uace0 \uc218\uba74\uc744 \uc720\ub3c4\ud558\uba70 \uc815\uc2e0\uc801 \ud68c\ubcf5\uc744 \ub3d5\ub294 \uc131\ubd84\uc73c\ub85c \uc0ac\uc6a9\ub429\ub2c8\ub2e4. <strong>\uc81c\uc57d \uc0b0\uc5c5<\/strong>\uc5d0\uc11c\ub294 \ub1cc \uae30\ub2a5 \uac1c\uc120, \uc2e0\uacbd \ubcf4\ud638 \ubc0f \uc2e0\uacbd\uacc4 \uae30\ub2a5 \ud5a5\uc0c1 \uc81c\uc81c\uc5d0 \uc0ac\uc6a9\ub429\ub2c8\ub2e4. <strong>\ud654\uc7a5\ud488<\/strong>\uc5d0\uc11c\ub294 \uadfc\uc721 \uae34\uc7a5\uc744 \uc644\ud654\ud558\uace0 \ud53c\ubd80 \uc7ac\uc0dd\uc744 \ub3d5\ub294 \ud2b9\uc131 \ub355\ubd84\uc5d0 \ub178\ud654 \ubc29\uc9c0 \uc81c\ud488\uc758 \uadc0\uc911\ud55c \uc131\ubd84\uc785\ub2c8\ub2e4. <strong>\uc2dd\ud488 \uc0b0\uc5c5<\/strong>\uc5d0\uc11c\ub294 \uc6f0\ube59\uacfc \uc774\uc644\uc744 \ubaa9\ud45c\ub85c \ud558\ub294 \uc81c\ud488\uc758 \uae30\ub2a5\uc131 \ucca8\uac00\uc81c\ub85c \uc0ac\uc6a9\ub429\ub2c8\ub2e4.<\/p>\n<p>&nbsp;<\/p>\n","protected":false},"excerpt":{"rendered":"<p><strong>GABA<\/strong>(\uac10\ub9c8-\uc544\ubbf8\ub178\ubd80\ud2f0\ub974\uc0b0)\ub294 \uc911\ucd94\uc2e0\uacbd\uacc4\uc5d0\uc11c \uc2e0\uacbd\uc804\ub2ec\ubb3c\uc9c8\ub85c\uc11c \uc911\uc694\ud55c \uc5ed\ud560\uc744 \ud558\ub294 \uc790\uc5f0 \ubc1c\uc0dd \uc544\ubbf8\ub178\uc0b0\uc785\ub2c8\ub2e4.<\/p>\n","protected":false},"featured_media":41933,"template":"","meta":{"_acf_changed":false},"product_brand":[],"product_cat":[8142],"product_tag":[],"class_list":{"0":"post-41932","1":"product","2":"type-product","3":"status-publish","4":"has-post-thumbnail","6":"product_cat-a-mi-no-san","8":"first","9":"instock","10":"shipping-taxable","11":"product-type-simple"},"acf":[],"yoast_head":"<!-- This site is optimized with the Yoast SEO plugin v27.4 - https:\/\/yoast.com\/product\/yoast-seo-wordpress\/ -->\n<title>GABA - Hurtowy Dystrybutor<\/title>\n<meta name=\"description\" content=\"\uac10\ub9c8-\uc544\ubbf8\ub178\ubd80\ud2f0\ub974\uc0b0(GABA)\uc740 \uc911\ucd94\uc2e0\uacbd\uacc4\uc5d0\uc11c \uc2e0\uacbd\uc804\ub2ec\ubb3c\uc9c8\ub85c\uc11c \uc911\uc694\ud55c \uc5ed\ud560\uc744 \ud558\ub294 \uc790\uc5f0 \ubc1c\uc0dd \uc544\ubbf8\ub178\uc0b0\uc785\ub2c8\ub2e4.\" \/>\n<meta name=\"robots\" content=\"index, follow, max-snippet:-1, max-image-preview:large, max-video-preview:-1\" \/>\n<link rel=\"canonical\" href=\"https:\/\/naturalpoland.com\/ko\/je-pum\/ui-yak-pum-won-ryo\/a-mi-no-san\/gaba\/\" \/>\n<meta property=\"og:locale\" content=\"ko_KR\" \/>\n<meta property=\"og:type\" content=\"article\" \/>\n<meta property=\"og:title\" content=\"GABA - Hurtowy Dystrybutor\" \/>\n<meta property=\"og:description\" content=\"\uac10\ub9c8-\uc544\ubbf8\ub178\ubd80\ud2f0\ub974\uc0b0(GABA)\uc740 \uc911\ucd94\uc2e0\uacbd\uacc4\uc5d0\uc11c \uc2e0\uacbd\uc804\ub2ec\ubb3c\uc9c8\ub85c\uc11c \uc911\uc694\ud55c \uc5ed\ud560\uc744 \ud558\ub294 \uc790\uc5f0 \ubc1c\uc0dd \uc544\ubbf8\ub178\uc0b0\uc785\ub2c8\ub2e4.\" \/>\n<meta property=\"og:url\" content=\"https:\/\/naturalpoland.com\/ko\/je-pum\/ui-yak-pum-won-ryo\/a-mi-no-san\/gaba\/\" \/>\n<meta property=\"og:site_name\" content=\"NATURAL POLAND - Hurtowy Dystrybutor Surowc\u00f3w\" \/>\n<meta property=\"article:publisher\" content=\"https:\/\/www.facebook.com\/naturalpoland.b2b\" \/>\n<meta property=\"article:modified_time\" content=\"2025-07-15T13:15:46+00:00\" \/>\n<meta property=\"og:image\" content=\"https:\/\/naturalpoland.com\/wp-content\/uploads\/gaba.webp\" \/>\n\t<meta property=\"og:image:width\" content=\"821\" \/>\n\t<meta property=\"og:image:height\" content=\"821\" \/>\n\t<meta property=\"og:image:type\" content=\"image\/webp\" \/>\n<script type=\"application\/ld+json\" class=\"yoast-schema-graph\">{\"@context\":\"https:\\\/\\\/schema.org\",\"@graph\":[{\"@type\":\"WebPage\",\"@id\":\"https:\\\/\\\/naturalpoland.com\\\/ko\\\/je-pum\\\/ui-yak-pum-won-ryo\\\/a-mi-no-san\\\/gaba\\\/\",\"url\":\"https:\\\/\\\/naturalpoland.com\\\/ko\\\/je-pum\\\/ui-yak-pum-won-ryo\\\/a-mi-no-san\\\/gaba\\\/\",\"name\":\"GABA - Hurtowy Dystrybutor\",\"isPartOf\":{\"@id\":\"https:\\\/\\\/naturalpoland.com\\\/ko\\\/#website\"},\"primaryImageOfPage\":{\"@id\":\"https:\\\/\\\/naturalpoland.com\\\/ko\\\/je-pum\\\/ui-yak-pum-won-ryo\\\/a-mi-no-san\\\/gaba\\\/#primaryimage\"},\"image\":{\"@id\":\"https:\\\/\\\/naturalpoland.com\\\/ko\\\/je-pum\\\/ui-yak-pum-won-ryo\\\/a-mi-no-san\\\/gaba\\\/#primaryimage\"},\"thumbnailUrl\":\"https:\\\/\\\/naturalpoland.com\\\/wp-content\\\/uploads\\\/gaba.webp\",\"datePublished\":\"2025-03-03T14:53:03+00:00\",\"dateModified\":\"2025-07-15T13:15:46+00:00\",\"description\":\"\uac10\ub9c8-\uc544\ubbf8\ub178\ubd80\ud2f0\ub974\uc0b0(GABA)\uc740 \uc911\ucd94\uc2e0\uacbd\uacc4\uc5d0\uc11c \uc2e0\uacbd\uc804\ub2ec\ubb3c\uc9c8\ub85c\uc11c \uc911\uc694\ud55c \uc5ed\ud560\uc744 \ud558\ub294 \uc790\uc5f0 \ubc1c\uc0dd \uc544\ubbf8\ub178\uc0b0\uc785\ub2c8\ub2e4.\",\"breadcrumb\":{\"@id\":\"https:\\\/\\\/naturalpoland.com\\\/ko\\\/je-pum\\\/ui-yak-pum-won-ryo\\\/a-mi-no-san\\\/gaba\\\/#breadcrumb\"},\"inLanguage\":\"ko-KR\",\"potentialAction\":[{\"@type\":\"ReadAction\",\"target\":[\"https:\\\/\\\/naturalpoland.com\\\/ko\\\/je-pum\\\/ui-yak-pum-won-ryo\\\/a-mi-no-san\\\/gaba\\\/\"]}]},{\"@type\":\"ImageObject\",\"inLanguage\":\"ko-KR\",\"@id\":\"https:\\\/\\\/naturalpoland.com\\\/ko\\\/je-pum\\\/ui-yak-pum-won-ryo\\\/a-mi-no-san\\\/gaba\\\/#primaryimage\",\"url\":\"https:\\\/\\\/naturalpoland.com\\\/wp-content\\\/uploads\\\/gaba.webp\",\"contentUrl\":\"https:\\\/\\\/naturalpoland.com\\\/wp-content\\\/uploads\\\/gaba.webp\",\"width\":821,\"height\":821,\"caption\":\"gaba\"},{\"@type\":\"BreadcrumbList\",\"@id\":\"https:\\\/\\\/naturalpoland.com\\\/ko\\\/je-pum\\\/ui-yak-pum-won-ryo\\\/a-mi-no-san\\\/gaba\\\/#breadcrumb\",\"itemListElement\":[{\"@type\":\"ListItem\",\"position\":1,\"name\":\"\ud648\",\"item\":\"https:\\\/\\\/naturalpoland.com\\\/ko\\\/\"},{\"@type\":\"ListItem\",\"position\":2,\"name\":\"\uc81c\ud488\",\"item\":\"https:\\\/\\\/naturalpoland.com\\\/ko\\\/%ec%a0%9c%ed%92%88\\\/\"},{\"@type\":\"ListItem\",\"position\":3,\"name\":\"GABA\"}]},{\"@type\":\"WebSite\",\"@id\":\"https:\\\/\\\/naturalpoland.com\\\/ko\\\/#website\",\"url\":\"https:\\\/\\\/naturalpoland.com\\\/ko\\\/\",\"name\":\"NATURAL POLAND - Hurtowy Dystrybutor Surowc\u00f3w\",\"description\":\"Surowce dla przemys\u0142u spo\u017cywczego, kosmetycznego i farmaceutycznego\",\"publisher\":{\"@id\":\"https:\\\/\\\/naturalpoland.com\\\/ko\\\/#organization\"},\"potentialAction\":[{\"@type\":\"SearchAction\",\"target\":{\"@type\":\"EntryPoint\",\"urlTemplate\":\"https:\\\/\\\/naturalpoland.com\\\/ko\\\/?s={search_term_string}\"},\"query-input\":{\"@type\":\"PropertyValueSpecification\",\"valueRequired\":true,\"valueName\":\"search_term_string\"}}],\"inLanguage\":\"ko-KR\"},{\"@type\":\"Organization\",\"@id\":\"https:\\\/\\\/naturalpoland.com\\\/ko\\\/#organization\",\"name\":\"Natural Poland\",\"url\":\"https:\\\/\\\/naturalpoland.com\\\/ko\\\/\",\"logo\":{\"@type\":\"ImageObject\",\"inLanguage\":\"ko-KR\",\"@id\":\"https:\\\/\\\/naturalpoland.com\\\/ko\\\/#\\\/schema\\\/logo\\\/image\\\/\",\"url\":\"https:\\\/\\\/naturalpoland.com\\\/wp-content\\\/uploads\\\/2021\\\/05\\\/natural-poland-icon.png\",\"contentUrl\":\"https:\\\/\\\/naturalpoland.com\\\/wp-content\\\/uploads\\\/2021\\\/05\\\/natural-poland-icon.png\",\"width\":512,\"height\":512,\"caption\":\"Natural Poland\"},\"image\":{\"@id\":\"https:\\\/\\\/naturalpoland.com\\\/ko\\\/#\\\/schema\\\/logo\\\/image\\\/\"},\"sameAs\":[\"https:\\\/\\\/www.facebook.com\\\/naturalpoland.b2b\",\"https:\\\/\\\/pl.linkedin.com\\\/company\\\/natural-poland\",\"https:\\\/\\\/www.youtube.com\\\/channel\\\/UCgeGGkvOMahZo-xu_MSEWxg\"]}]}<\/script>\n<!-- \/ Yoast SEO plugin. -->","yoast_head_json":{"title":"GABA - Hurtowy Dystrybutor","description":"\uac10\ub9c8-\uc544\ubbf8\ub178\ubd80\ud2f0\ub974\uc0b0(GABA)\uc740 \uc911\ucd94\uc2e0\uacbd\uacc4\uc5d0\uc11c \uc2e0\uacbd\uc804\ub2ec\ubb3c\uc9c8\ub85c\uc11c \uc911\uc694\ud55c \uc5ed\ud560\uc744 \ud558\ub294 \uc790\uc5f0 \ubc1c\uc0dd \uc544\ubbf8\ub178\uc0b0\uc785\ub2c8\ub2e4.","robots":{"index":"index","follow":"follow","max-snippet":"max-snippet:-1","max-image-preview":"max-image-preview:large","max-video-preview":"max-video-preview:-1"},"canonical":"https:\/\/naturalpoland.com\/ko\/je-pum\/ui-yak-pum-won-ryo\/a-mi-no-san\/gaba\/","og_locale":"ko_KR","og_type":"article","og_title":"GABA - Hurtowy Dystrybutor","og_description":"\uac10\ub9c8-\uc544\ubbf8\ub178\ubd80\ud2f0\ub974\uc0b0(GABA)\uc740 \uc911\ucd94\uc2e0\uacbd\uacc4\uc5d0\uc11c \uc2e0\uacbd\uc804\ub2ec\ubb3c\uc9c8\ub85c\uc11c \uc911\uc694\ud55c \uc5ed\ud560\uc744 \ud558\ub294 \uc790\uc5f0 \ubc1c\uc0dd \uc544\ubbf8\ub178\uc0b0\uc785\ub2c8\ub2e4.","og_url":"https:\/\/naturalpoland.com\/ko\/je-pum\/ui-yak-pum-won-ryo\/a-mi-no-san\/gaba\/","og_site_name":"NATURAL POLAND - Hurtowy Dystrybutor Surowc\u00f3w","article_publisher":"https:\/\/www.facebook.com\/naturalpoland.b2b","article_modified_time":"2025-07-15T13:15:46+00:00","og_image":[{"width":821,"height":821,"url":"https:\/\/naturalpoland.com\/wp-content\/uploads\/gaba.webp","type":"image\/webp"}],"schema":{"@context":"https:\/\/schema.org","@graph":[{"@type":"WebPage","@id":"https:\/\/naturalpoland.com\/ko\/je-pum\/ui-yak-pum-won-ryo\/a-mi-no-san\/gaba\/","url":"https:\/\/naturalpoland.com\/ko\/je-pum\/ui-yak-pum-won-ryo\/a-mi-no-san\/gaba\/","name":"GABA - Hurtowy Dystrybutor","isPartOf":{"@id":"https:\/\/naturalpoland.com\/ko\/#website"},"primaryImageOfPage":{"@id":"https:\/\/naturalpoland.com\/ko\/je-pum\/ui-yak-pum-won-ryo\/a-mi-no-san\/gaba\/#primaryimage"},"image":{"@id":"https:\/\/naturalpoland.com\/ko\/je-pum\/ui-yak-pum-won-ryo\/a-mi-no-san\/gaba\/#primaryimage"},"thumbnailUrl":"https:\/\/naturalpoland.com\/wp-content\/uploads\/gaba.webp","datePublished":"2025-03-03T14:53:03+00:00","dateModified":"2025-07-15T13:15:46+00:00","description":"\uac10\ub9c8-\uc544\ubbf8\ub178\ubd80\ud2f0\ub974\uc0b0(GABA)\uc740 \uc911\ucd94\uc2e0\uacbd\uacc4\uc5d0\uc11c \uc2e0\uacbd\uc804\ub2ec\ubb3c\uc9c8\ub85c\uc11c \uc911\uc694\ud55c \uc5ed\ud560\uc744 \ud558\ub294 \uc790\uc5f0 \ubc1c\uc0dd \uc544\ubbf8\ub178\uc0b0\uc785\ub2c8\ub2e4.","breadcrumb":{"@id":"https:\/\/naturalpoland.com\/ko\/je-pum\/ui-yak-pum-won-ryo\/a-mi-no-san\/gaba\/#breadcrumb"},"inLanguage":"ko-KR","potentialAction":[{"@type":"ReadAction","target":["https:\/\/naturalpoland.com\/ko\/je-pum\/ui-yak-pum-won-ryo\/a-mi-no-san\/gaba\/"]}]},{"@type":"ImageObject","inLanguage":"ko-KR","@id":"https:\/\/naturalpoland.com\/ko\/je-pum\/ui-yak-pum-won-ryo\/a-mi-no-san\/gaba\/#primaryimage","url":"https:\/\/naturalpoland.com\/wp-content\/uploads\/gaba.webp","contentUrl":"https:\/\/naturalpoland.com\/wp-content\/uploads\/gaba.webp","width":821,"height":821,"caption":"gaba"},{"@type":"BreadcrumbList","@id":"https:\/\/naturalpoland.com\/ko\/je-pum\/ui-yak-pum-won-ryo\/a-mi-no-san\/gaba\/#breadcrumb","itemListElement":[{"@type":"ListItem","position":1,"name":"\ud648","item":"https:\/\/naturalpoland.com\/ko\/"},{"@type":"ListItem","position":2,"name":"\uc81c\ud488","item":"https:\/\/naturalpoland.com\/ko\/%ec%a0%9c%ed%92%88\/"},{"@type":"ListItem","position":3,"name":"GABA"}]},{"@type":"WebSite","@id":"https:\/\/naturalpoland.com\/ko\/#website","url":"https:\/\/naturalpoland.com\/ko\/","name":"NATURAL POLAND - Hurtowy Dystrybutor Surowc\u00f3w","description":"Surowce dla przemys\u0142u spo\u017cywczego, kosmetycznego i farmaceutycznego","publisher":{"@id":"https:\/\/naturalpoland.com\/ko\/#organization"},"potentialAction":[{"@type":"SearchAction","target":{"@type":"EntryPoint","urlTemplate":"https:\/\/naturalpoland.com\/ko\/?s={search_term_string}"},"query-input":{"@type":"PropertyValueSpecification","valueRequired":true,"valueName":"search_term_string"}}],"inLanguage":"ko-KR"},{"@type":"Organization","@id":"https:\/\/naturalpoland.com\/ko\/#organization","name":"Natural Poland","url":"https:\/\/naturalpoland.com\/ko\/","logo":{"@type":"ImageObject","inLanguage":"ko-KR","@id":"https:\/\/naturalpoland.com\/ko\/#\/schema\/logo\/image\/","url":"https:\/\/naturalpoland.com\/wp-content\/uploads\/2021\/05\/natural-poland-icon.png","contentUrl":"https:\/\/naturalpoland.com\/wp-content\/uploads\/2021\/05\/natural-poland-icon.png","width":512,"height":512,"caption":"Natural Poland"},"image":{"@id":"https:\/\/naturalpoland.com\/ko\/#\/schema\/logo\/image\/"},"sameAs":["https:\/\/www.facebook.com\/naturalpoland.b2b","https:\/\/pl.linkedin.com\/company\/natural-poland","https:\/\/www.youtube.com\/channel\/UCgeGGkvOMahZo-xu_MSEWxg"]}]}},"_links":{"self":[{"href":"https:\/\/naturalpoland.com\/ko\/wp-json\/wp\/v2\/product\/41932","targetHints":{"allow":["GET"]}}],"collection":[{"href":"https:\/\/naturalpoland.com\/ko\/wp-json\/wp\/v2\/product"}],"about":[{"href":"https:\/\/naturalpoland.com\/ko\/wp-json\/wp\/v2\/types\/product"}],"wp:featuredmedia":[{"embeddable":true,"href":"https:\/\/naturalpoland.com\/ko\/wp-json\/wp\/v2\/media\/41933"}],"wp:attachment":[{"href":"https:\/\/naturalpoland.com\/ko\/wp-json\/wp\/v2\/media?parent=41932"}],"wp:term":[{"taxonomy":"product_brand","embeddable":true,"href":"https:\/\/naturalpoland.com\/ko\/wp-json\/wp\/v2\/product_brand?post=41932"},{"taxonomy":"product_cat","embeddable":true,"href":"https:\/\/naturalpoland.com\/ko\/wp-json\/wp\/v2\/product_cat?post=41932"},{"taxonomy":"product_tag","embeddable":true,"href":"https:\/\/naturalpoland.com\/ko\/wp-json\/wp\/v2\/product_tag?post=41932"}],"curies":[{"name":"wp","href":"https:\/\/api.w.org\/{rel}","templated":true}]}}