{"id":41935,"date":"2023-07-18T11:33:40","date_gmt":"2023-07-18T09:33:40","guid":{"rendered":"https:\/\/naturalpoland.com\/produkty\/uncategorized\/%ed%81%ac%eb%a0%88%ec%95%84%ed%8b%b4-%eb%aa%a8%eb%85%b8%ed%95%98%ec%9d%b4%eb%93%9c%eb%a0%88%ec%9d%b4%ed%8a%b8\/"},"modified":"2025-07-15T15:21:49","modified_gmt":"2025-07-15T13:21:49","slug":"keureatin-monohaireideu","status":"publish","type":"product","link":"https:\/\/naturalpoland.com\/ko\/je-pum\/ui-yak-pum-won-ryo\/a-mi-no-san\/keureatin-monohaireideu\/","title":{"rendered":"\ud06c\ub808\uc544\ud2f4 \ubaa8\ub178\ud558\uc774\ub4dc\ub808\uc774\ud2b8"},"content":{"rendered":"<h3>\ud06c\ub808\uc544\ud2f4 \ubaa8\ub178\ud558\uc774\ub4dc\ub808\uc774\ud2b8\ub780?<\/h3>\n<p>\ud06c\ub808\uc544\ud2f4 \ubaa8\ub178\ud558\uc774\ub4dc\ub808\uc774\ud2b8\ub294 \ud53c\ud2b8\ub2c8\uc2a4 \ubc0f \ubcf4\ub514\ube4c\ub529 \uc138\uacc4\ub97c \ud601\uc2e0\ud55c \ubcf4\ucda9\uc81c\uc785\ub2c8\ub2e4. \uac74\uac15 \ubc0f \uc2e0\uccb4 \ub2a5\ub825\uc5d0 \ub300\ud55c \uacfc\ud559\uc801\uc73c\ub85c \uc785\uc99d\ub41c \uc774\uc810 \ub355\ubd84\uc5d0 \uc804 \uc138\uacc4\uc5d0\uc11c \uac00\uc7a5 \uc778\uae30 \uc788\uace0 \ub110\ub9ac \uc0ac\uc6a9\ub418\ub294 \ubcf4\ucda9\uc81c \uc911 \ud558\ub098\uac00 \ub418\uc5c8\uc2b5\ub2c8\ub2e4. \uc2e0\uccb4\uc5d0\uc11c \ud06c\ub808\uc544\ud2f4\uc758 \uc5ed\ud560\uc740 \uc544\ubb34\ub9ac \uac15\uc870\ud574\ub3c4 \uc9c0\ub098\uce58\uc9c0 \uc54a\uc2b5\ub2c8\ub2e4. \ud06c\ub808\uc544\ud2f4\uc740 \uadfc\uc721\uc5d0 \uc5d0\ub108\uc9c0\ub97c \uacf5\uae09\ud558\ub294 \ub370 \ub3c4\uc6c0\uc744 \uc8fc\uba70, \uc774\ub294 \uc9c0\uad6c\ub825, \uadfc\ub825 \ubc0f \uadfc\uc721 \uc131\uc7a5\uc5d0 \ub9e4\uc6b0 \uc911\uc694\ud569\ub2c8\ub2e4.<\/p>\n<p>\ud06c\ub808\uc544\ud2f4 \ubaa8\ub178\ud558\uc774\ub4dc\ub808\uc774\ud2b8\ub294 \uc774 \ubcf4\ucda9\uc81c\uc758 \uac00\uc7a5 \uc21c\uc218\ud558\uace0 \ud6a8\uacfc\uc801\uc778 \ud615\ud0dc\uc785\ub2c8\ub2e4. \ud06c\ub808\uc544\ud2f4 \uc790\uccb4\ub294 \uc2e0\uccb4\uc5d0\uc11c \uc790\uc5f0\uc801\uc73c\ub85c \ubc1c\uc0dd\ud558\ub294 \ubb3c\uc9c8\ub85c, \uadfc\uc721\uc5d0 \uc5d0\ub108\uc9c0\ub97c \uacf5\uae09\ud558\ub294 \ub370 \ub3c4\uc6c0\uc744 \uc90d\ub2c8\ub2e4. \uc2e0\uc7a5\uc758 \uc2e0\uc7a5, \uac04, \ucdcc\uc7a5\uc5d0\uc11c \uc0dd\uc131\ub41c \ub2e4\uc74c \ud608\uc561\uc744 \ud1b5\ud574 \uadfc\uc721\uc73c\ub85c \uc6b4\ubc18\ub429\ub2c8\ub2e4. \uadf8\ub7ec\ub098 \ud2b9\ud788 \uaca9\ub82c\ud55c \ud6c8\ub828\uc744 \ud558\ub294 \uc0ac\ub78c\ub4e4\uc5d0\uac8c\ub294 \uc790\uc5f0\uc801\uc778 \ud06c\ub808\uc544\ud2f4 \uc0dd\uc0b0\ub9cc\uc73c\ub85c\ub294 \ucda9\ubd84\ud558\uc9c0 \uc54a\uc740 \uacbd\uc6b0\uac00 \ub9ce\uc2b5\ub2c8\ub2e4. \ud06c\ub808\uc544\ud2f4 \ubaa8\ub178\ud558\uc774\ub4dc\ub808\uc774\ud2b8 \ubcf4\ucda9\uc740 \uc774 \ubb3c\uc9c8\uc5d0 \ub300\ud55c \uc218\uc694\ub97c \ucda9\uc871\uc2dc\ud0a4\ub294 \ub370 \ub3c4\uc6c0\uc744 \uc8fc\uc5b4 \uadfc\uc721\uc5d0 \uaca9\ub82c\ud55c \uc6b4\ub3d9\uc5d0 \ud544\uc694\ud55c \ucd94\uac00 \uc5d0\ub108\uc9c0\ub97c \uc81c\uacf5\ud569\ub2c8\ub2e4.<\/p>\n<h3>\ud06c\ub808\uc544\ud2f4 \ubaa8\ub178\ud558\uc774\ub4dc\ub808\uc774\ud2b8 &#8211; \uc774\uc810<\/h3>\n<p>\ud06c\ub808\uc544\ud2f4 \ubaa8\ub178\ud558\uc774\ub4dc\ub808\uc774\ud2b8 \ubcf4\ucda9\uc740 \ub9ce\uc740 \uc774\uc810\uc744 \uc81c\uacf5\ud569\ub2c8\ub2e4. \uccab\uc9f8, <strong>\uadfc\uc721 \uc9c0\uad6c\ub825\uacfc \uadfc\ub825\uc744 \uc99d\uac00\uc2dc\ud0a4\ub294 \ub370 \ub3c4\uc6c0\uc744 \uc8fc\uc5b4<\/strong> \ub354 \uae38\uace0 \uaca9\ub82c\ud55c \ud6c8\ub828\uc744 \uac00\ub2a5\ud558\uac8c \ud569\ub2c8\ub2e4. \ub458\uc9f8, <strong>\ud6c8\ub828 \ud6c4 \uadfc\uc721 \ud68c\ubcf5\uc744 \uac00\uc18d\ud654\ud558\ub294 \ub370 \ub3c4\uc6c0\uc744 \uc8fc\uc5b4<\/strong> \uadfc\uc721 \uc131\uc7a5\uc5d0 \ub9e4\uc6b0 \uc911\uc694\ud569\ub2c8\ub2e4. \uc14b\uc9f8, \ud06c\ub808\uc544\ud2f4 \ubaa8\ub178\ud558\uc774\ub4dc\ub808\uc774\ud2b8\ub294 \uadfc\uc721 \uc138\ud3ec\uc5d0 \uc800\uc7a5\ub418\ub294 \uc218\ubd84\ub7c9\uc744 \uc99d\uac00\uc2dc\ucf1c <strong>\uadfc\uc721\ub7c9\uc744 \uc99d\uac00\uc2dc\ud0a4\ub294 \ub370 \ub3c4\uc6c0\uc744 \uc90d\ub2c8\ub2e4<\/strong>. \uc774\uac83\uc740 \uadfc\uc721\uc744 \ub354 \ud06c\uace0 \ud48d\uc131\ud558\uac8c \ubcf4\uc774\uac8c \ud569\ub2c8\ub2e4.<\/p>\n<p>\ud06c\ub808\uc544\ud2f4 \ubaa8\ub178\ud558\uc774\ub4dc\ub808\uc774\ud2b8\ub294 <strong>\ud761\uc218\uc728\uc774 \ub192\uace0 \uc548\uc804\ud558\uac8c \uc0ac\uc6a9\ud560 \uc218 \uc788\uc2b5\ub2c8\ub2e4<\/strong>. \uadfc\ub825 \ud6c8\ub828 \ucd08\ubcf4\uc790\uc640 \uc219\ub828\ub41c \ubcf4\ub514\ube4c\ub354 \ubaa8\ub450\uc5d0\uac8c \uad8c\uc7a5\ub429\ub2c8\ub2e4. \uc219\ub828\ub3c4 \uc218\uc900\uc5d0 \uad00\uacc4\uc5c6\uc774 \ud06c\ub808\uc544\ud2f4 \ubaa8\ub178\ud558\uc774\ub4dc\ub808\uc774\ud2b8\ub294 \ud6c8\ub828 \ubaa9\ud45c\ub97c \ub2ec\uc131\ud558\ub294 \ub370 \ub3c4\uc6c0\uc774 \ub418\ub294 \ud575\uc2ec \ubcf4\ucda9\uc81c\uc785\ub2c8\ub2e4.<\/p>\n<h3>\ubbf8\ubd84\ud654 \ud06c\ub808\uc544\ud2f4 \ubaa8\ub178\ud558\uc774\ub4dc\ub808\uc774\ud2b8<\/h3>\n<p>\ubbf8\ubd84\ud654\ub294 \ubb3c\uc9c8\uc758 \uc785\uc790\ub97c \ud45c\uba74\uc801\uc774 \uc99d\uac00\ub41c \ub9e4\uc6b0 \uc791\uc740 \uc785\uc790\ub85c \ubd84\uc1c4\ud558\ub294 \uacfc\uc815\uc785\ub2c8\ub2e4. \ud06c\ub808\uc544\ud2f4 \ubaa8\ub178\ud558\uc774\ub4dc\ub808\uc774\ud2b8\uc758 \uacbd\uc6b0, \ubbf8\ubd84\ud654\ub294 <strong>\ub354 \ubbf8\uc138\ud55c \ud06c\ub808\uc544\ud2f4 \uc785\uc790 \uad6c\uc870<\/strong>\ub97c \uc0dd\uc131\ud569\ub2c8\ub2e4. \uc774\ub85c \uc778\ud574 \uc81c\ud488\uc774 \ubb3c\uc774\ub098 \ub2e4\ub978 \uc561\uccb4\uc5d0 \ub354 \uc27d\uac8c \uc6a9\ud574\ub418\uc5b4 \uc12d\ucde8\uac00 \uc6a9\uc774\ud569\ub2c8\ub2e4. \ub610\ud55c, \ubbf8\ubd84\ud654 \ud06c\ub808\uc544\ud2f4\uc740 \uc2e0\uccb4\uc5d0 \ub354 \uc798 \ud761\uc218\ub420 \uc218 \uc788\uc5b4 \ub354 \ud6a8\uacfc\uc801\uc778 \ud6c8\ub828 \uacb0\uacfc\ub97c \uac00\uc838\uc62c \uc218 \uc788\uc2b5\ub2c8\ub2e4.<\/p>\n<hr \/>\n<h2>CreaXorb\u2122 LSMe<\/h2>\n<p><strong>CreaXorb\u2122 LSMe<\/strong>\ub294 BioSNEDS\u2122 \uae30\uc220\uc744 \uae30\ubc18\uc73c\ub85c \ud55c \uace0\uae09 \uc81c\ud488\uc73c\ub85c, \uc2e0\uccb4 \ub2a5\ub825, \uc778\uc9c0 \uae30\ub2a5 \ubc0f \uc2e0\uacbd \uac74\uac15\uc744 \uc9c0\uc6d0\ud558\ub294 \uac83\uc73c\ub85c \uc54c\ub824\uc9c4 \ud06c\ub808\uc544\ud2f4 \ubaa8\ub178\ud558\uc774\ub4dc\ub808\uc774\ud2b8\uc758 \uc0dd\uccb4 \uc774\uc6a9\ub960\uc744 \ud06c\uac8c \ud5a5\uc0c1\uc2dc\ud0b5\ub2c8\ub2e4.<\/p>\n<h3>BioSNEDS\u2122 \uae30\uc220\uc758 \uc7a5\uc810<\/h3>\n<ul>\n<li>CreaXorb\u2122\ub294 \uae30\uc874 \ud06c\ub808\uc544\ud2f4 \ubaa8\ub178\ud558\uc774\ub4dc\ub808\uc774\ud2b8\uc5d0 \ube44\ud574 \uc0dd\uccb4 \uc774\uc6a9\ub960\uc774 20\ubc30 \ub354 \ub192\uc2b5\ub2c8\ub2e4. \uc989, BioSNEDS\u2122\uc758 \ud65c\uc131 \ud06c\ub808\uc544\ud2f4 250mg\uc740 \uae30\uc874 \ud06c\ub808\uc544\ud2f4 \ubaa8\ub178\ud558\uc774\ub4dc\ub808\uc774\ud2b8 5000mg\uacfc \uc0dd\uccb4 \ub3d9\ub4f1\ud569\ub2c8\ub2e4.<\/li>\n<li>\ud0ac\ub85c\uadf8\ub7a8\ub2f9 \ub354 \ub9ce\uc740 \ubcf5\uc6a9\ub7c9 &#8211; \uae30\uc874 \ud06c\ub808\uc544\ud2f4 \ubaa8\ub178\ud558\uc774\ub4dc\ub808\uc774\ud2b8\uc758 196\ud68c \ubcf5\uc6a9\ub7c9\uc5d0 \ube44\ud574 \ud0ac\ub85c\uadf8\ub7a8\ub2f9 800\ud68c \ubcf5\uc6a9\ub7c9.<\/li>\n<li>\uc911\uc131\uc801\uc778 \ub9db\uacfc \ub0c4\uc0c8\uac00 \uc5c6\ub294 \ubd84\ub9d0 \ubc0f \uc5d0\uba40\uc83c \ud615\ud0dc\ub85c \uc81c\uacf5\ub429\ub2c8\ub2e4.<\/li>\n<\/ul>\n<h3>\uc801\uc6a9 \ubd84\uc57c:<\/h3>\n<p>\uac74\uac15 \ubcf4\uc870 \uc2dd\ud488, \uae30\ub2a5\uc131 \uc2dd\ud488, \uad6d\uc18c\uc6a9 \ud654\uc7a5\ud488, \ub3d9\ubb3c \uc0ac\ub8cc.<\/p>\n<h3>\uac74\uac15\uc0c1\uc758 \uc774\uc810:<\/h3>\n<ul>\n<li>\uc778\uc9c0 \uae30\ub2a5 \ubc0f \uc2e0\uacbd \uac74\uac15\uc744 \uac1c\uc120\ud569\ub2c8\ub2e4.<\/li>\n<li>\uadfc\uc721 \ud68c\ubcf5, \uae30\ub2a5, \uc9c0\uad6c\ub825 \ubc0f \uc131\uc7a5\uc744 \uc9c0\uc6d0\ud569\ub2c8\ub2e4.<\/li>\n<li>\uc5d0\ub108\uc9c0 \uc0dd\uc0b0 \ubc0f \uc6b4\ub3d9 \ud6c4 \ud68c\ubcf5\uc744 \uc9c0\uc6d0\ud569\ub2c8\ub2e4.<\/li>\n<li>\ubf08 \uac74\uac15\uc744 \uc9c0\uc6d0\ud569\ub2c8\ub2e4.<\/li>\n<li>\ud56d\uc0b0\ud654 \uc9c0\uc6d0 \uc5ed\ud560\uc744 \ud569\ub2c8\ub2e4.<\/li>\n<\/ul>\n","protected":false},"excerpt":{"rendered":"<p><strong>\ud06c\ub808\uc544\ud2f4 \ubaa8\ub178\ud558\uc774\ub4dc\ub808\uc774\ud2b8<\/strong>\ub294 \uaca9\ub82c\ud55c \uadfc\ub825 \ud6c8\ub828\uc744 \ud558\ub294 \uc0ac\ub78c\ub4e4\uc5d0\uac8c \ud544\uc218\uc801\uc778 \uadfc\ub825, \uc9c0\uad6c\ub825 \ubc0f \uadfc\uc721\ub7c9\uc744 \uc99d\uac00\uc2dc\ud0a4\ub294 \uace0\ud488\uc9c8 \ubcf4\ucda9\uc81c\uc785\ub2c8\ub2e4. \uc774 \uc81c\ud488\uc740 <strong>\ubbf8\ubd84\ud654<\/strong>\ub418\uc5b4 \uc6a9\ud574\ub3c4\ub97c \ud5a5\uc0c1\uc2dc\ud0a4\uace0 \uc7a0\uc7ac\uc801\uc73c\ub85c \ub354 \ub098\uc740 \ud761\uc218\uc728\uc744 \uc81c\uacf5\ud558\uc5ec \ub354 \ud6a8\uacfc\uc801\uc778 \ud6c8\ub828 \uacb0\uacfc\ub97c \uac00\uc838\uc635\ub2c8\ub2e4.<\/p>\n","protected":false},"featured_media":41940,"template":"","meta":{"_acf_changed":false},"product_brand":[],"product_cat":[8143,8142],"product_tag":[],"class_list":{"0":"post-41935","1":"product","2":"type-product","3":"status-publish","4":"has-post-thumbnail","6":"product_cat-geon-gang-gi-neung-sig-pum-cheom-ga-mul","7":"product_cat-a-mi-no-san","9":"first","10":"instock","11":"shipping-taxable","12":"product-type-simple"},"acf":[],"yoast_head":"<!-- This site is optimized with the Yoast SEO plugin v27.4 - https:\/\/yoast.com\/product\/yoast-seo-wordpress\/ -->\n<title>\ud06c\ub808\uc544\ud2f4 \ubaa8\ub178\ud558\uc774\ub4dc\ub808\uc774\ud2b8 - NATURAL POLAND - Hurtowy Dystrybutor Surowc\u00f3w<\/title>\n<meta name=\"description\" content=\"\ubbf8\ubd84\ud654 \ud06c\ub808\uc544\ud2f4 \ubaa8\ub178\ud558\uc774\ub4dc\ub808\uc774\ud2b8\ub294 \uadfc\ub825, \uc9c0\uad6c\ub825 \ubc0f \uadfc\uc721\ub7c9\uc744 \uc99d\uac00\uc2dc\ud0a4\ub294 \ubcf4\ucda9\uc81c\uc785\ub2c8\ub2e4. \ud761\uc218\uc728\uc774 \ub192\uace0 \uc548\uc804\ud558\uac8c \uc0ac\uc6a9\ud560 \uc218 \uc788\uc2b5\ub2c8\ub2e4.\" \/>\n<meta name=\"robots\" content=\"index, follow, max-snippet:-1, max-image-preview:large, max-video-preview:-1\" \/>\n<link rel=\"canonical\" href=\"https:\/\/naturalpoland.com\/ko\/je-pum\/ui-yak-pum-won-ryo\/a-mi-no-san\/keureatin-monohaireideu\/\" \/>\n<meta property=\"og:locale\" content=\"ko_KR\" \/>\n<meta property=\"og:type\" content=\"article\" \/>\n<meta property=\"og:title\" content=\"\ud06c\ub808\uc544\ud2f4 \ubaa8\ub178\ud558\uc774\ub4dc\ub808\uc774\ud2b8 - NATURAL POLAND - Hurtowy Dystrybutor Surowc\u00f3w\" \/>\n<meta property=\"og:description\" content=\"\ubbf8\ubd84\ud654 \ud06c\ub808\uc544\ud2f4 \ubaa8\ub178\ud558\uc774\ub4dc\ub808\uc774\ud2b8\ub294 \uadfc\ub825, \uc9c0\uad6c\ub825 \ubc0f \uadfc\uc721\ub7c9\uc744 \uc99d\uac00\uc2dc\ud0a4\ub294 \ubcf4\ucda9\uc81c\uc785\ub2c8\ub2e4. \ud761\uc218\uc728\uc774 \ub192\uace0 \uc548\uc804\ud558\uac8c \uc0ac\uc6a9\ud560 \uc218 \uc788\uc2b5\ub2c8\ub2e4.\" \/>\n<meta property=\"og:url\" content=\"https:\/\/naturalpoland.com\/ko\/je-pum\/ui-yak-pum-won-ryo\/a-mi-no-san\/keureatin-monohaireideu\/\" \/>\n<meta property=\"og:site_name\" content=\"NATURAL POLAND - Hurtowy Dystrybutor Surowc\u00f3w\" \/>\n<meta property=\"article:publisher\" content=\"https:\/\/www.facebook.com\/naturalpoland.b2b\" \/>\n<meta property=\"article:modified_time\" content=\"2025-07-15T13:21:49+00:00\" \/>\n<meta property=\"og:image\" content=\"https:\/\/naturalpoland.com\/wp-content\/uploads\/creatine-monohydrate.png\" \/>\n\t<meta property=\"og:image:width\" content=\"583\" \/>\n\t<meta property=\"og:image:height\" content=\"583\" \/>\n\t<meta property=\"og:image:type\" content=\"image\/png\" \/>\n<script type=\"application\/ld+json\" class=\"yoast-schema-graph\">{\"@context\":\"https:\\\/\\\/schema.org\",\"@graph\":[{\"@type\":\"WebPage\",\"@id\":\"https:\\\/\\\/naturalpoland.com\\\/ko\\\/je-pum\\\/ui-yak-pum-won-ryo\\\/a-mi-no-san\\\/keureatin-monohaireideu\\\/\",\"url\":\"https:\\\/\\\/naturalpoland.com\\\/ko\\\/je-pum\\\/ui-yak-pum-won-ryo\\\/a-mi-no-san\\\/keureatin-monohaireideu\\\/\",\"name\":\"\ud06c\ub808\uc544\ud2f4 \ubaa8\ub178\ud558\uc774\ub4dc\ub808\uc774\ud2b8 - NATURAL POLAND - Hurtowy Dystrybutor Surowc\u00f3w\",\"isPartOf\":{\"@id\":\"https:\\\/\\\/naturalpoland.com\\\/ko\\\/#website\"},\"primaryImageOfPage\":{\"@id\":\"https:\\\/\\\/naturalpoland.com\\\/ko\\\/je-pum\\\/ui-yak-pum-won-ryo\\\/a-mi-no-san\\\/keureatin-monohaireideu\\\/#primaryimage\"},\"image\":{\"@id\":\"https:\\\/\\\/naturalpoland.com\\\/ko\\\/je-pum\\\/ui-yak-pum-won-ryo\\\/a-mi-no-san\\\/keureatin-monohaireideu\\\/#primaryimage\"},\"thumbnailUrl\":\"https:\\\/\\\/naturalpoland.com\\\/wp-content\\\/uploads\\\/creatine-monohydrate.png\",\"datePublished\":\"2023-07-18T09:33:40+00:00\",\"dateModified\":\"2025-07-15T13:21:49+00:00\",\"description\":\"\ubbf8\ubd84\ud654 \ud06c\ub808\uc544\ud2f4 \ubaa8\ub178\ud558\uc774\ub4dc\ub808\uc774\ud2b8\ub294 \uadfc\ub825, \uc9c0\uad6c\ub825 \ubc0f \uadfc\uc721\ub7c9\uc744 \uc99d\uac00\uc2dc\ud0a4\ub294 \ubcf4\ucda9\uc81c\uc785\ub2c8\ub2e4. \ud761\uc218\uc728\uc774 \ub192\uace0 \uc548\uc804\ud558\uac8c \uc0ac\uc6a9\ud560 \uc218 \uc788\uc2b5\ub2c8\ub2e4.\",\"breadcrumb\":{\"@id\":\"https:\\\/\\\/naturalpoland.com\\\/ko\\\/je-pum\\\/ui-yak-pum-won-ryo\\\/a-mi-no-san\\\/keureatin-monohaireideu\\\/#breadcrumb\"},\"inLanguage\":\"ko-KR\",\"potentialAction\":[{\"@type\":\"ReadAction\",\"target\":[\"https:\\\/\\\/naturalpoland.com\\\/ko\\\/je-pum\\\/ui-yak-pum-won-ryo\\\/a-mi-no-san\\\/keureatin-monohaireideu\\\/\"]}]},{\"@type\":\"ImageObject\",\"inLanguage\":\"ko-KR\",\"@id\":\"https:\\\/\\\/naturalpoland.com\\\/ko\\\/je-pum\\\/ui-yak-pum-won-ryo\\\/a-mi-no-san\\\/keureatin-monohaireideu\\\/#primaryimage\",\"url\":\"https:\\\/\\\/naturalpoland.com\\\/wp-content\\\/uploads\\\/creatine-monohydrate.png\",\"contentUrl\":\"https:\\\/\\\/naturalpoland.com\\\/wp-content\\\/uploads\\\/creatine-monohydrate.png\",\"width\":583,\"height\":583,\"caption\":\"monohydrat kreatyny\"},{\"@type\":\"BreadcrumbList\",\"@id\":\"https:\\\/\\\/naturalpoland.com\\\/ko\\\/je-pum\\\/ui-yak-pum-won-ryo\\\/a-mi-no-san\\\/keureatin-monohaireideu\\\/#breadcrumb\",\"itemListElement\":[{\"@type\":\"ListItem\",\"position\":1,\"name\":\"\ud648\",\"item\":\"https:\\\/\\\/naturalpoland.com\\\/ko\\\/\"},{\"@type\":\"ListItem\",\"position\":2,\"name\":\"\uc81c\ud488\",\"item\":\"https:\\\/\\\/naturalpoland.com\\\/ko\\\/%ec%a0%9c%ed%92%88\\\/\"},{\"@type\":\"ListItem\",\"position\":3,\"name\":\"\ud06c\ub808\uc544\ud2f4 \ubaa8\ub178\ud558\uc774\ub4dc\ub808\uc774\ud2b8\"}]},{\"@type\":\"WebSite\",\"@id\":\"https:\\\/\\\/naturalpoland.com\\\/ko\\\/#website\",\"url\":\"https:\\\/\\\/naturalpoland.com\\\/ko\\\/\",\"name\":\"NATURAL POLAND - Hurtowy Dystrybutor Surowc\u00f3w\",\"description\":\"Surowce dla przemys\u0142u spo\u017cywczego, kosmetycznego i farmaceutycznego\",\"publisher\":{\"@id\":\"https:\\\/\\\/naturalpoland.com\\\/ko\\\/#organization\"},\"potentialAction\":[{\"@type\":\"SearchAction\",\"target\":{\"@type\":\"EntryPoint\",\"urlTemplate\":\"https:\\\/\\\/naturalpoland.com\\\/ko\\\/?s={search_term_string}\"},\"query-input\":{\"@type\":\"PropertyValueSpecification\",\"valueRequired\":true,\"valueName\":\"search_term_string\"}}],\"inLanguage\":\"ko-KR\"},{\"@type\":\"Organization\",\"@id\":\"https:\\\/\\\/naturalpoland.com\\\/ko\\\/#organization\",\"name\":\"Natural Poland\",\"url\":\"https:\\\/\\\/naturalpoland.com\\\/ko\\\/\",\"logo\":{\"@type\":\"ImageObject\",\"inLanguage\":\"ko-KR\",\"@id\":\"https:\\\/\\\/naturalpoland.com\\\/ko\\\/#\\\/schema\\\/logo\\\/image\\\/\",\"url\":\"https:\\\/\\\/naturalpoland.com\\\/wp-content\\\/uploads\\\/2021\\\/05\\\/natural-poland-icon.png\",\"contentUrl\":\"https:\\\/\\\/naturalpoland.com\\\/wp-content\\\/uploads\\\/2021\\\/05\\\/natural-poland-icon.png\",\"width\":512,\"height\":512,\"caption\":\"Natural Poland\"},\"image\":{\"@id\":\"https:\\\/\\\/naturalpoland.com\\\/ko\\\/#\\\/schema\\\/logo\\\/image\\\/\"},\"sameAs\":[\"https:\\\/\\\/www.facebook.com\\\/naturalpoland.b2b\",\"https:\\\/\\\/pl.linkedin.com\\\/company\\\/natural-poland\",\"https:\\\/\\\/www.youtube.com\\\/channel\\\/UCgeGGkvOMahZo-xu_MSEWxg\"]}]}<\/script>\n<!-- \/ Yoast SEO plugin. -->","yoast_head_json":{"title":"\ud06c\ub808\uc544\ud2f4 \ubaa8\ub178\ud558\uc774\ub4dc\ub808\uc774\ud2b8 - NATURAL POLAND - Hurtowy Dystrybutor Surowc\u00f3w","description":"\ubbf8\ubd84\ud654 \ud06c\ub808\uc544\ud2f4 \ubaa8\ub178\ud558\uc774\ub4dc\ub808\uc774\ud2b8\ub294 \uadfc\ub825, \uc9c0\uad6c\ub825 \ubc0f \uadfc\uc721\ub7c9\uc744 \uc99d\uac00\uc2dc\ud0a4\ub294 \ubcf4\ucda9\uc81c\uc785\ub2c8\ub2e4. \ud761\uc218\uc728\uc774 \ub192\uace0 \uc548\uc804\ud558\uac8c \uc0ac\uc6a9\ud560 \uc218 \uc788\uc2b5\ub2c8\ub2e4.","robots":{"index":"index","follow":"follow","max-snippet":"max-snippet:-1","max-image-preview":"max-image-preview:large","max-video-preview":"max-video-preview:-1"},"canonical":"https:\/\/naturalpoland.com\/ko\/je-pum\/ui-yak-pum-won-ryo\/a-mi-no-san\/keureatin-monohaireideu\/","og_locale":"ko_KR","og_type":"article","og_title":"\ud06c\ub808\uc544\ud2f4 \ubaa8\ub178\ud558\uc774\ub4dc\ub808\uc774\ud2b8 - NATURAL POLAND - Hurtowy Dystrybutor Surowc\u00f3w","og_description":"\ubbf8\ubd84\ud654 \ud06c\ub808\uc544\ud2f4 \ubaa8\ub178\ud558\uc774\ub4dc\ub808\uc774\ud2b8\ub294 \uadfc\ub825, \uc9c0\uad6c\ub825 \ubc0f \uadfc\uc721\ub7c9\uc744 \uc99d\uac00\uc2dc\ud0a4\ub294 \ubcf4\ucda9\uc81c\uc785\ub2c8\ub2e4. \ud761\uc218\uc728\uc774 \ub192\uace0 \uc548\uc804\ud558\uac8c \uc0ac\uc6a9\ud560 \uc218 \uc788\uc2b5\ub2c8\ub2e4.","og_url":"https:\/\/naturalpoland.com\/ko\/je-pum\/ui-yak-pum-won-ryo\/a-mi-no-san\/keureatin-monohaireideu\/","og_site_name":"NATURAL POLAND - Hurtowy Dystrybutor Surowc\u00f3w","article_publisher":"https:\/\/www.facebook.com\/naturalpoland.b2b","article_modified_time":"2025-07-15T13:21:49+00:00","og_image":[{"width":583,"height":583,"url":"https:\/\/naturalpoland.com\/wp-content\/uploads\/creatine-monohydrate.png","type":"image\/png"}],"schema":{"@context":"https:\/\/schema.org","@graph":[{"@type":"WebPage","@id":"https:\/\/naturalpoland.com\/ko\/je-pum\/ui-yak-pum-won-ryo\/a-mi-no-san\/keureatin-monohaireideu\/","url":"https:\/\/naturalpoland.com\/ko\/je-pum\/ui-yak-pum-won-ryo\/a-mi-no-san\/keureatin-monohaireideu\/","name":"\ud06c\ub808\uc544\ud2f4 \ubaa8\ub178\ud558\uc774\ub4dc\ub808\uc774\ud2b8 - NATURAL POLAND - Hurtowy Dystrybutor Surowc\u00f3w","isPartOf":{"@id":"https:\/\/naturalpoland.com\/ko\/#website"},"primaryImageOfPage":{"@id":"https:\/\/naturalpoland.com\/ko\/je-pum\/ui-yak-pum-won-ryo\/a-mi-no-san\/keureatin-monohaireideu\/#primaryimage"},"image":{"@id":"https:\/\/naturalpoland.com\/ko\/je-pum\/ui-yak-pum-won-ryo\/a-mi-no-san\/keureatin-monohaireideu\/#primaryimage"},"thumbnailUrl":"https:\/\/naturalpoland.com\/wp-content\/uploads\/creatine-monohydrate.png","datePublished":"2023-07-18T09:33:40+00:00","dateModified":"2025-07-15T13:21:49+00:00","description":"\ubbf8\ubd84\ud654 \ud06c\ub808\uc544\ud2f4 \ubaa8\ub178\ud558\uc774\ub4dc\ub808\uc774\ud2b8\ub294 \uadfc\ub825, \uc9c0\uad6c\ub825 \ubc0f \uadfc\uc721\ub7c9\uc744 \uc99d\uac00\uc2dc\ud0a4\ub294 \ubcf4\ucda9\uc81c\uc785\ub2c8\ub2e4. \ud761\uc218\uc728\uc774 \ub192\uace0 \uc548\uc804\ud558\uac8c \uc0ac\uc6a9\ud560 \uc218 \uc788\uc2b5\ub2c8\ub2e4.","breadcrumb":{"@id":"https:\/\/naturalpoland.com\/ko\/je-pum\/ui-yak-pum-won-ryo\/a-mi-no-san\/keureatin-monohaireideu\/#breadcrumb"},"inLanguage":"ko-KR","potentialAction":[{"@type":"ReadAction","target":["https:\/\/naturalpoland.com\/ko\/je-pum\/ui-yak-pum-won-ryo\/a-mi-no-san\/keureatin-monohaireideu\/"]}]},{"@type":"ImageObject","inLanguage":"ko-KR","@id":"https:\/\/naturalpoland.com\/ko\/je-pum\/ui-yak-pum-won-ryo\/a-mi-no-san\/keureatin-monohaireideu\/#primaryimage","url":"https:\/\/naturalpoland.com\/wp-content\/uploads\/creatine-monohydrate.png","contentUrl":"https:\/\/naturalpoland.com\/wp-content\/uploads\/creatine-monohydrate.png","width":583,"height":583,"caption":"monohydrat kreatyny"},{"@type":"BreadcrumbList","@id":"https:\/\/naturalpoland.com\/ko\/je-pum\/ui-yak-pum-won-ryo\/a-mi-no-san\/keureatin-monohaireideu\/#breadcrumb","itemListElement":[{"@type":"ListItem","position":1,"name":"\ud648","item":"https:\/\/naturalpoland.com\/ko\/"},{"@type":"ListItem","position":2,"name":"\uc81c\ud488","item":"https:\/\/naturalpoland.com\/ko\/%ec%a0%9c%ed%92%88\/"},{"@type":"ListItem","position":3,"name":"\ud06c\ub808\uc544\ud2f4 \ubaa8\ub178\ud558\uc774\ub4dc\ub808\uc774\ud2b8"}]},{"@type":"WebSite","@id":"https:\/\/naturalpoland.com\/ko\/#website","url":"https:\/\/naturalpoland.com\/ko\/","name":"NATURAL POLAND - Hurtowy Dystrybutor Surowc\u00f3w","description":"Surowce dla przemys\u0142u spo\u017cywczego, kosmetycznego i farmaceutycznego","publisher":{"@id":"https:\/\/naturalpoland.com\/ko\/#organization"},"potentialAction":[{"@type":"SearchAction","target":{"@type":"EntryPoint","urlTemplate":"https:\/\/naturalpoland.com\/ko\/?s={search_term_string}"},"query-input":{"@type":"PropertyValueSpecification","valueRequired":true,"valueName":"search_term_string"}}],"inLanguage":"ko-KR"},{"@type":"Organization","@id":"https:\/\/naturalpoland.com\/ko\/#organization","name":"Natural Poland","url":"https:\/\/naturalpoland.com\/ko\/","logo":{"@type":"ImageObject","inLanguage":"ko-KR","@id":"https:\/\/naturalpoland.com\/ko\/#\/schema\/logo\/image\/","url":"https:\/\/naturalpoland.com\/wp-content\/uploads\/2021\/05\/natural-poland-icon.png","contentUrl":"https:\/\/naturalpoland.com\/wp-content\/uploads\/2021\/05\/natural-poland-icon.png","width":512,"height":512,"caption":"Natural Poland"},"image":{"@id":"https:\/\/naturalpoland.com\/ko\/#\/schema\/logo\/image\/"},"sameAs":["https:\/\/www.facebook.com\/naturalpoland.b2b","https:\/\/pl.linkedin.com\/company\/natural-poland","https:\/\/www.youtube.com\/channel\/UCgeGGkvOMahZo-xu_MSEWxg"]}]}},"_links":{"self":[{"href":"https:\/\/naturalpoland.com\/ko\/wp-json\/wp\/v2\/product\/41935","targetHints":{"allow":["GET"]}}],"collection":[{"href":"https:\/\/naturalpoland.com\/ko\/wp-json\/wp\/v2\/product"}],"about":[{"href":"https:\/\/naturalpoland.com\/ko\/wp-json\/wp\/v2\/types\/product"}],"wp:featuredmedia":[{"embeddable":true,"href":"https:\/\/naturalpoland.com\/ko\/wp-json\/wp\/v2\/media\/41940"}],"wp:attachment":[{"href":"https:\/\/naturalpoland.com\/ko\/wp-json\/wp\/v2\/media?parent=41935"}],"wp:term":[{"taxonomy":"product_brand","embeddable":true,"href":"https:\/\/naturalpoland.com\/ko\/wp-json\/wp\/v2\/product_brand?post=41935"},{"taxonomy":"product_cat","embeddable":true,"href":"https:\/\/naturalpoland.com\/ko\/wp-json\/wp\/v2\/product_cat?post=41935"},{"taxonomy":"product_tag","embeddable":true,"href":"https:\/\/naturalpoland.com\/ko\/wp-json\/wp\/v2\/product_tag?post=41935"}],"curies":[{"name":"wp","href":"https:\/\/api.w.org\/{rel}","templated":true}]}}