{"id":41937,"date":"2021-05-11T13:45:44","date_gmt":"2021-05-11T11:45:44","guid":{"rendered":"https:\/\/naturalpoland.com\/produkty\/uncategorized\/l-%ec%98%a4%eb%a5%b4%eb%8b%88%ed%8b%b4-%ec%97%bc%ec%82%b0%ec%97%bc\/"},"modified":"2025-07-15T15:24:04","modified_gmt":"2025-07-15T13:24:04","slug":"l-oreunitin-yeomsanyeom","status":"publish","type":"product","link":"https:\/\/naturalpoland.com\/ko\/je-pum\/ui-yak-pum-won-ryo\/a-mi-no-san\/l-oreunitin-yeomsanyeom\/","title":{"rendered":"L-\uc624\ub974\ub2c8\ud2f4 \uc5fc\uc0b0\uc5fc"},"content":{"rendered":"<p>\uc554\ubaa8\ub2c8\uc544:<br \/>\n\uc774 \uc5fc\uc0b0\uc5fc\uc740 \uaca9\ub82c\ud558\uace0 \uc7a5\uae30\uac04\uc758 \uc2e0\uccb4 \ud65c\ub3d9\uc73c\ub85c \uc778\ud574 \ubc1c\uc0dd\ud560 \uc218 \uc788\ub294 \uccb4\ub0b4 \uc554\ubaa8\ub2c8\uc544 \ubc30\ucd9c\uc744 \ud06c\uac8c \ucd09\uc9c4\ud569\ub2c8\ub2e4. \uc774\ub294 \uc6b4\ub3d9 \ud6c4 \uc2e0\uccb4 \ud68c\ubcf5 \uacfc\uc815\uc744 \uac00\uc18d\ud654\ud558\uace0 \ud53c\ub85c\uac10\uc744 \uc904\uc774\ub294 \ub370 \uae30\uc5ec\ud569\ub2c8\ub2e4. L-\uc624\ub974\ub2c8\ud2f4\uc740 \ucf54\ub974\ud2f0\uc194 \uc218\uce58\ub97c \ub0ae\ucdb0 \uc815\uc2e0\uc801, \uc2e0\uccb4\uc801 \uae34\uc7a5 \uc218\uc900\uc744 \uac10\uc18c\uc2dc\ud0b5\ub2c8\ub2e4. \ub610\ud55c \uc218\uba74\uc758 \uc9c8\uc744 \uac1c\uc120\ud558\uae30 \uc704\ud574 \ucde8\uce68 \uc804\uc5d0 \uc0ac\uc6a9\ud560 \uc218\ub3c4 \uc788\uc2b5\ub2c8\ub2e4.<\/p>\n","protected":false},"excerpt":{"rendered":"<p><strong>L-\uc624\ub974\ub2c8\ud2f4<\/strong>\uc740 \uc624\ub974\ub2c8\ud2f4 \ud68c\ub85c(\uc694\uc18c \ud06c\ub819\uc2a4 \ud68c\ub85c) \ubc0f \uae30\ud0c0 \uc5ec\ub7ec \ub300\uc0ac \uacfc\uc815\uc5d0\uc11c \ud575\uc2ec\uc801\uc778 \uc5ed\ud560\uc744 \ud569\ub2c8\ub2e4. L-\uc624\ub974\ub2c8\ud2f4\uc740 \uac04 \uae30\ub2a5\uc744 \ub3d5\uace0, \uc18c\ud654 \ud6a8\uc18c\ub97c \ud65c\uc131\ud654\ud558\uba70, \uc7a5 \uae30\ub2a5\uc744 \uac1c\uc120\ud569\ub2c8\ub2e4. \uc774\ub97c \ud1b5\ud574 \uc18c\ud654\ub97c \ucd09\uc9c4\ud558\uace0 \uc9c0\ubc29 \ub300\uc0ac\ub97c \uac00\uc18d\ud654\ud569\ub2c8\ub2e4.<\/p>\n","protected":false},"featured_media":43346,"template":"","meta":{"_acf_changed":false},"product_brand":[],"product_cat":[8142],"product_tag":[],"class_list":{"0":"post-41937","1":"product","2":"type-product","3":"status-publish","4":"has-post-thumbnail","6":"product_cat-a-mi-no-san","8":"first","9":"instock","10":"shipping-taxable","11":"product-type-simple"},"acf":[],"yoast_head":"<!-- This site is optimized with the Yoast SEO plugin v27.4 - https:\/\/yoast.com\/product\/yoast-seo-wordpress\/ -->\n<title>L-\uc624\ub974\ub2c8\ud2f4 \uc5fc\uc0b0\uc5fc - Hurtowy Dystrybutor<\/title>\n<meta name=\"robots\" content=\"index, follow, max-snippet:-1, max-image-preview:large, max-video-preview:-1\" \/>\n<link rel=\"canonical\" href=\"https:\/\/naturalpoland.com\/ko\/je-pum\/ui-yak-pum-won-ryo\/a-mi-no-san\/l-oreunitin-yeomsanyeom\/\" \/>\n<meta property=\"og:locale\" content=\"ko_KR\" \/>\n<meta property=\"og:type\" content=\"article\" \/>\n<meta property=\"og:title\" content=\"L-\uc624\ub974\ub2c8\ud2f4 \uc5fc\uc0b0\uc5fc - Hurtowy Dystrybutor\" \/>\n<meta property=\"og:description\" content=\"L-\uc624\ub974\ub2c8\ud2f4\uc740 \uc624\ub974\ub2c8\ud2f4 \ud68c\ub85c(\uc694\uc18c \ud06c\ub819\uc2a4 \ud68c\ub85c) \ubc0f \uae30\ud0c0 \uc5ec\ub7ec \ub300\uc0ac \uacfc\uc815\uc5d0\uc11c \ud575\uc2ec\uc801\uc778 \uc5ed\ud560\uc744 \ud569\ub2c8\ub2e4. L-\uc624\ub974\ub2c8\ud2f4\uc740 \uac04 \uae30\ub2a5\uc744 \ub3d5\uace0, \uc18c\ud654 \ud6a8\uc18c\ub97c \ud65c\uc131\ud654\ud558\uba70, \uc7a5 \uae30\ub2a5\uc744 \uac1c\uc120\ud569\ub2c8\ub2e4. \uc774\ub97c \ud1b5\ud574 \uc18c\ud654\ub97c \ucd09\uc9c4\ud558\uace0 \uc9c0\ubc29 \ub300\uc0ac\ub97c \uac00\uc18d\ud654\ud569\ub2c8\ub2e4.\" \/>\n<meta property=\"og:url\" content=\"https:\/\/naturalpoland.com\/ko\/je-pum\/ui-yak-pum-won-ryo\/a-mi-no-san\/l-oreunitin-yeomsanyeom\/\" \/>\n<meta property=\"og:site_name\" content=\"NATURAL POLAND - Hurtowy Dystrybutor Surowc\u00f3w\" \/>\n<meta property=\"article:publisher\" content=\"https:\/\/www.facebook.com\/naturalpoland.b2b\" \/>\n<meta property=\"article:modified_time\" content=\"2025-07-15T13:24:04+00:00\" \/>\n<meta property=\"og:image\" content=\"https:\/\/naturalpoland.com\/wp-content\/uploads\/l-ornityna.webp\" \/>\n\t<meta property=\"og:image:width\" content=\"1024\" \/>\n\t<meta property=\"og:image:height\" content=\"1024\" \/>\n\t<meta property=\"og:image:type\" content=\"image\/webp\" \/>\n<script type=\"application\/ld+json\" class=\"yoast-schema-graph\">{\"@context\":\"https:\\\/\\\/schema.org\",\"@graph\":[{\"@type\":\"WebPage\",\"@id\":\"https:\\\/\\\/naturalpoland.com\\\/ko\\\/je-pum\\\/ui-yak-pum-won-ryo\\\/a-mi-no-san\\\/l-oreunitin-yeomsanyeom\\\/\",\"url\":\"https:\\\/\\\/naturalpoland.com\\\/ko\\\/je-pum\\\/ui-yak-pum-won-ryo\\\/a-mi-no-san\\\/l-oreunitin-yeomsanyeom\\\/\",\"name\":\"L-\uc624\ub974\ub2c8\ud2f4 \uc5fc\uc0b0\uc5fc - Hurtowy Dystrybutor\",\"isPartOf\":{\"@id\":\"https:\\\/\\\/naturalpoland.com\\\/ko\\\/#website\"},\"primaryImageOfPage\":{\"@id\":\"https:\\\/\\\/naturalpoland.com\\\/ko\\\/je-pum\\\/ui-yak-pum-won-ryo\\\/a-mi-no-san\\\/l-oreunitin-yeomsanyeom\\\/#primaryimage\"},\"image\":{\"@id\":\"https:\\\/\\\/naturalpoland.com\\\/ko\\\/je-pum\\\/ui-yak-pum-won-ryo\\\/a-mi-no-san\\\/l-oreunitin-yeomsanyeom\\\/#primaryimage\"},\"thumbnailUrl\":\"https:\\\/\\\/naturalpoland.com\\\/wp-content\\\/uploads\\\/l-ornityna.webp\",\"datePublished\":\"2021-05-11T11:45:44+00:00\",\"dateModified\":\"2025-07-15T13:24:04+00:00\",\"breadcrumb\":{\"@id\":\"https:\\\/\\\/naturalpoland.com\\\/ko\\\/je-pum\\\/ui-yak-pum-won-ryo\\\/a-mi-no-san\\\/l-oreunitin-yeomsanyeom\\\/#breadcrumb\"},\"inLanguage\":\"ko-KR\",\"potentialAction\":[{\"@type\":\"ReadAction\",\"target\":[\"https:\\\/\\\/naturalpoland.com\\\/ko\\\/je-pum\\\/ui-yak-pum-won-ryo\\\/a-mi-no-san\\\/l-oreunitin-yeomsanyeom\\\/\"]}]},{\"@type\":\"ImageObject\",\"inLanguage\":\"ko-KR\",\"@id\":\"https:\\\/\\\/naturalpoland.com\\\/ko\\\/je-pum\\\/ui-yak-pum-won-ryo\\\/a-mi-no-san\\\/l-oreunitin-yeomsanyeom\\\/#primaryimage\",\"url\":\"https:\\\/\\\/naturalpoland.com\\\/wp-content\\\/uploads\\\/l-ornityna.webp\",\"contentUrl\":\"https:\\\/\\\/naturalpoland.com\\\/wp-content\\\/uploads\\\/l-ornityna.webp\",\"width\":1024,\"height\":1024,\"caption\":\"l-ornityna w postaci proszku\"},{\"@type\":\"BreadcrumbList\",\"@id\":\"https:\\\/\\\/naturalpoland.com\\\/ko\\\/je-pum\\\/ui-yak-pum-won-ryo\\\/a-mi-no-san\\\/l-oreunitin-yeomsanyeom\\\/#breadcrumb\",\"itemListElement\":[{\"@type\":\"ListItem\",\"position\":1,\"name\":\"\ud648\",\"item\":\"https:\\\/\\\/naturalpoland.com\\\/ko\\\/\"},{\"@type\":\"ListItem\",\"position\":2,\"name\":\"\uc81c\ud488\",\"item\":\"https:\\\/\\\/naturalpoland.com\\\/ko\\\/%ec%a0%9c%ed%92%88\\\/\"},{\"@type\":\"ListItem\",\"position\":3,\"name\":\"L-\uc624\ub974\ub2c8\ud2f4 \uc5fc\uc0b0\uc5fc\"}]},{\"@type\":\"WebSite\",\"@id\":\"https:\\\/\\\/naturalpoland.com\\\/ko\\\/#website\",\"url\":\"https:\\\/\\\/naturalpoland.com\\\/ko\\\/\",\"name\":\"NATURAL POLAND - Hurtowy Dystrybutor Surowc\u00f3w\",\"description\":\"Surowce dla przemys\u0142u spo\u017cywczego, kosmetycznego i farmaceutycznego\",\"publisher\":{\"@id\":\"https:\\\/\\\/naturalpoland.com\\\/ko\\\/#organization\"},\"potentialAction\":[{\"@type\":\"SearchAction\",\"target\":{\"@type\":\"EntryPoint\",\"urlTemplate\":\"https:\\\/\\\/naturalpoland.com\\\/ko\\\/?s={search_term_string}\"},\"query-input\":{\"@type\":\"PropertyValueSpecification\",\"valueRequired\":true,\"valueName\":\"search_term_string\"}}],\"inLanguage\":\"ko-KR\"},{\"@type\":\"Organization\",\"@id\":\"https:\\\/\\\/naturalpoland.com\\\/ko\\\/#organization\",\"name\":\"Natural Poland\",\"url\":\"https:\\\/\\\/naturalpoland.com\\\/ko\\\/\",\"logo\":{\"@type\":\"ImageObject\",\"inLanguage\":\"ko-KR\",\"@id\":\"https:\\\/\\\/naturalpoland.com\\\/ko\\\/#\\\/schema\\\/logo\\\/image\\\/\",\"url\":\"https:\\\/\\\/naturalpoland.com\\\/wp-content\\\/uploads\\\/2021\\\/05\\\/natural-poland-icon.png\",\"contentUrl\":\"https:\\\/\\\/naturalpoland.com\\\/wp-content\\\/uploads\\\/2021\\\/05\\\/natural-poland-icon.png\",\"width\":512,\"height\":512,\"caption\":\"Natural Poland\"},\"image\":{\"@id\":\"https:\\\/\\\/naturalpoland.com\\\/ko\\\/#\\\/schema\\\/logo\\\/image\\\/\"},\"sameAs\":[\"https:\\\/\\\/www.facebook.com\\\/naturalpoland.b2b\",\"https:\\\/\\\/pl.linkedin.com\\\/company\\\/natural-poland\",\"https:\\\/\\\/www.youtube.com\\\/channel\\\/UCgeGGkvOMahZo-xu_MSEWxg\"]}]}<\/script>\n<!-- \/ Yoast SEO plugin. -->","yoast_head_json":{"title":"L-\uc624\ub974\ub2c8\ud2f4 \uc5fc\uc0b0\uc5fc - Hurtowy Dystrybutor","robots":{"index":"index","follow":"follow","max-snippet":"max-snippet:-1","max-image-preview":"max-image-preview:large","max-video-preview":"max-video-preview:-1"},"canonical":"https:\/\/naturalpoland.com\/ko\/je-pum\/ui-yak-pum-won-ryo\/a-mi-no-san\/l-oreunitin-yeomsanyeom\/","og_locale":"ko_KR","og_type":"article","og_title":"L-\uc624\ub974\ub2c8\ud2f4 \uc5fc\uc0b0\uc5fc - Hurtowy Dystrybutor","og_description":"L-\uc624\ub974\ub2c8\ud2f4\uc740 \uc624\ub974\ub2c8\ud2f4 \ud68c\ub85c(\uc694\uc18c \ud06c\ub819\uc2a4 \ud68c\ub85c) \ubc0f \uae30\ud0c0 \uc5ec\ub7ec \ub300\uc0ac \uacfc\uc815\uc5d0\uc11c \ud575\uc2ec\uc801\uc778 \uc5ed\ud560\uc744 \ud569\ub2c8\ub2e4. L-\uc624\ub974\ub2c8\ud2f4\uc740 \uac04 \uae30\ub2a5\uc744 \ub3d5\uace0, \uc18c\ud654 \ud6a8\uc18c\ub97c \ud65c\uc131\ud654\ud558\uba70, \uc7a5 \uae30\ub2a5\uc744 \uac1c\uc120\ud569\ub2c8\ub2e4. \uc774\ub97c \ud1b5\ud574 \uc18c\ud654\ub97c \ucd09\uc9c4\ud558\uace0 \uc9c0\ubc29 \ub300\uc0ac\ub97c \uac00\uc18d\ud654\ud569\ub2c8\ub2e4.","og_url":"https:\/\/naturalpoland.com\/ko\/je-pum\/ui-yak-pum-won-ryo\/a-mi-no-san\/l-oreunitin-yeomsanyeom\/","og_site_name":"NATURAL POLAND - Hurtowy Dystrybutor Surowc\u00f3w","article_publisher":"https:\/\/www.facebook.com\/naturalpoland.b2b","article_modified_time":"2025-07-15T13:24:04+00:00","og_image":[{"width":1024,"height":1024,"url":"https:\/\/naturalpoland.com\/wp-content\/uploads\/l-ornityna.webp","type":"image\/webp"}],"schema":{"@context":"https:\/\/schema.org","@graph":[{"@type":"WebPage","@id":"https:\/\/naturalpoland.com\/ko\/je-pum\/ui-yak-pum-won-ryo\/a-mi-no-san\/l-oreunitin-yeomsanyeom\/","url":"https:\/\/naturalpoland.com\/ko\/je-pum\/ui-yak-pum-won-ryo\/a-mi-no-san\/l-oreunitin-yeomsanyeom\/","name":"L-\uc624\ub974\ub2c8\ud2f4 \uc5fc\uc0b0\uc5fc - Hurtowy Dystrybutor","isPartOf":{"@id":"https:\/\/naturalpoland.com\/ko\/#website"},"primaryImageOfPage":{"@id":"https:\/\/naturalpoland.com\/ko\/je-pum\/ui-yak-pum-won-ryo\/a-mi-no-san\/l-oreunitin-yeomsanyeom\/#primaryimage"},"image":{"@id":"https:\/\/naturalpoland.com\/ko\/je-pum\/ui-yak-pum-won-ryo\/a-mi-no-san\/l-oreunitin-yeomsanyeom\/#primaryimage"},"thumbnailUrl":"https:\/\/naturalpoland.com\/wp-content\/uploads\/l-ornityna.webp","datePublished":"2021-05-11T11:45:44+00:00","dateModified":"2025-07-15T13:24:04+00:00","breadcrumb":{"@id":"https:\/\/naturalpoland.com\/ko\/je-pum\/ui-yak-pum-won-ryo\/a-mi-no-san\/l-oreunitin-yeomsanyeom\/#breadcrumb"},"inLanguage":"ko-KR","potentialAction":[{"@type":"ReadAction","target":["https:\/\/naturalpoland.com\/ko\/je-pum\/ui-yak-pum-won-ryo\/a-mi-no-san\/l-oreunitin-yeomsanyeom\/"]}]},{"@type":"ImageObject","inLanguage":"ko-KR","@id":"https:\/\/naturalpoland.com\/ko\/je-pum\/ui-yak-pum-won-ryo\/a-mi-no-san\/l-oreunitin-yeomsanyeom\/#primaryimage","url":"https:\/\/naturalpoland.com\/wp-content\/uploads\/l-ornityna.webp","contentUrl":"https:\/\/naturalpoland.com\/wp-content\/uploads\/l-ornityna.webp","width":1024,"height":1024,"caption":"l-ornityna w postaci proszku"},{"@type":"BreadcrumbList","@id":"https:\/\/naturalpoland.com\/ko\/je-pum\/ui-yak-pum-won-ryo\/a-mi-no-san\/l-oreunitin-yeomsanyeom\/#breadcrumb","itemListElement":[{"@type":"ListItem","position":1,"name":"\ud648","item":"https:\/\/naturalpoland.com\/ko\/"},{"@type":"ListItem","position":2,"name":"\uc81c\ud488","item":"https:\/\/naturalpoland.com\/ko\/%ec%a0%9c%ed%92%88\/"},{"@type":"ListItem","position":3,"name":"L-\uc624\ub974\ub2c8\ud2f4 \uc5fc\uc0b0\uc5fc"}]},{"@type":"WebSite","@id":"https:\/\/naturalpoland.com\/ko\/#website","url":"https:\/\/naturalpoland.com\/ko\/","name":"NATURAL POLAND - Hurtowy Dystrybutor Surowc\u00f3w","description":"Surowce dla przemys\u0142u spo\u017cywczego, kosmetycznego i farmaceutycznego","publisher":{"@id":"https:\/\/naturalpoland.com\/ko\/#organization"},"potentialAction":[{"@type":"SearchAction","target":{"@type":"EntryPoint","urlTemplate":"https:\/\/naturalpoland.com\/ko\/?s={search_term_string}"},"query-input":{"@type":"PropertyValueSpecification","valueRequired":true,"valueName":"search_term_string"}}],"inLanguage":"ko-KR"},{"@type":"Organization","@id":"https:\/\/naturalpoland.com\/ko\/#organization","name":"Natural Poland","url":"https:\/\/naturalpoland.com\/ko\/","logo":{"@type":"ImageObject","inLanguage":"ko-KR","@id":"https:\/\/naturalpoland.com\/ko\/#\/schema\/logo\/image\/","url":"https:\/\/naturalpoland.com\/wp-content\/uploads\/2021\/05\/natural-poland-icon.png","contentUrl":"https:\/\/naturalpoland.com\/wp-content\/uploads\/2021\/05\/natural-poland-icon.png","width":512,"height":512,"caption":"Natural Poland"},"image":{"@id":"https:\/\/naturalpoland.com\/ko\/#\/schema\/logo\/image\/"},"sameAs":["https:\/\/www.facebook.com\/naturalpoland.b2b","https:\/\/pl.linkedin.com\/company\/natural-poland","https:\/\/www.youtube.com\/channel\/UCgeGGkvOMahZo-xu_MSEWxg"]}]}},"_links":{"self":[{"href":"https:\/\/naturalpoland.com\/ko\/wp-json\/wp\/v2\/product\/41937","targetHints":{"allow":["GET"]}}],"collection":[{"href":"https:\/\/naturalpoland.com\/ko\/wp-json\/wp\/v2\/product"}],"about":[{"href":"https:\/\/naturalpoland.com\/ko\/wp-json\/wp\/v2\/types\/product"}],"wp:featuredmedia":[{"embeddable":true,"href":"https:\/\/naturalpoland.com\/ko\/wp-json\/wp\/v2\/media\/43346"}],"wp:attachment":[{"href":"https:\/\/naturalpoland.com\/ko\/wp-json\/wp\/v2\/media?parent=41937"}],"wp:term":[{"taxonomy":"product_brand","embeddable":true,"href":"https:\/\/naturalpoland.com\/ko\/wp-json\/wp\/v2\/product_brand?post=41937"},{"taxonomy":"product_cat","embeddable":true,"href":"https:\/\/naturalpoland.com\/ko\/wp-json\/wp\/v2\/product_cat?post=41937"},{"taxonomy":"product_tag","embeddable":true,"href":"https:\/\/naturalpoland.com\/ko\/wp-json\/wp\/v2\/product_tag?post=41937"}],"curies":[{"name":"wp","href":"https:\/\/api.w.org\/{rel}","templated":true}]}}