{"id":41939,"date":"2021-05-11T13:45:45","date_gmt":"2021-05-11T11:45:45","guid":{"rendered":"https:\/\/naturalpoland.com\/produkty\/uncategorized\/l-%ed%8b%b0%eb%a1%9c%ec%8b%a0\/"},"modified":"2025-07-15T15:23:21","modified_gmt":"2025-07-15T13:23:21","slug":"l-tirosin","status":"publish","type":"product","link":"https:\/\/naturalpoland.com\/ko\/je-pum\/ui-yak-pum-won-ryo\/a-mi-no-san\/l-tirosin\/","title":{"rendered":"L-\ud2f0\ub85c\uc2e0"},"content":{"rendered":"<p>L-\ud2f0\ub85c\uc2e0\uc740 \ub3c4\ud30c\ubbfc, \uc544\ub4dc\ub808\ub0a0\ub9b0, \ub178\ub974\uc544\ub4dc\ub808\ub0a0\ub9b0\uacfc \uac19\uc740 \uc2e0\uacbd\uc804\ub2ec\ubb3c\uc9c8\uc758 \uc804\uad6c\uccb4\uc785\ub2c8\ub2e4. \uc774 \ubb3c\uc9c8\ub4e4\uc740 \uae30\ubd84 \uc870\uc808, \uc5d0\ub108\uc9c0 \uc218\uc900 \uc99d\uac00, \uc9d1\uc911\ub825 \ud5a5\uc0c1, \ud53c\ub85c\uac10 \uac10\uc18c\uc5d0 \uadfc\ubcf8\uc801\uc778 \uc5ed\ud560\uc744 \ud569\ub2c8\ub2e4. \ud2f0\ub85c\uc2e0\uc740 \ub610\ud55c \uc2e0\uc9c4\ub300\uc0ac\ub97c \uc870\uc808\ud558\ub294 \uac11\uc0c1\uc120 \ud638\ub974\ubaac\uc778 \ud2f0\ub85d\uc2e0\uacfc \ud2b8\ub9ac\uc694\uc624\ub4dc\ud2f0\ub85c\ub2cc \uc0dd\uc0b0\uc5d0 \ucc38\uc5ec\ud558\uc5ec \uac11\uc0c1\uc120 \uae30\ub2a5\uc744 \uc9c0\uc6d0\ud569\ub2c8\ub2e4.<\/p>\n<h2>L-\ud2f0\ub85c\uc2e0 \ubcf4\ucda9\uc81c<\/h2>\n<p>L-\ud2f0\ub85c\uc2e0 \ubcf4\ucda9\uc81c\ub294 \uc2e0\uccb4\uc801, \uc815\uc2e0\uc801 \uc9c0\uad6c\ub825\uc744 \ub192\uc774\ub294 \ub370 \ub3c4\uc6c0\uc774 \ub429\ub2c8\ub2e4. \uc774\ub97c \ud1b5\ud574 \uc2e0\uccb4\ub294 \uc2a4\ud2b8\ub808\uc2a4\uc640 \ud6c8\ub828 \uc911 \uc99d\uac00\ub41c \ub178\ub825\uc5d0 \ub354 \ube68\ub9ac \uc801\uc751\ud569\ub2c8\ub2e4. \ub610\ud55c \uc2e0\uc9c4\ub300\uc0ac \uacfc\uc815\uc744 \uc9c0\uc6d0\ud558\uace0 \uccb4\uc9c0\ubc29 \uac10\uc18c\uc5d0 \ub3c4\uc6c0\uc774 \ub429\ub2c8\ub2e4.<\/p>\n<p>L-\ud2f0\ub85c\uc2e0\uc740 \ub610\ud55c \uac11\uc0c1\uc120\uc774 \uc81c\ub300\ub85c \uae30\ub2a5\ud558\uace0 \uc2e0\uccb4\uac00 \ud638\ub974\ubaac\uc744 \uc0dd\uc0b0\ud558\ub294 \ub370 \ub3c4\uc6c0\uc774 \ub429\ub2c8\ub2e4. \ubd80\uc871\ud558\uba74 \uc6b0\uc6b8\uc99d, \ud53c\ub85c, \uc1e0\uc57d\uc73c\ub85c \uc774\uc5b4\uc9c8 \uc218 \uc788\uc2b5\ub2c8\ub2e4.<\/p>\n<h2>L-\ud2f0\ub85c\uc2e0\uc758 \uae08\uae30 \uc0ac\ud56d \ubc0f \ubd80\uc791\uc6a9<\/h2>\n<p>L-\ud2f0\ub85c\uc2e0\uc740 \uc2e0\uccb4\uc5d0 \uc798 \ud761\uc218\ub418\uc9c0\ub9cc \uc7a5\uae30\uac04 \ubcf4\ucda9\uc740 \uad8c\uc7a5\ub418\uc9c0 \uc54a\uc2b5\ub2c8\ub2e4. \uacfc\ub3c4\ud55c \uc12d\ucde8\ub294 \uacfc\ub3c4\ud55c \uc2e0\uacbd\uacfc\ubbfc, \uacfc\ubbfc\uc131\uc744 \uc720\ubc1c\ud560 \uc218 \uc788\uc73c\uba70, \uadf9\ub2e8\uc801\uc778 \uacbd\uc6b0\uc5d0\ub294 \uae30\ubd84 \uc800\ud558\ub85c \uc774\uc5b4\uc9c8 \uc218 \uc788\uc2b5\ub2c8\ub2e4. \uc774 \uc81c\ud488\uc740 \uc784\uc0b0\ubd80, \uc218\uc720\ubd80, \uac11\uc0c1\uc120 \uc9c8\ud658\uc774 \uc788\ub294 \uc0ac\ub78c\uc5d0\uac8c\ub294 \uad8c\uc7a5\ub418\uc9c0 \uc54a\uc2b5\ub2c8\ub2e4.<\/p>\n<hr \/>\n<p>\ub2f9\uc0ac \uc81c\ud488\uc740 USP32 \ud45c\uc900\uc744 \ucda9\uc871\ud558\ub294 99.6%\uc758 \ub192\uc740 \uc21c\ub3c4\ub97c \ud2b9\uc9d5\uc73c\ub85c \ud569\ub2c8\ub2e4. \uc911\uae08\uc18d\uc744 \ud3ec\ud568\ud55c \uc624\uc5fc \ubb3c\uc9c8\uc774 \uc5c6\uace0 \uc801\uc808\ud55c \ubbf8\ub124\ub784 \ud568\ub7c9\uc744 \ud655\uc778\ud558\ub294 \uc5c4\uaca9\ud55c \ud488\uc9c8 \ud14c\uc2a4\ud2b8\ub97c \uac70\ucce4\uc2b5\ub2c8\ub2e4.<\/p>\n","protected":false},"excerpt":{"rendered":"<p><strong>L-\ud2f0\ub85c\uc2e0<\/strong>\uc740 \ud544\uc218 \uc544\ubbf8\ub178\uc0b0\uc73c\ub85c, \ud2f0\ub85c\uc2e0\uc758 \uc88c\uc120\uc131 \uc774\uc131\uc9c8\uccb4\uc785\ub2c8\ub2e4. \ub610\ud55c \uccb4\ub0b4\uc5d0\uc11c \ud398\ub2d0\uc54c\ub77c\ub2cc\uc73c\ub85c\ubd80\ud130 \uc2a4\uc2a4\ub85c \ud569\uc131\ud560 \uc218 \uc788\ub294 \ub0b4\uc778\uc131 \uc544\ubbf8\ub178\uc0b0\uc774\uc9c0\ub9cc, \ub3d9\uc2dc\uc5d0 \uc2dd\ub2e8\uc744 \ud1b5\ud574 \uc12d\ucde8\ud558\ub294 \uac83\uc774 \uc88b\uc2b5\ub2c8\ub2e4. L-\ud2f0\ub85c\uc2e0\uc740 \uc721\ub958, \uc0dd\uc120, \uacc4\ub780, \uc720\uc81c\ud488, \uc77c\ubd80 \ucf69\ub958 \ubc0f \uacac\uacfc\ub958\uc640 \uac19\uc740 \ub2e8\ubc31\uc9c8\uc774 \ud48d\ubd80\ud55c \uc2dd\ud488\uc5d0\uc11c \ucc3e\uc744 \uc218 \uc788\uc2b5\ub2c8\ub2e4.<\/p>\n","protected":false},"featured_media":41686,"template":"","meta":[],"product_brand":[],"product_cat":[8142],"product_tag":[],"class_list":{"0":"post-41939","1":"product","2":"type-product","3":"status-publish","4":"has-post-thumbnail","6":"product_cat-a-mi-no-san","8":"first","9":"instock","10":"shipping-taxable","11":"product-type-simple"},"yoast_head":"<!-- This site is optimized with the Yoast SEO plugin v27.3 - https:\/\/yoast.com\/product\/yoast-seo-wordpress\/ -->\n<title>L-\ud2f0\ub85c\uc2e0 - NATURAL POLAND - Hurtowy Dystrybutor Surowc\u00f3w<\/title>\n<meta name=\"description\" content=\"L-\ud2f0\ub85c\uc2e0\uc740 \uc9d1\uc911\ub825 \ud5a5\uc0c1, \uc2a4\ud2b8\ub808\uc2a4 \uc800\ud56d\ub825 \uac15\ud654, \uc2e0\uc9c4\ub300\uc0ac \uacfc\uc815 \uc9c0\uc6d0\uc744 \uc6d0\ud558\ub294 \uc0ac\ub78c\ub4e4\uc5d0\uac8c \ud6cc\ub96d\ud55c \uc9c0\uc6d0\uc744 \uc81c\uacf5\ud569\ub2c8\ub2e4.\" \/>\n<meta name=\"robots\" content=\"index, follow, max-snippet:-1, max-image-preview:large, max-video-preview:-1\" \/>\n<link rel=\"canonical\" href=\"https:\/\/naturalpoland.com\/ko\/je-pum\/ui-yak-pum-won-ryo\/a-mi-no-san\/l-tirosin\/\" \/>\n<meta property=\"og:locale\" content=\"ko_KR\" \/>\n<meta property=\"og:type\" content=\"article\" \/>\n<meta property=\"og:title\" content=\"L-\ud2f0\ub85c\uc2e0 - NATURAL POLAND - Hurtowy Dystrybutor Surowc\u00f3w\" \/>\n<meta property=\"og:description\" content=\"L-\ud2f0\ub85c\uc2e0\uc740 \uc9d1\uc911\ub825 \ud5a5\uc0c1, \uc2a4\ud2b8\ub808\uc2a4 \uc800\ud56d\ub825 \uac15\ud654, \uc2e0\uc9c4\ub300\uc0ac \uacfc\uc815 \uc9c0\uc6d0\uc744 \uc6d0\ud558\ub294 \uc0ac\ub78c\ub4e4\uc5d0\uac8c \ud6cc\ub96d\ud55c \uc9c0\uc6d0\uc744 \uc81c\uacf5\ud569\ub2c8\ub2e4.\" \/>\n<meta property=\"og:url\" content=\"https:\/\/naturalpoland.com\/ko\/je-pum\/ui-yak-pum-won-ryo\/a-mi-no-san\/l-tirosin\/\" \/>\n<meta property=\"og:site_name\" content=\"NATURAL POLAND - Hurtowy Dystrybutor Surowc\u00f3w\" \/>\n<meta property=\"article:publisher\" content=\"https:\/\/www.facebook.com\/naturalpoland.b2b\" \/>\n<meta property=\"article:modified_time\" content=\"2025-07-15T13:23:21+00:00\" \/>\n<meta property=\"og:image\" content=\"https:\/\/naturalpoland.com\/wp-content\/uploads\/l-tyrozyna.webp\" \/>\n\t<meta property=\"og:image:width\" content=\"1024\" \/>\n\t<meta property=\"og:image:height\" content=\"1024\" \/>\n\t<meta property=\"og:image:type\" content=\"image\/webp\" \/>\n<script type=\"application\/ld+json\" class=\"yoast-schema-graph\">{\"@context\":\"https:\\\/\\\/schema.org\",\"@graph\":[{\"@type\":\"WebPage\",\"@id\":\"https:\\\/\\\/naturalpoland.com\\\/ko\\\/je-pum\\\/ui-yak-pum-won-ryo\\\/a-mi-no-san\\\/l-tirosin\\\/\",\"url\":\"https:\\\/\\\/naturalpoland.com\\\/ko\\\/je-pum\\\/ui-yak-pum-won-ryo\\\/a-mi-no-san\\\/l-tirosin\\\/\",\"name\":\"L-\ud2f0\ub85c\uc2e0 - NATURAL POLAND - Hurtowy Dystrybutor Surowc\u00f3w\",\"isPartOf\":{\"@id\":\"https:\\\/\\\/naturalpoland.com\\\/ko\\\/#website\"},\"primaryImageOfPage\":{\"@id\":\"https:\\\/\\\/naturalpoland.com\\\/ko\\\/je-pum\\\/ui-yak-pum-won-ryo\\\/a-mi-no-san\\\/l-tirosin\\\/#primaryimage\"},\"image\":{\"@id\":\"https:\\\/\\\/naturalpoland.com\\\/ko\\\/je-pum\\\/ui-yak-pum-won-ryo\\\/a-mi-no-san\\\/l-tirosin\\\/#primaryimage\"},\"thumbnailUrl\":\"https:\\\/\\\/naturalpoland.com\\\/wp-content\\\/uploads\\\/l-tyrozyna.webp\",\"datePublished\":\"2021-05-11T11:45:45+00:00\",\"dateModified\":\"2025-07-15T13:23:21+00:00\",\"description\":\"L-\ud2f0\ub85c\uc2e0\uc740 \uc9d1\uc911\ub825 \ud5a5\uc0c1, \uc2a4\ud2b8\ub808\uc2a4 \uc800\ud56d\ub825 \uac15\ud654, \uc2e0\uc9c4\ub300\uc0ac \uacfc\uc815 \uc9c0\uc6d0\uc744 \uc6d0\ud558\ub294 \uc0ac\ub78c\ub4e4\uc5d0\uac8c \ud6cc\ub96d\ud55c \uc9c0\uc6d0\uc744 \uc81c\uacf5\ud569\ub2c8\ub2e4.\",\"breadcrumb\":{\"@id\":\"https:\\\/\\\/naturalpoland.com\\\/ko\\\/je-pum\\\/ui-yak-pum-won-ryo\\\/a-mi-no-san\\\/l-tirosin\\\/#breadcrumb\"},\"inLanguage\":\"ko-KR\",\"potentialAction\":[{\"@type\":\"ReadAction\",\"target\":[\"https:\\\/\\\/naturalpoland.com\\\/ko\\\/je-pum\\\/ui-yak-pum-won-ryo\\\/a-mi-no-san\\\/l-tirosin\\\/\"]}]},{\"@type\":\"ImageObject\",\"inLanguage\":\"ko-KR\",\"@id\":\"https:\\\/\\\/naturalpoland.com\\\/ko\\\/je-pum\\\/ui-yak-pum-won-ryo\\\/a-mi-no-san\\\/l-tirosin\\\/#primaryimage\",\"url\":\"https:\\\/\\\/naturalpoland.com\\\/wp-content\\\/uploads\\\/l-tyrozyna.webp\",\"contentUrl\":\"https:\\\/\\\/naturalpoland.com\\\/wp-content\\\/uploads\\\/l-tyrozyna.webp\",\"width\":1024,\"height\":1024,\"caption\":\"L-tyrozyna w postaci proszku\"},{\"@type\":\"BreadcrumbList\",\"@id\":\"https:\\\/\\\/naturalpoland.com\\\/ko\\\/je-pum\\\/ui-yak-pum-won-ryo\\\/a-mi-no-san\\\/l-tirosin\\\/#breadcrumb\",\"itemListElement\":[{\"@type\":\"ListItem\",\"position\":1,\"name\":\"\ud648\",\"item\":\"https:\\\/\\\/naturalpoland.com\\\/ko\\\/\"},{\"@type\":\"ListItem\",\"position\":2,\"name\":\"\uc81c\ud488\",\"item\":\"https:\\\/\\\/naturalpoland.com\\\/ko\\\/%ec%a0%9c%ed%92%88\\\/\"},{\"@type\":\"ListItem\",\"position\":3,\"name\":\"L-\ud2f0\ub85c\uc2e0\"}]},{\"@type\":\"WebSite\",\"@id\":\"https:\\\/\\\/naturalpoland.com\\\/ko\\\/#website\",\"url\":\"https:\\\/\\\/naturalpoland.com\\\/ko\\\/\",\"name\":\"NATURAL POLAND - Hurtowy Dystrybutor Surowc\u00f3w\",\"description\":\"Surowce dla przemys\u0142u spo\u017cywczego, kosmetycznego i farmaceutycznego\",\"publisher\":{\"@id\":\"https:\\\/\\\/naturalpoland.com\\\/ko\\\/#organization\"},\"potentialAction\":[{\"@type\":\"SearchAction\",\"target\":{\"@type\":\"EntryPoint\",\"urlTemplate\":\"https:\\\/\\\/naturalpoland.com\\\/ko\\\/?s={search_term_string}\"},\"query-input\":{\"@type\":\"PropertyValueSpecification\",\"valueRequired\":true,\"valueName\":\"search_term_string\"}}],\"inLanguage\":\"ko-KR\"},{\"@type\":\"Organization\",\"@id\":\"https:\\\/\\\/naturalpoland.com\\\/ko\\\/#organization\",\"name\":\"Natural Poland\",\"url\":\"https:\\\/\\\/naturalpoland.com\\\/ko\\\/\",\"logo\":{\"@type\":\"ImageObject\",\"inLanguage\":\"ko-KR\",\"@id\":\"https:\\\/\\\/naturalpoland.com\\\/ko\\\/#\\\/schema\\\/logo\\\/image\\\/\",\"url\":\"https:\\\/\\\/naturalpoland.com\\\/wp-content\\\/uploads\\\/2021\\\/05\\\/natural-poland-icon.png\",\"contentUrl\":\"https:\\\/\\\/naturalpoland.com\\\/wp-content\\\/uploads\\\/2021\\\/05\\\/natural-poland-icon.png\",\"width\":512,\"height\":512,\"caption\":\"Natural Poland\"},\"image\":{\"@id\":\"https:\\\/\\\/naturalpoland.com\\\/ko\\\/#\\\/schema\\\/logo\\\/image\\\/\"},\"sameAs\":[\"https:\\\/\\\/www.facebook.com\\\/naturalpoland.b2b\",\"https:\\\/\\\/pl.linkedin.com\\\/company\\\/natural-poland\",\"https:\\\/\\\/www.youtube.com\\\/channel\\\/UCgeGGkvOMahZo-xu_MSEWxg\"]}]}<\/script>\n<!-- \/ Yoast SEO plugin. -->","yoast_head_json":{"title":"L-\ud2f0\ub85c\uc2e0 - NATURAL POLAND - Hurtowy Dystrybutor Surowc\u00f3w","description":"L-\ud2f0\ub85c\uc2e0\uc740 \uc9d1\uc911\ub825 \ud5a5\uc0c1, \uc2a4\ud2b8\ub808\uc2a4 \uc800\ud56d\ub825 \uac15\ud654, \uc2e0\uc9c4\ub300\uc0ac \uacfc\uc815 \uc9c0\uc6d0\uc744 \uc6d0\ud558\ub294 \uc0ac\ub78c\ub4e4\uc5d0\uac8c \ud6cc\ub96d\ud55c \uc9c0\uc6d0\uc744 \uc81c\uacf5\ud569\ub2c8\ub2e4.","robots":{"index":"index","follow":"follow","max-snippet":"max-snippet:-1","max-image-preview":"max-image-preview:large","max-video-preview":"max-video-preview:-1"},"canonical":"https:\/\/naturalpoland.com\/ko\/je-pum\/ui-yak-pum-won-ryo\/a-mi-no-san\/l-tirosin\/","og_locale":"ko_KR","og_type":"article","og_title":"L-\ud2f0\ub85c\uc2e0 - NATURAL POLAND - Hurtowy Dystrybutor Surowc\u00f3w","og_description":"L-\ud2f0\ub85c\uc2e0\uc740 \uc9d1\uc911\ub825 \ud5a5\uc0c1, \uc2a4\ud2b8\ub808\uc2a4 \uc800\ud56d\ub825 \uac15\ud654, \uc2e0\uc9c4\ub300\uc0ac \uacfc\uc815 \uc9c0\uc6d0\uc744 \uc6d0\ud558\ub294 \uc0ac\ub78c\ub4e4\uc5d0\uac8c \ud6cc\ub96d\ud55c \uc9c0\uc6d0\uc744 \uc81c\uacf5\ud569\ub2c8\ub2e4.","og_url":"https:\/\/naturalpoland.com\/ko\/je-pum\/ui-yak-pum-won-ryo\/a-mi-no-san\/l-tirosin\/","og_site_name":"NATURAL POLAND - Hurtowy Dystrybutor Surowc\u00f3w","article_publisher":"https:\/\/www.facebook.com\/naturalpoland.b2b","article_modified_time":"2025-07-15T13:23:21+00:00","og_image":[{"width":1024,"height":1024,"url":"https:\/\/naturalpoland.com\/wp-content\/uploads\/l-tyrozyna.webp","type":"image\/webp"}],"schema":{"@context":"https:\/\/schema.org","@graph":[{"@type":"WebPage","@id":"https:\/\/naturalpoland.com\/ko\/je-pum\/ui-yak-pum-won-ryo\/a-mi-no-san\/l-tirosin\/","url":"https:\/\/naturalpoland.com\/ko\/je-pum\/ui-yak-pum-won-ryo\/a-mi-no-san\/l-tirosin\/","name":"L-\ud2f0\ub85c\uc2e0 - NATURAL POLAND - Hurtowy Dystrybutor Surowc\u00f3w","isPartOf":{"@id":"https:\/\/naturalpoland.com\/ko\/#website"},"primaryImageOfPage":{"@id":"https:\/\/naturalpoland.com\/ko\/je-pum\/ui-yak-pum-won-ryo\/a-mi-no-san\/l-tirosin\/#primaryimage"},"image":{"@id":"https:\/\/naturalpoland.com\/ko\/je-pum\/ui-yak-pum-won-ryo\/a-mi-no-san\/l-tirosin\/#primaryimage"},"thumbnailUrl":"https:\/\/naturalpoland.com\/wp-content\/uploads\/l-tyrozyna.webp","datePublished":"2021-05-11T11:45:45+00:00","dateModified":"2025-07-15T13:23:21+00:00","description":"L-\ud2f0\ub85c\uc2e0\uc740 \uc9d1\uc911\ub825 \ud5a5\uc0c1, \uc2a4\ud2b8\ub808\uc2a4 \uc800\ud56d\ub825 \uac15\ud654, \uc2e0\uc9c4\ub300\uc0ac \uacfc\uc815 \uc9c0\uc6d0\uc744 \uc6d0\ud558\ub294 \uc0ac\ub78c\ub4e4\uc5d0\uac8c \ud6cc\ub96d\ud55c \uc9c0\uc6d0\uc744 \uc81c\uacf5\ud569\ub2c8\ub2e4.","breadcrumb":{"@id":"https:\/\/naturalpoland.com\/ko\/je-pum\/ui-yak-pum-won-ryo\/a-mi-no-san\/l-tirosin\/#breadcrumb"},"inLanguage":"ko-KR","potentialAction":[{"@type":"ReadAction","target":["https:\/\/naturalpoland.com\/ko\/je-pum\/ui-yak-pum-won-ryo\/a-mi-no-san\/l-tirosin\/"]}]},{"@type":"ImageObject","inLanguage":"ko-KR","@id":"https:\/\/naturalpoland.com\/ko\/je-pum\/ui-yak-pum-won-ryo\/a-mi-no-san\/l-tirosin\/#primaryimage","url":"https:\/\/naturalpoland.com\/wp-content\/uploads\/l-tyrozyna.webp","contentUrl":"https:\/\/naturalpoland.com\/wp-content\/uploads\/l-tyrozyna.webp","width":1024,"height":1024,"caption":"L-tyrozyna w postaci proszku"},{"@type":"BreadcrumbList","@id":"https:\/\/naturalpoland.com\/ko\/je-pum\/ui-yak-pum-won-ryo\/a-mi-no-san\/l-tirosin\/#breadcrumb","itemListElement":[{"@type":"ListItem","position":1,"name":"\ud648","item":"https:\/\/naturalpoland.com\/ko\/"},{"@type":"ListItem","position":2,"name":"\uc81c\ud488","item":"https:\/\/naturalpoland.com\/ko\/%ec%a0%9c%ed%92%88\/"},{"@type":"ListItem","position":3,"name":"L-\ud2f0\ub85c\uc2e0"}]},{"@type":"WebSite","@id":"https:\/\/naturalpoland.com\/ko\/#website","url":"https:\/\/naturalpoland.com\/ko\/","name":"NATURAL POLAND - Hurtowy Dystrybutor Surowc\u00f3w","description":"Surowce dla przemys\u0142u spo\u017cywczego, kosmetycznego i farmaceutycznego","publisher":{"@id":"https:\/\/naturalpoland.com\/ko\/#organization"},"potentialAction":[{"@type":"SearchAction","target":{"@type":"EntryPoint","urlTemplate":"https:\/\/naturalpoland.com\/ko\/?s={search_term_string}"},"query-input":{"@type":"PropertyValueSpecification","valueRequired":true,"valueName":"search_term_string"}}],"inLanguage":"ko-KR"},{"@type":"Organization","@id":"https:\/\/naturalpoland.com\/ko\/#organization","name":"Natural Poland","url":"https:\/\/naturalpoland.com\/ko\/","logo":{"@type":"ImageObject","inLanguage":"ko-KR","@id":"https:\/\/naturalpoland.com\/ko\/#\/schema\/logo\/image\/","url":"https:\/\/naturalpoland.com\/wp-content\/uploads\/2021\/05\/natural-poland-icon.png","contentUrl":"https:\/\/naturalpoland.com\/wp-content\/uploads\/2021\/05\/natural-poland-icon.png","width":512,"height":512,"caption":"Natural Poland"},"image":{"@id":"https:\/\/naturalpoland.com\/ko\/#\/schema\/logo\/image\/"},"sameAs":["https:\/\/www.facebook.com\/naturalpoland.b2b","https:\/\/pl.linkedin.com\/company\/natural-poland","https:\/\/www.youtube.com\/channel\/UCgeGGkvOMahZo-xu_MSEWxg"]}]}},"_links":{"self":[{"href":"https:\/\/naturalpoland.com\/ko\/wp-json\/wp\/v2\/product\/41939","targetHints":{"allow":["GET"]}}],"collection":[{"href":"https:\/\/naturalpoland.com\/ko\/wp-json\/wp\/v2\/product"}],"about":[{"href":"https:\/\/naturalpoland.com\/ko\/wp-json\/wp\/v2\/types\/product"}],"wp:featuredmedia":[{"embeddable":true,"href":"https:\/\/naturalpoland.com\/ko\/wp-json\/wp\/v2\/media\/41686"}],"wp:attachment":[{"href":"https:\/\/naturalpoland.com\/ko\/wp-json\/wp\/v2\/media?parent=41939"}],"wp:term":[{"taxonomy":"product_brand","embeddable":true,"href":"https:\/\/naturalpoland.com\/ko\/wp-json\/wp\/v2\/product_brand?post=41939"},{"taxonomy":"product_cat","embeddable":true,"href":"https:\/\/naturalpoland.com\/ko\/wp-json\/wp\/v2\/product_cat?post=41939"},{"taxonomy":"product_tag","embeddable":true,"href":"https:\/\/naturalpoland.com\/ko\/wp-json\/wp\/v2\/product_tag?post=41939"}],"curies":[{"name":"wp","href":"https:\/\/api.w.org\/{rel}","templated":true}]}}