{"id":41942,"date":"2021-05-11T13:48:10","date_gmt":"2021-05-11T11:48:10","guid":{"rendered":"https:\/\/naturalpoland.com\/produkty\/uncategorized\/n-%ec%95%84%ec%84%b8%ed%8b%b8-l-%ec%8b%9c%ec%8a%a4%ed%85%8c%ec%9d%b8\/"},"modified":"2025-07-15T15:22:57","modified_gmt":"2025-07-15T13:22:57","slug":"n-asetil-l-siseutein","status":"publish","type":"product","link":"https:\/\/naturalpoland.com\/ko\/je-pum\/ui-yak-pum-won-ryo\/a-mi-no-san\/n-asetil-l-siseutein\/","title":{"rendered":"N-\uc544\uc138\ud2f8-L-\uc2dc\uc2a4\ud14c\uc778"},"content":{"rendered":"<p>NAC\ub294 \uac15\ub825\ud55c \ud56d\uc0b0\ud654\uc81c\uc774\uba70 \uc138\ud3ec\uac00 \uc8fd\ub294 \uac83\uc744 \ubc29\uc9c0\ud569\ub2c8\ub2e4. \uc2dc\uc2a4\ud14c\uc778\uc5d0\ub294 \ub3c5\uc131 \ubb3c\uc9c8\uacfc \uacb0\ud569\ud558\ub294 \ud669 \uc6d0\uc790\uac00 \ud3ec\ud568\ub418\uc5b4 \uc788\uc73c\ubbc0\ub85c NAC\ub294 \uc2e0\uccb4 \uc815\ud654\ub97c \ub3d5\uc2b5\ub2c8\ub2e4.<\/p>\n<p>\uc2dc\uc2a4\ud14c\uc778\uc740 \uae00\ub8e8\ud0c0\ud2f0\uc628 \ud569\uc131\uc5d0 \ud544\uc218\uc801\uc785\ub2c8\ub2e4. \uae00\ub8e8\ud0c0\ud2f0\uc628\uc740 \uc80a\uc740 \ud53c\ubd80\ub97c \uc720\uc9c0\ud558\ub294 \ub370 \ud544\uc694\ud569\ub2c8\ub2e4. \ubcf4\ucda9\ud558\uba74 \ud53c\ubd80\uc640 \ubaa8\ubc1c\uc758 \uc790\uac00 \uc870\uc808 \ubc0f \uc790\uac00 \ubcf5\uad6c \ub2a5\ub825\uc5d0 \uae0d\uc815\uc801\uc778 \uc601\ud5a5\uc744 \ubbf8\uce60 \uc218 \uc788\uc2b5\ub2c8\ub2e4. N-\uc544\uc138\ud2f8-L-\uc2dc\uc2a4\ud14c\uc778\uc740 \uba74\uc5ed \uccb4\uacc4 \uae30\ub2a5\uc744 \uc9c0\uc6d0\ud558\uace0 \uaca9\ub82c\ud55c \uc6b4\ub3d9 \ud6c4 \uc2e0\uccb4 \ud68c\ubcf5\uc744 \ub3d5\uc2b5\ub2c8\ub2e4.<\/p>\n<h2>\ubc14\uc774\uc624NAC\u2122 LSMe<\/h2>\n<p><strong>\ubc14\uc774\uc624NAC\u2122 LSMe<\/strong>\ub294 BioSNEDS\u2122 \uae30\uc220\uc744 \ud65c\uc6a9\ud558\uc5ec N-\uc544\uc138\ud2f8-L-\uc2dc\uc2a4\ud14c\uc778(NAC)\uc758 \uc0dd\uccb4 \uc774\uc6a9\ub960\uc744 \ud06c\uac8c \ub192\uc778 \uace0\uae09 \uc81c\ud488\uc73c\ub85c, \uba74\uc5ed \uccb4\uacc4 \uac74\uac15, \ud574\ub3c5 \ubc0f \ud638\ud761 \uae30\ub2a5\uc744 \uc9c0\uc6d0\ud558\ub294 \ud575\uc2ec \uc131\ubd84\uc785\ub2c8\ub2e4.<\/p>\n<h3>\uc801\uc6a9 \ubd84\uc57c:<\/h3>\n<p>\uac74\uac15 \ubcf4\uc870 \uc2dd\ud488, \uae30\ub2a5\uc131 \uc2dd\ud488, \uad6d\uc18c\uc6a9 \ud654\uc7a5\ud488, \ub3d9\ubb3c \uc0ac\ub8cc.<\/p>\n<h3>\uac74\uac15\uc0c1\uc758 \uc774\uc810:<\/h3>\n<ul>\n<li>NAC\ub294 \uac15\ub825\ud55c \ud56d\uc0b0\ud654\uc81c\uc778 \uae00\ub8e8\ud0c0\ud2f0\uc628\uc758 \uc804\uad6c\uccb4\ub85c \uba74\uc5ed \uccb4\uacc4\ub97c \uc9c0\uc6d0\ud569\ub2c8\ub2e4.<\/li>\n<li>\uac04 \uae30\ub2a5\uacfc \uc2e0\uccb4\uc758 \ud574\ub3c5 \uacfc\uc815\uc744 \uc9c0\uc6d0\ud569\ub2c8\ub2e4.<\/li>\n<li>\ud638\ud761 \uae30\ub2a5 \uac1c\uc120\uc5d0 \ub3c4\uc6c0\uc744 \uc8fc\uba70, \uc810\uc561 \uc6a9\ud574 \uc694\ubc95\uc5d0 \uc790\uc8fc \uc0ac\uc6a9\ub429\ub2c8\ub2e4.<\/li>\n<li>\uc2e0\uacbd\uc804\ub2ec\ubb3c\uc9c8 \uc218\uce58\uc5d0 \uc791\uc6a9\ud558\uc5ec \uc815\uc2e0 \uac74\uac15\uacfc \uae30\ubd84\uc744 \uc9c0\uc6d0\ud560 \uc218 \uc788\uc2b5\ub2c8\ub2e4.<\/li>\n<li>\uc6b4\ub3d9 \ud6c4 \uadfc\uc721 \ud68c\ubcf5\uc744 \ub3d5\uace0 \uc0b0\ud654 \uc2a4\ud2b8\ub808\uc2a4\ub97c \uc904\uc785\ub2c8\ub2e4.<\/li>\n<li>\uc138\ud3ec\ub97c \uc0b0\ud654 \uc2a4\ud2b8\ub808\uc2a4\ub85c\ubd80\ud130 \ubcf4\ud638\ud558\uc5ec \ub178\ud654 \ubc29\uc9c0 \ud6a8\uacfc\ub97c \uac00\uc9c8 \uc218 \uc788\uc2b5\ub2c8\ub2e4.<\/li>\n<\/ul>\n<h3>BioSNEDS\u2122 \uae30\uc220\uc758 \uc7a5\uc810<\/h3>\n<ul>\n<li>BioNAC\u2122\uc740 \uae30\uc874 NAC\ubcf4\ub2e4 \uc0dd\uccb4 \uc774\uc6a9\ub960\uc774 12\ubc30 \ub192\uc544, BioSNEDS\u2122\uc758 \ud65c\uc131 NAC 50mg\uc740 \uae30\uc874 NAC 600mg\uacfc \uc0dd\uccb4 \ub3d9\ub4f1\ud569\ub2c8\ub2e4.<\/li>\n<li>\ud0ac\ub85c\uadf8\ub7a8\ub2f9 \ub354 \ub9ce\uc740 \ubcf5\uc6a9\ub7c9 \u2013 \uae30\uc874 NAC 1,616\ud68c \ubcf5\uc6a9\ub7c9\uc5d0 \ube44\ud574 \ud0ac\ub85c\uadf8\ub7a8\ub2f9 2,000\ud68c \ubcf5\uc6a9\ub7c9.<\/li>\n<li>\uc911\uc131\uc801\uc778 \ub9db\uacfc \ubb34\ucde8\uc758 \ubd84\ub9d0 \ubc0f \uc5d0\uba40\uc804 \ud615\ud0dc\ub85c \uc81c\uacf5\ub429\ub2c8\ub2e4.<\/li>\n<\/ul>\n","protected":false},"excerpt":{"rendered":"<p><strong>N-\uc544\uc138\ud2f8-L-\uc2dc\uc2a4\ud14c\uc778<\/strong>\uc740 \uc544\ubbf8\ub178\uc0b0 \uc2dc\uc2a4\ud14c\uc778\uc758 \ud761\uc218\uc728\uc774 \ub354 \uc88b\uc740 \ud615\ud0dc\uc785\ub2c8\ub2e4. \uc904\uc5ec\uc11c NAC\ub77c\uace0 \ubd88\ub9ac\uba70, \ud654\uc7a5\ud488 \ubd84\uc57c\uc5d0\uc11c \uc5c4\uccad\ub09c \uc7a0\uc7ac\ub825\uc774 \ubc1c\uacac\ub418\uc5b4 \uba87 \ub144 \ub3d9\uc548 \uc5c4\uccad\ub09c \uc778\uae30\ub97c \ub204\ub9ac\uace0 \uc788\uc2b5\ub2c8\ub2e4.<\/p>\n","protected":false},"featured_media":41943,"template":"","meta":{"_acf_changed":false},"product_brand":[],"product_cat":[8142],"product_tag":[],"class_list":{"0":"post-41942","1":"product","2":"type-product","3":"status-publish","4":"has-post-thumbnail","6":"product_cat-a-mi-no-san","8":"first","9":"instock","10":"shipping-taxable","11":"product-type-simple"},"acf":[],"yoast_head":"<!-- This site is optimized with the Yoast SEO plugin v27.4 - https:\/\/yoast.com\/product\/yoast-seo-wordpress\/ -->\n<title>N-\uc544\uc138\ud2f8-L-\uc2dc\uc2a4\ud14c\uc778 - NATURAL POLAND - Hurtowy Dystrybutor Surowc\u00f3w<\/title>\n<meta name=\"description\" content=\"N-\uc544\uc138\ud2f8-L-\uc2dc\uc2a4\ud14c\uc778\uc740 \uc544\ubbf8\ub178\uc0b0 \uc2dc\uc2a4\ud14c\uc778\uc758 \ud761\uc218\uc728\uc774 \ub354 \uc88b\uc740 \ud615\ud0dc\uc785\ub2c8\ub2e4. \uc904\uc5ec\uc11c NAC\ub77c\uace0 \ubd88\ub9ac\uba70, \uba87 \ub144 \ub3d9\uc548 \uc5c4\uccad\ub09c \uc778\uae30\ub97c \ub204\ub9ac\uace0 \uc788\uc2b5\ub2c8\ub2e4.\" \/>\n<meta name=\"robots\" content=\"index, follow, max-snippet:-1, max-image-preview:large, max-video-preview:-1\" \/>\n<link rel=\"canonical\" href=\"https:\/\/naturalpoland.com\/ko\/je-pum\/ui-yak-pum-won-ryo\/a-mi-no-san\/n-asetil-l-siseutein\/\" \/>\n<meta property=\"og:locale\" content=\"ko_KR\" \/>\n<meta property=\"og:type\" content=\"article\" \/>\n<meta property=\"og:title\" content=\"N-\uc544\uc138\ud2f8-L-\uc2dc\uc2a4\ud14c\uc778 - NATURAL POLAND - Hurtowy Dystrybutor Surowc\u00f3w\" \/>\n<meta property=\"og:description\" content=\"N-\uc544\uc138\ud2f8-L-\uc2dc\uc2a4\ud14c\uc778\uc740 \uc544\ubbf8\ub178\uc0b0 \uc2dc\uc2a4\ud14c\uc778\uc758 \ud761\uc218\uc728\uc774 \ub354 \uc88b\uc740 \ud615\ud0dc\uc785\ub2c8\ub2e4. \uc904\uc5ec\uc11c NAC\ub77c\uace0 \ubd88\ub9ac\uba70, \uba87 \ub144 \ub3d9\uc548 \uc5c4\uccad\ub09c \uc778\uae30\ub97c \ub204\ub9ac\uace0 \uc788\uc2b5\ub2c8\ub2e4.\" \/>\n<meta property=\"og:url\" content=\"https:\/\/naturalpoland.com\/ko\/je-pum\/ui-yak-pum-won-ryo\/a-mi-no-san\/n-asetil-l-siseutein\/\" \/>\n<meta property=\"og:site_name\" content=\"NATURAL POLAND - Hurtowy Dystrybutor Surowc\u00f3w\" \/>\n<meta property=\"article:publisher\" content=\"https:\/\/www.facebook.com\/naturalpoland.b2b\" \/>\n<meta property=\"article:modified_time\" content=\"2025-07-15T13:22:57+00:00\" \/>\n<meta property=\"og:image\" content=\"https:\/\/naturalpoland.com\/wp-content\/uploads\/2021\/05\/n-acetyl-l-cysteine.jpg\" \/>\n\t<meta property=\"og:image:width\" content=\"843\" \/>\n\t<meta property=\"og:image:height\" content=\"508\" \/>\n\t<meta property=\"og:image:type\" content=\"image\/jpeg\" \/>\n<script type=\"application\/ld+json\" class=\"yoast-schema-graph\">{\"@context\":\"https:\\\/\\\/schema.org\",\"@graph\":[{\"@type\":\"WebPage\",\"@id\":\"https:\\\/\\\/naturalpoland.com\\\/ko\\\/je-pum\\\/ui-yak-pum-won-ryo\\\/a-mi-no-san\\\/n-asetil-l-siseutein\\\/\",\"url\":\"https:\\\/\\\/naturalpoland.com\\\/ko\\\/je-pum\\\/ui-yak-pum-won-ryo\\\/a-mi-no-san\\\/n-asetil-l-siseutein\\\/\",\"name\":\"N-\uc544\uc138\ud2f8-L-\uc2dc\uc2a4\ud14c\uc778 - NATURAL POLAND - Hurtowy Dystrybutor Surowc\u00f3w\",\"isPartOf\":{\"@id\":\"https:\\\/\\\/naturalpoland.com\\\/ko\\\/#website\"},\"primaryImageOfPage\":{\"@id\":\"https:\\\/\\\/naturalpoland.com\\\/ko\\\/je-pum\\\/ui-yak-pum-won-ryo\\\/a-mi-no-san\\\/n-asetil-l-siseutein\\\/#primaryimage\"},\"image\":{\"@id\":\"https:\\\/\\\/naturalpoland.com\\\/ko\\\/je-pum\\\/ui-yak-pum-won-ryo\\\/a-mi-no-san\\\/n-asetil-l-siseutein\\\/#primaryimage\"},\"thumbnailUrl\":\"https:\\\/\\\/naturalpoland.com\\\/wp-content\\\/uploads\\\/2021\\\/05\\\/n-acetyl-l-cysteine.jpg\",\"datePublished\":\"2021-05-11T11:48:10+00:00\",\"dateModified\":\"2025-07-15T13:22:57+00:00\",\"description\":\"N-\uc544\uc138\ud2f8-L-\uc2dc\uc2a4\ud14c\uc778\uc740 \uc544\ubbf8\ub178\uc0b0 \uc2dc\uc2a4\ud14c\uc778\uc758 \ud761\uc218\uc728\uc774 \ub354 \uc88b\uc740 \ud615\ud0dc\uc785\ub2c8\ub2e4. \uc904\uc5ec\uc11c NAC\ub77c\uace0 \ubd88\ub9ac\uba70, \uba87 \ub144 \ub3d9\uc548 \uc5c4\uccad\ub09c \uc778\uae30\ub97c \ub204\ub9ac\uace0 \uc788\uc2b5\ub2c8\ub2e4.\",\"breadcrumb\":{\"@id\":\"https:\\\/\\\/naturalpoland.com\\\/ko\\\/je-pum\\\/ui-yak-pum-won-ryo\\\/a-mi-no-san\\\/n-asetil-l-siseutein\\\/#breadcrumb\"},\"inLanguage\":\"ko-KR\",\"potentialAction\":[{\"@type\":\"ReadAction\",\"target\":[\"https:\\\/\\\/naturalpoland.com\\\/ko\\\/je-pum\\\/ui-yak-pum-won-ryo\\\/a-mi-no-san\\\/n-asetil-l-siseutein\\\/\"]}]},{\"@type\":\"ImageObject\",\"inLanguage\":\"ko-KR\",\"@id\":\"https:\\\/\\\/naturalpoland.com\\\/ko\\\/je-pum\\\/ui-yak-pum-won-ryo\\\/a-mi-no-san\\\/n-asetil-l-siseutein\\\/#primaryimage\",\"url\":\"https:\\\/\\\/naturalpoland.com\\\/wp-content\\\/uploads\\\/2021\\\/05\\\/n-acetyl-l-cysteine.jpg\",\"contentUrl\":\"https:\\\/\\\/naturalpoland.com\\\/wp-content\\\/uploads\\\/2021\\\/05\\\/n-acetyl-l-cysteine.jpg\",\"width\":843,\"height\":508,\"caption\":\"N-acetylo-L-cysteina\"},{\"@type\":\"BreadcrumbList\",\"@id\":\"https:\\\/\\\/naturalpoland.com\\\/ko\\\/je-pum\\\/ui-yak-pum-won-ryo\\\/a-mi-no-san\\\/n-asetil-l-siseutein\\\/#breadcrumb\",\"itemListElement\":[{\"@type\":\"ListItem\",\"position\":1,\"name\":\"\ud648\",\"item\":\"https:\\\/\\\/naturalpoland.com\\\/ko\\\/\"},{\"@type\":\"ListItem\",\"position\":2,\"name\":\"\uc81c\ud488\",\"item\":\"https:\\\/\\\/naturalpoland.com\\\/ko\\\/%ec%a0%9c%ed%92%88\\\/\"},{\"@type\":\"ListItem\",\"position\":3,\"name\":\"N-\uc544\uc138\ud2f8-L-\uc2dc\uc2a4\ud14c\uc778\"}]},{\"@type\":\"WebSite\",\"@id\":\"https:\\\/\\\/naturalpoland.com\\\/ko\\\/#website\",\"url\":\"https:\\\/\\\/naturalpoland.com\\\/ko\\\/\",\"name\":\"NATURAL POLAND - Hurtowy Dystrybutor Surowc\u00f3w\",\"description\":\"Surowce dla przemys\u0142u spo\u017cywczego, kosmetycznego i farmaceutycznego\",\"publisher\":{\"@id\":\"https:\\\/\\\/naturalpoland.com\\\/ko\\\/#organization\"},\"potentialAction\":[{\"@type\":\"SearchAction\",\"target\":{\"@type\":\"EntryPoint\",\"urlTemplate\":\"https:\\\/\\\/naturalpoland.com\\\/ko\\\/?s={search_term_string}\"},\"query-input\":{\"@type\":\"PropertyValueSpecification\",\"valueRequired\":true,\"valueName\":\"search_term_string\"}}],\"inLanguage\":\"ko-KR\"},{\"@type\":\"Organization\",\"@id\":\"https:\\\/\\\/naturalpoland.com\\\/ko\\\/#organization\",\"name\":\"Natural Poland\",\"url\":\"https:\\\/\\\/naturalpoland.com\\\/ko\\\/\",\"logo\":{\"@type\":\"ImageObject\",\"inLanguage\":\"ko-KR\",\"@id\":\"https:\\\/\\\/naturalpoland.com\\\/ko\\\/#\\\/schema\\\/logo\\\/image\\\/\",\"url\":\"https:\\\/\\\/naturalpoland.com\\\/wp-content\\\/uploads\\\/2021\\\/05\\\/natural-poland-icon.png\",\"contentUrl\":\"https:\\\/\\\/naturalpoland.com\\\/wp-content\\\/uploads\\\/2021\\\/05\\\/natural-poland-icon.png\",\"width\":512,\"height\":512,\"caption\":\"Natural Poland\"},\"image\":{\"@id\":\"https:\\\/\\\/naturalpoland.com\\\/ko\\\/#\\\/schema\\\/logo\\\/image\\\/\"},\"sameAs\":[\"https:\\\/\\\/www.facebook.com\\\/naturalpoland.b2b\",\"https:\\\/\\\/pl.linkedin.com\\\/company\\\/natural-poland\",\"https:\\\/\\\/www.youtube.com\\\/channel\\\/UCgeGGkvOMahZo-xu_MSEWxg\"]}]}<\/script>\n<!-- \/ Yoast SEO plugin. -->","yoast_head_json":{"title":"N-\uc544\uc138\ud2f8-L-\uc2dc\uc2a4\ud14c\uc778 - NATURAL POLAND - Hurtowy Dystrybutor Surowc\u00f3w","description":"N-\uc544\uc138\ud2f8-L-\uc2dc\uc2a4\ud14c\uc778\uc740 \uc544\ubbf8\ub178\uc0b0 \uc2dc\uc2a4\ud14c\uc778\uc758 \ud761\uc218\uc728\uc774 \ub354 \uc88b\uc740 \ud615\ud0dc\uc785\ub2c8\ub2e4. \uc904\uc5ec\uc11c NAC\ub77c\uace0 \ubd88\ub9ac\uba70, \uba87 \ub144 \ub3d9\uc548 \uc5c4\uccad\ub09c \uc778\uae30\ub97c \ub204\ub9ac\uace0 \uc788\uc2b5\ub2c8\ub2e4.","robots":{"index":"index","follow":"follow","max-snippet":"max-snippet:-1","max-image-preview":"max-image-preview:large","max-video-preview":"max-video-preview:-1"},"canonical":"https:\/\/naturalpoland.com\/ko\/je-pum\/ui-yak-pum-won-ryo\/a-mi-no-san\/n-asetil-l-siseutein\/","og_locale":"ko_KR","og_type":"article","og_title":"N-\uc544\uc138\ud2f8-L-\uc2dc\uc2a4\ud14c\uc778 - NATURAL POLAND - Hurtowy Dystrybutor Surowc\u00f3w","og_description":"N-\uc544\uc138\ud2f8-L-\uc2dc\uc2a4\ud14c\uc778\uc740 \uc544\ubbf8\ub178\uc0b0 \uc2dc\uc2a4\ud14c\uc778\uc758 \ud761\uc218\uc728\uc774 \ub354 \uc88b\uc740 \ud615\ud0dc\uc785\ub2c8\ub2e4. \uc904\uc5ec\uc11c NAC\ub77c\uace0 \ubd88\ub9ac\uba70, \uba87 \ub144 \ub3d9\uc548 \uc5c4\uccad\ub09c \uc778\uae30\ub97c \ub204\ub9ac\uace0 \uc788\uc2b5\ub2c8\ub2e4.","og_url":"https:\/\/naturalpoland.com\/ko\/je-pum\/ui-yak-pum-won-ryo\/a-mi-no-san\/n-asetil-l-siseutein\/","og_site_name":"NATURAL POLAND - Hurtowy Dystrybutor Surowc\u00f3w","article_publisher":"https:\/\/www.facebook.com\/naturalpoland.b2b","article_modified_time":"2025-07-15T13:22:57+00:00","og_image":[{"width":843,"height":508,"url":"https:\/\/naturalpoland.com\/wp-content\/uploads\/2021\/05\/n-acetyl-l-cysteine.jpg","type":"image\/jpeg"}],"schema":{"@context":"https:\/\/schema.org","@graph":[{"@type":"WebPage","@id":"https:\/\/naturalpoland.com\/ko\/je-pum\/ui-yak-pum-won-ryo\/a-mi-no-san\/n-asetil-l-siseutein\/","url":"https:\/\/naturalpoland.com\/ko\/je-pum\/ui-yak-pum-won-ryo\/a-mi-no-san\/n-asetil-l-siseutein\/","name":"N-\uc544\uc138\ud2f8-L-\uc2dc\uc2a4\ud14c\uc778 - NATURAL POLAND - Hurtowy Dystrybutor Surowc\u00f3w","isPartOf":{"@id":"https:\/\/naturalpoland.com\/ko\/#website"},"primaryImageOfPage":{"@id":"https:\/\/naturalpoland.com\/ko\/je-pum\/ui-yak-pum-won-ryo\/a-mi-no-san\/n-asetil-l-siseutein\/#primaryimage"},"image":{"@id":"https:\/\/naturalpoland.com\/ko\/je-pum\/ui-yak-pum-won-ryo\/a-mi-no-san\/n-asetil-l-siseutein\/#primaryimage"},"thumbnailUrl":"https:\/\/naturalpoland.com\/wp-content\/uploads\/2021\/05\/n-acetyl-l-cysteine.jpg","datePublished":"2021-05-11T11:48:10+00:00","dateModified":"2025-07-15T13:22:57+00:00","description":"N-\uc544\uc138\ud2f8-L-\uc2dc\uc2a4\ud14c\uc778\uc740 \uc544\ubbf8\ub178\uc0b0 \uc2dc\uc2a4\ud14c\uc778\uc758 \ud761\uc218\uc728\uc774 \ub354 \uc88b\uc740 \ud615\ud0dc\uc785\ub2c8\ub2e4. \uc904\uc5ec\uc11c NAC\ub77c\uace0 \ubd88\ub9ac\uba70, \uba87 \ub144 \ub3d9\uc548 \uc5c4\uccad\ub09c \uc778\uae30\ub97c \ub204\ub9ac\uace0 \uc788\uc2b5\ub2c8\ub2e4.","breadcrumb":{"@id":"https:\/\/naturalpoland.com\/ko\/je-pum\/ui-yak-pum-won-ryo\/a-mi-no-san\/n-asetil-l-siseutein\/#breadcrumb"},"inLanguage":"ko-KR","potentialAction":[{"@type":"ReadAction","target":["https:\/\/naturalpoland.com\/ko\/je-pum\/ui-yak-pum-won-ryo\/a-mi-no-san\/n-asetil-l-siseutein\/"]}]},{"@type":"ImageObject","inLanguage":"ko-KR","@id":"https:\/\/naturalpoland.com\/ko\/je-pum\/ui-yak-pum-won-ryo\/a-mi-no-san\/n-asetil-l-siseutein\/#primaryimage","url":"https:\/\/naturalpoland.com\/wp-content\/uploads\/2021\/05\/n-acetyl-l-cysteine.jpg","contentUrl":"https:\/\/naturalpoland.com\/wp-content\/uploads\/2021\/05\/n-acetyl-l-cysteine.jpg","width":843,"height":508,"caption":"N-acetylo-L-cysteina"},{"@type":"BreadcrumbList","@id":"https:\/\/naturalpoland.com\/ko\/je-pum\/ui-yak-pum-won-ryo\/a-mi-no-san\/n-asetil-l-siseutein\/#breadcrumb","itemListElement":[{"@type":"ListItem","position":1,"name":"\ud648","item":"https:\/\/naturalpoland.com\/ko\/"},{"@type":"ListItem","position":2,"name":"\uc81c\ud488","item":"https:\/\/naturalpoland.com\/ko\/%ec%a0%9c%ed%92%88\/"},{"@type":"ListItem","position":3,"name":"N-\uc544\uc138\ud2f8-L-\uc2dc\uc2a4\ud14c\uc778"}]},{"@type":"WebSite","@id":"https:\/\/naturalpoland.com\/ko\/#website","url":"https:\/\/naturalpoland.com\/ko\/","name":"NATURAL POLAND - Hurtowy Dystrybutor Surowc\u00f3w","description":"Surowce dla przemys\u0142u spo\u017cywczego, kosmetycznego i farmaceutycznego","publisher":{"@id":"https:\/\/naturalpoland.com\/ko\/#organization"},"potentialAction":[{"@type":"SearchAction","target":{"@type":"EntryPoint","urlTemplate":"https:\/\/naturalpoland.com\/ko\/?s={search_term_string}"},"query-input":{"@type":"PropertyValueSpecification","valueRequired":true,"valueName":"search_term_string"}}],"inLanguage":"ko-KR"},{"@type":"Organization","@id":"https:\/\/naturalpoland.com\/ko\/#organization","name":"Natural Poland","url":"https:\/\/naturalpoland.com\/ko\/","logo":{"@type":"ImageObject","inLanguage":"ko-KR","@id":"https:\/\/naturalpoland.com\/ko\/#\/schema\/logo\/image\/","url":"https:\/\/naturalpoland.com\/wp-content\/uploads\/2021\/05\/natural-poland-icon.png","contentUrl":"https:\/\/naturalpoland.com\/wp-content\/uploads\/2021\/05\/natural-poland-icon.png","width":512,"height":512,"caption":"Natural Poland"},"image":{"@id":"https:\/\/naturalpoland.com\/ko\/#\/schema\/logo\/image\/"},"sameAs":["https:\/\/www.facebook.com\/naturalpoland.b2b","https:\/\/pl.linkedin.com\/company\/natural-poland","https:\/\/www.youtube.com\/channel\/UCgeGGkvOMahZo-xu_MSEWxg"]}]}},"_links":{"self":[{"href":"https:\/\/naturalpoland.com\/ko\/wp-json\/wp\/v2\/product\/41942","targetHints":{"allow":["GET"]}}],"collection":[{"href":"https:\/\/naturalpoland.com\/ko\/wp-json\/wp\/v2\/product"}],"about":[{"href":"https:\/\/naturalpoland.com\/ko\/wp-json\/wp\/v2\/types\/product"}],"wp:featuredmedia":[{"embeddable":true,"href":"https:\/\/naturalpoland.com\/ko\/wp-json\/wp\/v2\/media\/41943"}],"wp:attachment":[{"href":"https:\/\/naturalpoland.com\/ko\/wp-json\/wp\/v2\/media?parent=41942"}],"wp:term":[{"taxonomy":"product_brand","embeddable":true,"href":"https:\/\/naturalpoland.com\/ko\/wp-json\/wp\/v2\/product_brand?post=41942"},{"taxonomy":"product_cat","embeddable":true,"href":"https:\/\/naturalpoland.com\/ko\/wp-json\/wp\/v2\/product_cat?post=41942"},{"taxonomy":"product_tag","embeddable":true,"href":"https:\/\/naturalpoland.com\/ko\/wp-json\/wp\/v2\/product_tag?post=41942"}],"curies":[{"name":"wp","href":"https:\/\/api.w.org\/{rel}","templated":true}]}}