{"id":41945,"date":"2021-07-07T16:06:59","date_gmt":"2021-07-07T14:06:59","guid":{"rendered":"https:\/\/naturalpoland.com\/produkty\/uncategorized\/%ed%8a%b8%eb%9d%bc%eb%84%a5%ec%82%bc%ec%82%b0\/"},"modified":"2025-07-15T15:21:44","modified_gmt":"2025-07-15T13:21:44","slug":"traneksamsan","status":"publish","type":"product","link":"https:\/\/naturalpoland.com\/ko\/je-pum\/hwa-jang-pum-won-ryo\/san-ryu\/traneksamsan\/","title":{"rendered":"\ud2b8\ub77c\ub125\uc0bc\uc0b0"},"content":{"rendered":"<h2>\ud2b8\ub77c\ub125\uc0bc\uc0b0\uc758 \ud2b9\uc131<\/h2>\n<p>\ud2b8\ub77c\ub125\uc0bc\uc0b0\uc740 \uae30\ubbf8, \ud587\ubcd5\uc73c\ub85c \uc778\ud55c \ubc18\uc810 \ub610\ub294 \uc5ec\ub4dc\ub984 \ud6c4 \uacfc\uc0c9\uc18c\uce68\ucc29\uacfc \uac19\uc740 \ud53c\ubd80 \ubcc0\uc0c9\uc744 \uc904\uc774\uace0 \ud53c\ubd80\ub97c \ubc1d\uac8c \ud558\ub294 \ud6a8\uacfc\ub85c \uc798 \uc54c\ub824\uc838 \uc788\uc2b5\ub2c8\ub2e4. \ud638\ub974\ubaac \uc7a5\uc560, \uc5fc\uc99d\uc131 \uc9c8\ud658 \ub610\ub294 \ud2b9\uc815 \uc57d\ubb3c \uc0ac\uc6a9\uc73c\ub85c \uc778\ud574 \ubc1c\uc0dd\ud55c \ud53c\ubd80 \ubcc0\uc0c9\uc744 \ubc1d\uac8c \ud558\ub294 \ub2a5\ub825\uc774 \uc788\ub294 \uac83\uc73c\ub85c \ubc1d\ud600\uc84c\uc2b5\ub2c8\ub2e4. \uba5c\ub77c\ub2cc \uc138\ud3ec \ud65c\ub3d9\uc744 \uc5b5\uc81c\ud558\uc5ec \uba5c\ub77c\ub2cc \uc0dd\uc131\uc744 \uc904\uc774\uace0 \ud53c\ubd80 \ud1a4\uc744 \uac1c\uc120\ud569\ub2c8\ub2e4.<\/p>\n<p>\ub610\ud55c \uac15\ub825\ud55c \ud56d\uc5fc\uc99d \ud6a8\uacfc\ub97c \ub098\ud0c0\ub0c5\ub2c8\ub2e4. \ucd94\uac00\uc801\uc73c\ub85c \uc678\ubd80 \uc694\uc778\uc73c\ub85c\ubd80\ud130 \ud53c\ubd80\ub97c \ubcf4\ud638\ud569\ub2c8\ub2e4. \uadf8 \uc9c0\ud608 \uc791\uc6a9\uc740 \uc5fc\uc99d\uc131 \ud53c\ubd80 \uc9c8\ud658 \uce58\ub8cc\uc5d0 \ud6a8\uacfc\uc801\uc785\ub2c8\ub2e4.<\/p>\n<h2>\uc801\uc6a9 \ubd84\uc57c<\/h2>\n<p>\ud2b8\ub77c\ub125\uc0bc\uc0b0\uc740 \uc548\ud2f0\uc5d0\uc774\uc9d5 \ubc0f \ubbf8\ubc31 \ud654\uc7a5\ud488\uc5d0 \uc790\uc8fc \uc0ac\uc6a9\ub429\ub2c8\ub2e4. \ub610\ud55c \ubbfc\uac10\ud558\uace0 \uc790\uadf9\ubc1b\uae30 \uc26c\uc6b4 \ud53c\ubd80\ub97c \uc704\ud55c \ud654\uc7a5\ud488 \ucca8\uac00\uc81c\ub85c\ub3c4 \uc0ac\uc6a9\ub429\ub2c8\ub2e4. \uc0c9\uc18c \uce68\ucc29\uc744 \ud6a8\uacfc\uc801\uc73c\ub85c \uc904\uc5ec\uc8fc\uae30 \ub54c\ubb38\uc5d0 \uc8fc\uc0ac\ube44 \uce58\ub8cc\uc5d0 \ud6a8\uacfc\uc801\uc785\ub2c8\ub2e4. 3\uc2dc\uac04 \uc774\ub0b4\uc5d0 \ud761\uc218\ub429\ub2c8\ub2e4.<\/p>\n","protected":false},"excerpt":{"rendered":"<p>\ud2b8\ub77c\ub125\uc0bc\uc0b0\uc740 20\uc138\uae30 80\ub144\ub300\uc5d0 \uc54c\ub824\uc84c\uc2b5\ub2c8\ub2e4. \uc624\ub298\ub0a0\uc5d0\ub294 \uc9c0\ud608 \uc791\uc6a9\uc744 \ub098\ud0c0\ub0b4\ub294 \ud569\uc131 \uc544\ubbf8\ub178\uc0b0\uc73c\ub85c \uc54c\ub824\uc838 \uc788\uc2b5\ub2c8\ub2e4. \uc989, \ud50c\ub77c\uc2a4\ubbf8\ub178\uac90\uc774 \ud50c\ub77c\uc2a4\ubbfc\uc73c\ub85c \uc804\ud658\ub418\ub294 \uac83\uc744 \ud6a8\uacfc\uc801\uc73c\ub85c \uc5b5\uc81c\ud560 \uc218 \uc788\uc2b5\ub2c8\ub2e4.<\/p>\n","protected":false},"featured_media":41946,"template":"","meta":{"_acf_changed":false},"product_brand":[],"product_cat":[8151,8142],"product_tag":[],"class_list":{"0":"post-41945","1":"product","2":"type-product","3":"status-publish","4":"has-post-thumbnail","6":"product_cat-san-ryu","7":"product_cat-a-mi-no-san","9":"first","10":"instock","11":"shipping-taxable","12":"product-type-simple"},"acf":[],"yoast_head":"<!-- This site is optimized with the Yoast SEO plugin v27.4 - https:\/\/yoast.com\/product\/yoast-seo-wordpress\/ -->\n<title>\ud2b8\ub77c\ub125\uc0bc\uc0b0 - NATURAL POLAND - Hurtowy Dystrybutor Surowc\u00f3w<\/title>\n<meta name=\"description\" content=\"\ud2b8\ub77c\ub125\uc0bc\uc0b0\uc740 \ubbf8\ubc31, \ud56d\uc5fc \ubc0f \ubcf4\ud638 \ud2b9\uc131\uc744 \uc9c0\ub2cc \ub2e4\uc7ac\ub2e4\ub2a5\ud55c \ud65c\uc131 \uc131\ubd84\uc73c\ub85c, \uc548\ud2f0\uc5d0\uc774\uc9d5 \ud654\uc7a5\ud488\uc5d0 \uc0ac\uc6a9\ub429\ub2c8\ub2e4.\" \/>\n<meta name=\"robots\" content=\"index, follow, max-snippet:-1, max-image-preview:large, max-video-preview:-1\" \/>\n<link rel=\"canonical\" href=\"https:\/\/naturalpoland.com\/ko\/je-pum\/hwa-jang-pum-won-ryo\/san-ryu\/traneksamsan\/\" \/>\n<meta property=\"og:locale\" content=\"ko_KR\" \/>\n<meta property=\"og:type\" content=\"article\" \/>\n<meta property=\"og:title\" content=\"\ud2b8\ub77c\ub125\uc0bc\uc0b0 - NATURAL POLAND - Hurtowy Dystrybutor Surowc\u00f3w\" \/>\n<meta property=\"og:description\" content=\"\ud2b8\ub77c\ub125\uc0bc\uc0b0\uc740 \ubbf8\ubc31, \ud56d\uc5fc \ubc0f \ubcf4\ud638 \ud2b9\uc131\uc744 \uc9c0\ub2cc \ub2e4\uc7ac\ub2e4\ub2a5\ud55c \ud65c\uc131 \uc131\ubd84\uc73c\ub85c, \uc548\ud2f0\uc5d0\uc774\uc9d5 \ud654\uc7a5\ud488\uc5d0 \uc0ac\uc6a9\ub429\ub2c8\ub2e4.\" \/>\n<meta property=\"og:url\" content=\"https:\/\/naturalpoland.com\/ko\/je-pum\/hwa-jang-pum-won-ryo\/san-ryu\/traneksamsan\/\" \/>\n<meta property=\"og:site_name\" content=\"NATURAL POLAND - Hurtowy Dystrybutor Surowc\u00f3w\" \/>\n<meta property=\"article:publisher\" content=\"https:\/\/www.facebook.com\/naturalpoland.b2b\" \/>\n<meta property=\"article:modified_time\" content=\"2025-07-15T13:21:44+00:00\" \/>\n<meta property=\"og:image\" content=\"https:\/\/naturalpoland.com\/wp-content\/uploads\/TRANEXAMIC-ACID.jpg\" \/>\n\t<meta property=\"og:image:width\" content=\"1139\" \/>\n\t<meta property=\"og:image:height\" content=\"959\" \/>\n\t<meta property=\"og:image:type\" content=\"image\/jpeg\" \/>\n<script type=\"application\/ld+json\" class=\"yoast-schema-graph\">{\"@context\":\"https:\\\/\\\/schema.org\",\"@graph\":[{\"@type\":\"WebPage\",\"@id\":\"https:\\\/\\\/naturalpoland.com\\\/ko\\\/je-pum\\\/hwa-jang-pum-won-ryo\\\/san-ryu\\\/traneksamsan\\\/\",\"url\":\"https:\\\/\\\/naturalpoland.com\\\/ko\\\/je-pum\\\/hwa-jang-pum-won-ryo\\\/san-ryu\\\/traneksamsan\\\/\",\"name\":\"\ud2b8\ub77c\ub125\uc0bc\uc0b0 - NATURAL POLAND - Hurtowy Dystrybutor Surowc\u00f3w\",\"isPartOf\":{\"@id\":\"https:\\\/\\\/naturalpoland.com\\\/ko\\\/#website\"},\"primaryImageOfPage\":{\"@id\":\"https:\\\/\\\/naturalpoland.com\\\/ko\\\/je-pum\\\/hwa-jang-pum-won-ryo\\\/san-ryu\\\/traneksamsan\\\/#primaryimage\"},\"image\":{\"@id\":\"https:\\\/\\\/naturalpoland.com\\\/ko\\\/je-pum\\\/hwa-jang-pum-won-ryo\\\/san-ryu\\\/traneksamsan\\\/#primaryimage\"},\"thumbnailUrl\":\"https:\\\/\\\/naturalpoland.com\\\/wp-content\\\/uploads\\\/TRANEXAMIC-ACID.jpg\",\"datePublished\":\"2021-07-07T14:06:59+00:00\",\"dateModified\":\"2025-07-15T13:21:44+00:00\",\"description\":\"\ud2b8\ub77c\ub125\uc0bc\uc0b0\uc740 \ubbf8\ubc31, \ud56d\uc5fc \ubc0f \ubcf4\ud638 \ud2b9\uc131\uc744 \uc9c0\ub2cc \ub2e4\uc7ac\ub2e4\ub2a5\ud55c \ud65c\uc131 \uc131\ubd84\uc73c\ub85c, \uc548\ud2f0\uc5d0\uc774\uc9d5 \ud654\uc7a5\ud488\uc5d0 \uc0ac\uc6a9\ub429\ub2c8\ub2e4.\",\"breadcrumb\":{\"@id\":\"https:\\\/\\\/naturalpoland.com\\\/ko\\\/je-pum\\\/hwa-jang-pum-won-ryo\\\/san-ryu\\\/traneksamsan\\\/#breadcrumb\"},\"inLanguage\":\"ko-KR\",\"potentialAction\":[{\"@type\":\"ReadAction\",\"target\":[\"https:\\\/\\\/naturalpoland.com\\\/ko\\\/je-pum\\\/hwa-jang-pum-won-ryo\\\/san-ryu\\\/traneksamsan\\\/\"]}]},{\"@type\":\"ImageObject\",\"inLanguage\":\"ko-KR\",\"@id\":\"https:\\\/\\\/naturalpoland.com\\\/ko\\\/je-pum\\\/hwa-jang-pum-won-ryo\\\/san-ryu\\\/traneksamsan\\\/#primaryimage\",\"url\":\"https:\\\/\\\/naturalpoland.com\\\/wp-content\\\/uploads\\\/TRANEXAMIC-ACID.jpg\",\"contentUrl\":\"https:\\\/\\\/naturalpoland.com\\\/wp-content\\\/uploads\\\/TRANEXAMIC-ACID.jpg\",\"width\":1139,\"height\":959,\"caption\":\"TRANEXAMIC ACID\"},{\"@type\":\"BreadcrumbList\",\"@id\":\"https:\\\/\\\/naturalpoland.com\\\/ko\\\/je-pum\\\/hwa-jang-pum-won-ryo\\\/san-ryu\\\/traneksamsan\\\/#breadcrumb\",\"itemListElement\":[{\"@type\":\"ListItem\",\"position\":1,\"name\":\"\ud648\",\"item\":\"https:\\\/\\\/naturalpoland.com\\\/ko\\\/\"},{\"@type\":\"ListItem\",\"position\":2,\"name\":\"\uc81c\ud488\",\"item\":\"https:\\\/\\\/naturalpoland.com\\\/ko\\\/%ec%a0%9c%ed%92%88\\\/\"},{\"@type\":\"ListItem\",\"position\":3,\"name\":\"\ud2b8\ub77c\ub125\uc0bc\uc0b0\"}]},{\"@type\":\"WebSite\",\"@id\":\"https:\\\/\\\/naturalpoland.com\\\/ko\\\/#website\",\"url\":\"https:\\\/\\\/naturalpoland.com\\\/ko\\\/\",\"name\":\"NATURAL POLAND - Hurtowy Dystrybutor Surowc\u00f3w\",\"description\":\"Surowce dla przemys\u0142u spo\u017cywczego, kosmetycznego i farmaceutycznego\",\"publisher\":{\"@id\":\"https:\\\/\\\/naturalpoland.com\\\/ko\\\/#organization\"},\"potentialAction\":[{\"@type\":\"SearchAction\",\"target\":{\"@type\":\"EntryPoint\",\"urlTemplate\":\"https:\\\/\\\/naturalpoland.com\\\/ko\\\/?s={search_term_string}\"},\"query-input\":{\"@type\":\"PropertyValueSpecification\",\"valueRequired\":true,\"valueName\":\"search_term_string\"}}],\"inLanguage\":\"ko-KR\"},{\"@type\":\"Organization\",\"@id\":\"https:\\\/\\\/naturalpoland.com\\\/ko\\\/#organization\",\"name\":\"Natural Poland\",\"url\":\"https:\\\/\\\/naturalpoland.com\\\/ko\\\/\",\"logo\":{\"@type\":\"ImageObject\",\"inLanguage\":\"ko-KR\",\"@id\":\"https:\\\/\\\/naturalpoland.com\\\/ko\\\/#\\\/schema\\\/logo\\\/image\\\/\",\"url\":\"https:\\\/\\\/naturalpoland.com\\\/wp-content\\\/uploads\\\/2021\\\/05\\\/natural-poland-icon.png\",\"contentUrl\":\"https:\\\/\\\/naturalpoland.com\\\/wp-content\\\/uploads\\\/2021\\\/05\\\/natural-poland-icon.png\",\"width\":512,\"height\":512,\"caption\":\"Natural Poland\"},\"image\":{\"@id\":\"https:\\\/\\\/naturalpoland.com\\\/ko\\\/#\\\/schema\\\/logo\\\/image\\\/\"},\"sameAs\":[\"https:\\\/\\\/www.facebook.com\\\/naturalpoland.b2b\",\"https:\\\/\\\/pl.linkedin.com\\\/company\\\/natural-poland\",\"https:\\\/\\\/www.youtube.com\\\/channel\\\/UCgeGGkvOMahZo-xu_MSEWxg\"]}]}<\/script>\n<!-- \/ Yoast SEO plugin. -->","yoast_head_json":{"title":"\ud2b8\ub77c\ub125\uc0bc\uc0b0 - NATURAL POLAND - Hurtowy Dystrybutor Surowc\u00f3w","description":"\ud2b8\ub77c\ub125\uc0bc\uc0b0\uc740 \ubbf8\ubc31, \ud56d\uc5fc \ubc0f \ubcf4\ud638 \ud2b9\uc131\uc744 \uc9c0\ub2cc \ub2e4\uc7ac\ub2e4\ub2a5\ud55c \ud65c\uc131 \uc131\ubd84\uc73c\ub85c, \uc548\ud2f0\uc5d0\uc774\uc9d5 \ud654\uc7a5\ud488\uc5d0 \uc0ac\uc6a9\ub429\ub2c8\ub2e4.","robots":{"index":"index","follow":"follow","max-snippet":"max-snippet:-1","max-image-preview":"max-image-preview:large","max-video-preview":"max-video-preview:-1"},"canonical":"https:\/\/naturalpoland.com\/ko\/je-pum\/hwa-jang-pum-won-ryo\/san-ryu\/traneksamsan\/","og_locale":"ko_KR","og_type":"article","og_title":"\ud2b8\ub77c\ub125\uc0bc\uc0b0 - NATURAL POLAND - Hurtowy Dystrybutor Surowc\u00f3w","og_description":"\ud2b8\ub77c\ub125\uc0bc\uc0b0\uc740 \ubbf8\ubc31, \ud56d\uc5fc \ubc0f \ubcf4\ud638 \ud2b9\uc131\uc744 \uc9c0\ub2cc \ub2e4\uc7ac\ub2e4\ub2a5\ud55c \ud65c\uc131 \uc131\ubd84\uc73c\ub85c, \uc548\ud2f0\uc5d0\uc774\uc9d5 \ud654\uc7a5\ud488\uc5d0 \uc0ac\uc6a9\ub429\ub2c8\ub2e4.","og_url":"https:\/\/naturalpoland.com\/ko\/je-pum\/hwa-jang-pum-won-ryo\/san-ryu\/traneksamsan\/","og_site_name":"NATURAL POLAND - Hurtowy Dystrybutor Surowc\u00f3w","article_publisher":"https:\/\/www.facebook.com\/naturalpoland.b2b","article_modified_time":"2025-07-15T13:21:44+00:00","og_image":[{"width":1139,"height":959,"url":"https:\/\/naturalpoland.com\/wp-content\/uploads\/TRANEXAMIC-ACID.jpg","type":"image\/jpeg"}],"schema":{"@context":"https:\/\/schema.org","@graph":[{"@type":"WebPage","@id":"https:\/\/naturalpoland.com\/ko\/je-pum\/hwa-jang-pum-won-ryo\/san-ryu\/traneksamsan\/","url":"https:\/\/naturalpoland.com\/ko\/je-pum\/hwa-jang-pum-won-ryo\/san-ryu\/traneksamsan\/","name":"\ud2b8\ub77c\ub125\uc0bc\uc0b0 - NATURAL POLAND - Hurtowy Dystrybutor Surowc\u00f3w","isPartOf":{"@id":"https:\/\/naturalpoland.com\/ko\/#website"},"primaryImageOfPage":{"@id":"https:\/\/naturalpoland.com\/ko\/je-pum\/hwa-jang-pum-won-ryo\/san-ryu\/traneksamsan\/#primaryimage"},"image":{"@id":"https:\/\/naturalpoland.com\/ko\/je-pum\/hwa-jang-pum-won-ryo\/san-ryu\/traneksamsan\/#primaryimage"},"thumbnailUrl":"https:\/\/naturalpoland.com\/wp-content\/uploads\/TRANEXAMIC-ACID.jpg","datePublished":"2021-07-07T14:06:59+00:00","dateModified":"2025-07-15T13:21:44+00:00","description":"\ud2b8\ub77c\ub125\uc0bc\uc0b0\uc740 \ubbf8\ubc31, \ud56d\uc5fc \ubc0f \ubcf4\ud638 \ud2b9\uc131\uc744 \uc9c0\ub2cc \ub2e4\uc7ac\ub2e4\ub2a5\ud55c \ud65c\uc131 \uc131\ubd84\uc73c\ub85c, \uc548\ud2f0\uc5d0\uc774\uc9d5 \ud654\uc7a5\ud488\uc5d0 \uc0ac\uc6a9\ub429\ub2c8\ub2e4.","breadcrumb":{"@id":"https:\/\/naturalpoland.com\/ko\/je-pum\/hwa-jang-pum-won-ryo\/san-ryu\/traneksamsan\/#breadcrumb"},"inLanguage":"ko-KR","potentialAction":[{"@type":"ReadAction","target":["https:\/\/naturalpoland.com\/ko\/je-pum\/hwa-jang-pum-won-ryo\/san-ryu\/traneksamsan\/"]}]},{"@type":"ImageObject","inLanguage":"ko-KR","@id":"https:\/\/naturalpoland.com\/ko\/je-pum\/hwa-jang-pum-won-ryo\/san-ryu\/traneksamsan\/#primaryimage","url":"https:\/\/naturalpoland.com\/wp-content\/uploads\/TRANEXAMIC-ACID.jpg","contentUrl":"https:\/\/naturalpoland.com\/wp-content\/uploads\/TRANEXAMIC-ACID.jpg","width":1139,"height":959,"caption":"TRANEXAMIC ACID"},{"@type":"BreadcrumbList","@id":"https:\/\/naturalpoland.com\/ko\/je-pum\/hwa-jang-pum-won-ryo\/san-ryu\/traneksamsan\/#breadcrumb","itemListElement":[{"@type":"ListItem","position":1,"name":"\ud648","item":"https:\/\/naturalpoland.com\/ko\/"},{"@type":"ListItem","position":2,"name":"\uc81c\ud488","item":"https:\/\/naturalpoland.com\/ko\/%ec%a0%9c%ed%92%88\/"},{"@type":"ListItem","position":3,"name":"\ud2b8\ub77c\ub125\uc0bc\uc0b0"}]},{"@type":"WebSite","@id":"https:\/\/naturalpoland.com\/ko\/#website","url":"https:\/\/naturalpoland.com\/ko\/","name":"NATURAL POLAND - Hurtowy Dystrybutor Surowc\u00f3w","description":"Surowce dla przemys\u0142u spo\u017cywczego, kosmetycznego i farmaceutycznego","publisher":{"@id":"https:\/\/naturalpoland.com\/ko\/#organization"},"potentialAction":[{"@type":"SearchAction","target":{"@type":"EntryPoint","urlTemplate":"https:\/\/naturalpoland.com\/ko\/?s={search_term_string}"},"query-input":{"@type":"PropertyValueSpecification","valueRequired":true,"valueName":"search_term_string"}}],"inLanguage":"ko-KR"},{"@type":"Organization","@id":"https:\/\/naturalpoland.com\/ko\/#organization","name":"Natural Poland","url":"https:\/\/naturalpoland.com\/ko\/","logo":{"@type":"ImageObject","inLanguage":"ko-KR","@id":"https:\/\/naturalpoland.com\/ko\/#\/schema\/logo\/image\/","url":"https:\/\/naturalpoland.com\/wp-content\/uploads\/2021\/05\/natural-poland-icon.png","contentUrl":"https:\/\/naturalpoland.com\/wp-content\/uploads\/2021\/05\/natural-poland-icon.png","width":512,"height":512,"caption":"Natural Poland"},"image":{"@id":"https:\/\/naturalpoland.com\/ko\/#\/schema\/logo\/image\/"},"sameAs":["https:\/\/www.facebook.com\/naturalpoland.b2b","https:\/\/pl.linkedin.com\/company\/natural-poland","https:\/\/www.youtube.com\/channel\/UCgeGGkvOMahZo-xu_MSEWxg"]}]}},"_links":{"self":[{"href":"https:\/\/naturalpoland.com\/ko\/wp-json\/wp\/v2\/product\/41945","targetHints":{"allow":["GET"]}}],"collection":[{"href":"https:\/\/naturalpoland.com\/ko\/wp-json\/wp\/v2\/product"}],"about":[{"href":"https:\/\/naturalpoland.com\/ko\/wp-json\/wp\/v2\/types\/product"}],"wp:featuredmedia":[{"embeddable":true,"href":"https:\/\/naturalpoland.com\/ko\/wp-json\/wp\/v2\/media\/41946"}],"wp:attachment":[{"href":"https:\/\/naturalpoland.com\/ko\/wp-json\/wp\/v2\/media?parent=41945"}],"wp:term":[{"taxonomy":"product_brand","embeddable":true,"href":"https:\/\/naturalpoland.com\/ko\/wp-json\/wp\/v2\/product_brand?post=41945"},{"taxonomy":"product_cat","embeddable":true,"href":"https:\/\/naturalpoland.com\/ko\/wp-json\/wp\/v2\/product_cat?post=41945"},{"taxonomy":"product_tag","embeddable":true,"href":"https:\/\/naturalpoland.com\/ko\/wp-json\/wp\/v2\/product_tag?post=41945"}],"curies":[{"name":"wp","href":"https:\/\/api.w.org\/{rel}","templated":true}]}}