{"id":41949,"date":"2021-05-11T13:57:22","date_gmt":"2021-05-11T11:57:22","guid":{"rendered":"https:\/\/naturalpoland.com\/produkty\/uncategorized\/%ed%83%80%ec%9a%b0%eb%a6%b0\/"},"modified":"2025-07-15T15:22:08","modified_gmt":"2025-07-15T13:22:08","slug":"taurin","status":"publish","type":"product","link":"https:\/\/naturalpoland.com\/ko\/je-pum\/ui-yak-pum-won-ryo\/a-mi-no-san\/taurin\/","title":{"rendered":"\ud0c0\uc6b0\ub9b0"},"content":{"rendered":"<p>\ud0c0\uc6b0\ub9b0\uc740 2-\uc544\ubbf8\ub178\uc5d0\ud0c4\uc124\ud3f0\uc0b0\uc73c\ub85c, \uc2e0\uccb4 \ud65c\ub3d9 \ud6c4 \uadfc\uc721 \ud68c\ubcf5\uc744 \ub3d5\ub294 \uc544\ubbf8\ub178\uc0b0\uc785\ub2c8\ub2e4. \uc774\ub294 \uc6b4\ub3d9\uc120\uc218 \ubc0f \ud2b9\ud788 \uaca9\ub82c\ud55c \uc6b4\ub3d9\uc5d0 \ub178\ucd9c\ub418\ub294 \uc0ac\ub78c\ub4e4\uc744 \uc704\ud55c \ub9ce\uc740 \uac74\uac15 \ubcf4\uc870 \uc2dd\ud488\uc758 \uc911\uc694\ud55c \uc131\ubd84\uc785\ub2c8\ub2e4.<\/p>\n<h2>\ud0c0\uc6b0\ub9b0\uc758 \ud6a8\ub2a5:<\/h2>\n<p>\ud0c0\uc6b0\ub9b0\uc740 \uc9c0\ubc29 \ub300\uc0ac\ub97c \uac1c\uc120\ud558\uace0 \ud608\uc555\uc744 \ub0ae\ucd94\uba70 \uac04\uc744 \ubcf4\ud638\ud569\ub2c8\ub2e4. \ub610\ud55c \ube60\ub978 \uc5d0\ub108\uc9c0 \uc99d\uc9c4\uc744 \uc720\ubc1c\ud560 \uc218 \uc788\uc2b5\ub2c8\ub2e4. \ub9e4\uc6b0 \uaca9\ub82c\ud55c \uc6b4\ub3d9\uc73c\ub85c \uc190\uc0c1\ub41c \uadfc\uc721 \uc138\ud3ec\uc758 \uc7ac\uc0dd\uc5d0 \ud544\uc218\uc801\uc785\ub2c8\ub2e4. \ud0c0\uc6b0\ub9b0\uc740 \uc0b0\ud654 \uc2a4\ud2b8\ub808\uc2a4\ub85c\ubd80\ud130 \uadfc\uc721 \uc138\ud3ec\ub97c \ubcf4\ud638\ud558\ub294 \ud06c\ub808\uc544\ud2f4\uc758 \uc6b4\ubc18\uc744 \uc6a9\uc774\ud558\uac8c \ud569\ub2c8\ub2e4. \uadfc\uc721\ub7c9 \uc99d\uac00\ub97c \ub3d5\uace0 \uadfc\uc721 \uc774\uc644\uc744 \uc720\ub3c4\ud569\ub2c8\ub2e4. \ub610\ud55c \uc801\uc808\ud55c \ub9c8\uadf8\ub124\uc298\uacfc \uce7c\ub968 \uc218\uce58\ub97c \uc720\uc9c0\ud558\ub294 \ub370 \uae30\uc5ec\ud560 \uc218 \uc788\uc2b5\ub2c8\ub2e4.<\/p>\n","protected":false},"excerpt":{"rendered":"<p>\ub2f9\uc0ac\ub294 \uace0\ud488\uc9c8 <strong>\ud0c0\uc6b0\ub9b0<\/strong>\uc758 \ub3c4\ub9e4 \uc720\ud1b5\uc5c5\uccb4\uc785\ub2c8\ub2e4. \ud0c0\uc6b0\ub9b0\uc740 \uc8fc\ub85c \uc870\ub958\uc640 \ud574\uc870\ub958\uc5d0\uc11c \ubc1c\uacac\ub429\ub2c8\ub2e4. \uc774\ub294 \uc9c0\ubc29 \uc870\uc9c1\uc5d0\uc11c \uccb4\uc628 \uc870\uc808\uc744 \ub2f4\ub2f9\ud558\ub294 \uc720\uc804\uc790\uc758 \ubc1c\ud604\uc744 \uc790\uadf9\ud558\uae30 \ub54c\ubb38\uc5d0 \uc18c\uc704 &#8216;\uc5f4 \ubc1c\uc0dd\uc81c&#8217;\ub77c\uace0 \ubd88\ub9bd\ub2c8\ub2e4.<\/p>\n","protected":false},"featured_media":41951,"template":"","meta":{"_acf_changed":false},"product_brand":[],"product_cat":[8142],"product_tag":[],"class_list":{"0":"post-41949","1":"product","2":"type-product","3":"status-publish","4":"has-post-thumbnail","6":"product_cat-a-mi-no-san","8":"first","9":"instock","10":"shipping-taxable","11":"product-type-simple"},"acf":[],"yoast_head":"<!-- This site is optimized with the Yoast SEO plugin v27.4 - https:\/\/yoast.com\/product\/yoast-seo-wordpress\/ -->\n<title>\ud0c0\uc6b0\ub9b0 - Hurtowy Dystrybutor<\/title>\n<meta name=\"description\" content=\"\ud0c0\uc6b0\ub9b0\uc740 \uc9c0\ubc29 \uc870\uc9c1\uc5d0\uc11c \uccb4\uc628 \uc870\uc808\uc744 \ub2f4\ub2f9\ud558\ub294 \uc720\uc804\uc790\uc758 \ubc1c\ud604\uc744 \uc790\uadf9\ud558\uae30 \ub54c\ubb38\uc5d0 \uc18c\uc704 &#039;\uc5f4 \ubc1c\uc0dd\uc81c&#039;\ub77c\uace0 \ubd88\ub9bd\ub2c8\ub2e4.\" \/>\n<meta name=\"robots\" content=\"index, follow, max-snippet:-1, max-image-preview:large, max-video-preview:-1\" \/>\n<link rel=\"canonical\" href=\"https:\/\/naturalpoland.com\/ko\/je-pum\/ui-yak-pum-won-ryo\/a-mi-no-san\/taurin\/\" \/>\n<meta property=\"og:locale\" content=\"ko_KR\" \/>\n<meta property=\"og:type\" content=\"article\" \/>\n<meta property=\"og:title\" content=\"\ud0c0\uc6b0\ub9b0 - Hurtowy Dystrybutor\" \/>\n<meta property=\"og:description\" content=\"\ud0c0\uc6b0\ub9b0\uc740 \uc9c0\ubc29 \uc870\uc9c1\uc5d0\uc11c \uccb4\uc628 \uc870\uc808\uc744 \ub2f4\ub2f9\ud558\ub294 \uc720\uc804\uc790\uc758 \ubc1c\ud604\uc744 \uc790\uadf9\ud558\uae30 \ub54c\ubb38\uc5d0 \uc18c\uc704 &#039;\uc5f4 \ubc1c\uc0dd\uc81c&#039;\ub77c\uace0 \ubd88\ub9bd\ub2c8\ub2e4.\" \/>\n<meta property=\"og:url\" content=\"https:\/\/naturalpoland.com\/ko\/je-pum\/ui-yak-pum-won-ryo\/a-mi-no-san\/taurin\/\" \/>\n<meta property=\"og:site_name\" content=\"NATURAL POLAND - Hurtowy Dystrybutor Surowc\u00f3w\" \/>\n<meta property=\"article:publisher\" content=\"https:\/\/www.facebook.com\/naturalpoland.b2b\" \/>\n<meta property=\"article:modified_time\" content=\"2025-07-15T13:22:08+00:00\" \/>\n<meta property=\"og:image\" content=\"https:\/\/naturalpoland.com\/wp-content\/uploads\/2021\/05\/taurine.jpg\" \/>\n\t<meta property=\"og:image:width\" content=\"1070\" \/>\n\t<meta property=\"og:image:height\" content=\"519\" \/>\n\t<meta property=\"og:image:type\" content=\"image\/jpeg\" \/>\n<script type=\"application\/ld+json\" class=\"yoast-schema-graph\">{\"@context\":\"https:\\\/\\\/schema.org\",\"@graph\":[{\"@type\":\"WebPage\",\"@id\":\"https:\\\/\\\/naturalpoland.com\\\/ko\\\/je-pum\\\/ui-yak-pum-won-ryo\\\/a-mi-no-san\\\/taurin\\\/\",\"url\":\"https:\\\/\\\/naturalpoland.com\\\/ko\\\/je-pum\\\/ui-yak-pum-won-ryo\\\/a-mi-no-san\\\/taurin\\\/\",\"name\":\"\ud0c0\uc6b0\ub9b0 - Hurtowy Dystrybutor\",\"isPartOf\":{\"@id\":\"https:\\\/\\\/naturalpoland.com\\\/ko\\\/#website\"},\"primaryImageOfPage\":{\"@id\":\"https:\\\/\\\/naturalpoland.com\\\/ko\\\/je-pum\\\/ui-yak-pum-won-ryo\\\/a-mi-no-san\\\/taurin\\\/#primaryimage\"},\"image\":{\"@id\":\"https:\\\/\\\/naturalpoland.com\\\/ko\\\/je-pum\\\/ui-yak-pum-won-ryo\\\/a-mi-no-san\\\/taurin\\\/#primaryimage\"},\"thumbnailUrl\":\"https:\\\/\\\/naturalpoland.com\\\/wp-content\\\/uploads\\\/tauryna.webp\",\"datePublished\":\"2021-05-11T11:57:22+00:00\",\"dateModified\":\"2025-07-15T13:22:08+00:00\",\"description\":\"\ud0c0\uc6b0\ub9b0\uc740 \uc9c0\ubc29 \uc870\uc9c1\uc5d0\uc11c \uccb4\uc628 \uc870\uc808\uc744 \ub2f4\ub2f9\ud558\ub294 \uc720\uc804\uc790\uc758 \ubc1c\ud604\uc744 \uc790\uadf9\ud558\uae30 \ub54c\ubb38\uc5d0 \uc18c\uc704 '\uc5f4 \ubc1c\uc0dd\uc81c'\ub77c\uace0 \ubd88\ub9bd\ub2c8\ub2e4.\",\"breadcrumb\":{\"@id\":\"https:\\\/\\\/naturalpoland.com\\\/ko\\\/je-pum\\\/ui-yak-pum-won-ryo\\\/a-mi-no-san\\\/taurin\\\/#breadcrumb\"},\"inLanguage\":\"ko-KR\",\"potentialAction\":[{\"@type\":\"ReadAction\",\"target\":[\"https:\\\/\\\/naturalpoland.com\\\/ko\\\/je-pum\\\/ui-yak-pum-won-ryo\\\/a-mi-no-san\\\/taurin\\\/\"]}]},{\"@type\":\"ImageObject\",\"inLanguage\":\"ko-KR\",\"@id\":\"https:\\\/\\\/naturalpoland.com\\\/ko\\\/je-pum\\\/ui-yak-pum-won-ryo\\\/a-mi-no-san\\\/taurin\\\/#primaryimage\",\"url\":\"https:\\\/\\\/naturalpoland.com\\\/wp-content\\\/uploads\\\/tauryna.webp\",\"contentUrl\":\"https:\\\/\\\/naturalpoland.com\\\/wp-content\\\/uploads\\\/tauryna.webp\",\"width\":616,\"height\":616,\"caption\":\"tauryna\"},{\"@type\":\"BreadcrumbList\",\"@id\":\"https:\\\/\\\/naturalpoland.com\\\/ko\\\/je-pum\\\/ui-yak-pum-won-ryo\\\/a-mi-no-san\\\/taurin\\\/#breadcrumb\",\"itemListElement\":[{\"@type\":\"ListItem\",\"position\":1,\"name\":\"\ud648\",\"item\":\"https:\\\/\\\/naturalpoland.com\\\/ko\\\/\"},{\"@type\":\"ListItem\",\"position\":2,\"name\":\"\uc81c\ud488\",\"item\":\"https:\\\/\\\/naturalpoland.com\\\/ko\\\/%ec%a0%9c%ed%92%88\\\/\"},{\"@type\":\"ListItem\",\"position\":3,\"name\":\"\ud0c0\uc6b0\ub9b0\"}]},{\"@type\":\"WebSite\",\"@id\":\"https:\\\/\\\/naturalpoland.com\\\/ko\\\/#website\",\"url\":\"https:\\\/\\\/naturalpoland.com\\\/ko\\\/\",\"name\":\"NATURAL POLAND - Hurtowy Dystrybutor Surowc\u00f3w\",\"description\":\"Surowce dla przemys\u0142u spo\u017cywczego, kosmetycznego i farmaceutycznego\",\"publisher\":{\"@id\":\"https:\\\/\\\/naturalpoland.com\\\/ko\\\/#organization\"},\"potentialAction\":[{\"@type\":\"SearchAction\",\"target\":{\"@type\":\"EntryPoint\",\"urlTemplate\":\"https:\\\/\\\/naturalpoland.com\\\/ko\\\/?s={search_term_string}\"},\"query-input\":{\"@type\":\"PropertyValueSpecification\",\"valueRequired\":true,\"valueName\":\"search_term_string\"}}],\"inLanguage\":\"ko-KR\"},{\"@type\":\"Organization\",\"@id\":\"https:\\\/\\\/naturalpoland.com\\\/ko\\\/#organization\",\"name\":\"Natural Poland\",\"url\":\"https:\\\/\\\/naturalpoland.com\\\/ko\\\/\",\"logo\":{\"@type\":\"ImageObject\",\"inLanguage\":\"ko-KR\",\"@id\":\"https:\\\/\\\/naturalpoland.com\\\/ko\\\/#\\\/schema\\\/logo\\\/image\\\/\",\"url\":\"https:\\\/\\\/naturalpoland.com\\\/wp-content\\\/uploads\\\/2021\\\/05\\\/natural-poland-icon.png\",\"contentUrl\":\"https:\\\/\\\/naturalpoland.com\\\/wp-content\\\/uploads\\\/2021\\\/05\\\/natural-poland-icon.png\",\"width\":512,\"height\":512,\"caption\":\"Natural Poland\"},\"image\":{\"@id\":\"https:\\\/\\\/naturalpoland.com\\\/ko\\\/#\\\/schema\\\/logo\\\/image\\\/\"},\"sameAs\":[\"https:\\\/\\\/www.facebook.com\\\/naturalpoland.b2b\",\"https:\\\/\\\/pl.linkedin.com\\\/company\\\/natural-poland\",\"https:\\\/\\\/www.youtube.com\\\/channel\\\/UCgeGGkvOMahZo-xu_MSEWxg\"]}]}<\/script>\n<!-- \/ Yoast SEO plugin. -->","yoast_head_json":{"title":"\ud0c0\uc6b0\ub9b0 - Hurtowy Dystrybutor","description":"\ud0c0\uc6b0\ub9b0\uc740 \uc9c0\ubc29 \uc870\uc9c1\uc5d0\uc11c \uccb4\uc628 \uc870\uc808\uc744 \ub2f4\ub2f9\ud558\ub294 \uc720\uc804\uc790\uc758 \ubc1c\ud604\uc744 \uc790\uadf9\ud558\uae30 \ub54c\ubb38\uc5d0 \uc18c\uc704 '\uc5f4 \ubc1c\uc0dd\uc81c'\ub77c\uace0 \ubd88\ub9bd\ub2c8\ub2e4.","robots":{"index":"index","follow":"follow","max-snippet":"max-snippet:-1","max-image-preview":"max-image-preview:large","max-video-preview":"max-video-preview:-1"},"canonical":"https:\/\/naturalpoland.com\/ko\/je-pum\/ui-yak-pum-won-ryo\/a-mi-no-san\/taurin\/","og_locale":"ko_KR","og_type":"article","og_title":"\ud0c0\uc6b0\ub9b0 - Hurtowy Dystrybutor","og_description":"\ud0c0\uc6b0\ub9b0\uc740 \uc9c0\ubc29 \uc870\uc9c1\uc5d0\uc11c \uccb4\uc628 \uc870\uc808\uc744 \ub2f4\ub2f9\ud558\ub294 \uc720\uc804\uc790\uc758 \ubc1c\ud604\uc744 \uc790\uadf9\ud558\uae30 \ub54c\ubb38\uc5d0 \uc18c\uc704 '\uc5f4 \ubc1c\uc0dd\uc81c'\ub77c\uace0 \ubd88\ub9bd\ub2c8\ub2e4.","og_url":"https:\/\/naturalpoland.com\/ko\/je-pum\/ui-yak-pum-won-ryo\/a-mi-no-san\/taurin\/","og_site_name":"NATURAL POLAND - Hurtowy Dystrybutor Surowc\u00f3w","article_publisher":"https:\/\/www.facebook.com\/naturalpoland.b2b","article_modified_time":"2025-07-15T13:22:08+00:00","og_image":[{"width":1070,"height":519,"url":"https:\/\/naturalpoland.com\/wp-content\/uploads\/2021\/05\/taurine.jpg","type":"image\/jpeg"}],"schema":{"@context":"https:\/\/schema.org","@graph":[{"@type":"WebPage","@id":"https:\/\/naturalpoland.com\/ko\/je-pum\/ui-yak-pum-won-ryo\/a-mi-no-san\/taurin\/","url":"https:\/\/naturalpoland.com\/ko\/je-pum\/ui-yak-pum-won-ryo\/a-mi-no-san\/taurin\/","name":"\ud0c0\uc6b0\ub9b0 - Hurtowy Dystrybutor","isPartOf":{"@id":"https:\/\/naturalpoland.com\/ko\/#website"},"primaryImageOfPage":{"@id":"https:\/\/naturalpoland.com\/ko\/je-pum\/ui-yak-pum-won-ryo\/a-mi-no-san\/taurin\/#primaryimage"},"image":{"@id":"https:\/\/naturalpoland.com\/ko\/je-pum\/ui-yak-pum-won-ryo\/a-mi-no-san\/taurin\/#primaryimage"},"thumbnailUrl":"https:\/\/naturalpoland.com\/wp-content\/uploads\/tauryna.webp","datePublished":"2021-05-11T11:57:22+00:00","dateModified":"2025-07-15T13:22:08+00:00","description":"\ud0c0\uc6b0\ub9b0\uc740 \uc9c0\ubc29 \uc870\uc9c1\uc5d0\uc11c \uccb4\uc628 \uc870\uc808\uc744 \ub2f4\ub2f9\ud558\ub294 \uc720\uc804\uc790\uc758 \ubc1c\ud604\uc744 \uc790\uadf9\ud558\uae30 \ub54c\ubb38\uc5d0 \uc18c\uc704 '\uc5f4 \ubc1c\uc0dd\uc81c'\ub77c\uace0 \ubd88\ub9bd\ub2c8\ub2e4.","breadcrumb":{"@id":"https:\/\/naturalpoland.com\/ko\/je-pum\/ui-yak-pum-won-ryo\/a-mi-no-san\/taurin\/#breadcrumb"},"inLanguage":"ko-KR","potentialAction":[{"@type":"ReadAction","target":["https:\/\/naturalpoland.com\/ko\/je-pum\/ui-yak-pum-won-ryo\/a-mi-no-san\/taurin\/"]}]},{"@type":"ImageObject","inLanguage":"ko-KR","@id":"https:\/\/naturalpoland.com\/ko\/je-pum\/ui-yak-pum-won-ryo\/a-mi-no-san\/taurin\/#primaryimage","url":"https:\/\/naturalpoland.com\/wp-content\/uploads\/tauryna.webp","contentUrl":"https:\/\/naturalpoland.com\/wp-content\/uploads\/tauryna.webp","width":616,"height":616,"caption":"tauryna"},{"@type":"BreadcrumbList","@id":"https:\/\/naturalpoland.com\/ko\/je-pum\/ui-yak-pum-won-ryo\/a-mi-no-san\/taurin\/#breadcrumb","itemListElement":[{"@type":"ListItem","position":1,"name":"\ud648","item":"https:\/\/naturalpoland.com\/ko\/"},{"@type":"ListItem","position":2,"name":"\uc81c\ud488","item":"https:\/\/naturalpoland.com\/ko\/%ec%a0%9c%ed%92%88\/"},{"@type":"ListItem","position":3,"name":"\ud0c0\uc6b0\ub9b0"}]},{"@type":"WebSite","@id":"https:\/\/naturalpoland.com\/ko\/#website","url":"https:\/\/naturalpoland.com\/ko\/","name":"NATURAL POLAND - Hurtowy Dystrybutor Surowc\u00f3w","description":"Surowce dla przemys\u0142u spo\u017cywczego, kosmetycznego i farmaceutycznego","publisher":{"@id":"https:\/\/naturalpoland.com\/ko\/#organization"},"potentialAction":[{"@type":"SearchAction","target":{"@type":"EntryPoint","urlTemplate":"https:\/\/naturalpoland.com\/ko\/?s={search_term_string}"},"query-input":{"@type":"PropertyValueSpecification","valueRequired":true,"valueName":"search_term_string"}}],"inLanguage":"ko-KR"},{"@type":"Organization","@id":"https:\/\/naturalpoland.com\/ko\/#organization","name":"Natural Poland","url":"https:\/\/naturalpoland.com\/ko\/","logo":{"@type":"ImageObject","inLanguage":"ko-KR","@id":"https:\/\/naturalpoland.com\/ko\/#\/schema\/logo\/image\/","url":"https:\/\/naturalpoland.com\/wp-content\/uploads\/2021\/05\/natural-poland-icon.png","contentUrl":"https:\/\/naturalpoland.com\/wp-content\/uploads\/2021\/05\/natural-poland-icon.png","width":512,"height":512,"caption":"Natural Poland"},"image":{"@id":"https:\/\/naturalpoland.com\/ko\/#\/schema\/logo\/image\/"},"sameAs":["https:\/\/www.facebook.com\/naturalpoland.b2b","https:\/\/pl.linkedin.com\/company\/natural-poland","https:\/\/www.youtube.com\/channel\/UCgeGGkvOMahZo-xu_MSEWxg"]}]}},"_links":{"self":[{"href":"https:\/\/naturalpoland.com\/ko\/wp-json\/wp\/v2\/product\/41949","targetHints":{"allow":["GET"]}}],"collection":[{"href":"https:\/\/naturalpoland.com\/ko\/wp-json\/wp\/v2\/product"}],"about":[{"href":"https:\/\/naturalpoland.com\/ko\/wp-json\/wp\/v2\/types\/product"}],"wp:featuredmedia":[{"embeddable":true,"href":"https:\/\/naturalpoland.com\/ko\/wp-json\/wp\/v2\/media\/41951"}],"wp:attachment":[{"href":"https:\/\/naturalpoland.com\/ko\/wp-json\/wp\/v2\/media?parent=41949"}],"wp:term":[{"taxonomy":"product_brand","embeddable":true,"href":"https:\/\/naturalpoland.com\/ko\/wp-json\/wp\/v2\/product_brand?post=41949"},{"taxonomy":"product_cat","embeddable":true,"href":"https:\/\/naturalpoland.com\/ko\/wp-json\/wp\/v2\/product_cat?post=41949"},{"taxonomy":"product_tag","embeddable":true,"href":"https:\/\/naturalpoland.com\/ko\/wp-json\/wp\/v2\/product_tag?post=41949"}],"curies":[{"name":"wp","href":"https:\/\/api.w.org\/{rel}","templated":true}]}}