{"id":41954,"date":"2021-05-11T13:42:11","date_gmt":"2021-05-11T11:42:11","guid":{"rendered":"https:\/\/naturalpoland.com\/produkty\/uncategorized\/l-%ec%98%a4%eb%a5%b4%eb%8b%88%ed%8b%b4-%ec%97%90%ed%8b%b8-%ec%97%90%ec%8a%a4%ed%84%b0\/"},"modified":"2025-07-15T15:30:35","modified_gmt":"2025-07-15T13:30:35","slug":"l-oreunitin-etil-eseuteo","status":"publish","type":"product","link":"https:\/\/naturalpoland.com\/ko\/je-pum\/ui-yak-pum-won-ryo\/a-mi-no-san\/l-oreunitin-etil-eseuteo\/","title":{"rendered":"L-\uc624\ub974\ub2c8\ud2f4 \uc5d0\ud2f8 \uc5d0\uc2a4\ud130"},"content":{"rendered":"<p>\uc774\ub294 \uc694\uc18c \ud68c\ub85c\uc5d0\uc11c \uc911\uc694\ud55c \uc5ed\ud560\uc744 \ud558\uba70, \uacfc\ub3c4\ud55c \uc591\uc758 \uc554\ubaa8\ub2c8\uc544\ub97c \uccb4\uc678\ub85c \ubc30\ucd9c\ud558\ub294 \ub370 \uad00\uc5ec\ud569\ub2c8\ub2e4. \uc554\ubaa8\ub2c8\uc544\uc758 \ub18d\ub3c4\uac00 \ub108\ubb34 \ub192\uc73c\uba74 \ubc14\ub78c\uc9c1\ud558\uc9c0 \uc54a\uc2b5\ub2c8\ub2e4. \uc774\ub7ec\ud55c \ubc29\uc2dd\uc73c\ub85c \uc624\ub974\ub2c8\ud2f4\uc740 \uc554\ubaa8\ub2c8\uc544\uc758 \uc601\ud5a5\uc73c\ub85c\ubd80\ud130 \uac04\uc744 \ubcf4\ud638\ud558\uace0 \uac04 \uc7ac\uc0dd\uc744 \ub3d5\uc2b5\ub2c8\ub2e4.<\/p>\n<p>L-\uc624\ub974\ub2c8\ud2f4 \uc5d0\ud2f8 \uc5d0\uc2a4\ud130\ub294 \uadfc\uc721\ub7c9 \uc99d\uac00\ub97c \ud6a8\uacfc\uc801\uc73c\ub85c \uac00\uc18d\ud654\ud558\uae30 \ub54c\ubb38\uc5d0 \uc6b4\ub3d9\uc120\uc218\ub4e4\uc774 \uc790\uc8fc \uc120\ud0dd\ud569\ub2c8\ub2e4. \uc624\ub974\ub2c8\ud2f4\uc740 \ub610\ud55c \uaca9\ub82c\ud55c \uc6b4\ub3d9 \ud6c4 \uc554\ubaa8\ub2c8\uc544 \uc218\uce58\uac00 \ub108\ubb34 \ub192\uc544\uc838 \ubc1c\uc0dd\ud558\ub294 \ud53c\ub85c\uac10\uc744 \uc904\uc77c \uc218 \uc788\uc2b5\ub2c8\ub2e4. \uc774 \uc544\ubbf8\ub178\uc0b0\uc758 \ub610 \ub2e4\ub978 \uc7a5\uc810\uc740 \ub2e4\ub978 \ubcf4\ucda9\uc81c \uc12d\ucde8\ub85c \uc778\ud55c \uc7a0\uc7ac\uc801\uc778 \ubd80\ub2f4\uc73c\ub85c\ubd80\ud130 \uac04\uc744 \ubcf4\ud638\ud55c\ub2e4\ub294 \uac83\uc785\ub2c8\ub2e4.<\/p>\n","protected":false},"excerpt":{"rendered":"<p><strong>L-\uc624\ub974\ub2c8\ud2f4 \uc5d0\ud2f8 \uc5d0\uc2a4\ud130<\/strong>\ub294 L-\uc624\ub974\ub2c8\ud2f4\ubcf4\ub2e4 \ud761\uc218\uc728\uc774 \ub354 \uc88b\uc740 \ud615\ud0dc\uc785\ub2c8\ub2e4. \uc774\ub294 \uc544\ubbf8\ub178\uc0b0\uc758 \uc5d0\uc2a4\ud14c\ub974\ud654\ub85c \uc778\ud574 \uc0dd\uc131\ub418\uc5c8\uc2b5\ub2c8\ub2e4.<\/p>\n","protected":false},"featured_media":41955,"template":"","meta":{"_acf_changed":false},"product_brand":[],"product_cat":[8142],"product_tag":[8531],"class_list":{"0":"post-41954","1":"product","2":"type-product","3":"status-publish","4":"has-post-thumbnail","6":"product_cat-a-mi-no-san","7":"product_tag-8531","9":"first","10":"instock","11":"shipping-taxable","12":"product-type-simple"},"acf":[],"yoast_head":"<!-- This site is optimized with the Yoast SEO plugin v27.4 - https:\/\/yoast.com\/product\/yoast-seo-wordpress\/ -->\n<title>L-\uc624\ub974\ub2c8\ud2f4 \uc5d0\ud2f8 \uc5d0\uc2a4\ud130 - Hurtowy Dystrybutor<\/title>\n<meta name=\"robots\" content=\"index, follow, max-snippet:-1, max-image-preview:large, max-video-preview:-1\" \/>\n<link rel=\"canonical\" href=\"https:\/\/naturalpoland.com\/ko\/je-pum\/ui-yak-pum-won-ryo\/a-mi-no-san\/l-oreunitin-etil-eseuteo\/\" \/>\n<meta property=\"og:locale\" content=\"ko_KR\" \/>\n<meta property=\"og:type\" content=\"article\" \/>\n<meta property=\"og:title\" content=\"L-\uc624\ub974\ub2c8\ud2f4 \uc5d0\ud2f8 \uc5d0\uc2a4\ud130 - Hurtowy Dystrybutor\" \/>\n<meta property=\"og:description\" content=\"L-\uc624\ub974\ub2c8\ud2f4 \uc5d0\ud2f8 \uc5d0\uc2a4\ud130\ub294 L-\uc624\ub974\ub2c8\ud2f4\ubcf4\ub2e4 \ud761\uc218\uc728\uc774 \ub354 \uc88b\uc740 \ud615\ud0dc\uc785\ub2c8\ub2e4. \uc774\ub294 \uc544\ubbf8\ub178\uc0b0\uc758 \uc5d0\uc2a4\ud14c\ub974\ud654\ub85c \uc778\ud574 \uc0dd\uc131\ub418\uc5c8\uc2b5\ub2c8\ub2e4.\" \/>\n<meta property=\"og:url\" content=\"https:\/\/naturalpoland.com\/ko\/je-pum\/ui-yak-pum-won-ryo\/a-mi-no-san\/l-oreunitin-etil-eseuteo\/\" \/>\n<meta property=\"og:site_name\" content=\"NATURAL POLAND - Hurtowy Dystrybutor Surowc\u00f3w\" \/>\n<meta property=\"article:publisher\" content=\"https:\/\/www.facebook.com\/naturalpoland.b2b\" \/>\n<meta property=\"article:modified_time\" content=\"2025-07-15T13:30:35+00:00\" \/>\n<meta property=\"og:image\" content=\"https:\/\/naturalpoland.com\/wp-content\/uploads\/2021\/05\/ethyl-ester-l-ornithine.png\" \/>\n\t<meta property=\"og:image:width\" content=\"1066\" \/>\n\t<meta property=\"og:image:height\" content=\"430\" \/>\n\t<meta property=\"og:image:type\" content=\"image\/png\" \/>\n<script type=\"application\/ld+json\" class=\"yoast-schema-graph\">{\"@context\":\"https:\\\/\\\/schema.org\",\"@graph\":[{\"@type\":\"WebPage\",\"@id\":\"https:\\\/\\\/naturalpoland.com\\\/ko\\\/je-pum\\\/ui-yak-pum-won-ryo\\\/a-mi-no-san\\\/l-oreunitin-etil-eseuteo\\\/\",\"url\":\"https:\\\/\\\/naturalpoland.com\\\/ko\\\/je-pum\\\/ui-yak-pum-won-ryo\\\/a-mi-no-san\\\/l-oreunitin-etil-eseuteo\\\/\",\"name\":\"L-\uc624\ub974\ub2c8\ud2f4 \uc5d0\ud2f8 \uc5d0\uc2a4\ud130 - Hurtowy Dystrybutor\",\"isPartOf\":{\"@id\":\"https:\\\/\\\/naturalpoland.com\\\/ko\\\/#website\"},\"primaryImageOfPage\":{\"@id\":\"https:\\\/\\\/naturalpoland.com\\\/ko\\\/je-pum\\\/ui-yak-pum-won-ryo\\\/a-mi-no-san\\\/l-oreunitin-etil-eseuteo\\\/#primaryimage\"},\"image\":{\"@id\":\"https:\\\/\\\/naturalpoland.com\\\/ko\\\/je-pum\\\/ui-yak-pum-won-ryo\\\/a-mi-no-san\\\/l-oreunitin-etil-eseuteo\\\/#primaryimage\"},\"thumbnailUrl\":\"https:\\\/\\\/naturalpoland.com\\\/wp-content\\\/uploads\\\/2021\\\/05\\\/ethyl-ester-l-ornithine.png\",\"datePublished\":\"2021-05-11T11:42:11+00:00\",\"dateModified\":\"2025-07-15T13:30:35+00:00\",\"breadcrumb\":{\"@id\":\"https:\\\/\\\/naturalpoland.com\\\/ko\\\/je-pum\\\/ui-yak-pum-won-ryo\\\/a-mi-no-san\\\/l-oreunitin-etil-eseuteo\\\/#breadcrumb\"},\"inLanguage\":\"ko-KR\",\"potentialAction\":[{\"@type\":\"ReadAction\",\"target\":[\"https:\\\/\\\/naturalpoland.com\\\/ko\\\/je-pum\\\/ui-yak-pum-won-ryo\\\/a-mi-no-san\\\/l-oreunitin-etil-eseuteo\\\/\"]}]},{\"@type\":\"ImageObject\",\"inLanguage\":\"ko-KR\",\"@id\":\"https:\\\/\\\/naturalpoland.com\\\/ko\\\/je-pum\\\/ui-yak-pum-won-ryo\\\/a-mi-no-san\\\/l-oreunitin-etil-eseuteo\\\/#primaryimage\",\"url\":\"https:\\\/\\\/naturalpoland.com\\\/wp-content\\\/uploads\\\/2021\\\/05\\\/ethyl-ester-l-ornithine.png\",\"contentUrl\":\"https:\\\/\\\/naturalpoland.com\\\/wp-content\\\/uploads\\\/2021\\\/05\\\/ethyl-ester-l-ornithine.png\",\"width\":1066,\"height\":430,\"caption\":\"Ester etylowy L-ornityny\"},{\"@type\":\"BreadcrumbList\",\"@id\":\"https:\\\/\\\/naturalpoland.com\\\/ko\\\/je-pum\\\/ui-yak-pum-won-ryo\\\/a-mi-no-san\\\/l-oreunitin-etil-eseuteo\\\/#breadcrumb\",\"itemListElement\":[{\"@type\":\"ListItem\",\"position\":1,\"name\":\"\ud648\",\"item\":\"https:\\\/\\\/naturalpoland.com\\\/ko\\\/\"},{\"@type\":\"ListItem\",\"position\":2,\"name\":\"\uc81c\ud488\",\"item\":\"https:\\\/\\\/naturalpoland.com\\\/ko\\\/%ec%a0%9c%ed%92%88\\\/\"},{\"@type\":\"ListItem\",\"position\":3,\"name\":\"L-\uc624\ub974\ub2c8\ud2f4 \uc5d0\ud2f8 \uc5d0\uc2a4\ud130\"}]},{\"@type\":\"WebSite\",\"@id\":\"https:\\\/\\\/naturalpoland.com\\\/ko\\\/#website\",\"url\":\"https:\\\/\\\/naturalpoland.com\\\/ko\\\/\",\"name\":\"NATURAL POLAND - Hurtowy Dystrybutor Surowc\u00f3w\",\"description\":\"Surowce dla przemys\u0142u spo\u017cywczego, kosmetycznego i farmaceutycznego\",\"publisher\":{\"@id\":\"https:\\\/\\\/naturalpoland.com\\\/ko\\\/#organization\"},\"potentialAction\":[{\"@type\":\"SearchAction\",\"target\":{\"@type\":\"EntryPoint\",\"urlTemplate\":\"https:\\\/\\\/naturalpoland.com\\\/ko\\\/?s={search_term_string}\"},\"query-input\":{\"@type\":\"PropertyValueSpecification\",\"valueRequired\":true,\"valueName\":\"search_term_string\"}}],\"inLanguage\":\"ko-KR\"},{\"@type\":\"Organization\",\"@id\":\"https:\\\/\\\/naturalpoland.com\\\/ko\\\/#organization\",\"name\":\"Natural Poland\",\"url\":\"https:\\\/\\\/naturalpoland.com\\\/ko\\\/\",\"logo\":{\"@type\":\"ImageObject\",\"inLanguage\":\"ko-KR\",\"@id\":\"https:\\\/\\\/naturalpoland.com\\\/ko\\\/#\\\/schema\\\/logo\\\/image\\\/\",\"url\":\"https:\\\/\\\/naturalpoland.com\\\/wp-content\\\/uploads\\\/2021\\\/05\\\/natural-poland-icon.png\",\"contentUrl\":\"https:\\\/\\\/naturalpoland.com\\\/wp-content\\\/uploads\\\/2021\\\/05\\\/natural-poland-icon.png\",\"width\":512,\"height\":512,\"caption\":\"Natural Poland\"},\"image\":{\"@id\":\"https:\\\/\\\/naturalpoland.com\\\/ko\\\/#\\\/schema\\\/logo\\\/image\\\/\"},\"sameAs\":[\"https:\\\/\\\/www.facebook.com\\\/naturalpoland.b2b\",\"https:\\\/\\\/pl.linkedin.com\\\/company\\\/natural-poland\",\"https:\\\/\\\/www.youtube.com\\\/channel\\\/UCgeGGkvOMahZo-xu_MSEWxg\"]}]}<\/script>\n<!-- \/ Yoast SEO plugin. -->","yoast_head_json":{"title":"L-\uc624\ub974\ub2c8\ud2f4 \uc5d0\ud2f8 \uc5d0\uc2a4\ud130 - Hurtowy Dystrybutor","robots":{"index":"index","follow":"follow","max-snippet":"max-snippet:-1","max-image-preview":"max-image-preview:large","max-video-preview":"max-video-preview:-1"},"canonical":"https:\/\/naturalpoland.com\/ko\/je-pum\/ui-yak-pum-won-ryo\/a-mi-no-san\/l-oreunitin-etil-eseuteo\/","og_locale":"ko_KR","og_type":"article","og_title":"L-\uc624\ub974\ub2c8\ud2f4 \uc5d0\ud2f8 \uc5d0\uc2a4\ud130 - Hurtowy Dystrybutor","og_description":"L-\uc624\ub974\ub2c8\ud2f4 \uc5d0\ud2f8 \uc5d0\uc2a4\ud130\ub294 L-\uc624\ub974\ub2c8\ud2f4\ubcf4\ub2e4 \ud761\uc218\uc728\uc774 \ub354 \uc88b\uc740 \ud615\ud0dc\uc785\ub2c8\ub2e4. \uc774\ub294 \uc544\ubbf8\ub178\uc0b0\uc758 \uc5d0\uc2a4\ud14c\ub974\ud654\ub85c \uc778\ud574 \uc0dd\uc131\ub418\uc5c8\uc2b5\ub2c8\ub2e4.","og_url":"https:\/\/naturalpoland.com\/ko\/je-pum\/ui-yak-pum-won-ryo\/a-mi-no-san\/l-oreunitin-etil-eseuteo\/","og_site_name":"NATURAL POLAND - Hurtowy Dystrybutor Surowc\u00f3w","article_publisher":"https:\/\/www.facebook.com\/naturalpoland.b2b","article_modified_time":"2025-07-15T13:30:35+00:00","og_image":[{"width":1066,"height":430,"url":"https:\/\/naturalpoland.com\/wp-content\/uploads\/2021\/05\/ethyl-ester-l-ornithine.png","type":"image\/png"}],"schema":{"@context":"https:\/\/schema.org","@graph":[{"@type":"WebPage","@id":"https:\/\/naturalpoland.com\/ko\/je-pum\/ui-yak-pum-won-ryo\/a-mi-no-san\/l-oreunitin-etil-eseuteo\/","url":"https:\/\/naturalpoland.com\/ko\/je-pum\/ui-yak-pum-won-ryo\/a-mi-no-san\/l-oreunitin-etil-eseuteo\/","name":"L-\uc624\ub974\ub2c8\ud2f4 \uc5d0\ud2f8 \uc5d0\uc2a4\ud130 - Hurtowy Dystrybutor","isPartOf":{"@id":"https:\/\/naturalpoland.com\/ko\/#website"},"primaryImageOfPage":{"@id":"https:\/\/naturalpoland.com\/ko\/je-pum\/ui-yak-pum-won-ryo\/a-mi-no-san\/l-oreunitin-etil-eseuteo\/#primaryimage"},"image":{"@id":"https:\/\/naturalpoland.com\/ko\/je-pum\/ui-yak-pum-won-ryo\/a-mi-no-san\/l-oreunitin-etil-eseuteo\/#primaryimage"},"thumbnailUrl":"https:\/\/naturalpoland.com\/wp-content\/uploads\/2021\/05\/ethyl-ester-l-ornithine.png","datePublished":"2021-05-11T11:42:11+00:00","dateModified":"2025-07-15T13:30:35+00:00","breadcrumb":{"@id":"https:\/\/naturalpoland.com\/ko\/je-pum\/ui-yak-pum-won-ryo\/a-mi-no-san\/l-oreunitin-etil-eseuteo\/#breadcrumb"},"inLanguage":"ko-KR","potentialAction":[{"@type":"ReadAction","target":["https:\/\/naturalpoland.com\/ko\/je-pum\/ui-yak-pum-won-ryo\/a-mi-no-san\/l-oreunitin-etil-eseuteo\/"]}]},{"@type":"ImageObject","inLanguage":"ko-KR","@id":"https:\/\/naturalpoland.com\/ko\/je-pum\/ui-yak-pum-won-ryo\/a-mi-no-san\/l-oreunitin-etil-eseuteo\/#primaryimage","url":"https:\/\/naturalpoland.com\/wp-content\/uploads\/2021\/05\/ethyl-ester-l-ornithine.png","contentUrl":"https:\/\/naturalpoland.com\/wp-content\/uploads\/2021\/05\/ethyl-ester-l-ornithine.png","width":1066,"height":430,"caption":"Ester etylowy L-ornityny"},{"@type":"BreadcrumbList","@id":"https:\/\/naturalpoland.com\/ko\/je-pum\/ui-yak-pum-won-ryo\/a-mi-no-san\/l-oreunitin-etil-eseuteo\/#breadcrumb","itemListElement":[{"@type":"ListItem","position":1,"name":"\ud648","item":"https:\/\/naturalpoland.com\/ko\/"},{"@type":"ListItem","position":2,"name":"\uc81c\ud488","item":"https:\/\/naturalpoland.com\/ko\/%ec%a0%9c%ed%92%88\/"},{"@type":"ListItem","position":3,"name":"L-\uc624\ub974\ub2c8\ud2f4 \uc5d0\ud2f8 \uc5d0\uc2a4\ud130"}]},{"@type":"WebSite","@id":"https:\/\/naturalpoland.com\/ko\/#website","url":"https:\/\/naturalpoland.com\/ko\/","name":"NATURAL POLAND - Hurtowy Dystrybutor Surowc\u00f3w","description":"Surowce dla przemys\u0142u spo\u017cywczego, kosmetycznego i farmaceutycznego","publisher":{"@id":"https:\/\/naturalpoland.com\/ko\/#organization"},"potentialAction":[{"@type":"SearchAction","target":{"@type":"EntryPoint","urlTemplate":"https:\/\/naturalpoland.com\/ko\/?s={search_term_string}"},"query-input":{"@type":"PropertyValueSpecification","valueRequired":true,"valueName":"search_term_string"}}],"inLanguage":"ko-KR"},{"@type":"Organization","@id":"https:\/\/naturalpoland.com\/ko\/#organization","name":"Natural Poland","url":"https:\/\/naturalpoland.com\/ko\/","logo":{"@type":"ImageObject","inLanguage":"ko-KR","@id":"https:\/\/naturalpoland.com\/ko\/#\/schema\/logo\/image\/","url":"https:\/\/naturalpoland.com\/wp-content\/uploads\/2021\/05\/natural-poland-icon.png","contentUrl":"https:\/\/naturalpoland.com\/wp-content\/uploads\/2021\/05\/natural-poland-icon.png","width":512,"height":512,"caption":"Natural Poland"},"image":{"@id":"https:\/\/naturalpoland.com\/ko\/#\/schema\/logo\/image\/"},"sameAs":["https:\/\/www.facebook.com\/naturalpoland.b2b","https:\/\/pl.linkedin.com\/company\/natural-poland","https:\/\/www.youtube.com\/channel\/UCgeGGkvOMahZo-xu_MSEWxg"]}]}},"_links":{"self":[{"href":"https:\/\/naturalpoland.com\/ko\/wp-json\/wp\/v2\/product\/41954","targetHints":{"allow":["GET"]}}],"collection":[{"href":"https:\/\/naturalpoland.com\/ko\/wp-json\/wp\/v2\/product"}],"about":[{"href":"https:\/\/naturalpoland.com\/ko\/wp-json\/wp\/v2\/types\/product"}],"wp:featuredmedia":[{"embeddable":true,"href":"https:\/\/naturalpoland.com\/ko\/wp-json\/wp\/v2\/media\/41955"}],"wp:attachment":[{"href":"https:\/\/naturalpoland.com\/ko\/wp-json\/wp\/v2\/media?parent=41954"}],"wp:term":[{"taxonomy":"product_brand","embeddable":true,"href":"https:\/\/naturalpoland.com\/ko\/wp-json\/wp\/v2\/product_brand?post=41954"},{"taxonomy":"product_cat","embeddable":true,"href":"https:\/\/naturalpoland.com\/ko\/wp-json\/wp\/v2\/product_cat?post=41954"},{"taxonomy":"product_tag","embeddable":true,"href":"https:\/\/naturalpoland.com\/ko\/wp-json\/wp\/v2\/product_tag?post=41954"}],"curies":[{"name":"wp","href":"https:\/\/api.w.org\/{rel}","templated":true}]}}