{"id":41958,"date":"2021-05-11T13:45:21","date_gmt":"2021-05-11T11:45:21","guid":{"rendered":"https:\/\/naturalpoland.com\/produkty\/uncategorized\/l-%ec%95%84%eb%a5%b4%ea%b8%b0%eb%8b%8c\/"},"modified":"2025-07-15T15:29:49","modified_gmt":"2025-07-15T13:29:49","slug":"l-areuginin","status":"publish","type":"product","link":"https:\/\/naturalpoland.com\/ko\/je-pum\/ui-yak-pum-won-ryo\/a-mi-no-san\/l-areuginin\/","title":{"rendered":"L-\uc544\ub974\uae30\ub2cc"},"content":{"rendered":"<p>L-\uc544\ub974\uae30\ub2cc\uc740 \ub0b4\uc778\uc131 \uc544\ubbf8\ub178\uc0b0\uc785\ub2c8\ub2e4. \uccb4\ub0b4\uc5d0\uc11c \uc0dd\uc131\ub418\uc9c0\ub9cc \ud638\ubc15, \ud574\ubc14\ub77c\uae30 \uc528\uc640 \uac19\uc740 \uc74c\uc2dd\uc73c\ub85c\ub3c4 \uc12d\ucde8\ud560 \uc218 \uc788\uc2b5\ub2c8\ub2e4. \uc544\ub974\uae30\ub2cc\uc740 \uc0b0\ud654\uc9c8\uc18c, \uc544\uadf8\ub9c8\ud2f4, \uae00\ub8e8\ud0d0\uc0b0\uc73c\ub85c \uc804\ud658\ub429\ub2c8\ub2e4. \uae00\ub8e8\ud0d0\uc0b0\uc740 \uade0\ud615 \uc720\uc9c0\uc5d0 \ud544\uc694\ud55c \uc2e0\uacbd\uc804\ub2ec\ubb3c\uc9c8 \uc0dd\uc131\uc5d0 \ud544\uc218\uc801\uc785\ub2c8\ub2e4.<\/p>\n<p>\uccb4\ub0b4 \uc5ed\ud560:<br \/>\nL-\uc544\ub974\uae30\ub2cc\uc740 \uac04 \uae30\ub2a5\uacfc \uc131\uc7a5 \ud638\ub974\ubaac \ud569\uc131\uc5d0 \ud544\uc218\uc801\uc785\ub2c8\ub2e4. \ud608\uad00 \ud655\uc7a5\uc5d0 \uc601\ud5a5\uc744 \ubbf8\uce69\ub2c8\ub2e4. \ubd80\uc815\ub9e5\uc744 \uc870\uc808\ud558\uace0 \uc2ec\uc7a5\ub9c8\ube44 \uc704\ud5d8\uc744 \uc904\uc785\ub2c8\ub2e4. \uc7a5 \uae30\ub2a5\uacfc \uba74\uc5ed \uccb4\uacc4\uc5d0 \uae0d\uc815\uc801\uc778 \uc601\ud5a5\uc744 \ubbf8\uce69\ub2c8\ub2e4. \ub610\ud55c \uc9c0\ubc29 \ub300\uc0ac\uc5d0 \uc911\uc694\ud55c \uc5ed\ud560\uc744 \ud558\uba70 \uc774\ub97c \uac00\uc18d\ud654\ud569\ub2c8\ub2e4. \ub355\ubd84\uc5d0 \ud6c8\ub828\uacfc \uc2dd\ub2e8 \uc870\uc808\uc744 \ud1b5\ud574 \ub354 \ube68\ub9ac \ub354 \ub098\uc740 \uacb0\uacfc\ub97c \uc5bb\uc744 \uc218 \uc788\uc2b5\ub2c8\ub2e4.<\/p>\n","protected":false},"excerpt":{"rendered":"<p><strong>L-\uc544\ub974\uae30\ub2cc<\/strong>\uc740 \uc778\uccb4\uc5d0\uc11c \uc790\uc5f0\uc801\uc73c\ub85c \uc0dd\uc131\ub418\ub294 \uc544\ubbf8\ub178\uc0b0\uc73c\ub85c, \uc774\ub97c \uae30\ubc18\uc73c\ub85c \uc2ec\uc7a5 \ubc0f \uc21c\ud658\uacc4\uc640 \uad00\ub828\ub41c \ubaa8\ub4e0 \ud608\uad00\uc758 \uae30\ub2a5\uc744 \uc9c0\uc6d0\ud558\ub294 \ud2b9\uc218 \uc81c\uc81c\uac00 \uac1c\ubc1c\ub418\uc5c8\uc2b5\ub2c8\ub2e4.<\/p>\n<p>L-\uc544\ub974\uae30\ub2cc\uc740 \uba74\uc5ed \uccb4\uacc4\uc5d0 \uc720\uc775\ud55c \uc601\ud5a5\uc73c\ub85c \uc778\ud574 \uc81c\uc57d \uc0b0\uc5c5\uc5d0\uc11c\ub3c4 \ub110\ub9ac \uc0ac\uc6a9\ub429\ub2c8\ub2e4.<\/p>\n","protected":false},"featured_media":43332,"template":"","meta":{"_acf_changed":false},"product_brand":[],"product_cat":[8142],"product_tag":[],"class_list":{"0":"post-41958","1":"product","2":"type-product","3":"status-publish","4":"has-post-thumbnail","6":"product_cat-a-mi-no-san","8":"first","9":"instock","10":"shipping-taxable","11":"product-type-simple"},"acf":[],"yoast_head":"<!-- This site is optimized with the Yoast SEO plugin v27.4 - https:\/\/yoast.com\/product\/yoast-seo-wordpress\/ -->\n<title>L-\uc544\ub974\uae30\ub2cc - Hurtowy Dystrybutor<\/title>\n<meta name=\"robots\" content=\"index, follow, max-snippet:-1, max-image-preview:large, max-video-preview:-1\" \/>\n<link rel=\"canonical\" href=\"https:\/\/naturalpoland.com\/ko\/je-pum\/ui-yak-pum-won-ryo\/a-mi-no-san\/l-areuginin\/\" \/>\n<meta property=\"og:locale\" content=\"ko_KR\" \/>\n<meta property=\"og:type\" content=\"article\" \/>\n<meta property=\"og:title\" content=\"L-\uc544\ub974\uae30\ub2cc - Hurtowy Dystrybutor\" \/>\n<meta property=\"og:description\" content=\"L-\uc544\ub974\uae30\ub2cc\uc740 \uc778\uccb4\uc5d0\uc11c \uc790\uc5f0\uc801\uc73c\ub85c \uc0dd\uc131\ub418\ub294 \uc544\ubbf8\ub178\uc0b0\uc73c\ub85c, \uc774\ub97c \uae30\ubc18\uc73c\ub85c \uc2ec\uc7a5 \ubc0f \uc21c\ud658\uacc4\uc640 \uad00\ub828\ub41c \ubaa8\ub4e0 \ud608\uad00\uc758 \uae30\ub2a5\uc744 \uc9c0\uc6d0\ud558\ub294 \ud2b9\uc218 \uc81c\uc81c\uac00 \uac1c\ubc1c\ub418\uc5c8\uc2b5\ub2c8\ub2e4.  L-\uc544\ub974\uae30\ub2cc\uc740 \uba74\uc5ed \uccb4\uacc4\uc5d0 \uc720\uc775\ud55c \uc601\ud5a5\uc73c\ub85c \uc778\ud574 \uc81c\uc57d \uc0b0\uc5c5\uc5d0\uc11c\ub3c4 \ub110\ub9ac \uc0ac\uc6a9\ub429\ub2c8\ub2e4.\" \/>\n<meta property=\"og:url\" content=\"https:\/\/naturalpoland.com\/ko\/je-pum\/ui-yak-pum-won-ryo\/a-mi-no-san\/l-areuginin\/\" \/>\n<meta property=\"og:site_name\" content=\"NATURAL POLAND - Hurtowy Dystrybutor Surowc\u00f3w\" \/>\n<meta property=\"article:publisher\" content=\"https:\/\/www.facebook.com\/naturalpoland.b2b\" \/>\n<meta property=\"article:modified_time\" content=\"2025-07-15T13:29:49+00:00\" \/>\n<meta property=\"og:image\" content=\"https:\/\/naturalpoland.com\/wp-content\/uploads\/l-arginina.webp\" \/>\n\t<meta property=\"og:image:width\" content=\"1024\" \/>\n\t<meta property=\"og:image:height\" content=\"1024\" \/>\n\t<meta property=\"og:image:type\" content=\"image\/webp\" \/>\n<script type=\"application\/ld+json\" class=\"yoast-schema-graph\">{\"@context\":\"https:\\\/\\\/schema.org\",\"@graph\":[{\"@type\":\"WebPage\",\"@id\":\"https:\\\/\\\/naturalpoland.com\\\/ko\\\/je-pum\\\/ui-yak-pum-won-ryo\\\/a-mi-no-san\\\/l-areuginin\\\/\",\"url\":\"https:\\\/\\\/naturalpoland.com\\\/ko\\\/je-pum\\\/ui-yak-pum-won-ryo\\\/a-mi-no-san\\\/l-areuginin\\\/\",\"name\":\"L-\uc544\ub974\uae30\ub2cc - Hurtowy Dystrybutor\",\"isPartOf\":{\"@id\":\"https:\\\/\\\/naturalpoland.com\\\/ko\\\/#website\"},\"primaryImageOfPage\":{\"@id\":\"https:\\\/\\\/naturalpoland.com\\\/ko\\\/je-pum\\\/ui-yak-pum-won-ryo\\\/a-mi-no-san\\\/l-areuginin\\\/#primaryimage\"},\"image\":{\"@id\":\"https:\\\/\\\/naturalpoland.com\\\/ko\\\/je-pum\\\/ui-yak-pum-won-ryo\\\/a-mi-no-san\\\/l-areuginin\\\/#primaryimage\"},\"thumbnailUrl\":\"https:\\\/\\\/naturalpoland.com\\\/wp-content\\\/uploads\\\/l-arginina.webp\",\"datePublished\":\"2021-05-11T11:45:21+00:00\",\"dateModified\":\"2025-07-15T13:29:49+00:00\",\"breadcrumb\":{\"@id\":\"https:\\\/\\\/naturalpoland.com\\\/ko\\\/je-pum\\\/ui-yak-pum-won-ryo\\\/a-mi-no-san\\\/l-areuginin\\\/#breadcrumb\"},\"inLanguage\":\"ko-KR\",\"potentialAction\":[{\"@type\":\"ReadAction\",\"target\":[\"https:\\\/\\\/naturalpoland.com\\\/ko\\\/je-pum\\\/ui-yak-pum-won-ryo\\\/a-mi-no-san\\\/l-areuginin\\\/\"]}]},{\"@type\":\"ImageObject\",\"inLanguage\":\"ko-KR\",\"@id\":\"https:\\\/\\\/naturalpoland.com\\\/ko\\\/je-pum\\\/ui-yak-pum-won-ryo\\\/a-mi-no-san\\\/l-areuginin\\\/#primaryimage\",\"url\":\"https:\\\/\\\/naturalpoland.com\\\/wp-content\\\/uploads\\\/l-arginina.webp\",\"contentUrl\":\"https:\\\/\\\/naturalpoland.com\\\/wp-content\\\/uploads\\\/l-arginina.webp\",\"width\":1024,\"height\":1024,\"caption\":\"l-arginina w proszku\"},{\"@type\":\"BreadcrumbList\",\"@id\":\"https:\\\/\\\/naturalpoland.com\\\/ko\\\/je-pum\\\/ui-yak-pum-won-ryo\\\/a-mi-no-san\\\/l-areuginin\\\/#breadcrumb\",\"itemListElement\":[{\"@type\":\"ListItem\",\"position\":1,\"name\":\"\ud648\",\"item\":\"https:\\\/\\\/naturalpoland.com\\\/ko\\\/\"},{\"@type\":\"ListItem\",\"position\":2,\"name\":\"\uc81c\ud488\",\"item\":\"https:\\\/\\\/naturalpoland.com\\\/ko\\\/%ec%a0%9c%ed%92%88\\\/\"},{\"@type\":\"ListItem\",\"position\":3,\"name\":\"L-\uc544\ub974\uae30\ub2cc\"}]},{\"@type\":\"WebSite\",\"@id\":\"https:\\\/\\\/naturalpoland.com\\\/ko\\\/#website\",\"url\":\"https:\\\/\\\/naturalpoland.com\\\/ko\\\/\",\"name\":\"NATURAL POLAND - Hurtowy Dystrybutor Surowc\u00f3w\",\"description\":\"Surowce dla przemys\u0142u spo\u017cywczego, kosmetycznego i farmaceutycznego\",\"publisher\":{\"@id\":\"https:\\\/\\\/naturalpoland.com\\\/ko\\\/#organization\"},\"potentialAction\":[{\"@type\":\"SearchAction\",\"target\":{\"@type\":\"EntryPoint\",\"urlTemplate\":\"https:\\\/\\\/naturalpoland.com\\\/ko\\\/?s={search_term_string}\"},\"query-input\":{\"@type\":\"PropertyValueSpecification\",\"valueRequired\":true,\"valueName\":\"search_term_string\"}}],\"inLanguage\":\"ko-KR\"},{\"@type\":\"Organization\",\"@id\":\"https:\\\/\\\/naturalpoland.com\\\/ko\\\/#organization\",\"name\":\"Natural Poland\",\"url\":\"https:\\\/\\\/naturalpoland.com\\\/ko\\\/\",\"logo\":{\"@type\":\"ImageObject\",\"inLanguage\":\"ko-KR\",\"@id\":\"https:\\\/\\\/naturalpoland.com\\\/ko\\\/#\\\/schema\\\/logo\\\/image\\\/\",\"url\":\"https:\\\/\\\/naturalpoland.com\\\/wp-content\\\/uploads\\\/2021\\\/05\\\/natural-poland-icon.png\",\"contentUrl\":\"https:\\\/\\\/naturalpoland.com\\\/wp-content\\\/uploads\\\/2021\\\/05\\\/natural-poland-icon.png\",\"width\":512,\"height\":512,\"caption\":\"Natural Poland\"},\"image\":{\"@id\":\"https:\\\/\\\/naturalpoland.com\\\/ko\\\/#\\\/schema\\\/logo\\\/image\\\/\"},\"sameAs\":[\"https:\\\/\\\/www.facebook.com\\\/naturalpoland.b2b\",\"https:\\\/\\\/pl.linkedin.com\\\/company\\\/natural-poland\",\"https:\\\/\\\/www.youtube.com\\\/channel\\\/UCgeGGkvOMahZo-xu_MSEWxg\"]}]}<\/script>\n<!-- \/ Yoast SEO plugin. -->","yoast_head_json":{"title":"L-\uc544\ub974\uae30\ub2cc - Hurtowy Dystrybutor","robots":{"index":"index","follow":"follow","max-snippet":"max-snippet:-1","max-image-preview":"max-image-preview:large","max-video-preview":"max-video-preview:-1"},"canonical":"https:\/\/naturalpoland.com\/ko\/je-pum\/ui-yak-pum-won-ryo\/a-mi-no-san\/l-areuginin\/","og_locale":"ko_KR","og_type":"article","og_title":"L-\uc544\ub974\uae30\ub2cc - Hurtowy Dystrybutor","og_description":"L-\uc544\ub974\uae30\ub2cc\uc740 \uc778\uccb4\uc5d0\uc11c \uc790\uc5f0\uc801\uc73c\ub85c \uc0dd\uc131\ub418\ub294 \uc544\ubbf8\ub178\uc0b0\uc73c\ub85c, \uc774\ub97c \uae30\ubc18\uc73c\ub85c \uc2ec\uc7a5 \ubc0f \uc21c\ud658\uacc4\uc640 \uad00\ub828\ub41c \ubaa8\ub4e0 \ud608\uad00\uc758 \uae30\ub2a5\uc744 \uc9c0\uc6d0\ud558\ub294 \ud2b9\uc218 \uc81c\uc81c\uac00 \uac1c\ubc1c\ub418\uc5c8\uc2b5\ub2c8\ub2e4.  L-\uc544\ub974\uae30\ub2cc\uc740 \uba74\uc5ed \uccb4\uacc4\uc5d0 \uc720\uc775\ud55c \uc601\ud5a5\uc73c\ub85c \uc778\ud574 \uc81c\uc57d \uc0b0\uc5c5\uc5d0\uc11c\ub3c4 \ub110\ub9ac \uc0ac\uc6a9\ub429\ub2c8\ub2e4.","og_url":"https:\/\/naturalpoland.com\/ko\/je-pum\/ui-yak-pum-won-ryo\/a-mi-no-san\/l-areuginin\/","og_site_name":"NATURAL POLAND - Hurtowy Dystrybutor Surowc\u00f3w","article_publisher":"https:\/\/www.facebook.com\/naturalpoland.b2b","article_modified_time":"2025-07-15T13:29:49+00:00","og_image":[{"width":1024,"height":1024,"url":"https:\/\/naturalpoland.com\/wp-content\/uploads\/l-arginina.webp","type":"image\/webp"}],"schema":{"@context":"https:\/\/schema.org","@graph":[{"@type":"WebPage","@id":"https:\/\/naturalpoland.com\/ko\/je-pum\/ui-yak-pum-won-ryo\/a-mi-no-san\/l-areuginin\/","url":"https:\/\/naturalpoland.com\/ko\/je-pum\/ui-yak-pum-won-ryo\/a-mi-no-san\/l-areuginin\/","name":"L-\uc544\ub974\uae30\ub2cc - Hurtowy Dystrybutor","isPartOf":{"@id":"https:\/\/naturalpoland.com\/ko\/#website"},"primaryImageOfPage":{"@id":"https:\/\/naturalpoland.com\/ko\/je-pum\/ui-yak-pum-won-ryo\/a-mi-no-san\/l-areuginin\/#primaryimage"},"image":{"@id":"https:\/\/naturalpoland.com\/ko\/je-pum\/ui-yak-pum-won-ryo\/a-mi-no-san\/l-areuginin\/#primaryimage"},"thumbnailUrl":"https:\/\/naturalpoland.com\/wp-content\/uploads\/l-arginina.webp","datePublished":"2021-05-11T11:45:21+00:00","dateModified":"2025-07-15T13:29:49+00:00","breadcrumb":{"@id":"https:\/\/naturalpoland.com\/ko\/je-pum\/ui-yak-pum-won-ryo\/a-mi-no-san\/l-areuginin\/#breadcrumb"},"inLanguage":"ko-KR","potentialAction":[{"@type":"ReadAction","target":["https:\/\/naturalpoland.com\/ko\/je-pum\/ui-yak-pum-won-ryo\/a-mi-no-san\/l-areuginin\/"]}]},{"@type":"ImageObject","inLanguage":"ko-KR","@id":"https:\/\/naturalpoland.com\/ko\/je-pum\/ui-yak-pum-won-ryo\/a-mi-no-san\/l-areuginin\/#primaryimage","url":"https:\/\/naturalpoland.com\/wp-content\/uploads\/l-arginina.webp","contentUrl":"https:\/\/naturalpoland.com\/wp-content\/uploads\/l-arginina.webp","width":1024,"height":1024,"caption":"l-arginina w proszku"},{"@type":"BreadcrumbList","@id":"https:\/\/naturalpoland.com\/ko\/je-pum\/ui-yak-pum-won-ryo\/a-mi-no-san\/l-areuginin\/#breadcrumb","itemListElement":[{"@type":"ListItem","position":1,"name":"\ud648","item":"https:\/\/naturalpoland.com\/ko\/"},{"@type":"ListItem","position":2,"name":"\uc81c\ud488","item":"https:\/\/naturalpoland.com\/ko\/%ec%a0%9c%ed%92%88\/"},{"@type":"ListItem","position":3,"name":"L-\uc544\ub974\uae30\ub2cc"}]},{"@type":"WebSite","@id":"https:\/\/naturalpoland.com\/ko\/#website","url":"https:\/\/naturalpoland.com\/ko\/","name":"NATURAL POLAND - Hurtowy Dystrybutor Surowc\u00f3w","description":"Surowce dla przemys\u0142u spo\u017cywczego, kosmetycznego i farmaceutycznego","publisher":{"@id":"https:\/\/naturalpoland.com\/ko\/#organization"},"potentialAction":[{"@type":"SearchAction","target":{"@type":"EntryPoint","urlTemplate":"https:\/\/naturalpoland.com\/ko\/?s={search_term_string}"},"query-input":{"@type":"PropertyValueSpecification","valueRequired":true,"valueName":"search_term_string"}}],"inLanguage":"ko-KR"},{"@type":"Organization","@id":"https:\/\/naturalpoland.com\/ko\/#organization","name":"Natural Poland","url":"https:\/\/naturalpoland.com\/ko\/","logo":{"@type":"ImageObject","inLanguage":"ko-KR","@id":"https:\/\/naturalpoland.com\/ko\/#\/schema\/logo\/image\/","url":"https:\/\/naturalpoland.com\/wp-content\/uploads\/2021\/05\/natural-poland-icon.png","contentUrl":"https:\/\/naturalpoland.com\/wp-content\/uploads\/2021\/05\/natural-poland-icon.png","width":512,"height":512,"caption":"Natural Poland"},"image":{"@id":"https:\/\/naturalpoland.com\/ko\/#\/schema\/logo\/image\/"},"sameAs":["https:\/\/www.facebook.com\/naturalpoland.b2b","https:\/\/pl.linkedin.com\/company\/natural-poland","https:\/\/www.youtube.com\/channel\/UCgeGGkvOMahZo-xu_MSEWxg"]}]}},"_links":{"self":[{"href":"https:\/\/naturalpoland.com\/ko\/wp-json\/wp\/v2\/product\/41958","targetHints":{"allow":["GET"]}}],"collection":[{"href":"https:\/\/naturalpoland.com\/ko\/wp-json\/wp\/v2\/product"}],"about":[{"href":"https:\/\/naturalpoland.com\/ko\/wp-json\/wp\/v2\/types\/product"}],"wp:featuredmedia":[{"embeddable":true,"href":"https:\/\/naturalpoland.com\/ko\/wp-json\/wp\/v2\/media\/43332"}],"wp:attachment":[{"href":"https:\/\/naturalpoland.com\/ko\/wp-json\/wp\/v2\/media?parent=41958"}],"wp:term":[{"taxonomy":"product_brand","embeddable":true,"href":"https:\/\/naturalpoland.com\/ko\/wp-json\/wp\/v2\/product_brand?post=41958"},{"taxonomy":"product_cat","embeddable":true,"href":"https:\/\/naturalpoland.com\/ko\/wp-json\/wp\/v2\/product_cat?post=41958"},{"taxonomy":"product_tag","embeddable":true,"href":"https:\/\/naturalpoland.com\/ko\/wp-json\/wp\/v2\/product_tag?post=41958"}],"curies":[{"name":"wp","href":"https:\/\/api.w.org\/{rel}","templated":true}]}}