{"id":41963,"date":"2021-05-11T13:45:44","date_gmt":"2021-05-11T11:45:44","guid":{"rendered":"https:\/\/naturalpoland.com\/produkty\/uncategorized\/l-%ed%8a%b8%eb%a6%bd%ed%86%a0%ed%8c%90\/"},"modified":"2025-07-15T15:27:50","modified_gmt":"2025-07-15T13:27:50","slug":"l-teuriptopan","status":"publish","type":"product","link":"https:\/\/naturalpoland.com\/ko\/je-pum\/ui-yak-pum-won-ryo\/a-mi-no-san\/l-teuriptopan\/","title":{"rendered":"L-\ud2b8\ub9bd\ud1a0\ud310"},"content":{"rendered":"<p>\ud2b8\ub9bd\ud1a0\ud310\uc740 \ub2e8\ubc31\uc9c8\uacfc \ub2e4\ub978 \ub9ce\uc740 \ud6a8\uc18c\ub97c \uc0dd\uc0b0\ud558\ub294 \ub370 \uc6b0\ub9ac \ubab8\uc5d0 \ud544\uc218\uc801\uc785\ub2c8\ub2e4. \ub610\ud55c \uc2e0\uacbd\uacc4\uc758 \uc801\uc808\ud55c \uae30\ub2a5\uc5d0 \uad00\uc5ec\ud558\uba70, \ud2b8\ub9bd\ud1a0\ud310\uc774 \ubd80\uc871\ud558\uba74 \uc5d0\ub108\uc9c0 \uc218\uc900\uc774 \ud06c\uac8c \ub5a8\uc5b4\uc9c0\uac70\ub098 \uae30\ubd84\uc774 \ub098\ube60\uc9c8 \uc218 \uc788\uc2b5\ub2c8\ub2e4. \ucd5c\uc545\uc758 \uacbd\uc6b0, \ud2b8\ub9bd\ud1a0\ud310 \ubd80\uc871\uc740 \uc138\ub85c\ud1a0\ub2cc \ubd80\uc871\uc73c\ub85c \uc778\ud574 \uc6b0\uc6b8\uc99d\uc73c\ub85c \uc774\uc5b4\uc9c8 \uc218 \uc788\uc2b5\ub2c8\ub2e4. \ub1cc\uc758 \uc138\ub85c\ud1a0\ub2cc \uc218\uce58\ub97c \ub192\uc774\ub824\uba74 \ubcf4\ucda9\uc81c\ub97c \uc12d\ucde8\ud558\ub294 \uac83\uc774 \uc88b\uc2b5\ub2c8\ub2e4.<\/p>\n","protected":false},"excerpt":{"rendered":"<p>L-\ud2b8\ub9bd\ud1a0\ud310\uc740 \uc2dd\uc774 \ubcf4\ucda9\uc81c\uc5d0 \uc0ac\uc6a9\ub418\ub294 \ud2b8\ub9bd\ud1a0\ud310\uc758 \ud55c \ud615\ud0dc\uc785\ub2c8\ub2e4. \uc138\ub85c\ud1a0\ub2cc\uacfc <strong><a href=\"https:\/\/naturalpoland.com\/ko\/je-pum\/ui-yak-pum-won-ryo\/geon-gang-gi-neung-sig-pum-cheom-ga-mul\/%eb%a9%9c%eb%9d%bc%ed%86%a0%eb%8b%8c\/\">\uba5c\ub77c\ud1a0\ub2cc<\/a><\/strong>\uc758 \uc804\uad6c\uccb4\uc785\ub2c8\ub2e4. \uc778\uccb4\uc5d0\uc11c \uc0dd\uc0b0\ub420 \uc218 \uc5c6\uc73c\ubbc0\ub85c \uc2dd\uc774 \ubcf4\ucda9\uc81c \ub610\ub294 \uc74c\uc2dd \ud615\ud0dc\ub85c \uc12d\ucde8\ud574\uc57c \ud569\ub2c8\ub2e4.<\/p>\n","protected":false},"featured_media":42335,"template":"","meta":{"_acf_changed":false},"product_brand":[],"product_cat":[8142],"product_tag":[],"class_list":{"0":"post-41963","1":"product","2":"type-product","3":"status-publish","4":"has-post-thumbnail","6":"product_cat-a-mi-no-san","8":"first","9":"instock","10":"shipping-taxable","11":"product-type-simple"},"acf":[],"yoast_head":"<!-- This site is optimized with the Yoast SEO plugin v27.4 - https:\/\/yoast.com\/product\/yoast-seo-wordpress\/ -->\n<title>L-\ud2b8\ub9bd\ud1a0\ud310 - NATURAL POLAND - Hurtowy Dystrybutor Surowc\u00f3w<\/title>\n<meta name=\"robots\" content=\"index, follow, max-snippet:-1, max-image-preview:large, max-video-preview:-1\" \/>\n<link rel=\"canonical\" href=\"https:\/\/naturalpoland.com\/ko\/je-pum\/ui-yak-pum-won-ryo\/a-mi-no-san\/l-teuriptopan\/\" \/>\n<meta property=\"og:locale\" content=\"ko_KR\" \/>\n<meta property=\"og:type\" content=\"article\" \/>\n<meta property=\"og:title\" content=\"L-\ud2b8\ub9bd\ud1a0\ud310 - NATURAL POLAND - Hurtowy Dystrybutor Surowc\u00f3w\" \/>\n<meta property=\"og:description\" content=\"L-\ud2b8\ub9bd\ud1a0\ud310\uc740 \uc2dd\uc774 \ubcf4\ucda9\uc81c\uc5d0 \uc0ac\uc6a9\ub418\ub294 \ud2b8\ub9bd\ud1a0\ud310\uc758 \ud55c \ud615\ud0dc\uc785\ub2c8\ub2e4. \uc138\ub85c\ud1a0\ub2cc\uacfc \uba5c\ub77c\ud1a0\ub2cc\uc758 \uc804\uad6c\uccb4\uc785\ub2c8\ub2e4. \uc778\uccb4\uc5d0\uc11c \uc0dd\uc0b0\ub420 \uc218 \uc5c6\uc73c\ubbc0\ub85c \uc2dd\uc774 \ubcf4\ucda9\uc81c \ub610\ub294 \uc74c\uc2dd \ud615\ud0dc\ub85c \uc12d\ucde8\ud574\uc57c \ud569\ub2c8\ub2e4.\" \/>\n<meta property=\"og:url\" content=\"https:\/\/naturalpoland.com\/ko\/je-pum\/ui-yak-pum-won-ryo\/a-mi-no-san\/l-teuriptopan\/\" \/>\n<meta property=\"og:site_name\" content=\"NATURAL POLAND - Hurtowy Dystrybutor Surowc\u00f3w\" \/>\n<meta property=\"article:publisher\" content=\"https:\/\/www.facebook.com\/naturalpoland.b2b\" \/>\n<meta property=\"article:modified_time\" content=\"2025-07-15T13:27:50+00:00\" \/>\n<meta property=\"og:image\" content=\"https:\/\/naturalpoland.com\/wp-content\/uploads\/2021\/05\/l-tryptophan.jpg\" \/>\n\t<meta property=\"og:image:width\" content=\"1780\" \/>\n\t<meta property=\"og:image:height\" content=\"1916\" \/>\n\t<meta property=\"og:image:type\" content=\"image\/jpeg\" \/>\n<script type=\"application\/ld+json\" class=\"yoast-schema-graph\">{\"@context\":\"https:\\\/\\\/schema.org\",\"@graph\":[{\"@type\":\"WebPage\",\"@id\":\"https:\\\/\\\/naturalpoland.com\\\/ko\\\/je-pum\\\/ui-yak-pum-won-ryo\\\/a-mi-no-san\\\/l-teuriptopan\\\/\",\"url\":\"https:\\\/\\\/naturalpoland.com\\\/ko\\\/je-pum\\\/ui-yak-pum-won-ryo\\\/a-mi-no-san\\\/l-teuriptopan\\\/\",\"name\":\"L-\ud2b8\ub9bd\ud1a0\ud310 - NATURAL POLAND - Hurtowy Dystrybutor Surowc\u00f3w\",\"isPartOf\":{\"@id\":\"https:\\\/\\\/naturalpoland.com\\\/ko\\\/#website\"},\"primaryImageOfPage\":{\"@id\":\"https:\\\/\\\/naturalpoland.com\\\/ko\\\/je-pum\\\/ui-yak-pum-won-ryo\\\/a-mi-no-san\\\/l-teuriptopan\\\/#primaryimage\"},\"image\":{\"@id\":\"https:\\\/\\\/naturalpoland.com\\\/ko\\\/je-pum\\\/ui-yak-pum-won-ryo\\\/a-mi-no-san\\\/l-teuriptopan\\\/#primaryimage\"},\"thumbnailUrl\":\"https:\\\/\\\/naturalpoland.com\\\/wp-content\\\/uploads\\\/l-tryptofan.webp\",\"datePublished\":\"2021-05-11T11:45:44+00:00\",\"dateModified\":\"2025-07-15T13:27:50+00:00\",\"breadcrumb\":{\"@id\":\"https:\\\/\\\/naturalpoland.com\\\/ko\\\/je-pum\\\/ui-yak-pum-won-ryo\\\/a-mi-no-san\\\/l-teuriptopan\\\/#breadcrumb\"},\"inLanguage\":\"ko-KR\",\"potentialAction\":[{\"@type\":\"ReadAction\",\"target\":[\"https:\\\/\\\/naturalpoland.com\\\/ko\\\/je-pum\\\/ui-yak-pum-won-ryo\\\/a-mi-no-san\\\/l-teuriptopan\\\/\"]}]},{\"@type\":\"ImageObject\",\"inLanguage\":\"ko-KR\",\"@id\":\"https:\\\/\\\/naturalpoland.com\\\/ko\\\/je-pum\\\/ui-yak-pum-won-ryo\\\/a-mi-no-san\\\/l-teuriptopan\\\/#primaryimage\",\"url\":\"https:\\\/\\\/naturalpoland.com\\\/wp-content\\\/uploads\\\/l-tryptofan.webp\",\"contentUrl\":\"https:\\\/\\\/naturalpoland.com\\\/wp-content\\\/uploads\\\/l-tryptofan.webp\",\"width\":1024,\"height\":1024,\"caption\":\"l-tryptofan w postaci bia\u0142ego krystalicznego proszku\"},{\"@type\":\"BreadcrumbList\",\"@id\":\"https:\\\/\\\/naturalpoland.com\\\/ko\\\/je-pum\\\/ui-yak-pum-won-ryo\\\/a-mi-no-san\\\/l-teuriptopan\\\/#breadcrumb\",\"itemListElement\":[{\"@type\":\"ListItem\",\"position\":1,\"name\":\"\ud648\",\"item\":\"https:\\\/\\\/naturalpoland.com\\\/ko\\\/\"},{\"@type\":\"ListItem\",\"position\":2,\"name\":\"\uc81c\ud488\",\"item\":\"https:\\\/\\\/naturalpoland.com\\\/ko\\\/%ec%a0%9c%ed%92%88\\\/\"},{\"@type\":\"ListItem\",\"position\":3,\"name\":\"L-\ud2b8\ub9bd\ud1a0\ud310\"}]},{\"@type\":\"WebSite\",\"@id\":\"https:\\\/\\\/naturalpoland.com\\\/ko\\\/#website\",\"url\":\"https:\\\/\\\/naturalpoland.com\\\/ko\\\/\",\"name\":\"NATURAL POLAND - Hurtowy Dystrybutor Surowc\u00f3w\",\"description\":\"Surowce dla przemys\u0142u spo\u017cywczego, kosmetycznego i farmaceutycznego\",\"publisher\":{\"@id\":\"https:\\\/\\\/naturalpoland.com\\\/ko\\\/#organization\"},\"potentialAction\":[{\"@type\":\"SearchAction\",\"target\":{\"@type\":\"EntryPoint\",\"urlTemplate\":\"https:\\\/\\\/naturalpoland.com\\\/ko\\\/?s={search_term_string}\"},\"query-input\":{\"@type\":\"PropertyValueSpecification\",\"valueRequired\":true,\"valueName\":\"search_term_string\"}}],\"inLanguage\":\"ko-KR\"},{\"@type\":\"Organization\",\"@id\":\"https:\\\/\\\/naturalpoland.com\\\/ko\\\/#organization\",\"name\":\"Natural Poland\",\"url\":\"https:\\\/\\\/naturalpoland.com\\\/ko\\\/\",\"logo\":{\"@type\":\"ImageObject\",\"inLanguage\":\"ko-KR\",\"@id\":\"https:\\\/\\\/naturalpoland.com\\\/ko\\\/#\\\/schema\\\/logo\\\/image\\\/\",\"url\":\"https:\\\/\\\/naturalpoland.com\\\/wp-content\\\/uploads\\\/2021\\\/05\\\/natural-poland-icon.png\",\"contentUrl\":\"https:\\\/\\\/naturalpoland.com\\\/wp-content\\\/uploads\\\/2021\\\/05\\\/natural-poland-icon.png\",\"width\":512,\"height\":512,\"caption\":\"Natural Poland\"},\"image\":{\"@id\":\"https:\\\/\\\/naturalpoland.com\\\/ko\\\/#\\\/schema\\\/logo\\\/image\\\/\"},\"sameAs\":[\"https:\\\/\\\/www.facebook.com\\\/naturalpoland.b2b\",\"https:\\\/\\\/pl.linkedin.com\\\/company\\\/natural-poland\",\"https:\\\/\\\/www.youtube.com\\\/channel\\\/UCgeGGkvOMahZo-xu_MSEWxg\"]}]}<\/script>\n<!-- \/ Yoast SEO plugin. -->","yoast_head_json":{"title":"L-\ud2b8\ub9bd\ud1a0\ud310 - NATURAL POLAND - Hurtowy Dystrybutor Surowc\u00f3w","robots":{"index":"index","follow":"follow","max-snippet":"max-snippet:-1","max-image-preview":"max-image-preview:large","max-video-preview":"max-video-preview:-1"},"canonical":"https:\/\/naturalpoland.com\/ko\/je-pum\/ui-yak-pum-won-ryo\/a-mi-no-san\/l-teuriptopan\/","og_locale":"ko_KR","og_type":"article","og_title":"L-\ud2b8\ub9bd\ud1a0\ud310 - NATURAL POLAND - Hurtowy Dystrybutor Surowc\u00f3w","og_description":"L-\ud2b8\ub9bd\ud1a0\ud310\uc740 \uc2dd\uc774 \ubcf4\ucda9\uc81c\uc5d0 \uc0ac\uc6a9\ub418\ub294 \ud2b8\ub9bd\ud1a0\ud310\uc758 \ud55c \ud615\ud0dc\uc785\ub2c8\ub2e4. \uc138\ub85c\ud1a0\ub2cc\uacfc \uba5c\ub77c\ud1a0\ub2cc\uc758 \uc804\uad6c\uccb4\uc785\ub2c8\ub2e4. \uc778\uccb4\uc5d0\uc11c \uc0dd\uc0b0\ub420 \uc218 \uc5c6\uc73c\ubbc0\ub85c \uc2dd\uc774 \ubcf4\ucda9\uc81c \ub610\ub294 \uc74c\uc2dd \ud615\ud0dc\ub85c \uc12d\ucde8\ud574\uc57c \ud569\ub2c8\ub2e4.","og_url":"https:\/\/naturalpoland.com\/ko\/je-pum\/ui-yak-pum-won-ryo\/a-mi-no-san\/l-teuriptopan\/","og_site_name":"NATURAL POLAND - Hurtowy Dystrybutor Surowc\u00f3w","article_publisher":"https:\/\/www.facebook.com\/naturalpoland.b2b","article_modified_time":"2025-07-15T13:27:50+00:00","og_image":[{"width":1780,"height":1916,"url":"https:\/\/naturalpoland.com\/wp-content\/uploads\/2021\/05\/l-tryptophan.jpg","type":"image\/jpeg"}],"schema":{"@context":"https:\/\/schema.org","@graph":[{"@type":"WebPage","@id":"https:\/\/naturalpoland.com\/ko\/je-pum\/ui-yak-pum-won-ryo\/a-mi-no-san\/l-teuriptopan\/","url":"https:\/\/naturalpoland.com\/ko\/je-pum\/ui-yak-pum-won-ryo\/a-mi-no-san\/l-teuriptopan\/","name":"L-\ud2b8\ub9bd\ud1a0\ud310 - NATURAL POLAND - Hurtowy Dystrybutor Surowc\u00f3w","isPartOf":{"@id":"https:\/\/naturalpoland.com\/ko\/#website"},"primaryImageOfPage":{"@id":"https:\/\/naturalpoland.com\/ko\/je-pum\/ui-yak-pum-won-ryo\/a-mi-no-san\/l-teuriptopan\/#primaryimage"},"image":{"@id":"https:\/\/naturalpoland.com\/ko\/je-pum\/ui-yak-pum-won-ryo\/a-mi-no-san\/l-teuriptopan\/#primaryimage"},"thumbnailUrl":"https:\/\/naturalpoland.com\/wp-content\/uploads\/l-tryptofan.webp","datePublished":"2021-05-11T11:45:44+00:00","dateModified":"2025-07-15T13:27:50+00:00","breadcrumb":{"@id":"https:\/\/naturalpoland.com\/ko\/je-pum\/ui-yak-pum-won-ryo\/a-mi-no-san\/l-teuriptopan\/#breadcrumb"},"inLanguage":"ko-KR","potentialAction":[{"@type":"ReadAction","target":["https:\/\/naturalpoland.com\/ko\/je-pum\/ui-yak-pum-won-ryo\/a-mi-no-san\/l-teuriptopan\/"]}]},{"@type":"ImageObject","inLanguage":"ko-KR","@id":"https:\/\/naturalpoland.com\/ko\/je-pum\/ui-yak-pum-won-ryo\/a-mi-no-san\/l-teuriptopan\/#primaryimage","url":"https:\/\/naturalpoland.com\/wp-content\/uploads\/l-tryptofan.webp","contentUrl":"https:\/\/naturalpoland.com\/wp-content\/uploads\/l-tryptofan.webp","width":1024,"height":1024,"caption":"l-tryptofan w postaci bia\u0142ego krystalicznego proszku"},{"@type":"BreadcrumbList","@id":"https:\/\/naturalpoland.com\/ko\/je-pum\/ui-yak-pum-won-ryo\/a-mi-no-san\/l-teuriptopan\/#breadcrumb","itemListElement":[{"@type":"ListItem","position":1,"name":"\ud648","item":"https:\/\/naturalpoland.com\/ko\/"},{"@type":"ListItem","position":2,"name":"\uc81c\ud488","item":"https:\/\/naturalpoland.com\/ko\/%ec%a0%9c%ed%92%88\/"},{"@type":"ListItem","position":3,"name":"L-\ud2b8\ub9bd\ud1a0\ud310"}]},{"@type":"WebSite","@id":"https:\/\/naturalpoland.com\/ko\/#website","url":"https:\/\/naturalpoland.com\/ko\/","name":"NATURAL POLAND - Hurtowy Dystrybutor Surowc\u00f3w","description":"Surowce dla przemys\u0142u spo\u017cywczego, kosmetycznego i farmaceutycznego","publisher":{"@id":"https:\/\/naturalpoland.com\/ko\/#organization"},"potentialAction":[{"@type":"SearchAction","target":{"@type":"EntryPoint","urlTemplate":"https:\/\/naturalpoland.com\/ko\/?s={search_term_string}"},"query-input":{"@type":"PropertyValueSpecification","valueRequired":true,"valueName":"search_term_string"}}],"inLanguage":"ko-KR"},{"@type":"Organization","@id":"https:\/\/naturalpoland.com\/ko\/#organization","name":"Natural Poland","url":"https:\/\/naturalpoland.com\/ko\/","logo":{"@type":"ImageObject","inLanguage":"ko-KR","@id":"https:\/\/naturalpoland.com\/ko\/#\/schema\/logo\/image\/","url":"https:\/\/naturalpoland.com\/wp-content\/uploads\/2021\/05\/natural-poland-icon.png","contentUrl":"https:\/\/naturalpoland.com\/wp-content\/uploads\/2021\/05\/natural-poland-icon.png","width":512,"height":512,"caption":"Natural Poland"},"image":{"@id":"https:\/\/naturalpoland.com\/ko\/#\/schema\/logo\/image\/"},"sameAs":["https:\/\/www.facebook.com\/naturalpoland.b2b","https:\/\/pl.linkedin.com\/company\/natural-poland","https:\/\/www.youtube.com\/channel\/UCgeGGkvOMahZo-xu_MSEWxg"]}]}},"_links":{"self":[{"href":"https:\/\/naturalpoland.com\/ko\/wp-json\/wp\/v2\/product\/41963","targetHints":{"allow":["GET"]}}],"collection":[{"href":"https:\/\/naturalpoland.com\/ko\/wp-json\/wp\/v2\/product"}],"about":[{"href":"https:\/\/naturalpoland.com\/ko\/wp-json\/wp\/v2\/types\/product"}],"wp:featuredmedia":[{"embeddable":true,"href":"https:\/\/naturalpoland.com\/ko\/wp-json\/wp\/v2\/media\/42335"}],"wp:attachment":[{"href":"https:\/\/naturalpoland.com\/ko\/wp-json\/wp\/v2\/media?parent=41963"}],"wp:term":[{"taxonomy":"product_brand","embeddable":true,"href":"https:\/\/naturalpoland.com\/ko\/wp-json\/wp\/v2\/product_brand?post=41963"},{"taxonomy":"product_cat","embeddable":true,"href":"https:\/\/naturalpoland.com\/ko\/wp-json\/wp\/v2\/product_cat?post=41963"},{"taxonomy":"product_tag","embeddable":true,"href":"https:\/\/naturalpoland.com\/ko\/wp-json\/wp\/v2\/product_tag?post=41963"}],"curies":[{"name":"wp","href":"https:\/\/api.w.org\/{rel}","templated":true}]}}