{"id":41966,"date":"2021-05-11T13:42:09","date_gmt":"2021-05-11T11:42:09","guid":{"rendered":"https:\/\/naturalpoland.com\/produkty\/uncategorized\/%ec%95%84%eb%a5%b4%ea%b8%b0%eb%8b%8c-%ec%97%90%ed%8b%b8-%ec%97%90%ec%8a%a4%ed%84%b0-%ec%97%bc%ec%82%b0%ec%97%bc\/"},"modified":"2025-07-15T15:17:14","modified_gmt":"2025-07-15T13:17:14","slug":"%ec%95%84%eb%a5%b4%ea%b8%b0%eb%8b%8c-%ec%97%90%ed%8b%b8-%ec%97%90%ec%8a%a4%ed%84%b0-%ec%97%bc%ec%82%b0%ec%97%bc","status":"publish","type":"product","link":"https:\/\/naturalpoland.com\/ko\/je-pum\/ui-yak-pum-won-ryo\/a-mi-no-san\/%ec%95%84%eb%a5%b4%ea%b8%b0%eb%8b%8c-%ec%97%90%ed%8b%b8-%ec%97%90%ec%8a%a4%ed%84%b0-%ec%97%bc%ec%82%b0%ec%97%bc\/","title":{"rendered":"\uc544\ub974\uae30\ub2cc \uc5d0\ud2f8 \uc5d0\uc2a4\ud130 \uc5fc\uc0b0\uc5fc"},"content":{"rendered":"<p>\uc544\ub974\uae30\ub2cc \uc5d0\ud2f8 \uc5d0\uc2a4\ud130\ub294 \uc2e0\uccb4\uc758 \uc6b4\ub3d9 \ub2a5\ub825\uc744 \ud5a5\uc0c1\uc2dc\ud0a4\uae30 \ub54c\ubb38\uc5d0 \uc6b4\ub3d9 \uc804\uc5d0 \uc12d\ucde8\ud569\ub2c8\ub2e4. \uc774 \uc5fc\uc0b0\uc5fc\uc740 \uadfc\uc721 \uc774\ud654\ub97c \uc5b5\uc81c\ud558\uace0 \ub3d9\ud654 \uc791\uc6a9\uc744 \uac15\ud654\ud569\ub2c8\ub2e4. \ub610\ud55c \uadfc\uc721 \ud38c\ud504\uac10\uc744 \uc99d\uac00\uc2dc\ud0a4\ub294 \ub370 \uae30\uc5ec\ud569\ub2c8\ub2e4. \uc131\uc7a5 \ud638\ub974\ubaac \uc0dd\uc0b0\uacfc IGF-1 \uc790\uadf9\uc744 \ucd09\uc9c4\ud569\ub2c8\ub2e4. \ub610\ud55c \uc218\uba74\uc744 \uae4a\uac8c \ud558\uace0 \uaca9\ub82c\ud55c \uc6b4\ub3d9 \ud6c4 \uc2e0\uccb4 \ud68c\ubcf5\uc744 \ucd09\uc9c4\ud558\uae30 \uc704\ud574 \ucde8\uce68 \uc804\uc5d0 \uc12d\ucde8\ud560 \uc218 \uc788\uc2b5\ub2c8\ub2e4.    <\/p>\n","protected":false},"excerpt":{"rendered":"<p><strong>\uc544\ub974\uae30\ub2cc \uc5d0\ud2f8 \uc5d0\uc2a4\ud130<\/strong>\ub294 \uc5d0\uc2a4\ud14c\ub974\ud654\ub41c \uc544\ub974\uae30\ub2cc\uc785\ub2c8\ub2e4. \uc774\ub7ec\ud55c \ubc29\uc2dd\uc73c\ub85c \uc0dd\uccb4 \uc774\uc6a9\ub960\uc774 \uc99d\uac00\ud588\uc2b5\ub2c8\ub2e4. \uc774\ub294 \uc720\ub9ac \uc544\ub974\uae30\ub2cc\uc5d0 \ube44\ud574 \uc801\uc740 \uc6a9\ub7c9\uc73c\ub85c \uc12d\ucde8\ud558\uba74\uc11c\ub3c4 \ub3d9\uc77c\ud55c \uc544\ubbf8\ub178\uc0b0 \ud65c\uc131\uc744 \uad00\ucc30\ud560 \uc218 \uc788\uac8c \ud569\ub2c8\ub2e4.  <\/p>\n","protected":false},"featured_media":41967,"template":"","meta":{"_acf_changed":false},"product_brand":[],"product_cat":[8142],"product_tag":[8531],"class_list":{"0":"post-41966","1":"product","2":"type-product","3":"status-publish","4":"has-post-thumbnail","6":"product_cat-a-mi-no-san","7":"product_tag-8531","9":"first","10":"instock","11":"shipping-taxable","12":"product-type-simple"},"acf":[],"yoast_head":"<!-- This site is optimized with the Yoast SEO plugin v27.4 - https:\/\/yoast.com\/product\/yoast-seo-wordpress\/ -->\n<title>\uc544\ub974\uae30\ub2cc \uc5d0\ud2f8 \uc5d0\uc2a4\ud130 \uc5fc\uc0b0\uc5fc - Hurtowy Dystrybutor<\/title>\n<meta name=\"robots\" content=\"index, follow, max-snippet:-1, max-image-preview:large, max-video-preview:-1\" \/>\n<link rel=\"canonical\" href=\"https:\/\/naturalpoland.com\/ko\/je-pum\/ui-yak-pum-won-ryo\/a-mi-no-san\/%ec%95%84%eb%a5%b4%ea%b8%b0%eb%8b%8c-%ec%97%90%ed%8b%b8-%ec%97%90%ec%8a%a4%ed%84%b0-%ec%97%bc%ec%82%b0%ec%97%bc\/\" \/>\n<meta property=\"og:locale\" content=\"ko_KR\" \/>\n<meta property=\"og:type\" content=\"article\" \/>\n<meta property=\"og:title\" content=\"\uc544\ub974\uae30\ub2cc \uc5d0\ud2f8 \uc5d0\uc2a4\ud130 \uc5fc\uc0b0\uc5fc - Hurtowy Dystrybutor\" \/>\n<meta property=\"og:description\" content=\"\uc544\ub974\uae30\ub2cc \uc5d0\ud2f8 \uc5d0\uc2a4\ud130\ub294 \uc5d0\uc2a4\ud14c\ub974\ud654\ub41c \uc544\ub974\uae30\ub2cc\uc785\ub2c8\ub2e4. \uc774\ub7ec\ud55c \ubc29\uc2dd\uc73c\ub85c \uc0dd\uccb4 \uc774\uc6a9\ub960\uc774 \uc99d\uac00\ud588\uc2b5\ub2c8\ub2e4. \uc774\ub294 \uc720\ub9ac \uc544\ub974\uae30\ub2cc\uc5d0 \ube44\ud574 \uc801\uc740 \uc6a9\ub7c9\uc73c\ub85c \uc12d\ucde8\ud558\uba74\uc11c\ub3c4 \ub3d9\uc77c\ud55c \uc544\ubbf8\ub178\uc0b0 \ud65c\uc131\uc744 \uad00\ucc30\ud560 \uc218 \uc788\uac8c \ud569\ub2c8\ub2e4.\" \/>\n<meta property=\"og:url\" content=\"https:\/\/naturalpoland.com\/ko\/je-pum\/ui-yak-pum-won-ryo\/a-mi-no-san\/%ec%95%84%eb%a5%b4%ea%b8%b0%eb%8b%8c-%ec%97%90%ed%8b%b8-%ec%97%90%ec%8a%a4%ed%84%b0-%ec%97%bc%ec%82%b0%ec%97%bc\/\" \/>\n<meta property=\"og:site_name\" content=\"NATURAL POLAND - Hurtowy Dystrybutor Surowc\u00f3w\" \/>\n<meta property=\"article:publisher\" content=\"https:\/\/www.facebook.com\/naturalpoland.b2b\" \/>\n<meta property=\"article:modified_time\" content=\"2025-07-15T13:17:14+00:00\" \/>\n<meta property=\"og:image\" content=\"https:\/\/naturalpoland.com\/wp-content\/uploads\/2021\/05\/arginine-ethyl-ester-hcl.png\" \/>\n\t<meta property=\"og:image:width\" content=\"1648\" \/>\n\t<meta property=\"og:image:height\" content=\"474\" \/>\n\t<meta property=\"og:image:type\" content=\"image\/png\" \/>\n<script type=\"application\/ld+json\" class=\"yoast-schema-graph\">{\"@context\":\"https:\\\/\\\/schema.org\",\"@graph\":[{\"@type\":\"WebPage\",\"@id\":\"https:\\\/\\\/naturalpoland.com\\\/ko\\\/je-pum\\\/ui-yak-pum-won-ryo\\\/a-mi-no-san\\\/%ec%95%84%eb%a5%b4%ea%b8%b0%eb%8b%8c-%ec%97%90%ed%8b%b8-%ec%97%90%ec%8a%a4%ed%84%b0-%ec%97%bc%ec%82%b0%ec%97%bc\\\/\",\"url\":\"https:\\\/\\\/naturalpoland.com\\\/ko\\\/je-pum\\\/ui-yak-pum-won-ryo\\\/a-mi-no-san\\\/%ec%95%84%eb%a5%b4%ea%b8%b0%eb%8b%8c-%ec%97%90%ed%8b%b8-%ec%97%90%ec%8a%a4%ed%84%b0-%ec%97%bc%ec%82%b0%ec%97%bc\\\/\",\"name\":\"\uc544\ub974\uae30\ub2cc \uc5d0\ud2f8 \uc5d0\uc2a4\ud130 \uc5fc\uc0b0\uc5fc - Hurtowy Dystrybutor\",\"isPartOf\":{\"@id\":\"https:\\\/\\\/naturalpoland.com\\\/ko\\\/#website\"},\"primaryImageOfPage\":{\"@id\":\"https:\\\/\\\/naturalpoland.com\\\/ko\\\/je-pum\\\/ui-yak-pum-won-ryo\\\/a-mi-no-san\\\/%ec%95%84%eb%a5%b4%ea%b8%b0%eb%8b%8c-%ec%97%90%ed%8b%b8-%ec%97%90%ec%8a%a4%ed%84%b0-%ec%97%bc%ec%82%b0%ec%97%bc\\\/#primaryimage\"},\"image\":{\"@id\":\"https:\\\/\\\/naturalpoland.com\\\/ko\\\/je-pum\\\/ui-yak-pum-won-ryo\\\/a-mi-no-san\\\/%ec%95%84%eb%a5%b4%ea%b8%b0%eb%8b%8c-%ec%97%90%ed%8b%b8-%ec%97%90%ec%8a%a4%ed%84%b0-%ec%97%bc%ec%82%b0%ec%97%bc\\\/#primaryimage\"},\"thumbnailUrl\":\"https:\\\/\\\/naturalpoland.com\\\/wp-content\\\/uploads\\\/2021\\\/05\\\/arginine-ethyl-ester-hcl.png\",\"datePublished\":\"2021-05-11T11:42:09+00:00\",\"dateModified\":\"2025-07-15T13:17:14+00:00\",\"breadcrumb\":{\"@id\":\"https:\\\/\\\/naturalpoland.com\\\/ko\\\/je-pum\\\/ui-yak-pum-won-ryo\\\/a-mi-no-san\\\/%ec%95%84%eb%a5%b4%ea%b8%b0%eb%8b%8c-%ec%97%90%ed%8b%b8-%ec%97%90%ec%8a%a4%ed%84%b0-%ec%97%bc%ec%82%b0%ec%97%bc\\\/#breadcrumb\"},\"inLanguage\":\"ko-KR\",\"potentialAction\":[{\"@type\":\"ReadAction\",\"target\":[\"https:\\\/\\\/naturalpoland.com\\\/ko\\\/je-pum\\\/ui-yak-pum-won-ryo\\\/a-mi-no-san\\\/%ec%95%84%eb%a5%b4%ea%b8%b0%eb%8b%8c-%ec%97%90%ed%8b%b8-%ec%97%90%ec%8a%a4%ed%84%b0-%ec%97%bc%ec%82%b0%ec%97%bc\\\/\"]}]},{\"@type\":\"ImageObject\",\"inLanguage\":\"ko-KR\",\"@id\":\"https:\\\/\\\/naturalpoland.com\\\/ko\\\/je-pum\\\/ui-yak-pum-won-ryo\\\/a-mi-no-san\\\/%ec%95%84%eb%a5%b4%ea%b8%b0%eb%8b%8c-%ec%97%90%ed%8b%b8-%ec%97%90%ec%8a%a4%ed%84%b0-%ec%97%bc%ec%82%b0%ec%97%bc\\\/#primaryimage\",\"url\":\"https:\\\/\\\/naturalpoland.com\\\/wp-content\\\/uploads\\\/2021\\\/05\\\/arginine-ethyl-ester-hcl.png\",\"contentUrl\":\"https:\\\/\\\/naturalpoland.com\\\/wp-content\\\/uploads\\\/2021\\\/05\\\/arginine-ethyl-ester-hcl.png\",\"width\":1648,\"height\":474,\"caption\":\"Ester etylowy argininy, chlorowodorek\"},{\"@type\":\"BreadcrumbList\",\"@id\":\"https:\\\/\\\/naturalpoland.com\\\/ko\\\/je-pum\\\/ui-yak-pum-won-ryo\\\/a-mi-no-san\\\/%ec%95%84%eb%a5%b4%ea%b8%b0%eb%8b%8c-%ec%97%90%ed%8b%b8-%ec%97%90%ec%8a%a4%ed%84%b0-%ec%97%bc%ec%82%b0%ec%97%bc\\\/#breadcrumb\",\"itemListElement\":[{\"@type\":\"ListItem\",\"position\":1,\"name\":\"\ud648\",\"item\":\"https:\\\/\\\/naturalpoland.com\\\/ko\\\/\"},{\"@type\":\"ListItem\",\"position\":2,\"name\":\"\uc81c\ud488\",\"item\":\"https:\\\/\\\/naturalpoland.com\\\/ko\\\/%ec%a0%9c%ed%92%88\\\/\"},{\"@type\":\"ListItem\",\"position\":3,\"name\":\"\uc544\ub974\uae30\ub2cc \uc5d0\ud2f8 \uc5d0\uc2a4\ud130 \uc5fc\uc0b0\uc5fc\"}]},{\"@type\":\"WebSite\",\"@id\":\"https:\\\/\\\/naturalpoland.com\\\/ko\\\/#website\",\"url\":\"https:\\\/\\\/naturalpoland.com\\\/ko\\\/\",\"name\":\"NATURAL POLAND - Hurtowy Dystrybutor Surowc\u00f3w\",\"description\":\"Surowce dla przemys\u0142u spo\u017cywczego, kosmetycznego i farmaceutycznego\",\"publisher\":{\"@id\":\"https:\\\/\\\/naturalpoland.com\\\/ko\\\/#organization\"},\"potentialAction\":[{\"@type\":\"SearchAction\",\"target\":{\"@type\":\"EntryPoint\",\"urlTemplate\":\"https:\\\/\\\/naturalpoland.com\\\/ko\\\/?s={search_term_string}\"},\"query-input\":{\"@type\":\"PropertyValueSpecification\",\"valueRequired\":true,\"valueName\":\"search_term_string\"}}],\"inLanguage\":\"ko-KR\"},{\"@type\":\"Organization\",\"@id\":\"https:\\\/\\\/naturalpoland.com\\\/ko\\\/#organization\",\"name\":\"Natural Poland\",\"url\":\"https:\\\/\\\/naturalpoland.com\\\/ko\\\/\",\"logo\":{\"@type\":\"ImageObject\",\"inLanguage\":\"ko-KR\",\"@id\":\"https:\\\/\\\/naturalpoland.com\\\/ko\\\/#\\\/schema\\\/logo\\\/image\\\/\",\"url\":\"https:\\\/\\\/naturalpoland.com\\\/wp-content\\\/uploads\\\/2021\\\/05\\\/natural-poland-icon.png\",\"contentUrl\":\"https:\\\/\\\/naturalpoland.com\\\/wp-content\\\/uploads\\\/2021\\\/05\\\/natural-poland-icon.png\",\"width\":512,\"height\":512,\"caption\":\"Natural Poland\"},\"image\":{\"@id\":\"https:\\\/\\\/naturalpoland.com\\\/ko\\\/#\\\/schema\\\/logo\\\/image\\\/\"},\"sameAs\":[\"https:\\\/\\\/www.facebook.com\\\/naturalpoland.b2b\",\"https:\\\/\\\/pl.linkedin.com\\\/company\\\/natural-poland\",\"https:\\\/\\\/www.youtube.com\\\/channel\\\/UCgeGGkvOMahZo-xu_MSEWxg\"]}]}<\/script>\n<!-- \/ Yoast SEO plugin. -->","yoast_head_json":{"title":"\uc544\ub974\uae30\ub2cc \uc5d0\ud2f8 \uc5d0\uc2a4\ud130 \uc5fc\uc0b0\uc5fc - Hurtowy Dystrybutor","robots":{"index":"index","follow":"follow","max-snippet":"max-snippet:-1","max-image-preview":"max-image-preview:large","max-video-preview":"max-video-preview:-1"},"canonical":"https:\/\/naturalpoland.com\/ko\/je-pum\/ui-yak-pum-won-ryo\/a-mi-no-san\/%ec%95%84%eb%a5%b4%ea%b8%b0%eb%8b%8c-%ec%97%90%ed%8b%b8-%ec%97%90%ec%8a%a4%ed%84%b0-%ec%97%bc%ec%82%b0%ec%97%bc\/","og_locale":"ko_KR","og_type":"article","og_title":"\uc544\ub974\uae30\ub2cc \uc5d0\ud2f8 \uc5d0\uc2a4\ud130 \uc5fc\uc0b0\uc5fc - Hurtowy Dystrybutor","og_description":"\uc544\ub974\uae30\ub2cc \uc5d0\ud2f8 \uc5d0\uc2a4\ud130\ub294 \uc5d0\uc2a4\ud14c\ub974\ud654\ub41c \uc544\ub974\uae30\ub2cc\uc785\ub2c8\ub2e4. \uc774\ub7ec\ud55c \ubc29\uc2dd\uc73c\ub85c \uc0dd\uccb4 \uc774\uc6a9\ub960\uc774 \uc99d\uac00\ud588\uc2b5\ub2c8\ub2e4. \uc774\ub294 \uc720\ub9ac \uc544\ub974\uae30\ub2cc\uc5d0 \ube44\ud574 \uc801\uc740 \uc6a9\ub7c9\uc73c\ub85c \uc12d\ucde8\ud558\uba74\uc11c\ub3c4 \ub3d9\uc77c\ud55c \uc544\ubbf8\ub178\uc0b0 \ud65c\uc131\uc744 \uad00\ucc30\ud560 \uc218 \uc788\uac8c \ud569\ub2c8\ub2e4.","og_url":"https:\/\/naturalpoland.com\/ko\/je-pum\/ui-yak-pum-won-ryo\/a-mi-no-san\/%ec%95%84%eb%a5%b4%ea%b8%b0%eb%8b%8c-%ec%97%90%ed%8b%b8-%ec%97%90%ec%8a%a4%ed%84%b0-%ec%97%bc%ec%82%b0%ec%97%bc\/","og_site_name":"NATURAL POLAND - Hurtowy Dystrybutor Surowc\u00f3w","article_publisher":"https:\/\/www.facebook.com\/naturalpoland.b2b","article_modified_time":"2025-07-15T13:17:14+00:00","og_image":[{"width":1648,"height":474,"url":"https:\/\/naturalpoland.com\/wp-content\/uploads\/2021\/05\/arginine-ethyl-ester-hcl.png","type":"image\/png"}],"schema":{"@context":"https:\/\/schema.org","@graph":[{"@type":"WebPage","@id":"https:\/\/naturalpoland.com\/ko\/je-pum\/ui-yak-pum-won-ryo\/a-mi-no-san\/%ec%95%84%eb%a5%b4%ea%b8%b0%eb%8b%8c-%ec%97%90%ed%8b%b8-%ec%97%90%ec%8a%a4%ed%84%b0-%ec%97%bc%ec%82%b0%ec%97%bc\/","url":"https:\/\/naturalpoland.com\/ko\/je-pum\/ui-yak-pum-won-ryo\/a-mi-no-san\/%ec%95%84%eb%a5%b4%ea%b8%b0%eb%8b%8c-%ec%97%90%ed%8b%b8-%ec%97%90%ec%8a%a4%ed%84%b0-%ec%97%bc%ec%82%b0%ec%97%bc\/","name":"\uc544\ub974\uae30\ub2cc \uc5d0\ud2f8 \uc5d0\uc2a4\ud130 \uc5fc\uc0b0\uc5fc - Hurtowy Dystrybutor","isPartOf":{"@id":"https:\/\/naturalpoland.com\/ko\/#website"},"primaryImageOfPage":{"@id":"https:\/\/naturalpoland.com\/ko\/je-pum\/ui-yak-pum-won-ryo\/a-mi-no-san\/%ec%95%84%eb%a5%b4%ea%b8%b0%eb%8b%8c-%ec%97%90%ed%8b%b8-%ec%97%90%ec%8a%a4%ed%84%b0-%ec%97%bc%ec%82%b0%ec%97%bc\/#primaryimage"},"image":{"@id":"https:\/\/naturalpoland.com\/ko\/je-pum\/ui-yak-pum-won-ryo\/a-mi-no-san\/%ec%95%84%eb%a5%b4%ea%b8%b0%eb%8b%8c-%ec%97%90%ed%8b%b8-%ec%97%90%ec%8a%a4%ed%84%b0-%ec%97%bc%ec%82%b0%ec%97%bc\/#primaryimage"},"thumbnailUrl":"https:\/\/naturalpoland.com\/wp-content\/uploads\/2021\/05\/arginine-ethyl-ester-hcl.png","datePublished":"2021-05-11T11:42:09+00:00","dateModified":"2025-07-15T13:17:14+00:00","breadcrumb":{"@id":"https:\/\/naturalpoland.com\/ko\/je-pum\/ui-yak-pum-won-ryo\/a-mi-no-san\/%ec%95%84%eb%a5%b4%ea%b8%b0%eb%8b%8c-%ec%97%90%ed%8b%b8-%ec%97%90%ec%8a%a4%ed%84%b0-%ec%97%bc%ec%82%b0%ec%97%bc\/#breadcrumb"},"inLanguage":"ko-KR","potentialAction":[{"@type":"ReadAction","target":["https:\/\/naturalpoland.com\/ko\/je-pum\/ui-yak-pum-won-ryo\/a-mi-no-san\/%ec%95%84%eb%a5%b4%ea%b8%b0%eb%8b%8c-%ec%97%90%ed%8b%b8-%ec%97%90%ec%8a%a4%ed%84%b0-%ec%97%bc%ec%82%b0%ec%97%bc\/"]}]},{"@type":"ImageObject","inLanguage":"ko-KR","@id":"https:\/\/naturalpoland.com\/ko\/je-pum\/ui-yak-pum-won-ryo\/a-mi-no-san\/%ec%95%84%eb%a5%b4%ea%b8%b0%eb%8b%8c-%ec%97%90%ed%8b%b8-%ec%97%90%ec%8a%a4%ed%84%b0-%ec%97%bc%ec%82%b0%ec%97%bc\/#primaryimage","url":"https:\/\/naturalpoland.com\/wp-content\/uploads\/2021\/05\/arginine-ethyl-ester-hcl.png","contentUrl":"https:\/\/naturalpoland.com\/wp-content\/uploads\/2021\/05\/arginine-ethyl-ester-hcl.png","width":1648,"height":474,"caption":"Ester etylowy argininy, chlorowodorek"},{"@type":"BreadcrumbList","@id":"https:\/\/naturalpoland.com\/ko\/je-pum\/ui-yak-pum-won-ryo\/a-mi-no-san\/%ec%95%84%eb%a5%b4%ea%b8%b0%eb%8b%8c-%ec%97%90%ed%8b%b8-%ec%97%90%ec%8a%a4%ed%84%b0-%ec%97%bc%ec%82%b0%ec%97%bc\/#breadcrumb","itemListElement":[{"@type":"ListItem","position":1,"name":"\ud648","item":"https:\/\/naturalpoland.com\/ko\/"},{"@type":"ListItem","position":2,"name":"\uc81c\ud488","item":"https:\/\/naturalpoland.com\/ko\/%ec%a0%9c%ed%92%88\/"},{"@type":"ListItem","position":3,"name":"\uc544\ub974\uae30\ub2cc \uc5d0\ud2f8 \uc5d0\uc2a4\ud130 \uc5fc\uc0b0\uc5fc"}]},{"@type":"WebSite","@id":"https:\/\/naturalpoland.com\/ko\/#website","url":"https:\/\/naturalpoland.com\/ko\/","name":"NATURAL POLAND - Hurtowy Dystrybutor Surowc\u00f3w","description":"Surowce dla przemys\u0142u spo\u017cywczego, kosmetycznego i farmaceutycznego","publisher":{"@id":"https:\/\/naturalpoland.com\/ko\/#organization"},"potentialAction":[{"@type":"SearchAction","target":{"@type":"EntryPoint","urlTemplate":"https:\/\/naturalpoland.com\/ko\/?s={search_term_string}"},"query-input":{"@type":"PropertyValueSpecification","valueRequired":true,"valueName":"search_term_string"}}],"inLanguage":"ko-KR"},{"@type":"Organization","@id":"https:\/\/naturalpoland.com\/ko\/#organization","name":"Natural Poland","url":"https:\/\/naturalpoland.com\/ko\/","logo":{"@type":"ImageObject","inLanguage":"ko-KR","@id":"https:\/\/naturalpoland.com\/ko\/#\/schema\/logo\/image\/","url":"https:\/\/naturalpoland.com\/wp-content\/uploads\/2021\/05\/natural-poland-icon.png","contentUrl":"https:\/\/naturalpoland.com\/wp-content\/uploads\/2021\/05\/natural-poland-icon.png","width":512,"height":512,"caption":"Natural Poland"},"image":{"@id":"https:\/\/naturalpoland.com\/ko\/#\/schema\/logo\/image\/"},"sameAs":["https:\/\/www.facebook.com\/naturalpoland.b2b","https:\/\/pl.linkedin.com\/company\/natural-poland","https:\/\/www.youtube.com\/channel\/UCgeGGkvOMahZo-xu_MSEWxg"]}]}},"_links":{"self":[{"href":"https:\/\/naturalpoland.com\/ko\/wp-json\/wp\/v2\/product\/41966","targetHints":{"allow":["GET"]}}],"collection":[{"href":"https:\/\/naturalpoland.com\/ko\/wp-json\/wp\/v2\/product"}],"about":[{"href":"https:\/\/naturalpoland.com\/ko\/wp-json\/wp\/v2\/types\/product"}],"wp:featuredmedia":[{"embeddable":true,"href":"https:\/\/naturalpoland.com\/ko\/wp-json\/wp\/v2\/media\/41967"}],"wp:attachment":[{"href":"https:\/\/naturalpoland.com\/ko\/wp-json\/wp\/v2\/media?parent=41966"}],"wp:term":[{"taxonomy":"product_brand","embeddable":true,"href":"https:\/\/naturalpoland.com\/ko\/wp-json\/wp\/v2\/product_brand?post=41966"},{"taxonomy":"product_cat","embeddable":true,"href":"https:\/\/naturalpoland.com\/ko\/wp-json\/wp\/v2\/product_cat?post=41966"},{"taxonomy":"product_tag","embeddable":true,"href":"https:\/\/naturalpoland.com\/ko\/wp-json\/wp\/v2\/product_tag?post=41966"}],"curies":[{"name":"wp","href":"https:\/\/api.w.org\/{rel}","templated":true}]}}