{"id":41968,"date":"2021-05-11T13:42:10","date_gmt":"2021-05-11T11:42:10","guid":{"rendered":"https:\/\/naturalpoland.com\/produkty\/uncategorized\/%ed%81%ac%eb%a0%88%ec%95%84%ed%8b%b4-%ec%97%90%ed%8b%b8-%ec%97%90%ec%8a%a4%ed%84%b0-%eb%a7%90%eb%a0%88%ec%9d%b4%ed%8a%b8\/"},"modified":"2025-07-15T15:39:17","modified_gmt":"2025-07-15T13:39:17","slug":"keureatin-etil-eseuteo-malleiteu","status":"publish","type":"product","link":"https:\/\/naturalpoland.com\/ko\/je-pum\/ui-yak-pum-won-ryo\/a-mi-no-san\/keureatin-etil-eseuteo-malleiteu\/","title":{"rendered":"\ud06c\ub808\uc544\ud2f4 \uc5d0\ud2f8 \uc5d0\uc2a4\ud130, \ub9d0\ub808\uc774\ud2b8"},"content":{"rendered":"<p>\ud06c\ub808\uc544\ud2f4 \uc5d0\ud2f8 \uc5d0\uc2a4\ud130\ub294 \uc2e0\uc9c4\ub300\uc0ac\ub97c \ucd09\uc9c4\ud558\uace0 \uac00\uc18d\ud654\ud558\uc5ec \uadfc\ub825\uacfc \ud6a8\uc728\uc131\uc5d0 \uc601\ud5a5\uc744 \ubbf8\uce69\ub2c8\ub2e4. \ud06c\ub808\uc544\ud2f4 \uc5d0\ud2f8 \uc5d0\uc2a4\ud130\ub97c \ud568\uc720\ud55c \uc81c\uc81c\ub97c \uc0ac\uc6a9\ud558\uba74 \ud6c8\ub828\uc758 \ud6a8\uc728\uc131\uacfc \ud6c8\ub828\ud558\ub294 \uc0ac\ub78c\uc758 \uc9c0\uad6c\ub825 \ubc0f \uccb4\ub825\uc744 \ub192\uc77c \uc218 \uc788\uc2b5\ub2c8\ub2e4. \uc774\uac83\uc740 \uc2e0\uccb4 \ud65c\ub3d9\uc774 \uc99d\uac00\ud55c \uc0ac\ub78c\ub4e4\uc744 \uc704\ud55c \ub9e4\uc6b0 \uc88b\uc740 \uc2dd\uc774 \ubcf4\ucda9\uc81c \uc131\ubd84\uc785\ub2c8\ub2e4.<\/p>\n","protected":false},"excerpt":{"rendered":"<p>\ud06c\ub808\uc544\ud2f4 \uc5d0\ud2f8 \uc5d0\uc2a4\ud130(\ub9d0\ub808\uc774\ud2b8)\ub294 \ud06c\ub808\uc544\ud2f4\uacfc \ub9d0\uc0b0\uc758 \uc870\ud569\uc785\ub2c8\ub2e4. \uc774\uac83\uc740 \uc2e0\uccb4\uc5d0 \uc758\ud574 \uc0c1\ub2f9\ud788 \uc27d\uac8c \ud761\uc218\ub418\uace0 \uc5d0\ub108\uc9c0 \uc7a0\uc7ac\ub825\uc744 \ud06c\uac8c \uc99d\uac00\uc2dc\ud0a4\ub294 \ub9e4\uc6b0 \ubc1c\uc804\ub41c \ud615\ud0dc\uc758 \ud06c\ub808\uc544\ud2f4\uc785\ub2c8\ub2e4. \uc5d0\uc2a4\ud130\ud654\ub294 \ub610\ud55c \ud06c\ub808\uc544\ud2f4\uc758 \uc0dd\uccb4 \ud65c\uc131\uc744 \uc99d\uac00\uc2dc\ucf1c \ud761\uc218\uc728\uc744 \ub192\uc785\ub2c8\ub2e4.<\/p>\n","protected":false},"featured_media":41969,"template":"","meta":{"_acf_changed":false},"product_brand":[],"product_cat":[8142],"product_tag":[],"class_list":{"0":"post-41968","1":"product","2":"type-product","3":"status-publish","4":"has-post-thumbnail","6":"product_cat-a-mi-no-san","8":"first","9":"instock","10":"shipping-taxable","11":"product-type-simple"},"acf":[],"yoast_head":"<!-- This site is optimized with the Yoast SEO plugin v27.4 - https:\/\/yoast.com\/product\/yoast-seo-wordpress\/ -->\n<title>\ud06c\ub808\uc544\ud2f4 \uc5d0\ud2f8 \uc5d0\uc2a4\ud130, \ub9d0\ub808\uc774\ud2b8 - Hurtowy Dystrybutor<\/title>\n<meta name=\"robots\" content=\"index, follow, max-snippet:-1, max-image-preview:large, max-video-preview:-1\" \/>\n<link rel=\"canonical\" href=\"https:\/\/naturalpoland.com\/ko\/je-pum\/ui-yak-pum-won-ryo\/a-mi-no-san\/keureatin-etil-eseuteo-malleiteu\/\" \/>\n<meta property=\"og:locale\" content=\"ko_KR\" \/>\n<meta property=\"og:type\" content=\"article\" \/>\n<meta property=\"og:title\" content=\"\ud06c\ub808\uc544\ud2f4 \uc5d0\ud2f8 \uc5d0\uc2a4\ud130, \ub9d0\ub808\uc774\ud2b8 - Hurtowy Dystrybutor\" \/>\n<meta property=\"og:description\" content=\"\ud06c\ub808\uc544\ud2f4 \uc5d0\ud2f8 \uc5d0\uc2a4\ud130(\ub9d0\ub808\uc774\ud2b8)\ub294 \ud06c\ub808\uc544\ud2f4\uacfc \ub9d0\uc0b0\uc758 \uc870\ud569\uc785\ub2c8\ub2e4. \uc774\uac83\uc740 \uc2e0\uccb4\uc5d0 \uc758\ud574 \uc0c1\ub2f9\ud788 \uc27d\uac8c \ud761\uc218\ub418\uace0 \uc5d0\ub108\uc9c0 \uc7a0\uc7ac\ub825\uc744 \ud06c\uac8c \uc99d\uac00\uc2dc\ud0a4\ub294 \ub9e4\uc6b0 \ubc1c\uc804\ub41c \ud615\ud0dc\uc758 \ud06c\ub808\uc544\ud2f4\uc785\ub2c8\ub2e4. \uc5d0\uc2a4\ud130\ud654\ub294 \ub610\ud55c \ud06c\ub808\uc544\ud2f4\uc758 \uc0dd\uccb4 \ud65c\uc131\uc744 \uc99d\uac00\uc2dc\ucf1c \ud761\uc218\uc728\uc744 \ub192\uc785\ub2c8\ub2e4.\" \/>\n<meta property=\"og:url\" content=\"https:\/\/naturalpoland.com\/ko\/je-pum\/ui-yak-pum-won-ryo\/a-mi-no-san\/keureatin-etil-eseuteo-malleiteu\/\" \/>\n<meta property=\"og:site_name\" content=\"NATURAL POLAND - Hurtowy Dystrybutor Surowc\u00f3w\" \/>\n<meta property=\"article:publisher\" content=\"https:\/\/www.facebook.com\/naturalpoland.b2b\" \/>\n<meta property=\"article:modified_time\" content=\"2025-07-15T13:39:17+00:00\" \/>\n<meta property=\"og:image\" content=\"https:\/\/naturalpoland.com\/wp-content\/uploads\/2021\/05\/ethyl-ester-creatine-malate.png\" \/>\n\t<meta property=\"og:image:width\" content=\"1250\" \/>\n\t<meta property=\"og:image:height\" content=\"732\" \/>\n\t<meta property=\"og:image:type\" content=\"image\/png\" \/>\n<script type=\"application\/ld+json\" class=\"yoast-schema-graph\">{\"@context\":\"https:\\\/\\\/schema.org\",\"@graph\":[{\"@type\":\"WebPage\",\"@id\":\"https:\\\/\\\/naturalpoland.com\\\/ko\\\/je-pum\\\/ui-yak-pum-won-ryo\\\/a-mi-no-san\\\/keureatin-etil-eseuteo-malleiteu\\\/\",\"url\":\"https:\\\/\\\/naturalpoland.com\\\/ko\\\/je-pum\\\/ui-yak-pum-won-ryo\\\/a-mi-no-san\\\/keureatin-etil-eseuteo-malleiteu\\\/\",\"name\":\"\ud06c\ub808\uc544\ud2f4 \uc5d0\ud2f8 \uc5d0\uc2a4\ud130, \ub9d0\ub808\uc774\ud2b8 - Hurtowy Dystrybutor\",\"isPartOf\":{\"@id\":\"https:\\\/\\\/naturalpoland.com\\\/ko\\\/#website\"},\"primaryImageOfPage\":{\"@id\":\"https:\\\/\\\/naturalpoland.com\\\/ko\\\/je-pum\\\/ui-yak-pum-won-ryo\\\/a-mi-no-san\\\/keureatin-etil-eseuteo-malleiteu\\\/#primaryimage\"},\"image\":{\"@id\":\"https:\\\/\\\/naturalpoland.com\\\/ko\\\/je-pum\\\/ui-yak-pum-won-ryo\\\/a-mi-no-san\\\/keureatin-etil-eseuteo-malleiteu\\\/#primaryimage\"},\"thumbnailUrl\":\"https:\\\/\\\/naturalpoland.com\\\/wp-content\\\/uploads\\\/2021\\\/05\\\/ethyl-ester-creatine-malate.png\",\"datePublished\":\"2021-05-11T11:42:10+00:00\",\"dateModified\":\"2025-07-15T13:39:17+00:00\",\"breadcrumb\":{\"@id\":\"https:\\\/\\\/naturalpoland.com\\\/ko\\\/je-pum\\\/ui-yak-pum-won-ryo\\\/a-mi-no-san\\\/keureatin-etil-eseuteo-malleiteu\\\/#breadcrumb\"},\"inLanguage\":\"ko-KR\",\"potentialAction\":[{\"@type\":\"ReadAction\",\"target\":[\"https:\\\/\\\/naturalpoland.com\\\/ko\\\/je-pum\\\/ui-yak-pum-won-ryo\\\/a-mi-no-san\\\/keureatin-etil-eseuteo-malleiteu\\\/\"]}]},{\"@type\":\"ImageObject\",\"inLanguage\":\"ko-KR\",\"@id\":\"https:\\\/\\\/naturalpoland.com\\\/ko\\\/je-pum\\\/ui-yak-pum-won-ryo\\\/a-mi-no-san\\\/keureatin-etil-eseuteo-malleiteu\\\/#primaryimage\",\"url\":\"https:\\\/\\\/naturalpoland.com\\\/wp-content\\\/uploads\\\/2021\\\/05\\\/ethyl-ester-creatine-malate.png\",\"contentUrl\":\"https:\\\/\\\/naturalpoland.com\\\/wp-content\\\/uploads\\\/2021\\\/05\\\/ethyl-ester-creatine-malate.png\",\"width\":1250,\"height\":732,\"caption\":\"Ester etylowy kreatyny, jab\u0142czan\"},{\"@type\":\"BreadcrumbList\",\"@id\":\"https:\\\/\\\/naturalpoland.com\\\/ko\\\/je-pum\\\/ui-yak-pum-won-ryo\\\/a-mi-no-san\\\/keureatin-etil-eseuteo-malleiteu\\\/#breadcrumb\",\"itemListElement\":[{\"@type\":\"ListItem\",\"position\":1,\"name\":\"\ud648\",\"item\":\"https:\\\/\\\/naturalpoland.com\\\/ko\\\/\"},{\"@type\":\"ListItem\",\"position\":2,\"name\":\"\uc81c\ud488\",\"item\":\"https:\\\/\\\/naturalpoland.com\\\/ko\\\/%ec%a0%9c%ed%92%88\\\/\"},{\"@type\":\"ListItem\",\"position\":3,\"name\":\"\ud06c\ub808\uc544\ud2f4 \uc5d0\ud2f8 \uc5d0\uc2a4\ud130, \ub9d0\ub808\uc774\ud2b8\"}]},{\"@type\":\"WebSite\",\"@id\":\"https:\\\/\\\/naturalpoland.com\\\/ko\\\/#website\",\"url\":\"https:\\\/\\\/naturalpoland.com\\\/ko\\\/\",\"name\":\"NATURAL POLAND - Hurtowy Dystrybutor Surowc\u00f3w\",\"description\":\"Surowce dla przemys\u0142u spo\u017cywczego, kosmetycznego i farmaceutycznego\",\"publisher\":{\"@id\":\"https:\\\/\\\/naturalpoland.com\\\/ko\\\/#organization\"},\"potentialAction\":[{\"@type\":\"SearchAction\",\"target\":{\"@type\":\"EntryPoint\",\"urlTemplate\":\"https:\\\/\\\/naturalpoland.com\\\/ko\\\/?s={search_term_string}\"},\"query-input\":{\"@type\":\"PropertyValueSpecification\",\"valueRequired\":true,\"valueName\":\"search_term_string\"}}],\"inLanguage\":\"ko-KR\"},{\"@type\":\"Organization\",\"@id\":\"https:\\\/\\\/naturalpoland.com\\\/ko\\\/#organization\",\"name\":\"Natural Poland\",\"url\":\"https:\\\/\\\/naturalpoland.com\\\/ko\\\/\",\"logo\":{\"@type\":\"ImageObject\",\"inLanguage\":\"ko-KR\",\"@id\":\"https:\\\/\\\/naturalpoland.com\\\/ko\\\/#\\\/schema\\\/logo\\\/image\\\/\",\"url\":\"https:\\\/\\\/naturalpoland.com\\\/wp-content\\\/uploads\\\/2021\\\/05\\\/natural-poland-icon.png\",\"contentUrl\":\"https:\\\/\\\/naturalpoland.com\\\/wp-content\\\/uploads\\\/2021\\\/05\\\/natural-poland-icon.png\",\"width\":512,\"height\":512,\"caption\":\"Natural Poland\"},\"image\":{\"@id\":\"https:\\\/\\\/naturalpoland.com\\\/ko\\\/#\\\/schema\\\/logo\\\/image\\\/\"},\"sameAs\":[\"https:\\\/\\\/www.facebook.com\\\/naturalpoland.b2b\",\"https:\\\/\\\/pl.linkedin.com\\\/company\\\/natural-poland\",\"https:\\\/\\\/www.youtube.com\\\/channel\\\/UCgeGGkvOMahZo-xu_MSEWxg\"]}]}<\/script>\n<!-- \/ Yoast SEO plugin. -->","yoast_head_json":{"title":"\ud06c\ub808\uc544\ud2f4 \uc5d0\ud2f8 \uc5d0\uc2a4\ud130, \ub9d0\ub808\uc774\ud2b8 - Hurtowy Dystrybutor","robots":{"index":"index","follow":"follow","max-snippet":"max-snippet:-1","max-image-preview":"max-image-preview:large","max-video-preview":"max-video-preview:-1"},"canonical":"https:\/\/naturalpoland.com\/ko\/je-pum\/ui-yak-pum-won-ryo\/a-mi-no-san\/keureatin-etil-eseuteo-malleiteu\/","og_locale":"ko_KR","og_type":"article","og_title":"\ud06c\ub808\uc544\ud2f4 \uc5d0\ud2f8 \uc5d0\uc2a4\ud130, \ub9d0\ub808\uc774\ud2b8 - Hurtowy Dystrybutor","og_description":"\ud06c\ub808\uc544\ud2f4 \uc5d0\ud2f8 \uc5d0\uc2a4\ud130(\ub9d0\ub808\uc774\ud2b8)\ub294 \ud06c\ub808\uc544\ud2f4\uacfc \ub9d0\uc0b0\uc758 \uc870\ud569\uc785\ub2c8\ub2e4. \uc774\uac83\uc740 \uc2e0\uccb4\uc5d0 \uc758\ud574 \uc0c1\ub2f9\ud788 \uc27d\uac8c \ud761\uc218\ub418\uace0 \uc5d0\ub108\uc9c0 \uc7a0\uc7ac\ub825\uc744 \ud06c\uac8c \uc99d\uac00\uc2dc\ud0a4\ub294 \ub9e4\uc6b0 \ubc1c\uc804\ub41c \ud615\ud0dc\uc758 \ud06c\ub808\uc544\ud2f4\uc785\ub2c8\ub2e4. \uc5d0\uc2a4\ud130\ud654\ub294 \ub610\ud55c \ud06c\ub808\uc544\ud2f4\uc758 \uc0dd\uccb4 \ud65c\uc131\uc744 \uc99d\uac00\uc2dc\ucf1c \ud761\uc218\uc728\uc744 \ub192\uc785\ub2c8\ub2e4.","og_url":"https:\/\/naturalpoland.com\/ko\/je-pum\/ui-yak-pum-won-ryo\/a-mi-no-san\/keureatin-etil-eseuteo-malleiteu\/","og_site_name":"NATURAL POLAND - Hurtowy Dystrybutor Surowc\u00f3w","article_publisher":"https:\/\/www.facebook.com\/naturalpoland.b2b","article_modified_time":"2025-07-15T13:39:17+00:00","og_image":[{"width":1250,"height":732,"url":"https:\/\/naturalpoland.com\/wp-content\/uploads\/2021\/05\/ethyl-ester-creatine-malate.png","type":"image\/png"}],"schema":{"@context":"https:\/\/schema.org","@graph":[{"@type":"WebPage","@id":"https:\/\/naturalpoland.com\/ko\/je-pum\/ui-yak-pum-won-ryo\/a-mi-no-san\/keureatin-etil-eseuteo-malleiteu\/","url":"https:\/\/naturalpoland.com\/ko\/je-pum\/ui-yak-pum-won-ryo\/a-mi-no-san\/keureatin-etil-eseuteo-malleiteu\/","name":"\ud06c\ub808\uc544\ud2f4 \uc5d0\ud2f8 \uc5d0\uc2a4\ud130, \ub9d0\ub808\uc774\ud2b8 - Hurtowy Dystrybutor","isPartOf":{"@id":"https:\/\/naturalpoland.com\/ko\/#website"},"primaryImageOfPage":{"@id":"https:\/\/naturalpoland.com\/ko\/je-pum\/ui-yak-pum-won-ryo\/a-mi-no-san\/keureatin-etil-eseuteo-malleiteu\/#primaryimage"},"image":{"@id":"https:\/\/naturalpoland.com\/ko\/je-pum\/ui-yak-pum-won-ryo\/a-mi-no-san\/keureatin-etil-eseuteo-malleiteu\/#primaryimage"},"thumbnailUrl":"https:\/\/naturalpoland.com\/wp-content\/uploads\/2021\/05\/ethyl-ester-creatine-malate.png","datePublished":"2021-05-11T11:42:10+00:00","dateModified":"2025-07-15T13:39:17+00:00","breadcrumb":{"@id":"https:\/\/naturalpoland.com\/ko\/je-pum\/ui-yak-pum-won-ryo\/a-mi-no-san\/keureatin-etil-eseuteo-malleiteu\/#breadcrumb"},"inLanguage":"ko-KR","potentialAction":[{"@type":"ReadAction","target":["https:\/\/naturalpoland.com\/ko\/je-pum\/ui-yak-pum-won-ryo\/a-mi-no-san\/keureatin-etil-eseuteo-malleiteu\/"]}]},{"@type":"ImageObject","inLanguage":"ko-KR","@id":"https:\/\/naturalpoland.com\/ko\/je-pum\/ui-yak-pum-won-ryo\/a-mi-no-san\/keureatin-etil-eseuteo-malleiteu\/#primaryimage","url":"https:\/\/naturalpoland.com\/wp-content\/uploads\/2021\/05\/ethyl-ester-creatine-malate.png","contentUrl":"https:\/\/naturalpoland.com\/wp-content\/uploads\/2021\/05\/ethyl-ester-creatine-malate.png","width":1250,"height":732,"caption":"Ester etylowy kreatyny, jab\u0142czan"},{"@type":"BreadcrumbList","@id":"https:\/\/naturalpoland.com\/ko\/je-pum\/ui-yak-pum-won-ryo\/a-mi-no-san\/keureatin-etil-eseuteo-malleiteu\/#breadcrumb","itemListElement":[{"@type":"ListItem","position":1,"name":"\ud648","item":"https:\/\/naturalpoland.com\/ko\/"},{"@type":"ListItem","position":2,"name":"\uc81c\ud488","item":"https:\/\/naturalpoland.com\/ko\/%ec%a0%9c%ed%92%88\/"},{"@type":"ListItem","position":3,"name":"\ud06c\ub808\uc544\ud2f4 \uc5d0\ud2f8 \uc5d0\uc2a4\ud130, \ub9d0\ub808\uc774\ud2b8"}]},{"@type":"WebSite","@id":"https:\/\/naturalpoland.com\/ko\/#website","url":"https:\/\/naturalpoland.com\/ko\/","name":"NATURAL POLAND - Hurtowy Dystrybutor Surowc\u00f3w","description":"Surowce dla przemys\u0142u spo\u017cywczego, kosmetycznego i farmaceutycznego","publisher":{"@id":"https:\/\/naturalpoland.com\/ko\/#organization"},"potentialAction":[{"@type":"SearchAction","target":{"@type":"EntryPoint","urlTemplate":"https:\/\/naturalpoland.com\/ko\/?s={search_term_string}"},"query-input":{"@type":"PropertyValueSpecification","valueRequired":true,"valueName":"search_term_string"}}],"inLanguage":"ko-KR"},{"@type":"Organization","@id":"https:\/\/naturalpoland.com\/ko\/#organization","name":"Natural Poland","url":"https:\/\/naturalpoland.com\/ko\/","logo":{"@type":"ImageObject","inLanguage":"ko-KR","@id":"https:\/\/naturalpoland.com\/ko\/#\/schema\/logo\/image\/","url":"https:\/\/naturalpoland.com\/wp-content\/uploads\/2021\/05\/natural-poland-icon.png","contentUrl":"https:\/\/naturalpoland.com\/wp-content\/uploads\/2021\/05\/natural-poland-icon.png","width":512,"height":512,"caption":"Natural Poland"},"image":{"@id":"https:\/\/naturalpoland.com\/ko\/#\/schema\/logo\/image\/"},"sameAs":["https:\/\/www.facebook.com\/naturalpoland.b2b","https:\/\/pl.linkedin.com\/company\/natural-poland","https:\/\/www.youtube.com\/channel\/UCgeGGkvOMahZo-xu_MSEWxg"]}]}},"_links":{"self":[{"href":"https:\/\/naturalpoland.com\/ko\/wp-json\/wp\/v2\/product\/41968","targetHints":{"allow":["GET"]}}],"collection":[{"href":"https:\/\/naturalpoland.com\/ko\/wp-json\/wp\/v2\/product"}],"about":[{"href":"https:\/\/naturalpoland.com\/ko\/wp-json\/wp\/v2\/types\/product"}],"wp:featuredmedia":[{"embeddable":true,"href":"https:\/\/naturalpoland.com\/ko\/wp-json\/wp\/v2\/media\/41969"}],"wp:attachment":[{"href":"https:\/\/naturalpoland.com\/ko\/wp-json\/wp\/v2\/media?parent=41968"}],"wp:term":[{"taxonomy":"product_brand","embeddable":true,"href":"https:\/\/naturalpoland.com\/ko\/wp-json\/wp\/v2\/product_brand?post=41968"},{"taxonomy":"product_cat","embeddable":true,"href":"https:\/\/naturalpoland.com\/ko\/wp-json\/wp\/v2\/product_cat?post=41968"},{"taxonomy":"product_tag","embeddable":true,"href":"https:\/\/naturalpoland.com\/ko\/wp-json\/wp\/v2\/product_tag?post=41968"}],"curies":[{"name":"wp","href":"https:\/\/api.w.org\/{rel}","templated":true}]}}