{"id":41970,"date":"2021-05-11T13:42:10","date_gmt":"2021-05-11T11:42:10","guid":{"rendered":"https:\/\/naturalpoland.com\/produkty\/uncategorized\/%ed%81%ac%eb%a0%88%ec%95%84%ed%8b%b4-%ec%97%90%ed%8b%b8-%ec%97%90%ec%8a%a4%ed%85%8c%eb%a5%b4-hcl-%ea%b3%bc%eb%a6%bd\/"},"modified":"2025-07-15T15:38:57","modified_gmt":"2025-07-15T13:38:57","slug":"keureatin-etil-eseutereu-hcl-gwarip","status":"publish","type":"product","link":"https:\/\/naturalpoland.com\/ko\/je-pum\/ui-yak-pum-won-ryo\/a-mi-no-san\/keureatin-etil-eseutereu-hcl-gwarip\/","title":{"rendered":"\ud06c\ub808\uc544\ud2f4 \uc5d0\ud2f8 \uc5d0\uc2a4\ud14c\ub974, HCl \uacfc\ub9bd"},"content":{"rendered":"<p>\uc778\uccb4\uc5d0 \uc874\uc7ac\ud558\ub294 \ud06c\ub808\uc544\ud2f4\uc758 90%\ub294 \uadfc\uc721\uc5d0 \uc788\uc2b5\ub2c8\ub2e4. \uc774\ub294 \uaca9\ub82c\ud55c \uc6b4\ub3d9 \ud6c4 \uadfc\uc721 \uc12c\uc720\uc758 \uc7ac\uc0dd\uc5d0 \uc601\ud5a5\uc744 \ubbf8\uce69\ub2c8\ub2e4. \ub530\ub77c\uc11c HCl \uacfc\ub9bd\uc740 \ud6c8\ub828 \ud6c4 \ub354 \ube68\ub9ac \uc88b\uc740 \uc0c1\ud0dc\ub85c \ub3cc\uc544\uc624\uae30 \uc704\ud574 \uc12d\ucde8\ud560 \uc218 \uc788\uc2b5\ub2c8\ub2e4. \ud06c\ub808\uc544\ud2f4\uc740 \ub610\ud55c \uc0c1\ucc98 \uce58\uc720\ub97c \uac00\uc18d\ud654\ud569\ub2c8\ub2e4. \uc2e0\uccb4 \uc7ac\uc0dd \uc678\uc5d0\ub3c4 \uc774 \uc5d0\uc2a4\ud14c\ub974\ub294 \uadfc\uc721\ub7c9 \uc99d\uac00\ub97c \uac00\uc18d\ud654\ud560 \uc218 \uc788\uc2b5\ub2c8\ub2e4. \uc774\ub97c \uc0ac\uc6a9\ud558\uba74 \ub354 \ube68\ub9ac \uadfc\uc721\ub7c9\uc744 \ub9cc\ub4e4\uace0 \uac1c\ubcc4 \ud6c8\ub828 \uc2dc\uac04\uc744 \ud06c\uac8c \ub298\ub9b4 \uc218 \uc788\uc2b5\ub2c8\ub2e4.<\/p>\n","protected":false},"excerpt":{"rendered":"<p><strong>\ud06c\ub808\uc544\ud2f4 \uc5d0\ud2f8 \uc5d0\uc2a4\ud14c\ub974<\/strong>\ub294 \uc0dd\uccb4 \uc774\uc6a9\ub960\uc774 \ud5a5\uc0c1\ub41c \ud06c\ub808\uc544\ud2f4 \ud615\ud0dc\uc785\ub2c8\ub2e4. \ub355\ubd84\uc5d0 \uc77c\ubc18 \ud06c\ub808\uc544\ud2f4\ubcf4\ub2e4 \ub354 \ube60\ub974\uace0 \ud6a8\uacfc\uc801\uc73c\ub85c \uc791\uc6a9\ud560 \uc218 \uc788\uc2b5\ub2c8\ub2e4. \ub610\ud55c \uc12d\ucde8\ud558\ub294 \ud06c\ub808\uc544\ud2f4\uc758 \ubcf5\uc6a9\ub7c9\uc744 \uc904\uc77c \uc218 \uc788\uc5b4 \ubcf4\ucda9\uc81c \uc12d\ucde8\uac00 \ud6e8\uc52c \uc26c\uc6cc\uc9d1\ub2c8\ub2e4.<\/p>\n","protected":false},"featured_media":41971,"template":"","meta":{"_acf_changed":false},"product_brand":[],"product_cat":[8142],"product_tag":[8531],"class_list":{"0":"post-41970","1":"product","2":"type-product","3":"status-publish","4":"has-post-thumbnail","6":"product_cat-a-mi-no-san","7":"product_tag-8531","9":"first","10":"instock","11":"shipping-taxable","12":"product-type-simple"},"acf":[],"yoast_head":"<!-- This site is optimized with the Yoast SEO plugin v27.4 - https:\/\/yoast.com\/product\/yoast-seo-wordpress\/ -->\n<title>\ud06c\ub808\uc544\ud2f4 \uc5d0\ud2f8 \uc5d0\uc2a4\ud14c\ub974, HCl \uacfc\ub9bd - Hurtowy Dystrybutor<\/title>\n<meta name=\"robots\" content=\"index, follow, max-snippet:-1, max-image-preview:large, max-video-preview:-1\" \/>\n<link rel=\"canonical\" href=\"https:\/\/naturalpoland.com\/ko\/je-pum\/ui-yak-pum-won-ryo\/a-mi-no-san\/keureatin-etil-eseutereu-hcl-gwarip\/\" \/>\n<meta property=\"og:locale\" content=\"ko_KR\" \/>\n<meta property=\"og:type\" content=\"article\" \/>\n<meta property=\"og:title\" content=\"\ud06c\ub808\uc544\ud2f4 \uc5d0\ud2f8 \uc5d0\uc2a4\ud14c\ub974, HCl \uacfc\ub9bd - Hurtowy Dystrybutor\" \/>\n<meta property=\"og:description\" content=\"\ud06c\ub808\uc544\ud2f4 \uc5d0\ud2f8 \uc5d0\uc2a4\ud14c\ub974\ub294 \uc0dd\uccb4 \uc774\uc6a9\ub960\uc774 \ud5a5\uc0c1\ub41c \ud06c\ub808\uc544\ud2f4 \ud615\ud0dc\uc785\ub2c8\ub2e4. \ub355\ubd84\uc5d0 \uc77c\ubc18 \ud06c\ub808\uc544\ud2f4\ubcf4\ub2e4 \ub354 \ube60\ub974\uace0 \ud6a8\uacfc\uc801\uc73c\ub85c \uc791\uc6a9\ud560 \uc218 \uc788\uc2b5\ub2c8\ub2e4. \ub610\ud55c \uc12d\ucde8\ud558\ub294 \ud06c\ub808\uc544\ud2f4\uc758 \ubcf5\uc6a9\ub7c9\uc744 \uc904\uc77c \uc218 \uc788\uc5b4 \ubcf4\ucda9\uc81c \uc12d\ucde8\uac00 \ud6e8\uc52c \uc26c\uc6cc\uc9d1\ub2c8\ub2e4.\" \/>\n<meta property=\"og:url\" content=\"https:\/\/naturalpoland.com\/ko\/je-pum\/ui-yak-pum-won-ryo\/a-mi-no-san\/keureatin-etil-eseutereu-hcl-gwarip\/\" \/>\n<meta property=\"og:site_name\" content=\"NATURAL POLAND - Hurtowy Dystrybutor Surowc\u00f3w\" \/>\n<meta property=\"article:publisher\" content=\"https:\/\/www.facebook.com\/naturalpoland.b2b\" \/>\n<meta property=\"article:modified_time\" content=\"2025-07-15T13:38:57+00:00\" \/>\n<meta property=\"og:image\" content=\"https:\/\/naturalpoland.com\/wp-content\/uploads\/2021\/05\/creatine-ethyl-ester-hcl-granult.jpg\" \/>\n\t<meta property=\"og:image:width\" content=\"383\" \/>\n\t<meta property=\"og:image:height\" content=\"132\" \/>\n\t<meta property=\"og:image:type\" content=\"image\/jpeg\" \/>\n<script type=\"application\/ld+json\" class=\"yoast-schema-graph\">{\"@context\":\"https:\\\/\\\/schema.org\",\"@graph\":[{\"@type\":\"WebPage\",\"@id\":\"https:\\\/\\\/naturalpoland.com\\\/ko\\\/je-pum\\\/ui-yak-pum-won-ryo\\\/a-mi-no-san\\\/keureatin-etil-eseutereu-hcl-gwarip\\\/\",\"url\":\"https:\\\/\\\/naturalpoland.com\\\/ko\\\/je-pum\\\/ui-yak-pum-won-ryo\\\/a-mi-no-san\\\/keureatin-etil-eseutereu-hcl-gwarip\\\/\",\"name\":\"\ud06c\ub808\uc544\ud2f4 \uc5d0\ud2f8 \uc5d0\uc2a4\ud14c\ub974, HCl \uacfc\ub9bd - Hurtowy Dystrybutor\",\"isPartOf\":{\"@id\":\"https:\\\/\\\/naturalpoland.com\\\/ko\\\/#website\"},\"primaryImageOfPage\":{\"@id\":\"https:\\\/\\\/naturalpoland.com\\\/ko\\\/je-pum\\\/ui-yak-pum-won-ryo\\\/a-mi-no-san\\\/keureatin-etil-eseutereu-hcl-gwarip\\\/#primaryimage\"},\"image\":{\"@id\":\"https:\\\/\\\/naturalpoland.com\\\/ko\\\/je-pum\\\/ui-yak-pum-won-ryo\\\/a-mi-no-san\\\/keureatin-etil-eseutereu-hcl-gwarip\\\/#primaryimage\"},\"thumbnailUrl\":\"https:\\\/\\\/naturalpoland.com\\\/wp-content\\\/uploads\\\/2021\\\/05\\\/creatine-ethyl-ester-hcl-granult.jpg\",\"datePublished\":\"2021-05-11T11:42:10+00:00\",\"dateModified\":\"2025-07-15T13:38:57+00:00\",\"breadcrumb\":{\"@id\":\"https:\\\/\\\/naturalpoland.com\\\/ko\\\/je-pum\\\/ui-yak-pum-won-ryo\\\/a-mi-no-san\\\/keureatin-etil-eseutereu-hcl-gwarip\\\/#breadcrumb\"},\"inLanguage\":\"ko-KR\",\"potentialAction\":[{\"@type\":\"ReadAction\",\"target\":[\"https:\\\/\\\/naturalpoland.com\\\/ko\\\/je-pum\\\/ui-yak-pum-won-ryo\\\/a-mi-no-san\\\/keureatin-etil-eseutereu-hcl-gwarip\\\/\"]}]},{\"@type\":\"ImageObject\",\"inLanguage\":\"ko-KR\",\"@id\":\"https:\\\/\\\/naturalpoland.com\\\/ko\\\/je-pum\\\/ui-yak-pum-won-ryo\\\/a-mi-no-san\\\/keureatin-etil-eseutereu-hcl-gwarip\\\/#primaryimage\",\"url\":\"https:\\\/\\\/naturalpoland.com\\\/wp-content\\\/uploads\\\/2021\\\/05\\\/creatine-ethyl-ester-hcl-granult.jpg\",\"contentUrl\":\"https:\\\/\\\/naturalpoland.com\\\/wp-content\\\/uploads\\\/2021\\\/05\\\/creatine-ethyl-ester-hcl-granult.jpg\",\"width\":383,\"height\":132,\"caption\":\"Ester etylowy kreatyny, HCl granulat\"},{\"@type\":\"BreadcrumbList\",\"@id\":\"https:\\\/\\\/naturalpoland.com\\\/ko\\\/je-pum\\\/ui-yak-pum-won-ryo\\\/a-mi-no-san\\\/keureatin-etil-eseutereu-hcl-gwarip\\\/#breadcrumb\",\"itemListElement\":[{\"@type\":\"ListItem\",\"position\":1,\"name\":\"\ud648\",\"item\":\"https:\\\/\\\/naturalpoland.com\\\/ko\\\/\"},{\"@type\":\"ListItem\",\"position\":2,\"name\":\"\uc81c\ud488\",\"item\":\"https:\\\/\\\/naturalpoland.com\\\/ko\\\/%ec%a0%9c%ed%92%88\\\/\"},{\"@type\":\"ListItem\",\"position\":3,\"name\":\"\ud06c\ub808\uc544\ud2f4 \uc5d0\ud2f8 \uc5d0\uc2a4\ud14c\ub974, HCl \uacfc\ub9bd\"}]},{\"@type\":\"WebSite\",\"@id\":\"https:\\\/\\\/naturalpoland.com\\\/ko\\\/#website\",\"url\":\"https:\\\/\\\/naturalpoland.com\\\/ko\\\/\",\"name\":\"NATURAL POLAND - Hurtowy Dystrybutor Surowc\u00f3w\",\"description\":\"Surowce dla przemys\u0142u spo\u017cywczego, kosmetycznego i farmaceutycznego\",\"publisher\":{\"@id\":\"https:\\\/\\\/naturalpoland.com\\\/ko\\\/#organization\"},\"potentialAction\":[{\"@type\":\"SearchAction\",\"target\":{\"@type\":\"EntryPoint\",\"urlTemplate\":\"https:\\\/\\\/naturalpoland.com\\\/ko\\\/?s={search_term_string}\"},\"query-input\":{\"@type\":\"PropertyValueSpecification\",\"valueRequired\":true,\"valueName\":\"search_term_string\"}}],\"inLanguage\":\"ko-KR\"},{\"@type\":\"Organization\",\"@id\":\"https:\\\/\\\/naturalpoland.com\\\/ko\\\/#organization\",\"name\":\"Natural Poland\",\"url\":\"https:\\\/\\\/naturalpoland.com\\\/ko\\\/\",\"logo\":{\"@type\":\"ImageObject\",\"inLanguage\":\"ko-KR\",\"@id\":\"https:\\\/\\\/naturalpoland.com\\\/ko\\\/#\\\/schema\\\/logo\\\/image\\\/\",\"url\":\"https:\\\/\\\/naturalpoland.com\\\/wp-content\\\/uploads\\\/2021\\\/05\\\/natural-poland-icon.png\",\"contentUrl\":\"https:\\\/\\\/naturalpoland.com\\\/wp-content\\\/uploads\\\/2021\\\/05\\\/natural-poland-icon.png\",\"width\":512,\"height\":512,\"caption\":\"Natural Poland\"},\"image\":{\"@id\":\"https:\\\/\\\/naturalpoland.com\\\/ko\\\/#\\\/schema\\\/logo\\\/image\\\/\"},\"sameAs\":[\"https:\\\/\\\/www.facebook.com\\\/naturalpoland.b2b\",\"https:\\\/\\\/pl.linkedin.com\\\/company\\\/natural-poland\",\"https:\\\/\\\/www.youtube.com\\\/channel\\\/UCgeGGkvOMahZo-xu_MSEWxg\"]}]}<\/script>\n<!-- \/ Yoast SEO plugin. -->","yoast_head_json":{"title":"\ud06c\ub808\uc544\ud2f4 \uc5d0\ud2f8 \uc5d0\uc2a4\ud14c\ub974, HCl \uacfc\ub9bd - Hurtowy Dystrybutor","robots":{"index":"index","follow":"follow","max-snippet":"max-snippet:-1","max-image-preview":"max-image-preview:large","max-video-preview":"max-video-preview:-1"},"canonical":"https:\/\/naturalpoland.com\/ko\/je-pum\/ui-yak-pum-won-ryo\/a-mi-no-san\/keureatin-etil-eseutereu-hcl-gwarip\/","og_locale":"ko_KR","og_type":"article","og_title":"\ud06c\ub808\uc544\ud2f4 \uc5d0\ud2f8 \uc5d0\uc2a4\ud14c\ub974, HCl \uacfc\ub9bd - Hurtowy Dystrybutor","og_description":"\ud06c\ub808\uc544\ud2f4 \uc5d0\ud2f8 \uc5d0\uc2a4\ud14c\ub974\ub294 \uc0dd\uccb4 \uc774\uc6a9\ub960\uc774 \ud5a5\uc0c1\ub41c \ud06c\ub808\uc544\ud2f4 \ud615\ud0dc\uc785\ub2c8\ub2e4. \ub355\ubd84\uc5d0 \uc77c\ubc18 \ud06c\ub808\uc544\ud2f4\ubcf4\ub2e4 \ub354 \ube60\ub974\uace0 \ud6a8\uacfc\uc801\uc73c\ub85c \uc791\uc6a9\ud560 \uc218 \uc788\uc2b5\ub2c8\ub2e4. \ub610\ud55c \uc12d\ucde8\ud558\ub294 \ud06c\ub808\uc544\ud2f4\uc758 \ubcf5\uc6a9\ub7c9\uc744 \uc904\uc77c \uc218 \uc788\uc5b4 \ubcf4\ucda9\uc81c \uc12d\ucde8\uac00 \ud6e8\uc52c \uc26c\uc6cc\uc9d1\ub2c8\ub2e4.","og_url":"https:\/\/naturalpoland.com\/ko\/je-pum\/ui-yak-pum-won-ryo\/a-mi-no-san\/keureatin-etil-eseutereu-hcl-gwarip\/","og_site_name":"NATURAL POLAND - Hurtowy Dystrybutor Surowc\u00f3w","article_publisher":"https:\/\/www.facebook.com\/naturalpoland.b2b","article_modified_time":"2025-07-15T13:38:57+00:00","og_image":[{"width":383,"height":132,"url":"https:\/\/naturalpoland.com\/wp-content\/uploads\/2021\/05\/creatine-ethyl-ester-hcl-granult.jpg","type":"image\/jpeg"}],"schema":{"@context":"https:\/\/schema.org","@graph":[{"@type":"WebPage","@id":"https:\/\/naturalpoland.com\/ko\/je-pum\/ui-yak-pum-won-ryo\/a-mi-no-san\/keureatin-etil-eseutereu-hcl-gwarip\/","url":"https:\/\/naturalpoland.com\/ko\/je-pum\/ui-yak-pum-won-ryo\/a-mi-no-san\/keureatin-etil-eseutereu-hcl-gwarip\/","name":"\ud06c\ub808\uc544\ud2f4 \uc5d0\ud2f8 \uc5d0\uc2a4\ud14c\ub974, HCl \uacfc\ub9bd - Hurtowy Dystrybutor","isPartOf":{"@id":"https:\/\/naturalpoland.com\/ko\/#website"},"primaryImageOfPage":{"@id":"https:\/\/naturalpoland.com\/ko\/je-pum\/ui-yak-pum-won-ryo\/a-mi-no-san\/keureatin-etil-eseutereu-hcl-gwarip\/#primaryimage"},"image":{"@id":"https:\/\/naturalpoland.com\/ko\/je-pum\/ui-yak-pum-won-ryo\/a-mi-no-san\/keureatin-etil-eseutereu-hcl-gwarip\/#primaryimage"},"thumbnailUrl":"https:\/\/naturalpoland.com\/wp-content\/uploads\/2021\/05\/creatine-ethyl-ester-hcl-granult.jpg","datePublished":"2021-05-11T11:42:10+00:00","dateModified":"2025-07-15T13:38:57+00:00","breadcrumb":{"@id":"https:\/\/naturalpoland.com\/ko\/je-pum\/ui-yak-pum-won-ryo\/a-mi-no-san\/keureatin-etil-eseutereu-hcl-gwarip\/#breadcrumb"},"inLanguage":"ko-KR","potentialAction":[{"@type":"ReadAction","target":["https:\/\/naturalpoland.com\/ko\/je-pum\/ui-yak-pum-won-ryo\/a-mi-no-san\/keureatin-etil-eseutereu-hcl-gwarip\/"]}]},{"@type":"ImageObject","inLanguage":"ko-KR","@id":"https:\/\/naturalpoland.com\/ko\/je-pum\/ui-yak-pum-won-ryo\/a-mi-no-san\/keureatin-etil-eseutereu-hcl-gwarip\/#primaryimage","url":"https:\/\/naturalpoland.com\/wp-content\/uploads\/2021\/05\/creatine-ethyl-ester-hcl-granult.jpg","contentUrl":"https:\/\/naturalpoland.com\/wp-content\/uploads\/2021\/05\/creatine-ethyl-ester-hcl-granult.jpg","width":383,"height":132,"caption":"Ester etylowy kreatyny, HCl granulat"},{"@type":"BreadcrumbList","@id":"https:\/\/naturalpoland.com\/ko\/je-pum\/ui-yak-pum-won-ryo\/a-mi-no-san\/keureatin-etil-eseutereu-hcl-gwarip\/#breadcrumb","itemListElement":[{"@type":"ListItem","position":1,"name":"\ud648","item":"https:\/\/naturalpoland.com\/ko\/"},{"@type":"ListItem","position":2,"name":"\uc81c\ud488","item":"https:\/\/naturalpoland.com\/ko\/%ec%a0%9c%ed%92%88\/"},{"@type":"ListItem","position":3,"name":"\ud06c\ub808\uc544\ud2f4 \uc5d0\ud2f8 \uc5d0\uc2a4\ud14c\ub974, HCl \uacfc\ub9bd"}]},{"@type":"WebSite","@id":"https:\/\/naturalpoland.com\/ko\/#website","url":"https:\/\/naturalpoland.com\/ko\/","name":"NATURAL POLAND - Hurtowy Dystrybutor Surowc\u00f3w","description":"Surowce dla przemys\u0142u spo\u017cywczego, kosmetycznego i farmaceutycznego","publisher":{"@id":"https:\/\/naturalpoland.com\/ko\/#organization"},"potentialAction":[{"@type":"SearchAction","target":{"@type":"EntryPoint","urlTemplate":"https:\/\/naturalpoland.com\/ko\/?s={search_term_string}"},"query-input":{"@type":"PropertyValueSpecification","valueRequired":true,"valueName":"search_term_string"}}],"inLanguage":"ko-KR"},{"@type":"Organization","@id":"https:\/\/naturalpoland.com\/ko\/#organization","name":"Natural Poland","url":"https:\/\/naturalpoland.com\/ko\/","logo":{"@type":"ImageObject","inLanguage":"ko-KR","@id":"https:\/\/naturalpoland.com\/ko\/#\/schema\/logo\/image\/","url":"https:\/\/naturalpoland.com\/wp-content\/uploads\/2021\/05\/natural-poland-icon.png","contentUrl":"https:\/\/naturalpoland.com\/wp-content\/uploads\/2021\/05\/natural-poland-icon.png","width":512,"height":512,"caption":"Natural Poland"},"image":{"@id":"https:\/\/naturalpoland.com\/ko\/#\/schema\/logo\/image\/"},"sameAs":["https:\/\/www.facebook.com\/naturalpoland.b2b","https:\/\/pl.linkedin.com\/company\/natural-poland","https:\/\/www.youtube.com\/channel\/UCgeGGkvOMahZo-xu_MSEWxg"]}]}},"_links":{"self":[{"href":"https:\/\/naturalpoland.com\/ko\/wp-json\/wp\/v2\/product\/41970","targetHints":{"allow":["GET"]}}],"collection":[{"href":"https:\/\/naturalpoland.com\/ko\/wp-json\/wp\/v2\/product"}],"about":[{"href":"https:\/\/naturalpoland.com\/ko\/wp-json\/wp\/v2\/types\/product"}],"wp:featuredmedia":[{"embeddable":true,"href":"https:\/\/naturalpoland.com\/ko\/wp-json\/wp\/v2\/media\/41971"}],"wp:attachment":[{"href":"https:\/\/naturalpoland.com\/ko\/wp-json\/wp\/v2\/media?parent=41970"}],"wp:term":[{"taxonomy":"product_brand","embeddable":true,"href":"https:\/\/naturalpoland.com\/ko\/wp-json\/wp\/v2\/product_brand?post=41970"},{"taxonomy":"product_cat","embeddable":true,"href":"https:\/\/naturalpoland.com\/ko\/wp-json\/wp\/v2\/product_cat?post=41970"},{"taxonomy":"product_tag","embeddable":true,"href":"https:\/\/naturalpoland.com\/ko\/wp-json\/wp\/v2\/product_tag?post=41970"}],"curies":[{"name":"wp","href":"https:\/\/api.w.org\/{rel}","templated":true}]}}