{"id":41972,"date":"2021-05-11T13:45:22","date_gmt":"2021-05-11T11:45:22","guid":{"rendered":"https:\/\/naturalpoland.com\/produkty\/uncategorized\/l-%ec%9d%b4%ec%86%8c%eb%a5%98%ec%8b%a0\/"},"modified":"2025-07-15T15:17:22","modified_gmt":"2025-07-15T13:17:22","slug":"l-%ec%9d%b4%ec%86%8c%eb%a5%98%ec%8b%a0","status":"publish","type":"product","link":"https:\/\/naturalpoland.com\/ko\/je-pum\/ui-yak-pum-won-ryo\/a-mi-no-san\/l-%ec%9d%b4%ec%86%8c%eb%a5%98%ec%8b%a0\/","title":{"rendered":"L-\uc774\uc18c\ub958\uc2e0"},"content":{"rendered":"<p>\uc774\uc18c\ub958\uc2e0\uc740 BCAA \uc720\ud615 \ubcf4\ucda9\uc81c\uc5d0 \ud3ec\ud568\ub41c \uc544\ubbf8\ub178\uc0b0 \uc911 \ud558\ub098\uc785\ub2c8\ub2e4. \uadfc\uc721\ub7c9 \uc99d\uac00\ub97c \uac00\uc18d\ud654\ud558\uae30 \uc704\ud574 \uc6b4\ub3d9 \uc9c1\ud6c4 \uc12d\ucde8\ud574\uc57c \ud569\ub2c8\ub2e4. <\/p>\n<p>\ud6a8\ub2a5:<br \/>\n\uc774\uc18c\ub958\uc2e0\uc740 \uc9c0\ub098\uce58\uac8c \uaca9\ub82c\ud55c \uc6b4\ub3d9\uc73c\ub85c \uc778\ud55c \uadfc\uc721 \uc870\uc9c1\uc758 \ubd84\ud574\ub97c \ubc29\uc9c0\ud569\ub2c8\ub2e4. \ub610\ud55c \uc6b4\ub3d9 \ud6c4 \ud68c\ubcf5\uc744 \ub3d5\uace0 \ub2e4\uc74c \uc6b4\ub3d9\uc744 \uc900\ube44\ud558\ub294 \ub370 \ud544\uc694\ud55c \uc2dc\uac04\uc744 \ub2e8\ucd95\ud569\ub2c8\ub2e4. \uc774 \uc544\ubbf8\ub178\uc0b0\uc740 \ub2e8\ubc31\uc9c8\uacfc \ud5e4\ubaa8\uae00\ub85c\ube48 \ud569\uc131\uc744 \uc9c0\uc6d0\ud558\uc5ec \ube48\ud608\uacfc \uc774\ub85c \uc778\ud55c \ud604\uae30\uc99d \ub610\ub294 \ud638\ud761 \uace4\ub780\uc744 \uc608\ubc29\ud569\ub2c8\ub2e4. L-\uc774\uc18c\ub958\uc2e0\uc740 \ud608\ub2f9 \uc218\uce58 \uc870\uc808\uc5d0\ub3c4 \ub3c4\uc6c0\uc774 \ub429\ub2c8\ub2e4.   <\/p>\n","protected":false},"excerpt":{"rendered":"<p><strong>L-\uc774\uc18c\ub958\uc2e0<\/strong>\uc740 \ud544\uc218 \uc544\ubbf8\ub178\uc0b0\uc785\ub2c8\ub2e4. \uccb4\ub0b4\uc5d0\uc11c \uc0dd\uc131\ub418\uc9c0 \uc54a\uc73c\ubbc0\ub85c \uc74c\uc2dd\uc774\ub098 \uc801\uc808\ud55c \ubcf4\ucda9\uc81c\ub97c \ud1b5\ud574 \uc12d\ucde8\ud574\uc57c \ud569\ub2c8\ub2e4. <\/p>\n","protected":false},"featured_media":41973,"template":"","meta":{"_acf_changed":false},"product_brand":[],"product_cat":[8142],"product_tag":[],"class_list":{"0":"post-41972","1":"product","2":"type-product","3":"status-publish","4":"has-post-thumbnail","6":"product_cat-a-mi-no-san","8":"first","9":"instock","10":"shipping-taxable","11":"product-type-simple"},"acf":[],"yoast_head":"<!-- This site is optimized with the Yoast SEO plugin v27.4 - https:\/\/yoast.com\/product\/yoast-seo-wordpress\/ -->\n<title>L-\uc774\uc18c\ub958\uc2e0 - Hurtowy Dystrybutor<\/title>\n<meta name=\"robots\" content=\"index, follow, max-snippet:-1, max-image-preview:large, max-video-preview:-1\" \/>\n<link rel=\"canonical\" href=\"https:\/\/naturalpoland.com\/ko\/je-pum\/ui-yak-pum-won-ryo\/a-mi-no-san\/l-%ec%9d%b4%ec%86%8c%eb%a5%98%ec%8b%a0\/\" \/>\n<meta property=\"og:locale\" content=\"ko_KR\" \/>\n<meta property=\"og:type\" content=\"article\" \/>\n<meta property=\"og:title\" content=\"L-\uc774\uc18c\ub958\uc2e0 - Hurtowy Dystrybutor\" \/>\n<meta property=\"og:description\" content=\"L-\uc774\uc18c\ub958\uc2e0\uc740 \ud544\uc218 \uc544\ubbf8\ub178\uc0b0\uc785\ub2c8\ub2e4. \uccb4\ub0b4\uc5d0\uc11c \uc0dd\uc131\ub418\uc9c0 \uc54a\uc73c\ubbc0\ub85c \uc74c\uc2dd\uc774\ub098 \uc801\uc808\ud55c \ubcf4\ucda9\uc81c\ub97c \ud1b5\ud574 \uc12d\ucde8\ud574\uc57c \ud569\ub2c8\ub2e4.\" \/>\n<meta property=\"og:url\" content=\"https:\/\/naturalpoland.com\/ko\/je-pum\/ui-yak-pum-won-ryo\/a-mi-no-san\/l-%ec%9d%b4%ec%86%8c%eb%a5%98%ec%8b%a0\/\" \/>\n<meta property=\"og:site_name\" content=\"NATURAL POLAND - Hurtowy Dystrybutor Surowc\u00f3w\" \/>\n<meta property=\"article:publisher\" content=\"https:\/\/www.facebook.com\/naturalpoland.b2b\" \/>\n<meta property=\"article:modified_time\" content=\"2025-07-15T13:17:22+00:00\" \/>\n<meta property=\"og:image\" content=\"https:\/\/naturalpoland.com\/wp-content\/uploads\/2021\/05\/l-isoleucine.jpg\" \/>\n\t<meta property=\"og:image:width\" content=\"1267\" \/>\n\t<meta property=\"og:image:height\" content=\"1432\" \/>\n\t<meta property=\"og:image:type\" content=\"image\/jpeg\" \/>\n<script type=\"application\/ld+json\" class=\"yoast-schema-graph\">{\"@context\":\"https:\\\/\\\/schema.org\",\"@graph\":[{\"@type\":\"WebPage\",\"@id\":\"https:\\\/\\\/naturalpoland.com\\\/ko\\\/je-pum\\\/ui-yak-pum-won-ryo\\\/a-mi-no-san\\\/l-%ec%9d%b4%ec%86%8c%eb%a5%98%ec%8b%a0\\\/\",\"url\":\"https:\\\/\\\/naturalpoland.com\\\/ko\\\/je-pum\\\/ui-yak-pum-won-ryo\\\/a-mi-no-san\\\/l-%ec%9d%b4%ec%86%8c%eb%a5%98%ec%8b%a0\\\/\",\"name\":\"L-\uc774\uc18c\ub958\uc2e0 - Hurtowy Dystrybutor\",\"isPartOf\":{\"@id\":\"https:\\\/\\\/naturalpoland.com\\\/ko\\\/#website\"},\"primaryImageOfPage\":{\"@id\":\"https:\\\/\\\/naturalpoland.com\\\/ko\\\/je-pum\\\/ui-yak-pum-won-ryo\\\/a-mi-no-san\\\/l-%ec%9d%b4%ec%86%8c%eb%a5%98%ec%8b%a0\\\/#primaryimage\"},\"image\":{\"@id\":\"https:\\\/\\\/naturalpoland.com\\\/ko\\\/je-pum\\\/ui-yak-pum-won-ryo\\\/a-mi-no-san\\\/l-%ec%9d%b4%ec%86%8c%eb%a5%98%ec%8b%a0\\\/#primaryimage\"},\"thumbnailUrl\":\"https:\\\/\\\/naturalpoland.com\\\/wp-content\\\/uploads\\\/2021\\\/05\\\/l-isoleucine.jpg\",\"datePublished\":\"2021-05-11T11:45:22+00:00\",\"dateModified\":\"2025-07-15T13:17:22+00:00\",\"breadcrumb\":{\"@id\":\"https:\\\/\\\/naturalpoland.com\\\/ko\\\/je-pum\\\/ui-yak-pum-won-ryo\\\/a-mi-no-san\\\/l-%ec%9d%b4%ec%86%8c%eb%a5%98%ec%8b%a0\\\/#breadcrumb\"},\"inLanguage\":\"ko-KR\",\"potentialAction\":[{\"@type\":\"ReadAction\",\"target\":[\"https:\\\/\\\/naturalpoland.com\\\/ko\\\/je-pum\\\/ui-yak-pum-won-ryo\\\/a-mi-no-san\\\/l-%ec%9d%b4%ec%86%8c%eb%a5%98%ec%8b%a0\\\/\"]}]},{\"@type\":\"ImageObject\",\"inLanguage\":\"ko-KR\",\"@id\":\"https:\\\/\\\/naturalpoland.com\\\/ko\\\/je-pum\\\/ui-yak-pum-won-ryo\\\/a-mi-no-san\\\/l-%ec%9d%b4%ec%86%8c%eb%a5%98%ec%8b%a0\\\/#primaryimage\",\"url\":\"https:\\\/\\\/naturalpoland.com\\\/wp-content\\\/uploads\\\/2021\\\/05\\\/l-isoleucine.jpg\",\"contentUrl\":\"https:\\\/\\\/naturalpoland.com\\\/wp-content\\\/uploads\\\/2021\\\/05\\\/l-isoleucine.jpg\",\"width\":1267,\"height\":1432,\"caption\":\"L-izoleucyna\"},{\"@type\":\"BreadcrumbList\",\"@id\":\"https:\\\/\\\/naturalpoland.com\\\/ko\\\/je-pum\\\/ui-yak-pum-won-ryo\\\/a-mi-no-san\\\/l-%ec%9d%b4%ec%86%8c%eb%a5%98%ec%8b%a0\\\/#breadcrumb\",\"itemListElement\":[{\"@type\":\"ListItem\",\"position\":1,\"name\":\"\ud648\",\"item\":\"https:\\\/\\\/naturalpoland.com\\\/ko\\\/\"},{\"@type\":\"ListItem\",\"position\":2,\"name\":\"\uc81c\ud488\",\"item\":\"https:\\\/\\\/naturalpoland.com\\\/ko\\\/%ec%a0%9c%ed%92%88\\\/\"},{\"@type\":\"ListItem\",\"position\":3,\"name\":\"L-\uc774\uc18c\ub958\uc2e0\"}]},{\"@type\":\"WebSite\",\"@id\":\"https:\\\/\\\/naturalpoland.com\\\/ko\\\/#website\",\"url\":\"https:\\\/\\\/naturalpoland.com\\\/ko\\\/\",\"name\":\"NATURAL POLAND - Hurtowy Dystrybutor Surowc\u00f3w\",\"description\":\"Surowce dla przemys\u0142u spo\u017cywczego, kosmetycznego i farmaceutycznego\",\"publisher\":{\"@id\":\"https:\\\/\\\/naturalpoland.com\\\/ko\\\/#organization\"},\"potentialAction\":[{\"@type\":\"SearchAction\",\"target\":{\"@type\":\"EntryPoint\",\"urlTemplate\":\"https:\\\/\\\/naturalpoland.com\\\/ko\\\/?s={search_term_string}\"},\"query-input\":{\"@type\":\"PropertyValueSpecification\",\"valueRequired\":true,\"valueName\":\"search_term_string\"}}],\"inLanguage\":\"ko-KR\"},{\"@type\":\"Organization\",\"@id\":\"https:\\\/\\\/naturalpoland.com\\\/ko\\\/#organization\",\"name\":\"Natural Poland\",\"url\":\"https:\\\/\\\/naturalpoland.com\\\/ko\\\/\",\"logo\":{\"@type\":\"ImageObject\",\"inLanguage\":\"ko-KR\",\"@id\":\"https:\\\/\\\/naturalpoland.com\\\/ko\\\/#\\\/schema\\\/logo\\\/image\\\/\",\"url\":\"https:\\\/\\\/naturalpoland.com\\\/wp-content\\\/uploads\\\/2021\\\/05\\\/natural-poland-icon.png\",\"contentUrl\":\"https:\\\/\\\/naturalpoland.com\\\/wp-content\\\/uploads\\\/2021\\\/05\\\/natural-poland-icon.png\",\"width\":512,\"height\":512,\"caption\":\"Natural Poland\"},\"image\":{\"@id\":\"https:\\\/\\\/naturalpoland.com\\\/ko\\\/#\\\/schema\\\/logo\\\/image\\\/\"},\"sameAs\":[\"https:\\\/\\\/www.facebook.com\\\/naturalpoland.b2b\",\"https:\\\/\\\/pl.linkedin.com\\\/company\\\/natural-poland\",\"https:\\\/\\\/www.youtube.com\\\/channel\\\/UCgeGGkvOMahZo-xu_MSEWxg\"]}]}<\/script>\n<!-- \/ Yoast SEO plugin. -->","yoast_head_json":{"title":"L-\uc774\uc18c\ub958\uc2e0 - Hurtowy Dystrybutor","robots":{"index":"index","follow":"follow","max-snippet":"max-snippet:-1","max-image-preview":"max-image-preview:large","max-video-preview":"max-video-preview:-1"},"canonical":"https:\/\/naturalpoland.com\/ko\/je-pum\/ui-yak-pum-won-ryo\/a-mi-no-san\/l-%ec%9d%b4%ec%86%8c%eb%a5%98%ec%8b%a0\/","og_locale":"ko_KR","og_type":"article","og_title":"L-\uc774\uc18c\ub958\uc2e0 - Hurtowy Dystrybutor","og_description":"L-\uc774\uc18c\ub958\uc2e0\uc740 \ud544\uc218 \uc544\ubbf8\ub178\uc0b0\uc785\ub2c8\ub2e4. \uccb4\ub0b4\uc5d0\uc11c \uc0dd\uc131\ub418\uc9c0 \uc54a\uc73c\ubbc0\ub85c \uc74c\uc2dd\uc774\ub098 \uc801\uc808\ud55c \ubcf4\ucda9\uc81c\ub97c \ud1b5\ud574 \uc12d\ucde8\ud574\uc57c \ud569\ub2c8\ub2e4.","og_url":"https:\/\/naturalpoland.com\/ko\/je-pum\/ui-yak-pum-won-ryo\/a-mi-no-san\/l-%ec%9d%b4%ec%86%8c%eb%a5%98%ec%8b%a0\/","og_site_name":"NATURAL POLAND - Hurtowy Dystrybutor Surowc\u00f3w","article_publisher":"https:\/\/www.facebook.com\/naturalpoland.b2b","article_modified_time":"2025-07-15T13:17:22+00:00","og_image":[{"width":1267,"height":1432,"url":"https:\/\/naturalpoland.com\/wp-content\/uploads\/2021\/05\/l-isoleucine.jpg","type":"image\/jpeg"}],"schema":{"@context":"https:\/\/schema.org","@graph":[{"@type":"WebPage","@id":"https:\/\/naturalpoland.com\/ko\/je-pum\/ui-yak-pum-won-ryo\/a-mi-no-san\/l-%ec%9d%b4%ec%86%8c%eb%a5%98%ec%8b%a0\/","url":"https:\/\/naturalpoland.com\/ko\/je-pum\/ui-yak-pum-won-ryo\/a-mi-no-san\/l-%ec%9d%b4%ec%86%8c%eb%a5%98%ec%8b%a0\/","name":"L-\uc774\uc18c\ub958\uc2e0 - Hurtowy Dystrybutor","isPartOf":{"@id":"https:\/\/naturalpoland.com\/ko\/#website"},"primaryImageOfPage":{"@id":"https:\/\/naturalpoland.com\/ko\/je-pum\/ui-yak-pum-won-ryo\/a-mi-no-san\/l-%ec%9d%b4%ec%86%8c%eb%a5%98%ec%8b%a0\/#primaryimage"},"image":{"@id":"https:\/\/naturalpoland.com\/ko\/je-pum\/ui-yak-pum-won-ryo\/a-mi-no-san\/l-%ec%9d%b4%ec%86%8c%eb%a5%98%ec%8b%a0\/#primaryimage"},"thumbnailUrl":"https:\/\/naturalpoland.com\/wp-content\/uploads\/2021\/05\/l-isoleucine.jpg","datePublished":"2021-05-11T11:45:22+00:00","dateModified":"2025-07-15T13:17:22+00:00","breadcrumb":{"@id":"https:\/\/naturalpoland.com\/ko\/je-pum\/ui-yak-pum-won-ryo\/a-mi-no-san\/l-%ec%9d%b4%ec%86%8c%eb%a5%98%ec%8b%a0\/#breadcrumb"},"inLanguage":"ko-KR","potentialAction":[{"@type":"ReadAction","target":["https:\/\/naturalpoland.com\/ko\/je-pum\/ui-yak-pum-won-ryo\/a-mi-no-san\/l-%ec%9d%b4%ec%86%8c%eb%a5%98%ec%8b%a0\/"]}]},{"@type":"ImageObject","inLanguage":"ko-KR","@id":"https:\/\/naturalpoland.com\/ko\/je-pum\/ui-yak-pum-won-ryo\/a-mi-no-san\/l-%ec%9d%b4%ec%86%8c%eb%a5%98%ec%8b%a0\/#primaryimage","url":"https:\/\/naturalpoland.com\/wp-content\/uploads\/2021\/05\/l-isoleucine.jpg","contentUrl":"https:\/\/naturalpoland.com\/wp-content\/uploads\/2021\/05\/l-isoleucine.jpg","width":1267,"height":1432,"caption":"L-izoleucyna"},{"@type":"BreadcrumbList","@id":"https:\/\/naturalpoland.com\/ko\/je-pum\/ui-yak-pum-won-ryo\/a-mi-no-san\/l-%ec%9d%b4%ec%86%8c%eb%a5%98%ec%8b%a0\/#breadcrumb","itemListElement":[{"@type":"ListItem","position":1,"name":"\ud648","item":"https:\/\/naturalpoland.com\/ko\/"},{"@type":"ListItem","position":2,"name":"\uc81c\ud488","item":"https:\/\/naturalpoland.com\/ko\/%ec%a0%9c%ed%92%88\/"},{"@type":"ListItem","position":3,"name":"L-\uc774\uc18c\ub958\uc2e0"}]},{"@type":"WebSite","@id":"https:\/\/naturalpoland.com\/ko\/#website","url":"https:\/\/naturalpoland.com\/ko\/","name":"NATURAL POLAND - Hurtowy Dystrybutor Surowc\u00f3w","description":"Surowce dla przemys\u0142u spo\u017cywczego, kosmetycznego i farmaceutycznego","publisher":{"@id":"https:\/\/naturalpoland.com\/ko\/#organization"},"potentialAction":[{"@type":"SearchAction","target":{"@type":"EntryPoint","urlTemplate":"https:\/\/naturalpoland.com\/ko\/?s={search_term_string}"},"query-input":{"@type":"PropertyValueSpecification","valueRequired":true,"valueName":"search_term_string"}}],"inLanguage":"ko-KR"},{"@type":"Organization","@id":"https:\/\/naturalpoland.com\/ko\/#organization","name":"Natural Poland","url":"https:\/\/naturalpoland.com\/ko\/","logo":{"@type":"ImageObject","inLanguage":"ko-KR","@id":"https:\/\/naturalpoland.com\/ko\/#\/schema\/logo\/image\/","url":"https:\/\/naturalpoland.com\/wp-content\/uploads\/2021\/05\/natural-poland-icon.png","contentUrl":"https:\/\/naturalpoland.com\/wp-content\/uploads\/2021\/05\/natural-poland-icon.png","width":512,"height":512,"caption":"Natural Poland"},"image":{"@id":"https:\/\/naturalpoland.com\/ko\/#\/schema\/logo\/image\/"},"sameAs":["https:\/\/www.facebook.com\/naturalpoland.b2b","https:\/\/pl.linkedin.com\/company\/natural-poland","https:\/\/www.youtube.com\/channel\/UCgeGGkvOMahZo-xu_MSEWxg"]}]}},"_links":{"self":[{"href":"https:\/\/naturalpoland.com\/ko\/wp-json\/wp\/v2\/product\/41972","targetHints":{"allow":["GET"]}}],"collection":[{"href":"https:\/\/naturalpoland.com\/ko\/wp-json\/wp\/v2\/product"}],"about":[{"href":"https:\/\/naturalpoland.com\/ko\/wp-json\/wp\/v2\/types\/product"}],"wp:featuredmedia":[{"embeddable":true,"href":"https:\/\/naturalpoland.com\/ko\/wp-json\/wp\/v2\/media\/41973"}],"wp:attachment":[{"href":"https:\/\/naturalpoland.com\/ko\/wp-json\/wp\/v2\/media?parent=41972"}],"wp:term":[{"taxonomy":"product_brand","embeddable":true,"href":"https:\/\/naturalpoland.com\/ko\/wp-json\/wp\/v2\/product_brand?post=41972"},{"taxonomy":"product_cat","embeddable":true,"href":"https:\/\/naturalpoland.com\/ko\/wp-json\/wp\/v2\/product_cat?post=41972"},{"taxonomy":"product_tag","embeddable":true,"href":"https:\/\/naturalpoland.com\/ko\/wp-json\/wp\/v2\/product_tag?post=41972"}],"curies":[{"name":"wp","href":"https:\/\/api.w.org\/{rel}","templated":true}]}}