{"id":41976,"date":"2021-05-11T13:45:43","date_gmt":"2021-05-11T11:45:43","guid":{"rendered":"https:\/\/naturalpoland.com\/produkty\/uncategorized\/l-%eb%a5%98%ec%8b%a0\/"},"modified":"2025-07-15T15:28:30","modified_gmt":"2025-07-15T13:28:30","slug":"l-ryusin","status":"publish","type":"product","link":"https:\/\/naturalpoland.com\/ko\/je-pum\/ui-yak-pum-won-ryo\/a-mi-no-san\/l-ryusin\/","title":{"rendered":"L-\ub958\uc2e0"},"content":{"rendered":"<h2>L-\ub958\uc2e0 &#8211; \ubcf4\ucda9\uc81c<\/h2>\n<p>L-\ub958\uc2e0\uc740 <strong>\uc721\ub958<\/strong>, <strong>\uc5b4\ub958<\/strong>, <strong>\uacc4\ub780<\/strong>, <strong>\uc720\uc81c\ud488<\/strong> \ubc0f \uc77c\ubd80 \ub2e8\ubc31\uc9c8\uc774 \ud48d\ubd80\ud55c \uc2dd\ubb3c\uacfc \uac19\uc740 \uc2dd\ud488\uc5d0 \uc790\uc5f0\uc801\uc73c\ub85c \uc874\uc7ac\ud569\ub2c8\ub2e4. \ud558\uc9c0\ub9cc \uaca9\ub82c\ud55c \ud6c8\ub828\uc744 \ud558\uac70\ub098 \ud68c\ubcf5 \ubc0f \ub3d9\ud654 \uc791\uc6a9\uc5d0 \ub300\ud55c \uc694\uad6c\ub7c9\uc774 \uc99d\uac00\ud55c \uc2dd\ub2e8\uc744 \ub530\ub974\ub294 \uacbd\uc6b0 L-\ub958\uc2e0 \ubcf4\ucda9\uc774 \uad8c\uc7a5\ub429\ub2c8\ub2e4. \uc774 \uc544\ubbf8\ub178\uc0b0\uc740 \uadfc\uc721 \ub2e8\ubc31\uc9c8 \ud569\uc131\uc744 \uc2dc\uc791\ud558\uace0, \uadfc\uc721\uc5d0 \uc601\uc591\ubd84\uc744 \uacf5\uae09\ud558\uba70 \uc7ac\uc0dd \ubc0f \uc131\uc7a5\uc744 \ub3d5\ub294 mTOR\uacfc \uac19\uc740 \uc8fc\uc694 \ub300\uc0ac \uacbd\ub85c\ub97c \uc870\uc808\ud569\ub2c8\ub2e4.<\/p>\n<p>\ud6c8\ub828 \uc804 L-\ub958\uc2e0 \ubcf4\ucda9\uc740 \uc6b4\ub3d9 \ub2a5\ub825\uc744 \ud5a5\uc0c1\uc2dc\ud0a4\uace0 \ub354 \uae38\uace0 \uac15\ub3c4 \ub192\uc740 \uc6b4\ub3d9\uc744 \uac00\ub2a5\ud558\uac8c \ud569\ub2c8\ub2e4. \ubc18\uba74, \ud6c8\ub828 \ud6c4 \uc12d\ucde8\ub294 \ub354 \ube60\ub978 \ud68c\ubcf5\uc744 \ub3d5\uace0 \uadfc\uc721 \uc774\ud654 \uc791\uc6a9\uc758 \uc704\ud5d8\uc744 \uc904\uc5ec\uc90d\ub2c8\ub2e4.<\/p>\n<h2>L-\ub958\uc2e0\uc758 \uc791\uc6a9<\/h2>\n<p>L-\ub958\uc2e0\uc740 BCAA\uc758 \uc8fc\uc694 \uc131\ubd84\uc73c\ub85c\uc11c \uccb4\ub0b4\uc5d0\uc11c <strong>\ub3d9\ud654 \uc791\uc6a9<\/strong>\uacfc <strong>\uc774\ud654 \uc791\uc6a9 \uc5b5\uc81c<\/strong>\ub97c \ubaa8\ub450 \uc9c0\uc6d0\ud569\ub2c8\ub2e4. \uc774\ub294 \uc0c8\ub85c\uc6b4 \uadfc\uc721 \uc870\uc9c1\uc744 \ud615\uc131\ud558\ub294 \ub370 \uae30\uc5ec\ud560 \ubfd0\ub9cc \uc544\ub2c8\ub77c \uaca9\ub82c\ud55c \uc2e0\uccb4 \ud65c\ub3d9 \uc911 \uae30\uc874 \uadfc\uc721 \uc12c\uc720\uc758 \ubd84\ud574\ub97c \ubc29\uc9c0\ud55c\ub2e4\ub294 \uc758\ubbf8\uc785\ub2c8\ub2e4. \uc774\ub97c \ud1b5\ud574 L-\ub958\uc2e0\uc740 \uadfc\uc721 \ubc1c\ub2ec\uc5d0 \ud544\uc218\uc801\uc778 \uc591\uc131 \uc9c8\uc18c \uade0\ud615 \uc720\uc9c0\ub97c \ub3d5\uc2b5\ub2c8\ub2e4. \ub610\ud55c, \uc774 \uc544\ubbf8\ub178\uc0b0\uc740 \uadfc\uc721\uc5d0 \uacf5\uae09\ub418\ub294 \uc601\uc591\uc18c\uc758 \ub354 \ub098\uc740 \ud65c\uc6a9\uc744 \uac00\ub2a5\ud558\uac8c \ud558\ub294 \uac15\ub825\ud55c \ub3d9\ud654 \ud638\ub974\ubaac\uc778 <strong>\uc778\uc290\ub9b0 \ubd84\ube44<\/strong>\uc5d0 \uc601\ud5a5\uc744 \ubbf8\uce69\ub2c8\ub2e4.<\/p>\n<p>\ub610\ud55c, L-\ub958\uc2e0\uc740 \uc2a4\ud2b8\ub808\uc2a4 \ud638\ub974\ubaac\uc778 <strong>\ucf54\ub974\ud2f0\uc194 \uc218\uce58\ub97c \ub0ae\ucd94\ub294<\/strong> \ub2a5\ub825\uc744 \ubcf4\uc5ec\uc90d\ub2c8\ub2e4. \uc774\ub294 \uc2e0\uccb4\uc801 \uc218\uc900\ubfd0\ub9cc \uc544\ub2c8\ub77c \uc2e0\uacbd\uacc4 \uae30\ub2a5\uc5d0\ub3c4 \uae0d\uc815\uc801\uc778 \uc601\ud5a5\uc744 \ubbf8\uce69\ub2c8\ub2e4. \ub1cc\uc758 \uc18c\uc704 \ud3ec\ub9cc \uc911\ucd94\ub97c \ud65c\uc131\ud654\ud568\uc73c\ub85c\uc368 <strong>\uc2dd\uc695 \uc870\uc808<\/strong>\uc5d0 \ub3c4\uc6c0\uc744 \uc904 \uc218 \uc788\uc2b5\ub2c8\ub2e4.<\/p>\n<p>\uc774 \uc544\ubbf8\ub178\uc0b0\uc758 \uacb0\ud54d\uc740 \uc2e0\uccb4 \uc57d\ud654, \uc2e0\uccb4 \ub2a5\ub825 \uac10\uc18c, \uadf8\ub9ac\uace0 \ud53c\ub85c, \ud604\uae30\uc99d, \uae30\ubd84 \uc800\ud558\uc640 \uac19\uc740 \uae30\ubd84 \uc7a5\uc560\ub85c \uc774\uc5b4\uc9c8 \uc218 \uc788\uc2b5\ub2c8\ub2e4.<\/p>\n<p>L-\ub958\uc2e0\uc740 \uc7ac\uc0dd \uacfc\uc815\uc774 \ub290\ub824\uc9c4 \ub178\ub144\uce35\uc758 \uadfc\uc721 \uc870\uc9c1\uc744 \ubcf4\ud638\ud558\ub294 \uc5ed\ud560\uc744 \ud569\ub2c8\ub2e4. \uc5f0\uad6c\uc5d0 \ub530\ub974\uba74 \ub178\ub144\uce35\uc758 L-\ub958\uc2e0 \ubcf4\ucda9\uc740 \uacfc\ub3c4\ud55c \uadfc\uc721\ub7c9 \uac10\uc18c\ub97c \ubc29\uc9c0\ud558\uc5ec \uc774\ub3d9\uc131\uacfc \uc0b6\uc758 \uc9c8\uc744 \ud5a5\uc0c1\uc2dc\ud0a4\ub294 \uac83\uc73c\ub85c \ub098\ud0c0\ub0ac\uc2b5\ub2c8\ub2e4.<\/p>\n<p>&nbsp;<\/p>\n","protected":false},"excerpt":{"rendered":"<p><strong>L-\ub958\uc2e0<\/strong>\uc740 <strong>BCAA<\/strong>(\ubd84\uc9c0\uc0ac\uc2ac\uc544\ubbf8\ub178\uc0b0) \uadf8\ub8f9\uc5d0 \uc18d\ud558\ub294 \ud544\uc218 \uc544\ubbf8\ub178\uc0b0\uc785\ub2c8\ub2e4. \uccb4\ub0b4\uc5d0\uc11c \uadfc\uc721\ub7c9 \ud615\uc131, \uc7ac\uc0dd \uacfc\uc815 \ubc0f \uc2e0\uccb4 \ub2a5\ub825 \ud5a5\uc0c1\uc744 \ub3d5\ub294 \ub3d9\ud654 \uc791\uc6a9 \uc5ed\ud560\uc744 \ud569\ub2c8\ub2e4. \uc778\uccb4\ub294 L-\ub958\uc2e0\uc744 \uc2a4\uc2a4\ub85c \ud569\uc131\ud560 \uc218 \uc5c6\uc73c\ubbc0\ub85c \uc74c\uc2dd\uc774\ub098 \ubcf4\ucda9\uc81c\ub97c \ud1b5\ud574 \uc12d\ucde8\ud574\uc57c \ud569\ub2c8\ub2e4.<\/p>\n","protected":false},"featured_media":41977,"template":"","meta":[],"product_brand":[],"product_cat":[8142],"product_tag":[],"class_list":{"0":"post-41976","1":"product","2":"type-product","3":"status-publish","4":"has-post-thumbnail","6":"product_cat-a-mi-no-san","8":"first","9":"instock","10":"shipping-taxable","11":"product-type-simple"},"yoast_head":"<!-- This site is optimized with the Yoast SEO plugin v27.4 - https:\/\/yoast.com\/product\/yoast-seo-wordpress\/ -->\n<title>L-\ub958\uc2e0 - NATURAL POLAND - Hurtowy Dystrybutor Surowc\u00f3w<\/title>\n<meta name=\"description\" content=\"L-\ub958\uc2e0\uc740 \uc2e0\uccb4 \uac74\uac15\uacfc \uadfc\uc721 \uac74\uac15\uc5d0 \uc2e0\uacbd \uc4f0\ub294 \uc0ac\ub78c\ub4e4\uc5d0\uac8c \uac00\uc7a5 \uc911\uc694\ud55c \uc544\ubbf8\ub178\uc0b0 \uc911 \ud558\ub098\uc785\ub2c8\ub2e4. \uadfc\uc721\ub7c9 \uc99d\uac00\ub97c \ub3d5\uc2b5\ub2c8\ub2e4.\" \/>\n<meta name=\"robots\" content=\"index, follow, max-snippet:-1, max-image-preview:large, max-video-preview:-1\" \/>\n<link rel=\"canonical\" href=\"https:\/\/naturalpoland.com\/ko\/je-pum\/ui-yak-pum-won-ryo\/a-mi-no-san\/l-ryusin\/\" \/>\n<meta property=\"og:locale\" content=\"ko_KR\" \/>\n<meta property=\"og:type\" content=\"article\" \/>\n<meta property=\"og:title\" content=\"L-\ub958\uc2e0 - NATURAL POLAND - Hurtowy Dystrybutor Surowc\u00f3w\" \/>\n<meta property=\"og:description\" content=\"L-\ub958\uc2e0\uc740 \uc2e0\uccb4 \uac74\uac15\uacfc \uadfc\uc721 \uac74\uac15\uc5d0 \uc2e0\uacbd \uc4f0\ub294 \uc0ac\ub78c\ub4e4\uc5d0\uac8c \uac00\uc7a5 \uc911\uc694\ud55c \uc544\ubbf8\ub178\uc0b0 \uc911 \ud558\ub098\uc785\ub2c8\ub2e4. \uadfc\uc721\ub7c9 \uc99d\uac00\ub97c \ub3d5\uc2b5\ub2c8\ub2e4.\" \/>\n<meta property=\"og:url\" content=\"https:\/\/naturalpoland.com\/ko\/je-pum\/ui-yak-pum-won-ryo\/a-mi-no-san\/l-ryusin\/\" \/>\n<meta property=\"og:site_name\" content=\"NATURAL POLAND - Hurtowy Dystrybutor Surowc\u00f3w\" \/>\n<meta property=\"article:publisher\" content=\"https:\/\/www.facebook.com\/naturalpoland.b2b\" \/>\n<meta property=\"article:modified_time\" content=\"2025-07-15T13:28:30+00:00\" \/>\n<meta property=\"og:image\" content=\"https:\/\/naturalpoland.com\/wp-content\/uploads\/2021\/05\/l-leucine.jpg\" \/>\n\t<meta property=\"og:image:width\" content=\"400\" \/>\n\t<meta property=\"og:image:height\" content=\"220\" \/>\n\t<meta property=\"og:image:type\" content=\"image\/jpeg\" \/>\n<script type=\"application\/ld+json\" class=\"yoast-schema-graph\">{\"@context\":\"https:\\\/\\\/schema.org\",\"@graph\":[{\"@type\":\"WebPage\",\"@id\":\"https:\\\/\\\/naturalpoland.com\\\/ko\\\/je-pum\\\/ui-yak-pum-won-ryo\\\/a-mi-no-san\\\/l-ryusin\\\/\",\"url\":\"https:\\\/\\\/naturalpoland.com\\\/ko\\\/je-pum\\\/ui-yak-pum-won-ryo\\\/a-mi-no-san\\\/l-ryusin\\\/\",\"name\":\"L-\ub958\uc2e0 - NATURAL POLAND - Hurtowy Dystrybutor Surowc\u00f3w\",\"isPartOf\":{\"@id\":\"https:\\\/\\\/naturalpoland.com\\\/ko\\\/#website\"},\"primaryImageOfPage\":{\"@id\":\"https:\\\/\\\/naturalpoland.com\\\/ko\\\/je-pum\\\/ui-yak-pum-won-ryo\\\/a-mi-no-san\\\/l-ryusin\\\/#primaryimage\"},\"image\":{\"@id\":\"https:\\\/\\\/naturalpoland.com\\\/ko\\\/je-pum\\\/ui-yak-pum-won-ryo\\\/a-mi-no-san\\\/l-ryusin\\\/#primaryimage\"},\"thumbnailUrl\":\"https:\\\/\\\/naturalpoland.com\\\/wp-content\\\/uploads\\\/2021\\\/05\\\/l-leucine.jpg\",\"datePublished\":\"2021-05-11T11:45:43+00:00\",\"dateModified\":\"2025-07-15T13:28:30+00:00\",\"description\":\"L-\ub958\uc2e0\uc740 \uc2e0\uccb4 \uac74\uac15\uacfc \uadfc\uc721 \uac74\uac15\uc5d0 \uc2e0\uacbd \uc4f0\ub294 \uc0ac\ub78c\ub4e4\uc5d0\uac8c \uac00\uc7a5 \uc911\uc694\ud55c \uc544\ubbf8\ub178\uc0b0 \uc911 \ud558\ub098\uc785\ub2c8\ub2e4. \uadfc\uc721\ub7c9 \uc99d\uac00\ub97c \ub3d5\uc2b5\ub2c8\ub2e4.\",\"breadcrumb\":{\"@id\":\"https:\\\/\\\/naturalpoland.com\\\/ko\\\/je-pum\\\/ui-yak-pum-won-ryo\\\/a-mi-no-san\\\/l-ryusin\\\/#breadcrumb\"},\"inLanguage\":\"ko-KR\",\"potentialAction\":[{\"@type\":\"ReadAction\",\"target\":[\"https:\\\/\\\/naturalpoland.com\\\/ko\\\/je-pum\\\/ui-yak-pum-won-ryo\\\/a-mi-no-san\\\/l-ryusin\\\/\"]}]},{\"@type\":\"ImageObject\",\"inLanguage\":\"ko-KR\",\"@id\":\"https:\\\/\\\/naturalpoland.com\\\/ko\\\/je-pum\\\/ui-yak-pum-won-ryo\\\/a-mi-no-san\\\/l-ryusin\\\/#primaryimage\",\"url\":\"https:\\\/\\\/naturalpoland.com\\\/wp-content\\\/uploads\\\/2021\\\/05\\\/l-leucine.jpg\",\"contentUrl\":\"https:\\\/\\\/naturalpoland.com\\\/wp-content\\\/uploads\\\/2021\\\/05\\\/l-leucine.jpg\",\"width\":400,\"height\":220,\"caption\":\"L-leucyna wz\u00f3r chemiczny\"},{\"@type\":\"BreadcrumbList\",\"@id\":\"https:\\\/\\\/naturalpoland.com\\\/ko\\\/je-pum\\\/ui-yak-pum-won-ryo\\\/a-mi-no-san\\\/l-ryusin\\\/#breadcrumb\",\"itemListElement\":[{\"@type\":\"ListItem\",\"position\":1,\"name\":\"\ud648\",\"item\":\"https:\\\/\\\/naturalpoland.com\\\/ko\\\/\"},{\"@type\":\"ListItem\",\"position\":2,\"name\":\"\uc81c\ud488\",\"item\":\"https:\\\/\\\/naturalpoland.com\\\/ko\\\/%ec%a0%9c%ed%92%88\\\/\"},{\"@type\":\"ListItem\",\"position\":3,\"name\":\"L-\ub958\uc2e0\"}]},{\"@type\":\"WebSite\",\"@id\":\"https:\\\/\\\/naturalpoland.com\\\/ko\\\/#website\",\"url\":\"https:\\\/\\\/naturalpoland.com\\\/ko\\\/\",\"name\":\"NATURAL POLAND - Hurtowy Dystrybutor Surowc\u00f3w\",\"description\":\"Surowce dla przemys\u0142u spo\u017cywczego, kosmetycznego i farmaceutycznego\",\"publisher\":{\"@id\":\"https:\\\/\\\/naturalpoland.com\\\/ko\\\/#organization\"},\"potentialAction\":[{\"@type\":\"SearchAction\",\"target\":{\"@type\":\"EntryPoint\",\"urlTemplate\":\"https:\\\/\\\/naturalpoland.com\\\/ko\\\/?s={search_term_string}\"},\"query-input\":{\"@type\":\"PropertyValueSpecification\",\"valueRequired\":true,\"valueName\":\"search_term_string\"}}],\"inLanguage\":\"ko-KR\"},{\"@type\":\"Organization\",\"@id\":\"https:\\\/\\\/naturalpoland.com\\\/ko\\\/#organization\",\"name\":\"Natural Poland\",\"url\":\"https:\\\/\\\/naturalpoland.com\\\/ko\\\/\",\"logo\":{\"@type\":\"ImageObject\",\"inLanguage\":\"ko-KR\",\"@id\":\"https:\\\/\\\/naturalpoland.com\\\/ko\\\/#\\\/schema\\\/logo\\\/image\\\/\",\"url\":\"https:\\\/\\\/naturalpoland.com\\\/wp-content\\\/uploads\\\/2021\\\/05\\\/natural-poland-icon.png\",\"contentUrl\":\"https:\\\/\\\/naturalpoland.com\\\/wp-content\\\/uploads\\\/2021\\\/05\\\/natural-poland-icon.png\",\"width\":512,\"height\":512,\"caption\":\"Natural Poland\"},\"image\":{\"@id\":\"https:\\\/\\\/naturalpoland.com\\\/ko\\\/#\\\/schema\\\/logo\\\/image\\\/\"},\"sameAs\":[\"https:\\\/\\\/www.facebook.com\\\/naturalpoland.b2b\",\"https:\\\/\\\/pl.linkedin.com\\\/company\\\/natural-poland\",\"https:\\\/\\\/www.youtube.com\\\/channel\\\/UCgeGGkvOMahZo-xu_MSEWxg\"]}]}<\/script>\n<!-- \/ Yoast SEO plugin. -->","yoast_head_json":{"title":"L-\ub958\uc2e0 - NATURAL POLAND - Hurtowy Dystrybutor Surowc\u00f3w","description":"L-\ub958\uc2e0\uc740 \uc2e0\uccb4 \uac74\uac15\uacfc \uadfc\uc721 \uac74\uac15\uc5d0 \uc2e0\uacbd \uc4f0\ub294 \uc0ac\ub78c\ub4e4\uc5d0\uac8c \uac00\uc7a5 \uc911\uc694\ud55c \uc544\ubbf8\ub178\uc0b0 \uc911 \ud558\ub098\uc785\ub2c8\ub2e4. \uadfc\uc721\ub7c9 \uc99d\uac00\ub97c \ub3d5\uc2b5\ub2c8\ub2e4.","robots":{"index":"index","follow":"follow","max-snippet":"max-snippet:-1","max-image-preview":"max-image-preview:large","max-video-preview":"max-video-preview:-1"},"canonical":"https:\/\/naturalpoland.com\/ko\/je-pum\/ui-yak-pum-won-ryo\/a-mi-no-san\/l-ryusin\/","og_locale":"ko_KR","og_type":"article","og_title":"L-\ub958\uc2e0 - NATURAL POLAND - Hurtowy Dystrybutor Surowc\u00f3w","og_description":"L-\ub958\uc2e0\uc740 \uc2e0\uccb4 \uac74\uac15\uacfc \uadfc\uc721 \uac74\uac15\uc5d0 \uc2e0\uacbd \uc4f0\ub294 \uc0ac\ub78c\ub4e4\uc5d0\uac8c \uac00\uc7a5 \uc911\uc694\ud55c \uc544\ubbf8\ub178\uc0b0 \uc911 \ud558\ub098\uc785\ub2c8\ub2e4. \uadfc\uc721\ub7c9 \uc99d\uac00\ub97c \ub3d5\uc2b5\ub2c8\ub2e4.","og_url":"https:\/\/naturalpoland.com\/ko\/je-pum\/ui-yak-pum-won-ryo\/a-mi-no-san\/l-ryusin\/","og_site_name":"NATURAL POLAND - Hurtowy Dystrybutor Surowc\u00f3w","article_publisher":"https:\/\/www.facebook.com\/naturalpoland.b2b","article_modified_time":"2025-07-15T13:28:30+00:00","og_image":[{"width":400,"height":220,"url":"https:\/\/naturalpoland.com\/wp-content\/uploads\/2021\/05\/l-leucine.jpg","type":"image\/jpeg"}],"schema":{"@context":"https:\/\/schema.org","@graph":[{"@type":"WebPage","@id":"https:\/\/naturalpoland.com\/ko\/je-pum\/ui-yak-pum-won-ryo\/a-mi-no-san\/l-ryusin\/","url":"https:\/\/naturalpoland.com\/ko\/je-pum\/ui-yak-pum-won-ryo\/a-mi-no-san\/l-ryusin\/","name":"L-\ub958\uc2e0 - NATURAL POLAND - Hurtowy Dystrybutor Surowc\u00f3w","isPartOf":{"@id":"https:\/\/naturalpoland.com\/ko\/#website"},"primaryImageOfPage":{"@id":"https:\/\/naturalpoland.com\/ko\/je-pum\/ui-yak-pum-won-ryo\/a-mi-no-san\/l-ryusin\/#primaryimage"},"image":{"@id":"https:\/\/naturalpoland.com\/ko\/je-pum\/ui-yak-pum-won-ryo\/a-mi-no-san\/l-ryusin\/#primaryimage"},"thumbnailUrl":"https:\/\/naturalpoland.com\/wp-content\/uploads\/2021\/05\/l-leucine.jpg","datePublished":"2021-05-11T11:45:43+00:00","dateModified":"2025-07-15T13:28:30+00:00","description":"L-\ub958\uc2e0\uc740 \uc2e0\uccb4 \uac74\uac15\uacfc \uadfc\uc721 \uac74\uac15\uc5d0 \uc2e0\uacbd \uc4f0\ub294 \uc0ac\ub78c\ub4e4\uc5d0\uac8c \uac00\uc7a5 \uc911\uc694\ud55c \uc544\ubbf8\ub178\uc0b0 \uc911 \ud558\ub098\uc785\ub2c8\ub2e4. \uadfc\uc721\ub7c9 \uc99d\uac00\ub97c \ub3d5\uc2b5\ub2c8\ub2e4.","breadcrumb":{"@id":"https:\/\/naturalpoland.com\/ko\/je-pum\/ui-yak-pum-won-ryo\/a-mi-no-san\/l-ryusin\/#breadcrumb"},"inLanguage":"ko-KR","potentialAction":[{"@type":"ReadAction","target":["https:\/\/naturalpoland.com\/ko\/je-pum\/ui-yak-pum-won-ryo\/a-mi-no-san\/l-ryusin\/"]}]},{"@type":"ImageObject","inLanguage":"ko-KR","@id":"https:\/\/naturalpoland.com\/ko\/je-pum\/ui-yak-pum-won-ryo\/a-mi-no-san\/l-ryusin\/#primaryimage","url":"https:\/\/naturalpoland.com\/wp-content\/uploads\/2021\/05\/l-leucine.jpg","contentUrl":"https:\/\/naturalpoland.com\/wp-content\/uploads\/2021\/05\/l-leucine.jpg","width":400,"height":220,"caption":"L-leucyna wz\u00f3r chemiczny"},{"@type":"BreadcrumbList","@id":"https:\/\/naturalpoland.com\/ko\/je-pum\/ui-yak-pum-won-ryo\/a-mi-no-san\/l-ryusin\/#breadcrumb","itemListElement":[{"@type":"ListItem","position":1,"name":"\ud648","item":"https:\/\/naturalpoland.com\/ko\/"},{"@type":"ListItem","position":2,"name":"\uc81c\ud488","item":"https:\/\/naturalpoland.com\/ko\/%ec%a0%9c%ed%92%88\/"},{"@type":"ListItem","position":3,"name":"L-\ub958\uc2e0"}]},{"@type":"WebSite","@id":"https:\/\/naturalpoland.com\/ko\/#website","url":"https:\/\/naturalpoland.com\/ko\/","name":"NATURAL POLAND - Hurtowy Dystrybutor Surowc\u00f3w","description":"Surowce dla przemys\u0142u spo\u017cywczego, kosmetycznego i farmaceutycznego","publisher":{"@id":"https:\/\/naturalpoland.com\/ko\/#organization"},"potentialAction":[{"@type":"SearchAction","target":{"@type":"EntryPoint","urlTemplate":"https:\/\/naturalpoland.com\/ko\/?s={search_term_string}"},"query-input":{"@type":"PropertyValueSpecification","valueRequired":true,"valueName":"search_term_string"}}],"inLanguage":"ko-KR"},{"@type":"Organization","@id":"https:\/\/naturalpoland.com\/ko\/#organization","name":"Natural Poland","url":"https:\/\/naturalpoland.com\/ko\/","logo":{"@type":"ImageObject","inLanguage":"ko-KR","@id":"https:\/\/naturalpoland.com\/ko\/#\/schema\/logo\/image\/","url":"https:\/\/naturalpoland.com\/wp-content\/uploads\/2021\/05\/natural-poland-icon.png","contentUrl":"https:\/\/naturalpoland.com\/wp-content\/uploads\/2021\/05\/natural-poland-icon.png","width":512,"height":512,"caption":"Natural Poland"},"image":{"@id":"https:\/\/naturalpoland.com\/ko\/#\/schema\/logo\/image\/"},"sameAs":["https:\/\/www.facebook.com\/naturalpoland.b2b","https:\/\/pl.linkedin.com\/company\/natural-poland","https:\/\/www.youtube.com\/channel\/UCgeGGkvOMahZo-xu_MSEWxg"]}]}},"_links":{"self":[{"href":"https:\/\/naturalpoland.com\/ko\/wp-json\/wp\/v2\/product\/41976","targetHints":{"allow":["GET"]}}],"collection":[{"href":"https:\/\/naturalpoland.com\/ko\/wp-json\/wp\/v2\/product"}],"about":[{"href":"https:\/\/naturalpoland.com\/ko\/wp-json\/wp\/v2\/types\/product"}],"wp:featuredmedia":[{"embeddable":true,"href":"https:\/\/naturalpoland.com\/ko\/wp-json\/wp\/v2\/media\/41977"}],"wp:attachment":[{"href":"https:\/\/naturalpoland.com\/ko\/wp-json\/wp\/v2\/media?parent=41976"}],"wp:term":[{"taxonomy":"product_brand","embeddable":true,"href":"https:\/\/naturalpoland.com\/ko\/wp-json\/wp\/v2\/product_brand?post=41976"},{"taxonomy":"product_cat","embeddable":true,"href":"https:\/\/naturalpoland.com\/ko\/wp-json\/wp\/v2\/product_cat?post=41976"},{"taxonomy":"product_tag","embeddable":true,"href":"https:\/\/naturalpoland.com\/ko\/wp-json\/wp\/v2\/product_tag?post=41976"}],"curies":[{"name":"wp","href":"https:\/\/api.w.org\/{rel}","templated":true}]}}