{"id":41978,"date":"2021-05-11T13:42:10","date_gmt":"2021-05-11T11:42:10","guid":{"rendered":"https:\/\/naturalpoland.com\/produkty\/uncategorized\/%ed%81%ac%eb%a0%88%ec%95%84%ed%8b%b4-%ec%97%90%ed%8b%b8-%ec%97%90%ec%8a%a4%ed%84%b0-hcl\/"},"modified":"2025-07-15T15:30:52","modified_gmt":"2025-07-15T13:30:52","slug":"keureatin-etil-eseuteo-hcl","status":"publish","type":"product","link":"https:\/\/naturalpoland.com\/ko\/je-pum\/ui-yak-pum-won-ryo\/a-mi-no-san\/keureatin-etil-eseuteo-hcl\/","title":{"rendered":"\ud06c\ub808\uc544\ud2f4 \uc5d0\ud2f8 \uc5d0\uc2a4\ud130, HCL"},"content":{"rendered":"<p>\ud06c\ub808\uc544\ud2f4 \uc5d0\ud2f8 \uc5d0\uc2a4\ud130\uc758 \uc5ed\ud560\uc740 \uc5d0\ub108\uc9c0 \uacfc\uc815\uc744 \uc9c0\uc6d0\ud558\ub294 \uac83\uc785\ub2c8\ub2e4. \uc774\ub294 \ud06c\ub808\uc544\ud2f4 \uc778\uc0b0\uc758 \uc7ac\ud569\uc131\uc5d0 \uc601\ud5a5\uc744 \ubbf8\uccd0 \uadfc\uc721\ub7c9 \uc99d\uac00\uc5d0 \ud06c\uac8c \uae30\uc5ec\ud560 \uc218 \uc788\uc2b5\ub2c8\ub2e4. \uc774 \ud654\ud569\ubb3c\uc740 \uc6b4\ub3d9\uc120\uc218\uc5d0\uac8c \uc911\uc694\ud55c \uc2dd\uc774 \ubcf4\ucda9\uc81c\uc785\ub2c8\ub2e4. \uadfc\uc721 \ud68c\ubcf5\uc744 \uac00\uc18d\ud654\ud558\uace0 \uc131\ub2a5\uc744 \ud5a5\uc0c1\uc2dc\ud0a4\uae30 \uc704\ud574 \uc12d\ucde8\ub429\ub2c8\ub2e4. \uc774\ub97c \ud1b5\ud574 \ub354 \uae38\uace0, \ub354 \uac15\ud558\uace0, \ub354 \ud6a8\uacfc\uc801\uc73c\ub85c \uc6b4\ub3d9\ud560 \uc218 \uc788\uc2b5\ub2c8\ub2e4. \uadf8 \uacb0\uacfc \uadfc\uc721\ub7c9\uc774 \ub354 \ube60\ub974\uac8c \uc99d\uac00\ud558\uace0 \uadfc\uc721\uc758 \uc724\uacfd\uc774 \ub69c\ub837\ud558\uac8c \ub4dc\ub7ec\ub0a9\ub2c8\ub2e4.<\/p>\n","protected":false},"excerpt":{"rendered":"<p>\ud06c\ub808\uc544\ud2f4 \uc5d0\ud2f8 \uc5d0\uc2a4\ud130(HCL)\ub294 \uc5d0\uc2a4\ud14c\ub974\ud654 \uacfc\uc815\uc744 \uac70\uce5c \ud2b9\ubcc4\ud55c \ud615\ud0dc\uc758 \ud06c\ub808\uc544\ud2f4\uc785\ub2c8\ub2e4. \uc774 \uacfc\uc815\uc744 \ud1b5\ud574 \ube44\ud65c\uc131 \ud615\ud0dc\uc778 \ud06c\ub808\uc544\ud2f0\ub2cc\uc73c\ub85c \uc804\ud658\ub418\ub294 \uac83\uc744 \ubc29\uc9c0\ud558\uc5ec \ud6a8\ub2a5\uc774 \ud5a5\uc0c1\ub418\uc5c8\uc2b5\ub2c8\ub2e4.<\/p>\n","protected":false},"featured_media":41979,"template":"","meta":{"_acf_changed":false},"product_brand":[],"product_cat":[8143,8142],"product_tag":[],"class_list":{"0":"post-41978","1":"product","2":"type-product","3":"status-publish","4":"has-post-thumbnail","6":"product_cat-geon-gang-gi-neung-sig-pum-cheom-ga-mul","7":"product_cat-a-mi-no-san","9":"first","10":"instock","11":"shipping-taxable","12":"product-type-simple"},"acf":[],"yoast_head":"<!-- This site is optimized with the Yoast SEO plugin v27.4 - https:\/\/yoast.com\/product\/yoast-seo-wordpress\/ -->\n<title>\ud06c\ub808\uc544\ud2f4 \uc5d0\ud2f8 \uc5d0\uc2a4\ud130, HCL - Hurtowy Dystrybutor<\/title>\n<meta name=\"robots\" content=\"index, follow, max-snippet:-1, max-image-preview:large, max-video-preview:-1\" \/>\n<link rel=\"canonical\" href=\"https:\/\/naturalpoland.com\/ko\/je-pum\/ui-yak-pum-won-ryo\/a-mi-no-san\/keureatin-etil-eseuteo-hcl\/\" \/>\n<meta property=\"og:locale\" content=\"ko_KR\" \/>\n<meta property=\"og:type\" content=\"article\" \/>\n<meta property=\"og:title\" content=\"\ud06c\ub808\uc544\ud2f4 \uc5d0\ud2f8 \uc5d0\uc2a4\ud130, HCL - Hurtowy Dystrybutor\" \/>\n<meta property=\"og:description\" content=\"\ud06c\ub808\uc544\ud2f4 \uc5d0\ud2f8 \uc5d0\uc2a4\ud130(HCL)\ub294 \uc5d0\uc2a4\ud14c\ub974\ud654 \uacfc\uc815\uc744 \uac70\uce5c \ud2b9\ubcc4\ud55c \ud615\ud0dc\uc758 \ud06c\ub808\uc544\ud2f4\uc785\ub2c8\ub2e4. \uc774 \uacfc\uc815\uc744 \ud1b5\ud574 \ube44\ud65c\uc131 \ud615\ud0dc\uc778 \ud06c\ub808\uc544\ud2f0\ub2cc\uc73c\ub85c \uc804\ud658\ub418\ub294 \uac83\uc744 \ubc29\uc9c0\ud558\uc5ec \ud6a8\ub2a5\uc774 \ud5a5\uc0c1\ub418\uc5c8\uc2b5\ub2c8\ub2e4.\" \/>\n<meta property=\"og:url\" content=\"https:\/\/naturalpoland.com\/ko\/je-pum\/ui-yak-pum-won-ryo\/a-mi-no-san\/keureatin-etil-eseuteo-hcl\/\" \/>\n<meta property=\"og:site_name\" content=\"NATURAL POLAND - Hurtowy Dystrybutor Surowc\u00f3w\" \/>\n<meta property=\"article:publisher\" content=\"https:\/\/www.facebook.com\/naturalpoland.b2b\" \/>\n<meta property=\"article:modified_time\" content=\"2025-07-15T13:30:52+00:00\" \/>\n<meta property=\"og:image\" content=\"https:\/\/naturalpoland.com\/wp-content\/uploads\/2021\/05\/creatine-ethyl-ester-hcl.jpg\" \/>\n\t<meta property=\"og:image:width\" content=\"767\" \/>\n\t<meta property=\"og:image:height\" content=\"256\" \/>\n\t<meta property=\"og:image:type\" content=\"image\/jpeg\" \/>\n<script type=\"application\/ld+json\" class=\"yoast-schema-graph\">{\"@context\":\"https:\\\/\\\/schema.org\",\"@graph\":[{\"@type\":\"WebPage\",\"@id\":\"https:\\\/\\\/naturalpoland.com\\\/ko\\\/je-pum\\\/ui-yak-pum-won-ryo\\\/a-mi-no-san\\\/keureatin-etil-eseuteo-hcl\\\/\",\"url\":\"https:\\\/\\\/naturalpoland.com\\\/ko\\\/je-pum\\\/ui-yak-pum-won-ryo\\\/a-mi-no-san\\\/keureatin-etil-eseuteo-hcl\\\/\",\"name\":\"\ud06c\ub808\uc544\ud2f4 \uc5d0\ud2f8 \uc5d0\uc2a4\ud130, HCL - Hurtowy Dystrybutor\",\"isPartOf\":{\"@id\":\"https:\\\/\\\/naturalpoland.com\\\/ko\\\/#website\"},\"primaryImageOfPage\":{\"@id\":\"https:\\\/\\\/naturalpoland.com\\\/ko\\\/je-pum\\\/ui-yak-pum-won-ryo\\\/a-mi-no-san\\\/keureatin-etil-eseuteo-hcl\\\/#primaryimage\"},\"image\":{\"@id\":\"https:\\\/\\\/naturalpoland.com\\\/ko\\\/je-pum\\\/ui-yak-pum-won-ryo\\\/a-mi-no-san\\\/keureatin-etil-eseuteo-hcl\\\/#primaryimage\"},\"thumbnailUrl\":\"https:\\\/\\\/naturalpoland.com\\\/wp-content\\\/uploads\\\/2021\\\/05\\\/creatine-ethyl-ester-hcl.jpg\",\"datePublished\":\"2021-05-11T11:42:10+00:00\",\"dateModified\":\"2025-07-15T13:30:52+00:00\",\"breadcrumb\":{\"@id\":\"https:\\\/\\\/naturalpoland.com\\\/ko\\\/je-pum\\\/ui-yak-pum-won-ryo\\\/a-mi-no-san\\\/keureatin-etil-eseuteo-hcl\\\/#breadcrumb\"},\"inLanguage\":\"ko-KR\",\"potentialAction\":[{\"@type\":\"ReadAction\",\"target\":[\"https:\\\/\\\/naturalpoland.com\\\/ko\\\/je-pum\\\/ui-yak-pum-won-ryo\\\/a-mi-no-san\\\/keureatin-etil-eseuteo-hcl\\\/\"]}]},{\"@type\":\"ImageObject\",\"inLanguage\":\"ko-KR\",\"@id\":\"https:\\\/\\\/naturalpoland.com\\\/ko\\\/je-pum\\\/ui-yak-pum-won-ryo\\\/a-mi-no-san\\\/keureatin-etil-eseuteo-hcl\\\/#primaryimage\",\"url\":\"https:\\\/\\\/naturalpoland.com\\\/wp-content\\\/uploads\\\/2021\\\/05\\\/creatine-ethyl-ester-hcl.jpg\",\"contentUrl\":\"https:\\\/\\\/naturalpoland.com\\\/wp-content\\\/uploads\\\/2021\\\/05\\\/creatine-ethyl-ester-hcl.jpg\",\"width\":767,\"height\":256,\"caption\":\"Ester etylowy kreatyny, HCL\"},{\"@type\":\"BreadcrumbList\",\"@id\":\"https:\\\/\\\/naturalpoland.com\\\/ko\\\/je-pum\\\/ui-yak-pum-won-ryo\\\/a-mi-no-san\\\/keureatin-etil-eseuteo-hcl\\\/#breadcrumb\",\"itemListElement\":[{\"@type\":\"ListItem\",\"position\":1,\"name\":\"\ud648\",\"item\":\"https:\\\/\\\/naturalpoland.com\\\/ko\\\/\"},{\"@type\":\"ListItem\",\"position\":2,\"name\":\"\uc81c\ud488\",\"item\":\"https:\\\/\\\/naturalpoland.com\\\/ko\\\/%ec%a0%9c%ed%92%88\\\/\"},{\"@type\":\"ListItem\",\"position\":3,\"name\":\"\ud06c\ub808\uc544\ud2f4 \uc5d0\ud2f8 \uc5d0\uc2a4\ud130, HCL\"}]},{\"@type\":\"WebSite\",\"@id\":\"https:\\\/\\\/naturalpoland.com\\\/ko\\\/#website\",\"url\":\"https:\\\/\\\/naturalpoland.com\\\/ko\\\/\",\"name\":\"NATURAL POLAND - Hurtowy Dystrybutor Surowc\u00f3w\",\"description\":\"Surowce dla przemys\u0142u spo\u017cywczego, kosmetycznego i farmaceutycznego\",\"publisher\":{\"@id\":\"https:\\\/\\\/naturalpoland.com\\\/ko\\\/#organization\"},\"potentialAction\":[{\"@type\":\"SearchAction\",\"target\":{\"@type\":\"EntryPoint\",\"urlTemplate\":\"https:\\\/\\\/naturalpoland.com\\\/ko\\\/?s={search_term_string}\"},\"query-input\":{\"@type\":\"PropertyValueSpecification\",\"valueRequired\":true,\"valueName\":\"search_term_string\"}}],\"inLanguage\":\"ko-KR\"},{\"@type\":\"Organization\",\"@id\":\"https:\\\/\\\/naturalpoland.com\\\/ko\\\/#organization\",\"name\":\"Natural Poland\",\"url\":\"https:\\\/\\\/naturalpoland.com\\\/ko\\\/\",\"logo\":{\"@type\":\"ImageObject\",\"inLanguage\":\"ko-KR\",\"@id\":\"https:\\\/\\\/naturalpoland.com\\\/ko\\\/#\\\/schema\\\/logo\\\/image\\\/\",\"url\":\"https:\\\/\\\/naturalpoland.com\\\/wp-content\\\/uploads\\\/2021\\\/05\\\/natural-poland-icon.png\",\"contentUrl\":\"https:\\\/\\\/naturalpoland.com\\\/wp-content\\\/uploads\\\/2021\\\/05\\\/natural-poland-icon.png\",\"width\":512,\"height\":512,\"caption\":\"Natural Poland\"},\"image\":{\"@id\":\"https:\\\/\\\/naturalpoland.com\\\/ko\\\/#\\\/schema\\\/logo\\\/image\\\/\"},\"sameAs\":[\"https:\\\/\\\/www.facebook.com\\\/naturalpoland.b2b\",\"https:\\\/\\\/pl.linkedin.com\\\/company\\\/natural-poland\",\"https:\\\/\\\/www.youtube.com\\\/channel\\\/UCgeGGkvOMahZo-xu_MSEWxg\"]}]}<\/script>\n<!-- \/ Yoast SEO plugin. -->","yoast_head_json":{"title":"\ud06c\ub808\uc544\ud2f4 \uc5d0\ud2f8 \uc5d0\uc2a4\ud130, HCL - Hurtowy Dystrybutor","robots":{"index":"index","follow":"follow","max-snippet":"max-snippet:-1","max-image-preview":"max-image-preview:large","max-video-preview":"max-video-preview:-1"},"canonical":"https:\/\/naturalpoland.com\/ko\/je-pum\/ui-yak-pum-won-ryo\/a-mi-no-san\/keureatin-etil-eseuteo-hcl\/","og_locale":"ko_KR","og_type":"article","og_title":"\ud06c\ub808\uc544\ud2f4 \uc5d0\ud2f8 \uc5d0\uc2a4\ud130, HCL - Hurtowy Dystrybutor","og_description":"\ud06c\ub808\uc544\ud2f4 \uc5d0\ud2f8 \uc5d0\uc2a4\ud130(HCL)\ub294 \uc5d0\uc2a4\ud14c\ub974\ud654 \uacfc\uc815\uc744 \uac70\uce5c \ud2b9\ubcc4\ud55c \ud615\ud0dc\uc758 \ud06c\ub808\uc544\ud2f4\uc785\ub2c8\ub2e4. \uc774 \uacfc\uc815\uc744 \ud1b5\ud574 \ube44\ud65c\uc131 \ud615\ud0dc\uc778 \ud06c\ub808\uc544\ud2f0\ub2cc\uc73c\ub85c \uc804\ud658\ub418\ub294 \uac83\uc744 \ubc29\uc9c0\ud558\uc5ec \ud6a8\ub2a5\uc774 \ud5a5\uc0c1\ub418\uc5c8\uc2b5\ub2c8\ub2e4.","og_url":"https:\/\/naturalpoland.com\/ko\/je-pum\/ui-yak-pum-won-ryo\/a-mi-no-san\/keureatin-etil-eseuteo-hcl\/","og_site_name":"NATURAL POLAND - Hurtowy Dystrybutor Surowc\u00f3w","article_publisher":"https:\/\/www.facebook.com\/naturalpoland.b2b","article_modified_time":"2025-07-15T13:30:52+00:00","og_image":[{"width":767,"height":256,"url":"https:\/\/naturalpoland.com\/wp-content\/uploads\/2021\/05\/creatine-ethyl-ester-hcl.jpg","type":"image\/jpeg"}],"schema":{"@context":"https:\/\/schema.org","@graph":[{"@type":"WebPage","@id":"https:\/\/naturalpoland.com\/ko\/je-pum\/ui-yak-pum-won-ryo\/a-mi-no-san\/keureatin-etil-eseuteo-hcl\/","url":"https:\/\/naturalpoland.com\/ko\/je-pum\/ui-yak-pum-won-ryo\/a-mi-no-san\/keureatin-etil-eseuteo-hcl\/","name":"\ud06c\ub808\uc544\ud2f4 \uc5d0\ud2f8 \uc5d0\uc2a4\ud130, HCL - Hurtowy Dystrybutor","isPartOf":{"@id":"https:\/\/naturalpoland.com\/ko\/#website"},"primaryImageOfPage":{"@id":"https:\/\/naturalpoland.com\/ko\/je-pum\/ui-yak-pum-won-ryo\/a-mi-no-san\/keureatin-etil-eseuteo-hcl\/#primaryimage"},"image":{"@id":"https:\/\/naturalpoland.com\/ko\/je-pum\/ui-yak-pum-won-ryo\/a-mi-no-san\/keureatin-etil-eseuteo-hcl\/#primaryimage"},"thumbnailUrl":"https:\/\/naturalpoland.com\/wp-content\/uploads\/2021\/05\/creatine-ethyl-ester-hcl.jpg","datePublished":"2021-05-11T11:42:10+00:00","dateModified":"2025-07-15T13:30:52+00:00","breadcrumb":{"@id":"https:\/\/naturalpoland.com\/ko\/je-pum\/ui-yak-pum-won-ryo\/a-mi-no-san\/keureatin-etil-eseuteo-hcl\/#breadcrumb"},"inLanguage":"ko-KR","potentialAction":[{"@type":"ReadAction","target":["https:\/\/naturalpoland.com\/ko\/je-pum\/ui-yak-pum-won-ryo\/a-mi-no-san\/keureatin-etil-eseuteo-hcl\/"]}]},{"@type":"ImageObject","inLanguage":"ko-KR","@id":"https:\/\/naturalpoland.com\/ko\/je-pum\/ui-yak-pum-won-ryo\/a-mi-no-san\/keureatin-etil-eseuteo-hcl\/#primaryimage","url":"https:\/\/naturalpoland.com\/wp-content\/uploads\/2021\/05\/creatine-ethyl-ester-hcl.jpg","contentUrl":"https:\/\/naturalpoland.com\/wp-content\/uploads\/2021\/05\/creatine-ethyl-ester-hcl.jpg","width":767,"height":256,"caption":"Ester etylowy kreatyny, HCL"},{"@type":"BreadcrumbList","@id":"https:\/\/naturalpoland.com\/ko\/je-pum\/ui-yak-pum-won-ryo\/a-mi-no-san\/keureatin-etil-eseuteo-hcl\/#breadcrumb","itemListElement":[{"@type":"ListItem","position":1,"name":"\ud648","item":"https:\/\/naturalpoland.com\/ko\/"},{"@type":"ListItem","position":2,"name":"\uc81c\ud488","item":"https:\/\/naturalpoland.com\/ko\/%ec%a0%9c%ed%92%88\/"},{"@type":"ListItem","position":3,"name":"\ud06c\ub808\uc544\ud2f4 \uc5d0\ud2f8 \uc5d0\uc2a4\ud130, HCL"}]},{"@type":"WebSite","@id":"https:\/\/naturalpoland.com\/ko\/#website","url":"https:\/\/naturalpoland.com\/ko\/","name":"NATURAL POLAND - Hurtowy Dystrybutor Surowc\u00f3w","description":"Surowce dla przemys\u0142u spo\u017cywczego, kosmetycznego i farmaceutycznego","publisher":{"@id":"https:\/\/naturalpoland.com\/ko\/#organization"},"potentialAction":[{"@type":"SearchAction","target":{"@type":"EntryPoint","urlTemplate":"https:\/\/naturalpoland.com\/ko\/?s={search_term_string}"},"query-input":{"@type":"PropertyValueSpecification","valueRequired":true,"valueName":"search_term_string"}}],"inLanguage":"ko-KR"},{"@type":"Organization","@id":"https:\/\/naturalpoland.com\/ko\/#organization","name":"Natural Poland","url":"https:\/\/naturalpoland.com\/ko\/","logo":{"@type":"ImageObject","inLanguage":"ko-KR","@id":"https:\/\/naturalpoland.com\/ko\/#\/schema\/logo\/image\/","url":"https:\/\/naturalpoland.com\/wp-content\/uploads\/2021\/05\/natural-poland-icon.png","contentUrl":"https:\/\/naturalpoland.com\/wp-content\/uploads\/2021\/05\/natural-poland-icon.png","width":512,"height":512,"caption":"Natural Poland"},"image":{"@id":"https:\/\/naturalpoland.com\/ko\/#\/schema\/logo\/image\/"},"sameAs":["https:\/\/www.facebook.com\/naturalpoland.b2b","https:\/\/pl.linkedin.com\/company\/natural-poland","https:\/\/www.youtube.com\/channel\/UCgeGGkvOMahZo-xu_MSEWxg"]}]}},"_links":{"self":[{"href":"https:\/\/naturalpoland.com\/ko\/wp-json\/wp\/v2\/product\/41978","targetHints":{"allow":["GET"]}}],"collection":[{"href":"https:\/\/naturalpoland.com\/ko\/wp-json\/wp\/v2\/product"}],"about":[{"href":"https:\/\/naturalpoland.com\/ko\/wp-json\/wp\/v2\/types\/product"}],"wp:featuredmedia":[{"embeddable":true,"href":"https:\/\/naturalpoland.com\/ko\/wp-json\/wp\/v2\/media\/41979"}],"wp:attachment":[{"href":"https:\/\/naturalpoland.com\/ko\/wp-json\/wp\/v2\/media?parent=41978"}],"wp:term":[{"taxonomy":"product_brand","embeddable":true,"href":"https:\/\/naturalpoland.com\/ko\/wp-json\/wp\/v2\/product_brand?post=41978"},{"taxonomy":"product_cat","embeddable":true,"href":"https:\/\/naturalpoland.com\/ko\/wp-json\/wp\/v2\/product_cat?post=41978"},{"taxonomy":"product_tag","embeddable":true,"href":"https:\/\/naturalpoland.com\/ko\/wp-json\/wp\/v2\/product_tag?post=41978"}],"curies":[{"name":"wp","href":"https:\/\/api.w.org\/{rel}","templated":true}]}}