{"id":41980,"date":"2021-05-11T13:36:31","date_gmt":"2021-05-11T11:36:31","guid":{"rendered":"https:\/\/naturalpoland.com\/produkty\/uncategorized\/%ed%81%ac%eb%a0%88%ec%95%84%ed%8b%b4-%ec%95%8c%ed%8c%8c-%ec%bc%80%ed%86%a0%ea%b8%80%eb%a3%a8%ed%83%80%eb%a0%88%ec%9d%b4%ed%8a%b8\/"},"modified":"2025-07-15T15:44:50","modified_gmt":"2025-07-15T13:44:50","slug":"keureatin-alpa-ketogeullutareiteu","status":"publish","type":"product","link":"https:\/\/naturalpoland.com\/ko\/je-pum\/ui-yak-pum-won-ryo\/a-mi-no-san\/keureatin-alpa-ketogeullutareiteu\/","title":{"rendered":"\ud06c\ub808\uc544\ud2f4 \uc54c\ud30c \ucf00\ud1a0\uae00\ub8e8\ud0c0\ub808\uc774\ud2b8"},"content":{"rendered":"<p>\ud06c\ub808\uc544\ud2f4 \uc54c\ud30c \ucf00\ud1a0\uae00\ub8e8\ud0c0\ub808\uc774\ud2b8\ub294 \ubb3c\uc5d0 \uc6a9\ud574\ub418\uc5b4 \uc2e0\uccb4 \ud761\uc218\ub97c \uac00\uc18d\ud654\ud569\ub2c8\ub2e4. \uc774 \uc131\ubd84\uc758 \ub3c5\ud2b9\ud568\uc740 \ube60\ub974\uac8c \uc791\uc6a9\ud558\uc5ec \uc5f0\uc18d \uc138\ud2b8 \uc0ac\uc774\uc758 \uc2e0\uccb4 \ud68c\ubcf5 \uc18d\ub3c4\ub97c \ub2e8\uc2dc\uac04\uc5d0 \ud5a5\uc0c1\uc2dc\ud0ac \uc218 \uc788\ub2e4\ub294 \uac83\uc785\ub2c8\ub2e4. \ub530\ub77c\uc11c \ud6c8\ub828 \uc2dc\uac04\uc744 \uc5f0\uc7a5\ud558\uace0 \uadfc\uc721\ub7c9 \uc99d\uac00 \ud6a8\uacfc\ub97c \ub354 \ube68\ub9ac \ubcfc \uc218 \uc788\uc2b5\ub2c8\ub2e4.<\/p>\n","protected":false},"excerpt":{"rendered":"<p>\ud06c\ub808\uc544\ud2f4 \uc54c\ud30c \ucf00\ud1a0\uae00\ub8e8\ud0c0\ub808\uc774\ud2b8\ub294 \ud06c\ub808\uc544\ud2f4 \ubd84\uc790\uc640 \uc54c\ud30c \ucf00\ud1a0\uae00\ub8e8\ud0c0\ub808\uc774\ud2b8\uc758 \uc548\uc815\uc801\uc778 \uacb0\ud569\uc785\ub2c8\ub2e4. \uc774\ub294 \ub3d9\ud654 \uc791\uc6a9\uc744 \ud558\uba70 \uadfc\uc721\ub7c9 \uc99d\uac00\uc5d0 \uae0d\uc815\uc801\uc778 \uc601\ud5a5\uc744 \ubbf8\uce69\ub2c8\ub2e4. \uadfc\ub825\uacfc \uc9c0\uad6c\ub825\uc744 \uc99d\uac00\uc2dc\ud0b5\ub2c8\ub2e4. \ub530\ub77c\uc11c \uc2e0\uccb4 \ud65c\ub3d9\uc774 \ud65c\ubc1c\ud558\uace0 \uc815\uae30\uc801\uc73c\ub85c \uccb4\uc721\uad00\uc5d0\uc11c \uc6b4\ub3d9\ud558\ub294 \uc0ac\ub78c\ub4e4\uc5d0\uac8c \uad8c\uc7a5\ub429\ub2c8\ub2e4.<\/p>\n","protected":false},"featured_media":41981,"template":"","meta":{"_acf_changed":false},"product_brand":[],"product_cat":[8142],"product_tag":[],"class_list":{"0":"post-41980","1":"product","2":"type-product","3":"status-publish","4":"has-post-thumbnail","6":"product_cat-a-mi-no-san","8":"first","9":"instock","10":"shipping-taxable","11":"product-type-simple"},"acf":[],"yoast_head":"<!-- This site is optimized with the Yoast SEO plugin v27.4 - https:\/\/yoast.com\/product\/yoast-seo-wordpress\/ -->\n<title>\ud06c\ub808\uc544\ud2f4 \uc54c\ud30c \ucf00\ud1a0\uae00\ub8e8\ud0c0\ub808\uc774\ud2b8 - Hurtowy Dystrybutor<\/title>\n<meta name=\"robots\" content=\"index, follow, max-snippet:-1, max-image-preview:large, max-video-preview:-1\" \/>\n<link rel=\"canonical\" href=\"https:\/\/naturalpoland.com\/ko\/je-pum\/ui-yak-pum-won-ryo\/a-mi-no-san\/keureatin-alpa-ketogeullutareiteu\/\" \/>\n<meta property=\"og:locale\" content=\"ko_KR\" \/>\n<meta property=\"og:type\" content=\"article\" \/>\n<meta property=\"og:title\" content=\"\ud06c\ub808\uc544\ud2f4 \uc54c\ud30c \ucf00\ud1a0\uae00\ub8e8\ud0c0\ub808\uc774\ud2b8 - Hurtowy Dystrybutor\" \/>\n<meta property=\"og:description\" content=\"\ud06c\ub808\uc544\ud2f4 \uc54c\ud30c \ucf00\ud1a0\uae00\ub8e8\ud0c0\ub808\uc774\ud2b8\ub294 \ud06c\ub808\uc544\ud2f4 \ubd84\uc790\uc640 \uc54c\ud30c \ucf00\ud1a0\uae00\ub8e8\ud0c0\ub808\uc774\ud2b8\uc758 \uc548\uc815\uc801\uc778 \uacb0\ud569\uc785\ub2c8\ub2e4. \uc774\ub294 \ub3d9\ud654 \uc791\uc6a9\uc744 \ud558\uba70 \uadfc\uc721\ub7c9 \uc99d\uac00\uc5d0 \uae0d\uc815\uc801\uc778 \uc601\ud5a5\uc744 \ubbf8\uce69\ub2c8\ub2e4. \uadfc\ub825\uacfc \uc9c0\uad6c\ub825\uc744 \uc99d\uac00\uc2dc\ud0b5\ub2c8\ub2e4. \ub530\ub77c\uc11c \uc2e0\uccb4 \ud65c\ub3d9\uc774 \ud65c\ubc1c\ud558\uace0 \uc815\uae30\uc801\uc73c\ub85c \uccb4\uc721\uad00\uc5d0\uc11c \uc6b4\ub3d9\ud558\ub294 \uc0ac\ub78c\ub4e4\uc5d0\uac8c \uad8c\uc7a5\ub429\ub2c8\ub2e4.\" \/>\n<meta property=\"og:url\" content=\"https:\/\/naturalpoland.com\/ko\/je-pum\/ui-yak-pum-won-ryo\/a-mi-no-san\/keureatin-alpa-ketogeullutareiteu\/\" \/>\n<meta property=\"og:site_name\" content=\"NATURAL POLAND - Hurtowy Dystrybutor Surowc\u00f3w\" \/>\n<meta property=\"article:publisher\" content=\"https:\/\/www.facebook.com\/naturalpoland.b2b\" \/>\n<meta property=\"article:modified_time\" content=\"2025-07-15T13:44:50+00:00\" \/>\n<meta property=\"og:image\" content=\"https:\/\/naturalpoland.com\/wp-content\/uploads\/2021\/05\/creatine-alpha-ketoglutarate.png\" \/>\n\t<meta property=\"og:image:width\" content=\"1414\" \/>\n\t<meta property=\"og:image:height\" content=\"482\" \/>\n\t<meta property=\"og:image:type\" content=\"image\/png\" \/>\n<script type=\"application\/ld+json\" class=\"yoast-schema-graph\">{\"@context\":\"https:\\\/\\\/schema.org\",\"@graph\":[{\"@type\":\"WebPage\",\"@id\":\"https:\\\/\\\/naturalpoland.com\\\/ko\\\/je-pum\\\/ui-yak-pum-won-ryo\\\/a-mi-no-san\\\/keureatin-alpa-ketogeullutareiteu\\\/\",\"url\":\"https:\\\/\\\/naturalpoland.com\\\/ko\\\/je-pum\\\/ui-yak-pum-won-ryo\\\/a-mi-no-san\\\/keureatin-alpa-ketogeullutareiteu\\\/\",\"name\":\"\ud06c\ub808\uc544\ud2f4 \uc54c\ud30c \ucf00\ud1a0\uae00\ub8e8\ud0c0\ub808\uc774\ud2b8 - Hurtowy Dystrybutor\",\"isPartOf\":{\"@id\":\"https:\\\/\\\/naturalpoland.com\\\/ko\\\/#website\"},\"primaryImageOfPage\":{\"@id\":\"https:\\\/\\\/naturalpoland.com\\\/ko\\\/je-pum\\\/ui-yak-pum-won-ryo\\\/a-mi-no-san\\\/keureatin-alpa-ketogeullutareiteu\\\/#primaryimage\"},\"image\":{\"@id\":\"https:\\\/\\\/naturalpoland.com\\\/ko\\\/je-pum\\\/ui-yak-pum-won-ryo\\\/a-mi-no-san\\\/keureatin-alpa-ketogeullutareiteu\\\/#primaryimage\"},\"thumbnailUrl\":\"https:\\\/\\\/naturalpoland.com\\\/wp-content\\\/uploads\\\/2021\\\/05\\\/creatine-alpha-ketoglutarate.png\",\"datePublished\":\"2021-05-11T11:36:31+00:00\",\"dateModified\":\"2025-07-15T13:44:50+00:00\",\"breadcrumb\":{\"@id\":\"https:\\\/\\\/naturalpoland.com\\\/ko\\\/je-pum\\\/ui-yak-pum-won-ryo\\\/a-mi-no-san\\\/keureatin-alpa-ketogeullutareiteu\\\/#breadcrumb\"},\"inLanguage\":\"ko-KR\",\"potentialAction\":[{\"@type\":\"ReadAction\",\"target\":[\"https:\\\/\\\/naturalpoland.com\\\/ko\\\/je-pum\\\/ui-yak-pum-won-ryo\\\/a-mi-no-san\\\/keureatin-alpa-ketogeullutareiteu\\\/\"]}]},{\"@type\":\"ImageObject\",\"inLanguage\":\"ko-KR\",\"@id\":\"https:\\\/\\\/naturalpoland.com\\\/ko\\\/je-pum\\\/ui-yak-pum-won-ryo\\\/a-mi-no-san\\\/keureatin-alpa-ketogeullutareiteu\\\/#primaryimage\",\"url\":\"https:\\\/\\\/naturalpoland.com\\\/wp-content\\\/uploads\\\/2021\\\/05\\\/creatine-alpha-ketoglutarate.png\",\"contentUrl\":\"https:\\\/\\\/naturalpoland.com\\\/wp-content\\\/uploads\\\/2021\\\/05\\\/creatine-alpha-ketoglutarate.png\",\"width\":1414,\"height\":482,\"caption\":\"Creatine-alpha ketoglutarate\"},{\"@type\":\"BreadcrumbList\",\"@id\":\"https:\\\/\\\/naturalpoland.com\\\/ko\\\/je-pum\\\/ui-yak-pum-won-ryo\\\/a-mi-no-san\\\/keureatin-alpa-ketogeullutareiteu\\\/#breadcrumb\",\"itemListElement\":[{\"@type\":\"ListItem\",\"position\":1,\"name\":\"\ud648\",\"item\":\"https:\\\/\\\/naturalpoland.com\\\/ko\\\/\"},{\"@type\":\"ListItem\",\"position\":2,\"name\":\"\uc81c\ud488\",\"item\":\"https:\\\/\\\/naturalpoland.com\\\/ko\\\/%ec%a0%9c%ed%92%88\\\/\"},{\"@type\":\"ListItem\",\"position\":3,\"name\":\"\ud06c\ub808\uc544\ud2f4 \uc54c\ud30c \ucf00\ud1a0\uae00\ub8e8\ud0c0\ub808\uc774\ud2b8\"}]},{\"@type\":\"WebSite\",\"@id\":\"https:\\\/\\\/naturalpoland.com\\\/ko\\\/#website\",\"url\":\"https:\\\/\\\/naturalpoland.com\\\/ko\\\/\",\"name\":\"NATURAL POLAND - Hurtowy Dystrybutor Surowc\u00f3w\",\"description\":\"Surowce dla przemys\u0142u spo\u017cywczego, kosmetycznego i farmaceutycznego\",\"publisher\":{\"@id\":\"https:\\\/\\\/naturalpoland.com\\\/ko\\\/#organization\"},\"potentialAction\":[{\"@type\":\"SearchAction\",\"target\":{\"@type\":\"EntryPoint\",\"urlTemplate\":\"https:\\\/\\\/naturalpoland.com\\\/ko\\\/?s={search_term_string}\"},\"query-input\":{\"@type\":\"PropertyValueSpecification\",\"valueRequired\":true,\"valueName\":\"search_term_string\"}}],\"inLanguage\":\"ko-KR\"},{\"@type\":\"Organization\",\"@id\":\"https:\\\/\\\/naturalpoland.com\\\/ko\\\/#organization\",\"name\":\"Natural Poland\",\"url\":\"https:\\\/\\\/naturalpoland.com\\\/ko\\\/\",\"logo\":{\"@type\":\"ImageObject\",\"inLanguage\":\"ko-KR\",\"@id\":\"https:\\\/\\\/naturalpoland.com\\\/ko\\\/#\\\/schema\\\/logo\\\/image\\\/\",\"url\":\"https:\\\/\\\/naturalpoland.com\\\/wp-content\\\/uploads\\\/2021\\\/05\\\/natural-poland-icon.png\",\"contentUrl\":\"https:\\\/\\\/naturalpoland.com\\\/wp-content\\\/uploads\\\/2021\\\/05\\\/natural-poland-icon.png\",\"width\":512,\"height\":512,\"caption\":\"Natural Poland\"},\"image\":{\"@id\":\"https:\\\/\\\/naturalpoland.com\\\/ko\\\/#\\\/schema\\\/logo\\\/image\\\/\"},\"sameAs\":[\"https:\\\/\\\/www.facebook.com\\\/naturalpoland.b2b\",\"https:\\\/\\\/pl.linkedin.com\\\/company\\\/natural-poland\",\"https:\\\/\\\/www.youtube.com\\\/channel\\\/UCgeGGkvOMahZo-xu_MSEWxg\"]}]}<\/script>\n<!-- \/ Yoast SEO plugin. -->","yoast_head_json":{"title":"\ud06c\ub808\uc544\ud2f4 \uc54c\ud30c \ucf00\ud1a0\uae00\ub8e8\ud0c0\ub808\uc774\ud2b8 - Hurtowy Dystrybutor","robots":{"index":"index","follow":"follow","max-snippet":"max-snippet:-1","max-image-preview":"max-image-preview:large","max-video-preview":"max-video-preview:-1"},"canonical":"https:\/\/naturalpoland.com\/ko\/je-pum\/ui-yak-pum-won-ryo\/a-mi-no-san\/keureatin-alpa-ketogeullutareiteu\/","og_locale":"ko_KR","og_type":"article","og_title":"\ud06c\ub808\uc544\ud2f4 \uc54c\ud30c \ucf00\ud1a0\uae00\ub8e8\ud0c0\ub808\uc774\ud2b8 - Hurtowy Dystrybutor","og_description":"\ud06c\ub808\uc544\ud2f4 \uc54c\ud30c \ucf00\ud1a0\uae00\ub8e8\ud0c0\ub808\uc774\ud2b8\ub294 \ud06c\ub808\uc544\ud2f4 \ubd84\uc790\uc640 \uc54c\ud30c \ucf00\ud1a0\uae00\ub8e8\ud0c0\ub808\uc774\ud2b8\uc758 \uc548\uc815\uc801\uc778 \uacb0\ud569\uc785\ub2c8\ub2e4. \uc774\ub294 \ub3d9\ud654 \uc791\uc6a9\uc744 \ud558\uba70 \uadfc\uc721\ub7c9 \uc99d\uac00\uc5d0 \uae0d\uc815\uc801\uc778 \uc601\ud5a5\uc744 \ubbf8\uce69\ub2c8\ub2e4. \uadfc\ub825\uacfc \uc9c0\uad6c\ub825\uc744 \uc99d\uac00\uc2dc\ud0b5\ub2c8\ub2e4. \ub530\ub77c\uc11c \uc2e0\uccb4 \ud65c\ub3d9\uc774 \ud65c\ubc1c\ud558\uace0 \uc815\uae30\uc801\uc73c\ub85c \uccb4\uc721\uad00\uc5d0\uc11c \uc6b4\ub3d9\ud558\ub294 \uc0ac\ub78c\ub4e4\uc5d0\uac8c \uad8c\uc7a5\ub429\ub2c8\ub2e4.","og_url":"https:\/\/naturalpoland.com\/ko\/je-pum\/ui-yak-pum-won-ryo\/a-mi-no-san\/keureatin-alpa-ketogeullutareiteu\/","og_site_name":"NATURAL POLAND - Hurtowy Dystrybutor Surowc\u00f3w","article_publisher":"https:\/\/www.facebook.com\/naturalpoland.b2b","article_modified_time":"2025-07-15T13:44:50+00:00","og_image":[{"width":1414,"height":482,"url":"https:\/\/naturalpoland.com\/wp-content\/uploads\/2021\/05\/creatine-alpha-ketoglutarate.png","type":"image\/png"}],"schema":{"@context":"https:\/\/schema.org","@graph":[{"@type":"WebPage","@id":"https:\/\/naturalpoland.com\/ko\/je-pum\/ui-yak-pum-won-ryo\/a-mi-no-san\/keureatin-alpa-ketogeullutareiteu\/","url":"https:\/\/naturalpoland.com\/ko\/je-pum\/ui-yak-pum-won-ryo\/a-mi-no-san\/keureatin-alpa-ketogeullutareiteu\/","name":"\ud06c\ub808\uc544\ud2f4 \uc54c\ud30c \ucf00\ud1a0\uae00\ub8e8\ud0c0\ub808\uc774\ud2b8 - Hurtowy Dystrybutor","isPartOf":{"@id":"https:\/\/naturalpoland.com\/ko\/#website"},"primaryImageOfPage":{"@id":"https:\/\/naturalpoland.com\/ko\/je-pum\/ui-yak-pum-won-ryo\/a-mi-no-san\/keureatin-alpa-ketogeullutareiteu\/#primaryimage"},"image":{"@id":"https:\/\/naturalpoland.com\/ko\/je-pum\/ui-yak-pum-won-ryo\/a-mi-no-san\/keureatin-alpa-ketogeullutareiteu\/#primaryimage"},"thumbnailUrl":"https:\/\/naturalpoland.com\/wp-content\/uploads\/2021\/05\/creatine-alpha-ketoglutarate.png","datePublished":"2021-05-11T11:36:31+00:00","dateModified":"2025-07-15T13:44:50+00:00","breadcrumb":{"@id":"https:\/\/naturalpoland.com\/ko\/je-pum\/ui-yak-pum-won-ryo\/a-mi-no-san\/keureatin-alpa-ketogeullutareiteu\/#breadcrumb"},"inLanguage":"ko-KR","potentialAction":[{"@type":"ReadAction","target":["https:\/\/naturalpoland.com\/ko\/je-pum\/ui-yak-pum-won-ryo\/a-mi-no-san\/keureatin-alpa-ketogeullutareiteu\/"]}]},{"@type":"ImageObject","inLanguage":"ko-KR","@id":"https:\/\/naturalpoland.com\/ko\/je-pum\/ui-yak-pum-won-ryo\/a-mi-no-san\/keureatin-alpa-ketogeullutareiteu\/#primaryimage","url":"https:\/\/naturalpoland.com\/wp-content\/uploads\/2021\/05\/creatine-alpha-ketoglutarate.png","contentUrl":"https:\/\/naturalpoland.com\/wp-content\/uploads\/2021\/05\/creatine-alpha-ketoglutarate.png","width":1414,"height":482,"caption":"Creatine-alpha ketoglutarate"},{"@type":"BreadcrumbList","@id":"https:\/\/naturalpoland.com\/ko\/je-pum\/ui-yak-pum-won-ryo\/a-mi-no-san\/keureatin-alpa-ketogeullutareiteu\/#breadcrumb","itemListElement":[{"@type":"ListItem","position":1,"name":"\ud648","item":"https:\/\/naturalpoland.com\/ko\/"},{"@type":"ListItem","position":2,"name":"\uc81c\ud488","item":"https:\/\/naturalpoland.com\/ko\/%ec%a0%9c%ed%92%88\/"},{"@type":"ListItem","position":3,"name":"\ud06c\ub808\uc544\ud2f4 \uc54c\ud30c \ucf00\ud1a0\uae00\ub8e8\ud0c0\ub808\uc774\ud2b8"}]},{"@type":"WebSite","@id":"https:\/\/naturalpoland.com\/ko\/#website","url":"https:\/\/naturalpoland.com\/ko\/","name":"NATURAL POLAND - Hurtowy Dystrybutor Surowc\u00f3w","description":"Surowce dla przemys\u0142u spo\u017cywczego, kosmetycznego i farmaceutycznego","publisher":{"@id":"https:\/\/naturalpoland.com\/ko\/#organization"},"potentialAction":[{"@type":"SearchAction","target":{"@type":"EntryPoint","urlTemplate":"https:\/\/naturalpoland.com\/ko\/?s={search_term_string}"},"query-input":{"@type":"PropertyValueSpecification","valueRequired":true,"valueName":"search_term_string"}}],"inLanguage":"ko-KR"},{"@type":"Organization","@id":"https:\/\/naturalpoland.com\/ko\/#organization","name":"Natural Poland","url":"https:\/\/naturalpoland.com\/ko\/","logo":{"@type":"ImageObject","inLanguage":"ko-KR","@id":"https:\/\/naturalpoland.com\/ko\/#\/schema\/logo\/image\/","url":"https:\/\/naturalpoland.com\/wp-content\/uploads\/2021\/05\/natural-poland-icon.png","contentUrl":"https:\/\/naturalpoland.com\/wp-content\/uploads\/2021\/05\/natural-poland-icon.png","width":512,"height":512,"caption":"Natural Poland"},"image":{"@id":"https:\/\/naturalpoland.com\/ko\/#\/schema\/logo\/image\/"},"sameAs":["https:\/\/www.facebook.com\/naturalpoland.b2b","https:\/\/pl.linkedin.com\/company\/natural-poland","https:\/\/www.youtube.com\/channel\/UCgeGGkvOMahZo-xu_MSEWxg"]}]}},"_links":{"self":[{"href":"https:\/\/naturalpoland.com\/ko\/wp-json\/wp\/v2\/product\/41980","targetHints":{"allow":["GET"]}}],"collection":[{"href":"https:\/\/naturalpoland.com\/ko\/wp-json\/wp\/v2\/product"}],"about":[{"href":"https:\/\/naturalpoland.com\/ko\/wp-json\/wp\/v2\/types\/product"}],"wp:featuredmedia":[{"embeddable":true,"href":"https:\/\/naturalpoland.com\/ko\/wp-json\/wp\/v2\/media\/41981"}],"wp:attachment":[{"href":"https:\/\/naturalpoland.com\/ko\/wp-json\/wp\/v2\/media?parent=41980"}],"wp:term":[{"taxonomy":"product_brand","embeddable":true,"href":"https:\/\/naturalpoland.com\/ko\/wp-json\/wp\/v2\/product_brand?post=41980"},{"taxonomy":"product_cat","embeddable":true,"href":"https:\/\/naturalpoland.com\/ko\/wp-json\/wp\/v2\/product_cat?post=41980"},{"taxonomy":"product_tag","embeddable":true,"href":"https:\/\/naturalpoland.com\/ko\/wp-json\/wp\/v2\/product_tag?post=41980"}],"curies":[{"name":"wp","href":"https:\/\/api.w.org\/{rel}","templated":true}]}}