{"id":41984,"date":"2021-05-11T13:36:32","date_gmt":"2021-05-11T11:36:32","guid":{"rendered":"https:\/\/naturalpoland.com\/produkty\/uncategorized\/l-%ec%98%a4%eb%a5%b4%eb%8b%88%ed%8b%b4-%ec%95%8c%ed%8c%8c-%ec%bc%80%ed%86%a0%ea%b8%80%eb%a3%a8%ed%83%80%eb%a0%88%ec%9d%b4%ed%8a%b8-11\/"},"modified":"2025-07-15T15:43:48","modified_gmt":"2025-07-15T13:43:48","slug":"l-oreunitin-alpa-ketogeullutareiteu-1-1","status":"publish","type":"product","link":"https:\/\/naturalpoland.com\/ko\/je-pum\/ui-yak-pum-won-ryo\/a-mi-no-san\/l-oreunitin-alpa-ketogeullutareiteu-1-1\/","title":{"rendered":"L-\uc624\ub974\ub2c8\ud2f4 \uc54c\ud30c \ucf00\ud1a0\uae00\ub8e8\ud0c0\ub808\uc774\ud2b8 1:1"},"content":{"rendered":"<p>L-\uc624\ub974\ub2c8\ud2f4 \uc54c\ud30c \ucf00\ud1a0\uae00\ub8e8\ud0c0\ub808\uc774\ud2b8 1:1\uc740 \uccb4\ub0b4 \uc694\uc18c \uc81c\uac70\ub97c \uc704\ud574 \ubcf4\ucda9\ud558\ub294 \uac83\uc774 \uc88b\uc2b5\ub2c8\ub2e4. \uc774\ub294 \uac04 \uae30\ub2a5\uc5d0 \uc88b\uc740 \uc9c0\uc6d0\uc744 \uc81c\uacf5\ud558\uba70, \ub3d9\uc2dc\uc5d0 \uccb4\ub0b4 \uc544\ubbf8\ub178\uc0b0 \ubc0f \ub2e8\ubc31\uc9c8 \ub300\uc0ac\ub97c \uac1c\uc120\ud569\ub2c8\ub2e4.<\/p>\n","protected":false},"excerpt":{"rendered":"<p>L-\uc624\ub974\ub2c8\ud2f4 \uc54c\ud30c \ucf00\ud1a0\uae00\ub8e8\ud0c0\ub808\uc774\ud2b8 1:1\uc740 \uae00\ub8e8\ud0c0\ub974\uc0b0 \uc720\ub3c4\uccb4\uc640 \ube44\ub2e8\ubc31\uc9c8 \uc544\ubbf8\ub178\uc0b0\uc778 \uc624\ub974\ub2c8\ud2f4\uc758 \uacb0\ud569\uc785\ub2c8\ub2e4. \uc774\ub7ec\ud55c \uacb0\ud569\uc740 \uc544\ubbf8\ub178\uc0b0 \uc790\uccb4\uc758 \uc791\uc6a9\uc744 \uac15\ud654\ud558\uace0 \ud6a8\ub2a5\uc744 \ub192\uc785\ub2c8\ub2e4. \uc624\ub974\ub2c8\ud2f4\uc740 \uccb4\ub0b4 \uc554\ubaa8\ub2c8\uc544 \uc81c\uac70\ub97c \ub3d5\uae30 \ub54c\ubb38\uc5d0 \uc2e0\uccb4 \uae30\ub2a5\uc5d0 \uc911\uc694\ud558\uba70, \uc774\ub294 \uadfc\uc721\ub7c9 \uc99d\uac00 \uacfc\uc815\uc744 \uac00\uc18d\ud654\ud569\ub2c8\ub2e4. 1:1 \ube44\uc728\uc740 \uc774 \uc81c\ud488\uc774 \ub3d9\uc77c\ud55c \uc591\uc758 \uae00\ub8e8\ud0c0\ub974\uc0b0\uacfc \uc624\ub974\ub2c8\ud2f4\uc73c\ub85c \uad6c\uc131\ub41c \ud654\ud569\ubb3c\uc784\uc744 \uc758\ubbf8\ud569\ub2c8\ub2e4.<\/p>\n","protected":false},"featured_media":41985,"template":"","meta":{"_acf_changed":false},"product_brand":[],"product_cat":[8142],"product_tag":[8531],"class_list":{"0":"post-41984","1":"product","2":"type-product","3":"status-publish","4":"has-post-thumbnail","6":"product_cat-a-mi-no-san","7":"product_tag-8531","9":"first","10":"instock","11":"shipping-taxable","12":"product-type-simple"},"acf":[],"yoast_head":"<!-- This site is optimized with the Yoast SEO plugin v27.4 - https:\/\/yoast.com\/product\/yoast-seo-wordpress\/ -->\n<title>L-\uc624\ub974\ub2c8\ud2f4 \uc54c\ud30c \ucf00\ud1a0\uae00\ub8e8\ud0c0\ub808\uc774\ud2b8 1:1 - Hurtowy Dystrybutor<\/title>\n<meta name=\"robots\" content=\"index, follow, max-snippet:-1, max-image-preview:large, max-video-preview:-1\" \/>\n<link rel=\"canonical\" href=\"https:\/\/naturalpoland.com\/ko\/je-pum\/ui-yak-pum-won-ryo\/a-mi-no-san\/l-oreunitin-alpa-ketogeullutareiteu-1-1\/\" \/>\n<meta property=\"og:locale\" content=\"ko_KR\" \/>\n<meta property=\"og:type\" content=\"article\" \/>\n<meta property=\"og:title\" content=\"L-\uc624\ub974\ub2c8\ud2f4 \uc54c\ud30c \ucf00\ud1a0\uae00\ub8e8\ud0c0\ub808\uc774\ud2b8 1:1 - Hurtowy Dystrybutor\" \/>\n<meta property=\"og:description\" content=\"L-\uc624\ub974\ub2c8\ud2f4 \uc54c\ud30c \ucf00\ud1a0\uae00\ub8e8\ud0c0\ub808\uc774\ud2b8 1:1\uc740 \uae00\ub8e8\ud0c0\ub974\uc0b0 \uc720\ub3c4\uccb4\uc640 \ube44\ub2e8\ubc31\uc9c8 \uc544\ubbf8\ub178\uc0b0\uc778 \uc624\ub974\ub2c8\ud2f4\uc758 \uacb0\ud569\uc785\ub2c8\ub2e4. \uc774\ub7ec\ud55c \uacb0\ud569\uc740 \uc544\ubbf8\ub178\uc0b0 \uc790\uccb4\uc758 \uc791\uc6a9\uc744 \uac15\ud654\ud558\uace0 \ud6a8\ub2a5\uc744 \ub192\uc785\ub2c8\ub2e4. \uc624\ub974\ub2c8\ud2f4\uc740 \uccb4\ub0b4 \uc554\ubaa8\ub2c8\uc544 \uc81c\uac70\ub97c \ub3d5\uae30 \ub54c\ubb38\uc5d0 \uc2e0\uccb4 \uae30\ub2a5\uc5d0 \uc911\uc694\ud558\uba70, \uc774\ub294 \uadfc\uc721\ub7c9 \uc99d\uac00 \uacfc\uc815\uc744 \uac00\uc18d\ud654\ud569\ub2c8\ub2e4. 1:1 \ube44\uc728\uc740 \uc774 \uc81c\ud488\uc774 \ub3d9\uc77c\ud55c \uc591\uc758 \uae00\ub8e8\ud0c0\ub974\uc0b0\uacfc \uc624\ub974\ub2c8\ud2f4\uc73c\ub85c \uad6c\uc131\ub41c \ud654\ud569\ubb3c\uc784\uc744 \uc758\ubbf8\ud569\ub2c8\ub2e4.\" \/>\n<meta property=\"og:url\" content=\"https:\/\/naturalpoland.com\/ko\/je-pum\/ui-yak-pum-won-ryo\/a-mi-no-san\/l-oreunitin-alpa-ketogeullutareiteu-1-1\/\" \/>\n<meta property=\"og:site_name\" content=\"NATURAL POLAND - Hurtowy Dystrybutor Surowc\u00f3w\" \/>\n<meta property=\"article:publisher\" content=\"https:\/\/www.facebook.com\/naturalpoland.b2b\" \/>\n<meta property=\"article:modified_time\" content=\"2025-07-15T13:43:48+00:00\" \/>\n<meta property=\"og:image\" content=\"https:\/\/naturalpoland.com\/wp-content\/uploads\/2021\/05\/alpha-ketoglutarate-the-l-ornithine-1-1.png\" \/>\n\t<meta property=\"og:image:width\" content=\"1130\" \/>\n\t<meta property=\"og:image:height\" content=\"798\" \/>\n\t<meta property=\"og:image:type\" content=\"image\/png\" \/>\n<script type=\"application\/ld+json\" class=\"yoast-schema-graph\">{\"@context\":\"https:\\\/\\\/schema.org\",\"@graph\":[{\"@type\":\"WebPage\",\"@id\":\"https:\\\/\\\/naturalpoland.com\\\/ko\\\/je-pum\\\/ui-yak-pum-won-ryo\\\/a-mi-no-san\\\/l-oreunitin-alpa-ketogeullutareiteu-1-1\\\/\",\"url\":\"https:\\\/\\\/naturalpoland.com\\\/ko\\\/je-pum\\\/ui-yak-pum-won-ryo\\\/a-mi-no-san\\\/l-oreunitin-alpa-ketogeullutareiteu-1-1\\\/\",\"name\":\"L-\uc624\ub974\ub2c8\ud2f4 \uc54c\ud30c \ucf00\ud1a0\uae00\ub8e8\ud0c0\ub808\uc774\ud2b8 1:1 - Hurtowy Dystrybutor\",\"isPartOf\":{\"@id\":\"https:\\\/\\\/naturalpoland.com\\\/ko\\\/#website\"},\"primaryImageOfPage\":{\"@id\":\"https:\\\/\\\/naturalpoland.com\\\/ko\\\/je-pum\\\/ui-yak-pum-won-ryo\\\/a-mi-no-san\\\/l-oreunitin-alpa-ketogeullutareiteu-1-1\\\/#primaryimage\"},\"image\":{\"@id\":\"https:\\\/\\\/naturalpoland.com\\\/ko\\\/je-pum\\\/ui-yak-pum-won-ryo\\\/a-mi-no-san\\\/l-oreunitin-alpa-ketogeullutareiteu-1-1\\\/#primaryimage\"},\"thumbnailUrl\":\"https:\\\/\\\/naturalpoland.com\\\/wp-content\\\/uploads\\\/2021\\\/05\\\/alpha-ketoglutarate-the-l-ornithine-1-1.png\",\"datePublished\":\"2021-05-11T11:36:32+00:00\",\"dateModified\":\"2025-07-15T13:43:48+00:00\",\"breadcrumb\":{\"@id\":\"https:\\\/\\\/naturalpoland.com\\\/ko\\\/je-pum\\\/ui-yak-pum-won-ryo\\\/a-mi-no-san\\\/l-oreunitin-alpa-ketogeullutareiteu-1-1\\\/#breadcrumb\"},\"inLanguage\":\"ko-KR\",\"potentialAction\":[{\"@type\":\"ReadAction\",\"target\":[\"https:\\\/\\\/naturalpoland.com\\\/ko\\\/je-pum\\\/ui-yak-pum-won-ryo\\\/a-mi-no-san\\\/l-oreunitin-alpa-ketogeullutareiteu-1-1\\\/\"]}]},{\"@type\":\"ImageObject\",\"inLanguage\":\"ko-KR\",\"@id\":\"https:\\\/\\\/naturalpoland.com\\\/ko\\\/je-pum\\\/ui-yak-pum-won-ryo\\\/a-mi-no-san\\\/l-oreunitin-alpa-ketogeullutareiteu-1-1\\\/#primaryimage\",\"url\":\"https:\\\/\\\/naturalpoland.com\\\/wp-content\\\/uploads\\\/2021\\\/05\\\/alpha-ketoglutarate-the-l-ornithine-1-1.png\",\"contentUrl\":\"https:\\\/\\\/naturalpoland.com\\\/wp-content\\\/uploads\\\/2021\\\/05\\\/alpha-ketoglutarate-the-l-ornithine-1-1.png\",\"width\":1130,\"height\":798,\"caption\":\"L-Ornithine Alpha Ketoglutarate 1:1\"},{\"@type\":\"BreadcrumbList\",\"@id\":\"https:\\\/\\\/naturalpoland.com\\\/ko\\\/je-pum\\\/ui-yak-pum-won-ryo\\\/a-mi-no-san\\\/l-oreunitin-alpa-ketogeullutareiteu-1-1\\\/#breadcrumb\",\"itemListElement\":[{\"@type\":\"ListItem\",\"position\":1,\"name\":\"\ud648\",\"item\":\"https:\\\/\\\/naturalpoland.com\\\/ko\\\/\"},{\"@type\":\"ListItem\",\"position\":2,\"name\":\"\uc81c\ud488\",\"item\":\"https:\\\/\\\/naturalpoland.com\\\/ko\\\/%ec%a0%9c%ed%92%88\\\/\"},{\"@type\":\"ListItem\",\"position\":3,\"name\":\"L-\uc624\ub974\ub2c8\ud2f4 \uc54c\ud30c \ucf00\ud1a0\uae00\ub8e8\ud0c0\ub808\uc774\ud2b8 1:1\"}]},{\"@type\":\"WebSite\",\"@id\":\"https:\\\/\\\/naturalpoland.com\\\/ko\\\/#website\",\"url\":\"https:\\\/\\\/naturalpoland.com\\\/ko\\\/\",\"name\":\"NATURAL POLAND - Hurtowy Dystrybutor Surowc\u00f3w\",\"description\":\"Surowce dla przemys\u0142u spo\u017cywczego, kosmetycznego i farmaceutycznego\",\"publisher\":{\"@id\":\"https:\\\/\\\/naturalpoland.com\\\/ko\\\/#organization\"},\"potentialAction\":[{\"@type\":\"SearchAction\",\"target\":{\"@type\":\"EntryPoint\",\"urlTemplate\":\"https:\\\/\\\/naturalpoland.com\\\/ko\\\/?s={search_term_string}\"},\"query-input\":{\"@type\":\"PropertyValueSpecification\",\"valueRequired\":true,\"valueName\":\"search_term_string\"}}],\"inLanguage\":\"ko-KR\"},{\"@type\":\"Organization\",\"@id\":\"https:\\\/\\\/naturalpoland.com\\\/ko\\\/#organization\",\"name\":\"Natural Poland\",\"url\":\"https:\\\/\\\/naturalpoland.com\\\/ko\\\/\",\"logo\":{\"@type\":\"ImageObject\",\"inLanguage\":\"ko-KR\",\"@id\":\"https:\\\/\\\/naturalpoland.com\\\/ko\\\/#\\\/schema\\\/logo\\\/image\\\/\",\"url\":\"https:\\\/\\\/naturalpoland.com\\\/wp-content\\\/uploads\\\/2021\\\/05\\\/natural-poland-icon.png\",\"contentUrl\":\"https:\\\/\\\/naturalpoland.com\\\/wp-content\\\/uploads\\\/2021\\\/05\\\/natural-poland-icon.png\",\"width\":512,\"height\":512,\"caption\":\"Natural Poland\"},\"image\":{\"@id\":\"https:\\\/\\\/naturalpoland.com\\\/ko\\\/#\\\/schema\\\/logo\\\/image\\\/\"},\"sameAs\":[\"https:\\\/\\\/www.facebook.com\\\/naturalpoland.b2b\",\"https:\\\/\\\/pl.linkedin.com\\\/company\\\/natural-poland\",\"https:\\\/\\\/www.youtube.com\\\/channel\\\/UCgeGGkvOMahZo-xu_MSEWxg\"]}]}<\/script>\n<!-- \/ Yoast SEO plugin. -->","yoast_head_json":{"title":"L-\uc624\ub974\ub2c8\ud2f4 \uc54c\ud30c \ucf00\ud1a0\uae00\ub8e8\ud0c0\ub808\uc774\ud2b8 1:1 - Hurtowy Dystrybutor","robots":{"index":"index","follow":"follow","max-snippet":"max-snippet:-1","max-image-preview":"max-image-preview:large","max-video-preview":"max-video-preview:-1"},"canonical":"https:\/\/naturalpoland.com\/ko\/je-pum\/ui-yak-pum-won-ryo\/a-mi-no-san\/l-oreunitin-alpa-ketogeullutareiteu-1-1\/","og_locale":"ko_KR","og_type":"article","og_title":"L-\uc624\ub974\ub2c8\ud2f4 \uc54c\ud30c \ucf00\ud1a0\uae00\ub8e8\ud0c0\ub808\uc774\ud2b8 1:1 - Hurtowy Dystrybutor","og_description":"L-\uc624\ub974\ub2c8\ud2f4 \uc54c\ud30c \ucf00\ud1a0\uae00\ub8e8\ud0c0\ub808\uc774\ud2b8 1:1\uc740 \uae00\ub8e8\ud0c0\ub974\uc0b0 \uc720\ub3c4\uccb4\uc640 \ube44\ub2e8\ubc31\uc9c8 \uc544\ubbf8\ub178\uc0b0\uc778 \uc624\ub974\ub2c8\ud2f4\uc758 \uacb0\ud569\uc785\ub2c8\ub2e4. \uc774\ub7ec\ud55c \uacb0\ud569\uc740 \uc544\ubbf8\ub178\uc0b0 \uc790\uccb4\uc758 \uc791\uc6a9\uc744 \uac15\ud654\ud558\uace0 \ud6a8\ub2a5\uc744 \ub192\uc785\ub2c8\ub2e4. \uc624\ub974\ub2c8\ud2f4\uc740 \uccb4\ub0b4 \uc554\ubaa8\ub2c8\uc544 \uc81c\uac70\ub97c \ub3d5\uae30 \ub54c\ubb38\uc5d0 \uc2e0\uccb4 \uae30\ub2a5\uc5d0 \uc911\uc694\ud558\uba70, \uc774\ub294 \uadfc\uc721\ub7c9 \uc99d\uac00 \uacfc\uc815\uc744 \uac00\uc18d\ud654\ud569\ub2c8\ub2e4. 1:1 \ube44\uc728\uc740 \uc774 \uc81c\ud488\uc774 \ub3d9\uc77c\ud55c \uc591\uc758 \uae00\ub8e8\ud0c0\ub974\uc0b0\uacfc \uc624\ub974\ub2c8\ud2f4\uc73c\ub85c \uad6c\uc131\ub41c \ud654\ud569\ubb3c\uc784\uc744 \uc758\ubbf8\ud569\ub2c8\ub2e4.","og_url":"https:\/\/naturalpoland.com\/ko\/je-pum\/ui-yak-pum-won-ryo\/a-mi-no-san\/l-oreunitin-alpa-ketogeullutareiteu-1-1\/","og_site_name":"NATURAL POLAND - Hurtowy Dystrybutor Surowc\u00f3w","article_publisher":"https:\/\/www.facebook.com\/naturalpoland.b2b","article_modified_time":"2025-07-15T13:43:48+00:00","og_image":[{"width":1130,"height":798,"url":"https:\/\/naturalpoland.com\/wp-content\/uploads\/2021\/05\/alpha-ketoglutarate-the-l-ornithine-1-1.png","type":"image\/png"}],"schema":{"@context":"https:\/\/schema.org","@graph":[{"@type":"WebPage","@id":"https:\/\/naturalpoland.com\/ko\/je-pum\/ui-yak-pum-won-ryo\/a-mi-no-san\/l-oreunitin-alpa-ketogeullutareiteu-1-1\/","url":"https:\/\/naturalpoland.com\/ko\/je-pum\/ui-yak-pum-won-ryo\/a-mi-no-san\/l-oreunitin-alpa-ketogeullutareiteu-1-1\/","name":"L-\uc624\ub974\ub2c8\ud2f4 \uc54c\ud30c \ucf00\ud1a0\uae00\ub8e8\ud0c0\ub808\uc774\ud2b8 1:1 - Hurtowy Dystrybutor","isPartOf":{"@id":"https:\/\/naturalpoland.com\/ko\/#website"},"primaryImageOfPage":{"@id":"https:\/\/naturalpoland.com\/ko\/je-pum\/ui-yak-pum-won-ryo\/a-mi-no-san\/l-oreunitin-alpa-ketogeullutareiteu-1-1\/#primaryimage"},"image":{"@id":"https:\/\/naturalpoland.com\/ko\/je-pum\/ui-yak-pum-won-ryo\/a-mi-no-san\/l-oreunitin-alpa-ketogeullutareiteu-1-1\/#primaryimage"},"thumbnailUrl":"https:\/\/naturalpoland.com\/wp-content\/uploads\/2021\/05\/alpha-ketoglutarate-the-l-ornithine-1-1.png","datePublished":"2021-05-11T11:36:32+00:00","dateModified":"2025-07-15T13:43:48+00:00","breadcrumb":{"@id":"https:\/\/naturalpoland.com\/ko\/je-pum\/ui-yak-pum-won-ryo\/a-mi-no-san\/l-oreunitin-alpa-ketogeullutareiteu-1-1\/#breadcrumb"},"inLanguage":"ko-KR","potentialAction":[{"@type":"ReadAction","target":["https:\/\/naturalpoland.com\/ko\/je-pum\/ui-yak-pum-won-ryo\/a-mi-no-san\/l-oreunitin-alpa-ketogeullutareiteu-1-1\/"]}]},{"@type":"ImageObject","inLanguage":"ko-KR","@id":"https:\/\/naturalpoland.com\/ko\/je-pum\/ui-yak-pum-won-ryo\/a-mi-no-san\/l-oreunitin-alpa-ketogeullutareiteu-1-1\/#primaryimage","url":"https:\/\/naturalpoland.com\/wp-content\/uploads\/2021\/05\/alpha-ketoglutarate-the-l-ornithine-1-1.png","contentUrl":"https:\/\/naturalpoland.com\/wp-content\/uploads\/2021\/05\/alpha-ketoglutarate-the-l-ornithine-1-1.png","width":1130,"height":798,"caption":"L-Ornithine Alpha Ketoglutarate 1:1"},{"@type":"BreadcrumbList","@id":"https:\/\/naturalpoland.com\/ko\/je-pum\/ui-yak-pum-won-ryo\/a-mi-no-san\/l-oreunitin-alpa-ketogeullutareiteu-1-1\/#breadcrumb","itemListElement":[{"@type":"ListItem","position":1,"name":"\ud648","item":"https:\/\/naturalpoland.com\/ko\/"},{"@type":"ListItem","position":2,"name":"\uc81c\ud488","item":"https:\/\/naturalpoland.com\/ko\/%ec%a0%9c%ed%92%88\/"},{"@type":"ListItem","position":3,"name":"L-\uc624\ub974\ub2c8\ud2f4 \uc54c\ud30c \ucf00\ud1a0\uae00\ub8e8\ud0c0\ub808\uc774\ud2b8 1:1"}]},{"@type":"WebSite","@id":"https:\/\/naturalpoland.com\/ko\/#website","url":"https:\/\/naturalpoland.com\/ko\/","name":"NATURAL POLAND - Hurtowy Dystrybutor Surowc\u00f3w","description":"Surowce dla przemys\u0142u spo\u017cywczego, kosmetycznego i farmaceutycznego","publisher":{"@id":"https:\/\/naturalpoland.com\/ko\/#organization"},"potentialAction":[{"@type":"SearchAction","target":{"@type":"EntryPoint","urlTemplate":"https:\/\/naturalpoland.com\/ko\/?s={search_term_string}"},"query-input":{"@type":"PropertyValueSpecification","valueRequired":true,"valueName":"search_term_string"}}],"inLanguage":"ko-KR"},{"@type":"Organization","@id":"https:\/\/naturalpoland.com\/ko\/#organization","name":"Natural Poland","url":"https:\/\/naturalpoland.com\/ko\/","logo":{"@type":"ImageObject","inLanguage":"ko-KR","@id":"https:\/\/naturalpoland.com\/ko\/#\/schema\/logo\/image\/","url":"https:\/\/naturalpoland.com\/wp-content\/uploads\/2021\/05\/natural-poland-icon.png","contentUrl":"https:\/\/naturalpoland.com\/wp-content\/uploads\/2021\/05\/natural-poland-icon.png","width":512,"height":512,"caption":"Natural Poland"},"image":{"@id":"https:\/\/naturalpoland.com\/ko\/#\/schema\/logo\/image\/"},"sameAs":["https:\/\/www.facebook.com\/naturalpoland.b2b","https:\/\/pl.linkedin.com\/company\/natural-poland","https:\/\/www.youtube.com\/channel\/UCgeGGkvOMahZo-xu_MSEWxg"]}]}},"_links":{"self":[{"href":"https:\/\/naturalpoland.com\/ko\/wp-json\/wp\/v2\/product\/41984","targetHints":{"allow":["GET"]}}],"collection":[{"href":"https:\/\/naturalpoland.com\/ko\/wp-json\/wp\/v2\/product"}],"about":[{"href":"https:\/\/naturalpoland.com\/ko\/wp-json\/wp\/v2\/types\/product"}],"wp:featuredmedia":[{"embeddable":true,"href":"https:\/\/naturalpoland.com\/ko\/wp-json\/wp\/v2\/media\/41985"}],"wp:attachment":[{"href":"https:\/\/naturalpoland.com\/ko\/wp-json\/wp\/v2\/media?parent=41984"}],"wp:term":[{"taxonomy":"product_brand","embeddable":true,"href":"https:\/\/naturalpoland.com\/ko\/wp-json\/wp\/v2\/product_brand?post=41984"},{"taxonomy":"product_cat","embeddable":true,"href":"https:\/\/naturalpoland.com\/ko\/wp-json\/wp\/v2\/product_cat?post=41984"},{"taxonomy":"product_tag","embeddable":true,"href":"https:\/\/naturalpoland.com\/ko\/wp-json\/wp\/v2\/product_tag?post=41984"}],"curies":[{"name":"wp","href":"https:\/\/api.w.org\/{rel}","templated":true}]}}