{"id":41990,"date":"2021-05-11T13:55:24","date_gmt":"2021-05-11T11:55:24","guid":{"rendered":"https:\/\/naturalpoland.com\/produkty\/uncategorized\/%ec%b2%9c%ec%97%b0-%eb%b9%84%ed%83%80%eb%af%bc-e-30-%eb%b6%84%eb%a7%90\/"},"modified":"2025-07-16T15:24:12","modified_gmt":"2025-07-16T13:24:12","slug":"cheonnyeon-bitamin-e-30-bunmal","status":"publish","type":"product","link":"https:\/\/naturalpoland.com\/ko\/je-pum\/ui-yak-pum-won-ryo\/bi-ta-min\/cheonnyeon-bitamin-e-30-bunmal\/","title":{"rendered":"\ucc9c\uc5f0 \ube44\ud0c0\ubbfc E 30% \ubd84\ub9d0"},"content":{"rendered":"<p>\uc804\uc2e0\uc5d0 \ubbf8\uce58\ub294 \uc601\ud5a5:<br \/>\n\ube44\ud0c0\ubbfc E\ub294 \uac04 \uac74\uac15\uc744 \uc9c0\uc6d0\ud558\ub294 \ub370 \uc0ac\uc6a9\ub420 \uc218 \uc788\uc2b5\ub2c8\ub2e4. \ub610\ud55c \uc2dc\ub825 \uc0c1\uc2e4 \ubc0f \uc5f0\ub839 \uad00\ub828 \ud669\ubc18\ubcc0\uc131 \uc608\ubc29\uc5d0\ub3c4 \uc801\uc6a9\ub429\ub2c8\ub2e4. \uac15\ub825\ud55c \ud56d\uc0b0\ud654\uc81c\uc774\uae30 \ub54c\ubb38\uc5d0 \ub1cc\uc640 \ud608\uad00\uc744 \ud65c\uc131\uc0b0\uc18c\ub85c\ubd80\ud130 \ubcf4\ud638\ud569\ub2c8\ub2e4. \ube44\uc54c\ucf54\uc62c\uc131 \uc9c0\ubc29\uac04\uc744 \uc904\uc774\ub294 \ub370\ub3c4 \uc0ac\uc6a9\ud560 \uc218 \uc788\uc2b5\ub2c8\ub2e4. \ube44\ud0c0\ubbfc E \uacb0\ud54d\uc740 \uc9d1\uc911\ub825 \ubc0f \uade0\ud615 \ubb38\uc81c\ub85c \uc774\uc5b4\uc9c8 \uc218 \uc788\uc2b5\ub2c8\ub2e4.<\/p>\n","protected":false},"excerpt":{"rendered":"<p><strong>\ucc9c\uc5f0 \ube44\ud0c0\ubbfc E 30% \ubd84\ub9d0<\/strong>\uc740 \ud6cc\ub96d\ud55c \uc2dd\uc774 \ubcf4\ucda9\uc81c\uc774\uc790 \uc2a4\ud0a8\ucf00\uc5b4 \uc81c\ud488\uc758 \ucca8\uac00\uc81c\uc785\ub2c8\ub2e4. \ube44\ud0c0\ubbfc E\ub294 \ud53c\ubd80\uc5d0 \uae4a\uc740 \ubcf4\uc2b5\uc744 \uc81c\uacf5\ud569\ub2c8\ub2e4. \ub610\ud55c \ud53c\ubd80\uc5d0 \uc801\uc808\ud55c \uc720\ubd84 \uacf5\uae09\uc744 \ubcf4\uc7a5\ud558\uace0 \uae30\uc0c1 \uc870\uac74\uc758 \uc601\ud5a5\uc73c\ub85c\ubd80\ud130 \ubcf4\ud638\ud558\ub294 \ucf54\ud305\uc744 \ud615\uc131\ud558\ub294 \ub370 \ub3c4\uc6c0\uc774 \ub429\ub2c8\ub2e4.<\/p>\n","protected":false},"featured_media":41991,"template":"","meta":{"_acf_changed":false},"product_brand":[],"product_cat":[8145],"product_tag":[],"class_list":{"0":"post-41990","1":"product","2":"type-product","3":"status-publish","4":"has-post-thumbnail","6":"product_cat-bi-ta-min","8":"first","9":"instock","10":"shipping-taxable","11":"product-type-simple"},"acf":[],"yoast_head":"<!-- This site is optimized with the Yoast SEO plugin v27.4 - https:\/\/yoast.com\/product\/yoast-seo-wordpress\/ -->\n<title>\ucc9c\uc5f0 \ube44\ud0c0\ubbfc E 30% \ubd84\ub9d0 - Hurtowy Dystrybutor<\/title>\n<meta name=\"robots\" content=\"index, follow, max-snippet:-1, max-image-preview:large, max-video-preview:-1\" \/>\n<link rel=\"canonical\" href=\"https:\/\/naturalpoland.com\/ko\/je-pum\/ui-yak-pum-won-ryo\/bi-ta-min\/cheonnyeon-bitamin-e-30-bunmal\/\" \/>\n<meta property=\"og:locale\" content=\"ko_KR\" \/>\n<meta property=\"og:type\" content=\"article\" \/>\n<meta property=\"og:title\" content=\"\ucc9c\uc5f0 \ube44\ud0c0\ubbfc E 30% \ubd84\ub9d0 - Hurtowy Dystrybutor\" \/>\n<meta property=\"og:description\" content=\"\ucc9c\uc5f0 \ube44\ud0c0\ubbfc E 30% \ubd84\ub9d0\uc740 \ud6cc\ub96d\ud55c \uc2dd\uc774 \ubcf4\ucda9\uc81c\uc774\uc790 \uc2a4\ud0a8\ucf00\uc5b4 \uc81c\ud488\uc758 \ucca8\uac00\uc81c\uc785\ub2c8\ub2e4. \ube44\ud0c0\ubbfc E\ub294 \ud53c\ubd80\uc5d0 \uae4a\uc740 \ubcf4\uc2b5\uc744 \uc81c\uacf5\ud569\ub2c8\ub2e4. \ub610\ud55c \ud53c\ubd80\uc5d0 \uc801\uc808\ud55c \uc720\ubd84 \uacf5\uae09\uc744 \ubcf4\uc7a5\ud558\uace0 \uae30\uc0c1 \uc870\uac74\uc758 \uc601\ud5a5\uc73c\ub85c\ubd80\ud130 \ubcf4\ud638\ud558\ub294 \ucf54\ud305\uc744 \ud615\uc131\ud558\ub294 \ub370 \ub3c4\uc6c0\uc774 \ub429\ub2c8\ub2e4.\" \/>\n<meta property=\"og:url\" content=\"https:\/\/naturalpoland.com\/ko\/je-pum\/ui-yak-pum-won-ryo\/bi-ta-min\/cheonnyeon-bitamin-e-30-bunmal\/\" \/>\n<meta property=\"og:site_name\" content=\"NATURAL POLAND - Hurtowy Dystrybutor Surowc\u00f3w\" \/>\n<meta property=\"article:publisher\" content=\"https:\/\/www.facebook.com\/naturalpoland.b2b\" \/>\n<meta property=\"article:modified_time\" content=\"2025-07-16T13:24:12+00:00\" \/>\n<meta property=\"og:image\" content=\"https:\/\/naturalpoland.com\/wp-content\/uploads\/2021\/05\/the-powder-of-natural-vitamin-e-30-scaled.jpg\" \/>\n\t<meta property=\"og:image:width\" content=\"2560\" \/>\n\t<meta property=\"og:image:height\" content=\"2560\" \/>\n\t<meta property=\"og:image:type\" content=\"image\/jpeg\" \/>\n<script type=\"application\/ld+json\" class=\"yoast-schema-graph\">{\"@context\":\"https:\\\/\\\/schema.org\",\"@graph\":[{\"@type\":\"WebPage\",\"@id\":\"https:\\\/\\\/naturalpoland.com\\\/ko\\\/je-pum\\\/ui-yak-pum-won-ryo\\\/bi-ta-min\\\/cheonnyeon-bitamin-e-30-bunmal\\\/\",\"url\":\"https:\\\/\\\/naturalpoland.com\\\/ko\\\/je-pum\\\/ui-yak-pum-won-ryo\\\/bi-ta-min\\\/cheonnyeon-bitamin-e-30-bunmal\\\/\",\"name\":\"\ucc9c\uc5f0 \ube44\ud0c0\ubbfc E 30% \ubd84\ub9d0 - Hurtowy Dystrybutor\",\"isPartOf\":{\"@id\":\"https:\\\/\\\/naturalpoland.com\\\/ko\\\/#website\"},\"primaryImageOfPage\":{\"@id\":\"https:\\\/\\\/naturalpoland.com\\\/ko\\\/je-pum\\\/ui-yak-pum-won-ryo\\\/bi-ta-min\\\/cheonnyeon-bitamin-e-30-bunmal\\\/#primaryimage\"},\"image\":{\"@id\":\"https:\\\/\\\/naturalpoland.com\\\/ko\\\/je-pum\\\/ui-yak-pum-won-ryo\\\/bi-ta-min\\\/cheonnyeon-bitamin-e-30-bunmal\\\/#primaryimage\"},\"thumbnailUrl\":\"https:\\\/\\\/naturalpoland.com\\\/wp-content\\\/uploads\\\/2021\\\/05\\\/the-powder-of-natural-vitamin-e-30-scaled.jpg\",\"datePublished\":\"2021-05-11T11:55:24+00:00\",\"dateModified\":\"2025-07-16T13:24:12+00:00\",\"breadcrumb\":{\"@id\":\"https:\\\/\\\/naturalpoland.com\\\/ko\\\/je-pum\\\/ui-yak-pum-won-ryo\\\/bi-ta-min\\\/cheonnyeon-bitamin-e-30-bunmal\\\/#breadcrumb\"},\"inLanguage\":\"ko-KR\",\"potentialAction\":[{\"@type\":\"ReadAction\",\"target\":[\"https:\\\/\\\/naturalpoland.com\\\/ko\\\/je-pum\\\/ui-yak-pum-won-ryo\\\/bi-ta-min\\\/cheonnyeon-bitamin-e-30-bunmal\\\/\"]}]},{\"@type\":\"ImageObject\",\"inLanguage\":\"ko-KR\",\"@id\":\"https:\\\/\\\/naturalpoland.com\\\/ko\\\/je-pum\\\/ui-yak-pum-won-ryo\\\/bi-ta-min\\\/cheonnyeon-bitamin-e-30-bunmal\\\/#primaryimage\",\"url\":\"https:\\\/\\\/naturalpoland.com\\\/wp-content\\\/uploads\\\/2021\\\/05\\\/the-powder-of-natural-vitamin-e-30-scaled.jpg\",\"contentUrl\":\"https:\\\/\\\/naturalpoland.com\\\/wp-content\\\/uploads\\\/2021\\\/05\\\/the-powder-of-natural-vitamin-e-30-scaled.jpg\",\"width\":2560,\"height\":2560,\"caption\":\"Proszek z naturalnej witaminy E 30%\"},{\"@type\":\"BreadcrumbList\",\"@id\":\"https:\\\/\\\/naturalpoland.com\\\/ko\\\/je-pum\\\/ui-yak-pum-won-ryo\\\/bi-ta-min\\\/cheonnyeon-bitamin-e-30-bunmal\\\/#breadcrumb\",\"itemListElement\":[{\"@type\":\"ListItem\",\"position\":1,\"name\":\"\ud648\",\"item\":\"https:\\\/\\\/naturalpoland.com\\\/ko\\\/\"},{\"@type\":\"ListItem\",\"position\":2,\"name\":\"\uc81c\ud488\",\"item\":\"https:\\\/\\\/naturalpoland.com\\\/ko\\\/%ec%a0%9c%ed%92%88\\\/\"},{\"@type\":\"ListItem\",\"position\":3,\"name\":\"\ucc9c\uc5f0 \ube44\ud0c0\ubbfc E 30% \ubd84\ub9d0\"}]},{\"@type\":\"WebSite\",\"@id\":\"https:\\\/\\\/naturalpoland.com\\\/ko\\\/#website\",\"url\":\"https:\\\/\\\/naturalpoland.com\\\/ko\\\/\",\"name\":\"NATURAL POLAND - Hurtowy Dystrybutor Surowc\u00f3w\",\"description\":\"Surowce dla przemys\u0142u spo\u017cywczego, kosmetycznego i farmaceutycznego\",\"publisher\":{\"@id\":\"https:\\\/\\\/naturalpoland.com\\\/ko\\\/#organization\"},\"potentialAction\":[{\"@type\":\"SearchAction\",\"target\":{\"@type\":\"EntryPoint\",\"urlTemplate\":\"https:\\\/\\\/naturalpoland.com\\\/ko\\\/?s={search_term_string}\"},\"query-input\":{\"@type\":\"PropertyValueSpecification\",\"valueRequired\":true,\"valueName\":\"search_term_string\"}}],\"inLanguage\":\"ko-KR\"},{\"@type\":\"Organization\",\"@id\":\"https:\\\/\\\/naturalpoland.com\\\/ko\\\/#organization\",\"name\":\"Natural Poland\",\"url\":\"https:\\\/\\\/naturalpoland.com\\\/ko\\\/\",\"logo\":{\"@type\":\"ImageObject\",\"inLanguage\":\"ko-KR\",\"@id\":\"https:\\\/\\\/naturalpoland.com\\\/ko\\\/#\\\/schema\\\/logo\\\/image\\\/\",\"url\":\"https:\\\/\\\/naturalpoland.com\\\/wp-content\\\/uploads\\\/2021\\\/05\\\/natural-poland-icon.png\",\"contentUrl\":\"https:\\\/\\\/naturalpoland.com\\\/wp-content\\\/uploads\\\/2021\\\/05\\\/natural-poland-icon.png\",\"width\":512,\"height\":512,\"caption\":\"Natural Poland\"},\"image\":{\"@id\":\"https:\\\/\\\/naturalpoland.com\\\/ko\\\/#\\\/schema\\\/logo\\\/image\\\/\"},\"sameAs\":[\"https:\\\/\\\/www.facebook.com\\\/naturalpoland.b2b\",\"https:\\\/\\\/pl.linkedin.com\\\/company\\\/natural-poland\",\"https:\\\/\\\/www.youtube.com\\\/channel\\\/UCgeGGkvOMahZo-xu_MSEWxg\"]}]}<\/script>\n<!-- \/ Yoast SEO plugin. -->","yoast_head_json":{"title":"\ucc9c\uc5f0 \ube44\ud0c0\ubbfc E 30% \ubd84\ub9d0 - Hurtowy Dystrybutor","robots":{"index":"index","follow":"follow","max-snippet":"max-snippet:-1","max-image-preview":"max-image-preview:large","max-video-preview":"max-video-preview:-1"},"canonical":"https:\/\/naturalpoland.com\/ko\/je-pum\/ui-yak-pum-won-ryo\/bi-ta-min\/cheonnyeon-bitamin-e-30-bunmal\/","og_locale":"ko_KR","og_type":"article","og_title":"\ucc9c\uc5f0 \ube44\ud0c0\ubbfc E 30% \ubd84\ub9d0 - Hurtowy Dystrybutor","og_description":"\ucc9c\uc5f0 \ube44\ud0c0\ubbfc E 30% \ubd84\ub9d0\uc740 \ud6cc\ub96d\ud55c \uc2dd\uc774 \ubcf4\ucda9\uc81c\uc774\uc790 \uc2a4\ud0a8\ucf00\uc5b4 \uc81c\ud488\uc758 \ucca8\uac00\uc81c\uc785\ub2c8\ub2e4. \ube44\ud0c0\ubbfc E\ub294 \ud53c\ubd80\uc5d0 \uae4a\uc740 \ubcf4\uc2b5\uc744 \uc81c\uacf5\ud569\ub2c8\ub2e4. \ub610\ud55c \ud53c\ubd80\uc5d0 \uc801\uc808\ud55c \uc720\ubd84 \uacf5\uae09\uc744 \ubcf4\uc7a5\ud558\uace0 \uae30\uc0c1 \uc870\uac74\uc758 \uc601\ud5a5\uc73c\ub85c\ubd80\ud130 \ubcf4\ud638\ud558\ub294 \ucf54\ud305\uc744 \ud615\uc131\ud558\ub294 \ub370 \ub3c4\uc6c0\uc774 \ub429\ub2c8\ub2e4.","og_url":"https:\/\/naturalpoland.com\/ko\/je-pum\/ui-yak-pum-won-ryo\/bi-ta-min\/cheonnyeon-bitamin-e-30-bunmal\/","og_site_name":"NATURAL POLAND - Hurtowy Dystrybutor Surowc\u00f3w","article_publisher":"https:\/\/www.facebook.com\/naturalpoland.b2b","article_modified_time":"2025-07-16T13:24:12+00:00","og_image":[{"width":2560,"height":2560,"url":"https:\/\/naturalpoland.com\/wp-content\/uploads\/2021\/05\/the-powder-of-natural-vitamin-e-30-scaled.jpg","type":"image\/jpeg"}],"schema":{"@context":"https:\/\/schema.org","@graph":[{"@type":"WebPage","@id":"https:\/\/naturalpoland.com\/ko\/je-pum\/ui-yak-pum-won-ryo\/bi-ta-min\/cheonnyeon-bitamin-e-30-bunmal\/","url":"https:\/\/naturalpoland.com\/ko\/je-pum\/ui-yak-pum-won-ryo\/bi-ta-min\/cheonnyeon-bitamin-e-30-bunmal\/","name":"\ucc9c\uc5f0 \ube44\ud0c0\ubbfc E 30% \ubd84\ub9d0 - Hurtowy Dystrybutor","isPartOf":{"@id":"https:\/\/naturalpoland.com\/ko\/#website"},"primaryImageOfPage":{"@id":"https:\/\/naturalpoland.com\/ko\/je-pum\/ui-yak-pum-won-ryo\/bi-ta-min\/cheonnyeon-bitamin-e-30-bunmal\/#primaryimage"},"image":{"@id":"https:\/\/naturalpoland.com\/ko\/je-pum\/ui-yak-pum-won-ryo\/bi-ta-min\/cheonnyeon-bitamin-e-30-bunmal\/#primaryimage"},"thumbnailUrl":"https:\/\/naturalpoland.com\/wp-content\/uploads\/2021\/05\/the-powder-of-natural-vitamin-e-30-scaled.jpg","datePublished":"2021-05-11T11:55:24+00:00","dateModified":"2025-07-16T13:24:12+00:00","breadcrumb":{"@id":"https:\/\/naturalpoland.com\/ko\/je-pum\/ui-yak-pum-won-ryo\/bi-ta-min\/cheonnyeon-bitamin-e-30-bunmal\/#breadcrumb"},"inLanguage":"ko-KR","potentialAction":[{"@type":"ReadAction","target":["https:\/\/naturalpoland.com\/ko\/je-pum\/ui-yak-pum-won-ryo\/bi-ta-min\/cheonnyeon-bitamin-e-30-bunmal\/"]}]},{"@type":"ImageObject","inLanguage":"ko-KR","@id":"https:\/\/naturalpoland.com\/ko\/je-pum\/ui-yak-pum-won-ryo\/bi-ta-min\/cheonnyeon-bitamin-e-30-bunmal\/#primaryimage","url":"https:\/\/naturalpoland.com\/wp-content\/uploads\/2021\/05\/the-powder-of-natural-vitamin-e-30-scaled.jpg","contentUrl":"https:\/\/naturalpoland.com\/wp-content\/uploads\/2021\/05\/the-powder-of-natural-vitamin-e-30-scaled.jpg","width":2560,"height":2560,"caption":"Proszek z naturalnej witaminy E 30%"},{"@type":"BreadcrumbList","@id":"https:\/\/naturalpoland.com\/ko\/je-pum\/ui-yak-pum-won-ryo\/bi-ta-min\/cheonnyeon-bitamin-e-30-bunmal\/#breadcrumb","itemListElement":[{"@type":"ListItem","position":1,"name":"\ud648","item":"https:\/\/naturalpoland.com\/ko\/"},{"@type":"ListItem","position":2,"name":"\uc81c\ud488","item":"https:\/\/naturalpoland.com\/ko\/%ec%a0%9c%ed%92%88\/"},{"@type":"ListItem","position":3,"name":"\ucc9c\uc5f0 \ube44\ud0c0\ubbfc E 30% \ubd84\ub9d0"}]},{"@type":"WebSite","@id":"https:\/\/naturalpoland.com\/ko\/#website","url":"https:\/\/naturalpoland.com\/ko\/","name":"NATURAL POLAND - Hurtowy Dystrybutor Surowc\u00f3w","description":"Surowce dla przemys\u0142u spo\u017cywczego, kosmetycznego i farmaceutycznego","publisher":{"@id":"https:\/\/naturalpoland.com\/ko\/#organization"},"potentialAction":[{"@type":"SearchAction","target":{"@type":"EntryPoint","urlTemplate":"https:\/\/naturalpoland.com\/ko\/?s={search_term_string}"},"query-input":{"@type":"PropertyValueSpecification","valueRequired":true,"valueName":"search_term_string"}}],"inLanguage":"ko-KR"},{"@type":"Organization","@id":"https:\/\/naturalpoland.com\/ko\/#organization","name":"Natural Poland","url":"https:\/\/naturalpoland.com\/ko\/","logo":{"@type":"ImageObject","inLanguage":"ko-KR","@id":"https:\/\/naturalpoland.com\/ko\/#\/schema\/logo\/image\/","url":"https:\/\/naturalpoland.com\/wp-content\/uploads\/2021\/05\/natural-poland-icon.png","contentUrl":"https:\/\/naturalpoland.com\/wp-content\/uploads\/2021\/05\/natural-poland-icon.png","width":512,"height":512,"caption":"Natural Poland"},"image":{"@id":"https:\/\/naturalpoland.com\/ko\/#\/schema\/logo\/image\/"},"sameAs":["https:\/\/www.facebook.com\/naturalpoland.b2b","https:\/\/pl.linkedin.com\/company\/natural-poland","https:\/\/www.youtube.com\/channel\/UCgeGGkvOMahZo-xu_MSEWxg"]}]}},"_links":{"self":[{"href":"https:\/\/naturalpoland.com\/ko\/wp-json\/wp\/v2\/product\/41990","targetHints":{"allow":["GET"]}}],"collection":[{"href":"https:\/\/naturalpoland.com\/ko\/wp-json\/wp\/v2\/product"}],"about":[{"href":"https:\/\/naturalpoland.com\/ko\/wp-json\/wp\/v2\/types\/product"}],"wp:featuredmedia":[{"embeddable":true,"href":"https:\/\/naturalpoland.com\/ko\/wp-json\/wp\/v2\/media\/41991"}],"wp:attachment":[{"href":"https:\/\/naturalpoland.com\/ko\/wp-json\/wp\/v2\/media?parent=41990"}],"wp:term":[{"taxonomy":"product_brand","embeddable":true,"href":"https:\/\/naturalpoland.com\/ko\/wp-json\/wp\/v2\/product_brand?post=41990"},{"taxonomy":"product_cat","embeddable":true,"href":"https:\/\/naturalpoland.com\/ko\/wp-json\/wp\/v2\/product_cat?post=41990"},{"taxonomy":"product_tag","embeddable":true,"href":"https:\/\/naturalpoland.com\/ko\/wp-json\/wp\/v2\/product_tag?post=41990"}],"curies":[{"name":"wp","href":"https:\/\/api.w.org\/{rel}","templated":true}]}}