{"id":41994,"date":"2025-01-14T12:16:38","date_gmt":"2025-01-14T11:16:38","guid":{"rendered":"https:\/\/naturalpoland.com\/produkty\/uncategorized\/%eb%b9%84%ed%83%80%eb%af%bc-b1\/"},"modified":"2025-07-16T15:22:47","modified_gmt":"2025-07-16T13:22:47","slug":"bitamin-b1","status":"publish","type":"product","link":"https:\/\/naturalpoland.com\/ko\/je-pum\/ui-yak-pum-won-ryo\/bi-ta-min\/bitamin-b1\/","title":{"rendered":"\ube44\ud0c0\ubbfc B1"},"content":{"rendered":"<h2>\ube44\ud0c0\ubbfc B1\uc758 \ud2b9\uc131<\/h2>\n<p>\ud2f0\uc544\ubbfc\uc740 \uc138\ud3ec \ubbf8\ud1a0\ucf58\ub4dc\ub9ac\uc544\uc758 \uc801\uc808\ud55c \uae30\ub2a5\uc5d0 \ud544\uc218\uc801\uc778 <strong>\ud0c4\uc218\ud654\ubb3c\uc744 \uc5d0\ub108\uc9c0\ub85c \uc804\ud658<\/strong>\ud558\ub294 \ub370 \uc911\uc694\ud55c \uc5ed\ud560\uc744 \ud569\ub2c8\ub2e4. \ub610\ud55c \uc2e0\uacbd \uc804\ub3c4\uc5d0 \ucc38\uc5ec\ud558\uc5ec \ub1cc\uc640 \uc2e0\uacbd\uacc4\uc758 \uc801\uc808\ud55c \uae30\ub2a5\uc744 \uc9c0\uc6d0\ud558\ubbc0\ub85c <strong>\uc2e0\uacbd\uacc4 \uac74\uac15<\/strong>\uc5d0\ub3c4 \uc911\uc694\ud569\ub2c8\ub2e4. \ud2f0\uc544\ubbfc \uacb0\ud54d\uc740 \uc2e0\uacbd\ubcd1\uc99d \ubc0f \uc9d1\uc911\ub825 \uc7a5\uc560\ub85c \uc774\uc5b4\uc9c8 \uc218 \uc788\uc2b5\ub2c8\ub2e4.<\/p>\n<p>\uc2ec\ud608\uad00 \uc2dc\uc2a4\ud15c\uacfc \uad00\ub828\ud558\uc5ec \ud2f0\uc544\ubbfc\uc740 <strong>\uc815\uc0c1\uc801\uc778 \uc2ec\uc7a5 \ubc15\ub3d9<\/strong>\uc744 \uc720\uc9c0\ud558\uace0 \uc2ec\uc7a5 \uadfc\uc721 \uae30\ub2a5\uc744 \uc9c0\uc6d0\ud558\ub294 \ub370 \ub3c4\uc6c0\uc774 \ub418\uba70, \ud2f0\uc544\ubbfc \uacb0\ud54d\uc740 \uadfc\uc721 \uc57d\ud654 \ubc0f \uc21c\ud658 \ubb38\uc81c\ub85c \uc774\uc5b4\uc9c8 \uc218 \uc788\uc2b5\ub2c8\ub2e4.<\/p>\n<p>\ud2f0\uc544\ubbfc\uc740 \ub610\ud55c \ud2f0\uc544\ubbfc \uacb0\ud54d\uc73c\ub85c \uc778\ud55c \uc9c8\ubcd1\uc778 <strong>\uac01\uae30\ubcd1 \uce58\ub8cc<\/strong>\uc5d0\ub3c4 \uc0ac\uc6a9\ub418\uba70, \uc774\ub294 \uc1e0\uc57d, \uccb4\uc911 \uac10\uc18c \ubc0f \uc2ec\uc7a5 \uae30\ub2a5 \uc7a5\uc560\ub85c \ub098\ud0c0\ub0a9\ub2c8\ub2e4.<\/p>\n<h2>\uc801\uc6a9<\/h2>\n<p>\ub610\ud55c <strong>\ube44\ud0c0\ubbfc \uc81c\uc81c<\/strong>, <strong>\uc2dd\uc774 \ubcf4\ucda9\uc81c<\/strong> \ubc0f <strong>\uc2a4\ud3ec\uce20 \uc601\uc591\uc81c<\/strong>\ub97c \ud3ec\ud568\ud55c \uae30\ub2a5\uc131 \uc2dd\ud488\uc758 \ucca8\uac00\uc81c\ub85c \ubcf4\ucda9\uc81c \ubc0f \uc758\uc57d\ud488\uc5d0 \ub110\ub9ac \uc0ac\uc6a9\ub429\ub2c8\ub2e4.<\/p>\n<p>\ud2f0\uc544\ubbfc\uc740 \ube44\ud0c0\ubbfc B \uacb0\ud54d \uce58\ub8cc\uc5d0 \uc911\uc694\ud55c \uc5ed\ud560\uc744 \ud558\uba70 \uc2e0\uccb4\uc758 \uc804\ubc18\uc801\uc778 \uac74\uac15 \uc0c1\ud0dc\ub97c \uc9c0\uc6d0\ud569\ub2c8\ub2e4.<\/p>\n","protected":false},"excerpt":{"rendered":"<p><strong>\ube44\ud0c0\ubbfc B1<\/strong>\uc740 <strong>\ud2f0\uc544\ubbfc<\/strong>(<em><strong>\ud2f0\uc544\ubbfc \uc5fc\uc0b0\uc5fc<\/strong><\/em>)\uc73c\ub85c\ub3c4 \uc54c\ub824\uc838 \uc788\uc73c\uba70, \uc2e0\uccb4\uc758 \uc801\uc808\ud55c \uae30\ub2a5\uc5d0 \ud544\uc218\uc801\uc778 \uc218\uc6a9\uc131 \ube44\ud0c0\ubbfc B\uad70\uc785\ub2c8\ub2e4. \ud2f0\uc544\ubbfc\uc740 \ud0c4\uc218\ud654\ubb3c \ub300\uc0ac\uc5d0 \uc911\uc694\ud55c \uc5ed\ud560\uc744 \ud558\uba70, \ud3ec\ub3c4\ub2f9\uc744 \uc5d0\ub108\uc9c0\ub85c \uc804\ud658\ud558\uace0 \uc2e0\uacbd\uacc4 \uac74\uac15\uc744 \uc720\uc9c0\ud558\ub294 \ub370 \ub3c4\uc6c0\uc744 \uc90d\ub2c8\ub2e4.<\/p>\n","protected":false},"featured_media":41995,"template":"","meta":{"_acf_changed":false},"product_brand":[],"product_cat":[8145],"product_tag":[],"class_list":{"0":"post-41994","1":"product","2":"type-product","3":"status-publish","4":"has-post-thumbnail","6":"product_cat-bi-ta-min","8":"first","9":"instock","10":"shipping-taxable","11":"product-type-simple"},"acf":[],"yoast_head":"<!-- This site is optimized with the Yoast SEO plugin v27.4 - https:\/\/yoast.com\/product\/yoast-seo-wordpress\/ -->\n<title>\ube44\ud0c0\ubbfc B1 - \uc6d0\uc790\uc7ac \ub3c4\ub9e4 \uc720\ud1b5\uc5c5\uccb4 - NATURAL POLAND - Hurtowy Dystrybutor Surowc\u00f3w<\/title>\n<meta name=\"description\" content=\"\ube44\ud0c0\ubbfc B1\uc740 \uc2dd\uc774 \ubcf4\ucda9\uc81c, \uc758\uc57d\ud488 \ubc0f \uae30\ub2a5\uc131 \uc81c\ud488\uc5d0 \uad11\ubc94\uc704\ud558\uac8c \uc0ac\uc6a9\ub418\ub294 \ub2e4\uc7ac\ub2e4\ub2a5\ud558\uace0 \uace0\ud488\uc9c8\uc758 \uc6d0\ub8cc\uc785\ub2c8\ub2e4.\" \/>\n<meta name=\"robots\" content=\"index, follow, max-snippet:-1, max-image-preview:large, max-video-preview:-1\" \/>\n<link rel=\"canonical\" href=\"https:\/\/naturalpoland.com\/ko\/je-pum\/ui-yak-pum-won-ryo\/bi-ta-min\/bitamin-b1\/\" \/>\n<meta property=\"og:locale\" content=\"ko_KR\" \/>\n<meta property=\"og:type\" content=\"article\" \/>\n<meta property=\"og:title\" content=\"\ube44\ud0c0\ubbfc B1 - \uc6d0\uc790\uc7ac \ub3c4\ub9e4 \uc720\ud1b5\uc5c5\uccb4 - NATURAL POLAND - Hurtowy Dystrybutor Surowc\u00f3w\" \/>\n<meta property=\"og:description\" content=\"\ube44\ud0c0\ubbfc B1\uc740 \uc2dd\uc774 \ubcf4\ucda9\uc81c, \uc758\uc57d\ud488 \ubc0f \uae30\ub2a5\uc131 \uc81c\ud488\uc5d0 \uad11\ubc94\uc704\ud558\uac8c \uc0ac\uc6a9\ub418\ub294 \ub2e4\uc7ac\ub2e4\ub2a5\ud558\uace0 \uace0\ud488\uc9c8\uc758 \uc6d0\ub8cc\uc785\ub2c8\ub2e4.\" \/>\n<meta property=\"og:url\" content=\"https:\/\/naturalpoland.com\/ko\/je-pum\/ui-yak-pum-won-ryo\/bi-ta-min\/bitamin-b1\/\" \/>\n<meta property=\"og:site_name\" content=\"NATURAL POLAND - Hurtowy Dystrybutor Surowc\u00f3w\" \/>\n<meta property=\"article:publisher\" content=\"https:\/\/www.facebook.com\/naturalpoland.b2b\" \/>\n<meta property=\"article:modified_time\" content=\"2025-07-16T13:22:47+00:00\" \/>\n<meta property=\"og:image\" content=\"https:\/\/naturalpoland.com\/wp-content\/uploads\/witamina-b1.webp\" \/>\n\t<meta property=\"og:image:width\" content=\"592\" \/>\n\t<meta property=\"og:image:height\" content=\"592\" \/>\n\t<meta property=\"og:image:type\" content=\"image\/webp\" \/>\n<script type=\"application\/ld+json\" class=\"yoast-schema-graph\">{\"@context\":\"https:\\\/\\\/schema.org\",\"@graph\":[{\"@type\":\"WebPage\",\"@id\":\"https:\\\/\\\/naturalpoland.com\\\/ko\\\/je-pum\\\/ui-yak-pum-won-ryo\\\/bi-ta-min\\\/bitamin-b1\\\/\",\"url\":\"https:\\\/\\\/naturalpoland.com\\\/ko\\\/je-pum\\\/ui-yak-pum-won-ryo\\\/bi-ta-min\\\/bitamin-b1\\\/\",\"name\":\"\ube44\ud0c0\ubbfc B1 - \uc6d0\uc790\uc7ac \ub3c4\ub9e4 \uc720\ud1b5\uc5c5\uccb4 - NATURAL POLAND - Hurtowy Dystrybutor Surowc\u00f3w\",\"isPartOf\":{\"@id\":\"https:\\\/\\\/naturalpoland.com\\\/ko\\\/#website\"},\"primaryImageOfPage\":{\"@id\":\"https:\\\/\\\/naturalpoland.com\\\/ko\\\/je-pum\\\/ui-yak-pum-won-ryo\\\/bi-ta-min\\\/bitamin-b1\\\/#primaryimage\"},\"image\":{\"@id\":\"https:\\\/\\\/naturalpoland.com\\\/ko\\\/je-pum\\\/ui-yak-pum-won-ryo\\\/bi-ta-min\\\/bitamin-b1\\\/#primaryimage\"},\"thumbnailUrl\":\"https:\\\/\\\/naturalpoland.com\\\/wp-content\\\/uploads\\\/witamina-b1.webp\",\"datePublished\":\"2025-01-14T11:16:38+00:00\",\"dateModified\":\"2025-07-16T13:22:47+00:00\",\"description\":\"\ube44\ud0c0\ubbfc B1\uc740 \uc2dd\uc774 \ubcf4\ucda9\uc81c, \uc758\uc57d\ud488 \ubc0f \uae30\ub2a5\uc131 \uc81c\ud488\uc5d0 \uad11\ubc94\uc704\ud558\uac8c \uc0ac\uc6a9\ub418\ub294 \ub2e4\uc7ac\ub2e4\ub2a5\ud558\uace0 \uace0\ud488\uc9c8\uc758 \uc6d0\ub8cc\uc785\ub2c8\ub2e4.\",\"breadcrumb\":{\"@id\":\"https:\\\/\\\/naturalpoland.com\\\/ko\\\/je-pum\\\/ui-yak-pum-won-ryo\\\/bi-ta-min\\\/bitamin-b1\\\/#breadcrumb\"},\"inLanguage\":\"ko-KR\",\"potentialAction\":[{\"@type\":\"ReadAction\",\"target\":[\"https:\\\/\\\/naturalpoland.com\\\/ko\\\/je-pum\\\/ui-yak-pum-won-ryo\\\/bi-ta-min\\\/bitamin-b1\\\/\"]}]},{\"@type\":\"ImageObject\",\"inLanguage\":\"ko-KR\",\"@id\":\"https:\\\/\\\/naturalpoland.com\\\/ko\\\/je-pum\\\/ui-yak-pum-won-ryo\\\/bi-ta-min\\\/bitamin-b1\\\/#primaryimage\",\"url\":\"https:\\\/\\\/naturalpoland.com\\\/wp-content\\\/uploads\\\/witamina-b1.webp\",\"contentUrl\":\"https:\\\/\\\/naturalpoland.com\\\/wp-content\\\/uploads\\\/witamina-b1.webp\",\"width\":592,\"height\":592,\"caption\":\"Witamina B1\"},{\"@type\":\"BreadcrumbList\",\"@id\":\"https:\\\/\\\/naturalpoland.com\\\/ko\\\/je-pum\\\/ui-yak-pum-won-ryo\\\/bi-ta-min\\\/bitamin-b1\\\/#breadcrumb\",\"itemListElement\":[{\"@type\":\"ListItem\",\"position\":1,\"name\":\"\ud648\",\"item\":\"https:\\\/\\\/naturalpoland.com\\\/ko\\\/\"},{\"@type\":\"ListItem\",\"position\":2,\"name\":\"\uc81c\ud488\",\"item\":\"https:\\\/\\\/naturalpoland.com\\\/ko\\\/%ec%a0%9c%ed%92%88\\\/\"},{\"@type\":\"ListItem\",\"position\":3,\"name\":\"\ube44\ud0c0\ubbfc B1\"}]},{\"@type\":\"WebSite\",\"@id\":\"https:\\\/\\\/naturalpoland.com\\\/ko\\\/#website\",\"url\":\"https:\\\/\\\/naturalpoland.com\\\/ko\\\/\",\"name\":\"NATURAL POLAND - Hurtowy Dystrybutor Surowc\u00f3w\",\"description\":\"Surowce dla przemys\u0142u spo\u017cywczego, kosmetycznego i farmaceutycznego\",\"publisher\":{\"@id\":\"https:\\\/\\\/naturalpoland.com\\\/ko\\\/#organization\"},\"potentialAction\":[{\"@type\":\"SearchAction\",\"target\":{\"@type\":\"EntryPoint\",\"urlTemplate\":\"https:\\\/\\\/naturalpoland.com\\\/ko\\\/?s={search_term_string}\"},\"query-input\":{\"@type\":\"PropertyValueSpecification\",\"valueRequired\":true,\"valueName\":\"search_term_string\"}}],\"inLanguage\":\"ko-KR\"},{\"@type\":\"Organization\",\"@id\":\"https:\\\/\\\/naturalpoland.com\\\/ko\\\/#organization\",\"name\":\"Natural Poland\",\"url\":\"https:\\\/\\\/naturalpoland.com\\\/ko\\\/\",\"logo\":{\"@type\":\"ImageObject\",\"inLanguage\":\"ko-KR\",\"@id\":\"https:\\\/\\\/naturalpoland.com\\\/ko\\\/#\\\/schema\\\/logo\\\/image\\\/\",\"url\":\"https:\\\/\\\/naturalpoland.com\\\/wp-content\\\/uploads\\\/2021\\\/05\\\/natural-poland-icon.png\",\"contentUrl\":\"https:\\\/\\\/naturalpoland.com\\\/wp-content\\\/uploads\\\/2021\\\/05\\\/natural-poland-icon.png\",\"width\":512,\"height\":512,\"caption\":\"Natural Poland\"},\"image\":{\"@id\":\"https:\\\/\\\/naturalpoland.com\\\/ko\\\/#\\\/schema\\\/logo\\\/image\\\/\"},\"sameAs\":[\"https:\\\/\\\/www.facebook.com\\\/naturalpoland.b2b\",\"https:\\\/\\\/pl.linkedin.com\\\/company\\\/natural-poland\",\"https:\\\/\\\/www.youtube.com\\\/channel\\\/UCgeGGkvOMahZo-xu_MSEWxg\"]}]}<\/script>\n<!-- \/ Yoast SEO plugin. -->","yoast_head_json":{"title":"\ube44\ud0c0\ubbfc B1 - \uc6d0\uc790\uc7ac \ub3c4\ub9e4 \uc720\ud1b5\uc5c5\uccb4 - NATURAL POLAND - Hurtowy Dystrybutor Surowc\u00f3w","description":"\ube44\ud0c0\ubbfc B1\uc740 \uc2dd\uc774 \ubcf4\ucda9\uc81c, \uc758\uc57d\ud488 \ubc0f \uae30\ub2a5\uc131 \uc81c\ud488\uc5d0 \uad11\ubc94\uc704\ud558\uac8c \uc0ac\uc6a9\ub418\ub294 \ub2e4\uc7ac\ub2e4\ub2a5\ud558\uace0 \uace0\ud488\uc9c8\uc758 \uc6d0\ub8cc\uc785\ub2c8\ub2e4.","robots":{"index":"index","follow":"follow","max-snippet":"max-snippet:-1","max-image-preview":"max-image-preview:large","max-video-preview":"max-video-preview:-1"},"canonical":"https:\/\/naturalpoland.com\/ko\/je-pum\/ui-yak-pum-won-ryo\/bi-ta-min\/bitamin-b1\/","og_locale":"ko_KR","og_type":"article","og_title":"\ube44\ud0c0\ubbfc B1 - \uc6d0\uc790\uc7ac \ub3c4\ub9e4 \uc720\ud1b5\uc5c5\uccb4 - NATURAL POLAND - Hurtowy Dystrybutor Surowc\u00f3w","og_description":"\ube44\ud0c0\ubbfc B1\uc740 \uc2dd\uc774 \ubcf4\ucda9\uc81c, \uc758\uc57d\ud488 \ubc0f \uae30\ub2a5\uc131 \uc81c\ud488\uc5d0 \uad11\ubc94\uc704\ud558\uac8c \uc0ac\uc6a9\ub418\ub294 \ub2e4\uc7ac\ub2e4\ub2a5\ud558\uace0 \uace0\ud488\uc9c8\uc758 \uc6d0\ub8cc\uc785\ub2c8\ub2e4.","og_url":"https:\/\/naturalpoland.com\/ko\/je-pum\/ui-yak-pum-won-ryo\/bi-ta-min\/bitamin-b1\/","og_site_name":"NATURAL POLAND - Hurtowy Dystrybutor Surowc\u00f3w","article_publisher":"https:\/\/www.facebook.com\/naturalpoland.b2b","article_modified_time":"2025-07-16T13:22:47+00:00","og_image":[{"width":592,"height":592,"url":"https:\/\/naturalpoland.com\/wp-content\/uploads\/witamina-b1.webp","type":"image\/webp"}],"schema":{"@context":"https:\/\/schema.org","@graph":[{"@type":"WebPage","@id":"https:\/\/naturalpoland.com\/ko\/je-pum\/ui-yak-pum-won-ryo\/bi-ta-min\/bitamin-b1\/","url":"https:\/\/naturalpoland.com\/ko\/je-pum\/ui-yak-pum-won-ryo\/bi-ta-min\/bitamin-b1\/","name":"\ube44\ud0c0\ubbfc B1 - \uc6d0\uc790\uc7ac \ub3c4\ub9e4 \uc720\ud1b5\uc5c5\uccb4 - NATURAL POLAND - Hurtowy Dystrybutor Surowc\u00f3w","isPartOf":{"@id":"https:\/\/naturalpoland.com\/ko\/#website"},"primaryImageOfPage":{"@id":"https:\/\/naturalpoland.com\/ko\/je-pum\/ui-yak-pum-won-ryo\/bi-ta-min\/bitamin-b1\/#primaryimage"},"image":{"@id":"https:\/\/naturalpoland.com\/ko\/je-pum\/ui-yak-pum-won-ryo\/bi-ta-min\/bitamin-b1\/#primaryimage"},"thumbnailUrl":"https:\/\/naturalpoland.com\/wp-content\/uploads\/witamina-b1.webp","datePublished":"2025-01-14T11:16:38+00:00","dateModified":"2025-07-16T13:22:47+00:00","description":"\ube44\ud0c0\ubbfc B1\uc740 \uc2dd\uc774 \ubcf4\ucda9\uc81c, \uc758\uc57d\ud488 \ubc0f \uae30\ub2a5\uc131 \uc81c\ud488\uc5d0 \uad11\ubc94\uc704\ud558\uac8c \uc0ac\uc6a9\ub418\ub294 \ub2e4\uc7ac\ub2e4\ub2a5\ud558\uace0 \uace0\ud488\uc9c8\uc758 \uc6d0\ub8cc\uc785\ub2c8\ub2e4.","breadcrumb":{"@id":"https:\/\/naturalpoland.com\/ko\/je-pum\/ui-yak-pum-won-ryo\/bi-ta-min\/bitamin-b1\/#breadcrumb"},"inLanguage":"ko-KR","potentialAction":[{"@type":"ReadAction","target":["https:\/\/naturalpoland.com\/ko\/je-pum\/ui-yak-pum-won-ryo\/bi-ta-min\/bitamin-b1\/"]}]},{"@type":"ImageObject","inLanguage":"ko-KR","@id":"https:\/\/naturalpoland.com\/ko\/je-pum\/ui-yak-pum-won-ryo\/bi-ta-min\/bitamin-b1\/#primaryimage","url":"https:\/\/naturalpoland.com\/wp-content\/uploads\/witamina-b1.webp","contentUrl":"https:\/\/naturalpoland.com\/wp-content\/uploads\/witamina-b1.webp","width":592,"height":592,"caption":"Witamina B1"},{"@type":"BreadcrumbList","@id":"https:\/\/naturalpoland.com\/ko\/je-pum\/ui-yak-pum-won-ryo\/bi-ta-min\/bitamin-b1\/#breadcrumb","itemListElement":[{"@type":"ListItem","position":1,"name":"\ud648","item":"https:\/\/naturalpoland.com\/ko\/"},{"@type":"ListItem","position":2,"name":"\uc81c\ud488","item":"https:\/\/naturalpoland.com\/ko\/%ec%a0%9c%ed%92%88\/"},{"@type":"ListItem","position":3,"name":"\ube44\ud0c0\ubbfc B1"}]},{"@type":"WebSite","@id":"https:\/\/naturalpoland.com\/ko\/#website","url":"https:\/\/naturalpoland.com\/ko\/","name":"NATURAL POLAND - Hurtowy Dystrybutor Surowc\u00f3w","description":"Surowce dla przemys\u0142u spo\u017cywczego, kosmetycznego i farmaceutycznego","publisher":{"@id":"https:\/\/naturalpoland.com\/ko\/#organization"},"potentialAction":[{"@type":"SearchAction","target":{"@type":"EntryPoint","urlTemplate":"https:\/\/naturalpoland.com\/ko\/?s={search_term_string}"},"query-input":{"@type":"PropertyValueSpecification","valueRequired":true,"valueName":"search_term_string"}}],"inLanguage":"ko-KR"},{"@type":"Organization","@id":"https:\/\/naturalpoland.com\/ko\/#organization","name":"Natural Poland","url":"https:\/\/naturalpoland.com\/ko\/","logo":{"@type":"ImageObject","inLanguage":"ko-KR","@id":"https:\/\/naturalpoland.com\/ko\/#\/schema\/logo\/image\/","url":"https:\/\/naturalpoland.com\/wp-content\/uploads\/2021\/05\/natural-poland-icon.png","contentUrl":"https:\/\/naturalpoland.com\/wp-content\/uploads\/2021\/05\/natural-poland-icon.png","width":512,"height":512,"caption":"Natural Poland"},"image":{"@id":"https:\/\/naturalpoland.com\/ko\/#\/schema\/logo\/image\/"},"sameAs":["https:\/\/www.facebook.com\/naturalpoland.b2b","https:\/\/pl.linkedin.com\/company\/natural-poland","https:\/\/www.youtube.com\/channel\/UCgeGGkvOMahZo-xu_MSEWxg"]}]}},"_links":{"self":[{"href":"https:\/\/naturalpoland.com\/ko\/wp-json\/wp\/v2\/product\/41994","targetHints":{"allow":["GET"]}}],"collection":[{"href":"https:\/\/naturalpoland.com\/ko\/wp-json\/wp\/v2\/product"}],"about":[{"href":"https:\/\/naturalpoland.com\/ko\/wp-json\/wp\/v2\/types\/product"}],"wp:featuredmedia":[{"embeddable":true,"href":"https:\/\/naturalpoland.com\/ko\/wp-json\/wp\/v2\/media\/41995"}],"wp:attachment":[{"href":"https:\/\/naturalpoland.com\/ko\/wp-json\/wp\/v2\/media?parent=41994"}],"wp:term":[{"taxonomy":"product_brand","embeddable":true,"href":"https:\/\/naturalpoland.com\/ko\/wp-json\/wp\/v2\/product_brand?post=41994"},{"taxonomy":"product_cat","embeddable":true,"href":"https:\/\/naturalpoland.com\/ko\/wp-json\/wp\/v2\/product_cat?post=41994"},{"taxonomy":"product_tag","embeddable":true,"href":"https:\/\/naturalpoland.com\/ko\/wp-json\/wp\/v2\/product_tag?post=41994"}],"curies":[{"name":"wp","href":"https:\/\/api.w.org\/{rel}","templated":true}]}}