{"id":41996,"date":"2021-05-11T13:36:36","date_gmt":"2021-05-11T11:36:36","guid":{"rendered":"https:\/\/naturalpoland.com\/produkty\/uncategorized\/%eb%b9%84%ec%98%a4%ed%8b%b4\/"},"modified":"2025-07-16T15:24:59","modified_gmt":"2025-07-16T13:24:59","slug":"biotin","status":"publish","type":"product","link":"https:\/\/naturalpoland.com\/ko\/je-pum\/ui-yak-pum-won-ryo\/bi-ta-min\/biotin\/","title":{"rendered":"\ube44\uc624\ud2f4"},"content":{"rendered":"<h2>D-\ube44\uc624\ud2f4<\/h2>\n<p>\uc800\ud76c\ub294 \ube44\uc624\ud2f4\uc758 \uc790\uc5f0\uc801\uc774\uace0 \uc0dd\ubb3c\ud559\uc801\uc73c\ub85c \ud65c\uc131\uc801\uc778 \ud615\ud0dc\uc778 <strong>D-\ube44\uc624\ud2f4<\/strong>\uc744 \uc81c\uacf5\ud569\ub2c8\ub2e4. \uc774\ub294 \uc790\uc5f0\uc5d0\uc11c \ubc1c\uacac\ub418\uba70 \uc2e0\uccb4\uc5d0 \ub354 \uc798 \ud761\uc218\ub429\ub2c8\ub2e4. \uc774 \uc6d0\ub8cc\ub294 99.98%\uc758 D-\ube44\uc624\ud2f4 \ud568\ub7c9(USP38 \ud45c\uc900\uc5d0 \ub530\ub984)\uc73c\ub85c \ub9e4\uc6b0 \ub192\uc740 \uc21c\ub3c4\ub97c \ud2b9\uc9d5\uc73c\ub85c \ud558\uba70, \uc774\ub294 \ub192\uc740 \ud488\uc9c8\uacfc \uc758\uc57d\ud488 \uc21c\ub3c4\ub97c \ub098\ud0c0\ub0c5\ub2c8\ub2e4.<\/p>\n<h2>\ube44\uc624\ud2f4 &#8211; \ud2b9\uc131<\/h2>\n<ol>\n<li><strong>\ub2e4\ub7c9 \uc601\uc591\uc18c \ub300\uc0ac<\/strong> &#8211; \ube44\uc624\ud2f4\uc740 \uc9c0\ubc29\uc0b0 \ud569\uc131, \ud3ec\ub3c4\ub2f9 \uc2e0\uc0dd\ud569\uc131(\ud3ec\ub3c4\ub2f9 \uc0dd\uc131), \uc544\ubbf8\ub178\uc0b0 \ubd84\ud574\uc640 \uac19\uc740 \ub300\uc0ac \uacfc\uc815\uc5d0 \uad00\uc5ec\ud558\ub294 \uc5ec\ub7ec \ud6a8\uc18c(\uce74\ub974\ubcf5\uc2e4\ub77c\uc81c)\uc758 \ubcf4\uc870 \uc778\uc790\uc785\ub2c8\ub2e4. \ud0c4\uc218\ud654\ubb3c, \ub2e8\ubc31\uc9c8, \uc9c0\ubc29\uc744 \uc5d0\ub108\uc9c0\ub85c \uc804\ud658\ud558\ub294 \ub370 \ub3c4\uc6c0\uc744 \uc8fc\uc5b4 \uc2e0\uc9c4\ub300\uc0ac\ub97c \uac1c\uc120\ud569\ub2c8\ub2e4.<\/li>\n<li><strong>\ud53c\ubd80, \ubaa8\ubc1c, \uc190\ud1b1 \uc0c1\ud0dc \uac1c\uc120<\/strong> &#8211; \ube44\uc624\ud2f4\uc740 \ud53c\ubd80, \ubaa8\ubc1c, \uc190\ud1b1 \uc138\ud3ec\uc758 \uc131\uc7a5\uacfc \uc7ac\uc0dd\uc744 \ub3d5\uc2b5\ub2c8\ub2e4. \ubd80\uc11c\uc9c0\uae30 \uc26c\uc6b4 \uc190\ud1b1\uacfc \uacfc\ub3c4\ud55c \ud0c8\ubaa8 \uce58\ub8cc\uc5d0 \ubcf4\ucda9\uc81c\ub85c \uc790\uc8fc \uc0ac\uc6a9\ub429\ub2c8\ub2e4.<\/li>\n<li><strong>\uc2e0\uacbd\uacc4 \uc7ac\uc0dd<\/strong> &#8211; \ube44\uc624\ud2f4\uc740 \uc2e0\uacbd \uc790\uadf9\uc758 \uc801\uc808\ud55c \uc804\ub2ec\uc5d0 \ud544\uc218\uc801\uc778 \uc2e0\uacbd\uc804\ub2ec\ubb3c\uc9c8 \uc0dd\uc0b0\uc744 \ub3d5\uc2b5\ub2c8\ub2e4. \uc815\uc2e0 \uac74\uac15\uc744 \uc9c0\uc6d0\ud558\uace0 \ubd88\uc548 \ubc0f \uc6b0\uc6b8\uc99d\uc744 \uc608\ubc29\ud560 \uc218 \uc788\uc2b5\ub2c8\ub2e4.<\/li>\n<li><strong>\uac04 \uae30\ub2a5 \uc9c0\uc6d0<\/strong> &#8211; \ube44\uc624\ud2f4\uc740 \uc2e0\uccb4\uc758 \ud574\ub3c5\uc744 \ub3d5\uc2b5\ub2c8\ub2e4. \uac04 \ud6a8\uc18c \uc0dd\uc0b0 \uacfc\uc815\uacfc \uc9c0\ubc29 \ubc0f \uae30\ud0c0 \ub3c5\uc131 \ubb3c\uc9c8\uc758 \ub300\uc0ac\uc5d0 \uc911\uc694\ud569\ub2c8\ub2e4.<\/li>\n<\/ol>\n<h2>\ubbf8\uc6a9 \ubd84\uc57c\uc758 \ube44\uc624\ud2f4 &#8211; \ud53c\ubd80, \ubaa8\ubc1c, \uc190\ud1b1\uc6a9<\/h2>\n<p>\ubbf8\uc6a9 \uc0b0\uc5c5\uc5d0\uc11c \ube44\uc624\ud2f4\uc740 \uc8fc\ub85c <strong>\ubaa8\ubc1c\uacfc \uc190\ud1b1 \uac74\uac15<\/strong>\uc5d0 \ubbf8\uce58\ub294 \uc601\ud5a5\uc73c\ub85c \uc778\ud574 \uac00\uce58\uac00 \ub192\uc2b5\ub2c8\ub2e4. \ubaa8\ubc1c \uc0c1\ud0dc\uc5d0 \uc720\uc775\ud55c \uc601\ud5a5\uc744 \ubbf8\uccd0 \ud0c8\ubaa8\ub97c \ubc29\uc9c0\ud558\uace0 \uc131\uc7a5\uc744 \ucd09\uc9c4\ud569\ub2c8\ub2e4. \ub610\ud55c \uc190\ud1b1\uc744 \uac15\ud654\ud558\uc5ec \ubd80\uc11c\uc9c0\uac70\ub098 \uac08\ub77c\uc9c0\ub294 \uac83\uc744 \ubc29\uc9c0\ud569\ub2c8\ub2e4.<\/p>\n<p>\uc774\ub7ec\ud55c \ud2b9\uc131 \ub355\ubd84\uc5d0 \ube44\uc624\ud2f4\uc740 \ud53c\ubd80, \ubaa8\ubc1c, \uc190\ud1b1\uc758 \uc0c1\ud0dc \uac1c\uc120\uc744 \uc704\ud55c <strong>\uc0f4\ud478<\/strong>, <strong>\ud5e4\uc5b4 \ucee8\ub514\uc154\ub108<\/strong>, <strong>\uc2dd\uc774 \ubcf4\ucda9\uc81c<\/strong>\uc758 \uc77c\ubc18\uc801\uc778 \uc131\ubd84\uc785\ub2c8\ub2e4.<\/p>\n<h2>\uc758\ud559 \ubd84\uc57c\uc758 \ube44\uc624\ud2f4<\/h2>\n<p>\ube44\uc624\ud2f4\uc740 \uc77c\ubc18\uc801\uc73c\ub85c \ubaa8\ubc1c \ubc0f \uc190\ud1b1 \ubcf4\ucda9\uc81c\ub85c \uc54c\ub824\uc838 \uc788\uc9c0\ub9cc, \uc774 \ube44\ud0c0\ubbfc\uc740 \uc218\ub9ce\uc740 \ub300\uc0ac \uacfc\uc815\uc5d0\uc11c\ub3c4 \uc911\uc694\ud55c \uc5ed\ud560\uc744 \ud569\ub2c8\ub2e4. \uce74\ub974\ubcf5\uc2e4\ub77c\uc81c\uc758 \ubcf4\uc870 \ud6a8\uc18c\ub85c\uc11c \uc138\ud3ec\ub97c \ud1b5\ud55c \uc2e0\ud638 \uc804\ub2ec \ubc0f \uc720\uc804\uc790 \ubc1c\ud604\uc5d0 \ucc38\uc5ec\ud569\ub2c8\ub2e4.<\/p>\n<p><strong>\ube44\uc624\ud2f4\uc758 \uc2e0\uacbd\uacc4\uc5d0 \ub300\ud55c \uc720\uc775\ud55c \ud6a8\uacfc<\/strong>\ub294 \uacfc\ub3c4\ud55c \uc2a4\ud2b8\ub808\uc2a4\uc640 \uc2e0\uacbd\uacfc\ubbfc\uc73c\ub85c \uace0\ud1b5\ubc1b\ub294 \uc0ac\ub78c\ub4e4\uc5d0\uac8c \uad8c\uc7a5\ub429\ub2c8\ub2e4.<\/p>\n<p><strong>\ube44\uc624\ud2f4\uc758 \ub610 \ub2e4\ub978 \uadc0\uc911\ud55c \ud2b9\uc131\uc740 \ud3ec\ub3c4\ub2f9 \ub300\uc0ac\uc5d0\uc11c\uc758 \uc5ed\ud560\uc785\ub2c8\ub2e4<\/strong>. \uc774\ub294 \uac04\uc5d0\uc11c \ud3ec\ub3c4\ub2f9\uc774 \uae00\ub9ac\ucf54\uac90\uc73c\ub85c \uc804\ud658\ub418\ub294 \uacfc\uc815\uc744 \uc870\uc808\ud569\ub2c8\ub2e4. \ub2f9\ub1e8\ubcd1 \ud658\uc790\uac00 \ube44\uc624\ud2f4\uc744 \ubcf4\ucda9\ud558\uba74 \ud608\ub2f9 \uc218\uce58\ub97c \uc815\uc0c1\uc73c\ub85c \uc720\uc9c0\ud558\ub294 \ub370 \ub3c4\uc6c0\uc774 \ub420 \uc218 \uc788\uc2b5\ub2c8\ub2e4.<\/p>\n<p>\ub610\ud55c \uac11\uc0c1\uc120 \uae30\ub2a5\uc5d0 \ud544\uc218\uc801\uc774\uba70 \ud504\ub85c\ud2b8\ub86c\ube48 \ud615\uc131\uc744 \ud1b5\ud574 <strong>\ud608\uc561 \uc751\uace0 \uacfc\uc815<\/strong>\uc5d0 \uc911\uc694\ud569\ub2c8\ub2e4.<\/p>\n<p>&nbsp;<\/p>\n<p><img decoding=\"async\" class=\"aligncenter size-full wp-image-17141\" src=\"https:\/\/naturalpoland.com\/wp-content\/uploads\/Biotyna-wlasciwosci-i-efekty-stosowania.jpg\" alt=\"\ube44\uc624\ud2f4 \ucea1\uc290\" width=\"1000\" height=\"522\" srcset=\"https:\/\/naturalpoland.com\/wp-content\/uploads\/Biotyna-wlasciwosci-i-efekty-stosowania.jpg 1000w, https:\/\/naturalpoland.com\/wp-content\/uploads\/Biotyna-wlasciwosci-i-efekty-stosowania-510x266.jpg 510w, https:\/\/naturalpoland.com\/wp-content\/uploads\/Biotyna-wlasciwosci-i-efekty-stosowania-300x157.jpg 300w, https:\/\/naturalpoland.com\/wp-content\/uploads\/Biotyna-wlasciwosci-i-efekty-stosowania-768x401.jpg 768w\" sizes=\"(max-width: 1000px) 100vw, 1000px\" \/><\/p>\n<p>&nbsp;<\/p>\n<h2 class=\"wp-block-heading\">\ud558\ub8e8 \ube44\uc624\ud2f4 \uc12d\ucde8\ub7c9\uc740 \uc5bc\ub9c8\uc778\uac00\uc694?<\/h2>\n<p>\ub2e4\ub978 \ube44\ud0c0\ubbfc\uacfc \ub9c8\ucc2c\uac00\uc9c0\ub85c \ube44\uc624\ud2f4\uc740 \uc8fc\ub85c \uc74c\uc2dd\uc73c\ub85c \uc12d\ucde8\ub429\ub2c8\ub2e4. <strong>\uc131\uc778\uc758 \ube44\ud0c0\ubbfc B7 \uc77c\uc77c \uad8c\uc7a5\ub7c9\uc740 \uc57d 30\u03bcg<\/strong>\uc774\uba70, \uc774\ub294 \uc77c\ubc18\uc801\uc73c\ub85c \uac74\uac15\ud558\uace0 \uade0\ud615 \uc7a1\ud78c \uc2dd\ub2e8\uc73c\ub85c \ucda9\uc871\ub420 \uc218 \uc788\uc2b5\ub2c8\ub2e4. <strong><a href=\"https:\/\/naturalpoland.com\/ko\/je-pum\/ui-yak-pum-won-ryo\/bi-ta-min\/%eb%b9%84%ed%83%80%eb%af%bc-b12\/\">\ube44\ud0c0\ubbfc B12<\/a><\/strong>\uc640 \ub2ec\ub9ac \ube44\uc624\ud2f4\uc740 \ube44\uac74 \ubc0f \ucc44\uc2dd \uc2dd\ub2e8\uc5d0\uc11c\ub3c4 \ubcf4\ucda9\uc774 \ud544\uc694\ud558\uc9c0 \uc54a\uc2b5\ub2c8\ub2e4.<\/p>\n<h2 class=\"wp-block-heading\">\ube44\uc624\ud2f4\uc740 \uc5b4\ub514\uc5d0 \uc788\ub098\uc694?<\/h2>\n<p>\ube44\uc624\ud2f4\uc740 <strong>\ub3d9\ubb3c\uc131 \uc2dd\ud488<\/strong>(\uc608: \ub2ec\uac40 \ub178\ub978\uc790, \ub0b4\uc7a5, \uc0dd\uc120, \uc6b0\uc720, \uc800\uc9c0\ubc29 \uce58\uc988)\ubfd0\ub9cc \uc544\ub2c8\ub77c <strong>\uc2dd\ubb3c\uc131 \uc2dd\ud488<\/strong>\uc5d0\ub3c4 \ud48d\ubd80\ud569\ub2c8\ub2e4: \uacfc\uc77c(\uc608: \ubc14\ub098\ub098, \uc218\ubc15, \ud3ec\ub3c4, \ubcf5\uc22d\uc544), <strong>\ucc44\uc18c<\/strong>(\uc608: \ud1a0\ub9c8\ud1a0, \ub2f9\uadfc), <strong>\ucf69\ub958<\/strong>, <strong>\ubc84\uc12f<\/strong>, <strong>\uacac\uacfc\ub958<\/strong>.<\/p>\n<h2 class=\"wp-block-heading\">\ube44\uc624\ud2f4 \uacb0\ud54d \u2013 \uc99d\uc0c1<\/h2>\n<p>\ube44\ud0c0\ubbfc B7\uc740 \uc2e0\uccb4\uc5d0 \uc27d\uac8c \uacf5\uae09\ub418\uc9c0\ub9cc, \uc77c\ubd80 \uc0ac\ub78c\ub4e4\uc740 \uc774 \uc131\ubd84\uc744 \ud761\uc218\ud558\ub294 \ub370 \uc5b4\ub824\uc6c0\uc744 \uacaa\uc744 \uc218 \uc788\uc2b5\ub2c8\ub2e4. \ube44\uc624\ud2f4 \uacb0\ud54d\uc740 \uc784\uc0b0\ubd80, \ub2c8\ucf54\ud2f4 \ub610\ub294 \uc54c\ucf54\uc62c \uc911\ub3c5\uc790, \ud2b9\uc815 \uc57d\ubb3c\uc744 \ubcf5\uc6a9\ud558\ub294 \uc0ac\ub78c \ub610\ub294 \ub0a0\ub2ec\uac40 \ub178\ub978\uc790\ub97c \uc12d\ucde8\ud558\ub294 \uc0ac\ub78c\uc5d0\uac8c \ub098\ud0c0\ub0a0 \uc218 \uc788\uc2b5\ub2c8\ub2e4. \ud6c4\uc790\ub294 \uc5f4\ucc98\ub9ac\ub41c \ub178\ub978\uc790\uc640 \ub2ec\ub9ac \ube44\uc624\ud2f4\uc744 \uacb0\ud569\ud558\uace0 \uc2e0\uccb4 \ud761\uc218\ub97c \uc5b5\uc81c\ud558\ub294 \uc544\ube44\ub518\uc744 \ud568\uc720\ud558\uace0 \uc788\uc2b5\ub2c8\ub2e4.<\/p>\n<p><strong>\ube44\uc624\ud2f4 \uacb0\ud54d\uc758 \uac00\uc7a5 \ud2b9\uc9d5\uc801\uc778 \ubd80\uc791\uc6a9<\/strong>\uc73c\ub85c\ub294 \ud53c\ubd80 \ud68c\uc0c9\ud654, \ud45c\ud53c \ubc15\ub9ac, \ud0c8\ubaa8 \ub4f1\uc774 \uc788\uc2b5\ub2c8\ub2e4.<\/p>\n<p><strong>\ube44\uc624\ud2f4 \uacb0\ud54d<\/strong>\uc740 \uc6b0\ub9ac\uc758 \uc678\ubaa8\uc5d0 \uc601\ud5a5\uc744 \ubbf8\uce60 \ubfd0\ub9cc \uc544\ub2c8\ub77c \uc2e0\uacbd\uacc4 \ubd80\uc791\uc6a9\uc744 \uc720\ubc1c\ud560 \uc218\ub3c4 \uc788\uc2b5\ub2c8\ub2e4. \uc5ec\uae30\uc5d0\ub294 \uc878\uc74c, \ubb34\uae30\ub825\uc99d, \uacbd\ub828, \uc6b0\uc6b8\uc99d, \ubd88\uc548, \ub9cc\uc131 \ud53c\ub85c \ub4f1\uc774 \ud3ec\ud568\ub429\ub2c8\ub2e4. \uc784\uc0b0\ubd80\uc758 \uc2e0\uacbd \uae34\uc7a5 \uc0c1\ud0dc\uc640 \uac19\uc774 <a href=\"https:\/\/naturalpoland.pl\/kategoria\/produkty-dla-przemyslu-farmaceutycznego-i-medycznego\/witaminy\/\"><strong>\ube44\ud0c0\ubbfc<\/strong><\/a> B7 \uacb0\ud54d\uc774 \uc758\uc2ec\ub418\ub294 \uacbd\uc6b0, \ubcf4\ucda9\uc81c\ub294 \uc774\ub7ec\ud55c \uc99d\uc0c1\uc744 \uc644\ud654\ud558\ub294 \ub370\ub3c4 \ud6a8\uacfc\uc801\uc785\ub2c8\ub2e4.<\/p>\n<h2 class=\"wp-block-heading\">\ube44\uc624\ud2f4 \u2013 \ubd80\uc791\uc6a9<\/h2>\n<p>\ube44\uc624\ud2f4\uc740 \ubd80\uc791\uc6a9\uc744 \uac70\uc758 \uc77c\uc73c\ud0a4\uc9c0 \uc54a\uc2b5\ub2c8\ub2e4. \uc218\uc6a9\uc131 \ube44\ud0c0\ubbfc\uc774\ubbc0\ub85c \uacfc\ub3c4\ud55c \uc591\uc740 \uc18c\ubcc0\uc73c\ub85c \uc27d\uac8c \ubc30\ucd9c\ub429\ub2c8\ub2e4. \uadf8\ub7ec\ub098 \uace0\uc6a9\ub7c9\uc744 \uc7a5\uae30\uac04 \uc0ac\uc6a9\ud558\uba74 \uc704\ud1b5, \uba54\uc2a4\uaebc\uc6c0, \uc124\uc0ac \ub610\ub294 \uae30\ubd84 \ubcc0\ud654\uc640 \uac19\uc740 \uacbd\ubbf8\ud55c \uc704\uc7a5 \uc7a5\uc560\uac00 \ubc1c\uc0dd\ud560 \uc218 \uc788\uc2b5\ub2c8\ub2e4.<\/p>\n<p>\uadf8\ub7ec\ub098 \ube44\uc624\ud2f4\uc774 \uc77c\ubd80 \uc2e4\ud5d8\uc2e4 \uac80\uc0ac \uacb0\uacfc\uc5d0 \uc601\ud5a5\uc744 \ubbf8\uce60 \uc218 \uc788\ub2e4\ub294 \uc810\uc740 \uc911\uc694\ud569\ub2c8\ub2e4. \ube44\ud0c0\ubbfc B7\uc744 \ubcf5\uc6a9\ud558\ub294 \uc0ac\ub78c\uc740 \uac11\uc0c1\uc120, \uc131\uc120 \uc790\uadf9 \ud638\ub974\ubaac \ubc0f \ube44\ud0c0\ubbfc D \uac80\uc0ac \uc804\uc5d0 \ubcf4\ucda9\uc81c \ubcf5\uc6a9\uc744 \uc911\ub2e8\ud574\uc57c \ud569\ub2c8\ub2e4. \uadf8\ub807\uc9c0 \uc54a\uc73c\uba74 \uc2e4\uc81c \uac12\ubcf4\ub2e4 \ub192\uac70\ub098 \ub0ae\uc740 \uacb0\uacfc\uac00 \ub098\uc62c \uc218 \uc788\uc2b5\ub2c8\ub2e4.<\/p>\n<p>\uc2dc\uc911\uc5d0\ub294 \ubcf4\ucda9\uc81c\uc640 \ud654\uc7a5\ud488 \ud615\ud0dc\uc758 \ube44\uc624\ud2f4 \ud568\uc720 \uc81c\ud488\uc774 \ub9ce\uc774 \uc788\uc2b5\ub2c8\ub2e4. \uadf8\ub7ec\ub098 \ube44\uc624\ud2f4 \ubcf4\ucda9\uc81c\ub97c \uc2dc\uc791\ud558\uae30 \uc804\uc5d0 \uc758\uc0ac \ub610\ub294 \uc57d\uc0ac\uc640 \uc0c1\ub2f4\ud558\ub294 \uac83\uc774 \uc88b\uc2b5\ub2c8\ub2e4. \uc774\ub7ec\ud55c \uc0c1\ub2f4\uc744 \ud1b5\ud574 \ubcf4\ucda9\uc81c\uac00 \uc548\uc804\ud558\uace0 \ud6a8\uacfc\uc801\uc778\uc9c0 \ud655\uc778\ud558\uace0 \uac1c\uc778\uc758 \ud544\uc694\uc5d0 \ub9de\ub294 \uc801\uc808\ud55c \ubcf5\uc6a9\ub7c9\uc744 \uc870\uc815\ud558\ub294 \ub370 \ub3c4\uc6c0\uc774 \ub429\ub2c8\ub2e4.<\/p>\n<p>&nbsp;<\/p>\n<hr \/>\n<p><strong>\ucc38\uace0 \ubb38\ud5cc:<\/strong><\/p>\n<p>Bistas KG, Tadi P. (2020) Biotin. StatPearls Publishing, Treasure Island (FL) https:\/\/europepmc.org\/article\/nbk\/nbk554493<br \/>\nPatel DP, Swink SM, Castelo-Soccio L. (2017) A Review of the Use of Biotin for Hair Loss. Skin Appendage Disord. 3: 166\u2013169. 3. https:\/\/zywienie.medonet.pl\/skladniki-odzywcze\/witaminy-i-mineraly\/biotyna-wlasciwosci-objawy-niedoboru-zrodla-witaminy-b7\/<\/p>\n<hr \/>\n<h5 class=\"author-name uppercase pt-half\"><strong>\uc57d\ud559 \ubc15\uc0ac \uce74\ud0c0\ub974\uc9c0\ub098 \ud0a4\uba5c <\/strong><\/h5>\n<p class=\"author-desc small\">\uc57d\ud559 \ubc15\uc0ac\ub85c, \uc2dd\ubb3c\uc131 \uc758\uc57d\ud488 \ubc0f \ucc9c\uc5f0 \uc720\ub798 \uc0dd\uccb4 \ud65c\uc131 \ubb3c\uc9c8 \uc5f0\uad6c\uc5d0 \uacfc\ud559\uc801 \uad00\uc2ec\uc744 \uc9d1\uc911\ud558\uace0 \uc788\uc2b5\ub2c8\ub2e4. \uc5ec\ud589\uacfc \uc790\uc5f0 \uc18d\uc5d0\uc11c \uc5ec\uac00 \uc2dc\uac04\uc744 \ubcf4\ub0b4\ub294 \uac83\uc744 \uc88b\uc544\ud569\ub2c8\ub2e4.<\/p>\n","protected":false},"excerpt":{"rendered":"<p><strong>\ube44\uc624\ud2f4<\/strong>\uc740 <strong>\ube44\ud0c0\ubbfc B7<\/strong> \ub610\ub294 <strong>\ube44\ud0c0\ubbfc H<\/strong>\ub85c\ub3c4 \uc54c\ub824\uc838 \uc788\uc2b5\ub2c8\ub2e4. \uc774 \ud654\ud559 \ud654\ud569\ubb3c\uc740 \uc218\ub9ce\uc740 \uac74\uac15 \ubc0f \ubbf8\uc6a9\uc0c1\uc758 \uc774\uc810\uc73c\ub85c \uc778\uc815\ubc1b\uace0 \uc788\uc2b5\ub2c8\ub2e4. \ub9ce\uc740 \uc2dd\uc774 \ubcf4\ucda9\uc81c \ubc0f \ud654\uc7a5\ud488\uc758 \uc131\ubd84\uc785\ub2c8\ub2e4.<\/p>\n","protected":false},"featured_media":41998,"template":"","meta":{"_acf_changed":false},"product_brand":[],"product_cat":[8145],"product_tag":[],"class_list":{"0":"post-41996","1":"product","2":"type-product","3":"status-publish","4":"has-post-thumbnail","6":"product_cat-bi-ta-min","8":"first","9":"instock","10":"shipping-taxable","11":"product-type-simple"},"acf":[],"yoast_head":"<!-- This site is optimized with the Yoast SEO plugin v27.4 - https:\/\/yoast.com\/product\/yoast-seo-wordpress\/ -->\n<title>\ube44\uc624\ud2f4 - NATURAL POLAND - Hurtowy Dystrybutor Surowc\u00f3w<\/title>\n<meta name=\"description\" content=\"\ube44\ud0c0\ubbfc B7 \ub610\ub294 \ube44\ud0c0\ubbfc H\ub85c\ub3c4 \uc54c\ub824\uc9c4 \ube44\uc624\ud2f4\uc740 \uc758\ud559 \ubc0f \ubbf8\uc6a9 \ubd84\uc57c\uc5d0\uc11c \ubaa8\ub450 \uac00\uce58 \uc788\ub294 \ud654\ud559 \ud654\ud569\ubb3c\uc785\ub2c8\ub2e4.\" \/>\n<meta name=\"robots\" content=\"index, follow, max-snippet:-1, max-image-preview:large, max-video-preview:-1\" \/>\n<link rel=\"canonical\" href=\"https:\/\/naturalpoland.com\/ko\/je-pum\/ui-yak-pum-won-ryo\/bi-ta-min\/biotin\/\" \/>\n<meta property=\"og:locale\" content=\"ko_KR\" \/>\n<meta property=\"og:type\" content=\"article\" \/>\n<meta property=\"og:title\" content=\"\ube44\uc624\ud2f4 - NATURAL POLAND - Hurtowy Dystrybutor Surowc\u00f3w\" \/>\n<meta property=\"og:description\" content=\"\ube44\ud0c0\ubbfc B7 \ub610\ub294 \ube44\ud0c0\ubbfc H\ub85c\ub3c4 \uc54c\ub824\uc9c4 \ube44\uc624\ud2f4\uc740 \uc758\ud559 \ubc0f \ubbf8\uc6a9 \ubd84\uc57c\uc5d0\uc11c \ubaa8\ub450 \uac00\uce58 \uc788\ub294 \ud654\ud559 \ud654\ud569\ubb3c\uc785\ub2c8\ub2e4.\" \/>\n<meta property=\"og:url\" content=\"https:\/\/naturalpoland.com\/ko\/je-pum\/ui-yak-pum-won-ryo\/bi-ta-min\/biotin\/\" \/>\n<meta property=\"og:site_name\" content=\"NATURAL POLAND - Hurtowy Dystrybutor Surowc\u00f3w\" \/>\n<meta property=\"article:publisher\" content=\"https:\/\/www.facebook.com\/naturalpoland.b2b\" \/>\n<meta property=\"article:modified_time\" content=\"2025-07-16T13:24:59+00:00\" \/>\n<meta property=\"og:image\" content=\"https:\/\/naturalpoland.com\/wp-content\/uploads\/biotyna.webp\" \/>\n\t<meta property=\"og:image:width\" content=\"619\" \/>\n\t<meta property=\"og:image:height\" content=\"619\" \/>\n\t<meta property=\"og:image:type\" content=\"image\/webp\" \/>\n<script type=\"application\/ld+json\" class=\"yoast-schema-graph\">{\"@context\":\"https:\\\/\\\/schema.org\",\"@graph\":[{\"@type\":\"WebPage\",\"@id\":\"https:\\\/\\\/naturalpoland.com\\\/ko\\\/je-pum\\\/ui-yak-pum-won-ryo\\\/bi-ta-min\\\/biotin\\\/\",\"url\":\"https:\\\/\\\/naturalpoland.com\\\/ko\\\/je-pum\\\/ui-yak-pum-won-ryo\\\/bi-ta-min\\\/biotin\\\/\",\"name\":\"\ube44\uc624\ud2f4 - NATURAL POLAND - Hurtowy Dystrybutor Surowc\u00f3w\",\"isPartOf\":{\"@id\":\"https:\\\/\\\/naturalpoland.com\\\/ko\\\/#website\"},\"primaryImageOfPage\":{\"@id\":\"https:\\\/\\\/naturalpoland.com\\\/ko\\\/je-pum\\\/ui-yak-pum-won-ryo\\\/bi-ta-min\\\/biotin\\\/#primaryimage\"},\"image\":{\"@id\":\"https:\\\/\\\/naturalpoland.com\\\/ko\\\/je-pum\\\/ui-yak-pum-won-ryo\\\/bi-ta-min\\\/biotin\\\/#primaryimage\"},\"thumbnailUrl\":\"https:\\\/\\\/naturalpoland.com\\\/wp-content\\\/uploads\\\/biotyna.webp\",\"datePublished\":\"2021-05-11T11:36:36+00:00\",\"dateModified\":\"2025-07-16T13:24:59+00:00\",\"description\":\"\ube44\ud0c0\ubbfc B7 \ub610\ub294 \ube44\ud0c0\ubbfc H\ub85c\ub3c4 \uc54c\ub824\uc9c4 \ube44\uc624\ud2f4\uc740 \uc758\ud559 \ubc0f \ubbf8\uc6a9 \ubd84\uc57c\uc5d0\uc11c \ubaa8\ub450 \uac00\uce58 \uc788\ub294 \ud654\ud559 \ud654\ud569\ubb3c\uc785\ub2c8\ub2e4.\",\"breadcrumb\":{\"@id\":\"https:\\\/\\\/naturalpoland.com\\\/ko\\\/je-pum\\\/ui-yak-pum-won-ryo\\\/bi-ta-min\\\/biotin\\\/#breadcrumb\"},\"inLanguage\":\"ko-KR\",\"potentialAction\":[{\"@type\":\"ReadAction\",\"target\":[\"https:\\\/\\\/naturalpoland.com\\\/ko\\\/je-pum\\\/ui-yak-pum-won-ryo\\\/bi-ta-min\\\/biotin\\\/\"]}]},{\"@type\":\"ImageObject\",\"inLanguage\":\"ko-KR\",\"@id\":\"https:\\\/\\\/naturalpoland.com\\\/ko\\\/je-pum\\\/ui-yak-pum-won-ryo\\\/bi-ta-min\\\/biotin\\\/#primaryimage\",\"url\":\"https:\\\/\\\/naturalpoland.com\\\/wp-content\\\/uploads\\\/biotyna.webp\",\"contentUrl\":\"https:\\\/\\\/naturalpoland.com\\\/wp-content\\\/uploads\\\/biotyna.webp\",\"width\":619,\"height\":619,\"caption\":\"biotyna - proszek\"},{\"@type\":\"BreadcrumbList\",\"@id\":\"https:\\\/\\\/naturalpoland.com\\\/ko\\\/je-pum\\\/ui-yak-pum-won-ryo\\\/bi-ta-min\\\/biotin\\\/#breadcrumb\",\"itemListElement\":[{\"@type\":\"ListItem\",\"position\":1,\"name\":\"\ud648\",\"item\":\"https:\\\/\\\/naturalpoland.com\\\/ko\\\/\"},{\"@type\":\"ListItem\",\"position\":2,\"name\":\"\uc81c\ud488\",\"item\":\"https:\\\/\\\/naturalpoland.com\\\/ko\\\/%ec%a0%9c%ed%92%88\\\/\"},{\"@type\":\"ListItem\",\"position\":3,\"name\":\"\ube44\uc624\ud2f4\"}]},{\"@type\":\"WebSite\",\"@id\":\"https:\\\/\\\/naturalpoland.com\\\/ko\\\/#website\",\"url\":\"https:\\\/\\\/naturalpoland.com\\\/ko\\\/\",\"name\":\"NATURAL POLAND - Hurtowy Dystrybutor Surowc\u00f3w\",\"description\":\"Surowce dla przemys\u0142u spo\u017cywczego, kosmetycznego i farmaceutycznego\",\"publisher\":{\"@id\":\"https:\\\/\\\/naturalpoland.com\\\/ko\\\/#organization\"},\"potentialAction\":[{\"@type\":\"SearchAction\",\"target\":{\"@type\":\"EntryPoint\",\"urlTemplate\":\"https:\\\/\\\/naturalpoland.com\\\/ko\\\/?s={search_term_string}\"},\"query-input\":{\"@type\":\"PropertyValueSpecification\",\"valueRequired\":true,\"valueName\":\"search_term_string\"}}],\"inLanguage\":\"ko-KR\"},{\"@type\":\"Organization\",\"@id\":\"https:\\\/\\\/naturalpoland.com\\\/ko\\\/#organization\",\"name\":\"Natural Poland\",\"url\":\"https:\\\/\\\/naturalpoland.com\\\/ko\\\/\",\"logo\":{\"@type\":\"ImageObject\",\"inLanguage\":\"ko-KR\",\"@id\":\"https:\\\/\\\/naturalpoland.com\\\/ko\\\/#\\\/schema\\\/logo\\\/image\\\/\",\"url\":\"https:\\\/\\\/naturalpoland.com\\\/wp-content\\\/uploads\\\/2021\\\/05\\\/natural-poland-icon.png\",\"contentUrl\":\"https:\\\/\\\/naturalpoland.com\\\/wp-content\\\/uploads\\\/2021\\\/05\\\/natural-poland-icon.png\",\"width\":512,\"height\":512,\"caption\":\"Natural Poland\"},\"image\":{\"@id\":\"https:\\\/\\\/naturalpoland.com\\\/ko\\\/#\\\/schema\\\/logo\\\/image\\\/\"},\"sameAs\":[\"https:\\\/\\\/www.facebook.com\\\/naturalpoland.b2b\",\"https:\\\/\\\/pl.linkedin.com\\\/company\\\/natural-poland\",\"https:\\\/\\\/www.youtube.com\\\/channel\\\/UCgeGGkvOMahZo-xu_MSEWxg\"]}]}<\/script>\n<!-- \/ Yoast SEO plugin. -->","yoast_head_json":{"title":"\ube44\uc624\ud2f4 - NATURAL POLAND - Hurtowy Dystrybutor Surowc\u00f3w","description":"\ube44\ud0c0\ubbfc B7 \ub610\ub294 \ube44\ud0c0\ubbfc H\ub85c\ub3c4 \uc54c\ub824\uc9c4 \ube44\uc624\ud2f4\uc740 \uc758\ud559 \ubc0f \ubbf8\uc6a9 \ubd84\uc57c\uc5d0\uc11c \ubaa8\ub450 \uac00\uce58 \uc788\ub294 \ud654\ud559 \ud654\ud569\ubb3c\uc785\ub2c8\ub2e4.","robots":{"index":"index","follow":"follow","max-snippet":"max-snippet:-1","max-image-preview":"max-image-preview:large","max-video-preview":"max-video-preview:-1"},"canonical":"https:\/\/naturalpoland.com\/ko\/je-pum\/ui-yak-pum-won-ryo\/bi-ta-min\/biotin\/","og_locale":"ko_KR","og_type":"article","og_title":"\ube44\uc624\ud2f4 - NATURAL POLAND - Hurtowy Dystrybutor Surowc\u00f3w","og_description":"\ube44\ud0c0\ubbfc B7 \ub610\ub294 \ube44\ud0c0\ubbfc H\ub85c\ub3c4 \uc54c\ub824\uc9c4 \ube44\uc624\ud2f4\uc740 \uc758\ud559 \ubc0f \ubbf8\uc6a9 \ubd84\uc57c\uc5d0\uc11c \ubaa8\ub450 \uac00\uce58 \uc788\ub294 \ud654\ud559 \ud654\ud569\ubb3c\uc785\ub2c8\ub2e4.","og_url":"https:\/\/naturalpoland.com\/ko\/je-pum\/ui-yak-pum-won-ryo\/bi-ta-min\/biotin\/","og_site_name":"NATURAL POLAND - Hurtowy Dystrybutor Surowc\u00f3w","article_publisher":"https:\/\/www.facebook.com\/naturalpoland.b2b","article_modified_time":"2025-07-16T13:24:59+00:00","og_image":[{"width":619,"height":619,"url":"https:\/\/naturalpoland.com\/wp-content\/uploads\/biotyna.webp","type":"image\/webp"}],"schema":{"@context":"https:\/\/schema.org","@graph":[{"@type":"WebPage","@id":"https:\/\/naturalpoland.com\/ko\/je-pum\/ui-yak-pum-won-ryo\/bi-ta-min\/biotin\/","url":"https:\/\/naturalpoland.com\/ko\/je-pum\/ui-yak-pum-won-ryo\/bi-ta-min\/biotin\/","name":"\ube44\uc624\ud2f4 - NATURAL POLAND - Hurtowy Dystrybutor Surowc\u00f3w","isPartOf":{"@id":"https:\/\/naturalpoland.com\/ko\/#website"},"primaryImageOfPage":{"@id":"https:\/\/naturalpoland.com\/ko\/je-pum\/ui-yak-pum-won-ryo\/bi-ta-min\/biotin\/#primaryimage"},"image":{"@id":"https:\/\/naturalpoland.com\/ko\/je-pum\/ui-yak-pum-won-ryo\/bi-ta-min\/biotin\/#primaryimage"},"thumbnailUrl":"https:\/\/naturalpoland.com\/wp-content\/uploads\/biotyna.webp","datePublished":"2021-05-11T11:36:36+00:00","dateModified":"2025-07-16T13:24:59+00:00","description":"\ube44\ud0c0\ubbfc B7 \ub610\ub294 \ube44\ud0c0\ubbfc H\ub85c\ub3c4 \uc54c\ub824\uc9c4 \ube44\uc624\ud2f4\uc740 \uc758\ud559 \ubc0f \ubbf8\uc6a9 \ubd84\uc57c\uc5d0\uc11c \ubaa8\ub450 \uac00\uce58 \uc788\ub294 \ud654\ud559 \ud654\ud569\ubb3c\uc785\ub2c8\ub2e4.","breadcrumb":{"@id":"https:\/\/naturalpoland.com\/ko\/je-pum\/ui-yak-pum-won-ryo\/bi-ta-min\/biotin\/#breadcrumb"},"inLanguage":"ko-KR","potentialAction":[{"@type":"ReadAction","target":["https:\/\/naturalpoland.com\/ko\/je-pum\/ui-yak-pum-won-ryo\/bi-ta-min\/biotin\/"]}]},{"@type":"ImageObject","inLanguage":"ko-KR","@id":"https:\/\/naturalpoland.com\/ko\/je-pum\/ui-yak-pum-won-ryo\/bi-ta-min\/biotin\/#primaryimage","url":"https:\/\/naturalpoland.com\/wp-content\/uploads\/biotyna.webp","contentUrl":"https:\/\/naturalpoland.com\/wp-content\/uploads\/biotyna.webp","width":619,"height":619,"caption":"biotyna - proszek"},{"@type":"BreadcrumbList","@id":"https:\/\/naturalpoland.com\/ko\/je-pum\/ui-yak-pum-won-ryo\/bi-ta-min\/biotin\/#breadcrumb","itemListElement":[{"@type":"ListItem","position":1,"name":"\ud648","item":"https:\/\/naturalpoland.com\/ko\/"},{"@type":"ListItem","position":2,"name":"\uc81c\ud488","item":"https:\/\/naturalpoland.com\/ko\/%ec%a0%9c%ed%92%88\/"},{"@type":"ListItem","position":3,"name":"\ube44\uc624\ud2f4"}]},{"@type":"WebSite","@id":"https:\/\/naturalpoland.com\/ko\/#website","url":"https:\/\/naturalpoland.com\/ko\/","name":"NATURAL POLAND - Hurtowy Dystrybutor Surowc\u00f3w","description":"Surowce dla przemys\u0142u spo\u017cywczego, kosmetycznego i farmaceutycznego","publisher":{"@id":"https:\/\/naturalpoland.com\/ko\/#organization"},"potentialAction":[{"@type":"SearchAction","target":{"@type":"EntryPoint","urlTemplate":"https:\/\/naturalpoland.com\/ko\/?s={search_term_string}"},"query-input":{"@type":"PropertyValueSpecification","valueRequired":true,"valueName":"search_term_string"}}],"inLanguage":"ko-KR"},{"@type":"Organization","@id":"https:\/\/naturalpoland.com\/ko\/#organization","name":"Natural Poland","url":"https:\/\/naturalpoland.com\/ko\/","logo":{"@type":"ImageObject","inLanguage":"ko-KR","@id":"https:\/\/naturalpoland.com\/ko\/#\/schema\/logo\/image\/","url":"https:\/\/naturalpoland.com\/wp-content\/uploads\/2021\/05\/natural-poland-icon.png","contentUrl":"https:\/\/naturalpoland.com\/wp-content\/uploads\/2021\/05\/natural-poland-icon.png","width":512,"height":512,"caption":"Natural Poland"},"image":{"@id":"https:\/\/naturalpoland.com\/ko\/#\/schema\/logo\/image\/"},"sameAs":["https:\/\/www.facebook.com\/naturalpoland.b2b","https:\/\/pl.linkedin.com\/company\/natural-poland","https:\/\/www.youtube.com\/channel\/UCgeGGkvOMahZo-xu_MSEWxg"]}]}},"_links":{"self":[{"href":"https:\/\/naturalpoland.com\/ko\/wp-json\/wp\/v2\/product\/41996","targetHints":{"allow":["GET"]}}],"collection":[{"href":"https:\/\/naturalpoland.com\/ko\/wp-json\/wp\/v2\/product"}],"about":[{"href":"https:\/\/naturalpoland.com\/ko\/wp-json\/wp\/v2\/types\/product"}],"wp:featuredmedia":[{"embeddable":true,"href":"https:\/\/naturalpoland.com\/ko\/wp-json\/wp\/v2\/media\/41998"}],"wp:attachment":[{"href":"https:\/\/naturalpoland.com\/ko\/wp-json\/wp\/v2\/media?parent=41996"}],"wp:term":[{"taxonomy":"product_brand","embeddable":true,"href":"https:\/\/naturalpoland.com\/ko\/wp-json\/wp\/v2\/product_brand?post=41996"},{"taxonomy":"product_cat","embeddable":true,"href":"https:\/\/naturalpoland.com\/ko\/wp-json\/wp\/v2\/product_cat?post=41996"},{"taxonomy":"product_tag","embeddable":true,"href":"https:\/\/naturalpoland.com\/ko\/wp-json\/wp\/v2\/product_tag?post=41996"}],"curies":[{"name":"wp","href":"https:\/\/api.w.org\/{rel}","templated":true}]}}