{"id":42001,"date":"2021-05-11T13:36:58","date_gmt":"2021-05-11T11:36:58","guid":{"rendered":"https:\/\/naturalpoland.com\/produkty\/uncategorized\/%ec%b2%9c%ec%97%b0-%eb%b9%84%ed%83%80%eb%af%bc-e-%ec%88%99%ec%8b%a0%ec%82%b0%ec%97%bc\/"},"modified":"2025-07-16T15:13:16","modified_gmt":"2025-07-16T13:13:16","slug":"%ec%b2%9c%ec%97%b0-%eb%b9%84%ed%83%80%eb%af%bc-e-%ec%88%99%ec%8b%a0%ec%82%b0%ec%97%bc","status":"publish","type":"product","link":"https:\/\/naturalpoland.com\/ko\/je-pum\/ui-yak-pum-won-ryo\/bi-ta-min\/%ec%b2%9c%ec%97%b0-%eb%b9%84%ed%83%80%eb%af%bc-e-%ec%88%99%ec%8b%a0%ec%82%b0%ec%97%bc\/","title":{"rendered":"\ucc9c\uc5f0 \ube44\ud0c0\ubbfc E \uc219\uc2e0\uc0b0\uc5fc"},"content":{"rendered":"<p>\ube44\ud0c0\ubbfc E\ub294 \uc0b0\ud654 \uc2a4\ud2b8\ub808\uc2a4\ub85c\ubd80\ud130 \uc138\ud3ec\ub97c \ubcf4\ud638\ud569\ub2c8\ub2e4. \uac15\ub825\ud55c \ud56d\uc0b0\ud654\uc81c\uc785\ub2c8\ub2e4. \ub530\ub77c\uc11c \ubb38\uba85\ubcd1\uc73c\ub85c\ubd80\ud130 \ubcf4\ud638\ud558\ub294 \uac83\uc740 \ub180\ub77c\uc6b4 \uc77c\uc774 \uc544\ub2d9\ub2c8\ub2e4. \uc774\uac83\uc740 \ub2e4\uc0b0\uacfc \uc80a\uc74c\uc758 \ube44\ud0c0\ubbfc\uc774\uba70, \uadf8 \uc0ac\uc6a9\uc740 \ud53c\ubd80\uc758 \uc678\uad00\uc744 \uac1c\uc120\ud560 \ubfd0\ub9cc \uc544\ub2c8\ub77c \uae4a\uc740 \ubcf4\uc2b5\uc5d0\ub3c4 \uc601\ud5a5\uc744 \ubbf8\uce69\ub2c8\ub2e4. \ub610\ud55c \uad00\uc0c1 \ub3d9\ub9e5 \uc9c8\ud658\uc758 \ubc1c\uc0dd\uc744 \uc9c0\uc5f0\uc2dc\ud0a4\uace0 \uc554 \ubc1c\uc0dd \uc704\ud5d8\uc744 \uc904\uc77c \uc218 \uc788\uc2b5\ub2c8\ub2e4.    <\/p>\n<h3>\ucc9c\uc5f0 \ube44\ud0c0\ubbfc E \uc219\uc2e0\uc0b0\uc5fc:<\/h3>\n<ul>\n<li>\ube44\ud0c0\ubbfc E \uacc4\uc5f4\uc5d0 \uc18d\ud558\ub294 8\uac00\uc9c0 \ud654\ud569\ubb3c \uc911 \ud558\ub098\uc778 <strong>\uc54c\ud30c-\ud1a0\ucf54\ud398\ub864<\/strong>\uc758 \ud615\ud0dc\uc785\ub2c8\ub2e4.<\/li>\n<li>\uc219\uc2e0\uc0b0\uc5fc\uc740 \ube44\ud0c0\ubbfc E \uc5d0\uc2a4\ud130\ub85c, \ud654\ud559\uc801\uc73c\ub85c \ub354 \uc548\uc815\uc801\uc774\uba70 \uc2dd\uc774 \ubcf4\ucda9\uc81c \ubc0f \ud654\uc7a5\ud488\uc5d0 \uc790\uc8fc \uc0ac\uc6a9\ub429\ub2c8\ub2e4.<\/li>\n<li>\uc0b0\ud654\uc5d0 \uac15\ud55c \ud615\ud0dc\uac00 \ud544\uc694\ud55c \uc81c\uc81c\uc5d0 \uc790\uc8fc \uc0ac\uc6a9\ub429\ub2c8\ub2e4.<\/li>\n<li>\uc8fc\ub85c \ud56d\uc0b0\ud654 \uae30\ub2a5\uc744 \uc218\ud589\ud558\uc5ec \uc790\uc720 \ub77c\ub514\uce7c \uc911\ud654\ub97c \ub3d5\uc2b5\ub2c8\ub2e4.<\/li>\n<\/ul>\n","protected":false},"excerpt":{"rendered":"<p>\ucc9c\uc5f0 \ube44\ud0c0\ubbfc E \uc219\uc2e0\uc0b0\uc5fc\uc740 \uc774 \ube44\ud0c0\ubbfc\uc758 \uac00\uc7a5 \uc798 \ud761\uc218\ub418\ub294 \ud615\ud0dc\uc785\ub2c8\ub2e4. \ud569\uc131 \ub300\uc751\ubb3c\ubcf4\ub2e4 \ud6e8\uc52c \ub354 \uc798 \ud761\uc218\ub429\ub2c8\ub2e4. \uc774\ub7ec\ud55c \uc774\uc720\ub85c \uc219\uc2e0\uc0b0\uc5fc\uc740 \ube44\ud0c0\ubbfc E\uac00 \ud48d\ubd80\ud55c \uc2dd\uc774 \ubcf4\ucda9\uc81c\uc5d0 \uac00\uc7a5 \uc77c\ubc18\uc801\uc73c\ub85c \uc0ac\uc6a9\ub418\ub294 \uc131\ubd84\uc785\ub2c8\ub2e4.  <\/p>\n","protected":false},"featured_media":42002,"template":"","meta":{"_acf_changed":false},"product_brand":[],"product_cat":[8145],"product_tag":[],"class_list":{"0":"post-42001","1":"product","2":"type-product","3":"status-publish","4":"has-post-thumbnail","6":"product_cat-bi-ta-min","8":"first","9":"instock","10":"shipping-taxable","11":"product-type-simple"},"acf":[],"yoast_head":"<!-- This site is optimized with the Yoast SEO plugin v27.4 - https:\/\/yoast.com\/product\/yoast-seo-wordpress\/ -->\n<title>\ucc9c\uc5f0 \ube44\ud0c0\ubbfc E \uc219\uc2e0\uc0b0\uc5fc - Hurtowy Dystrybutor<\/title>\n<meta name=\"robots\" content=\"index, follow, max-snippet:-1, max-image-preview:large, max-video-preview:-1\" \/>\n<link rel=\"canonical\" href=\"https:\/\/naturalpoland.com\/ko\/je-pum\/ui-yak-pum-won-ryo\/bi-ta-min\/%ec%b2%9c%ec%97%b0-%eb%b9%84%ed%83%80%eb%af%bc-e-%ec%88%99%ec%8b%a0%ec%82%b0%ec%97%bc\/\" \/>\n<meta property=\"og:locale\" content=\"ko_KR\" \/>\n<meta property=\"og:type\" content=\"article\" \/>\n<meta property=\"og:title\" content=\"\ucc9c\uc5f0 \ube44\ud0c0\ubbfc E \uc219\uc2e0\uc0b0\uc5fc - Hurtowy Dystrybutor\" \/>\n<meta property=\"og:description\" content=\"\ucc9c\uc5f0 \ube44\ud0c0\ubbfc E \uc219\uc2e0\uc0b0\uc5fc\uc740 \uc774 \ube44\ud0c0\ubbfc\uc758 \uac00\uc7a5 \uc798 \ud761\uc218\ub418\ub294 \ud615\ud0dc\uc785\ub2c8\ub2e4. \ud569\uc131 \ub300\uc751\ubb3c\ubcf4\ub2e4 \ud6e8\uc52c \ub354 \uc798 \ud761\uc218\ub429\ub2c8\ub2e4. \uc774\ub7ec\ud55c \uc774\uc720\ub85c \uc219\uc2e0\uc0b0\uc5fc\uc740 \ube44\ud0c0\ubbfc E\uac00 \ud48d\ubd80\ud55c \uc2dd\uc774 \ubcf4\ucda9\uc81c\uc5d0 \uac00\uc7a5 \uc77c\ubc18\uc801\uc73c\ub85c \uc0ac\uc6a9\ub418\ub294 \uc131\ubd84\uc785\ub2c8\ub2e4.\" \/>\n<meta property=\"og:url\" content=\"https:\/\/naturalpoland.com\/ko\/je-pum\/ui-yak-pum-won-ryo\/bi-ta-min\/%ec%b2%9c%ec%97%b0-%eb%b9%84%ed%83%80%eb%af%bc-e-%ec%88%99%ec%8b%a0%ec%82%b0%ec%97%bc\/\" \/>\n<meta property=\"og:site_name\" content=\"NATURAL POLAND - Hurtowy Dystrybutor Surowc\u00f3w\" \/>\n<meta property=\"article:publisher\" content=\"https:\/\/www.facebook.com\/naturalpoland.b2b\" \/>\n<meta property=\"article:modified_time\" content=\"2025-07-16T13:13:16+00:00\" \/>\n<meta property=\"og:image\" content=\"https:\/\/naturalpoland.com\/wp-content\/uploads\/2021\/05\/natural-vitamin-e-succinate.jpg\" \/>\n\t<meta property=\"og:image:width\" content=\"795\" \/>\n\t<meta property=\"og:image:height\" content=\"227\" \/>\n\t<meta property=\"og:image:type\" content=\"image\/jpeg\" \/>\n<script type=\"application\/ld+json\" class=\"yoast-schema-graph\">{\"@context\":\"https:\\\/\\\/schema.org\",\"@graph\":[{\"@type\":\"WebPage\",\"@id\":\"https:\\\/\\\/naturalpoland.com\\\/ko\\\/je-pum\\\/ui-yak-pum-won-ryo\\\/bi-ta-min\\\/%ec%b2%9c%ec%97%b0-%eb%b9%84%ed%83%80%eb%af%bc-e-%ec%88%99%ec%8b%a0%ec%82%b0%ec%97%bc\\\/\",\"url\":\"https:\\\/\\\/naturalpoland.com\\\/ko\\\/je-pum\\\/ui-yak-pum-won-ryo\\\/bi-ta-min\\\/%ec%b2%9c%ec%97%b0-%eb%b9%84%ed%83%80%eb%af%bc-e-%ec%88%99%ec%8b%a0%ec%82%b0%ec%97%bc\\\/\",\"name\":\"\ucc9c\uc5f0 \ube44\ud0c0\ubbfc E \uc219\uc2e0\uc0b0\uc5fc - Hurtowy Dystrybutor\",\"isPartOf\":{\"@id\":\"https:\\\/\\\/naturalpoland.com\\\/ko\\\/#website\"},\"primaryImageOfPage\":{\"@id\":\"https:\\\/\\\/naturalpoland.com\\\/ko\\\/je-pum\\\/ui-yak-pum-won-ryo\\\/bi-ta-min\\\/%ec%b2%9c%ec%97%b0-%eb%b9%84%ed%83%80%eb%af%bc-e-%ec%88%99%ec%8b%a0%ec%82%b0%ec%97%bc\\\/#primaryimage\"},\"image\":{\"@id\":\"https:\\\/\\\/naturalpoland.com\\\/ko\\\/je-pum\\\/ui-yak-pum-won-ryo\\\/bi-ta-min\\\/%ec%b2%9c%ec%97%b0-%eb%b9%84%ed%83%80%eb%af%bc-e-%ec%88%99%ec%8b%a0%ec%82%b0%ec%97%bc\\\/#primaryimage\"},\"thumbnailUrl\":\"https:\\\/\\\/naturalpoland.com\\\/wp-content\\\/uploads\\\/2021\\\/05\\\/natural-vitamin-e-succinate.jpg\",\"datePublished\":\"2021-05-11T11:36:58+00:00\",\"dateModified\":\"2025-07-16T13:13:16+00:00\",\"breadcrumb\":{\"@id\":\"https:\\\/\\\/naturalpoland.com\\\/ko\\\/je-pum\\\/ui-yak-pum-won-ryo\\\/bi-ta-min\\\/%ec%b2%9c%ec%97%b0-%eb%b9%84%ed%83%80%eb%af%bc-e-%ec%88%99%ec%8b%a0%ec%82%b0%ec%97%bc\\\/#breadcrumb\"},\"inLanguage\":\"ko-KR\",\"potentialAction\":[{\"@type\":\"ReadAction\",\"target\":[\"https:\\\/\\\/naturalpoland.com\\\/ko\\\/je-pum\\\/ui-yak-pum-won-ryo\\\/bi-ta-min\\\/%ec%b2%9c%ec%97%b0-%eb%b9%84%ed%83%80%eb%af%bc-e-%ec%88%99%ec%8b%a0%ec%82%b0%ec%97%bc\\\/\"]}]},{\"@type\":\"ImageObject\",\"inLanguage\":\"ko-KR\",\"@id\":\"https:\\\/\\\/naturalpoland.com\\\/ko\\\/je-pum\\\/ui-yak-pum-won-ryo\\\/bi-ta-min\\\/%ec%b2%9c%ec%97%b0-%eb%b9%84%ed%83%80%eb%af%bc-e-%ec%88%99%ec%8b%a0%ec%82%b0%ec%97%bc\\\/#primaryimage\",\"url\":\"https:\\\/\\\/naturalpoland.com\\\/wp-content\\\/uploads\\\/2021\\\/05\\\/natural-vitamin-e-succinate.jpg\",\"contentUrl\":\"https:\\\/\\\/naturalpoland.com\\\/wp-content\\\/uploads\\\/2021\\\/05\\\/natural-vitamin-e-succinate.jpg\",\"width\":795,\"height\":227,\"caption\":\"Bursztynian naturalnej witaminy E\"},{\"@type\":\"BreadcrumbList\",\"@id\":\"https:\\\/\\\/naturalpoland.com\\\/ko\\\/je-pum\\\/ui-yak-pum-won-ryo\\\/bi-ta-min\\\/%ec%b2%9c%ec%97%b0-%eb%b9%84%ed%83%80%eb%af%bc-e-%ec%88%99%ec%8b%a0%ec%82%b0%ec%97%bc\\\/#breadcrumb\",\"itemListElement\":[{\"@type\":\"ListItem\",\"position\":1,\"name\":\"\ud648\",\"item\":\"https:\\\/\\\/naturalpoland.com\\\/ko\\\/\"},{\"@type\":\"ListItem\",\"position\":2,\"name\":\"\uc81c\ud488\",\"item\":\"https:\\\/\\\/naturalpoland.com\\\/ko\\\/%ec%a0%9c%ed%92%88\\\/\"},{\"@type\":\"ListItem\",\"position\":3,\"name\":\"\ucc9c\uc5f0 \ube44\ud0c0\ubbfc E \uc219\uc2e0\uc0b0\uc5fc\"}]},{\"@type\":\"WebSite\",\"@id\":\"https:\\\/\\\/naturalpoland.com\\\/ko\\\/#website\",\"url\":\"https:\\\/\\\/naturalpoland.com\\\/ko\\\/\",\"name\":\"NATURAL POLAND - Hurtowy Dystrybutor Surowc\u00f3w\",\"description\":\"Surowce dla przemys\u0142u spo\u017cywczego, kosmetycznego i farmaceutycznego\",\"publisher\":{\"@id\":\"https:\\\/\\\/naturalpoland.com\\\/ko\\\/#organization\"},\"potentialAction\":[{\"@type\":\"SearchAction\",\"target\":{\"@type\":\"EntryPoint\",\"urlTemplate\":\"https:\\\/\\\/naturalpoland.com\\\/ko\\\/?s={search_term_string}\"},\"query-input\":{\"@type\":\"PropertyValueSpecification\",\"valueRequired\":true,\"valueName\":\"search_term_string\"}}],\"inLanguage\":\"ko-KR\"},{\"@type\":\"Organization\",\"@id\":\"https:\\\/\\\/naturalpoland.com\\\/ko\\\/#organization\",\"name\":\"Natural Poland\",\"url\":\"https:\\\/\\\/naturalpoland.com\\\/ko\\\/\",\"logo\":{\"@type\":\"ImageObject\",\"inLanguage\":\"ko-KR\",\"@id\":\"https:\\\/\\\/naturalpoland.com\\\/ko\\\/#\\\/schema\\\/logo\\\/image\\\/\",\"url\":\"https:\\\/\\\/naturalpoland.com\\\/wp-content\\\/uploads\\\/2021\\\/05\\\/natural-poland-icon.png\",\"contentUrl\":\"https:\\\/\\\/naturalpoland.com\\\/wp-content\\\/uploads\\\/2021\\\/05\\\/natural-poland-icon.png\",\"width\":512,\"height\":512,\"caption\":\"Natural Poland\"},\"image\":{\"@id\":\"https:\\\/\\\/naturalpoland.com\\\/ko\\\/#\\\/schema\\\/logo\\\/image\\\/\"},\"sameAs\":[\"https:\\\/\\\/www.facebook.com\\\/naturalpoland.b2b\",\"https:\\\/\\\/pl.linkedin.com\\\/company\\\/natural-poland\",\"https:\\\/\\\/www.youtube.com\\\/channel\\\/UCgeGGkvOMahZo-xu_MSEWxg\"]}]}<\/script>\n<!-- \/ Yoast SEO plugin. -->","yoast_head_json":{"title":"\ucc9c\uc5f0 \ube44\ud0c0\ubbfc E \uc219\uc2e0\uc0b0\uc5fc - Hurtowy Dystrybutor","robots":{"index":"index","follow":"follow","max-snippet":"max-snippet:-1","max-image-preview":"max-image-preview:large","max-video-preview":"max-video-preview:-1"},"canonical":"https:\/\/naturalpoland.com\/ko\/je-pum\/ui-yak-pum-won-ryo\/bi-ta-min\/%ec%b2%9c%ec%97%b0-%eb%b9%84%ed%83%80%eb%af%bc-e-%ec%88%99%ec%8b%a0%ec%82%b0%ec%97%bc\/","og_locale":"ko_KR","og_type":"article","og_title":"\ucc9c\uc5f0 \ube44\ud0c0\ubbfc E \uc219\uc2e0\uc0b0\uc5fc - Hurtowy Dystrybutor","og_description":"\ucc9c\uc5f0 \ube44\ud0c0\ubbfc E \uc219\uc2e0\uc0b0\uc5fc\uc740 \uc774 \ube44\ud0c0\ubbfc\uc758 \uac00\uc7a5 \uc798 \ud761\uc218\ub418\ub294 \ud615\ud0dc\uc785\ub2c8\ub2e4. \ud569\uc131 \ub300\uc751\ubb3c\ubcf4\ub2e4 \ud6e8\uc52c \ub354 \uc798 \ud761\uc218\ub429\ub2c8\ub2e4. \uc774\ub7ec\ud55c \uc774\uc720\ub85c \uc219\uc2e0\uc0b0\uc5fc\uc740 \ube44\ud0c0\ubbfc E\uac00 \ud48d\ubd80\ud55c \uc2dd\uc774 \ubcf4\ucda9\uc81c\uc5d0 \uac00\uc7a5 \uc77c\ubc18\uc801\uc73c\ub85c \uc0ac\uc6a9\ub418\ub294 \uc131\ubd84\uc785\ub2c8\ub2e4.","og_url":"https:\/\/naturalpoland.com\/ko\/je-pum\/ui-yak-pum-won-ryo\/bi-ta-min\/%ec%b2%9c%ec%97%b0-%eb%b9%84%ed%83%80%eb%af%bc-e-%ec%88%99%ec%8b%a0%ec%82%b0%ec%97%bc\/","og_site_name":"NATURAL POLAND - Hurtowy Dystrybutor Surowc\u00f3w","article_publisher":"https:\/\/www.facebook.com\/naturalpoland.b2b","article_modified_time":"2025-07-16T13:13:16+00:00","og_image":[{"width":795,"height":227,"url":"https:\/\/naturalpoland.com\/wp-content\/uploads\/2021\/05\/natural-vitamin-e-succinate.jpg","type":"image\/jpeg"}],"schema":{"@context":"https:\/\/schema.org","@graph":[{"@type":"WebPage","@id":"https:\/\/naturalpoland.com\/ko\/je-pum\/ui-yak-pum-won-ryo\/bi-ta-min\/%ec%b2%9c%ec%97%b0-%eb%b9%84%ed%83%80%eb%af%bc-e-%ec%88%99%ec%8b%a0%ec%82%b0%ec%97%bc\/","url":"https:\/\/naturalpoland.com\/ko\/je-pum\/ui-yak-pum-won-ryo\/bi-ta-min\/%ec%b2%9c%ec%97%b0-%eb%b9%84%ed%83%80%eb%af%bc-e-%ec%88%99%ec%8b%a0%ec%82%b0%ec%97%bc\/","name":"\ucc9c\uc5f0 \ube44\ud0c0\ubbfc E \uc219\uc2e0\uc0b0\uc5fc - Hurtowy Dystrybutor","isPartOf":{"@id":"https:\/\/naturalpoland.com\/ko\/#website"},"primaryImageOfPage":{"@id":"https:\/\/naturalpoland.com\/ko\/je-pum\/ui-yak-pum-won-ryo\/bi-ta-min\/%ec%b2%9c%ec%97%b0-%eb%b9%84%ed%83%80%eb%af%bc-e-%ec%88%99%ec%8b%a0%ec%82%b0%ec%97%bc\/#primaryimage"},"image":{"@id":"https:\/\/naturalpoland.com\/ko\/je-pum\/ui-yak-pum-won-ryo\/bi-ta-min\/%ec%b2%9c%ec%97%b0-%eb%b9%84%ed%83%80%eb%af%bc-e-%ec%88%99%ec%8b%a0%ec%82%b0%ec%97%bc\/#primaryimage"},"thumbnailUrl":"https:\/\/naturalpoland.com\/wp-content\/uploads\/2021\/05\/natural-vitamin-e-succinate.jpg","datePublished":"2021-05-11T11:36:58+00:00","dateModified":"2025-07-16T13:13:16+00:00","breadcrumb":{"@id":"https:\/\/naturalpoland.com\/ko\/je-pum\/ui-yak-pum-won-ryo\/bi-ta-min\/%ec%b2%9c%ec%97%b0-%eb%b9%84%ed%83%80%eb%af%bc-e-%ec%88%99%ec%8b%a0%ec%82%b0%ec%97%bc\/#breadcrumb"},"inLanguage":"ko-KR","potentialAction":[{"@type":"ReadAction","target":["https:\/\/naturalpoland.com\/ko\/je-pum\/ui-yak-pum-won-ryo\/bi-ta-min\/%ec%b2%9c%ec%97%b0-%eb%b9%84%ed%83%80%eb%af%bc-e-%ec%88%99%ec%8b%a0%ec%82%b0%ec%97%bc\/"]}]},{"@type":"ImageObject","inLanguage":"ko-KR","@id":"https:\/\/naturalpoland.com\/ko\/je-pum\/ui-yak-pum-won-ryo\/bi-ta-min\/%ec%b2%9c%ec%97%b0-%eb%b9%84%ed%83%80%eb%af%bc-e-%ec%88%99%ec%8b%a0%ec%82%b0%ec%97%bc\/#primaryimage","url":"https:\/\/naturalpoland.com\/wp-content\/uploads\/2021\/05\/natural-vitamin-e-succinate.jpg","contentUrl":"https:\/\/naturalpoland.com\/wp-content\/uploads\/2021\/05\/natural-vitamin-e-succinate.jpg","width":795,"height":227,"caption":"Bursztynian naturalnej witaminy E"},{"@type":"BreadcrumbList","@id":"https:\/\/naturalpoland.com\/ko\/je-pum\/ui-yak-pum-won-ryo\/bi-ta-min\/%ec%b2%9c%ec%97%b0-%eb%b9%84%ed%83%80%eb%af%bc-e-%ec%88%99%ec%8b%a0%ec%82%b0%ec%97%bc\/#breadcrumb","itemListElement":[{"@type":"ListItem","position":1,"name":"\ud648","item":"https:\/\/naturalpoland.com\/ko\/"},{"@type":"ListItem","position":2,"name":"\uc81c\ud488","item":"https:\/\/naturalpoland.com\/ko\/%ec%a0%9c%ed%92%88\/"},{"@type":"ListItem","position":3,"name":"\ucc9c\uc5f0 \ube44\ud0c0\ubbfc E \uc219\uc2e0\uc0b0\uc5fc"}]},{"@type":"WebSite","@id":"https:\/\/naturalpoland.com\/ko\/#website","url":"https:\/\/naturalpoland.com\/ko\/","name":"NATURAL POLAND - Hurtowy Dystrybutor Surowc\u00f3w","description":"Surowce dla przemys\u0142u spo\u017cywczego, kosmetycznego i farmaceutycznego","publisher":{"@id":"https:\/\/naturalpoland.com\/ko\/#organization"},"potentialAction":[{"@type":"SearchAction","target":{"@type":"EntryPoint","urlTemplate":"https:\/\/naturalpoland.com\/ko\/?s={search_term_string}"},"query-input":{"@type":"PropertyValueSpecification","valueRequired":true,"valueName":"search_term_string"}}],"inLanguage":"ko-KR"},{"@type":"Organization","@id":"https:\/\/naturalpoland.com\/ko\/#organization","name":"Natural Poland","url":"https:\/\/naturalpoland.com\/ko\/","logo":{"@type":"ImageObject","inLanguage":"ko-KR","@id":"https:\/\/naturalpoland.com\/ko\/#\/schema\/logo\/image\/","url":"https:\/\/naturalpoland.com\/wp-content\/uploads\/2021\/05\/natural-poland-icon.png","contentUrl":"https:\/\/naturalpoland.com\/wp-content\/uploads\/2021\/05\/natural-poland-icon.png","width":512,"height":512,"caption":"Natural Poland"},"image":{"@id":"https:\/\/naturalpoland.com\/ko\/#\/schema\/logo\/image\/"},"sameAs":["https:\/\/www.facebook.com\/naturalpoland.b2b","https:\/\/pl.linkedin.com\/company\/natural-poland","https:\/\/www.youtube.com\/channel\/UCgeGGkvOMahZo-xu_MSEWxg"]}]}},"_links":{"self":[{"href":"https:\/\/naturalpoland.com\/ko\/wp-json\/wp\/v2\/product\/42001","targetHints":{"allow":["GET"]}}],"collection":[{"href":"https:\/\/naturalpoland.com\/ko\/wp-json\/wp\/v2\/product"}],"about":[{"href":"https:\/\/naturalpoland.com\/ko\/wp-json\/wp\/v2\/types\/product"}],"wp:featuredmedia":[{"embeddable":true,"href":"https:\/\/naturalpoland.com\/ko\/wp-json\/wp\/v2\/media\/42002"}],"wp:attachment":[{"href":"https:\/\/naturalpoland.com\/ko\/wp-json\/wp\/v2\/media?parent=42001"}],"wp:term":[{"taxonomy":"product_brand","embeddable":true,"href":"https:\/\/naturalpoland.com\/ko\/wp-json\/wp\/v2\/product_brand?post=42001"},{"taxonomy":"product_cat","embeddable":true,"href":"https:\/\/naturalpoland.com\/ko\/wp-json\/wp\/v2\/product_cat?post=42001"},{"taxonomy":"product_tag","embeddable":true,"href":"https:\/\/naturalpoland.com\/ko\/wp-json\/wp\/v2\/product_tag?post=42001"}],"curies":[{"name":"wp","href":"https:\/\/api.w.org\/{rel}","templated":true}]}}