{"id":42007,"date":"2021-05-11T13:47:46","date_gmt":"2021-05-11T11:47:46","guid":{"rendered":"https:\/\/naturalpoland.com\/produkty\/uncategorized\/%eb%a9%94%ed%8b%b8%ec%bd%94%eb%b0%9c%eb%9d%bc%eb%af%bc-%ec%bd%94%ec%97%94%ec%9e%90%ec%9e%84-b12\/"},"modified":"2025-07-16T15:24:20","modified_gmt":"2025-07-16T13:24:20","slug":"metilkobalramin-koenjaim-b12","status":"publish","type":"product","link":"https:\/\/naturalpoland.com\/ko\/je-pum\/ui-yak-pum-won-ryo\/bi-ta-min\/metilkobalramin-koenjaim-b12\/","title":{"rendered":"\uba54\ud2f8\ucf54\ubc1c\ub77c\ubbfc (\ucf54\uc5d4\uc790\uc784 B12)"},"content":{"rendered":"<h2>\uba54\ud2f8\ucf54\ubc1c\ub77c\ubbfc\uc758 \uc8fc\uc694 \ud2b9\uc131 \ubc0f \uae30\ub2a5:<\/h2>\n<p>\uba54\ud2f8\ucf54\ubc1c\ub77c\ubbfc \ud615\ud0dc\uc758 \ube44\ud0c0\ubbfc B12\ub294 \uc870\ud608 \uae30\ub2a5\uc744 \uc9c0\uc6d0\ud558\uba70, <strong>\uc801\ud608\uad6c \uc0dd\uc131<\/strong> (\uc801\ud608\uad6c)\uc744 \ub2f4\ub2f9\ud558\uace0 DNA \ubc0f RNA \ud569\uc131 \uacfc\uc815\uc744 \ub3d5\uc2b5\ub2c8\ub2e4. \uc774\ub97c \ud1b5\ud574 \uac70\ub300\uc801\uc544\uad6c\ube48\ud608\uc744 \uc608\ubc29\ud558\uace0 \uc1e0\uc57d, \ud53c\ub85c, \uc9d1\uc911\ub825 \ubb38\uc81c, \ud53c\ubd80 \ucc3d\ubc31\ud568\uacfc \uac19\uc740 \uc99d\uc0c1\uc744 \ud53c\ud558\ub294 \ub370 \ub3c4\uc6c0\uc774 \ub429\ub2c8\ub2e4. \ube44\ud0c0\ubbfc B12\ub294 \ub610\ud55c \ubc31\ud608\uad6c \uae30\ub2a5\uc5d0 \uc601\ud5a5\uc744 \ubbf8\uce58\uba70, <strong>\uba74\uc5ed\ub825\uc744 \uc9c0\uc6d0<\/strong>\ud558\uace0 \uac10\uc5fc\uacfc \uc2f8\uc6b0\ub294 \uc2e0\uccb4\uc758 \ub2a5\ub825\uc744 \ub3d5\uc2b5\ub2c8\ub2e4.<\/p>\n<p>B12\ub294 \ub610\ud55c \ub274\ub7f0\uc758 \ubcf4\ud638\ub9c9\uc778 <strong>\ubbf8\uc5d8\ub9b0 \ud569\uc131<\/strong>\uc5d0 \ud544\uc218\uc801\uc774\uba70, \uc774\ub294 \uc2e0\uacbd \uc804\ub3c4 \uac1c\uc120\uc5d0 \uae30\uc5ec\ud569\ub2c8\ub2e4. \uc778\uc9c0 \uae30\ub2a5\uc5d0 \uae0d\uc815\uc801\uc778 \uc601\ud5a5\uc744 \ubbf8\uccd0 \uae30\uc5b5\ub825\uacfc \uc9d1\uc911\ub825\uc744 \ud5a5\uc0c1\uc2dc\ud0a4\uace0, \uc2e0\uacbd \ud1f4\ud589\uc131 \uc9c8\ud658 \ubc0f \uc6b0\uc6b8\uc99d\uc758 \uc704\ud5d8\uc744 \uc904\uc785\ub2c8\ub2e4.<\/p>\n<p>\ube44\ud0c0\ubbfc B12\ub294 <strong>\ud53c\ub85c\ub97c \uc904\uc774\uace0<\/strong> \uc5d0\ub108\uc9c0 \ub300\uc0ac\ub97c \uac1c\uc120\ud558\ub294 \ub370 \ub3c4\uc6c0\uc774 \ub429\ub2c8\ub2e4. \ub610\ud55c, \uba54\ud2f8\ucf54\ubc1c\ub77c\ubbfc\uc740 \uc2ec\ud608\uad00 \uc9c8\ud658 \uc704\ud5d8\uacfc \uad00\ub828\ub41c \uc544\ubbf8\ub178\uc0b0\uc778 <strong>\ud638\ubaa8\uc2dc\uc2a4\ud14c\uc778 \uc218\uce58\ub97c \ub0ae\ucd94\ub294<\/strong> \ub370 \ub3c4\uc6c0\uc774 \ub429\ub2c8\ub2e4. \ud638\ubaa8\uc2dc\uc2a4\ud14c\uc778 \uc218\uce58 \uc870\uc808\uc744 \ud1b5\ud574 \ub3d9\ub9e5\uacbd\ud654, \uc2ec\uc7a5\ub9c8\ube44, \ub1cc\uc878\uc911\uc758 \uc704\ud5d8\uc744 \uc904\uc785\ub2c8\ub2e4.<\/p>\n<p><strong>\ube44\ud0c0\ubbfc B12\uc758 \ucc9c\uc5f0 \uacf5\uae09\uc6d0<\/strong>\uc740 \uc8fc\ub85c \uc721\ub958, \uc0dd\uc120, \uacc4\ub780, \uc720\uc81c\ud488\uacfc \uac19\uc740 \ub3d9\ubb3c\uc131 \uc81c\ud488\uc774\ubbc0\ub85c, \uc2dd\ubb3c\uc131 \uc2dd\ub2e8\uc744 \ub530\ub974\ub294 \uc0ac\ub78c\ub4e4\uc5d0\uac8c \ubcf4\ucda9\uc81c \uc12d\ucde8\ub294 \ud544\uc218\uc801\uc785\ub2c8\ub2e4. \uba54\ud2f8\ucf54\ubc1c\ub77c\ubbfc \ubcf4\ucda9\uc81c\ub294 \ub610\ud55c \ub178\uc778\ub4e4\uc5d0\uac8c \uad8c\uc7a5\ub418\ub294\ub370, \uc774 \ube44\ud0c0\ubbfc\uc758 \ud761\uc218 \ub2a5\ub825\uc774 \ub098\uc774\uac00 \ub4e4\uba74\uc11c \uac10\uc18c\ud558\uae30 \ub54c\ubb38\uc785\ub2c8\ub2e4.<\/p>\n<p><strong>\uad8c\uc7a5 \ubcf5\uc6a9\ub7c9 \ubc0f \uc0ac\uc6a9 \uc548\uc804\uc131<\/strong> \u2013 \uba54\ud2f8\ucf54\ubc1c\ub77c\ubbfc \ubcf4\ucda9\uc81c\ub294 \uac1c\uc778\uc758 \ud544\uc694\uc5d0 \ub530\ub77c \uc870\uc808\ud574\uc57c \ud558\uba70, \uc77c\ubc18\uc801\uc73c\ub85c \uc758\uc0ac \ub610\ub294 \uc601\uc591\uc0ac\uc758 \uac10\ub3c5 \ud558\uc5d0 \ud558\ub8e8 500~1000 \u00b5g \uc6a9\ub7c9\uc73c\ub85c \uc12d\ucde8\ud569\ub2c8\ub2e4. \ube44\ud0c0\ubbfc B12\ub294 \uc548\uc804\ud558\uba70 \uccb4\ub0b4\uc5d0 \ucd95\uc801\ub418\uc9c0 \uc54a\uc2b5\ub2c8\ub2e4. \uacfc\ub3c4\ud55c \uc591\uc740 \uc18c\ubcc0\uacfc \ud568\uaed8 \ubc30\ucd9c\ub418\uae30 \ub54c\ubb38\uc785\ub2c8\ub2e4.<\/p>\n","protected":false},"excerpt":{"rendered":"<p><strong>\uba54\ud2f8\ucf54\ubc1c\ub77c\ubbfc<\/strong> (\ucf54\uc5d4\uc790\uc784 B12)\uc740 \uc0dd\uccb4 \ud65c\uc131 \ud615\ud0dc\uc758 <strong>\ube44\ud0c0\ubbfc B12<\/strong>\ub85c \ud761\uc218\uc728\uc774 \ub192\uc2b5\ub2c8\ub2e4. \ud2b9\ud788 \ube44\uac74 \ubc0f \ucc44\uc2dd\uc8fc\uc758\uc790, \ub178\uc778, \uadf8\ub9ac\uace0 \uc774 \ube44\ud0c0\ubbfc \uacb0\ud54d\uc5d0 \ucde8\uc57d\ud55c \ud761\uc218 \uc7a5\uc560\uac00 \uc788\ub294 \uc0ac\ub78c\ub4e4\uc744 \uc704\ud55c \uc778\uae30 \uc788\ub294 \uac74\uac15 \ubcf4\uc870 \uc2dd\ud488 \uc131\ubd84\uc785\ub2c8\ub2e4.<\/p>\n<p>&nbsp;<\/p>\n","protected":false},"featured_media":42009,"template":"","meta":{"_acf_changed":false},"product_brand":[],"product_cat":[8145],"product_tag":[],"class_list":{"0":"post-42007","1":"product","2":"type-product","3":"status-publish","4":"has-post-thumbnail","6":"product_cat-bi-ta-min","8":"first","9":"instock","10":"shipping-taxable","11":"product-type-simple"},"acf":[],"yoast_head":"<!-- This site is optimized with the Yoast SEO plugin v27.4 - https:\/\/yoast.com\/product\/yoast-seo-wordpress\/ -->\n<title>\uba54\ud2f8\ucf54\ubc1c\ub77c\ubbfc (\ucf54\uc5d4\uc790\uc784 B12) - \uc6d0\uc790\uc7ac \ub3c4\ub9e4 \uc720\ud1b5\uc5c5\uccb4 - NATURAL POLAND - Hurtowy Dystrybutor Surowc\u00f3w<\/title>\n<meta name=\"description\" content=\"\uba54\ud2f8\ucf54\ubc1c\ub77c\ubbfc\uc740 \ube44\ud0c0\ubbfc B12 \uacb0\ud54d \uc608\ubc29 \ubc0f \uce58\ub8cc\uc5d0 \uc911\uc694\ud558\uba70, \uc2e0\uacbd\uacc4, \uba74\uc5ed\uacc4, \ud608\uc561\uacc4 \uac74\uac15\uc744 \uc9c0\uc6d0\ud569\ub2c8\ub2e4.\" \/>\n<meta name=\"robots\" content=\"index, follow, max-snippet:-1, max-image-preview:large, max-video-preview:-1\" \/>\n<link rel=\"canonical\" href=\"https:\/\/naturalpoland.com\/ko\/je-pum\/ui-yak-pum-won-ryo\/bi-ta-min\/metilkobalramin-koenjaim-b12\/\" \/>\n<meta property=\"og:locale\" content=\"ko_KR\" \/>\n<meta property=\"og:type\" content=\"article\" \/>\n<meta property=\"og:title\" content=\"\uba54\ud2f8\ucf54\ubc1c\ub77c\ubbfc (\ucf54\uc5d4\uc790\uc784 B12) - \uc6d0\uc790\uc7ac \ub3c4\ub9e4 \uc720\ud1b5\uc5c5\uccb4 - NATURAL POLAND - Hurtowy Dystrybutor Surowc\u00f3w\" \/>\n<meta property=\"og:description\" content=\"\uba54\ud2f8\ucf54\ubc1c\ub77c\ubbfc\uc740 \ube44\ud0c0\ubbfc B12 \uacb0\ud54d \uc608\ubc29 \ubc0f \uce58\ub8cc\uc5d0 \uc911\uc694\ud558\uba70, \uc2e0\uacbd\uacc4, \uba74\uc5ed\uacc4, \ud608\uc561\uacc4 \uac74\uac15\uc744 \uc9c0\uc6d0\ud569\ub2c8\ub2e4.\" \/>\n<meta property=\"og:url\" content=\"https:\/\/naturalpoland.com\/ko\/je-pum\/ui-yak-pum-won-ryo\/bi-ta-min\/metilkobalramin-koenjaim-b12\/\" \/>\n<meta property=\"og:site_name\" content=\"NATURAL POLAND - Hurtowy Dystrybutor Surowc\u00f3w\" \/>\n<meta property=\"article:publisher\" content=\"https:\/\/www.facebook.com\/naturalpoland.b2b\" \/>\n<meta property=\"article:modified_time\" content=\"2025-07-16T13:24:20+00:00\" \/>\n<meta property=\"og:image\" content=\"https:\/\/naturalpoland.com\/wp-content\/uploads\/metylokobalamina.webp\" \/>\n\t<meta property=\"og:image:width\" content=\"700\" \/>\n\t<meta property=\"og:image:height\" content=\"700\" \/>\n\t<meta property=\"og:image:type\" content=\"image\/webp\" \/>\n<script type=\"application\/ld+json\" class=\"yoast-schema-graph\">{\"@context\":\"https:\\\/\\\/schema.org\",\"@graph\":[{\"@type\":\"WebPage\",\"@id\":\"https:\\\/\\\/naturalpoland.com\\\/ko\\\/je-pum\\\/ui-yak-pum-won-ryo\\\/bi-ta-min\\\/metilkobalramin-koenjaim-b12\\\/\",\"url\":\"https:\\\/\\\/naturalpoland.com\\\/ko\\\/je-pum\\\/ui-yak-pum-won-ryo\\\/bi-ta-min\\\/metilkobalramin-koenjaim-b12\\\/\",\"name\":\"\uba54\ud2f8\ucf54\ubc1c\ub77c\ubbfc (\ucf54\uc5d4\uc790\uc784 B12) - \uc6d0\uc790\uc7ac \ub3c4\ub9e4 \uc720\ud1b5\uc5c5\uccb4 - NATURAL POLAND - Hurtowy Dystrybutor Surowc\u00f3w\",\"isPartOf\":{\"@id\":\"https:\\\/\\\/naturalpoland.com\\\/ko\\\/#website\"},\"primaryImageOfPage\":{\"@id\":\"https:\\\/\\\/naturalpoland.com\\\/ko\\\/je-pum\\\/ui-yak-pum-won-ryo\\\/bi-ta-min\\\/metilkobalramin-koenjaim-b12\\\/#primaryimage\"},\"image\":{\"@id\":\"https:\\\/\\\/naturalpoland.com\\\/ko\\\/je-pum\\\/ui-yak-pum-won-ryo\\\/bi-ta-min\\\/metilkobalramin-koenjaim-b12\\\/#primaryimage\"},\"thumbnailUrl\":\"https:\\\/\\\/naturalpoland.com\\\/wp-content\\\/uploads\\\/metylokobalamina.webp\",\"datePublished\":\"2021-05-11T11:47:46+00:00\",\"dateModified\":\"2025-07-16T13:24:20+00:00\",\"description\":\"\uba54\ud2f8\ucf54\ubc1c\ub77c\ubbfc\uc740 \ube44\ud0c0\ubbfc B12 \uacb0\ud54d \uc608\ubc29 \ubc0f \uce58\ub8cc\uc5d0 \uc911\uc694\ud558\uba70, \uc2e0\uacbd\uacc4, \uba74\uc5ed\uacc4, \ud608\uc561\uacc4 \uac74\uac15\uc744 \uc9c0\uc6d0\ud569\ub2c8\ub2e4.\",\"breadcrumb\":{\"@id\":\"https:\\\/\\\/naturalpoland.com\\\/ko\\\/je-pum\\\/ui-yak-pum-won-ryo\\\/bi-ta-min\\\/metilkobalramin-koenjaim-b12\\\/#breadcrumb\"},\"inLanguage\":\"ko-KR\",\"potentialAction\":[{\"@type\":\"ReadAction\",\"target\":[\"https:\\\/\\\/naturalpoland.com\\\/ko\\\/je-pum\\\/ui-yak-pum-won-ryo\\\/bi-ta-min\\\/metilkobalramin-koenjaim-b12\\\/\"]}]},{\"@type\":\"ImageObject\",\"inLanguage\":\"ko-KR\",\"@id\":\"https:\\\/\\\/naturalpoland.com\\\/ko\\\/je-pum\\\/ui-yak-pum-won-ryo\\\/bi-ta-min\\\/metilkobalramin-koenjaim-b12\\\/#primaryimage\",\"url\":\"https:\\\/\\\/naturalpoland.com\\\/wp-content\\\/uploads\\\/metylokobalamina.webp\",\"contentUrl\":\"https:\\\/\\\/naturalpoland.com\\\/wp-content\\\/uploads\\\/metylokobalamina.webp\",\"width\":700,\"height\":700,\"caption\":\"Metylokobalamina, witamina B12\"},{\"@type\":\"BreadcrumbList\",\"@id\":\"https:\\\/\\\/naturalpoland.com\\\/ko\\\/je-pum\\\/ui-yak-pum-won-ryo\\\/bi-ta-min\\\/metilkobalramin-koenjaim-b12\\\/#breadcrumb\",\"itemListElement\":[{\"@type\":\"ListItem\",\"position\":1,\"name\":\"\ud648\",\"item\":\"https:\\\/\\\/naturalpoland.com\\\/ko\\\/\"},{\"@type\":\"ListItem\",\"position\":2,\"name\":\"\uc81c\ud488\",\"item\":\"https:\\\/\\\/naturalpoland.com\\\/ko\\\/%ec%a0%9c%ed%92%88\\\/\"},{\"@type\":\"ListItem\",\"position\":3,\"name\":\"\uba54\ud2f8\ucf54\ubc1c\ub77c\ubbfc (\ucf54\uc5d4\uc790\uc784 B12)\"}]},{\"@type\":\"WebSite\",\"@id\":\"https:\\\/\\\/naturalpoland.com\\\/ko\\\/#website\",\"url\":\"https:\\\/\\\/naturalpoland.com\\\/ko\\\/\",\"name\":\"NATURAL POLAND - Hurtowy Dystrybutor Surowc\u00f3w\",\"description\":\"Surowce dla przemys\u0142u spo\u017cywczego, kosmetycznego i farmaceutycznego\",\"publisher\":{\"@id\":\"https:\\\/\\\/naturalpoland.com\\\/ko\\\/#organization\"},\"potentialAction\":[{\"@type\":\"SearchAction\",\"target\":{\"@type\":\"EntryPoint\",\"urlTemplate\":\"https:\\\/\\\/naturalpoland.com\\\/ko\\\/?s={search_term_string}\"},\"query-input\":{\"@type\":\"PropertyValueSpecification\",\"valueRequired\":true,\"valueName\":\"search_term_string\"}}],\"inLanguage\":\"ko-KR\"},{\"@type\":\"Organization\",\"@id\":\"https:\\\/\\\/naturalpoland.com\\\/ko\\\/#organization\",\"name\":\"Natural Poland\",\"url\":\"https:\\\/\\\/naturalpoland.com\\\/ko\\\/\",\"logo\":{\"@type\":\"ImageObject\",\"inLanguage\":\"ko-KR\",\"@id\":\"https:\\\/\\\/naturalpoland.com\\\/ko\\\/#\\\/schema\\\/logo\\\/image\\\/\",\"url\":\"https:\\\/\\\/naturalpoland.com\\\/wp-content\\\/uploads\\\/2021\\\/05\\\/natural-poland-icon.png\",\"contentUrl\":\"https:\\\/\\\/naturalpoland.com\\\/wp-content\\\/uploads\\\/2021\\\/05\\\/natural-poland-icon.png\",\"width\":512,\"height\":512,\"caption\":\"Natural Poland\"},\"image\":{\"@id\":\"https:\\\/\\\/naturalpoland.com\\\/ko\\\/#\\\/schema\\\/logo\\\/image\\\/\"},\"sameAs\":[\"https:\\\/\\\/www.facebook.com\\\/naturalpoland.b2b\",\"https:\\\/\\\/pl.linkedin.com\\\/company\\\/natural-poland\",\"https:\\\/\\\/www.youtube.com\\\/channel\\\/UCgeGGkvOMahZo-xu_MSEWxg\"]}]}<\/script>\n<!-- \/ Yoast SEO plugin. -->","yoast_head_json":{"title":"\uba54\ud2f8\ucf54\ubc1c\ub77c\ubbfc (\ucf54\uc5d4\uc790\uc784 B12) - \uc6d0\uc790\uc7ac \ub3c4\ub9e4 \uc720\ud1b5\uc5c5\uccb4 - NATURAL POLAND - Hurtowy Dystrybutor Surowc\u00f3w","description":"\uba54\ud2f8\ucf54\ubc1c\ub77c\ubbfc\uc740 \ube44\ud0c0\ubbfc B12 \uacb0\ud54d \uc608\ubc29 \ubc0f \uce58\ub8cc\uc5d0 \uc911\uc694\ud558\uba70, \uc2e0\uacbd\uacc4, \uba74\uc5ed\uacc4, \ud608\uc561\uacc4 \uac74\uac15\uc744 \uc9c0\uc6d0\ud569\ub2c8\ub2e4.","robots":{"index":"index","follow":"follow","max-snippet":"max-snippet:-1","max-image-preview":"max-image-preview:large","max-video-preview":"max-video-preview:-1"},"canonical":"https:\/\/naturalpoland.com\/ko\/je-pum\/ui-yak-pum-won-ryo\/bi-ta-min\/metilkobalramin-koenjaim-b12\/","og_locale":"ko_KR","og_type":"article","og_title":"\uba54\ud2f8\ucf54\ubc1c\ub77c\ubbfc (\ucf54\uc5d4\uc790\uc784 B12) - \uc6d0\uc790\uc7ac \ub3c4\ub9e4 \uc720\ud1b5\uc5c5\uccb4 - NATURAL POLAND - Hurtowy Dystrybutor Surowc\u00f3w","og_description":"\uba54\ud2f8\ucf54\ubc1c\ub77c\ubbfc\uc740 \ube44\ud0c0\ubbfc B12 \uacb0\ud54d \uc608\ubc29 \ubc0f \uce58\ub8cc\uc5d0 \uc911\uc694\ud558\uba70, \uc2e0\uacbd\uacc4, \uba74\uc5ed\uacc4, \ud608\uc561\uacc4 \uac74\uac15\uc744 \uc9c0\uc6d0\ud569\ub2c8\ub2e4.","og_url":"https:\/\/naturalpoland.com\/ko\/je-pum\/ui-yak-pum-won-ryo\/bi-ta-min\/metilkobalramin-koenjaim-b12\/","og_site_name":"NATURAL POLAND - Hurtowy Dystrybutor Surowc\u00f3w","article_publisher":"https:\/\/www.facebook.com\/naturalpoland.b2b","article_modified_time":"2025-07-16T13:24:20+00:00","og_image":[{"width":700,"height":700,"url":"https:\/\/naturalpoland.com\/wp-content\/uploads\/metylokobalamina.webp","type":"image\/webp"}],"schema":{"@context":"https:\/\/schema.org","@graph":[{"@type":"WebPage","@id":"https:\/\/naturalpoland.com\/ko\/je-pum\/ui-yak-pum-won-ryo\/bi-ta-min\/metilkobalramin-koenjaim-b12\/","url":"https:\/\/naturalpoland.com\/ko\/je-pum\/ui-yak-pum-won-ryo\/bi-ta-min\/metilkobalramin-koenjaim-b12\/","name":"\uba54\ud2f8\ucf54\ubc1c\ub77c\ubbfc (\ucf54\uc5d4\uc790\uc784 B12) - \uc6d0\uc790\uc7ac \ub3c4\ub9e4 \uc720\ud1b5\uc5c5\uccb4 - NATURAL POLAND - Hurtowy Dystrybutor Surowc\u00f3w","isPartOf":{"@id":"https:\/\/naturalpoland.com\/ko\/#website"},"primaryImageOfPage":{"@id":"https:\/\/naturalpoland.com\/ko\/je-pum\/ui-yak-pum-won-ryo\/bi-ta-min\/metilkobalramin-koenjaim-b12\/#primaryimage"},"image":{"@id":"https:\/\/naturalpoland.com\/ko\/je-pum\/ui-yak-pum-won-ryo\/bi-ta-min\/metilkobalramin-koenjaim-b12\/#primaryimage"},"thumbnailUrl":"https:\/\/naturalpoland.com\/wp-content\/uploads\/metylokobalamina.webp","datePublished":"2021-05-11T11:47:46+00:00","dateModified":"2025-07-16T13:24:20+00:00","description":"\uba54\ud2f8\ucf54\ubc1c\ub77c\ubbfc\uc740 \ube44\ud0c0\ubbfc B12 \uacb0\ud54d \uc608\ubc29 \ubc0f \uce58\ub8cc\uc5d0 \uc911\uc694\ud558\uba70, \uc2e0\uacbd\uacc4, \uba74\uc5ed\uacc4, \ud608\uc561\uacc4 \uac74\uac15\uc744 \uc9c0\uc6d0\ud569\ub2c8\ub2e4.","breadcrumb":{"@id":"https:\/\/naturalpoland.com\/ko\/je-pum\/ui-yak-pum-won-ryo\/bi-ta-min\/metilkobalramin-koenjaim-b12\/#breadcrumb"},"inLanguage":"ko-KR","potentialAction":[{"@type":"ReadAction","target":["https:\/\/naturalpoland.com\/ko\/je-pum\/ui-yak-pum-won-ryo\/bi-ta-min\/metilkobalramin-koenjaim-b12\/"]}]},{"@type":"ImageObject","inLanguage":"ko-KR","@id":"https:\/\/naturalpoland.com\/ko\/je-pum\/ui-yak-pum-won-ryo\/bi-ta-min\/metilkobalramin-koenjaim-b12\/#primaryimage","url":"https:\/\/naturalpoland.com\/wp-content\/uploads\/metylokobalamina.webp","contentUrl":"https:\/\/naturalpoland.com\/wp-content\/uploads\/metylokobalamina.webp","width":700,"height":700,"caption":"Metylokobalamina, witamina B12"},{"@type":"BreadcrumbList","@id":"https:\/\/naturalpoland.com\/ko\/je-pum\/ui-yak-pum-won-ryo\/bi-ta-min\/metilkobalramin-koenjaim-b12\/#breadcrumb","itemListElement":[{"@type":"ListItem","position":1,"name":"\ud648","item":"https:\/\/naturalpoland.com\/ko\/"},{"@type":"ListItem","position":2,"name":"\uc81c\ud488","item":"https:\/\/naturalpoland.com\/ko\/%ec%a0%9c%ed%92%88\/"},{"@type":"ListItem","position":3,"name":"\uba54\ud2f8\ucf54\ubc1c\ub77c\ubbfc (\ucf54\uc5d4\uc790\uc784 B12)"}]},{"@type":"WebSite","@id":"https:\/\/naturalpoland.com\/ko\/#website","url":"https:\/\/naturalpoland.com\/ko\/","name":"NATURAL POLAND - Hurtowy Dystrybutor Surowc\u00f3w","description":"Surowce dla przemys\u0142u spo\u017cywczego, kosmetycznego i farmaceutycznego","publisher":{"@id":"https:\/\/naturalpoland.com\/ko\/#organization"},"potentialAction":[{"@type":"SearchAction","target":{"@type":"EntryPoint","urlTemplate":"https:\/\/naturalpoland.com\/ko\/?s={search_term_string}"},"query-input":{"@type":"PropertyValueSpecification","valueRequired":true,"valueName":"search_term_string"}}],"inLanguage":"ko-KR"},{"@type":"Organization","@id":"https:\/\/naturalpoland.com\/ko\/#organization","name":"Natural Poland","url":"https:\/\/naturalpoland.com\/ko\/","logo":{"@type":"ImageObject","inLanguage":"ko-KR","@id":"https:\/\/naturalpoland.com\/ko\/#\/schema\/logo\/image\/","url":"https:\/\/naturalpoland.com\/wp-content\/uploads\/2021\/05\/natural-poland-icon.png","contentUrl":"https:\/\/naturalpoland.com\/wp-content\/uploads\/2021\/05\/natural-poland-icon.png","width":512,"height":512,"caption":"Natural Poland"},"image":{"@id":"https:\/\/naturalpoland.com\/ko\/#\/schema\/logo\/image\/"},"sameAs":["https:\/\/www.facebook.com\/naturalpoland.b2b","https:\/\/pl.linkedin.com\/company\/natural-poland","https:\/\/www.youtube.com\/channel\/UCgeGGkvOMahZo-xu_MSEWxg"]}]}},"_links":{"self":[{"href":"https:\/\/naturalpoland.com\/ko\/wp-json\/wp\/v2\/product\/42007","targetHints":{"allow":["GET"]}}],"collection":[{"href":"https:\/\/naturalpoland.com\/ko\/wp-json\/wp\/v2\/product"}],"about":[{"href":"https:\/\/naturalpoland.com\/ko\/wp-json\/wp\/v2\/types\/product"}],"wp:featuredmedia":[{"embeddable":true,"href":"https:\/\/naturalpoland.com\/ko\/wp-json\/wp\/v2\/media\/42009"}],"wp:attachment":[{"href":"https:\/\/naturalpoland.com\/ko\/wp-json\/wp\/v2\/media?parent=42007"}],"wp:term":[{"taxonomy":"product_brand","embeddable":true,"href":"https:\/\/naturalpoland.com\/ko\/wp-json\/wp\/v2\/product_brand?post=42007"},{"taxonomy":"product_cat","embeddable":true,"href":"https:\/\/naturalpoland.com\/ko\/wp-json\/wp\/v2\/product_cat?post=42007"},{"taxonomy":"product_tag","embeddable":true,"href":"https:\/\/naturalpoland.com\/ko\/wp-json\/wp\/v2\/product_tag?post=42007"}],"curies":[{"name":"wp","href":"https:\/\/api.w.org\/{rel}","templated":true}]}}