{"id":42010,"date":"2021-07-06T12:04:39","date_gmt":"2021-07-06T10:04:39","guid":{"rendered":"https:\/\/naturalpoland.com\/produkty\/uncategorized\/%eb%b9%84%ed%83%80%eb%af%bc-e-%ed%86%a0%ec%bd%94%ed%8e%98%eb%a6%b4-%ec%95%84%ec%84%b8%ed%85%8c%ec%9d%b4%ed%8a%b8\/"},"modified":"2025-07-16T15:23:56","modified_gmt":"2025-07-16T13:23:56","slug":"bitamin-e-tokoperil-aseteiteu","status":"publish","type":"product","link":"https:\/\/naturalpoland.com\/ko\/je-pum\/ui-yak-pum-won-ryo\/bi-ta-min\/bitamin-e-tokoperil-aseteiteu\/","title":{"rendered":"\ube44\ud0c0\ubbfc E (\ud1a0\ucf54\ud398\ub9b4 \uc544\uc138\ud14c\uc774\ud2b8)"},"content":{"rendered":"<p>\ube44\ud0c0\ubbfc E\ub294 \ub610\ud55c <strong>dl-\u03b1-\ud1a0\ucf54\ud398\ub9b4 \uc544\uc138\ud14c\uc774\ud2b8<\/strong> (<em><strong>dl-\u03b1-Tocopheryl Acetate<\/strong><\/em>)\ub85c \uc54c\ub824\uc838 \uc788\uc2b5\ub2c8\ub2e4. \uc774\ub294 \uc2dd\ud488, \uc81c\uc57d, \ud654\uc7a5\ud488 \uc0b0\uc5c5\uc5d0\uc11c \ub110\ub9ac \uc0ac\uc6a9\ub418\ub294 \uac15\ub825\ud55c \ud56d\uc0b0\ud654\uc81c\uc785\ub2c8\ub2e4. \ubcf4\ud638 \ubc0f \uc7ac\uc0dd \ud2b9\uc131 \ub355\ubd84\uc5d0 \uc790\uc720 \ub77c\ub514\uce7c\uc744 \uc911\ud654\ud558\uace0 \ud53c\ubd80 \ubc0f \uc2e0\uccb4 \uac74\uac15\uc744 \uc9c0\uc6d0\ud558\ub294 \ub2a5\ub825\uc73c\ub85c \ub192\uc774 \ud3c9\uac00\ub429\ub2c8\ub2e4.<\/p>\n<h2>Tocopheryl Acetate (\ud1a0\ucf54\ud398\ub9b4 \uc544\uc138\ud14c\uc774\ud2b8):<\/h2>\n<ul>\n<li>\ube44\ud0c0\ubbfc E\uc640 \uc544\uc138\ud2b8\uc0b0\uc744 \uacb0\ud569\ud558\uc5ec \uc0dd\uc131\ub418\uba70, \uc774\ub294 \ud654\ud559\uc801 \uc548\uc815\uc131\uc744 \ub192\uc785\ub2c8\ub2e4.<\/li>\n<li>\uc0b0\ud654\uc5d0 \ub300\ud55c \uc800\ud56d\uc131\uacfc \uae34 \uc720\ud1b5 \uae30\ud55c \ub54c\ubb38\uc5d0 \uc8fc\ub85c \ud654\uc7a5\ud488 \ubc0f \uac74\uac15 \ubcf4\uc870 \uc2dd\ud488\uc5d0 \uc0ac\uc6a9\ub429\ub2c8\ub2e4.<\/li>\n<li>\ud56d\uc0b0\ud654 \uc791\uc6a9\uc744 \ud558\uc9c0\ub9cc, \ud65c\uc131 \uc54c\ud30c-\ud1a0\ucf54\ud398\ub864\uc744 \ubc29\ucd9c\ud558\uae30 \uc704\ud574 \uccb4\ub0b4\uc5d0\uc11c \ud6a8\uc18c\uc801 \ubcc0\ud658\uc774 \ud544\uc694\ud569\ub2c8\ub2e4.<\/li>\n<li>\ud53c\ubd80 \uad00\ub9ac \uc81c\ud488\uc5d0 \ub110\ub9ac \uc0ac\uc6a9\ub418\uba70, \ubcf4\ud638 \uc791\uc6a9\uc744 \ud558\uace0 \ud45c\ud53c \uc7ac\uc0dd\uc744 \ub3d5\uc2b5\ub2c8\ub2e4.<\/li>\n<\/ul>\n<h2>Tocopheryl Acetate\uc758 \ud2b9\uc131:<\/h2>\n<ol>\n<li>\uac15\ub825\ud55c \ud56d\uc0b0\ud654\uc81c\ub85c \uc791\uc6a9\ud558\uc5ec, \uc790\uc720 \ub77c\ub514\uce7c\ub85c \uc778\ud55c \uc190\uc0c1\uc73c\ub85c\ubd80\ud130 \uc138\ud3ec\ub97c \ubcf4\ud638\ud569\ub2c8\ub2e4.<\/li>\n<li>\ud654\uc7a5\ud488\uc5d0\uc11c \ube44\ud0c0\ubbfc E\ub294 \ud53c\ubd80 \ubcf4\uc2b5 \ubc0f \uc7ac\uc0dd\uc744 \ub3d5\uace0, \ud749\ud130\uc640 \uc0c9\uc18c \uce68\ucc29\uc758 \uac00\uc2dc\uc131\uc744 \uc904\uc5ec\uc90d\ub2c8\ub2e4.<\/li>\n<li>\uac74\uac15 \ubcf4\uc870 \uc2dd\ud488\uc5d0\uc11c \ube44\ud0c0\ubbfc E\ub294 \uba74\uc5ed \uccb4\uacc4 \uae30\ub2a5\uc744 \uc9c0\uc6d0\ud558\uace0, \ud608\uc561 \uc21c\ud658\uc744 \uac1c\uc120\ud558\uba70 \uc2ec\uc7a5 \uac74\uac15\uc744 \ub3d5\uc2b5\ub2c8\ub2e4.<\/li>\n<\/ol>\n<h2>\uc801\uc6a9 \ubd84\uc57c:<\/h2>\n<p><strong>\uc2dd\ud488 \uc0b0\uc5c5<\/strong><\/p>\n<p>\ube44\ud0c0\ubbfc E\ub294 \uc0b0\ud654 \ubc29\uc9c0\uc81c\ub85c \uc2dd\ud488\uc5d0 \ucca8\uac00\ub418\uc5b4, \uc9c0\ubc29\uc758 \uc0b0\ud328\ub97c \ubc29\uc9c0\ud558\uace0 \uc2dd\ud488\uc758 \uc720\ud1b5 \uae30\ud55c\uc744 \uc5f0\uc7a5\ud569\ub2c8\ub2e4. \ub610\ud55c \uac74\uac15 \ubcf4\uc870 \uc2dd\ud488\uc5d0\ub3c4 \uc0ac\uc6a9\ub418\uc5b4 \ud544\uc218 \uc601\uc591\uc18c\ub97c \ud48d\ubd80\ud558\uac8c \ud569\ub2c8\ub2e4.<\/p>\n<p><strong>\ud654\uc7a5\ud488 \uc0b0\uc5c5<\/strong><\/p>\n<p>\ud06c\ub9bc, \ub85c\uc158, \uc138\ub7fc, \uc5bc\uad74 \ubc0f \ubc14\ub514 \uc624\uc77c\uc5d0 \uc0ac\uc6a9\ub429\ub2c8\ub2e4. \ube44\ud0c0\ubbfc E\ub294 \ud53c\ubd80 \ubcf4\uc2b5\uc744 \uac1c\uc120\ud558\uace0 \uc7ac\uc0dd\uc744 \uc9c0\uc6d0\ud558\uba70 \uc720\ud574\ud55c \uc790\uc678\uc120\uc73c\ub85c\ubd80\ud130 \ubcf4\ud638\ud569\ub2c8\ub2e4.<\/p>\n<p><strong>\uc81c\uc57d \uc0b0\uc5c5<\/strong><\/p>\n<p>\ube44\ud0c0\ubbfc E\ub294 \ucea1\uc290 \ubc0f \uc815\uc81c \uc0dd\uc0b0\uc5d0 \uc0ac\uc6a9\ub418\uba70, \uc2ec\uc7a5, \ud53c\ubd80 \ubc0f \uba74\uc5ed \uccb4\uacc4 \uac74\uac15\uc744 \uc9c0\uc6d0\ud558\ub294 \uc131\ubd84\uc73c\ub85c \ud65c\uc6a9\ub429\ub2c8\ub2e4. \ub610\ud55c \uc0c1\ucc98 \uce58\uc720 \ubc0f \ud749\ud130 \uac10\uc18c\ub97c \ub3d5\ub294 \uc81c\uc81c\uc5d0\ub3c4 \uc0ac\uc6a9\ub429\ub2c8\ub2e4.<\/p>\n","protected":false},"excerpt":{"rendered":"<p>\ub2f9\uc0ac\ub294 \ud654\uc7a5\ud488, \uc2dd\ud488 \ubc0f \uc81c\uc57d \uc0dd\uc0b0\uc744 \uc704\ud55c <strong>\ube44\ud0c0\ubbfc E (<em>Tocopheryl Acetate<\/em>)<\/strong>\uc758 \ub3c4\ub9e4 \uc720\ud1b5\uc5c5\uccb4\uc785\ub2c8\ub2e4. \ube44\ud0c0\ubbfc E\ub294 \uce68\uc804\ubb3c\uc774 \uc5c6\ub294 \uc810\uc131 \uc788\ub294 \ud22c\uba85\ud55c \uc561\uccb4 \ud615\ud0dc\ub85c, \uc5f0\ud55c \ub178\ub780\uc0c9\uc5d0\uc11c \ub179\ud669\uc0c9\uc744 \ub760\uba70 \uc911\uc131\uc801\uc778 \ud5a5\uc774 \ub0a9\ub2c8\ub2e4.<\/p>\n","protected":false},"featured_media":42012,"template":"","meta":{"_acf_changed":false},"product_brand":[],"product_cat":[8145],"product_tag":[],"class_list":{"0":"post-42010","1":"product","2":"type-product","3":"status-publish","4":"has-post-thumbnail","6":"product_cat-bi-ta-min","8":"first","9":"instock","10":"shipping-taxable","11":"product-type-simple"},"acf":[],"yoast_head":"<!-- This site is optimized with the Yoast SEO plugin v27.4 - https:\/\/yoast.com\/product\/yoast-seo-wordpress\/ -->\n<title>\ube44\ud0c0\ubbfc E (\ud1a0\ucf54\ud398\ub9b4 \uc544\uc138\ud14c\uc774\ud2b8) - NATURAL POLAND - Hurtowy Dystrybutor Surowc\u00f3w<\/title>\n<meta name=\"description\" content=\"\ube44\ud0c0\ubbfc E (dl-\u03b1-\ud1a0\ucf54\ud398\ub9b4 \uc544\uc138\ud14c\uc774\ud2b8)\ub294 \uc2dd\ud488 \uc0b0\uc5c5\ubd80\ud130 \ud654\uc7a5\ud488 \ubc0f \uc81c\uc57d \uc0b0\uc5c5\uc5d0 \uc774\ub974\uae30\uae4c\uc9c0 \ub2e4\uc591\ud55c \ubd84\uc57c\uc5d0\uc11c \uc0ac\uc6a9\ub418\ub294 \ub2e4\uc7ac\ub2e4\ub2a5\ud558\uace0 \ud6a8\uacfc\uc801\uc778 \uc131\ubd84\uc785\ub2c8\ub2e4.\" \/>\n<meta name=\"robots\" content=\"index, follow, max-snippet:-1, max-image-preview:large, max-video-preview:-1\" \/>\n<link rel=\"canonical\" href=\"https:\/\/naturalpoland.com\/ko\/je-pum\/ui-yak-pum-won-ryo\/bi-ta-min\/bitamin-e-tokoperil-aseteiteu\/\" \/>\n<meta property=\"og:locale\" content=\"ko_KR\" \/>\n<meta property=\"og:type\" content=\"article\" \/>\n<meta property=\"og:title\" content=\"\ube44\ud0c0\ubbfc E (\ud1a0\ucf54\ud398\ub9b4 \uc544\uc138\ud14c\uc774\ud2b8) - NATURAL POLAND - Hurtowy Dystrybutor Surowc\u00f3w\" \/>\n<meta property=\"og:description\" content=\"\ube44\ud0c0\ubbfc E (dl-\u03b1-\ud1a0\ucf54\ud398\ub9b4 \uc544\uc138\ud14c\uc774\ud2b8)\ub294 \uc2dd\ud488 \uc0b0\uc5c5\ubd80\ud130 \ud654\uc7a5\ud488 \ubc0f \uc81c\uc57d \uc0b0\uc5c5\uc5d0 \uc774\ub974\uae30\uae4c\uc9c0 \ub2e4\uc591\ud55c \ubd84\uc57c\uc5d0\uc11c \uc0ac\uc6a9\ub418\ub294 \ub2e4\uc7ac\ub2e4\ub2a5\ud558\uace0 \ud6a8\uacfc\uc801\uc778 \uc131\ubd84\uc785\ub2c8\ub2e4.\" \/>\n<meta property=\"og:url\" content=\"https:\/\/naturalpoland.com\/ko\/je-pum\/ui-yak-pum-won-ryo\/bi-ta-min\/bitamin-e-tokoperil-aseteiteu\/\" \/>\n<meta property=\"og:site_name\" content=\"NATURAL POLAND - Hurtowy Dystrybutor Surowc\u00f3w\" \/>\n<meta property=\"article:publisher\" content=\"https:\/\/www.facebook.com\/naturalpoland.b2b\" \/>\n<meta property=\"article:modified_time\" content=\"2025-07-16T13:23:56+00:00\" \/>\n<meta property=\"og:image\" content=\"https:\/\/naturalpoland.com\/wp-content\/uploads\/AdobeStock_151865696-scaled.jpeg\" \/>\n\t<meta property=\"og:image:width\" content=\"2560\" \/>\n\t<meta property=\"og:image:height\" content=\"1696\" \/>\n\t<meta property=\"og:image:type\" content=\"image\/jpeg\" \/>\n<script type=\"application\/ld+json\" class=\"yoast-schema-graph\">{\"@context\":\"https:\\\/\\\/schema.org\",\"@graph\":[{\"@type\":\"WebPage\",\"@id\":\"https:\\\/\\\/naturalpoland.com\\\/ko\\\/je-pum\\\/ui-yak-pum-won-ryo\\\/bi-ta-min\\\/bitamin-e-tokoperil-aseteiteu\\\/\",\"url\":\"https:\\\/\\\/naturalpoland.com\\\/ko\\\/je-pum\\\/ui-yak-pum-won-ryo\\\/bi-ta-min\\\/bitamin-e-tokoperil-aseteiteu\\\/\",\"name\":\"\ube44\ud0c0\ubbfc E (\ud1a0\ucf54\ud398\ub9b4 \uc544\uc138\ud14c\uc774\ud2b8) - NATURAL POLAND - Hurtowy Dystrybutor Surowc\u00f3w\",\"isPartOf\":{\"@id\":\"https:\\\/\\\/naturalpoland.com\\\/ko\\\/#website\"},\"primaryImageOfPage\":{\"@id\":\"https:\\\/\\\/naturalpoland.com\\\/ko\\\/je-pum\\\/ui-yak-pum-won-ryo\\\/bi-ta-min\\\/bitamin-e-tokoperil-aseteiteu\\\/#primaryimage\"},\"image\":{\"@id\":\"https:\\\/\\\/naturalpoland.com\\\/ko\\\/je-pum\\\/ui-yak-pum-won-ryo\\\/bi-ta-min\\\/bitamin-e-tokoperil-aseteiteu\\\/#primaryimage\"},\"thumbnailUrl\":\"https:\\\/\\\/naturalpoland.com\\\/wp-content\\\/uploads\\\/AdobeStock_151865696-scaled.jpeg\",\"datePublished\":\"2021-07-06T10:04:39+00:00\",\"dateModified\":\"2025-07-16T13:23:56+00:00\",\"description\":\"\ube44\ud0c0\ubbfc E (dl-\u03b1-\ud1a0\ucf54\ud398\ub9b4 \uc544\uc138\ud14c\uc774\ud2b8)\ub294 \uc2dd\ud488 \uc0b0\uc5c5\ubd80\ud130 \ud654\uc7a5\ud488 \ubc0f \uc81c\uc57d \uc0b0\uc5c5\uc5d0 \uc774\ub974\uae30\uae4c\uc9c0 \ub2e4\uc591\ud55c \ubd84\uc57c\uc5d0\uc11c \uc0ac\uc6a9\ub418\ub294 \ub2e4\uc7ac\ub2e4\ub2a5\ud558\uace0 \ud6a8\uacfc\uc801\uc778 \uc131\ubd84\uc785\ub2c8\ub2e4.\",\"breadcrumb\":{\"@id\":\"https:\\\/\\\/naturalpoland.com\\\/ko\\\/je-pum\\\/ui-yak-pum-won-ryo\\\/bi-ta-min\\\/bitamin-e-tokoperil-aseteiteu\\\/#breadcrumb\"},\"inLanguage\":\"ko-KR\",\"potentialAction\":[{\"@type\":\"ReadAction\",\"target\":[\"https:\\\/\\\/naturalpoland.com\\\/ko\\\/je-pum\\\/ui-yak-pum-won-ryo\\\/bi-ta-min\\\/bitamin-e-tokoperil-aseteiteu\\\/\"]}]},{\"@type\":\"ImageObject\",\"inLanguage\":\"ko-KR\",\"@id\":\"https:\\\/\\\/naturalpoland.com\\\/ko\\\/je-pum\\\/ui-yak-pum-won-ryo\\\/bi-ta-min\\\/bitamin-e-tokoperil-aseteiteu\\\/#primaryimage\",\"url\":\"https:\\\/\\\/naturalpoland.com\\\/wp-content\\\/uploads\\\/AdobeStock_151865696-scaled.jpeg\",\"contentUrl\":\"https:\\\/\\\/naturalpoland.com\\\/wp-content\\\/uploads\\\/AdobeStock_151865696-scaled.jpeg\",\"width\":2560,\"height\":1696,\"caption\":\"Dropper Bottle Mock-Up - Blank Label\"},{\"@type\":\"BreadcrumbList\",\"@id\":\"https:\\\/\\\/naturalpoland.com\\\/ko\\\/je-pum\\\/ui-yak-pum-won-ryo\\\/bi-ta-min\\\/bitamin-e-tokoperil-aseteiteu\\\/#breadcrumb\",\"itemListElement\":[{\"@type\":\"ListItem\",\"position\":1,\"name\":\"\ud648\",\"item\":\"https:\\\/\\\/naturalpoland.com\\\/ko\\\/\"},{\"@type\":\"ListItem\",\"position\":2,\"name\":\"\uc81c\ud488\",\"item\":\"https:\\\/\\\/naturalpoland.com\\\/ko\\\/%ec%a0%9c%ed%92%88\\\/\"},{\"@type\":\"ListItem\",\"position\":3,\"name\":\"\ube44\ud0c0\ubbfc E (\ud1a0\ucf54\ud398\ub9b4 \uc544\uc138\ud14c\uc774\ud2b8)\"}]},{\"@type\":\"WebSite\",\"@id\":\"https:\\\/\\\/naturalpoland.com\\\/ko\\\/#website\",\"url\":\"https:\\\/\\\/naturalpoland.com\\\/ko\\\/\",\"name\":\"NATURAL POLAND - Hurtowy Dystrybutor Surowc\u00f3w\",\"description\":\"Surowce dla przemys\u0142u spo\u017cywczego, kosmetycznego i farmaceutycznego\",\"publisher\":{\"@id\":\"https:\\\/\\\/naturalpoland.com\\\/ko\\\/#organization\"},\"potentialAction\":[{\"@type\":\"SearchAction\",\"target\":{\"@type\":\"EntryPoint\",\"urlTemplate\":\"https:\\\/\\\/naturalpoland.com\\\/ko\\\/?s={search_term_string}\"},\"query-input\":{\"@type\":\"PropertyValueSpecification\",\"valueRequired\":true,\"valueName\":\"search_term_string\"}}],\"inLanguage\":\"ko-KR\"},{\"@type\":\"Organization\",\"@id\":\"https:\\\/\\\/naturalpoland.com\\\/ko\\\/#organization\",\"name\":\"Natural Poland\",\"url\":\"https:\\\/\\\/naturalpoland.com\\\/ko\\\/\",\"logo\":{\"@type\":\"ImageObject\",\"inLanguage\":\"ko-KR\",\"@id\":\"https:\\\/\\\/naturalpoland.com\\\/ko\\\/#\\\/schema\\\/logo\\\/image\\\/\",\"url\":\"https:\\\/\\\/naturalpoland.com\\\/wp-content\\\/uploads\\\/2021\\\/05\\\/natural-poland-icon.png\",\"contentUrl\":\"https:\\\/\\\/naturalpoland.com\\\/wp-content\\\/uploads\\\/2021\\\/05\\\/natural-poland-icon.png\",\"width\":512,\"height\":512,\"caption\":\"Natural Poland\"},\"image\":{\"@id\":\"https:\\\/\\\/naturalpoland.com\\\/ko\\\/#\\\/schema\\\/logo\\\/image\\\/\"},\"sameAs\":[\"https:\\\/\\\/www.facebook.com\\\/naturalpoland.b2b\",\"https:\\\/\\\/pl.linkedin.com\\\/company\\\/natural-poland\",\"https:\\\/\\\/www.youtube.com\\\/channel\\\/UCgeGGkvOMahZo-xu_MSEWxg\"]}]}<\/script>\n<!-- \/ Yoast SEO plugin. -->","yoast_head_json":{"title":"\ube44\ud0c0\ubbfc E (\ud1a0\ucf54\ud398\ub9b4 \uc544\uc138\ud14c\uc774\ud2b8) - NATURAL POLAND - Hurtowy Dystrybutor Surowc\u00f3w","description":"\ube44\ud0c0\ubbfc E (dl-\u03b1-\ud1a0\ucf54\ud398\ub9b4 \uc544\uc138\ud14c\uc774\ud2b8)\ub294 \uc2dd\ud488 \uc0b0\uc5c5\ubd80\ud130 \ud654\uc7a5\ud488 \ubc0f \uc81c\uc57d \uc0b0\uc5c5\uc5d0 \uc774\ub974\uae30\uae4c\uc9c0 \ub2e4\uc591\ud55c \ubd84\uc57c\uc5d0\uc11c \uc0ac\uc6a9\ub418\ub294 \ub2e4\uc7ac\ub2e4\ub2a5\ud558\uace0 \ud6a8\uacfc\uc801\uc778 \uc131\ubd84\uc785\ub2c8\ub2e4.","robots":{"index":"index","follow":"follow","max-snippet":"max-snippet:-1","max-image-preview":"max-image-preview:large","max-video-preview":"max-video-preview:-1"},"canonical":"https:\/\/naturalpoland.com\/ko\/je-pum\/ui-yak-pum-won-ryo\/bi-ta-min\/bitamin-e-tokoperil-aseteiteu\/","og_locale":"ko_KR","og_type":"article","og_title":"\ube44\ud0c0\ubbfc E (\ud1a0\ucf54\ud398\ub9b4 \uc544\uc138\ud14c\uc774\ud2b8) - NATURAL POLAND - Hurtowy Dystrybutor Surowc\u00f3w","og_description":"\ube44\ud0c0\ubbfc E (dl-\u03b1-\ud1a0\ucf54\ud398\ub9b4 \uc544\uc138\ud14c\uc774\ud2b8)\ub294 \uc2dd\ud488 \uc0b0\uc5c5\ubd80\ud130 \ud654\uc7a5\ud488 \ubc0f \uc81c\uc57d \uc0b0\uc5c5\uc5d0 \uc774\ub974\uae30\uae4c\uc9c0 \ub2e4\uc591\ud55c \ubd84\uc57c\uc5d0\uc11c \uc0ac\uc6a9\ub418\ub294 \ub2e4\uc7ac\ub2e4\ub2a5\ud558\uace0 \ud6a8\uacfc\uc801\uc778 \uc131\ubd84\uc785\ub2c8\ub2e4.","og_url":"https:\/\/naturalpoland.com\/ko\/je-pum\/ui-yak-pum-won-ryo\/bi-ta-min\/bitamin-e-tokoperil-aseteiteu\/","og_site_name":"NATURAL POLAND - Hurtowy Dystrybutor Surowc\u00f3w","article_publisher":"https:\/\/www.facebook.com\/naturalpoland.b2b","article_modified_time":"2025-07-16T13:23:56+00:00","og_image":[{"width":2560,"height":1696,"url":"https:\/\/naturalpoland.com\/wp-content\/uploads\/AdobeStock_151865696-scaled.jpeg","type":"image\/jpeg"}],"schema":{"@context":"https:\/\/schema.org","@graph":[{"@type":"WebPage","@id":"https:\/\/naturalpoland.com\/ko\/je-pum\/ui-yak-pum-won-ryo\/bi-ta-min\/bitamin-e-tokoperil-aseteiteu\/","url":"https:\/\/naturalpoland.com\/ko\/je-pum\/ui-yak-pum-won-ryo\/bi-ta-min\/bitamin-e-tokoperil-aseteiteu\/","name":"\ube44\ud0c0\ubbfc E (\ud1a0\ucf54\ud398\ub9b4 \uc544\uc138\ud14c\uc774\ud2b8) - NATURAL POLAND - Hurtowy Dystrybutor Surowc\u00f3w","isPartOf":{"@id":"https:\/\/naturalpoland.com\/ko\/#website"},"primaryImageOfPage":{"@id":"https:\/\/naturalpoland.com\/ko\/je-pum\/ui-yak-pum-won-ryo\/bi-ta-min\/bitamin-e-tokoperil-aseteiteu\/#primaryimage"},"image":{"@id":"https:\/\/naturalpoland.com\/ko\/je-pum\/ui-yak-pum-won-ryo\/bi-ta-min\/bitamin-e-tokoperil-aseteiteu\/#primaryimage"},"thumbnailUrl":"https:\/\/naturalpoland.com\/wp-content\/uploads\/AdobeStock_151865696-scaled.jpeg","datePublished":"2021-07-06T10:04:39+00:00","dateModified":"2025-07-16T13:23:56+00:00","description":"\ube44\ud0c0\ubbfc E (dl-\u03b1-\ud1a0\ucf54\ud398\ub9b4 \uc544\uc138\ud14c\uc774\ud2b8)\ub294 \uc2dd\ud488 \uc0b0\uc5c5\ubd80\ud130 \ud654\uc7a5\ud488 \ubc0f \uc81c\uc57d \uc0b0\uc5c5\uc5d0 \uc774\ub974\uae30\uae4c\uc9c0 \ub2e4\uc591\ud55c \ubd84\uc57c\uc5d0\uc11c \uc0ac\uc6a9\ub418\ub294 \ub2e4\uc7ac\ub2e4\ub2a5\ud558\uace0 \ud6a8\uacfc\uc801\uc778 \uc131\ubd84\uc785\ub2c8\ub2e4.","breadcrumb":{"@id":"https:\/\/naturalpoland.com\/ko\/je-pum\/ui-yak-pum-won-ryo\/bi-ta-min\/bitamin-e-tokoperil-aseteiteu\/#breadcrumb"},"inLanguage":"ko-KR","potentialAction":[{"@type":"ReadAction","target":["https:\/\/naturalpoland.com\/ko\/je-pum\/ui-yak-pum-won-ryo\/bi-ta-min\/bitamin-e-tokoperil-aseteiteu\/"]}]},{"@type":"ImageObject","inLanguage":"ko-KR","@id":"https:\/\/naturalpoland.com\/ko\/je-pum\/ui-yak-pum-won-ryo\/bi-ta-min\/bitamin-e-tokoperil-aseteiteu\/#primaryimage","url":"https:\/\/naturalpoland.com\/wp-content\/uploads\/AdobeStock_151865696-scaled.jpeg","contentUrl":"https:\/\/naturalpoland.com\/wp-content\/uploads\/AdobeStock_151865696-scaled.jpeg","width":2560,"height":1696,"caption":"Dropper Bottle Mock-Up - Blank Label"},{"@type":"BreadcrumbList","@id":"https:\/\/naturalpoland.com\/ko\/je-pum\/ui-yak-pum-won-ryo\/bi-ta-min\/bitamin-e-tokoperil-aseteiteu\/#breadcrumb","itemListElement":[{"@type":"ListItem","position":1,"name":"\ud648","item":"https:\/\/naturalpoland.com\/ko\/"},{"@type":"ListItem","position":2,"name":"\uc81c\ud488","item":"https:\/\/naturalpoland.com\/ko\/%ec%a0%9c%ed%92%88\/"},{"@type":"ListItem","position":3,"name":"\ube44\ud0c0\ubbfc E (\ud1a0\ucf54\ud398\ub9b4 \uc544\uc138\ud14c\uc774\ud2b8)"}]},{"@type":"WebSite","@id":"https:\/\/naturalpoland.com\/ko\/#website","url":"https:\/\/naturalpoland.com\/ko\/","name":"NATURAL POLAND - Hurtowy Dystrybutor Surowc\u00f3w","description":"Surowce dla przemys\u0142u spo\u017cywczego, kosmetycznego i farmaceutycznego","publisher":{"@id":"https:\/\/naturalpoland.com\/ko\/#organization"},"potentialAction":[{"@type":"SearchAction","target":{"@type":"EntryPoint","urlTemplate":"https:\/\/naturalpoland.com\/ko\/?s={search_term_string}"},"query-input":{"@type":"PropertyValueSpecification","valueRequired":true,"valueName":"search_term_string"}}],"inLanguage":"ko-KR"},{"@type":"Organization","@id":"https:\/\/naturalpoland.com\/ko\/#organization","name":"Natural Poland","url":"https:\/\/naturalpoland.com\/ko\/","logo":{"@type":"ImageObject","inLanguage":"ko-KR","@id":"https:\/\/naturalpoland.com\/ko\/#\/schema\/logo\/image\/","url":"https:\/\/naturalpoland.com\/wp-content\/uploads\/2021\/05\/natural-poland-icon.png","contentUrl":"https:\/\/naturalpoland.com\/wp-content\/uploads\/2021\/05\/natural-poland-icon.png","width":512,"height":512,"caption":"Natural Poland"},"image":{"@id":"https:\/\/naturalpoland.com\/ko\/#\/schema\/logo\/image\/"},"sameAs":["https:\/\/www.facebook.com\/naturalpoland.b2b","https:\/\/pl.linkedin.com\/company\/natural-poland","https:\/\/www.youtube.com\/channel\/UCgeGGkvOMahZo-xu_MSEWxg"]}]}},"_links":{"self":[{"href":"https:\/\/naturalpoland.com\/ko\/wp-json\/wp\/v2\/product\/42010","targetHints":{"allow":["GET"]}}],"collection":[{"href":"https:\/\/naturalpoland.com\/ko\/wp-json\/wp\/v2\/product"}],"about":[{"href":"https:\/\/naturalpoland.com\/ko\/wp-json\/wp\/v2\/types\/product"}],"wp:featuredmedia":[{"embeddable":true,"href":"https:\/\/naturalpoland.com\/ko\/wp-json\/wp\/v2\/media\/42012"}],"wp:attachment":[{"href":"https:\/\/naturalpoland.com\/ko\/wp-json\/wp\/v2\/media?parent=42010"}],"wp:term":[{"taxonomy":"product_brand","embeddable":true,"href":"https:\/\/naturalpoland.com\/ko\/wp-json\/wp\/v2\/product_brand?post=42010"},{"taxonomy":"product_cat","embeddable":true,"href":"https:\/\/naturalpoland.com\/ko\/wp-json\/wp\/v2\/product_cat?post=42010"},{"taxonomy":"product_tag","embeddable":true,"href":"https:\/\/naturalpoland.com\/ko\/wp-json\/wp\/v2\/product_tag?post=42010"}],"curies":[{"name":"wp","href":"https:\/\/api.w.org\/{rel}","templated":true}]}}