{"id":42013,"date":"2021-05-10T15:56:16","date_gmt":"2021-05-10T13:56:16","guid":{"rendered":"https:\/\/naturalpoland.com\/produkty\/uncategorized\/%eb%b9%84%ed%83%80%eb%af%bc-b12\/"},"modified":"2025-07-16T15:25:08","modified_gmt":"2025-07-16T13:25:08","slug":"bitamin-b12","status":"publish","type":"product","link":"https:\/\/naturalpoland.com\/ko\/je-pum\/ui-yak-pum-won-ryo\/bi-ta-min\/bitamin-b12\/","title":{"rendered":"\ube44\ud0c0\ubbfc B12"},"content":{"rendered":"<h2>\ube44\ud0c0\ubbfc B12\uc758 \ud615\ud0dc<\/h2>\n<p>\ube44\ud0c0\ubbfc B12\uc5d0\ub294 \ub2e4\uc591\ud55c \ud615\ud0dc\uac00 \uc788\uc73c\uba70, \uac01 \ud615\ud0dc\ub294 \uccb4\ub0b4\uc5d0\uc11c \uc57d\uac04 \ub2e4\ub978 \ud2b9\uc131\uacfc \uc6a9\ub3c4\ub97c \uac00\uc9d1\ub2c8\ub2e4. \ube44\ud0c0\ubbfc B12\uc758 \uc8fc\uc694 \ud615\ud0dc\ub294 \ub2e4\uc74c\uacfc \uac19\uc2b5\ub2c8\ub2e4.<\/p>\n<ol>\n<li><a href=\"https:\/\/naturalpoland.com\/ko\/je-pum\/ui-yak-pum-won-ryo\/bi-ta-min\/sianokobalramin\/\"><strong>\uc2dc\uc544\ub178\ucf54\ubc1c\ub77c\ubbfc<\/strong><\/a> &#8211; \ube44\ud0c0\ubbfc B12\uc758 \ud569\uc131 \ud615\ud0dc\ub85c, \ubcf4\ucda9\uc81c \ubc0f \uac15\ud654 \uc2dd\ud488\uc5d0 \uc790\uc8fc \uc0ac\uc6a9\ub429\ub2c8\ub2e4.<\/li>\n<li><strong>\ud558\uc774\ub4dc\ub85d\uc18c\ucf54\ubc1c\ub77c\ubbfc<\/strong> &#8211; \uc790\uc5f0\uc801\uc73c\ub85c \ubc1c\uc0dd\ud558\ub294 \ube44\ud0c0\ubbfc B12 \ud615\ud0dc\ub85c, \uc8fc\uc0ac\uc81c\ub85c \uc790\uc8fc \uc0ac\uc6a9\ub429\ub2c8\ub2e4.<\/li>\n<li><a href=\"https:\/\/naturalpoland.com\/ko\/je-pum\/ui-yak-pum-won-ryo\/bi-ta-min\/%eb%a9%94%ed%8b%b8%ec%bd%94%eb%b0%9c%eb%9d%bc%eb%af%bc-%ec%bd%94%ec%97%94%ec%9e%90%ec%9e%84-b12\/\"><strong>\uba54\ud2f8\ucf54\ubc1c\ub77c\ubbfc<\/strong><\/a> &#8211; \ube44\ud0c0\ubbfc B12\uc758 \ud65c\uc131 \ud615\ud0dc\ub85c, \uccb4\ub0b4\uc5d0 \uc27d\uac8c \ud761\uc218\ub418\uba70 DNA \ud569\uc131 \ubc0f \uba54\ud2f8\ud654\uc640 \uac19\uc740 \ub2e4\uc591\ud55c \uc0dd\ud654\ud559\uc801 \uacfc\uc815\uc5d0 \uad00\uc5ec\ud569\ub2c8\ub2e4.<\/li>\n<li><strong>\uc544\ub370\ub178\uc2e4\ucf54\ubc1c\ub77c\ubbfc<\/strong> &#8211; \ubbf8\ud1a0\ucf58\ub4dc\ub9ac\uc544 \uae30\ub2a5 \ubc0f \uc138\ud3ec \ub0b4 \uc5d0\ub108\uc9c0 \uc0dd\uc0b0\uc5d0 \ud544\uc218\uc801\uc778 \ub610 \ub2e4\ub978 \ud65c\uc131 \ube44\ud0c0\ubbfc B12 \ud615\ud0dc\uc785\ub2c8\ub2e4.<\/li>\n<\/ol>\n<h3><\/h3>\n<h2>\ube44\ud0c0\ubbfc B12\uc758 \uc8fc\uc694 \uae30\ub2a5<\/h2>\n<p>\ube44\ud0c0\ubbfc B12\ub294 \uc801\ud608\uad6c \uc0dd\uc0b0\uc5d0 \ud544\uc218\uc801\uc774\uba70, \uc774\ub294 \ube48\ud608 \uc608\ubc29\uc5d0 \uc9c1\uc811\uc801\uc778 \uc601\ud5a5\uc744 \ubbf8\uce69\ub2c8\ub2e4. \uccb4\ub0b4\uc5d0 \ube44\ud0c0\ubbfc B12\uac00 \uc788\uc73c\uba74 \uc2e0\uacbd\uacc4 \uae30\ub2a5\ub3c4 \uc9c0\uc6d0\ud558\uba70, \uacb0\ud54d \uc2dc \uc2e0\uacbd\ud559\uc801 \uc7a5\uc560\ub97c \ud3ec\ud568\ud55c \ub2e4\uc591\ud55c \uac74\uac15 \ubb38\uc81c\ub85c \uc774\uc5b4\uc9c8 \uc218 \uc788\uc2b5\ub2c8\ub2e4.<\/p>\n<h2>\ubcf4\ucda9\uc81c\ub85c\uc11c\uc758 \ud65c\uc6a9<\/h2>\n<p>\uc81c\uc57d \ubc0f \ubcf4\ucda9\uc81c \uc0b0\uc5c5\uc5d0\uc11c \ube44\ud0c0\ubbfc B12\ub294 \ud53c\ub85c\uc640 \uad8c\ud0dc\uac10 \uac10\uc18c\ub97c \ub3d5\ub294 \ud2b9\uc131\uc73c\ub85c \ub192\uc774 \ud3c9\uac00\ub418\uba70, \uc774\ub294 \ud65c\ub3d9\uc801\uc778 \uc0dd\ud65c \ubc29\uc2dd\uc744 \uac00\uc9c4 \uc0ac\ub78c\ub4e4\uc744 \uc704\ud55c \uc81c\ud488\uc758 \uc774\uc0c1\uc801\uc778 \uc131\ubd84\uc785\ub2c8\ub2e4. \ub610\ud55c \uc9d1\uc911\ub825\uacfc \uae30\uc5b5\ub825\uacfc \uac19\uc740 \uc778\uc9c0 \uae30\ub2a5\uc744 \uc9c0\uc6d0\ud558\uc5ec \ucd5c\uc801\uc758 \uc815\uc2e0 \uc0c1\ud0dc\ub97c \uc720\uc9c0\ud558\ub294 \ub370 \ub3c4\uc6c0\uc744 \uc90d\ub2c8\ub2e4.<\/p>\n<p><strong>\uc6b4\ub3d9\uc120\uc218 \ubc0f \ud65c\ub3d9\uc801\uc778 \uc0ac\ub78c\ub4e4\uc744 \uc704\ud55c \uc774\uc810<\/strong><\/p>\n<p>\ube44\ud0c0\ubbfc B12\ub294 \uc5d0\ub108\uc9c0 \ub300\uc0ac\uc5d0\uc11c\uc758 \uc5ed\ud560 \ub54c\ubb38\uc5d0 \uc6b4\ub3d9\uc120\uc218 \ubc0f \uc2e0\uccb4 \ud65c\ub3d9\uc774 \ud65c\ubc1c\ud55c \uc0ac\ub78c\ub4e4\uc5d0\uac8c \ud2b9\ud788 \uad8c\uc7a5\ub429\ub2c8\ub2e4. \uc774\ub294 \uccb4\ub0b4 \uc5d0\ub108\uc9c0\uc758 \ubcf4\ub2e4 \ud6a8\uc728\uc801\uc778 \ud65c\uc6a9\uc5d0 \uae30\uc5ec\ud558\uba70, \uc774\ub294 \uaca9\ub82c\ud55c \uc6b4\ub3d9 \uc911\uacfc \ud6c8\ub828 \ud6c4 \ud68c\ubcf5 \uae30\uac04\uc5d0 \ub9e4\uc6b0 \uc911\uc694\ud569\ub2c8\ub2e4.<\/p>\n<p><strong>\uba74\uc5ed \uccb4\uacc4 \uc9c0\uc6d0<\/strong><\/p>\n<p>\ub610\ud55c \ube44\ud0c0\ubbfc B12\ub294 \uba74\uc5ed \uccb4\uacc4 \uae30\ub2a5\uc5d0 \uc911\uc694\ud55c \uc5ed\ud560\uc744 \ud569\ub2c8\ub2e4. \uc774\ub294 \uba74\uc5ed \uccb4\uacc4\uac00 \uc815\uc0c1\uc801\uc73c\ub85c \uc791\ub3d9\ud558\ub3c4\ub85d \ub3d5\ub294\ub370, \uac74\uac15\uacfc \uba74\uc5ed\ub825\uc774 \ucd5c\uc6b0\uc120\uc774 \ub41c \ud604 \uc2dc\ub300\uc5d0 \ud2b9\ud788 \uc911\uc694\ud569\ub2c8\ub2e4.<\/p>\n<p><strong>\ucc44\uc2dd\uc8fc\uc758 \ubc0f \ube44\uac74 \uc2dd\ub2e8\uc744 \uc704\ud55c \ud574\uacb0\ucc45<\/strong><\/p>\n<p>\ube44\ud0c0\ubbfc B12\ub294 \ucc44\uc2dd\uc8fc\uc758 \ubc0f \ube44\uac74 \uc2dd\ub2e8\uc5d0\uc11c\ub3c4 \ud575\uc2ec \uc131\ubd84\uc778\ub370, \uc774\ub7ec\ud55c \uc2dd\ub2e8\uc5d0\uc11c\ub294 \ube44\ud0c0\ubbfc B12\uc758 \ucc9c\uc5f0 \uacf5\uae09\uc6d0\uc774 \uc81c\ud55c\uc801\uc785\ub2c8\ub2e4. \ub530\ub77c\uc11c \ube44\ud0c0\ubbfc B12 \ubcf4\ucda9\uc740 \uacb0\ud54d \ubc0f \uad00\ub828 \uac74\uac15 \ubb38\uc81c\ub97c \uc608\ubc29\ud558\uae30 \uc704\ud574 \uc885\uc885 \ud544\uc218\uc801\uc785\ub2c8\ub2e4.<\/p>\n","protected":false},"excerpt":{"rendered":"<p>\uc6b0\ub9ac\ub294 \ubcf4\ucda9\uc81c, \ube44\ud0c0\ubbfc, \ud654\uc7a5\ud488 \ubc0f \uc2dd\ud488 \uc0b0\uc5c5 \uc81c\ud488 \uc0dd\uc0b0\uc744 \uc704\ud55c \uc6d0\ub8cc\uc758 \uc120\ub3c4\uc801\uc778 \uc218\uc785\uc5c5\uccb4\uc785\ub2c8\ub2e4. \ub2f9\uc0ac \uc81c\ud488 \uc911 \ud558\ub098\ub294 \uc8fc\ub85c \uc81c\uc57d \uc0b0\uc5c5\uc5d0\uc11c \uc0ac\uc6a9\ub418\ub294 \ube44\ud0c0\ubbfc B12\uc785\ub2c8\ub2e4.<\/p>\n","protected":false},"featured_media":42015,"template":"","meta":{"_acf_changed":false},"product_brand":[],"product_cat":[8145],"product_tag":[],"class_list":{"0":"post-42013","1":"product","2":"type-product","3":"status-publish","4":"has-post-thumbnail","6":"product_cat-bi-ta-min","8":"first","9":"instock","10":"shipping-taxable","11":"product-type-simple"},"acf":[],"yoast_head":"<!-- This site is optimized with the Yoast SEO plugin v27.4 - https:\/\/yoast.com\/product\/yoast-seo-wordpress\/ -->\n<title>\ube44\ud0c0\ubbfc B12 - NATURAL POLAND - Hurtowy Dystrybutor Surowc\u00f3w<\/title>\n<meta name=\"description\" content=\"\uc6b0\ub9ac\ub294 \ubcf4\ucda9\uc81c \ubc0f \ube44\ud0c0\ubbfc \uc0dd\uc0b0 \uc6d0\ub8cc \uc218\uc785\uc5c5\uccb4\uc785\ub2c8\ub2e4. \ub2f9\uc0ac \uc81c\ud488 \uc911 \ud558\ub098\ub294 \uc8fc\ub85c \uc81c\uc57d \uc0b0\uc5c5\uc5d0\uc11c \uc0ac\uc6a9\ub418\ub294 \ube44\ud0c0\ubbfc B12\uc785\ub2c8\ub2e4.\" \/>\n<meta name=\"robots\" content=\"index, follow, max-snippet:-1, max-image-preview:large, max-video-preview:-1\" \/>\n<link rel=\"canonical\" href=\"https:\/\/naturalpoland.com\/ko\/je-pum\/ui-yak-pum-won-ryo\/bi-ta-min\/bitamin-b12\/\" \/>\n<meta property=\"og:locale\" content=\"ko_KR\" \/>\n<meta property=\"og:type\" content=\"article\" \/>\n<meta property=\"og:title\" content=\"\ube44\ud0c0\ubbfc B12 - NATURAL POLAND - Hurtowy Dystrybutor Surowc\u00f3w\" \/>\n<meta property=\"og:description\" content=\"\uc6b0\ub9ac\ub294 \ubcf4\ucda9\uc81c \ubc0f \ube44\ud0c0\ubbfc \uc0dd\uc0b0 \uc6d0\ub8cc \uc218\uc785\uc5c5\uccb4\uc785\ub2c8\ub2e4. \ub2f9\uc0ac \uc81c\ud488 \uc911 \ud558\ub098\ub294 \uc8fc\ub85c \uc81c\uc57d \uc0b0\uc5c5\uc5d0\uc11c \uc0ac\uc6a9\ub418\ub294 \ube44\ud0c0\ubbfc B12\uc785\ub2c8\ub2e4.\" \/>\n<meta property=\"og:url\" content=\"https:\/\/naturalpoland.com\/ko\/je-pum\/ui-yak-pum-won-ryo\/bi-ta-min\/bitamin-b12\/\" \/>\n<meta property=\"og:site_name\" content=\"NATURAL POLAND - Hurtowy Dystrybutor Surowc\u00f3w\" \/>\n<meta property=\"article:publisher\" content=\"https:\/\/www.facebook.com\/naturalpoland.b2b\" \/>\n<meta property=\"article:modified_time\" content=\"2025-07-16T13:25:08+00:00\" \/>\n<meta property=\"og:image\" content=\"https:\/\/naturalpoland.com\/wp-content\/uploads\/2021\/05\/witamina-b12-hurt.jpg\" \/>\n\t<meta property=\"og:image:width\" content=\"455\" \/>\n\t<meta property=\"og:image:height\" content=\"427\" \/>\n\t<meta property=\"og:image:type\" content=\"image\/jpeg\" \/>\n<script type=\"application\/ld+json\" class=\"yoast-schema-graph\">{\"@context\":\"https:\\\/\\\/schema.org\",\"@graph\":[{\"@type\":\"WebPage\",\"@id\":\"https:\\\/\\\/naturalpoland.com\\\/ko\\\/je-pum\\\/ui-yak-pum-won-ryo\\\/bi-ta-min\\\/bitamin-b12\\\/\",\"url\":\"https:\\\/\\\/naturalpoland.com\\\/ko\\\/je-pum\\\/ui-yak-pum-won-ryo\\\/bi-ta-min\\\/bitamin-b12\\\/\",\"name\":\"\ube44\ud0c0\ubbfc B12 - NATURAL POLAND - Hurtowy Dystrybutor Surowc\u00f3w\",\"isPartOf\":{\"@id\":\"https:\\\/\\\/naturalpoland.com\\\/ko\\\/#website\"},\"primaryImageOfPage\":{\"@id\":\"https:\\\/\\\/naturalpoland.com\\\/ko\\\/je-pum\\\/ui-yak-pum-won-ryo\\\/bi-ta-min\\\/bitamin-b12\\\/#primaryimage\"},\"image\":{\"@id\":\"https:\\\/\\\/naturalpoland.com\\\/ko\\\/je-pum\\\/ui-yak-pum-won-ryo\\\/bi-ta-min\\\/bitamin-b12\\\/#primaryimage\"},\"thumbnailUrl\":\"https:\\\/\\\/naturalpoland.com\\\/wp-content\\\/uploads\\\/2021\\\/05\\\/witamina-b12-hurt.jpg\",\"datePublished\":\"2021-05-10T13:56:16+00:00\",\"dateModified\":\"2025-07-16T13:25:08+00:00\",\"description\":\"\uc6b0\ub9ac\ub294 \ubcf4\ucda9\uc81c \ubc0f \ube44\ud0c0\ubbfc \uc0dd\uc0b0 \uc6d0\ub8cc \uc218\uc785\uc5c5\uccb4\uc785\ub2c8\ub2e4. \ub2f9\uc0ac \uc81c\ud488 \uc911 \ud558\ub098\ub294 \uc8fc\ub85c \uc81c\uc57d \uc0b0\uc5c5\uc5d0\uc11c \uc0ac\uc6a9\ub418\ub294 \ube44\ud0c0\ubbfc B12\uc785\ub2c8\ub2e4.\",\"breadcrumb\":{\"@id\":\"https:\\\/\\\/naturalpoland.com\\\/ko\\\/je-pum\\\/ui-yak-pum-won-ryo\\\/bi-ta-min\\\/bitamin-b12\\\/#breadcrumb\"},\"inLanguage\":\"ko-KR\",\"potentialAction\":[{\"@type\":\"ReadAction\",\"target\":[\"https:\\\/\\\/naturalpoland.com\\\/ko\\\/je-pum\\\/ui-yak-pum-won-ryo\\\/bi-ta-min\\\/bitamin-b12\\\/\"]}]},{\"@type\":\"ImageObject\",\"inLanguage\":\"ko-KR\",\"@id\":\"https:\\\/\\\/naturalpoland.com\\\/ko\\\/je-pum\\\/ui-yak-pum-won-ryo\\\/bi-ta-min\\\/bitamin-b12\\\/#primaryimage\",\"url\":\"https:\\\/\\\/naturalpoland.com\\\/wp-content\\\/uploads\\\/2021\\\/05\\\/witamina-b12-hurt.jpg\",\"contentUrl\":\"https:\\\/\\\/naturalpoland.com\\\/wp-content\\\/uploads\\\/2021\\\/05\\\/witamina-b12-hurt.jpg\",\"width\":455,\"height\":427,\"caption\":\"wz\u00f3r chemiczny witaminy B12\"},{\"@type\":\"BreadcrumbList\",\"@id\":\"https:\\\/\\\/naturalpoland.com\\\/ko\\\/je-pum\\\/ui-yak-pum-won-ryo\\\/bi-ta-min\\\/bitamin-b12\\\/#breadcrumb\",\"itemListElement\":[{\"@type\":\"ListItem\",\"position\":1,\"name\":\"\ud648\",\"item\":\"https:\\\/\\\/naturalpoland.com\\\/ko\\\/\"},{\"@type\":\"ListItem\",\"position\":2,\"name\":\"\uc81c\ud488\",\"item\":\"https:\\\/\\\/naturalpoland.com\\\/ko\\\/%ec%a0%9c%ed%92%88\\\/\"},{\"@type\":\"ListItem\",\"position\":3,\"name\":\"\ube44\ud0c0\ubbfc B12\"}]},{\"@type\":\"WebSite\",\"@id\":\"https:\\\/\\\/naturalpoland.com\\\/ko\\\/#website\",\"url\":\"https:\\\/\\\/naturalpoland.com\\\/ko\\\/\",\"name\":\"NATURAL POLAND - Hurtowy Dystrybutor Surowc\u00f3w\",\"description\":\"Surowce dla przemys\u0142u spo\u017cywczego, kosmetycznego i farmaceutycznego\",\"publisher\":{\"@id\":\"https:\\\/\\\/naturalpoland.com\\\/ko\\\/#organization\"},\"potentialAction\":[{\"@type\":\"SearchAction\",\"target\":{\"@type\":\"EntryPoint\",\"urlTemplate\":\"https:\\\/\\\/naturalpoland.com\\\/ko\\\/?s={search_term_string}\"},\"query-input\":{\"@type\":\"PropertyValueSpecification\",\"valueRequired\":true,\"valueName\":\"search_term_string\"}}],\"inLanguage\":\"ko-KR\"},{\"@type\":\"Organization\",\"@id\":\"https:\\\/\\\/naturalpoland.com\\\/ko\\\/#organization\",\"name\":\"Natural Poland\",\"url\":\"https:\\\/\\\/naturalpoland.com\\\/ko\\\/\",\"logo\":{\"@type\":\"ImageObject\",\"inLanguage\":\"ko-KR\",\"@id\":\"https:\\\/\\\/naturalpoland.com\\\/ko\\\/#\\\/schema\\\/logo\\\/image\\\/\",\"url\":\"https:\\\/\\\/naturalpoland.com\\\/wp-content\\\/uploads\\\/2021\\\/05\\\/natural-poland-icon.png\",\"contentUrl\":\"https:\\\/\\\/naturalpoland.com\\\/wp-content\\\/uploads\\\/2021\\\/05\\\/natural-poland-icon.png\",\"width\":512,\"height\":512,\"caption\":\"Natural Poland\"},\"image\":{\"@id\":\"https:\\\/\\\/naturalpoland.com\\\/ko\\\/#\\\/schema\\\/logo\\\/image\\\/\"},\"sameAs\":[\"https:\\\/\\\/www.facebook.com\\\/naturalpoland.b2b\",\"https:\\\/\\\/pl.linkedin.com\\\/company\\\/natural-poland\",\"https:\\\/\\\/www.youtube.com\\\/channel\\\/UCgeGGkvOMahZo-xu_MSEWxg\"]}]}<\/script>\n<!-- \/ Yoast SEO plugin. -->","yoast_head_json":{"title":"\ube44\ud0c0\ubbfc B12 - NATURAL POLAND - Hurtowy Dystrybutor Surowc\u00f3w","description":"\uc6b0\ub9ac\ub294 \ubcf4\ucda9\uc81c \ubc0f \ube44\ud0c0\ubbfc \uc0dd\uc0b0 \uc6d0\ub8cc \uc218\uc785\uc5c5\uccb4\uc785\ub2c8\ub2e4. \ub2f9\uc0ac \uc81c\ud488 \uc911 \ud558\ub098\ub294 \uc8fc\ub85c \uc81c\uc57d \uc0b0\uc5c5\uc5d0\uc11c \uc0ac\uc6a9\ub418\ub294 \ube44\ud0c0\ubbfc B12\uc785\ub2c8\ub2e4.","robots":{"index":"index","follow":"follow","max-snippet":"max-snippet:-1","max-image-preview":"max-image-preview:large","max-video-preview":"max-video-preview:-1"},"canonical":"https:\/\/naturalpoland.com\/ko\/je-pum\/ui-yak-pum-won-ryo\/bi-ta-min\/bitamin-b12\/","og_locale":"ko_KR","og_type":"article","og_title":"\ube44\ud0c0\ubbfc B12 - NATURAL POLAND - Hurtowy Dystrybutor Surowc\u00f3w","og_description":"\uc6b0\ub9ac\ub294 \ubcf4\ucda9\uc81c \ubc0f \ube44\ud0c0\ubbfc \uc0dd\uc0b0 \uc6d0\ub8cc \uc218\uc785\uc5c5\uccb4\uc785\ub2c8\ub2e4. \ub2f9\uc0ac \uc81c\ud488 \uc911 \ud558\ub098\ub294 \uc8fc\ub85c \uc81c\uc57d \uc0b0\uc5c5\uc5d0\uc11c \uc0ac\uc6a9\ub418\ub294 \ube44\ud0c0\ubbfc B12\uc785\ub2c8\ub2e4.","og_url":"https:\/\/naturalpoland.com\/ko\/je-pum\/ui-yak-pum-won-ryo\/bi-ta-min\/bitamin-b12\/","og_site_name":"NATURAL POLAND - Hurtowy Dystrybutor Surowc\u00f3w","article_publisher":"https:\/\/www.facebook.com\/naturalpoland.b2b","article_modified_time":"2025-07-16T13:25:08+00:00","og_image":[{"width":455,"height":427,"url":"https:\/\/naturalpoland.com\/wp-content\/uploads\/2021\/05\/witamina-b12-hurt.jpg","type":"image\/jpeg"}],"schema":{"@context":"https:\/\/schema.org","@graph":[{"@type":"WebPage","@id":"https:\/\/naturalpoland.com\/ko\/je-pum\/ui-yak-pum-won-ryo\/bi-ta-min\/bitamin-b12\/","url":"https:\/\/naturalpoland.com\/ko\/je-pum\/ui-yak-pum-won-ryo\/bi-ta-min\/bitamin-b12\/","name":"\ube44\ud0c0\ubbfc B12 - NATURAL POLAND - Hurtowy Dystrybutor Surowc\u00f3w","isPartOf":{"@id":"https:\/\/naturalpoland.com\/ko\/#website"},"primaryImageOfPage":{"@id":"https:\/\/naturalpoland.com\/ko\/je-pum\/ui-yak-pum-won-ryo\/bi-ta-min\/bitamin-b12\/#primaryimage"},"image":{"@id":"https:\/\/naturalpoland.com\/ko\/je-pum\/ui-yak-pum-won-ryo\/bi-ta-min\/bitamin-b12\/#primaryimage"},"thumbnailUrl":"https:\/\/naturalpoland.com\/wp-content\/uploads\/2021\/05\/witamina-b12-hurt.jpg","datePublished":"2021-05-10T13:56:16+00:00","dateModified":"2025-07-16T13:25:08+00:00","description":"\uc6b0\ub9ac\ub294 \ubcf4\ucda9\uc81c \ubc0f \ube44\ud0c0\ubbfc \uc0dd\uc0b0 \uc6d0\ub8cc \uc218\uc785\uc5c5\uccb4\uc785\ub2c8\ub2e4. \ub2f9\uc0ac \uc81c\ud488 \uc911 \ud558\ub098\ub294 \uc8fc\ub85c \uc81c\uc57d \uc0b0\uc5c5\uc5d0\uc11c \uc0ac\uc6a9\ub418\ub294 \ube44\ud0c0\ubbfc B12\uc785\ub2c8\ub2e4.","breadcrumb":{"@id":"https:\/\/naturalpoland.com\/ko\/je-pum\/ui-yak-pum-won-ryo\/bi-ta-min\/bitamin-b12\/#breadcrumb"},"inLanguage":"ko-KR","potentialAction":[{"@type":"ReadAction","target":["https:\/\/naturalpoland.com\/ko\/je-pum\/ui-yak-pum-won-ryo\/bi-ta-min\/bitamin-b12\/"]}]},{"@type":"ImageObject","inLanguage":"ko-KR","@id":"https:\/\/naturalpoland.com\/ko\/je-pum\/ui-yak-pum-won-ryo\/bi-ta-min\/bitamin-b12\/#primaryimage","url":"https:\/\/naturalpoland.com\/wp-content\/uploads\/2021\/05\/witamina-b12-hurt.jpg","contentUrl":"https:\/\/naturalpoland.com\/wp-content\/uploads\/2021\/05\/witamina-b12-hurt.jpg","width":455,"height":427,"caption":"wz\u00f3r chemiczny witaminy B12"},{"@type":"BreadcrumbList","@id":"https:\/\/naturalpoland.com\/ko\/je-pum\/ui-yak-pum-won-ryo\/bi-ta-min\/bitamin-b12\/#breadcrumb","itemListElement":[{"@type":"ListItem","position":1,"name":"\ud648","item":"https:\/\/naturalpoland.com\/ko\/"},{"@type":"ListItem","position":2,"name":"\uc81c\ud488","item":"https:\/\/naturalpoland.com\/ko\/%ec%a0%9c%ed%92%88\/"},{"@type":"ListItem","position":3,"name":"\ube44\ud0c0\ubbfc B12"}]},{"@type":"WebSite","@id":"https:\/\/naturalpoland.com\/ko\/#website","url":"https:\/\/naturalpoland.com\/ko\/","name":"NATURAL POLAND - Hurtowy Dystrybutor Surowc\u00f3w","description":"Surowce dla przemys\u0142u spo\u017cywczego, kosmetycznego i farmaceutycznego","publisher":{"@id":"https:\/\/naturalpoland.com\/ko\/#organization"},"potentialAction":[{"@type":"SearchAction","target":{"@type":"EntryPoint","urlTemplate":"https:\/\/naturalpoland.com\/ko\/?s={search_term_string}"},"query-input":{"@type":"PropertyValueSpecification","valueRequired":true,"valueName":"search_term_string"}}],"inLanguage":"ko-KR"},{"@type":"Organization","@id":"https:\/\/naturalpoland.com\/ko\/#organization","name":"Natural Poland","url":"https:\/\/naturalpoland.com\/ko\/","logo":{"@type":"ImageObject","inLanguage":"ko-KR","@id":"https:\/\/naturalpoland.com\/ko\/#\/schema\/logo\/image\/","url":"https:\/\/naturalpoland.com\/wp-content\/uploads\/2021\/05\/natural-poland-icon.png","contentUrl":"https:\/\/naturalpoland.com\/wp-content\/uploads\/2021\/05\/natural-poland-icon.png","width":512,"height":512,"caption":"Natural Poland"},"image":{"@id":"https:\/\/naturalpoland.com\/ko\/#\/schema\/logo\/image\/"},"sameAs":["https:\/\/www.facebook.com\/naturalpoland.b2b","https:\/\/pl.linkedin.com\/company\/natural-poland","https:\/\/www.youtube.com\/channel\/UCgeGGkvOMahZo-xu_MSEWxg"]}]}},"_links":{"self":[{"href":"https:\/\/naturalpoland.com\/ko\/wp-json\/wp\/v2\/product\/42013","targetHints":{"allow":["GET"]}}],"collection":[{"href":"https:\/\/naturalpoland.com\/ko\/wp-json\/wp\/v2\/product"}],"about":[{"href":"https:\/\/naturalpoland.com\/ko\/wp-json\/wp\/v2\/types\/product"}],"wp:featuredmedia":[{"embeddable":true,"href":"https:\/\/naturalpoland.com\/ko\/wp-json\/wp\/v2\/media\/42015"}],"wp:attachment":[{"href":"https:\/\/naturalpoland.com\/ko\/wp-json\/wp\/v2\/media?parent=42013"}],"wp:term":[{"taxonomy":"product_brand","embeddable":true,"href":"https:\/\/naturalpoland.com\/ko\/wp-json\/wp\/v2\/product_brand?post=42013"},{"taxonomy":"product_cat","embeddable":true,"href":"https:\/\/naturalpoland.com\/ko\/wp-json\/wp\/v2\/product_cat?post=42013"},{"taxonomy":"product_tag","embeddable":true,"href":"https:\/\/naturalpoland.com\/ko\/wp-json\/wp\/v2\/product_tag?post=42013"}],"curies":[{"name":"wp","href":"https:\/\/api.w.org\/{rel}","templated":true}]}}