{"id":42016,"date":"2021-05-11T13:36:30","date_gmt":"2021-05-11T11:36:30","guid":{"rendered":"https:\/\/naturalpoland.com\/produkty\/uncategorized\/%ed%94%bc%eb%a6%ac%eb%8f%85%ec%82%b4-5-%ec%9d%b8%ec%82%b0-p5p\/"},"modified":"2025-07-16T15:13:55","modified_gmt":"2025-07-16T13:13:55","slug":"%ed%94%bc%eb%a6%ac%eb%8f%85%ec%82%b4-5-%ec%9d%b8%ec%82%b0-p5p","status":"publish","type":"product","link":"https:\/\/naturalpoland.com\/ko\/je-pum\/ui-yak-pum-won-ryo\/bi-ta-min\/%ed%94%bc%eb%a6%ac%eb%8f%85%ec%82%b4-5-%ec%9d%b8%ec%82%b0-p5p\/","title":{"rendered":"\ud53c\ub9ac\ub3c5\uc0b4 5-\uc778\uc0b0 (P5P)"},"content":{"rendered":"<p>\ud53c\ub9ac\ub3c5\uc0b4 5-\uc778\uc0b0\uc740 \uc2e0\uccb4\uc5d0\uc11c \uc5ec\ub7ec \uc911\uc694\ud55c \uae30\ub2a5\uc744 \uc218\ud589\ud569\ub2c8\ub2e4. \ud3ec\ub3c4\ub2f9 \uc0dd\uc131 \uacfc\uc815\uc5d0\uc11c \uc911\uc694\ud558\uba70, \ud5e4\ubaa8\uae00\ub85c\ube48 \ud569\uc131 \ubc0f \uc0b0\uc18c \uacb0\ud569 \uc870\uc808\uc744 \ub2f4\ub2f9\ud569\ub2c8\ub2e4. \ub610\ud55c \uc138\ub85c\ud1a0\ub2cc\uc774\ub098 \ub178\ub974\uc544\ub4dc\ub808\ub0a0\ub9b0\uacfc \uac19\uc740 \uc2e0\uacbd\uc804\ub2ec\ubb3c\uc9c8 \ud569\uc131\uc5d0 \ud544\uc694\ud558\ubbc0\ub85c \uc2e0\uacbd\uacc4 \uae30\ub2a5\uc5d0 \uc9c1\uc811\uc801\uc778 \uc601\ud5a5\uc744 \ubbf8\uce69\ub2c8\ub2e4.  <\/p>\n","protected":false},"excerpt":{"rendered":"<p>\ud53c\ub9ac\ub3c5\uc0b4 5-\uc778\uc0b0(P5P)\uc740 <strong>\ube44\ud0c0\ubbfc B6\uc758 \ud65c\uc131 \ud615\ud0dc<\/strong>\uc778 \uc720\uae30 \ud654\ud569\ubb3c\uc785\ub2c8\ub2e4. \uc774\ub294 \ubcf4\uc870\ud6a8\uc18c \ub610\ub294 \ubcf4\ucca0 \uadf8\ub8f9\uc758 \uc5ed\ud560\uc744 \ud558\ub294\ub370, \uc774\ub294 \uc544\ubbf8\ub178\uc0b0 \ub300\uc0ac\ub97c \ub2f4\ub2f9\ud558\ub294 \ud6a8\uc18c\uac00 \uc81c\ub300\ub85c \uae30\ub2a5\ud558\ub294 \ub370 \ud544\uc218\uc801\uc774\ub77c\ub294 \uac83\uc744 \uc758\ubbf8\ud569\ub2c8\ub2e4. \uadf8\ub7ec\ub098 P5P\ub294 \uc77c\ubc18 \ube44\ud0c0\ubbfc B6\uc640 \ub2ec\ub9ac \ucd94\uac00\uc801\uc778 \ubcc0\ud658\uc744 \uac70\uce58\uc9c0 \uc54a\uace0 \uc989\uc2dc \ud65c\uc6a9\ub420 \uc218 \uc788\ub2e4\ub294 \uc810\uc5d0\uc11c \ucc28\uc774\uac00 \uc788\uc2b5\ub2c8\ub2e4.  <\/p>\n","protected":false},"featured_media":42017,"template":"","meta":{"_acf_changed":false},"product_brand":[],"product_cat":[8145],"product_tag":[],"class_list":{"0":"post-42016","1":"product","2":"type-product","3":"status-publish","4":"has-post-thumbnail","6":"product_cat-bi-ta-min","8":"first","9":"instock","10":"shipping-taxable","11":"product-type-simple"},"acf":[],"yoast_head":"<!-- This site is optimized with the Yoast SEO plugin v27.4 - https:\/\/yoast.com\/product\/yoast-seo-wordpress\/ -->\n<title>\ud53c\ub9ac\ub3c5\uc0b4 5-\uc778\uc0b0 (P5P) - Hurtowy Dystrybutor<\/title>\n<meta name=\"robots\" content=\"index, follow, max-snippet:-1, max-image-preview:large, max-video-preview:-1\" \/>\n<link rel=\"canonical\" href=\"https:\/\/naturalpoland.com\/ko\/je-pum\/ui-yak-pum-won-ryo\/bi-ta-min\/%ed%94%bc%eb%a6%ac%eb%8f%85%ec%82%b4-5-%ec%9d%b8%ec%82%b0-p5p\/\" \/>\n<meta property=\"og:locale\" content=\"ko_KR\" \/>\n<meta property=\"og:type\" content=\"article\" \/>\n<meta property=\"og:title\" content=\"\ud53c\ub9ac\ub3c5\uc0b4 5-\uc778\uc0b0 (P5P) - Hurtowy Dystrybutor\" \/>\n<meta property=\"og:description\" content=\"\ud53c\ub9ac\ub3c5\uc0b4 5-\uc778\uc0b0(P5P)\uc740 \ube44\ud0c0\ubbfc B6\uc758 \ud65c\uc131 \ud615\ud0dc\uc778 \uc720\uae30 \ud654\ud569\ubb3c\uc785\ub2c8\ub2e4. \uc774\ub294 \ubcf4\uc870\ud6a8\uc18c \ub610\ub294 \ubcf4\ucca0 \uadf8\ub8f9\uc758 \uc5ed\ud560\uc744 \ud558\ub294\ub370, \uc774\ub294 \uc544\ubbf8\ub178\uc0b0 \ub300\uc0ac\ub97c \ub2f4\ub2f9\ud558\ub294 \ud6a8\uc18c\uac00 \uc81c\ub300\ub85c \uae30\ub2a5\ud558\ub294 \ub370 \ud544\uc218\uc801\uc774\ub77c\ub294 \uac83\uc744 \uc758\ubbf8\ud569\ub2c8\ub2e4. \uadf8\ub7ec\ub098 P5P\ub294 \uc77c\ubc18 \ube44\ud0c0\ubbfc B6\uc640 \ub2ec\ub9ac \ucd94\uac00\uc801\uc778 \ubcc0\ud658\uc744 \uac70\uce58\uc9c0 \uc54a\uace0 \uc989\uc2dc \ud65c\uc6a9\ub420 \uc218 \uc788\ub2e4\ub294 \uc810\uc5d0\uc11c \ucc28\uc774\uac00 \uc788\uc2b5\ub2c8\ub2e4.\" \/>\n<meta property=\"og:url\" content=\"https:\/\/naturalpoland.com\/ko\/je-pum\/ui-yak-pum-won-ryo\/bi-ta-min\/%ed%94%bc%eb%a6%ac%eb%8f%85%ec%82%b4-5-%ec%9d%b8%ec%82%b0-p5p\/\" \/>\n<meta property=\"og:site_name\" content=\"NATURAL POLAND - Hurtowy Dystrybutor Surowc\u00f3w\" \/>\n<meta property=\"article:publisher\" content=\"https:\/\/www.facebook.com\/naturalpoland.b2b\" \/>\n<meta property=\"article:modified_time\" content=\"2025-07-16T13:13:55+00:00\" \/>\n<meta property=\"og:image\" content=\"https:\/\/naturalpoland.com\/wp-content\/uploads\/2021\/05\/pyridoxal-5-phosphate-p5p.jpg\" \/>\n\t<meta property=\"og:image:width\" content=\"223\" \/>\n\t<meta property=\"og:image:height\" content=\"124\" \/>\n\t<meta property=\"og:image:type\" content=\"image\/jpeg\" \/>\n<script type=\"application\/ld+json\" class=\"yoast-schema-graph\">{\"@context\":\"https:\\\/\\\/schema.org\",\"@graph\":[{\"@type\":\"WebPage\",\"@id\":\"https:\\\/\\\/naturalpoland.com\\\/ko\\\/je-pum\\\/ui-yak-pum-won-ryo\\\/bi-ta-min\\\/%ed%94%bc%eb%a6%ac%eb%8f%85%ec%82%b4-5-%ec%9d%b8%ec%82%b0-p5p\\\/\",\"url\":\"https:\\\/\\\/naturalpoland.com\\\/ko\\\/je-pum\\\/ui-yak-pum-won-ryo\\\/bi-ta-min\\\/%ed%94%bc%eb%a6%ac%eb%8f%85%ec%82%b4-5-%ec%9d%b8%ec%82%b0-p5p\\\/\",\"name\":\"\ud53c\ub9ac\ub3c5\uc0b4 5-\uc778\uc0b0 (P5P) - Hurtowy Dystrybutor\",\"isPartOf\":{\"@id\":\"https:\\\/\\\/naturalpoland.com\\\/ko\\\/#website\"},\"primaryImageOfPage\":{\"@id\":\"https:\\\/\\\/naturalpoland.com\\\/ko\\\/je-pum\\\/ui-yak-pum-won-ryo\\\/bi-ta-min\\\/%ed%94%bc%eb%a6%ac%eb%8f%85%ec%82%b4-5-%ec%9d%b8%ec%82%b0-p5p\\\/#primaryimage\"},\"image\":{\"@id\":\"https:\\\/\\\/naturalpoland.com\\\/ko\\\/je-pum\\\/ui-yak-pum-won-ryo\\\/bi-ta-min\\\/%ed%94%bc%eb%a6%ac%eb%8f%85%ec%82%b4-5-%ec%9d%b8%ec%82%b0-p5p\\\/#primaryimage\"},\"thumbnailUrl\":\"https:\\\/\\\/naturalpoland.com\\\/wp-content\\\/uploads\\\/2021\\\/05\\\/pyridoxal-5-phosphate-p5p.jpg\",\"datePublished\":\"2021-05-11T11:36:30+00:00\",\"dateModified\":\"2025-07-16T13:13:55+00:00\",\"breadcrumb\":{\"@id\":\"https:\\\/\\\/naturalpoland.com\\\/ko\\\/je-pum\\\/ui-yak-pum-won-ryo\\\/bi-ta-min\\\/%ed%94%bc%eb%a6%ac%eb%8f%85%ec%82%b4-5-%ec%9d%b8%ec%82%b0-p5p\\\/#breadcrumb\"},\"inLanguage\":\"ko-KR\",\"potentialAction\":[{\"@type\":\"ReadAction\",\"target\":[\"https:\\\/\\\/naturalpoland.com\\\/ko\\\/je-pum\\\/ui-yak-pum-won-ryo\\\/bi-ta-min\\\/%ed%94%bc%eb%a6%ac%eb%8f%85%ec%82%b4-5-%ec%9d%b8%ec%82%b0-p5p\\\/\"]}]},{\"@type\":\"ImageObject\",\"inLanguage\":\"ko-KR\",\"@id\":\"https:\\\/\\\/naturalpoland.com\\\/ko\\\/je-pum\\\/ui-yak-pum-won-ryo\\\/bi-ta-min\\\/%ed%94%bc%eb%a6%ac%eb%8f%85%ec%82%b4-5-%ec%9d%b8%ec%82%b0-p5p\\\/#primaryimage\",\"url\":\"https:\\\/\\\/naturalpoland.com\\\/wp-content\\\/uploads\\\/2021\\\/05\\\/pyridoxal-5-phosphate-p5p.jpg\",\"contentUrl\":\"https:\\\/\\\/naturalpoland.com\\\/wp-content\\\/uploads\\\/2021\\\/05\\\/pyridoxal-5-phosphate-p5p.jpg\",\"width\":223,\"height\":124,\"caption\":\"pyridoxal-5-phosphate p5p\"},{\"@type\":\"BreadcrumbList\",\"@id\":\"https:\\\/\\\/naturalpoland.com\\\/ko\\\/je-pum\\\/ui-yak-pum-won-ryo\\\/bi-ta-min\\\/%ed%94%bc%eb%a6%ac%eb%8f%85%ec%82%b4-5-%ec%9d%b8%ec%82%b0-p5p\\\/#breadcrumb\",\"itemListElement\":[{\"@type\":\"ListItem\",\"position\":1,\"name\":\"\ud648\",\"item\":\"https:\\\/\\\/naturalpoland.com\\\/ko\\\/\"},{\"@type\":\"ListItem\",\"position\":2,\"name\":\"\uc81c\ud488\",\"item\":\"https:\\\/\\\/naturalpoland.com\\\/ko\\\/%ec%a0%9c%ed%92%88\\\/\"},{\"@type\":\"ListItem\",\"position\":3,\"name\":\"\ud53c\ub9ac\ub3c5\uc0b4 5-\uc778\uc0b0 (P5P)\"}]},{\"@type\":\"WebSite\",\"@id\":\"https:\\\/\\\/naturalpoland.com\\\/ko\\\/#website\",\"url\":\"https:\\\/\\\/naturalpoland.com\\\/ko\\\/\",\"name\":\"NATURAL POLAND - Hurtowy Dystrybutor Surowc\u00f3w\",\"description\":\"Surowce dla przemys\u0142u spo\u017cywczego, kosmetycznego i farmaceutycznego\",\"publisher\":{\"@id\":\"https:\\\/\\\/naturalpoland.com\\\/ko\\\/#organization\"},\"potentialAction\":[{\"@type\":\"SearchAction\",\"target\":{\"@type\":\"EntryPoint\",\"urlTemplate\":\"https:\\\/\\\/naturalpoland.com\\\/ko\\\/?s={search_term_string}\"},\"query-input\":{\"@type\":\"PropertyValueSpecification\",\"valueRequired\":true,\"valueName\":\"search_term_string\"}}],\"inLanguage\":\"ko-KR\"},{\"@type\":\"Organization\",\"@id\":\"https:\\\/\\\/naturalpoland.com\\\/ko\\\/#organization\",\"name\":\"Natural Poland\",\"url\":\"https:\\\/\\\/naturalpoland.com\\\/ko\\\/\",\"logo\":{\"@type\":\"ImageObject\",\"inLanguage\":\"ko-KR\",\"@id\":\"https:\\\/\\\/naturalpoland.com\\\/ko\\\/#\\\/schema\\\/logo\\\/image\\\/\",\"url\":\"https:\\\/\\\/naturalpoland.com\\\/wp-content\\\/uploads\\\/2021\\\/05\\\/natural-poland-icon.png\",\"contentUrl\":\"https:\\\/\\\/naturalpoland.com\\\/wp-content\\\/uploads\\\/2021\\\/05\\\/natural-poland-icon.png\",\"width\":512,\"height\":512,\"caption\":\"Natural Poland\"},\"image\":{\"@id\":\"https:\\\/\\\/naturalpoland.com\\\/ko\\\/#\\\/schema\\\/logo\\\/image\\\/\"},\"sameAs\":[\"https:\\\/\\\/www.facebook.com\\\/naturalpoland.b2b\",\"https:\\\/\\\/pl.linkedin.com\\\/company\\\/natural-poland\",\"https:\\\/\\\/www.youtube.com\\\/channel\\\/UCgeGGkvOMahZo-xu_MSEWxg\"]}]}<\/script>\n<!-- \/ Yoast SEO plugin. -->","yoast_head_json":{"title":"\ud53c\ub9ac\ub3c5\uc0b4 5-\uc778\uc0b0 (P5P) - Hurtowy Dystrybutor","robots":{"index":"index","follow":"follow","max-snippet":"max-snippet:-1","max-image-preview":"max-image-preview:large","max-video-preview":"max-video-preview:-1"},"canonical":"https:\/\/naturalpoland.com\/ko\/je-pum\/ui-yak-pum-won-ryo\/bi-ta-min\/%ed%94%bc%eb%a6%ac%eb%8f%85%ec%82%b4-5-%ec%9d%b8%ec%82%b0-p5p\/","og_locale":"ko_KR","og_type":"article","og_title":"\ud53c\ub9ac\ub3c5\uc0b4 5-\uc778\uc0b0 (P5P) - Hurtowy Dystrybutor","og_description":"\ud53c\ub9ac\ub3c5\uc0b4 5-\uc778\uc0b0(P5P)\uc740 \ube44\ud0c0\ubbfc B6\uc758 \ud65c\uc131 \ud615\ud0dc\uc778 \uc720\uae30 \ud654\ud569\ubb3c\uc785\ub2c8\ub2e4. \uc774\ub294 \ubcf4\uc870\ud6a8\uc18c \ub610\ub294 \ubcf4\ucca0 \uadf8\ub8f9\uc758 \uc5ed\ud560\uc744 \ud558\ub294\ub370, \uc774\ub294 \uc544\ubbf8\ub178\uc0b0 \ub300\uc0ac\ub97c \ub2f4\ub2f9\ud558\ub294 \ud6a8\uc18c\uac00 \uc81c\ub300\ub85c \uae30\ub2a5\ud558\ub294 \ub370 \ud544\uc218\uc801\uc774\ub77c\ub294 \uac83\uc744 \uc758\ubbf8\ud569\ub2c8\ub2e4. \uadf8\ub7ec\ub098 P5P\ub294 \uc77c\ubc18 \ube44\ud0c0\ubbfc B6\uc640 \ub2ec\ub9ac \ucd94\uac00\uc801\uc778 \ubcc0\ud658\uc744 \uac70\uce58\uc9c0 \uc54a\uace0 \uc989\uc2dc \ud65c\uc6a9\ub420 \uc218 \uc788\ub2e4\ub294 \uc810\uc5d0\uc11c \ucc28\uc774\uac00 \uc788\uc2b5\ub2c8\ub2e4.","og_url":"https:\/\/naturalpoland.com\/ko\/je-pum\/ui-yak-pum-won-ryo\/bi-ta-min\/%ed%94%bc%eb%a6%ac%eb%8f%85%ec%82%b4-5-%ec%9d%b8%ec%82%b0-p5p\/","og_site_name":"NATURAL POLAND - Hurtowy Dystrybutor Surowc\u00f3w","article_publisher":"https:\/\/www.facebook.com\/naturalpoland.b2b","article_modified_time":"2025-07-16T13:13:55+00:00","og_image":[{"width":223,"height":124,"url":"https:\/\/naturalpoland.com\/wp-content\/uploads\/2021\/05\/pyridoxal-5-phosphate-p5p.jpg","type":"image\/jpeg"}],"schema":{"@context":"https:\/\/schema.org","@graph":[{"@type":"WebPage","@id":"https:\/\/naturalpoland.com\/ko\/je-pum\/ui-yak-pum-won-ryo\/bi-ta-min\/%ed%94%bc%eb%a6%ac%eb%8f%85%ec%82%b4-5-%ec%9d%b8%ec%82%b0-p5p\/","url":"https:\/\/naturalpoland.com\/ko\/je-pum\/ui-yak-pum-won-ryo\/bi-ta-min\/%ed%94%bc%eb%a6%ac%eb%8f%85%ec%82%b4-5-%ec%9d%b8%ec%82%b0-p5p\/","name":"\ud53c\ub9ac\ub3c5\uc0b4 5-\uc778\uc0b0 (P5P) - Hurtowy Dystrybutor","isPartOf":{"@id":"https:\/\/naturalpoland.com\/ko\/#website"},"primaryImageOfPage":{"@id":"https:\/\/naturalpoland.com\/ko\/je-pum\/ui-yak-pum-won-ryo\/bi-ta-min\/%ed%94%bc%eb%a6%ac%eb%8f%85%ec%82%b4-5-%ec%9d%b8%ec%82%b0-p5p\/#primaryimage"},"image":{"@id":"https:\/\/naturalpoland.com\/ko\/je-pum\/ui-yak-pum-won-ryo\/bi-ta-min\/%ed%94%bc%eb%a6%ac%eb%8f%85%ec%82%b4-5-%ec%9d%b8%ec%82%b0-p5p\/#primaryimage"},"thumbnailUrl":"https:\/\/naturalpoland.com\/wp-content\/uploads\/2021\/05\/pyridoxal-5-phosphate-p5p.jpg","datePublished":"2021-05-11T11:36:30+00:00","dateModified":"2025-07-16T13:13:55+00:00","breadcrumb":{"@id":"https:\/\/naturalpoland.com\/ko\/je-pum\/ui-yak-pum-won-ryo\/bi-ta-min\/%ed%94%bc%eb%a6%ac%eb%8f%85%ec%82%b4-5-%ec%9d%b8%ec%82%b0-p5p\/#breadcrumb"},"inLanguage":"ko-KR","potentialAction":[{"@type":"ReadAction","target":["https:\/\/naturalpoland.com\/ko\/je-pum\/ui-yak-pum-won-ryo\/bi-ta-min\/%ed%94%bc%eb%a6%ac%eb%8f%85%ec%82%b4-5-%ec%9d%b8%ec%82%b0-p5p\/"]}]},{"@type":"ImageObject","inLanguage":"ko-KR","@id":"https:\/\/naturalpoland.com\/ko\/je-pum\/ui-yak-pum-won-ryo\/bi-ta-min\/%ed%94%bc%eb%a6%ac%eb%8f%85%ec%82%b4-5-%ec%9d%b8%ec%82%b0-p5p\/#primaryimage","url":"https:\/\/naturalpoland.com\/wp-content\/uploads\/2021\/05\/pyridoxal-5-phosphate-p5p.jpg","contentUrl":"https:\/\/naturalpoland.com\/wp-content\/uploads\/2021\/05\/pyridoxal-5-phosphate-p5p.jpg","width":223,"height":124,"caption":"pyridoxal-5-phosphate p5p"},{"@type":"BreadcrumbList","@id":"https:\/\/naturalpoland.com\/ko\/je-pum\/ui-yak-pum-won-ryo\/bi-ta-min\/%ed%94%bc%eb%a6%ac%eb%8f%85%ec%82%b4-5-%ec%9d%b8%ec%82%b0-p5p\/#breadcrumb","itemListElement":[{"@type":"ListItem","position":1,"name":"\ud648","item":"https:\/\/naturalpoland.com\/ko\/"},{"@type":"ListItem","position":2,"name":"\uc81c\ud488","item":"https:\/\/naturalpoland.com\/ko\/%ec%a0%9c%ed%92%88\/"},{"@type":"ListItem","position":3,"name":"\ud53c\ub9ac\ub3c5\uc0b4 5-\uc778\uc0b0 (P5P)"}]},{"@type":"WebSite","@id":"https:\/\/naturalpoland.com\/ko\/#website","url":"https:\/\/naturalpoland.com\/ko\/","name":"NATURAL POLAND - Hurtowy Dystrybutor Surowc\u00f3w","description":"Surowce dla przemys\u0142u spo\u017cywczego, kosmetycznego i farmaceutycznego","publisher":{"@id":"https:\/\/naturalpoland.com\/ko\/#organization"},"potentialAction":[{"@type":"SearchAction","target":{"@type":"EntryPoint","urlTemplate":"https:\/\/naturalpoland.com\/ko\/?s={search_term_string}"},"query-input":{"@type":"PropertyValueSpecification","valueRequired":true,"valueName":"search_term_string"}}],"inLanguage":"ko-KR"},{"@type":"Organization","@id":"https:\/\/naturalpoland.com\/ko\/#organization","name":"Natural Poland","url":"https:\/\/naturalpoland.com\/ko\/","logo":{"@type":"ImageObject","inLanguage":"ko-KR","@id":"https:\/\/naturalpoland.com\/ko\/#\/schema\/logo\/image\/","url":"https:\/\/naturalpoland.com\/wp-content\/uploads\/2021\/05\/natural-poland-icon.png","contentUrl":"https:\/\/naturalpoland.com\/wp-content\/uploads\/2021\/05\/natural-poland-icon.png","width":512,"height":512,"caption":"Natural Poland"},"image":{"@id":"https:\/\/naturalpoland.com\/ko\/#\/schema\/logo\/image\/"},"sameAs":["https:\/\/www.facebook.com\/naturalpoland.b2b","https:\/\/pl.linkedin.com\/company\/natural-poland","https:\/\/www.youtube.com\/channel\/UCgeGGkvOMahZo-xu_MSEWxg"]}]}},"_links":{"self":[{"href":"https:\/\/naturalpoland.com\/ko\/wp-json\/wp\/v2\/product\/42016","targetHints":{"allow":["GET"]}}],"collection":[{"href":"https:\/\/naturalpoland.com\/ko\/wp-json\/wp\/v2\/product"}],"about":[{"href":"https:\/\/naturalpoland.com\/ko\/wp-json\/wp\/v2\/types\/product"}],"wp:featuredmedia":[{"embeddable":true,"href":"https:\/\/naturalpoland.com\/ko\/wp-json\/wp\/v2\/media\/42017"}],"wp:attachment":[{"href":"https:\/\/naturalpoland.com\/ko\/wp-json\/wp\/v2\/media?parent=42016"}],"wp:term":[{"taxonomy":"product_brand","embeddable":true,"href":"https:\/\/naturalpoland.com\/ko\/wp-json\/wp\/v2\/product_brand?post=42016"},{"taxonomy":"product_cat","embeddable":true,"href":"https:\/\/naturalpoland.com\/ko\/wp-json\/wp\/v2\/product_cat?post=42016"},{"taxonomy":"product_tag","embeddable":true,"href":"https:\/\/naturalpoland.com\/ko\/wp-json\/wp\/v2\/product_tag?post=42016"}],"curies":[{"name":"wp","href":"https:\/\/api.w.org\/{rel}","templated":true}]}}