{"id":42018,"date":"2021-05-11T13:36:36","date_gmt":"2021-05-11T11:36:36","guid":{"rendered":"https:\/\/naturalpoland.com\/produkty\/uncategorized\/%eb%b2%a0%ed%83%80%ec%b9%b4%eb%a1%9c%ed%8b%b4-100-%ec%b2%9c%ec%97%b0\/"},"modified":"2025-07-16T15:24:50","modified_gmt":"2025-07-16T13:24:50","slug":"betakarotin-100-cheonnyeon","status":"publish","type":"product","link":"https:\/\/naturalpoland.com\/ko\/je-pum\/ui-yak-pum-won-ryo\/geon-gang-gi-neung-sig-pum-cheom-ga-mul\/betakarotin-100-cheonnyeon\/","title":{"rendered":"\ubca0\ud0c0\uce74\ub85c\ud2f4 (100% \ucc9c\uc5f0)"},"content":{"rendered":"<p>\uc800\ud76c\uac00 \uc81c\uacf5\ud558\ub294 \uc81c\ud488\uc740 \ucd5c\uc18c 10%\uc758 \uc21c\uc218 \ubca0\ud0c0\uce74\ub85c\ud2f4\uc744 \ud568\uc720\ud55c \ubbf8\uc138 \ucea1\uc290\ud654\ub41c \ubd84\ub9d0 \ud615\ud0dc\uc758 \ubca0\ud0c0\uce74\ub85c\ud2f4\uc785\ub2c8\ub2e4. \uc0c9\uc0c1\uc740 \uc9d9\uc740 \ube68\uac04\uc0c9 \ub610\ub294 \uc801\uac08\uc0c9\uc774\uba70, \ud2b9\uc720\uc758 \ud5a5\uacfc \ub9db\uc740 \uc774 \uce74\ub85c\ud2f0\ub178\uc774\ub4dc\uc758 \uc804\ud615\uc801\uc778 \ud2b9\uc9d5\uc785\ub2c8\ub2e4. \uc774 \uc81c\ud488\uc740 \uc911\uad6d\uc5d0\uc11c \uc0dd\uc0b0\ub418\uba70, \uc5f0\uad6c \uacb0\uacfc\uc5d0 \ub530\ub974\uba74 GMO, \uc911\uae08\uc18d, \uc0b4\ucda9\uc81c, \ubcd1\uc6d0\uc131 \ubbf8\uc0dd\ubb3c\uacfc \uac19\uc740 \ubb3c\uc9c8\uc774 \uc5c6\uc2b5\ub2c8\ub2e4. \ubcf8 \uc81c\ud488\uc740 \uad6d\uc81c \ud488\uc9c8 \ud45c\uc900\uc744 \uc900\uc218\ud569\ub2c8\ub2e4.<\/p>\n<h2>\ud654\uc7a5\ud488 \ubc0f \ubcf4\ucda9\uc81c \ubd84\uc57c\uc5d0\uc11c \ubca0\ud0c0\uce74\ub85c\ud2f4\uc758 \ud65c\uc6a9:<\/h2>\n<ol>\n<li><strong>\ud53c\ubd80 \ud1a4 \uac1c\uc120<br \/>\n<\/strong>\ubca0\ud0c0\uce74\ub85c\ud2f4 \ud568\uc720 \uc81c\ud488\uc744 \uafb8\uc900\ud788 \uc0ac\uc6a9\ud558\uba74 \uc790\uc5f0 \ud0dc\ub2dd\uc744 \ucd09\uc9c4\ud558\ub294 \ud2b9\uc131 \ub355\ubd84\uc5d0 \ub354 \uac74\uac15\ud558\uace0 \uade0\uc77c\ud55c \ud53c\ubd80 \ud1a4\uc744 \uc5bb\ub294 \ub370 \ub3c4\uc6c0\uc774 \ub420 \uc218 \uc788\uc2b5\ub2c8\ub2e4.<\/li>\n<li><strong>\ub178\ud654 \ubc29\uc9c0 \ud2b9\uc131<br \/>\n<\/strong>\uc790\uc720 \ub77c\ub514\uce7c\uc744 \uc911\ud654\ud558\ub294 \ub2a5\ub825 \ub355\ubd84\uc5d0 \uc8fc\ub984 \ubc0f \ud53c\ubd80 \ud0c4\ub825 \uc800\ud558\uc640 \uac19\uc740 \ub178\ud654 \uc9d5\ud6c4\ub97c \ud1f4\uce58\ud558\ub294 \ub370 \ub3c4\uc6c0\uc774 \ub429\ub2c8\ub2e4.<\/li>\n<li><strong>\ud53c\ubd80 \uc7ac\uc0dd<br \/>\n<\/strong>\uc138\ud3ec \uc7ac\uc0dd \uc18d\ub3c4\uc5d0 \uc601\ud5a5\uc744 \ubbf8\uccd0 \ubca0\ud0c0\uce74\ub85c\ud2f4\uc740 \ud53c\ubd80 \uc7ac\uc0dd \uacfc\uc815\uc744 \uc9c0\uc6d0\ud558\uba70, \uacbd\ubbf8\ud55c \uc190\uc0c1 \uce58\ub8cc\uc5d0 \ub3c4\uc6c0\uc744 \uc8fc\uace0 \uc0c1\ucc98 \uce58\uc720\ub97c \ucd09\uc9c4\ud569\ub2c8\ub2e4.<\/li>\n<li><strong>\ubb38\uc81c\uc131 \ud53c\ubd80 \uad00\ub9ac<br \/>\n<\/strong>\uc5ec\ub4dc\ub984\uc131 \ubcc0\ud654\ub97c \uc904\uc774\uace0 \ud53c\ubd80 \uc5fc\uc99d\uc744 \uc644\ud654\ud558\ub294 \ub370 \ud6a8\uacfc\uc801\uc774\ubbc0\ub85c, \ud53c\ubd80 \ubb38\uc81c\uac00 \uc788\ub294 \uc0ac\ub78c\ub4e4\uc744 \uc704\ud55c \uc81c\ud488\uc5d0 \uadc0\uc911\ud55c \uc131\ubd84\uc785\ub2c8\ub2e4.<\/li>\n<\/ol>\n","protected":false},"excerpt":{"rendered":"<p>\ubca0\ud0c0\uce74\ub85c\ud2f4\uc740 \ub9ce\uc740 \uc2dd\ubb3c\uc5d0\uc11c \ub178\ub780\uc0c9, \uc8fc\ud669\uc0c9, \ube68\uac04\uc0c9\uc744 \ub760\uac8c \ud558\ub294 <strong>\uce74\ub85c\ud2f0\ub178\uc774\ub4dc<\/strong> \uadf8\ub8f9\uc5d0 \uc18d\ud558\ub294 <strong><a href=\"https:\/\/naturalpoland.com\/produkty\/produkty-dla-przemyslu-kosmetycznego\/barwniki-kosmetyczne\/barwniki-pochodzenia-naturalnego\/\">\ucc9c\uc5f0 \uc0c9\uc18c<\/a><\/strong>\uc785\ub2c8\ub2e4. \ube44\ud0c0\ubbfc A\uc758 \uc804\uad6c\uccb4\ub85c\uc11c \ubca0\ud0c0\uce74\ub85c\ud2f4\uc740 \uac74\uac15\ud55c \ud53c\ubd80 \uc720\uc9c0\uc640 \uc2dc\ub825 \uac1c\uc120\uc5d0 \uae30\uc5ec\ud558\uba70 \uc778\uccb4\uc5d0\uc11c \uc911\uc694\ud55c \uc5ed\ud560\uc744 \ud569\ub2c8\ub2e4.<\/p>\n","protected":false},"featured_media":42020,"template":"","meta":{"_acf_changed":false},"product_brand":[],"product_cat":[8145,8143],"product_tag":[],"class_list":{"0":"post-42018","1":"product","2":"type-product","3":"status-publish","4":"has-post-thumbnail","6":"product_cat-bi-ta-min","7":"product_cat-geon-gang-gi-neung-sig-pum-cheom-ga-mul","9":"first","10":"instock","11":"shipping-taxable","12":"product-type-simple"},"acf":[],"yoast_head":"<!-- This site is optimized with the Yoast SEO plugin v27.4 - https:\/\/yoast.com\/product\/yoast-seo-wordpress\/ -->\n<title>\ubca0\ud0c0\uce74\ub85c\ud2f4 (100% \ucc9c\uc5f0) - NATURAL POLAND - Hurtowy Dystrybutor Surowc\u00f3w<\/title>\n<meta name=\"description\" content=\"\ubca0\ud0c0\uce74\ub85c\ud2f4\uc740 \ub9ce\uc740 \uc2dd\ubb3c\uc5d0\uc11c \ub178\ub780\uc0c9, \uc8fc\ud669\uc0c9, \ube68\uac04\uc0c9\uc744 \ub760\uac8c \ud558\ub294 \uce74\ub85c\ud2f0\ub178\uc774\ub4dc \uadf8\ub8f9\uc5d0 \uc18d\ud558\ub294 \ucc9c\uc5f0 \uc0c9\uc18c\uc785\ub2c8\ub2e4.\" \/>\n<meta name=\"robots\" content=\"index, follow, max-snippet:-1, max-image-preview:large, max-video-preview:-1\" \/>\n<link rel=\"canonical\" href=\"https:\/\/naturalpoland.com\/ko\/je-pum\/ui-yak-pum-won-ryo\/geon-gang-gi-neung-sig-pum-cheom-ga-mul\/betakarotin-100-cheonnyeon\/\" \/>\n<meta property=\"og:locale\" content=\"ko_KR\" \/>\n<meta property=\"og:type\" content=\"article\" \/>\n<meta property=\"og:title\" content=\"\ubca0\ud0c0\uce74\ub85c\ud2f4 (100% \ucc9c\uc5f0) - NATURAL POLAND - Hurtowy Dystrybutor Surowc\u00f3w\" \/>\n<meta property=\"og:description\" content=\"\ubca0\ud0c0\uce74\ub85c\ud2f4\uc740 \ub9ce\uc740 \uc2dd\ubb3c\uc5d0\uc11c \ub178\ub780\uc0c9, \uc8fc\ud669\uc0c9, \ube68\uac04\uc0c9\uc744 \ub760\uac8c \ud558\ub294 \uce74\ub85c\ud2f0\ub178\uc774\ub4dc \uadf8\ub8f9\uc5d0 \uc18d\ud558\ub294 \ucc9c\uc5f0 \uc0c9\uc18c\uc785\ub2c8\ub2e4.\" \/>\n<meta property=\"og:url\" content=\"https:\/\/naturalpoland.com\/ko\/je-pum\/ui-yak-pum-won-ryo\/geon-gang-gi-neung-sig-pum-cheom-ga-mul\/betakarotin-100-cheonnyeon\/\" \/>\n<meta property=\"og:site_name\" content=\"NATURAL POLAND - Hurtowy Dystrybutor Surowc\u00f3w\" \/>\n<meta property=\"article:publisher\" content=\"https:\/\/www.facebook.com\/naturalpoland.b2b\" \/>\n<meta property=\"article:modified_time\" content=\"2025-07-16T13:24:50+00:00\" \/>\n<meta property=\"og:image\" content=\"https:\/\/naturalpoland.com\/wp-content\/uploads\/beta-karoten.webp\" \/>\n\t<meta property=\"og:image:width\" content=\"489\" \/>\n\t<meta property=\"og:image:height\" content=\"489\" \/>\n\t<meta property=\"og:image:type\" content=\"image\/webp\" \/>\n<script type=\"application\/ld+json\" class=\"yoast-schema-graph\">{\"@context\":\"https:\\\/\\\/schema.org\",\"@graph\":[{\"@type\":\"WebPage\",\"@id\":\"https:\\\/\\\/naturalpoland.com\\\/ko\\\/je-pum\\\/ui-yak-pum-won-ryo\\\/geon-gang-gi-neung-sig-pum-cheom-ga-mul\\\/betakarotin-100-cheonnyeon\\\/\",\"url\":\"https:\\\/\\\/naturalpoland.com\\\/ko\\\/je-pum\\\/ui-yak-pum-won-ryo\\\/geon-gang-gi-neung-sig-pum-cheom-ga-mul\\\/betakarotin-100-cheonnyeon\\\/\",\"name\":\"\ubca0\ud0c0\uce74\ub85c\ud2f4 (100% \ucc9c\uc5f0) - NATURAL POLAND - Hurtowy Dystrybutor Surowc\u00f3w\",\"isPartOf\":{\"@id\":\"https:\\\/\\\/naturalpoland.com\\\/ko\\\/#website\"},\"primaryImageOfPage\":{\"@id\":\"https:\\\/\\\/naturalpoland.com\\\/ko\\\/je-pum\\\/ui-yak-pum-won-ryo\\\/geon-gang-gi-neung-sig-pum-cheom-ga-mul\\\/betakarotin-100-cheonnyeon\\\/#primaryimage\"},\"image\":{\"@id\":\"https:\\\/\\\/naturalpoland.com\\\/ko\\\/je-pum\\\/ui-yak-pum-won-ryo\\\/geon-gang-gi-neung-sig-pum-cheom-ga-mul\\\/betakarotin-100-cheonnyeon\\\/#primaryimage\"},\"thumbnailUrl\":\"https:\\\/\\\/naturalpoland.com\\\/wp-content\\\/uploads\\\/beta-karoten.webp\",\"datePublished\":\"2021-05-11T11:36:36+00:00\",\"dateModified\":\"2025-07-16T13:24:50+00:00\",\"description\":\"\ubca0\ud0c0\uce74\ub85c\ud2f4\uc740 \ub9ce\uc740 \uc2dd\ubb3c\uc5d0\uc11c \ub178\ub780\uc0c9, \uc8fc\ud669\uc0c9, \ube68\uac04\uc0c9\uc744 \ub760\uac8c \ud558\ub294 \uce74\ub85c\ud2f0\ub178\uc774\ub4dc \uadf8\ub8f9\uc5d0 \uc18d\ud558\ub294 \ucc9c\uc5f0 \uc0c9\uc18c\uc785\ub2c8\ub2e4.\",\"breadcrumb\":{\"@id\":\"https:\\\/\\\/naturalpoland.com\\\/ko\\\/je-pum\\\/ui-yak-pum-won-ryo\\\/geon-gang-gi-neung-sig-pum-cheom-ga-mul\\\/betakarotin-100-cheonnyeon\\\/#breadcrumb\"},\"inLanguage\":\"ko-KR\",\"potentialAction\":[{\"@type\":\"ReadAction\",\"target\":[\"https:\\\/\\\/naturalpoland.com\\\/ko\\\/je-pum\\\/ui-yak-pum-won-ryo\\\/geon-gang-gi-neung-sig-pum-cheom-ga-mul\\\/betakarotin-100-cheonnyeon\\\/\"]}]},{\"@type\":\"ImageObject\",\"inLanguage\":\"ko-KR\",\"@id\":\"https:\\\/\\\/naturalpoland.com\\\/ko\\\/je-pum\\\/ui-yak-pum-won-ryo\\\/geon-gang-gi-neung-sig-pum-cheom-ga-mul\\\/betakarotin-100-cheonnyeon\\\/#primaryimage\",\"url\":\"https:\\\/\\\/naturalpoland.com\\\/wp-content\\\/uploads\\\/beta-karoten.webp\",\"contentUrl\":\"https:\\\/\\\/naturalpoland.com\\\/wp-content\\\/uploads\\\/beta-karoten.webp\",\"width\":489,\"height\":489,\"caption\":\"beta-karoten\"},{\"@type\":\"BreadcrumbList\",\"@id\":\"https:\\\/\\\/naturalpoland.com\\\/ko\\\/je-pum\\\/ui-yak-pum-won-ryo\\\/geon-gang-gi-neung-sig-pum-cheom-ga-mul\\\/betakarotin-100-cheonnyeon\\\/#breadcrumb\",\"itemListElement\":[{\"@type\":\"ListItem\",\"position\":1,\"name\":\"\ud648\",\"item\":\"https:\\\/\\\/naturalpoland.com\\\/ko\\\/\"},{\"@type\":\"ListItem\",\"position\":2,\"name\":\"\uc81c\ud488\",\"item\":\"https:\\\/\\\/naturalpoland.com\\\/ko\\\/%ec%a0%9c%ed%92%88\\\/\"},{\"@type\":\"ListItem\",\"position\":3,\"name\":\"\ubca0\ud0c0\uce74\ub85c\ud2f4 (100% \ucc9c\uc5f0)\"}]},{\"@type\":\"WebSite\",\"@id\":\"https:\\\/\\\/naturalpoland.com\\\/ko\\\/#website\",\"url\":\"https:\\\/\\\/naturalpoland.com\\\/ko\\\/\",\"name\":\"NATURAL POLAND - Hurtowy Dystrybutor Surowc\u00f3w\",\"description\":\"Surowce dla przemys\u0142u spo\u017cywczego, kosmetycznego i farmaceutycznego\",\"publisher\":{\"@id\":\"https:\\\/\\\/naturalpoland.com\\\/ko\\\/#organization\"},\"potentialAction\":[{\"@type\":\"SearchAction\",\"target\":{\"@type\":\"EntryPoint\",\"urlTemplate\":\"https:\\\/\\\/naturalpoland.com\\\/ko\\\/?s={search_term_string}\"},\"query-input\":{\"@type\":\"PropertyValueSpecification\",\"valueRequired\":true,\"valueName\":\"search_term_string\"}}],\"inLanguage\":\"ko-KR\"},{\"@type\":\"Organization\",\"@id\":\"https:\\\/\\\/naturalpoland.com\\\/ko\\\/#organization\",\"name\":\"Natural Poland\",\"url\":\"https:\\\/\\\/naturalpoland.com\\\/ko\\\/\",\"logo\":{\"@type\":\"ImageObject\",\"inLanguage\":\"ko-KR\",\"@id\":\"https:\\\/\\\/naturalpoland.com\\\/ko\\\/#\\\/schema\\\/logo\\\/image\\\/\",\"url\":\"https:\\\/\\\/naturalpoland.com\\\/wp-content\\\/uploads\\\/2021\\\/05\\\/natural-poland-icon.png\",\"contentUrl\":\"https:\\\/\\\/naturalpoland.com\\\/wp-content\\\/uploads\\\/2021\\\/05\\\/natural-poland-icon.png\",\"width\":512,\"height\":512,\"caption\":\"Natural Poland\"},\"image\":{\"@id\":\"https:\\\/\\\/naturalpoland.com\\\/ko\\\/#\\\/schema\\\/logo\\\/image\\\/\"},\"sameAs\":[\"https:\\\/\\\/www.facebook.com\\\/naturalpoland.b2b\",\"https:\\\/\\\/pl.linkedin.com\\\/company\\\/natural-poland\",\"https:\\\/\\\/www.youtube.com\\\/channel\\\/UCgeGGkvOMahZo-xu_MSEWxg\"]}]}<\/script>\n<!-- \/ Yoast SEO plugin. -->","yoast_head_json":{"title":"\ubca0\ud0c0\uce74\ub85c\ud2f4 (100% \ucc9c\uc5f0) - NATURAL POLAND - Hurtowy Dystrybutor Surowc\u00f3w","description":"\ubca0\ud0c0\uce74\ub85c\ud2f4\uc740 \ub9ce\uc740 \uc2dd\ubb3c\uc5d0\uc11c \ub178\ub780\uc0c9, \uc8fc\ud669\uc0c9, \ube68\uac04\uc0c9\uc744 \ub760\uac8c \ud558\ub294 \uce74\ub85c\ud2f0\ub178\uc774\ub4dc \uadf8\ub8f9\uc5d0 \uc18d\ud558\ub294 \ucc9c\uc5f0 \uc0c9\uc18c\uc785\ub2c8\ub2e4.","robots":{"index":"index","follow":"follow","max-snippet":"max-snippet:-1","max-image-preview":"max-image-preview:large","max-video-preview":"max-video-preview:-1"},"canonical":"https:\/\/naturalpoland.com\/ko\/je-pum\/ui-yak-pum-won-ryo\/geon-gang-gi-neung-sig-pum-cheom-ga-mul\/betakarotin-100-cheonnyeon\/","og_locale":"ko_KR","og_type":"article","og_title":"\ubca0\ud0c0\uce74\ub85c\ud2f4 (100% \ucc9c\uc5f0) - NATURAL POLAND - Hurtowy Dystrybutor Surowc\u00f3w","og_description":"\ubca0\ud0c0\uce74\ub85c\ud2f4\uc740 \ub9ce\uc740 \uc2dd\ubb3c\uc5d0\uc11c \ub178\ub780\uc0c9, \uc8fc\ud669\uc0c9, \ube68\uac04\uc0c9\uc744 \ub760\uac8c \ud558\ub294 \uce74\ub85c\ud2f0\ub178\uc774\ub4dc \uadf8\ub8f9\uc5d0 \uc18d\ud558\ub294 \ucc9c\uc5f0 \uc0c9\uc18c\uc785\ub2c8\ub2e4.","og_url":"https:\/\/naturalpoland.com\/ko\/je-pum\/ui-yak-pum-won-ryo\/geon-gang-gi-neung-sig-pum-cheom-ga-mul\/betakarotin-100-cheonnyeon\/","og_site_name":"NATURAL POLAND - Hurtowy Dystrybutor Surowc\u00f3w","article_publisher":"https:\/\/www.facebook.com\/naturalpoland.b2b","article_modified_time":"2025-07-16T13:24:50+00:00","og_image":[{"width":489,"height":489,"url":"https:\/\/naturalpoland.com\/wp-content\/uploads\/beta-karoten.webp","type":"image\/webp"}],"schema":{"@context":"https:\/\/schema.org","@graph":[{"@type":"WebPage","@id":"https:\/\/naturalpoland.com\/ko\/je-pum\/ui-yak-pum-won-ryo\/geon-gang-gi-neung-sig-pum-cheom-ga-mul\/betakarotin-100-cheonnyeon\/","url":"https:\/\/naturalpoland.com\/ko\/je-pum\/ui-yak-pum-won-ryo\/geon-gang-gi-neung-sig-pum-cheom-ga-mul\/betakarotin-100-cheonnyeon\/","name":"\ubca0\ud0c0\uce74\ub85c\ud2f4 (100% \ucc9c\uc5f0) - NATURAL POLAND - Hurtowy Dystrybutor Surowc\u00f3w","isPartOf":{"@id":"https:\/\/naturalpoland.com\/ko\/#website"},"primaryImageOfPage":{"@id":"https:\/\/naturalpoland.com\/ko\/je-pum\/ui-yak-pum-won-ryo\/geon-gang-gi-neung-sig-pum-cheom-ga-mul\/betakarotin-100-cheonnyeon\/#primaryimage"},"image":{"@id":"https:\/\/naturalpoland.com\/ko\/je-pum\/ui-yak-pum-won-ryo\/geon-gang-gi-neung-sig-pum-cheom-ga-mul\/betakarotin-100-cheonnyeon\/#primaryimage"},"thumbnailUrl":"https:\/\/naturalpoland.com\/wp-content\/uploads\/beta-karoten.webp","datePublished":"2021-05-11T11:36:36+00:00","dateModified":"2025-07-16T13:24:50+00:00","description":"\ubca0\ud0c0\uce74\ub85c\ud2f4\uc740 \ub9ce\uc740 \uc2dd\ubb3c\uc5d0\uc11c \ub178\ub780\uc0c9, \uc8fc\ud669\uc0c9, \ube68\uac04\uc0c9\uc744 \ub760\uac8c \ud558\ub294 \uce74\ub85c\ud2f0\ub178\uc774\ub4dc \uadf8\ub8f9\uc5d0 \uc18d\ud558\ub294 \ucc9c\uc5f0 \uc0c9\uc18c\uc785\ub2c8\ub2e4.","breadcrumb":{"@id":"https:\/\/naturalpoland.com\/ko\/je-pum\/ui-yak-pum-won-ryo\/geon-gang-gi-neung-sig-pum-cheom-ga-mul\/betakarotin-100-cheonnyeon\/#breadcrumb"},"inLanguage":"ko-KR","potentialAction":[{"@type":"ReadAction","target":["https:\/\/naturalpoland.com\/ko\/je-pum\/ui-yak-pum-won-ryo\/geon-gang-gi-neung-sig-pum-cheom-ga-mul\/betakarotin-100-cheonnyeon\/"]}]},{"@type":"ImageObject","inLanguage":"ko-KR","@id":"https:\/\/naturalpoland.com\/ko\/je-pum\/ui-yak-pum-won-ryo\/geon-gang-gi-neung-sig-pum-cheom-ga-mul\/betakarotin-100-cheonnyeon\/#primaryimage","url":"https:\/\/naturalpoland.com\/wp-content\/uploads\/beta-karoten.webp","contentUrl":"https:\/\/naturalpoland.com\/wp-content\/uploads\/beta-karoten.webp","width":489,"height":489,"caption":"beta-karoten"},{"@type":"BreadcrumbList","@id":"https:\/\/naturalpoland.com\/ko\/je-pum\/ui-yak-pum-won-ryo\/geon-gang-gi-neung-sig-pum-cheom-ga-mul\/betakarotin-100-cheonnyeon\/#breadcrumb","itemListElement":[{"@type":"ListItem","position":1,"name":"\ud648","item":"https:\/\/naturalpoland.com\/ko\/"},{"@type":"ListItem","position":2,"name":"\uc81c\ud488","item":"https:\/\/naturalpoland.com\/ko\/%ec%a0%9c%ed%92%88\/"},{"@type":"ListItem","position":3,"name":"\ubca0\ud0c0\uce74\ub85c\ud2f4 (100% \ucc9c\uc5f0)"}]},{"@type":"WebSite","@id":"https:\/\/naturalpoland.com\/ko\/#website","url":"https:\/\/naturalpoland.com\/ko\/","name":"NATURAL POLAND - Hurtowy Dystrybutor Surowc\u00f3w","description":"Surowce dla przemys\u0142u spo\u017cywczego, kosmetycznego i farmaceutycznego","publisher":{"@id":"https:\/\/naturalpoland.com\/ko\/#organization"},"potentialAction":[{"@type":"SearchAction","target":{"@type":"EntryPoint","urlTemplate":"https:\/\/naturalpoland.com\/ko\/?s={search_term_string}"},"query-input":{"@type":"PropertyValueSpecification","valueRequired":true,"valueName":"search_term_string"}}],"inLanguage":"ko-KR"},{"@type":"Organization","@id":"https:\/\/naturalpoland.com\/ko\/#organization","name":"Natural Poland","url":"https:\/\/naturalpoland.com\/ko\/","logo":{"@type":"ImageObject","inLanguage":"ko-KR","@id":"https:\/\/naturalpoland.com\/ko\/#\/schema\/logo\/image\/","url":"https:\/\/naturalpoland.com\/wp-content\/uploads\/2021\/05\/natural-poland-icon.png","contentUrl":"https:\/\/naturalpoland.com\/wp-content\/uploads\/2021\/05\/natural-poland-icon.png","width":512,"height":512,"caption":"Natural Poland"},"image":{"@id":"https:\/\/naturalpoland.com\/ko\/#\/schema\/logo\/image\/"},"sameAs":["https:\/\/www.facebook.com\/naturalpoland.b2b","https:\/\/pl.linkedin.com\/company\/natural-poland","https:\/\/www.youtube.com\/channel\/UCgeGGkvOMahZo-xu_MSEWxg"]}]}},"_links":{"self":[{"href":"https:\/\/naturalpoland.com\/ko\/wp-json\/wp\/v2\/product\/42018","targetHints":{"allow":["GET"]}}],"collection":[{"href":"https:\/\/naturalpoland.com\/ko\/wp-json\/wp\/v2\/product"}],"about":[{"href":"https:\/\/naturalpoland.com\/ko\/wp-json\/wp\/v2\/types\/product"}],"wp:featuredmedia":[{"embeddable":true,"href":"https:\/\/naturalpoland.com\/ko\/wp-json\/wp\/v2\/media\/42020"}],"wp:attachment":[{"href":"https:\/\/naturalpoland.com\/ko\/wp-json\/wp\/v2\/media?parent=42018"}],"wp:term":[{"taxonomy":"product_brand","embeddable":true,"href":"https:\/\/naturalpoland.com\/ko\/wp-json\/wp\/v2\/product_brand?post=42018"},{"taxonomy":"product_cat","embeddable":true,"href":"https:\/\/naturalpoland.com\/ko\/wp-json\/wp\/v2\/product_cat?post=42018"},{"taxonomy":"product_tag","embeddable":true,"href":"https:\/\/naturalpoland.com\/ko\/wp-json\/wp\/v2\/product_tag?post=42018"}],"curies":[{"name":"wp","href":"https:\/\/api.w.org\/{rel}","templated":true}]}}