{"id":42021,"date":"2021-05-11T13:37:21","date_gmt":"2021-05-11T11:37:21","guid":{"rendered":"https:\/\/naturalpoland.com\/produkty\/uncategorized\/%ec%8b%9c%ec%95%84%eb%85%b8%ec%bd%94%eb%b0%9c%eb%9d%bc%eb%af%bc\/"},"modified":"2025-07-16T15:24:36","modified_gmt":"2025-07-16T13:24:36","slug":"sianokobalramin","status":"publish","type":"product","link":"https:\/\/naturalpoland.com\/ko\/je-pum\/ui-yak-pum-won-ryo\/bi-ta-min\/sianokobalramin\/","title":{"rendered":"\uc2dc\uc544\ub178\ucf54\ubc1c\ub77c\ubbfc"},"content":{"rendered":"<p>\ube44\ud0c0\ubbfc B12 \uacb0\ud54d\uc740 \uc2dd\ub2e8\uc5d0\uc11c \uc721\ub958 \uc12d\ucde8\ub97c \uc904\uc774\uac70\ub098 \uc911\ub2e8\ud55c \uc0ac\ub78c\ub4e4\uc774 \uac00\uc7a5 \ud754\ud558\uac8c \uacaa\uc744 \uc218 \uc788\uc2b5\ub2c8\ub2e4. \ub530\ub77c\uc11c \uc774\ub4e4\uc740 \uc2dc\uc544\ub178\ucf54\ubc1c\ub77c\ubbfc\uc744 \ubcf4\ucda9\uc81c \ud615\ud0dc\ub85c \uc12d\ucde8\ud574\uc57c \ud569\ub2c8\ub2e4. \uc774\ub97c \ud1b5\ud574 \ud6a8\uc18c \ubc0f \ud638\ub974\ubaac \uc0dd\uc0b0\uc5d0 \uc911\uc694\ud55c \uc801\uc808\ud55c \uc218\uc900\uc744 \uc720\uc9c0\ud560 \uc218 \uc788\uc2b5\ub2c8\ub2e4.<\/p>\n<h2>\uc2dc\uc544\ub178\ucf54\ubc1c\ub77c\ubbfc\uc758 \ud2b9\uc131 \ubc0f \uc801\uc6a9<\/h2>\n<h3><strong>\uc2e0\uc9c4\ub300\uc0ac \uc870\uc808<\/strong><\/h3>\n<p>\uc2dc\uc544\ub178\ucf54\ubc1c\ub77c\ubbfc\uc740 \ub2e8\ubc31\uc9c8, \uc9c0\ubc29, \ud0c4\uc218\ud654\ubb3c\uc758 \uc2e0\uc9c4\ub300\uc0ac \uc804\ud658\uc744 \uc9c0\uc6d0\ud558\uc5ec \uc801\uc808\ud55c \uc138\ud3ec \uc2e0\uc9c4\ub300\uc0ac\uc5d0 \ud544\uc218\uc801\uc785\ub2c8\ub2e4. \uc774\ub294 \uc138\ud3ec \uc218\uc900\uc5d0\uc11c \uc5d0\ub108\uc9c0 \uc0dd\uc0b0\uc744 \ub3d5\uace0, \uc804\ubc18\uc801\uc778 \uc2e0\uccb4 \uac74\uac15 \uc720\uc9c0\uc5d0 \uc911\uc694\ud569\ub2c8\ub2e4.<\/p>\n<p><strong>\uc2e0\uacbd\uacc4 \uc9c0\uc6d0:<\/strong><\/p>\n<p>\uc2e0\uacbd\uacc4 \uae30\ub2a5\uc5d0 \uc911\uc694\ud55c \uc5ed\ud560\uc744 \ud558\uba70, \uc2e0\uacbd \uc12c\uc720\ub97c \ubcf4\ud638\ud558\ub294 \ubbf8\uc5d8\ub9b0 \ud569\uc131\uc744 \uc9c0\uc6d0\ud569\ub2c8\ub2e4. \uacb0\ud54d \uc2dc \uc2e0\uacbd\ubcd1\uc99d \ubc0f \uae30\ud0c0 \uc2e0\uacbd\ud559\uc801 \uc7a5\uc560\ub97c \uc720\ubc1c\ud560 \uc218 \uc788\uc2b5\ub2c8\ub2e4.<\/p>\n<p><strong>\uc801\ud608\uad6c \uc0dd\uc0b0:<\/strong><\/p>\n<p>\uc2dc\uc544\ub178\ucf54\ubc1c\ub77c\ubbfc\uc740 \uc801\ud608\uad6c \uc0dd\uc0b0\uc744 \uc9c0\uc6d0\ud558\uc5ec \ube48\ud608 \uc608\ubc29\uc5d0 \uc911\uc694\ud569\ub2c8\ub2e4. \uc774\ub294 \uc870\uc9c1\uacfc \uc7a5\uae30\ub85c\uc758 \uc801\uc808\ud55c \uc0b0\uc18c \uc6b4\ubc18\uc744 \uac00\ub2a5\ud558\uac8c \ud569\ub2c8\ub2e4.<\/p>\n<p><strong>\uc18c\ud654\uae30\uacc4 \uc9c0\uc6d0:<\/strong><\/p>\n<p>\uc7a5\uacfc \uc704 \uae30\ub2a5\uc744 \uc9c0\uc6d0\ud558\uc5ec \uc18c\ud654\uae30\uacc4 \uac74\uac15 \uc720\uc9c0\uc5d0 \ub3c4\uc6c0\uc744 \uc90d\ub2c8\ub2e4. \uc704\uc2dd\ub3c4 \uc5ed\ub958 \uc99d\uc0c1\uc744 \uc644\ud654\ud558\uace0 \uc18c\ud654\ub97c \ub3c4\uc6b8 \uc218 \uc788\uc2b5\ub2c8\ub2e4.<\/p>\n<h2>\uc801\uc6a9 \ubd84\uc57c<\/h2>\n<p>\uc2dc\uc544\ub178\ucf54\ubc1c\ub77c\ubbfc\uc740 \ube44\ud0c0\ubbfc B12 \uacb0\ud54d \ubcf4\ucda9 \ubc0f \uc2e0\uacbd\uacc4\uc640 \ud608\uc561\uacc4 \uac74\uac15 \uc9c0\uc6d0\uc744 \uc704\ud55c <strong>\uac74\uac15 \ubcf4\uc870 \uc2dd\ud488<\/strong> \ubc0f <strong>\uc758\uc57d\ud488<\/strong>\uc5d0 \ub110\ub9ac \uc0ac\uc6a9\ub429\ub2c8\ub2e4. \uc815\uc81c, \ucea1\uc290, \uc561\uccb4 \ubc0f \ubd84\ub9d0 \ud615\ud0dc\ub85c \uc0ac\uc6a9\ub420 \uc218 \uc788\uc2b5\ub2c8\ub2e4. \ub610\ud55c \uc544\uce68 \uc2dc\ub9ac\uc5bc, \uc2dd\ubb3c\uc131 \uc74c\ub8cc \ubc0f \uae30\ud0c0 \uc2dd\ud488\uacfc \uac19\uc740 <strong>\uc2dd\ud488 \uac15\ud654<\/strong>\uc5d0\ub3c4 \uc0ac\uc6a9\ub418\uc5b4 \uc2dd\ub2e8\uc5d0\uc11c \uc801\uc808\ud55c \ube44\ud0c0\ubbfc B12 \uc12d\ucde8\ub97c \ubcf4\uc7a5\ud569\ub2c8\ub2e4.<\/p>\n<h2>\uc548\uc804\uc131<\/h2>\n<p>\uc2dc\uc544\ub178\ucf54\ubc1c\ub77c\ubbfc\uc740 \uad8c\uc7a5 \uc0ac\ud56d\uc5d0 \ub530\ub77c \uc0ac\uc6a9 \uc2dc \uc548\uc804\ud55c \ubb3c\uc9c8\uc785\ub2c8\ub2e4. \uc77c\ubc18\uc801\uc778 \uc0ac\uc6a9 \uc2dc \ub3c5\uc131 \uc704\ud5d8\uc740 \ubc1c\uacac\ub418\uc9c0 \uc54a\uc558\uc9c0\ub9cc, \uc758\uc0ac\uc640 \uc0c1\ub2f4 \uc5c6\uc774 \uacfc\ub3c4\ud55c \ubcf5\uc6a9\uc740 \ud53c\ud558\ub294 \uac83\uc774 \uc88b\uc2b5\ub2c8\ub2e4. \uc774 \uc81c\ud488\uc740 \ubc1c\uc554\uc131 \ub610\ub294 \ub3cc\uc5f0\ubcc0\uc774 \uc720\ubc1c \ud2b9\uc131\uc744 \ub098\ud0c0\ub0b4\uc9c0 \uc54a\uc73c\uba70 \uc2e0\uccb4\uc5d0 \uc798 \ud761\uc218\ub429\ub2c8\ub2e4.<\/p>\n","protected":false},"excerpt":{"rendered":"<p>\uc2dc\uc544\ub178\ucf54\ubc1c\ub77c\ubbfc USP\ub294 \ubb3c\uc5d0 \uc27d\uac8c \uc6a9\ud574\ub418\ub294 <strong><a href=\"https:\/\/naturalpoland.com\/ko\/je-pum\/ui-yak-pum-won-ryo\/bi-ta-min\/%eb%b9%84%ed%83%80%eb%af%bc-b12\/\">\ube44\ud0c0\ubbfc B12<\/a><\/strong>\uc758 \ud55c \ud615\ud0dc\uc785\ub2c8\ub2e4. \uccb4\ub0b4\uc5d0 \uc798 \ud761\uc218\ub418\uba70, \ube44\ud0c0\ubbfc B12\uc758 \ud65c\uc131 \ud615\ud0dc\uc778 <strong><a href=\"https:\/\/naturalpoland.com\/ko\/je-pum\/ui-yak-pum-won-ryo\/bi-ta-min\/%eb%a9%94%ed%8b%b8%ec%bd%94%eb%b0%9c%eb%9d%bc%eb%af%bc-%ec%bd%94%ec%97%94%ec%9e%90%ec%9e%84-b12\/\">\uba54\ud2f8\ucf54\ubc1c\ub77c\ubbfc<\/a><\/strong>\uc73c\ub85c \ube60\ub974\uac8c \uc804\ud658\ub429\ub2c8\ub2e4.<\/p>\n","protected":false},"featured_media":42022,"template":"","meta":{"_acf_changed":false},"product_brand":[],"product_cat":[8145],"product_tag":[],"class_list":{"0":"post-42021","1":"product","2":"type-product","3":"status-publish","4":"has-post-thumbnail","6":"product_cat-bi-ta-min","8":"first","9":"instock","10":"shipping-taxable","11":"product-type-simple"},"acf":[],"yoast_head":"<!-- This site is optimized with the Yoast SEO plugin v27.4 - https:\/\/yoast.com\/product\/yoast-seo-wordpress\/ -->\n<title>\uc2dc\uc544\ub178\ucf54\ubc1c\ub77c\ubbfc - NATURAL POLAND - Hurtowy Dystrybutor Surowc\u00f3w<\/title>\n<meta name=\"description\" content=\"\uc2dc\uc544\ub178\ucf54\ubc1c\ub77c\ubbfc\uc740 \uc2e0\uc9c4\ub300\uc0ac \uac74\uac15, \uc2e0\uacbd\uacc4 \ubc0f \ud608\uc561\uacc4\uc5d0 \uc0ac\uc6a9\ub418\ub294 \uc6d0\ub8cc\ub85c, \uac74\uac15 \ubcf4\uc870 \uc2dd\ud488 \ubc0f \uc758\uc57d\ud488\uc5d0 \ud65c\uc6a9\ub429\ub2c8\ub2e4.\" \/>\n<meta name=\"robots\" content=\"index, follow, max-snippet:-1, max-image-preview:large, max-video-preview:-1\" \/>\n<link rel=\"canonical\" href=\"https:\/\/naturalpoland.com\/ko\/je-pum\/ui-yak-pum-won-ryo\/bi-ta-min\/sianokobalramin\/\" \/>\n<meta property=\"og:locale\" content=\"ko_KR\" \/>\n<meta property=\"og:type\" content=\"article\" \/>\n<meta property=\"og:title\" content=\"\uc2dc\uc544\ub178\ucf54\ubc1c\ub77c\ubbfc - NATURAL POLAND - Hurtowy Dystrybutor Surowc\u00f3w\" \/>\n<meta property=\"og:description\" content=\"\uc2dc\uc544\ub178\ucf54\ubc1c\ub77c\ubbfc\uc740 \uc2e0\uc9c4\ub300\uc0ac \uac74\uac15, \uc2e0\uacbd\uacc4 \ubc0f \ud608\uc561\uacc4\uc5d0 \uc0ac\uc6a9\ub418\ub294 \uc6d0\ub8cc\ub85c, \uac74\uac15 \ubcf4\uc870 \uc2dd\ud488 \ubc0f \uc758\uc57d\ud488\uc5d0 \ud65c\uc6a9\ub429\ub2c8\ub2e4.\" \/>\n<meta property=\"og:url\" content=\"https:\/\/naturalpoland.com\/ko\/je-pum\/ui-yak-pum-won-ryo\/bi-ta-min\/sianokobalramin\/\" \/>\n<meta property=\"og:site_name\" content=\"NATURAL POLAND - Hurtowy Dystrybutor Surowc\u00f3w\" \/>\n<meta property=\"article:publisher\" content=\"https:\/\/www.facebook.com\/naturalpoland.b2b\" \/>\n<meta property=\"article:modified_time\" content=\"2025-07-16T13:24:36+00:00\" \/>\n<meta property=\"og:image\" content=\"https:\/\/naturalpoland.com\/wp-content\/uploads\/2021\/05\/cyanocobalamin-usp.jpg\" \/>\n\t<meta property=\"og:image:width\" content=\"500\" \/>\n\t<meta property=\"og:image:height\" content=\"319\" \/>\n\t<meta property=\"og:image:type\" content=\"image\/jpeg\" \/>\n<script type=\"application\/ld+json\" class=\"yoast-schema-graph\">{\"@context\":\"https:\\\/\\\/schema.org\",\"@graph\":[{\"@type\":\"WebPage\",\"@id\":\"https:\\\/\\\/naturalpoland.com\\\/ko\\\/je-pum\\\/ui-yak-pum-won-ryo\\\/bi-ta-min\\\/sianokobalramin\\\/\",\"url\":\"https:\\\/\\\/naturalpoland.com\\\/ko\\\/je-pum\\\/ui-yak-pum-won-ryo\\\/bi-ta-min\\\/sianokobalramin\\\/\",\"name\":\"\uc2dc\uc544\ub178\ucf54\ubc1c\ub77c\ubbfc - NATURAL POLAND - Hurtowy Dystrybutor Surowc\u00f3w\",\"isPartOf\":{\"@id\":\"https:\\\/\\\/naturalpoland.com\\\/ko\\\/#website\"},\"primaryImageOfPage\":{\"@id\":\"https:\\\/\\\/naturalpoland.com\\\/ko\\\/je-pum\\\/ui-yak-pum-won-ryo\\\/bi-ta-min\\\/sianokobalramin\\\/#primaryimage\"},\"image\":{\"@id\":\"https:\\\/\\\/naturalpoland.com\\\/ko\\\/je-pum\\\/ui-yak-pum-won-ryo\\\/bi-ta-min\\\/sianokobalramin\\\/#primaryimage\"},\"thumbnailUrl\":\"https:\\\/\\\/naturalpoland.com\\\/wp-content\\\/uploads\\\/2021\\\/05\\\/cyanocobalamin-usp.jpg\",\"datePublished\":\"2021-05-11T11:37:21+00:00\",\"dateModified\":\"2025-07-16T13:24:36+00:00\",\"description\":\"\uc2dc\uc544\ub178\ucf54\ubc1c\ub77c\ubbfc\uc740 \uc2e0\uc9c4\ub300\uc0ac \uac74\uac15, \uc2e0\uacbd\uacc4 \ubc0f \ud608\uc561\uacc4\uc5d0 \uc0ac\uc6a9\ub418\ub294 \uc6d0\ub8cc\ub85c, \uac74\uac15 \ubcf4\uc870 \uc2dd\ud488 \ubc0f \uc758\uc57d\ud488\uc5d0 \ud65c\uc6a9\ub429\ub2c8\ub2e4.\",\"breadcrumb\":{\"@id\":\"https:\\\/\\\/naturalpoland.com\\\/ko\\\/je-pum\\\/ui-yak-pum-won-ryo\\\/bi-ta-min\\\/sianokobalramin\\\/#breadcrumb\"},\"inLanguage\":\"ko-KR\",\"potentialAction\":[{\"@type\":\"ReadAction\",\"target\":[\"https:\\\/\\\/naturalpoland.com\\\/ko\\\/je-pum\\\/ui-yak-pum-won-ryo\\\/bi-ta-min\\\/sianokobalramin\\\/\"]}]},{\"@type\":\"ImageObject\",\"inLanguage\":\"ko-KR\",\"@id\":\"https:\\\/\\\/naturalpoland.com\\\/ko\\\/je-pum\\\/ui-yak-pum-won-ryo\\\/bi-ta-min\\\/sianokobalramin\\\/#primaryimage\",\"url\":\"https:\\\/\\\/naturalpoland.com\\\/wp-content\\\/uploads\\\/2021\\\/05\\\/cyanocobalamin-usp.jpg\",\"contentUrl\":\"https:\\\/\\\/naturalpoland.com\\\/wp-content\\\/uploads\\\/2021\\\/05\\\/cyanocobalamin-usp.jpg\",\"width\":500,\"height\":319,\"caption\":\"Cyjanokobalamina USP\"},{\"@type\":\"BreadcrumbList\",\"@id\":\"https:\\\/\\\/naturalpoland.com\\\/ko\\\/je-pum\\\/ui-yak-pum-won-ryo\\\/bi-ta-min\\\/sianokobalramin\\\/#breadcrumb\",\"itemListElement\":[{\"@type\":\"ListItem\",\"position\":1,\"name\":\"\ud648\",\"item\":\"https:\\\/\\\/naturalpoland.com\\\/ko\\\/\"},{\"@type\":\"ListItem\",\"position\":2,\"name\":\"\uc81c\ud488\",\"item\":\"https:\\\/\\\/naturalpoland.com\\\/ko\\\/%ec%a0%9c%ed%92%88\\\/\"},{\"@type\":\"ListItem\",\"position\":3,\"name\":\"\uc2dc\uc544\ub178\ucf54\ubc1c\ub77c\ubbfc\"}]},{\"@type\":\"WebSite\",\"@id\":\"https:\\\/\\\/naturalpoland.com\\\/ko\\\/#website\",\"url\":\"https:\\\/\\\/naturalpoland.com\\\/ko\\\/\",\"name\":\"NATURAL POLAND - Hurtowy Dystrybutor Surowc\u00f3w\",\"description\":\"Surowce dla przemys\u0142u spo\u017cywczego, kosmetycznego i farmaceutycznego\",\"publisher\":{\"@id\":\"https:\\\/\\\/naturalpoland.com\\\/ko\\\/#organization\"},\"potentialAction\":[{\"@type\":\"SearchAction\",\"target\":{\"@type\":\"EntryPoint\",\"urlTemplate\":\"https:\\\/\\\/naturalpoland.com\\\/ko\\\/?s={search_term_string}\"},\"query-input\":{\"@type\":\"PropertyValueSpecification\",\"valueRequired\":true,\"valueName\":\"search_term_string\"}}],\"inLanguage\":\"ko-KR\"},{\"@type\":\"Organization\",\"@id\":\"https:\\\/\\\/naturalpoland.com\\\/ko\\\/#organization\",\"name\":\"Natural Poland\",\"url\":\"https:\\\/\\\/naturalpoland.com\\\/ko\\\/\",\"logo\":{\"@type\":\"ImageObject\",\"inLanguage\":\"ko-KR\",\"@id\":\"https:\\\/\\\/naturalpoland.com\\\/ko\\\/#\\\/schema\\\/logo\\\/image\\\/\",\"url\":\"https:\\\/\\\/naturalpoland.com\\\/wp-content\\\/uploads\\\/2021\\\/05\\\/natural-poland-icon.png\",\"contentUrl\":\"https:\\\/\\\/naturalpoland.com\\\/wp-content\\\/uploads\\\/2021\\\/05\\\/natural-poland-icon.png\",\"width\":512,\"height\":512,\"caption\":\"Natural Poland\"},\"image\":{\"@id\":\"https:\\\/\\\/naturalpoland.com\\\/ko\\\/#\\\/schema\\\/logo\\\/image\\\/\"},\"sameAs\":[\"https:\\\/\\\/www.facebook.com\\\/naturalpoland.b2b\",\"https:\\\/\\\/pl.linkedin.com\\\/company\\\/natural-poland\",\"https:\\\/\\\/www.youtube.com\\\/channel\\\/UCgeGGkvOMahZo-xu_MSEWxg\"]}]}<\/script>\n<!-- \/ Yoast SEO plugin. -->","yoast_head_json":{"title":"\uc2dc\uc544\ub178\ucf54\ubc1c\ub77c\ubbfc - NATURAL POLAND - Hurtowy Dystrybutor Surowc\u00f3w","description":"\uc2dc\uc544\ub178\ucf54\ubc1c\ub77c\ubbfc\uc740 \uc2e0\uc9c4\ub300\uc0ac \uac74\uac15, \uc2e0\uacbd\uacc4 \ubc0f \ud608\uc561\uacc4\uc5d0 \uc0ac\uc6a9\ub418\ub294 \uc6d0\ub8cc\ub85c, \uac74\uac15 \ubcf4\uc870 \uc2dd\ud488 \ubc0f \uc758\uc57d\ud488\uc5d0 \ud65c\uc6a9\ub429\ub2c8\ub2e4.","robots":{"index":"index","follow":"follow","max-snippet":"max-snippet:-1","max-image-preview":"max-image-preview:large","max-video-preview":"max-video-preview:-1"},"canonical":"https:\/\/naturalpoland.com\/ko\/je-pum\/ui-yak-pum-won-ryo\/bi-ta-min\/sianokobalramin\/","og_locale":"ko_KR","og_type":"article","og_title":"\uc2dc\uc544\ub178\ucf54\ubc1c\ub77c\ubbfc - NATURAL POLAND - Hurtowy Dystrybutor Surowc\u00f3w","og_description":"\uc2dc\uc544\ub178\ucf54\ubc1c\ub77c\ubbfc\uc740 \uc2e0\uc9c4\ub300\uc0ac \uac74\uac15, \uc2e0\uacbd\uacc4 \ubc0f \ud608\uc561\uacc4\uc5d0 \uc0ac\uc6a9\ub418\ub294 \uc6d0\ub8cc\ub85c, \uac74\uac15 \ubcf4\uc870 \uc2dd\ud488 \ubc0f \uc758\uc57d\ud488\uc5d0 \ud65c\uc6a9\ub429\ub2c8\ub2e4.","og_url":"https:\/\/naturalpoland.com\/ko\/je-pum\/ui-yak-pum-won-ryo\/bi-ta-min\/sianokobalramin\/","og_site_name":"NATURAL POLAND - Hurtowy Dystrybutor Surowc\u00f3w","article_publisher":"https:\/\/www.facebook.com\/naturalpoland.b2b","article_modified_time":"2025-07-16T13:24:36+00:00","og_image":[{"width":500,"height":319,"url":"https:\/\/naturalpoland.com\/wp-content\/uploads\/2021\/05\/cyanocobalamin-usp.jpg","type":"image\/jpeg"}],"schema":{"@context":"https:\/\/schema.org","@graph":[{"@type":"WebPage","@id":"https:\/\/naturalpoland.com\/ko\/je-pum\/ui-yak-pum-won-ryo\/bi-ta-min\/sianokobalramin\/","url":"https:\/\/naturalpoland.com\/ko\/je-pum\/ui-yak-pum-won-ryo\/bi-ta-min\/sianokobalramin\/","name":"\uc2dc\uc544\ub178\ucf54\ubc1c\ub77c\ubbfc - NATURAL POLAND - Hurtowy Dystrybutor Surowc\u00f3w","isPartOf":{"@id":"https:\/\/naturalpoland.com\/ko\/#website"},"primaryImageOfPage":{"@id":"https:\/\/naturalpoland.com\/ko\/je-pum\/ui-yak-pum-won-ryo\/bi-ta-min\/sianokobalramin\/#primaryimage"},"image":{"@id":"https:\/\/naturalpoland.com\/ko\/je-pum\/ui-yak-pum-won-ryo\/bi-ta-min\/sianokobalramin\/#primaryimage"},"thumbnailUrl":"https:\/\/naturalpoland.com\/wp-content\/uploads\/2021\/05\/cyanocobalamin-usp.jpg","datePublished":"2021-05-11T11:37:21+00:00","dateModified":"2025-07-16T13:24:36+00:00","description":"\uc2dc\uc544\ub178\ucf54\ubc1c\ub77c\ubbfc\uc740 \uc2e0\uc9c4\ub300\uc0ac \uac74\uac15, \uc2e0\uacbd\uacc4 \ubc0f \ud608\uc561\uacc4\uc5d0 \uc0ac\uc6a9\ub418\ub294 \uc6d0\ub8cc\ub85c, \uac74\uac15 \ubcf4\uc870 \uc2dd\ud488 \ubc0f \uc758\uc57d\ud488\uc5d0 \ud65c\uc6a9\ub429\ub2c8\ub2e4.","breadcrumb":{"@id":"https:\/\/naturalpoland.com\/ko\/je-pum\/ui-yak-pum-won-ryo\/bi-ta-min\/sianokobalramin\/#breadcrumb"},"inLanguage":"ko-KR","potentialAction":[{"@type":"ReadAction","target":["https:\/\/naturalpoland.com\/ko\/je-pum\/ui-yak-pum-won-ryo\/bi-ta-min\/sianokobalramin\/"]}]},{"@type":"ImageObject","inLanguage":"ko-KR","@id":"https:\/\/naturalpoland.com\/ko\/je-pum\/ui-yak-pum-won-ryo\/bi-ta-min\/sianokobalramin\/#primaryimage","url":"https:\/\/naturalpoland.com\/wp-content\/uploads\/2021\/05\/cyanocobalamin-usp.jpg","contentUrl":"https:\/\/naturalpoland.com\/wp-content\/uploads\/2021\/05\/cyanocobalamin-usp.jpg","width":500,"height":319,"caption":"Cyjanokobalamina USP"},{"@type":"BreadcrumbList","@id":"https:\/\/naturalpoland.com\/ko\/je-pum\/ui-yak-pum-won-ryo\/bi-ta-min\/sianokobalramin\/#breadcrumb","itemListElement":[{"@type":"ListItem","position":1,"name":"\ud648","item":"https:\/\/naturalpoland.com\/ko\/"},{"@type":"ListItem","position":2,"name":"\uc81c\ud488","item":"https:\/\/naturalpoland.com\/ko\/%ec%a0%9c%ed%92%88\/"},{"@type":"ListItem","position":3,"name":"\uc2dc\uc544\ub178\ucf54\ubc1c\ub77c\ubbfc"}]},{"@type":"WebSite","@id":"https:\/\/naturalpoland.com\/ko\/#website","url":"https:\/\/naturalpoland.com\/ko\/","name":"NATURAL POLAND - Hurtowy Dystrybutor Surowc\u00f3w","description":"Surowce dla przemys\u0142u spo\u017cywczego, kosmetycznego i farmaceutycznego","publisher":{"@id":"https:\/\/naturalpoland.com\/ko\/#organization"},"potentialAction":[{"@type":"SearchAction","target":{"@type":"EntryPoint","urlTemplate":"https:\/\/naturalpoland.com\/ko\/?s={search_term_string}"},"query-input":{"@type":"PropertyValueSpecification","valueRequired":true,"valueName":"search_term_string"}}],"inLanguage":"ko-KR"},{"@type":"Organization","@id":"https:\/\/naturalpoland.com\/ko\/#organization","name":"Natural Poland","url":"https:\/\/naturalpoland.com\/ko\/","logo":{"@type":"ImageObject","inLanguage":"ko-KR","@id":"https:\/\/naturalpoland.com\/ko\/#\/schema\/logo\/image\/","url":"https:\/\/naturalpoland.com\/wp-content\/uploads\/2021\/05\/natural-poland-icon.png","contentUrl":"https:\/\/naturalpoland.com\/wp-content\/uploads\/2021\/05\/natural-poland-icon.png","width":512,"height":512,"caption":"Natural Poland"},"image":{"@id":"https:\/\/naturalpoland.com\/ko\/#\/schema\/logo\/image\/"},"sameAs":["https:\/\/www.facebook.com\/naturalpoland.b2b","https:\/\/pl.linkedin.com\/company\/natural-poland","https:\/\/www.youtube.com\/channel\/UCgeGGkvOMahZo-xu_MSEWxg"]}]}},"_links":{"self":[{"href":"https:\/\/naturalpoland.com\/ko\/wp-json\/wp\/v2\/product\/42021","targetHints":{"allow":["GET"]}}],"collection":[{"href":"https:\/\/naturalpoland.com\/ko\/wp-json\/wp\/v2\/product"}],"about":[{"href":"https:\/\/naturalpoland.com\/ko\/wp-json\/wp\/v2\/types\/product"}],"wp:featuredmedia":[{"embeddable":true,"href":"https:\/\/naturalpoland.com\/ko\/wp-json\/wp\/v2\/media\/42022"}],"wp:attachment":[{"href":"https:\/\/naturalpoland.com\/ko\/wp-json\/wp\/v2\/media?parent=42021"}],"wp:term":[{"taxonomy":"product_brand","embeddable":true,"href":"https:\/\/naturalpoland.com\/ko\/wp-json\/wp\/v2\/product_brand?post=42021"},{"taxonomy":"product_cat","embeddable":true,"href":"https:\/\/naturalpoland.com\/ko\/wp-json\/wp\/v2\/product_cat?post=42021"},{"taxonomy":"product_tag","embeddable":true,"href":"https:\/\/naturalpoland.com\/ko\/wp-json\/wp\/v2\/product_tag?post=42021"}],"curies":[{"name":"wp","href":"https:\/\/api.w.org\/{rel}","templated":true}]}}