{"id":42023,"date":"2024-08-30T11:17:37","date_gmt":"2024-08-30T09:17:37","guid":{"rendered":"https:\/\/naturalpoland.com\/produkty\/uncategorized\/%eb%8b%88%ec%bd%94%ed%8b%b4%ec%95%84%eb%a7%88%ec%9d%b4%eb%93%9c-%eb%a6%ac%eb%b3%b4%ec%82%ac%ec%9d%b4%eb%93%9c-%ec%97%bc%ec%82%b0%ec%97%bc-nr\/"},"modified":"2025-07-16T15:23:17","modified_gmt":"2025-07-16T13:23:17","slug":"nikotinamaideu-ribosaideu-yeomsanyeom-nr","status":"publish","type":"product","link":"https:\/\/naturalpoland.com\/ko\/je-pum\/ui-yak-pum-won-ryo\/geon-gang-gi-neung-sig-pum-cheom-ga-mul\/nikotinamaideu-ribosaideu-yeomsanyeom-nr\/","title":{"rendered":"\ub2c8\ucf54\ud2f4\uc544\ub9c8\uc774\ub4dc \ub9ac\ubcf4\uc0ac\uc774\ub4dc \uc5fc\uc0b0\uc5fc (NR)"},"content":{"rendered":"<h2>NR\uc758 \ud2b9\uc131<\/h2>\n<p>\ub2c8\ucf54\ud2f4\uc544\ub9c8\uc774\ub4dc \ub9ac\ubcf4\uc0ac\uc774\ub4dc \uc5fc\uc0b0\uc5fc\uc740 \uc138\ud3ec \ub0b4 NAD+ \uc218\uce58\ub97c \ub192\uc774\ub294 \ub370 \ub3c4\uc6c0\uc744 \uc90d\ub2c8\ub2e4. NAD+\ub294 \uc5d0\ub108\uc9c0 \uc0dd\uc0b0, DNA \ubcf5\uad6c, \uc218\uba74-\uac01\uc131 \uc8fc\uae30 \uc870\uc808 \ubc0f \uc2e0\uacbd\uacc4 \uac74\uac15\uc744 \ub2f4\ub2f9\ud558\ub294 \ub300\uc0ac \uacfc\uc815\uc758 \ud575\uc2ec \ubcf4\uc870 \ud6a8\uc18c\uc785\ub2c8\ub2e4. \uc774 \ub355\ubd84\uc5d0 NR\uc740 \uc138\ud3ec \uc7ac\uc0dd\uc744 \uc9c0\uc6d0\ud558\uace0 \ubbf8\ud1a0\ucf58\ub4dc\ub9ac\uc544 \uae30\ub2a5\uc744 \uac1c\uc120\ud558\ub294 \ub178\ud654 \ubc29\uc9c0 \ud2b9\uc131\uc73c\ub85c \ud2b9\ud788 \ub192\uc774 \ud3c9\uac00\ub429\ub2c8\ub2e4.<\/p>\n<p>\ub610\ud55c, \uc5f0\uad6c\uc5d0 \ub530\ub974\uba74 NR \ubcf4\ucda9\uc81c\ub294 \uc2ec\uc7a5 \uac74\uac15, \uba74\uc5ed \uccb4\uacc4\ub97c \uc9c0\uc6d0\ud558\uace0 \uc804\ubc18\uc801\uc778 \uc2e0\uccb4 \ud65c\ub825\uc744 \uac1c\uc120\ud560 \uc218 \uc788\uc2b5\ub2c8\ub2e4.<\/p>\n<h2>NR\uc758 \uc801\uc6a9<\/h2>\n<p>\ub2c8\ucf54\ud2f4\uc544\ub9c8\uc774\ub4dc \ub9ac\ubcf4\uc0ac\uc774\ub4dc \uc5fc\uc0b0\uc5fc\uc740 \uc138\ud3ec \uac74\uac15 \uc9c0\uc6d0, \uc5d0\ub108\uc9c0 \uac1c\uc120, \uc2ec\uc7a5 \ubc0f \ub1cc \uac74\uac15 \uc9c0\uc6d0, \uadf8\ub9ac\uace0 \ub178\ud654\uc758 \uc601\ud5a5\uacfc \uc2f8\uc6b0\ub294 \ub370 \uc911\uc810\uc744 \ub454 \uac74\uac15 \ubcf4\uc870 \uc2dd\ud488\uc758 \uc131\ubd84\uc73c\ub85c \uc0ac\uc6a9\ub429\ub2c8\ub2e4. NR\uc740 \ub610\ud55c <span style=\"font-size: 14.4px;\">\ub178\ud654 \uacfc\uc815\uc744 \ub2a6\ucd94\uace0, \ud53c\ubd80 \ud0c4\ub825\uc744 \uac1c\uc120\ud558\uba70, \uc138\ud3ec \uc7ac\uc0dd\uc744 \uc9c0\uc6d0\ud558\ub294<\/span> \uac83\uc744 \ubaa9\ud45c\ub85c \ud558\ub294 \ub178\ud654 \ubc29\uc9c0 \uc81c\ud488\uc5d0\ub3c4 \uc0ac\uc6a9\ub429\ub2c8\ub2e4.<\/p>\n<p>NAD+\uc758 \uc804\uad6c\uccb4\ub85c\uc11c NR\uc740 \uc5d0\ub108\uc9c0 \uc218\uc900\uc744 \uac1c\uc120\ud558\uace0 \uc2e0\uccb4 \ubc0f \uc815\uc2e0\uc801 \uc131\ub2a5\uc744 \uc9c0\uc6d0\ud558\ub294 \uc81c\ud488\uc5d0 \ud65c\uc6a9\ub420 \uc218 \uc788\uc2b5\ub2c8\ub2e4.<\/p>\n","protected":false},"excerpt":{"rendered":"<p><strong>\ub2c8\ucf54\ud2f4\uc544\ub9c8\uc774\ub4dc \ub9ac\ubcf4\uc0ac\uc774\ub4dc \uc5fc\uc0b0\uc5fc (NR)<\/strong>\uc740 <strong><a href=\"https:\/\/naturalpoland.com\/ko\/je-pum\/ui-yak-pum-won-ryo\/bi-ta-min\/%eb%b9%84%ed%83%80%eb%af%bc-b3\/\">\ube44\ud0c0\ubbfc B3<\/a><\/strong> (\ub2c8\uc544\uc2e0)\uc758 \ud55c \ud615\ud0dc\uc785\ub2c8\ub2e4. \uc774\ub294 \uccb4\ub0b4 NAD+ (\ub2c8\ucf54\ud2f4\uc544\ub9c8\uc774\ub4dc \uc544\ub370\ub2cc \ub2e4\uc774\ub274\ud074\ub808\uc624\ud0c0\uc774\ub4dc) \uc218\uce58\ub97c \ub192\uc774\ub294 \ub2a5\ub825\uc744 \ubcf4\uc5ec \ubbf8\ud1a0\ucf58\ub4dc\ub9ac\uc544 \uae30\ub2a5\uc744 \uac1c\uc120\ud558\uace0 \uc2e0\uccb4 \ud65c\ub825\uc744 \uc99d\uac00\uc2dc\ud0b5\ub2c8\ub2e4.<\/p>\n","protected":false},"featured_media":42024,"template":"","meta":{"_acf_changed":false},"product_brand":[],"product_cat":[8145,8143],"product_tag":[],"class_list":{"0":"post-42023","1":"product","2":"type-product","3":"status-publish","4":"has-post-thumbnail","6":"product_cat-bi-ta-min","7":"product_cat-geon-gang-gi-neung-sig-pum-cheom-ga-mul","9":"first","10":"instock","11":"shipping-taxable","12":"product-type-simple"},"acf":[],"yoast_head":"<!-- This site is optimized with the Yoast SEO plugin v27.4 - https:\/\/yoast.com\/product\/yoast-seo-wordpress\/ -->\n<title>\ub2c8\ucf54\ud2f4\uc544\ub9c8\uc774\ub4dc \ub9ac\ubcf4\uc0ac\uc774\ub4dc \uc5fc\uc0b0\uc5fc (NR) - NATURAL POLAND - Hurtowy Dystrybutor Surowc\u00f3w<\/title>\n<meta name=\"description\" content=\"\ub2c8\ucf54\ud2f4\uc544\ub9c8\uc774\ub4dc \ub9ac\ubcf4\uc0ac\uc774\ub4dc \uc5fc\uc0b0\uc5fc\uc740 NAD+ \uc218\uce58\ub97c \ub192\uc774\ub294 \ub2a5\ub825\uc774 \uc788\uc2b5\ub2c8\ub2e4. \uac74\uac15 \ubcf4\uc870 \uc2dd\ud488 \ubc0f \ub178\ud654 \ubc29\uc9c0 \uc81c\ud488\uc5d0 \uc774\uc0c1\uc801\uc778 \uc131\ubd84\uc785\ub2c8\ub2e4.\" \/>\n<meta name=\"robots\" content=\"index, follow, max-snippet:-1, max-image-preview:large, max-video-preview:-1\" \/>\n<link rel=\"canonical\" href=\"https:\/\/naturalpoland.com\/ko\/je-pum\/ui-yak-pum-won-ryo\/geon-gang-gi-neung-sig-pum-cheom-ga-mul\/nikotinamaideu-ribosaideu-yeomsanyeom-nr\/\" \/>\n<meta property=\"og:locale\" content=\"ko_KR\" \/>\n<meta property=\"og:type\" content=\"article\" \/>\n<meta property=\"og:title\" content=\"\ub2c8\ucf54\ud2f4\uc544\ub9c8\uc774\ub4dc \ub9ac\ubcf4\uc0ac\uc774\ub4dc \uc5fc\uc0b0\uc5fc (NR) - NATURAL POLAND - Hurtowy Dystrybutor Surowc\u00f3w\" \/>\n<meta property=\"og:description\" content=\"\ub2c8\ucf54\ud2f4\uc544\ub9c8\uc774\ub4dc \ub9ac\ubcf4\uc0ac\uc774\ub4dc \uc5fc\uc0b0\uc5fc\uc740 NAD+ \uc218\uce58\ub97c \ub192\uc774\ub294 \ub2a5\ub825\uc774 \uc788\uc2b5\ub2c8\ub2e4. \uac74\uac15 \ubcf4\uc870 \uc2dd\ud488 \ubc0f \ub178\ud654 \ubc29\uc9c0 \uc81c\ud488\uc5d0 \uc774\uc0c1\uc801\uc778 \uc131\ubd84\uc785\ub2c8\ub2e4.\" \/>\n<meta property=\"og:url\" content=\"https:\/\/naturalpoland.com\/ko\/je-pum\/ui-yak-pum-won-ryo\/geon-gang-gi-neung-sig-pum-cheom-ga-mul\/nikotinamaideu-ribosaideu-yeomsanyeom-nr\/\" \/>\n<meta property=\"og:site_name\" content=\"NATURAL POLAND - Hurtowy Dystrybutor Surowc\u00f3w\" \/>\n<meta property=\"article:publisher\" content=\"https:\/\/www.facebook.com\/naturalpoland.b2b\" \/>\n<meta property=\"article:modified_time\" content=\"2025-07-16T13:23:17+00:00\" \/>\n<meta property=\"og:image\" content=\"https:\/\/naturalpoland.com\/wp-content\/uploads\/nr.webp\" \/>\n\t<meta property=\"og:image:width\" content=\"618\" \/>\n\t<meta property=\"og:image:height\" content=\"618\" \/>\n\t<meta property=\"og:image:type\" content=\"image\/webp\" \/>\n<script type=\"application\/ld+json\" class=\"yoast-schema-graph\">{\"@context\":\"https:\\\/\\\/schema.org\",\"@graph\":[{\"@type\":\"WebPage\",\"@id\":\"https:\\\/\\\/naturalpoland.com\\\/ko\\\/je-pum\\\/ui-yak-pum-won-ryo\\\/geon-gang-gi-neung-sig-pum-cheom-ga-mul\\\/nikotinamaideu-ribosaideu-yeomsanyeom-nr\\\/\",\"url\":\"https:\\\/\\\/naturalpoland.com\\\/ko\\\/je-pum\\\/ui-yak-pum-won-ryo\\\/geon-gang-gi-neung-sig-pum-cheom-ga-mul\\\/nikotinamaideu-ribosaideu-yeomsanyeom-nr\\\/\",\"name\":\"\ub2c8\ucf54\ud2f4\uc544\ub9c8\uc774\ub4dc \ub9ac\ubcf4\uc0ac\uc774\ub4dc \uc5fc\uc0b0\uc5fc (NR) - NATURAL POLAND - Hurtowy Dystrybutor Surowc\u00f3w\",\"isPartOf\":{\"@id\":\"https:\\\/\\\/naturalpoland.com\\\/ko\\\/#website\"},\"primaryImageOfPage\":{\"@id\":\"https:\\\/\\\/naturalpoland.com\\\/ko\\\/je-pum\\\/ui-yak-pum-won-ryo\\\/geon-gang-gi-neung-sig-pum-cheom-ga-mul\\\/nikotinamaideu-ribosaideu-yeomsanyeom-nr\\\/#primaryimage\"},\"image\":{\"@id\":\"https:\\\/\\\/naturalpoland.com\\\/ko\\\/je-pum\\\/ui-yak-pum-won-ryo\\\/geon-gang-gi-neung-sig-pum-cheom-ga-mul\\\/nikotinamaideu-ribosaideu-yeomsanyeom-nr\\\/#primaryimage\"},\"thumbnailUrl\":\"https:\\\/\\\/naturalpoland.com\\\/wp-content\\\/uploads\\\/nr.webp\",\"datePublished\":\"2024-08-30T09:17:37+00:00\",\"dateModified\":\"2025-07-16T13:23:17+00:00\",\"description\":\"\ub2c8\ucf54\ud2f4\uc544\ub9c8\uc774\ub4dc \ub9ac\ubcf4\uc0ac\uc774\ub4dc \uc5fc\uc0b0\uc5fc\uc740 NAD+ \uc218\uce58\ub97c \ub192\uc774\ub294 \ub2a5\ub825\uc774 \uc788\uc2b5\ub2c8\ub2e4. \uac74\uac15 \ubcf4\uc870 \uc2dd\ud488 \ubc0f \ub178\ud654 \ubc29\uc9c0 \uc81c\ud488\uc5d0 \uc774\uc0c1\uc801\uc778 \uc131\ubd84\uc785\ub2c8\ub2e4.\",\"breadcrumb\":{\"@id\":\"https:\\\/\\\/naturalpoland.com\\\/ko\\\/je-pum\\\/ui-yak-pum-won-ryo\\\/geon-gang-gi-neung-sig-pum-cheom-ga-mul\\\/nikotinamaideu-ribosaideu-yeomsanyeom-nr\\\/#breadcrumb\"},\"inLanguage\":\"ko-KR\",\"potentialAction\":[{\"@type\":\"ReadAction\",\"target\":[\"https:\\\/\\\/naturalpoland.com\\\/ko\\\/je-pum\\\/ui-yak-pum-won-ryo\\\/geon-gang-gi-neung-sig-pum-cheom-ga-mul\\\/nikotinamaideu-ribosaideu-yeomsanyeom-nr\\\/\"]}]},{\"@type\":\"ImageObject\",\"inLanguage\":\"ko-KR\",\"@id\":\"https:\\\/\\\/naturalpoland.com\\\/ko\\\/je-pum\\\/ui-yak-pum-won-ryo\\\/geon-gang-gi-neung-sig-pum-cheom-ga-mul\\\/nikotinamaideu-ribosaideu-yeomsanyeom-nr\\\/#primaryimage\",\"url\":\"https:\\\/\\\/naturalpoland.com\\\/wp-content\\\/uploads\\\/nr.webp\",\"contentUrl\":\"https:\\\/\\\/naturalpoland.com\\\/wp-content\\\/uploads\\\/nr.webp\",\"width\":618,\"height\":618,\"caption\":\"chlorowodorek rybozydu nikotynamidu\"},{\"@type\":\"BreadcrumbList\",\"@id\":\"https:\\\/\\\/naturalpoland.com\\\/ko\\\/je-pum\\\/ui-yak-pum-won-ryo\\\/geon-gang-gi-neung-sig-pum-cheom-ga-mul\\\/nikotinamaideu-ribosaideu-yeomsanyeom-nr\\\/#breadcrumb\",\"itemListElement\":[{\"@type\":\"ListItem\",\"position\":1,\"name\":\"\ud648\",\"item\":\"https:\\\/\\\/naturalpoland.com\\\/ko\\\/\"},{\"@type\":\"ListItem\",\"position\":2,\"name\":\"\uc81c\ud488\",\"item\":\"https:\\\/\\\/naturalpoland.com\\\/ko\\\/%ec%a0%9c%ed%92%88\\\/\"},{\"@type\":\"ListItem\",\"position\":3,\"name\":\"\ub2c8\ucf54\ud2f4\uc544\ub9c8\uc774\ub4dc \ub9ac\ubcf4\uc0ac\uc774\ub4dc \uc5fc\uc0b0\uc5fc (NR)\"}]},{\"@type\":\"WebSite\",\"@id\":\"https:\\\/\\\/naturalpoland.com\\\/ko\\\/#website\",\"url\":\"https:\\\/\\\/naturalpoland.com\\\/ko\\\/\",\"name\":\"NATURAL POLAND - Hurtowy Dystrybutor Surowc\u00f3w\",\"description\":\"Surowce dla przemys\u0142u spo\u017cywczego, kosmetycznego i farmaceutycznego\",\"publisher\":{\"@id\":\"https:\\\/\\\/naturalpoland.com\\\/ko\\\/#organization\"},\"potentialAction\":[{\"@type\":\"SearchAction\",\"target\":{\"@type\":\"EntryPoint\",\"urlTemplate\":\"https:\\\/\\\/naturalpoland.com\\\/ko\\\/?s={search_term_string}\"},\"query-input\":{\"@type\":\"PropertyValueSpecification\",\"valueRequired\":true,\"valueName\":\"search_term_string\"}}],\"inLanguage\":\"ko-KR\"},{\"@type\":\"Organization\",\"@id\":\"https:\\\/\\\/naturalpoland.com\\\/ko\\\/#organization\",\"name\":\"Natural Poland\",\"url\":\"https:\\\/\\\/naturalpoland.com\\\/ko\\\/\",\"logo\":{\"@type\":\"ImageObject\",\"inLanguage\":\"ko-KR\",\"@id\":\"https:\\\/\\\/naturalpoland.com\\\/ko\\\/#\\\/schema\\\/logo\\\/image\\\/\",\"url\":\"https:\\\/\\\/naturalpoland.com\\\/wp-content\\\/uploads\\\/2021\\\/05\\\/natural-poland-icon.png\",\"contentUrl\":\"https:\\\/\\\/naturalpoland.com\\\/wp-content\\\/uploads\\\/2021\\\/05\\\/natural-poland-icon.png\",\"width\":512,\"height\":512,\"caption\":\"Natural Poland\"},\"image\":{\"@id\":\"https:\\\/\\\/naturalpoland.com\\\/ko\\\/#\\\/schema\\\/logo\\\/image\\\/\"},\"sameAs\":[\"https:\\\/\\\/www.facebook.com\\\/naturalpoland.b2b\",\"https:\\\/\\\/pl.linkedin.com\\\/company\\\/natural-poland\",\"https:\\\/\\\/www.youtube.com\\\/channel\\\/UCgeGGkvOMahZo-xu_MSEWxg\"]}]}<\/script>\n<!-- \/ Yoast SEO plugin. -->","yoast_head_json":{"title":"\ub2c8\ucf54\ud2f4\uc544\ub9c8\uc774\ub4dc \ub9ac\ubcf4\uc0ac\uc774\ub4dc \uc5fc\uc0b0\uc5fc (NR) - NATURAL POLAND - Hurtowy Dystrybutor Surowc\u00f3w","description":"\ub2c8\ucf54\ud2f4\uc544\ub9c8\uc774\ub4dc \ub9ac\ubcf4\uc0ac\uc774\ub4dc \uc5fc\uc0b0\uc5fc\uc740 NAD+ \uc218\uce58\ub97c \ub192\uc774\ub294 \ub2a5\ub825\uc774 \uc788\uc2b5\ub2c8\ub2e4. \uac74\uac15 \ubcf4\uc870 \uc2dd\ud488 \ubc0f \ub178\ud654 \ubc29\uc9c0 \uc81c\ud488\uc5d0 \uc774\uc0c1\uc801\uc778 \uc131\ubd84\uc785\ub2c8\ub2e4.","robots":{"index":"index","follow":"follow","max-snippet":"max-snippet:-1","max-image-preview":"max-image-preview:large","max-video-preview":"max-video-preview:-1"},"canonical":"https:\/\/naturalpoland.com\/ko\/je-pum\/ui-yak-pum-won-ryo\/geon-gang-gi-neung-sig-pum-cheom-ga-mul\/nikotinamaideu-ribosaideu-yeomsanyeom-nr\/","og_locale":"ko_KR","og_type":"article","og_title":"\ub2c8\ucf54\ud2f4\uc544\ub9c8\uc774\ub4dc \ub9ac\ubcf4\uc0ac\uc774\ub4dc \uc5fc\uc0b0\uc5fc (NR) - NATURAL POLAND - Hurtowy Dystrybutor Surowc\u00f3w","og_description":"\ub2c8\ucf54\ud2f4\uc544\ub9c8\uc774\ub4dc \ub9ac\ubcf4\uc0ac\uc774\ub4dc \uc5fc\uc0b0\uc5fc\uc740 NAD+ \uc218\uce58\ub97c \ub192\uc774\ub294 \ub2a5\ub825\uc774 \uc788\uc2b5\ub2c8\ub2e4. \uac74\uac15 \ubcf4\uc870 \uc2dd\ud488 \ubc0f \ub178\ud654 \ubc29\uc9c0 \uc81c\ud488\uc5d0 \uc774\uc0c1\uc801\uc778 \uc131\ubd84\uc785\ub2c8\ub2e4.","og_url":"https:\/\/naturalpoland.com\/ko\/je-pum\/ui-yak-pum-won-ryo\/geon-gang-gi-neung-sig-pum-cheom-ga-mul\/nikotinamaideu-ribosaideu-yeomsanyeom-nr\/","og_site_name":"NATURAL POLAND - Hurtowy Dystrybutor Surowc\u00f3w","article_publisher":"https:\/\/www.facebook.com\/naturalpoland.b2b","article_modified_time":"2025-07-16T13:23:17+00:00","og_image":[{"width":618,"height":618,"url":"https:\/\/naturalpoland.com\/wp-content\/uploads\/nr.webp","type":"image\/webp"}],"schema":{"@context":"https:\/\/schema.org","@graph":[{"@type":"WebPage","@id":"https:\/\/naturalpoland.com\/ko\/je-pum\/ui-yak-pum-won-ryo\/geon-gang-gi-neung-sig-pum-cheom-ga-mul\/nikotinamaideu-ribosaideu-yeomsanyeom-nr\/","url":"https:\/\/naturalpoland.com\/ko\/je-pum\/ui-yak-pum-won-ryo\/geon-gang-gi-neung-sig-pum-cheom-ga-mul\/nikotinamaideu-ribosaideu-yeomsanyeom-nr\/","name":"\ub2c8\ucf54\ud2f4\uc544\ub9c8\uc774\ub4dc \ub9ac\ubcf4\uc0ac\uc774\ub4dc \uc5fc\uc0b0\uc5fc (NR) - NATURAL POLAND - Hurtowy Dystrybutor Surowc\u00f3w","isPartOf":{"@id":"https:\/\/naturalpoland.com\/ko\/#website"},"primaryImageOfPage":{"@id":"https:\/\/naturalpoland.com\/ko\/je-pum\/ui-yak-pum-won-ryo\/geon-gang-gi-neung-sig-pum-cheom-ga-mul\/nikotinamaideu-ribosaideu-yeomsanyeom-nr\/#primaryimage"},"image":{"@id":"https:\/\/naturalpoland.com\/ko\/je-pum\/ui-yak-pum-won-ryo\/geon-gang-gi-neung-sig-pum-cheom-ga-mul\/nikotinamaideu-ribosaideu-yeomsanyeom-nr\/#primaryimage"},"thumbnailUrl":"https:\/\/naturalpoland.com\/wp-content\/uploads\/nr.webp","datePublished":"2024-08-30T09:17:37+00:00","dateModified":"2025-07-16T13:23:17+00:00","description":"\ub2c8\ucf54\ud2f4\uc544\ub9c8\uc774\ub4dc \ub9ac\ubcf4\uc0ac\uc774\ub4dc \uc5fc\uc0b0\uc5fc\uc740 NAD+ \uc218\uce58\ub97c \ub192\uc774\ub294 \ub2a5\ub825\uc774 \uc788\uc2b5\ub2c8\ub2e4. \uac74\uac15 \ubcf4\uc870 \uc2dd\ud488 \ubc0f \ub178\ud654 \ubc29\uc9c0 \uc81c\ud488\uc5d0 \uc774\uc0c1\uc801\uc778 \uc131\ubd84\uc785\ub2c8\ub2e4.","breadcrumb":{"@id":"https:\/\/naturalpoland.com\/ko\/je-pum\/ui-yak-pum-won-ryo\/geon-gang-gi-neung-sig-pum-cheom-ga-mul\/nikotinamaideu-ribosaideu-yeomsanyeom-nr\/#breadcrumb"},"inLanguage":"ko-KR","potentialAction":[{"@type":"ReadAction","target":["https:\/\/naturalpoland.com\/ko\/je-pum\/ui-yak-pum-won-ryo\/geon-gang-gi-neung-sig-pum-cheom-ga-mul\/nikotinamaideu-ribosaideu-yeomsanyeom-nr\/"]}]},{"@type":"ImageObject","inLanguage":"ko-KR","@id":"https:\/\/naturalpoland.com\/ko\/je-pum\/ui-yak-pum-won-ryo\/geon-gang-gi-neung-sig-pum-cheom-ga-mul\/nikotinamaideu-ribosaideu-yeomsanyeom-nr\/#primaryimage","url":"https:\/\/naturalpoland.com\/wp-content\/uploads\/nr.webp","contentUrl":"https:\/\/naturalpoland.com\/wp-content\/uploads\/nr.webp","width":618,"height":618,"caption":"chlorowodorek rybozydu nikotynamidu"},{"@type":"BreadcrumbList","@id":"https:\/\/naturalpoland.com\/ko\/je-pum\/ui-yak-pum-won-ryo\/geon-gang-gi-neung-sig-pum-cheom-ga-mul\/nikotinamaideu-ribosaideu-yeomsanyeom-nr\/#breadcrumb","itemListElement":[{"@type":"ListItem","position":1,"name":"\ud648","item":"https:\/\/naturalpoland.com\/ko\/"},{"@type":"ListItem","position":2,"name":"\uc81c\ud488","item":"https:\/\/naturalpoland.com\/ko\/%ec%a0%9c%ed%92%88\/"},{"@type":"ListItem","position":3,"name":"\ub2c8\ucf54\ud2f4\uc544\ub9c8\uc774\ub4dc \ub9ac\ubcf4\uc0ac\uc774\ub4dc \uc5fc\uc0b0\uc5fc (NR)"}]},{"@type":"WebSite","@id":"https:\/\/naturalpoland.com\/ko\/#website","url":"https:\/\/naturalpoland.com\/ko\/","name":"NATURAL POLAND - Hurtowy Dystrybutor Surowc\u00f3w","description":"Surowce dla przemys\u0142u spo\u017cywczego, kosmetycznego i farmaceutycznego","publisher":{"@id":"https:\/\/naturalpoland.com\/ko\/#organization"},"potentialAction":[{"@type":"SearchAction","target":{"@type":"EntryPoint","urlTemplate":"https:\/\/naturalpoland.com\/ko\/?s={search_term_string}"},"query-input":{"@type":"PropertyValueSpecification","valueRequired":true,"valueName":"search_term_string"}}],"inLanguage":"ko-KR"},{"@type":"Organization","@id":"https:\/\/naturalpoland.com\/ko\/#organization","name":"Natural Poland","url":"https:\/\/naturalpoland.com\/ko\/","logo":{"@type":"ImageObject","inLanguage":"ko-KR","@id":"https:\/\/naturalpoland.com\/ko\/#\/schema\/logo\/image\/","url":"https:\/\/naturalpoland.com\/wp-content\/uploads\/2021\/05\/natural-poland-icon.png","contentUrl":"https:\/\/naturalpoland.com\/wp-content\/uploads\/2021\/05\/natural-poland-icon.png","width":512,"height":512,"caption":"Natural Poland"},"image":{"@id":"https:\/\/naturalpoland.com\/ko\/#\/schema\/logo\/image\/"},"sameAs":["https:\/\/www.facebook.com\/naturalpoland.b2b","https:\/\/pl.linkedin.com\/company\/natural-poland","https:\/\/www.youtube.com\/channel\/UCgeGGkvOMahZo-xu_MSEWxg"]}]}},"_links":{"self":[{"href":"https:\/\/naturalpoland.com\/ko\/wp-json\/wp\/v2\/product\/42023","targetHints":{"allow":["GET"]}}],"collection":[{"href":"https:\/\/naturalpoland.com\/ko\/wp-json\/wp\/v2\/product"}],"about":[{"href":"https:\/\/naturalpoland.com\/ko\/wp-json\/wp\/v2\/types\/product"}],"wp:featuredmedia":[{"embeddable":true,"href":"https:\/\/naturalpoland.com\/ko\/wp-json\/wp\/v2\/media\/42024"}],"wp:attachment":[{"href":"https:\/\/naturalpoland.com\/ko\/wp-json\/wp\/v2\/media?parent=42023"}],"wp:term":[{"taxonomy":"product_brand","embeddable":true,"href":"https:\/\/naturalpoland.com\/ko\/wp-json\/wp\/v2\/product_brand?post=42023"},{"taxonomy":"product_cat","embeddable":true,"href":"https:\/\/naturalpoland.com\/ko\/wp-json\/wp\/v2\/product_cat?post=42023"},{"taxonomy":"product_tag","embeddable":true,"href":"https:\/\/naturalpoland.com\/ko\/wp-json\/wp\/v2\/product_tag?post=42023"}],"curies":[{"name":"wp","href":"https:\/\/api.w.org\/{rel}","templated":true}]}}