{"id":42027,"date":"2024-06-07T15:05:44","date_gmt":"2024-06-07T13:05:44","guid":{"rendered":"https:\/\/naturalpoland.com\/produkty\/uncategorized\/d-%ed%8c%90%ed%85%8c%eb%86%80-75\/"},"modified":"2025-07-16T15:23:26","modified_gmt":"2025-07-16T13:23:26","slug":"d-pantenol-75","status":"publish","type":"product","link":"https:\/\/naturalpoland.com\/ko\/je-pum\/hwa-jang-pum-won-ryo\/hwa-jang-pum-won-ryo-ko\/d-pantenol-75\/","title":{"rendered":"D-\ud310\ud14c\ub180 75%"},"content":{"rendered":"<h3>D-\ud310\ud14c\ub180\uc758 \ud2b9\uc131<\/h3>\n<p>\ud504\ub85c\ube44\ud0c0\ubbfc B5\ub294 \ud0c1\uc6d4\ud55c <strong>\ud761\uc2b5\uc131<\/strong>\uc744 \ud2b9\uc9d5\uc73c\ub85c \ud558\uba70, <strong>\uc218\ubd84\uc744 \ub04c\uc5b4\ub2f9\uae30\uace0 \uc720\uc9c0\ud558\ub294<\/strong> \ud2b9\ubcc4\ud55c \ub2a5\ub825\uc744 \uac00\uc9c0\uace0 \uc788\uc2b5\ub2c8\ub2e4. \uc774\ub294 \ud53c\ubd80\ub97c \ub354\uc6b1 \ubd80\ub4dc\ub7fd\uace0 \uc720\uc5f0\ud558\uba70 \ub9e4\ub044\ub7fd\uac8c \ub9cc\ub4e4\uc5b4\uc8fc\ub294 \ud0c1\uc6d4\ud55c \ubcf4\uc2b5\uc81c\uc785\ub2c8\ub2e4.<\/p>\n<p>\uc774 \uc6d0\ub8cc\ub294 \ub9e4\uc6b0 <strong>\ud654\ud559\uc801\uc73c\ub85c \uc548\uc815\uc801<\/strong>\uc785\ub2c8\ub2e4. \ub2e4\uc591\ud55c \ud654\uc7a5\ud488 \uc81c\ud615\uc5d0\uc11c \uadf8 \ud2b9\uc131\uc744 \uc720\uc9c0\ud558\uc5ec, \ub9ce\uc740 \uc2a4\ud0a8\ucf00\uc5b4 \uc81c\ud488\uc5d0 \uc774\uc0c1\uc801\uc778 \ucca8\uac00\uc81c\uac00 \ub429\ub2c8\ub2e4.<\/p>\n<p>\ubd84\uc790 \uad6c\uc870 \ub355\ubd84\uc5d0, D-\ud310\ud14c\ub180\uc740 \ud53c\ubd80\uc640 \ubaa8\ubc1c \uae4a\uc219\uc774 \uc27d\uac8c \uce68\ud22c\ud558\uc5ec, \ud6a8\uacfc\ub97c \ub192\uc774\uace0 \uc624\ub798 \uc9c0\uc18d\ub418\ub294 \uacb0\uacfc\ub97c \uc81c\uacf5\ud569\ub2c8\ub2e4.<\/p>\n<h3>D-\ud310\ud14c\ub180\uc758 \uc791\uc6a9<\/h3>\n<p>D-\ud310\ud14c\ub180\uc740 \ubcf4\uc2b5\uc81c\ub85c \uc791\uc6a9\ud558\uc5ec \ud53c\ubd80\uc640 \ubaa8\ubc1c\uc5d0 \uc218\ubd84\uc744 \ub04c\uc5b4\ub2f9\uae30\uace0 \uc801\uc808\ud55c \uc218\ubd84 \uc218\uc900\uc744 \uc720\uc9c0\ud558\ub294 \ub370 \ub3c4\uc6c0\uc744 \uc90d\ub2c8\ub2e4. D-\ud310\ud14c\ub180\uc744 \uafb8\uc900\ud788 \uc0ac\uc6a9\ud558\uba74 \uac74\uc870\ud568\uc744 \ubc29\uc9c0\ud558\uace0 \ud53c\ubd80\uc640 \ubaa8\ubc1c\uc758 \uc9c8\uac10\uc744 \uac1c\uc120\ud558\uba70 \uac74\uac15\ud55c \uc724\uae30\ub97c \ubd80\uc5ec\ud569\ub2c8\ub2e4. \ud53c\ubd80\uc5d0\uc11c D-\ud310\ud14c\ub180\uc740 \ud310\ud1a0\ud150\uc0b0\uc73c\ub85c \uc804\ud658\ub418\uc5b4 \ud53c\ubd80 \uc138\ud3ec \uc7ac\uc0dd \uacfc\uc815\uc744 \uc9c0\uc6d0\ud569\ub2c8\ub2e4. \uc791\uc740 \uc0c1\ucc98, \ucc30\uacfc\uc0c1 \ubc0f \uc790\uadf9\uc758 \uce58\uc720\ub97c \ucd09\uc9c4\ud558\uc5ec \uc9c4\uc815 \ubc0f \uc7ac\uc0dd \uc81c\ud488\uc758 \ud544\uc218 \uc131\ubd84\uc73c\ub85c \ub9cc\ub4ed\ub2c8\ub2e4.<\/p>\n<p>D-\ud310\ud14c\ub180\uc740 \ub610\ud55c \uc9c4\uc815 \ubc0f \uc644\ud654 \ud6a8\uacfc\uac00 \uc788\uc2b5\ub2c8\ub2e4. \ubbfc\uac10\ud558\uace0 \uc790\uadf9\ubc1b\uae30 \uc26c\uc6b0\uba70 \uc54c\ub808\ub974\uae30 \uacbd\ud5a5\uc774 \uc788\ub294 \ud53c\ubd80\ub97c \uc704\ud55c \uc81c\ud488\uc5d0 \uc0ac\uc6a9\ub429\ub2c8\ub2e4. \ubd89\uc740\uae30\ub97c \uc904\uc774\uace0 \uc790\uadf9\uc744 \uc644\ud654\ud558\ub294 \ub370 \ub3c4\uc6c0\uc744 \uc90d\ub2c8\ub2e4.<\/p>\n<p>D-\ud310\ud14c\ub180\uc744 \uafb8\uc900\ud788 \uc0ac\uc6a9\ud558\uba74 \ud53c\ubd80 \ud0c4\ub825\uc744 \ud06c\uac8c \uac1c\uc120\ud560 \uc218 \uc788\uc73c\uba70, \uac74\uc870\ud568\uacfc \uac70\uce60\uc74c\uc744 \uc904\uc5ec\uc90d\ub2c8\ub2e4. \ud53c\ubd80\ub294 \ub354\uc6b1 \ud0c4\ud0c4\ud574\uc9c0\uace0 \uc190\uc0c1\uc5d0 \uac15\ud574\uc9d1\ub2c8\ub2e4.<\/p>\n<p>\ud5e4\uc5b4 \uc81c\ud488\uc5d0\uc11c D-\ud310\ud14c\ub180\uc740 \ubaa8\ubc1c\uc744 \uac15\ud654\ud558\ub294 \uc791\uc6a9\uc744 \ud558\uba70, \ubaa8\ubc1c \uad6c\uc870\ub97c \uac1c\uc120\ud558\uace0 \ud0c4\ub825\uacfc \uae30\uacc4\uc801 \uc190\uc0c1\uc5d0 \ub300\ud55c \uc800\ud56d\ub825\uc744 \ub192\uc785\ub2c8\ub2e4. \ubaa8\ubc1c\uc740 \ub354\uc6b1 \uc724\uae30 \uc788\uace0 \uac15\ud558\uba70 \ub04a\uc5b4\uc9d0\uc5d0 \ub35c \ucde8\uc57d\ud574\uc9d1\ub2c8\ub2e4.<\/p>\n<h3>D-\ud310\ud14c\ub180\uc758 \uc6a9\ub3c4<\/h3>\n<p><strong>\uc2a4\ud0a8\ucf00\uc5b4 \ud654\uc7a5\ud488<\/strong><\/p>\n<p>\ud06c\ub9bc, \ubc24, \uc138\ub7fc, \uc9c4\uc815 \uc5f0\uace0 &#8211; D-\ud310\ud14c\ub180\uc740 \ub2e4\uc7ac\ub2e4\ub2a5\ud55c \ubcf4\uc2b5 \ubc0f \uc7ac\uc0dd \ud2b9\uc131 \ub355\ubd84\uc5d0 \uc774 \ubaa8\ub4e0 \uc81c\ud488\uc5d0 \ud6a8\uacfc\uc801\uc778 \uc131\ubd84\uc785\ub2c8\ub2e4.<\/p>\n<p><strong>\ud5e4\uc5b4 \ud654\uc7a5\ud488<\/strong><\/p>\n<p>\uc0f4\ud478, \ucee8\ub514\uc154\ub108, \ud5e4\uc5b4 \ub9c8\uc2a4\ud06c &#8211; D-\ud310\ud14c\ub180\uc740 \ubaa8\ubc1c\uc744 \uac15\ud654\ud558\uace0 \uad6c\uc870\ub97c \uac1c\uc120\ud558\uba70 \uac74\uac15\ud55c \uc724\uae30\ub97c \ubd80\uc5ec\ud558\ubbc0\ub85c, \ud5e4\uc5b4 \ucf00\uc5b4 \uc81c\ud488\uc5d0 \ub110\ub9ac \uc0ac\uc6a9\ub429\ub2c8\ub2e4.<\/p>\n<p><strong>\uc560\ud504\ud130 \uc120 \uc81c\ud488<\/strong><\/p>\n<p>D-\ud310\ud14c\ub180\uc740 \ud587\ubcd5\uc5d0 \uc758\ud55c \ud654\uc0c1\uc744 \uc644\ud654\ud558\uace0 \ud53c\ubd80 \uc7ac\uc0dd\uc744 \ub3d5\uae30 \ub54c\ubb38\uc5d0 \uc560\ud504\ud130 \uc120 \uc81c\ud488\uc5d0 \uc790\uc8fc \ucca8\uac00\ub429\ub2c8\ub2e4.<\/p>\n<p><strong>\uc5b4\ub9b0\uc774\uc6a9 \uc81c\ud488<\/strong><\/p>\n<p>\ubc1c\uc9c4 \ud06c\ub9bc, \uc9c4\uc815 \uae30\uc800\uadc0 \uc5f0\uace0 &#8211; D-\ud310\ud14c\ub180\uc740 \uc548\uc804\ud558\uace0 \ud6a8\uacfc\uc801\uc778 \uc131\ubd84\uc73c\ub85c, \uc5b4\ub9b0\uc774\uc6a9 \uc81c\ud488\uc5d0 \uc0ac\uc6a9\ud558\uae30\uc5d0 \uc774\uc0c1\uc801\uc785\ub2c8\ub2e4.<\/p>\n<h3>\uc548\uc804\uc131<\/h3>\n<p>\uc774 \uc131\ubd84\uc740 \ub300\ubd80\ubd84\uc758 \ud53c\ubd80 \ubc0f \ubaa8\ubc1c \uc720\ud615\uc5d0 \uc798 \uacac\ub525\ub2c8\ub2e4. \ub2e4\uc7ac\ub2e4\ub2a5\ud55c \ud2b9\uc131 \ub355\ubd84\uc5d0, \ud53c\ubd80\uacfc \uc758\uc0ac\uc640 \ubbf8\uc6a9 \uc804\ubb38\uac00\ub4e4\uc774 \uc548\uc804\ud558\uace0 \ud6a8\uacfc\uc801\uc778 \uc131\ubd84\uc73c\ub85c \ucd94\ucc9c\ud569\ub2c8\ub2e4.<\/p>\n","protected":false},"excerpt":{"rendered":"<p><strong>D-\ud310\ud14c\ub180<\/strong>\uc740 <strong>\ud504\ub85c\ube44\ud0c0\ubbfc B5<\/strong>\ub85c\ub3c4 \uc54c\ub824\uc838 \uc788\uc73c\uba70, \ud654\uc7a5\ud488 \ubc0f \ud53c\ubd80\uc640 \ubaa8\ubc1c \uad00\ub9ac \uc81c\ud488\uc5d0 \ub110\ub9ac \uc0ac\uc6a9\ub418\ub294 \ud575\uc2ec \uc131\ubd84\uc785\ub2c8\ub2e4. \uc774 \uc548\uc815\uc801\uc778 \ud310\ud1a0\ud150\uc0b0\uc758 \uc54c\ucf54\uc62c \ud615\ud0dc\ub294 \ud53c\ubd80\uc640 \ubaa8\ubc1c\uc5d0 \uc27d\uac8c \uce68\ud22c\ud558\uc5ec \ud65c\uc131 \ud615\ud0dc\uc778 \ud310\ud1a0\ud150\uc0b0(\ube44\ud0c0\ubbfc B5)\uc73c\ub85c \uc804\ud658\ub429\ub2c8\ub2e4.<\/p>\n<h3><\/h3>\n","protected":false},"featured_media":42028,"template":"","meta":{"_acf_changed":false},"product_brand":[],"product_cat":[8145,8160],"product_tag":[],"class_list":{"0":"post-42027","1":"product","2":"type-product","3":"status-publish","4":"has-post-thumbnail","6":"product_cat-bi-ta-min","7":"product_cat-hwa-jang-pum-won-ryo-ko","9":"first","10":"instock","11":"shipping-taxable","12":"product-type-simple"},"acf":[],"yoast_head":"<!-- This site is optimized with the Yoast SEO plugin v27.4 - https:\/\/yoast.com\/product\/yoast-seo-wordpress\/ -->\n<title>D-\ud310\ud14c\ub180 75% - NATURAL POLAND - Hurtowy Dystrybutor Surowc\u00f3w<\/title>\n<meta name=\"description\" content=\"D-\ud310\ud14c\ub180 75%\ub294 \ud604\ub300 \ud654\uc7a5\ud488\uc5d0\uc11c \ubcf4\uc2b5, \uc7ac\uc0dd, \uc9c4\uc815 \ud6a8\uacfc\uac00 \uc788\ub294 \ud544\uc218 \uc131\ubd84\uc785\ub2c8\ub2e4.\" \/>\n<meta name=\"robots\" content=\"index, follow, max-snippet:-1, max-image-preview:large, max-video-preview:-1\" \/>\n<link rel=\"canonical\" href=\"https:\/\/naturalpoland.com\/ko\/je-pum\/hwa-jang-pum-won-ryo\/hwa-jang-pum-won-ryo-ko\/d-pantenol-75\/\" \/>\n<meta property=\"og:locale\" content=\"ko_KR\" \/>\n<meta property=\"og:type\" content=\"article\" \/>\n<meta property=\"og:title\" content=\"D-\ud310\ud14c\ub180 75% - NATURAL POLAND - Hurtowy Dystrybutor Surowc\u00f3w\" \/>\n<meta property=\"og:description\" content=\"D-\ud310\ud14c\ub180 75%\ub294 \ud604\ub300 \ud654\uc7a5\ud488\uc5d0\uc11c \ubcf4\uc2b5, \uc7ac\uc0dd, \uc9c4\uc815 \ud6a8\uacfc\uac00 \uc788\ub294 \ud544\uc218 \uc131\ubd84\uc785\ub2c8\ub2e4.\" \/>\n<meta property=\"og:url\" content=\"https:\/\/naturalpoland.com\/ko\/je-pum\/hwa-jang-pum-won-ryo\/hwa-jang-pum-won-ryo-ko\/d-pantenol-75\/\" \/>\n<meta property=\"og:site_name\" content=\"NATURAL POLAND - Hurtowy Dystrybutor Surowc\u00f3w\" \/>\n<meta property=\"article:publisher\" content=\"https:\/\/www.facebook.com\/naturalpoland.b2b\" \/>\n<meta property=\"article:modified_time\" content=\"2025-07-16T13:23:26+00:00\" \/>\n<meta property=\"og:image\" content=\"https:\/\/naturalpoland.com\/wp-content\/uploads\/dpanthenol.webp\" \/>\n\t<meta property=\"og:image:width\" content=\"607\" \/>\n\t<meta property=\"og:image:height\" content=\"607\" \/>\n\t<meta property=\"og:image:type\" content=\"image\/webp\" \/>\n<script type=\"application\/ld+json\" class=\"yoast-schema-graph\">{\"@context\":\"https:\\\/\\\/schema.org\",\"@graph\":[{\"@type\":\"WebPage\",\"@id\":\"https:\\\/\\\/naturalpoland.com\\\/ko\\\/je-pum\\\/hwa-jang-pum-won-ryo\\\/hwa-jang-pum-won-ryo-ko\\\/d-pantenol-75\\\/\",\"url\":\"https:\\\/\\\/naturalpoland.com\\\/ko\\\/je-pum\\\/hwa-jang-pum-won-ryo\\\/hwa-jang-pum-won-ryo-ko\\\/d-pantenol-75\\\/\",\"name\":\"D-\ud310\ud14c\ub180 75% - NATURAL POLAND - Hurtowy Dystrybutor Surowc\u00f3w\",\"isPartOf\":{\"@id\":\"https:\\\/\\\/naturalpoland.com\\\/ko\\\/#website\"},\"primaryImageOfPage\":{\"@id\":\"https:\\\/\\\/naturalpoland.com\\\/ko\\\/je-pum\\\/hwa-jang-pum-won-ryo\\\/hwa-jang-pum-won-ryo-ko\\\/d-pantenol-75\\\/#primaryimage\"},\"image\":{\"@id\":\"https:\\\/\\\/naturalpoland.com\\\/ko\\\/je-pum\\\/hwa-jang-pum-won-ryo\\\/hwa-jang-pum-won-ryo-ko\\\/d-pantenol-75\\\/#primaryimage\"},\"thumbnailUrl\":\"https:\\\/\\\/naturalpoland.com\\\/wp-content\\\/uploads\\\/dpanthenol.webp\",\"datePublished\":\"2024-06-07T13:05:44+00:00\",\"dateModified\":\"2025-07-16T13:23:26+00:00\",\"description\":\"D-\ud310\ud14c\ub180 75%\ub294 \ud604\ub300 \ud654\uc7a5\ud488\uc5d0\uc11c \ubcf4\uc2b5, \uc7ac\uc0dd, \uc9c4\uc815 \ud6a8\uacfc\uac00 \uc788\ub294 \ud544\uc218 \uc131\ubd84\uc785\ub2c8\ub2e4.\",\"breadcrumb\":{\"@id\":\"https:\\\/\\\/naturalpoland.com\\\/ko\\\/je-pum\\\/hwa-jang-pum-won-ryo\\\/hwa-jang-pum-won-ryo-ko\\\/d-pantenol-75\\\/#breadcrumb\"},\"inLanguage\":\"ko-KR\",\"potentialAction\":[{\"@type\":\"ReadAction\",\"target\":[\"https:\\\/\\\/naturalpoland.com\\\/ko\\\/je-pum\\\/hwa-jang-pum-won-ryo\\\/hwa-jang-pum-won-ryo-ko\\\/d-pantenol-75\\\/\"]}]},{\"@type\":\"ImageObject\",\"inLanguage\":\"ko-KR\",\"@id\":\"https:\\\/\\\/naturalpoland.com\\\/ko\\\/je-pum\\\/hwa-jang-pum-won-ryo\\\/hwa-jang-pum-won-ryo-ko\\\/d-pantenol-75\\\/#primaryimage\",\"url\":\"https:\\\/\\\/naturalpoland.com\\\/wp-content\\\/uploads\\\/dpanthenol.webp\",\"contentUrl\":\"https:\\\/\\\/naturalpoland.com\\\/wp-content\\\/uploads\\\/dpanthenol.webp\",\"width\":607,\"height\":607,\"caption\":\"d-panthenol\"},{\"@type\":\"BreadcrumbList\",\"@id\":\"https:\\\/\\\/naturalpoland.com\\\/ko\\\/je-pum\\\/hwa-jang-pum-won-ryo\\\/hwa-jang-pum-won-ryo-ko\\\/d-pantenol-75\\\/#breadcrumb\",\"itemListElement\":[{\"@type\":\"ListItem\",\"position\":1,\"name\":\"\ud648\",\"item\":\"https:\\\/\\\/naturalpoland.com\\\/ko\\\/\"},{\"@type\":\"ListItem\",\"position\":2,\"name\":\"\uc81c\ud488\",\"item\":\"https:\\\/\\\/naturalpoland.com\\\/ko\\\/%ec%a0%9c%ed%92%88\\\/\"},{\"@type\":\"ListItem\",\"position\":3,\"name\":\"D-\ud310\ud14c\ub180 75%\"}]},{\"@type\":\"WebSite\",\"@id\":\"https:\\\/\\\/naturalpoland.com\\\/ko\\\/#website\",\"url\":\"https:\\\/\\\/naturalpoland.com\\\/ko\\\/\",\"name\":\"NATURAL POLAND - Hurtowy Dystrybutor Surowc\u00f3w\",\"description\":\"Surowce dla przemys\u0142u spo\u017cywczego, kosmetycznego i farmaceutycznego\",\"publisher\":{\"@id\":\"https:\\\/\\\/naturalpoland.com\\\/ko\\\/#organization\"},\"potentialAction\":[{\"@type\":\"SearchAction\",\"target\":{\"@type\":\"EntryPoint\",\"urlTemplate\":\"https:\\\/\\\/naturalpoland.com\\\/ko\\\/?s={search_term_string}\"},\"query-input\":{\"@type\":\"PropertyValueSpecification\",\"valueRequired\":true,\"valueName\":\"search_term_string\"}}],\"inLanguage\":\"ko-KR\"},{\"@type\":\"Organization\",\"@id\":\"https:\\\/\\\/naturalpoland.com\\\/ko\\\/#organization\",\"name\":\"Natural Poland\",\"url\":\"https:\\\/\\\/naturalpoland.com\\\/ko\\\/\",\"logo\":{\"@type\":\"ImageObject\",\"inLanguage\":\"ko-KR\",\"@id\":\"https:\\\/\\\/naturalpoland.com\\\/ko\\\/#\\\/schema\\\/logo\\\/image\\\/\",\"url\":\"https:\\\/\\\/naturalpoland.com\\\/wp-content\\\/uploads\\\/2021\\\/05\\\/natural-poland-icon.png\",\"contentUrl\":\"https:\\\/\\\/naturalpoland.com\\\/wp-content\\\/uploads\\\/2021\\\/05\\\/natural-poland-icon.png\",\"width\":512,\"height\":512,\"caption\":\"Natural Poland\"},\"image\":{\"@id\":\"https:\\\/\\\/naturalpoland.com\\\/ko\\\/#\\\/schema\\\/logo\\\/image\\\/\"},\"sameAs\":[\"https:\\\/\\\/www.facebook.com\\\/naturalpoland.b2b\",\"https:\\\/\\\/pl.linkedin.com\\\/company\\\/natural-poland\",\"https:\\\/\\\/www.youtube.com\\\/channel\\\/UCgeGGkvOMahZo-xu_MSEWxg\"]}]}<\/script>\n<!-- \/ Yoast SEO plugin. -->","yoast_head_json":{"title":"D-\ud310\ud14c\ub180 75% - NATURAL POLAND - Hurtowy Dystrybutor Surowc\u00f3w","description":"D-\ud310\ud14c\ub180 75%\ub294 \ud604\ub300 \ud654\uc7a5\ud488\uc5d0\uc11c \ubcf4\uc2b5, \uc7ac\uc0dd, \uc9c4\uc815 \ud6a8\uacfc\uac00 \uc788\ub294 \ud544\uc218 \uc131\ubd84\uc785\ub2c8\ub2e4.","robots":{"index":"index","follow":"follow","max-snippet":"max-snippet:-1","max-image-preview":"max-image-preview:large","max-video-preview":"max-video-preview:-1"},"canonical":"https:\/\/naturalpoland.com\/ko\/je-pum\/hwa-jang-pum-won-ryo\/hwa-jang-pum-won-ryo-ko\/d-pantenol-75\/","og_locale":"ko_KR","og_type":"article","og_title":"D-\ud310\ud14c\ub180 75% - NATURAL POLAND - Hurtowy Dystrybutor Surowc\u00f3w","og_description":"D-\ud310\ud14c\ub180 75%\ub294 \ud604\ub300 \ud654\uc7a5\ud488\uc5d0\uc11c \ubcf4\uc2b5, \uc7ac\uc0dd, \uc9c4\uc815 \ud6a8\uacfc\uac00 \uc788\ub294 \ud544\uc218 \uc131\ubd84\uc785\ub2c8\ub2e4.","og_url":"https:\/\/naturalpoland.com\/ko\/je-pum\/hwa-jang-pum-won-ryo\/hwa-jang-pum-won-ryo-ko\/d-pantenol-75\/","og_site_name":"NATURAL POLAND - Hurtowy Dystrybutor Surowc\u00f3w","article_publisher":"https:\/\/www.facebook.com\/naturalpoland.b2b","article_modified_time":"2025-07-16T13:23:26+00:00","og_image":[{"width":607,"height":607,"url":"https:\/\/naturalpoland.com\/wp-content\/uploads\/dpanthenol.webp","type":"image\/webp"}],"schema":{"@context":"https:\/\/schema.org","@graph":[{"@type":"WebPage","@id":"https:\/\/naturalpoland.com\/ko\/je-pum\/hwa-jang-pum-won-ryo\/hwa-jang-pum-won-ryo-ko\/d-pantenol-75\/","url":"https:\/\/naturalpoland.com\/ko\/je-pum\/hwa-jang-pum-won-ryo\/hwa-jang-pum-won-ryo-ko\/d-pantenol-75\/","name":"D-\ud310\ud14c\ub180 75% - NATURAL POLAND - Hurtowy Dystrybutor Surowc\u00f3w","isPartOf":{"@id":"https:\/\/naturalpoland.com\/ko\/#website"},"primaryImageOfPage":{"@id":"https:\/\/naturalpoland.com\/ko\/je-pum\/hwa-jang-pum-won-ryo\/hwa-jang-pum-won-ryo-ko\/d-pantenol-75\/#primaryimage"},"image":{"@id":"https:\/\/naturalpoland.com\/ko\/je-pum\/hwa-jang-pum-won-ryo\/hwa-jang-pum-won-ryo-ko\/d-pantenol-75\/#primaryimage"},"thumbnailUrl":"https:\/\/naturalpoland.com\/wp-content\/uploads\/dpanthenol.webp","datePublished":"2024-06-07T13:05:44+00:00","dateModified":"2025-07-16T13:23:26+00:00","description":"D-\ud310\ud14c\ub180 75%\ub294 \ud604\ub300 \ud654\uc7a5\ud488\uc5d0\uc11c \ubcf4\uc2b5, \uc7ac\uc0dd, \uc9c4\uc815 \ud6a8\uacfc\uac00 \uc788\ub294 \ud544\uc218 \uc131\ubd84\uc785\ub2c8\ub2e4.","breadcrumb":{"@id":"https:\/\/naturalpoland.com\/ko\/je-pum\/hwa-jang-pum-won-ryo\/hwa-jang-pum-won-ryo-ko\/d-pantenol-75\/#breadcrumb"},"inLanguage":"ko-KR","potentialAction":[{"@type":"ReadAction","target":["https:\/\/naturalpoland.com\/ko\/je-pum\/hwa-jang-pum-won-ryo\/hwa-jang-pum-won-ryo-ko\/d-pantenol-75\/"]}]},{"@type":"ImageObject","inLanguage":"ko-KR","@id":"https:\/\/naturalpoland.com\/ko\/je-pum\/hwa-jang-pum-won-ryo\/hwa-jang-pum-won-ryo-ko\/d-pantenol-75\/#primaryimage","url":"https:\/\/naturalpoland.com\/wp-content\/uploads\/dpanthenol.webp","contentUrl":"https:\/\/naturalpoland.com\/wp-content\/uploads\/dpanthenol.webp","width":607,"height":607,"caption":"d-panthenol"},{"@type":"BreadcrumbList","@id":"https:\/\/naturalpoland.com\/ko\/je-pum\/hwa-jang-pum-won-ryo\/hwa-jang-pum-won-ryo-ko\/d-pantenol-75\/#breadcrumb","itemListElement":[{"@type":"ListItem","position":1,"name":"\ud648","item":"https:\/\/naturalpoland.com\/ko\/"},{"@type":"ListItem","position":2,"name":"\uc81c\ud488","item":"https:\/\/naturalpoland.com\/ko\/%ec%a0%9c%ed%92%88\/"},{"@type":"ListItem","position":3,"name":"D-\ud310\ud14c\ub180 75%"}]},{"@type":"WebSite","@id":"https:\/\/naturalpoland.com\/ko\/#website","url":"https:\/\/naturalpoland.com\/ko\/","name":"NATURAL POLAND - Hurtowy Dystrybutor Surowc\u00f3w","description":"Surowce dla przemys\u0142u spo\u017cywczego, kosmetycznego i farmaceutycznego","publisher":{"@id":"https:\/\/naturalpoland.com\/ko\/#organization"},"potentialAction":[{"@type":"SearchAction","target":{"@type":"EntryPoint","urlTemplate":"https:\/\/naturalpoland.com\/ko\/?s={search_term_string}"},"query-input":{"@type":"PropertyValueSpecification","valueRequired":true,"valueName":"search_term_string"}}],"inLanguage":"ko-KR"},{"@type":"Organization","@id":"https:\/\/naturalpoland.com\/ko\/#organization","name":"Natural Poland","url":"https:\/\/naturalpoland.com\/ko\/","logo":{"@type":"ImageObject","inLanguage":"ko-KR","@id":"https:\/\/naturalpoland.com\/ko\/#\/schema\/logo\/image\/","url":"https:\/\/naturalpoland.com\/wp-content\/uploads\/2021\/05\/natural-poland-icon.png","contentUrl":"https:\/\/naturalpoland.com\/wp-content\/uploads\/2021\/05\/natural-poland-icon.png","width":512,"height":512,"caption":"Natural Poland"},"image":{"@id":"https:\/\/naturalpoland.com\/ko\/#\/schema\/logo\/image\/"},"sameAs":["https:\/\/www.facebook.com\/naturalpoland.b2b","https:\/\/pl.linkedin.com\/company\/natural-poland","https:\/\/www.youtube.com\/channel\/UCgeGGkvOMahZo-xu_MSEWxg"]}]}},"_links":{"self":[{"href":"https:\/\/naturalpoland.com\/ko\/wp-json\/wp\/v2\/product\/42027","targetHints":{"allow":["GET"]}}],"collection":[{"href":"https:\/\/naturalpoland.com\/ko\/wp-json\/wp\/v2\/product"}],"about":[{"href":"https:\/\/naturalpoland.com\/ko\/wp-json\/wp\/v2\/types\/product"}],"wp:featuredmedia":[{"embeddable":true,"href":"https:\/\/naturalpoland.com\/ko\/wp-json\/wp\/v2\/media\/42028"}],"wp:attachment":[{"href":"https:\/\/naturalpoland.com\/ko\/wp-json\/wp\/v2\/media?parent=42027"}],"wp:term":[{"taxonomy":"product_brand","embeddable":true,"href":"https:\/\/naturalpoland.com\/ko\/wp-json\/wp\/v2\/product_brand?post=42027"},{"taxonomy":"product_cat","embeddable":true,"href":"https:\/\/naturalpoland.com\/ko\/wp-json\/wp\/v2\/product_cat?post=42027"},{"taxonomy":"product_tag","embeddable":true,"href":"https:\/\/naturalpoland.com\/ko\/wp-json\/wp\/v2\/product_tag?post=42027"}],"curies":[{"name":"wp","href":"https:\/\/api.w.org\/{rel}","templated":true}]}}