{"id":42029,"date":"2025-04-15T10:21:31","date_gmt":"2025-04-15T08:21:31","guid":{"rendered":"https:\/\/naturalpoland.com\/produkty\/uncategorized\/%eb%b9%84%ed%83%80%eb%af%bc-b6\/"},"modified":"2025-07-16T15:22:25","modified_gmt":"2025-07-16T13:22:25","slug":"bitamin-b6","status":"publish","type":"product","link":"https:\/\/naturalpoland.com\/ko\/je-pum\/ui-yak-pum-won-ryo\/bi-ta-min\/bitamin-b6\/","title":{"rendered":"\ube44\ud0c0\ubbfc B6"},"content":{"rendered":"<p>\ube44\ud0c0\ubbfc B6\ub294 \ud2b9\uc720\uc758 \ub9db\uacfc \ud5a5\uc744 \uc9c0\ub2cc \ud770\uc0c9 \ub610\ub294 \uc5f0\ub178\ub780\uc0c9 \uacb0\uc815\uc131 \ubd84\ub9d0 \ud615\ud0dc\uc785\ub2c8\ub2e4. \ub2f9\uc0ac\uc758 \uc6d0\ub8cc\ub294 \ud53c\ub9ac\ub3c5\uc2e0 \uc5fc\uc0b0\uc5fc \ud568\ub7c9\uc774 99.77%\ub85c, USP38 \ud45c\uc900\uc5d0 \ub530\ub77c \ucd5c\uace0 \ud488\uc9c8 \ub4f1\uae09\uc5d0 \ud574\ub2f9\ud569\ub2c8\ub2e4.<\/p>\n<p>\ube44\ud0c0\ubbfc B6\ub294 \uc8fc\ub85c \ub2e8\uc77c \uc131\ubd84 \ubc0f \ub2e4\uc911 \uc131\ubd84 \uc2dd\uc774 \ubcf4\ucda9\uc81c \uc0dd\uc0b0\uc5d0 \uc0ac\uc6a9\ub418\uba70, \ud2b9\ud788 \uc2e0\uc9c4\ub300\uc0ac, \uc2e0\uacbd\uacc4 \ubc0f \uc2ec\ub9ac\uc801 \uae30\ub2a5\uc744 \uc9c0\uc6d0\ud558\ub294 \uc81c\ud615\uc5d0 \uc0ac\uc6a9\ub429\ub2c8\ub2e4. \ub610\ud55c \uc2e0\uccb4 \ud65c\ub3d9\uc774 \ud65c\ubc1c\ud55c \uc0ac\ub78c, \uc784\uc0b0\ubd80, \ub178\uc778, \ud638\ub974\ubaac \uade0\ud615\uc744 \uc9c0\uc6d0\ud558\uace0 \ud53c\ub85c\ub97c \uc904\uc774\ub294 \ubcf4\ucda9\uc81c\uc5d0\ub3c4 \uc0ac\uc6a9\ub420 \uc218 \uc788\uc2b5\ub2c8\ub2e4.<\/p>\n<p>\ub9e4\uc6b0 \ub0ae\uc740 \uc2b5\ub3c4(0.12%)\uc640 \ub192\uc740 \uc21c\ub3c4 \ub355\ubd84\uc5d0 \uc774 \ube44\ud0c0\ubbfc\uc740 \ub9e4\uc6b0 \uc548\uc815\uc801\uc774\uba70 \ucea1\uc290, \uc815\uc81c, \ud30c\uc6b0\uce58 \ubc0f \uc561\uc0c1 \ud615\ud0dc\uc5d0 \uc0ac\uc6a9\ud558\uae30\uc5d0 \uc801\ud569\ud569\ub2c8\ub2e4.<\/p>\n","protected":false},"excerpt":{"rendered":"<p><strong data-start=\"0\" data-end=\"43\">\ube44\ud0c0\ubbfc B6 (\ud53c\ub9ac\ub3c5\uc2e0 \uc5fc\uc0b0\uc5fc)<\/strong>\ub294 \ub2e8\ubc31\uc9c8, \uc9c0\ubc29, \ud0c4\uc218\ud654\ubb3c \ub300\uc0ac\ubfd0\ub9cc \uc544\ub2c8\ub77c \uc2e0\uacbd\uacc4 \ubc0f \uba74\uc5ed\uacc4 \uae30\ub2a5\uc5d0 \uc911\uc694\ud55c \uc5ed\ud560\uc744 \ud558\ub294 \ud65c\uc131 \ubb3c\uc9c8\uc785\ub2c8\ub2e4.<\/p>\n","protected":false},"featured_media":42030,"template":"","meta":{"_acf_changed":false},"product_brand":[],"product_cat":[8145],"product_tag":[],"class_list":{"0":"post-42029","1":"product","2":"type-product","3":"status-publish","4":"has-post-thumbnail","6":"product_cat-bi-ta-min","8":"first","9":"instock","10":"shipping-taxable","11":"product-type-simple"},"acf":[],"yoast_head":"<!-- This site is optimized with the Yoast SEO plugin v27.4 - https:\/\/yoast.com\/product\/yoast-seo-wordpress\/ -->\n<title>\ube44\ud0c0\ubbfc B6 - Hurtowy Dystrybutor<\/title>\n<meta name=\"description\" content=\"\ube44\ud0c0\ubbfc B6 (\ud53c\ub9ac\ub3c5\uc2e0 \uc5fc\uc0b0\uc5fc)\ub294 \uc2e0\uccb4\uc758 \uc801\uc808\ud55c \uae30\ub2a5\uc5d0 \ud544\uc218\uc801\uc778 \ud65c\uc131 \ubb3c\uc9c8\uc785\ub2c8\ub2e4.\" \/>\n<meta name=\"robots\" content=\"index, follow, max-snippet:-1, max-image-preview:large, max-video-preview:-1\" \/>\n<link rel=\"canonical\" href=\"https:\/\/naturalpoland.com\/ko\/je-pum\/ui-yak-pum-won-ryo\/bi-ta-min\/bitamin-b6\/\" \/>\n<meta property=\"og:locale\" content=\"ko_KR\" \/>\n<meta property=\"og:type\" content=\"article\" \/>\n<meta property=\"og:title\" content=\"\ube44\ud0c0\ubbfc B6 - Hurtowy Dystrybutor\" \/>\n<meta property=\"og:description\" content=\"\ube44\ud0c0\ubbfc B6 (\ud53c\ub9ac\ub3c5\uc2e0 \uc5fc\uc0b0\uc5fc)\ub294 \uc2e0\uccb4\uc758 \uc801\uc808\ud55c \uae30\ub2a5\uc5d0 \ud544\uc218\uc801\uc778 \ud65c\uc131 \ubb3c\uc9c8\uc785\ub2c8\ub2e4.\" \/>\n<meta property=\"og:url\" content=\"https:\/\/naturalpoland.com\/ko\/je-pum\/ui-yak-pum-won-ryo\/bi-ta-min\/bitamin-b6\/\" \/>\n<meta property=\"og:site_name\" content=\"NATURAL POLAND - Hurtowy Dystrybutor Surowc\u00f3w\" \/>\n<meta property=\"article:publisher\" content=\"https:\/\/www.facebook.com\/naturalpoland.b2b\" \/>\n<meta property=\"article:modified_time\" content=\"2025-07-16T13:22:25+00:00\" \/>\n<meta property=\"og:image\" content=\"https:\/\/naturalpoland.com\/wp-content\/uploads\/witamina-b6.webp\" \/>\n\t<meta property=\"og:image:width\" content=\"1024\" \/>\n\t<meta property=\"og:image:height\" content=\"1024\" \/>\n\t<meta property=\"og:image:type\" content=\"image\/webp\" \/>\n<script type=\"application\/ld+json\" class=\"yoast-schema-graph\">{\"@context\":\"https:\\\/\\\/schema.org\",\"@graph\":[{\"@type\":\"WebPage\",\"@id\":\"https:\\\/\\\/naturalpoland.com\\\/ko\\\/je-pum\\\/ui-yak-pum-won-ryo\\\/bi-ta-min\\\/bitamin-b6\\\/\",\"url\":\"https:\\\/\\\/naturalpoland.com\\\/ko\\\/je-pum\\\/ui-yak-pum-won-ryo\\\/bi-ta-min\\\/bitamin-b6\\\/\",\"name\":\"\ube44\ud0c0\ubbfc B6 - Hurtowy Dystrybutor\",\"isPartOf\":{\"@id\":\"https:\\\/\\\/naturalpoland.com\\\/ko\\\/#website\"},\"primaryImageOfPage\":{\"@id\":\"https:\\\/\\\/naturalpoland.com\\\/ko\\\/je-pum\\\/ui-yak-pum-won-ryo\\\/bi-ta-min\\\/bitamin-b6\\\/#primaryimage\"},\"image\":{\"@id\":\"https:\\\/\\\/naturalpoland.com\\\/ko\\\/je-pum\\\/ui-yak-pum-won-ryo\\\/bi-ta-min\\\/bitamin-b6\\\/#primaryimage\"},\"thumbnailUrl\":\"https:\\\/\\\/naturalpoland.com\\\/wp-content\\\/uploads\\\/witamina-b6.webp\",\"datePublished\":\"2025-04-15T08:21:31+00:00\",\"dateModified\":\"2025-07-16T13:22:25+00:00\",\"description\":\"\ube44\ud0c0\ubbfc B6 (\ud53c\ub9ac\ub3c5\uc2e0 \uc5fc\uc0b0\uc5fc)\ub294 \uc2e0\uccb4\uc758 \uc801\uc808\ud55c \uae30\ub2a5\uc5d0 \ud544\uc218\uc801\uc778 \ud65c\uc131 \ubb3c\uc9c8\uc785\ub2c8\ub2e4.\",\"breadcrumb\":{\"@id\":\"https:\\\/\\\/naturalpoland.com\\\/ko\\\/je-pum\\\/ui-yak-pum-won-ryo\\\/bi-ta-min\\\/bitamin-b6\\\/#breadcrumb\"},\"inLanguage\":\"ko-KR\",\"potentialAction\":[{\"@type\":\"ReadAction\",\"target\":[\"https:\\\/\\\/naturalpoland.com\\\/ko\\\/je-pum\\\/ui-yak-pum-won-ryo\\\/bi-ta-min\\\/bitamin-b6\\\/\"]}]},{\"@type\":\"ImageObject\",\"inLanguage\":\"ko-KR\",\"@id\":\"https:\\\/\\\/naturalpoland.com\\\/ko\\\/je-pum\\\/ui-yak-pum-won-ryo\\\/bi-ta-min\\\/bitamin-b6\\\/#primaryimage\",\"url\":\"https:\\\/\\\/naturalpoland.com\\\/wp-content\\\/uploads\\\/witamina-b6.webp\",\"contentUrl\":\"https:\\\/\\\/naturalpoland.com\\\/wp-content\\\/uploads\\\/witamina-b6.webp\",\"width\":1024,\"height\":1024,\"caption\":\"Witamina B6\"},{\"@type\":\"BreadcrumbList\",\"@id\":\"https:\\\/\\\/naturalpoland.com\\\/ko\\\/je-pum\\\/ui-yak-pum-won-ryo\\\/bi-ta-min\\\/bitamin-b6\\\/#breadcrumb\",\"itemListElement\":[{\"@type\":\"ListItem\",\"position\":1,\"name\":\"\ud648\",\"item\":\"https:\\\/\\\/naturalpoland.com\\\/ko\\\/\"},{\"@type\":\"ListItem\",\"position\":2,\"name\":\"\uc81c\ud488\",\"item\":\"https:\\\/\\\/naturalpoland.com\\\/ko\\\/%ec%a0%9c%ed%92%88\\\/\"},{\"@type\":\"ListItem\",\"position\":3,\"name\":\"\ube44\ud0c0\ubbfc B6\"}]},{\"@type\":\"WebSite\",\"@id\":\"https:\\\/\\\/naturalpoland.com\\\/ko\\\/#website\",\"url\":\"https:\\\/\\\/naturalpoland.com\\\/ko\\\/\",\"name\":\"NATURAL POLAND - Hurtowy Dystrybutor Surowc\u00f3w\",\"description\":\"Surowce dla przemys\u0142u spo\u017cywczego, kosmetycznego i farmaceutycznego\",\"publisher\":{\"@id\":\"https:\\\/\\\/naturalpoland.com\\\/ko\\\/#organization\"},\"potentialAction\":[{\"@type\":\"SearchAction\",\"target\":{\"@type\":\"EntryPoint\",\"urlTemplate\":\"https:\\\/\\\/naturalpoland.com\\\/ko\\\/?s={search_term_string}\"},\"query-input\":{\"@type\":\"PropertyValueSpecification\",\"valueRequired\":true,\"valueName\":\"search_term_string\"}}],\"inLanguage\":\"ko-KR\"},{\"@type\":\"Organization\",\"@id\":\"https:\\\/\\\/naturalpoland.com\\\/ko\\\/#organization\",\"name\":\"Natural Poland\",\"url\":\"https:\\\/\\\/naturalpoland.com\\\/ko\\\/\",\"logo\":{\"@type\":\"ImageObject\",\"inLanguage\":\"ko-KR\",\"@id\":\"https:\\\/\\\/naturalpoland.com\\\/ko\\\/#\\\/schema\\\/logo\\\/image\\\/\",\"url\":\"https:\\\/\\\/naturalpoland.com\\\/wp-content\\\/uploads\\\/2021\\\/05\\\/natural-poland-icon.png\",\"contentUrl\":\"https:\\\/\\\/naturalpoland.com\\\/wp-content\\\/uploads\\\/2021\\\/05\\\/natural-poland-icon.png\",\"width\":512,\"height\":512,\"caption\":\"Natural Poland\"},\"image\":{\"@id\":\"https:\\\/\\\/naturalpoland.com\\\/ko\\\/#\\\/schema\\\/logo\\\/image\\\/\"},\"sameAs\":[\"https:\\\/\\\/www.facebook.com\\\/naturalpoland.b2b\",\"https:\\\/\\\/pl.linkedin.com\\\/company\\\/natural-poland\",\"https:\\\/\\\/www.youtube.com\\\/channel\\\/UCgeGGkvOMahZo-xu_MSEWxg\"]}]}<\/script>\n<!-- \/ Yoast SEO plugin. -->","yoast_head_json":{"title":"\ube44\ud0c0\ubbfc B6 - Hurtowy Dystrybutor","description":"\ube44\ud0c0\ubbfc B6 (\ud53c\ub9ac\ub3c5\uc2e0 \uc5fc\uc0b0\uc5fc)\ub294 \uc2e0\uccb4\uc758 \uc801\uc808\ud55c \uae30\ub2a5\uc5d0 \ud544\uc218\uc801\uc778 \ud65c\uc131 \ubb3c\uc9c8\uc785\ub2c8\ub2e4.","robots":{"index":"index","follow":"follow","max-snippet":"max-snippet:-1","max-image-preview":"max-image-preview:large","max-video-preview":"max-video-preview:-1"},"canonical":"https:\/\/naturalpoland.com\/ko\/je-pum\/ui-yak-pum-won-ryo\/bi-ta-min\/bitamin-b6\/","og_locale":"ko_KR","og_type":"article","og_title":"\ube44\ud0c0\ubbfc B6 - Hurtowy Dystrybutor","og_description":"\ube44\ud0c0\ubbfc B6 (\ud53c\ub9ac\ub3c5\uc2e0 \uc5fc\uc0b0\uc5fc)\ub294 \uc2e0\uccb4\uc758 \uc801\uc808\ud55c \uae30\ub2a5\uc5d0 \ud544\uc218\uc801\uc778 \ud65c\uc131 \ubb3c\uc9c8\uc785\ub2c8\ub2e4.","og_url":"https:\/\/naturalpoland.com\/ko\/je-pum\/ui-yak-pum-won-ryo\/bi-ta-min\/bitamin-b6\/","og_site_name":"NATURAL POLAND - Hurtowy Dystrybutor Surowc\u00f3w","article_publisher":"https:\/\/www.facebook.com\/naturalpoland.b2b","article_modified_time":"2025-07-16T13:22:25+00:00","og_image":[{"width":1024,"height":1024,"url":"https:\/\/naturalpoland.com\/wp-content\/uploads\/witamina-b6.webp","type":"image\/webp"}],"schema":{"@context":"https:\/\/schema.org","@graph":[{"@type":"WebPage","@id":"https:\/\/naturalpoland.com\/ko\/je-pum\/ui-yak-pum-won-ryo\/bi-ta-min\/bitamin-b6\/","url":"https:\/\/naturalpoland.com\/ko\/je-pum\/ui-yak-pum-won-ryo\/bi-ta-min\/bitamin-b6\/","name":"\ube44\ud0c0\ubbfc B6 - Hurtowy Dystrybutor","isPartOf":{"@id":"https:\/\/naturalpoland.com\/ko\/#website"},"primaryImageOfPage":{"@id":"https:\/\/naturalpoland.com\/ko\/je-pum\/ui-yak-pum-won-ryo\/bi-ta-min\/bitamin-b6\/#primaryimage"},"image":{"@id":"https:\/\/naturalpoland.com\/ko\/je-pum\/ui-yak-pum-won-ryo\/bi-ta-min\/bitamin-b6\/#primaryimage"},"thumbnailUrl":"https:\/\/naturalpoland.com\/wp-content\/uploads\/witamina-b6.webp","datePublished":"2025-04-15T08:21:31+00:00","dateModified":"2025-07-16T13:22:25+00:00","description":"\ube44\ud0c0\ubbfc B6 (\ud53c\ub9ac\ub3c5\uc2e0 \uc5fc\uc0b0\uc5fc)\ub294 \uc2e0\uccb4\uc758 \uc801\uc808\ud55c \uae30\ub2a5\uc5d0 \ud544\uc218\uc801\uc778 \ud65c\uc131 \ubb3c\uc9c8\uc785\ub2c8\ub2e4.","breadcrumb":{"@id":"https:\/\/naturalpoland.com\/ko\/je-pum\/ui-yak-pum-won-ryo\/bi-ta-min\/bitamin-b6\/#breadcrumb"},"inLanguage":"ko-KR","potentialAction":[{"@type":"ReadAction","target":["https:\/\/naturalpoland.com\/ko\/je-pum\/ui-yak-pum-won-ryo\/bi-ta-min\/bitamin-b6\/"]}]},{"@type":"ImageObject","inLanguage":"ko-KR","@id":"https:\/\/naturalpoland.com\/ko\/je-pum\/ui-yak-pum-won-ryo\/bi-ta-min\/bitamin-b6\/#primaryimage","url":"https:\/\/naturalpoland.com\/wp-content\/uploads\/witamina-b6.webp","contentUrl":"https:\/\/naturalpoland.com\/wp-content\/uploads\/witamina-b6.webp","width":1024,"height":1024,"caption":"Witamina B6"},{"@type":"BreadcrumbList","@id":"https:\/\/naturalpoland.com\/ko\/je-pum\/ui-yak-pum-won-ryo\/bi-ta-min\/bitamin-b6\/#breadcrumb","itemListElement":[{"@type":"ListItem","position":1,"name":"\ud648","item":"https:\/\/naturalpoland.com\/ko\/"},{"@type":"ListItem","position":2,"name":"\uc81c\ud488","item":"https:\/\/naturalpoland.com\/ko\/%ec%a0%9c%ed%92%88\/"},{"@type":"ListItem","position":3,"name":"\ube44\ud0c0\ubbfc B6"}]},{"@type":"WebSite","@id":"https:\/\/naturalpoland.com\/ko\/#website","url":"https:\/\/naturalpoland.com\/ko\/","name":"NATURAL POLAND - Hurtowy Dystrybutor Surowc\u00f3w","description":"Surowce dla przemys\u0142u spo\u017cywczego, kosmetycznego i farmaceutycznego","publisher":{"@id":"https:\/\/naturalpoland.com\/ko\/#organization"},"potentialAction":[{"@type":"SearchAction","target":{"@type":"EntryPoint","urlTemplate":"https:\/\/naturalpoland.com\/ko\/?s={search_term_string}"},"query-input":{"@type":"PropertyValueSpecification","valueRequired":true,"valueName":"search_term_string"}}],"inLanguage":"ko-KR"},{"@type":"Organization","@id":"https:\/\/naturalpoland.com\/ko\/#organization","name":"Natural Poland","url":"https:\/\/naturalpoland.com\/ko\/","logo":{"@type":"ImageObject","inLanguage":"ko-KR","@id":"https:\/\/naturalpoland.com\/ko\/#\/schema\/logo\/image\/","url":"https:\/\/naturalpoland.com\/wp-content\/uploads\/2021\/05\/natural-poland-icon.png","contentUrl":"https:\/\/naturalpoland.com\/wp-content\/uploads\/2021\/05\/natural-poland-icon.png","width":512,"height":512,"caption":"Natural Poland"},"image":{"@id":"https:\/\/naturalpoland.com\/ko\/#\/schema\/logo\/image\/"},"sameAs":["https:\/\/www.facebook.com\/naturalpoland.b2b","https:\/\/pl.linkedin.com\/company\/natural-poland","https:\/\/www.youtube.com\/channel\/UCgeGGkvOMahZo-xu_MSEWxg"]}]}},"_links":{"self":[{"href":"https:\/\/naturalpoland.com\/ko\/wp-json\/wp\/v2\/product\/42029","targetHints":{"allow":["GET"]}}],"collection":[{"href":"https:\/\/naturalpoland.com\/ko\/wp-json\/wp\/v2\/product"}],"about":[{"href":"https:\/\/naturalpoland.com\/ko\/wp-json\/wp\/v2\/types\/product"}],"wp:featuredmedia":[{"embeddable":true,"href":"https:\/\/naturalpoland.com\/ko\/wp-json\/wp\/v2\/media\/42030"}],"wp:attachment":[{"href":"https:\/\/naturalpoland.com\/ko\/wp-json\/wp\/v2\/media?parent=42029"}],"wp:term":[{"taxonomy":"product_brand","embeddable":true,"href":"https:\/\/naturalpoland.com\/ko\/wp-json\/wp\/v2\/product_brand?post=42029"},{"taxonomy":"product_cat","embeddable":true,"href":"https:\/\/naturalpoland.com\/ko\/wp-json\/wp\/v2\/product_cat?post=42029"},{"taxonomy":"product_tag","embeddable":true,"href":"https:\/\/naturalpoland.com\/ko\/wp-json\/wp\/v2\/product_tag?post=42029"}],"curies":[{"name":"wp","href":"https:\/\/api.w.org\/{rel}","templated":true}]}}