{"id":42031,"date":"2025-01-27T14:14:32","date_gmt":"2025-01-27T13:14:32","guid":{"rendered":"https:\/\/naturalpoland.com\/produkty\/uncategorized\/%eb%b2%a4%ed%8f%ac%ed%8b%b0%ec%95%84%eb%af%bc\/"},"modified":"2025-07-16T15:22:37","modified_gmt":"2025-07-16T13:22:37","slug":"benpotiamin","status":"publish","type":"product","link":"https:\/\/naturalpoland.com\/ko\/je-pum\/ui-yak-pum-won-ryo\/bi-ta-min\/benpotiamin\/","title":{"rendered":"\ubca4\ud3ec\ud2f0\uc544\ubbfc"},"content":{"rendered":"<h2>\ubca4\ud3ec\ud2f0\uc544\ubbfc\uc758 \uac74\uac15 \ud6a8\ub2a5<\/h2>\n<p>\ubca4\ud3ec\ud2f0\uc544\ubbfc\uc740 \uc2e0\uacbd \uc138\ud3ec\uc758 \uc2e0\uc9c4\ub300\uc0ac\ub97c \uc9c0\uc6d0\ud558\uc5ec \uc2e0\uacbd\uacc4\ub97c \uc190\uc0c1\uc73c\ub85c\ubd80\ud130 \ubcf4\ud638\ud558\ub294 \ub370 \uae30\uc5ec\ud569\ub2c8\ub2e4. \uc5d0\ub108\uc9c0 \ub300\uc0ac\uc5d0 \uad00\uc5ec\ud558\ub294 \ud6a8\uc18c(\uc608: \ud53c\ub8e8\ube0c\uc0b0 \ud0c8\uc218\uc18c\ud6a8\uc18c)\ub97c \ud65c\uc131\ud654\ud558\uc5ec \ud3ec\ub3c4\ub2f9\uc744 \ubd84\ud574\ud558\uace0 \uc138\ud3ec\uc5d0\uc11c \uc5d0\ub108\uc9c0\ub97c \uc0dd\uc131\ud558\ub294 \ub370 \ub3c4\uc6c0\uc744 \uc90d\ub2c8\ub2e4. \uc774 \uc81c\ud488\uc740 \uccb4\ub0b4 \uacfc\ub3c4\ud55c \ud3ec\ub3c4\ub2f9\uc758 \uc601\ud5a5\uc744 \uc904\uc774\ub294 \ub370 \ub9e4\uc6b0 \ud6a8\uacfc\uc801\uc774\uba70, \uc774\ub294 \ub2f9\ub1e8\ubcd1 \uce58\ub8cc \ubc0f \uc608\ubc29\uc5d0 \ub3c4\uc6c0\uc774 \ub429\ub2c8\ub2e4.<\/p>\n<p>\ubca4\ud3ec\ud2f0\uc544\ubbfc\uc740 \ud56d\uc0b0\ud654 \ud2b9\uc131 \ub355\ubd84\uc5d0 \uc0b0\ud654 \uc2a4\ud2b8\ub808\uc2a4\ub85c\ubd80\ud130 \uc2e0\uccb4\ub97c \ubcf4\ud638\ud558\uc5ec \uc790\uc720 \ub77c\ub514\uce7c\uc5d0 \uc758\ud55c \uc138\ud3ec \uc190\uc0c1 \uc704\ud5d8\uc744 \uc904\uc785\ub2c8\ub2e4. \ub610\ud55c \ud56d\uc5fc\uc99d \uc791\uc6a9\uc744 \ubcf4\uc5ec \ub2f9\ub1e8\ubcd1\uc131 \ub9dd\ub9c9\ubcd1\uc99d, \uc2e0\uc7a5\ubcd1\uc99d \ub610\ub294 \uc2e0\uacbd\ubcd1\uc99d\uacfc \uac19\uc740 \ub9cc\uc131 \uc9c8\ud658 \uce58\ub8cc\uc5d0 \uc911\uc694\ud569\ub2c8\ub2e4. \uc5f0\uad6c\uc5d0 \ub530\ub974\uba74 \ubca4\ud3ec\ud2f0\uc544\ubbfc \ubcf4\ucda9\uc81c\ub294 \uc2ec\uc7a5 \uac74\uac15\uc744 \uc9c0\uc6d0\ud558\uace0, \uc8fd\uc0c1\ub3d9\ub9e5\uacbd\ud654\uc99d \uc704\ud5d8\uc744 \ub0ae\ucd94\uba70, \uc778\uc9c0 \uae30\ub2a5\uc744 \ud5a5\uc0c1\uc2dc\ud0b5\ub2c8\ub2e4.<\/p>\n<h2>\ubca4\ud3ec\ud2f0\uc544\ubbfc\uc758 \uc6a9\ub3c4<\/h2>\n<p>\ubca4\ud3ec\ud2f0\uc544\ubbfc\uc740 \ub2f9\ub1e8\ubcd1\uc131 \uc2e0\uacbd\ubcd1\uc99d, \ub300\uc0ac \uc99d\ud6c4\uad70 \ubc0f \uc2e0\uacbd\uacc4 \uc9c8\ud658\uc73c\ub85c \uace0\ud1b5\ubc1b\ub294 \uc0ac\ub78c\ub4e4\uc758 \uc2dd\ub2e8 \ubcf4\ucda9\uc5d0 \uad8c\uc7a5\ub429\ub2c8\ub2e4. \ub610\ud55c \ud22c\uc11d \ud658\uc790, \uc2a4\ud2b8\ub808\uc2a4\uc5d0 \uc2dc\ub2ec\ub9ac\ub294 \uc0ac\ub78c, \uc800\uce7c\ub85c\ub9ac \uc2dd\ub2e8\uc744 \ub530\ub974\ub294 \uc0ac\ub78c\ub4e4\uc758 \ud2f0\uc544\ubbfc \uacb0\ud54d\uc744 \ubcf4\ucda9\ud558\ub294 \ub370 \ud6a8\uacfc\uc801\uc785\ub2c8\ub2e4. \uc8fd\uc0c1\ub3d9\ub9e5\uacbd\ud654\uc99d \uc608\ubc29 \ubc0f \uacfc\ub3c4\ud55c \ud3ec\ub3c4\ub2f9\uc758 \uc720\ud574\ud55c \uc601\ud5a5\uc73c\ub85c\ubd80\ud130 \uc2e0\uc7a5\uc744 \ubcf4\ud638\ud558\ub294 \ub370\ub3c4 \uc0ac\uc6a9\ub429\ub2c8\ub2e4.<\/p>\n","protected":false},"excerpt":{"rendered":"<p>\ubca4\ud3ec\ud2f0\uc544\ubbfc\uc740 \ud2f0\uc544\ubbfc(<a href=\"https:\/\/naturalpoland.com\/ko\/je-pum\/ui-yak-pum-won-ryo\/bi-ta-min\/%eb%b9%84%ed%83%80%eb%af%bc-b1\/\"><strong>\ube44\ud0c0\ubbfc B1<\/strong><\/a>)\uc758 \ud569\uc131 \uc720\ub3c4\uccb4\uc785\ub2c8\ub2e4. \uc0dd\uccb4 \uc774\uc6a9\ub960\uc774 \ub192\uace0 \uc9c0\uc6a9\uc131\uc778 \uc81c\ud488\uc785\ub2c8\ub2e4. \uc2e0\uacbd\uacc4\uc640 \uc21c\ud658\uacc4\uc5d0 \uc720\uc775\ud55c \uc601\ud5a5\uc744 \ubbf8\uce69\ub2c8\ub2e4.<\/p>\n","protected":false},"featured_media":42032,"template":"","meta":{"_acf_changed":false},"product_brand":[],"product_cat":[8145],"product_tag":[],"class_list":{"0":"post-42031","1":"product","2":"type-product","3":"status-publish","4":"has-post-thumbnail","6":"product_cat-bi-ta-min","8":"first","9":"instock","10":"shipping-taxable","11":"product-type-simple"},"acf":[],"yoast_head":"<!-- This site is optimized with the Yoast SEO plugin v27.4 - https:\/\/yoast.com\/product\/yoast-seo-wordpress\/ -->\n<title>\ubca4\ud3ec\ud2f0\uc544\ubbfc - \uc6d0\uc790\uc7ac \ub3c4\ub9e4 \uc720\ud1b5\uc5c5\uccb4<\/title>\n<meta name=\"description\" content=\"\ubca4\ud3ec\ud2f0\uc544\ubbfc\uc740 \uc2e0\uc9c4\ub300\uc0ac, \uc2e0\uacbd\uacc4 \ubc0f \uc21c\ud658\uacc4 \uac74\uac15\uc744 \uc9c0\uc6d0\ud558\ub294 \uace0\uae09 \ubcf4\ucda9\uc81c\uc785\ub2c8\ub2e4. \ud2f0\uc544\ubbfc(\ube44\ud0c0\ubbfc B1)\uc758 \ud569\uc131 \uc720\ub3c4\uccb4\uc785\ub2c8\ub2e4.\" \/>\n<meta name=\"robots\" content=\"index, follow, max-snippet:-1, max-image-preview:large, max-video-preview:-1\" \/>\n<link rel=\"canonical\" href=\"https:\/\/naturalpoland.com\/ko\/je-pum\/ui-yak-pum-won-ryo\/bi-ta-min\/benpotiamin\/\" \/>\n<meta property=\"og:locale\" content=\"ko_KR\" \/>\n<meta property=\"og:type\" content=\"article\" \/>\n<meta property=\"og:title\" content=\"\ubca4\ud3ec\ud2f0\uc544\ubbfc - \uc6d0\uc790\uc7ac \ub3c4\ub9e4 \uc720\ud1b5\uc5c5\uccb4\" \/>\n<meta property=\"og:description\" content=\"\ubca4\ud3ec\ud2f0\uc544\ubbfc\uc740 \uc2e0\uc9c4\ub300\uc0ac, \uc2e0\uacbd\uacc4 \ubc0f \uc21c\ud658\uacc4 \uac74\uac15\uc744 \uc9c0\uc6d0\ud558\ub294 \uace0\uae09 \ubcf4\ucda9\uc81c\uc785\ub2c8\ub2e4. \ud2f0\uc544\ubbfc(\ube44\ud0c0\ubbfc B1)\uc758 \ud569\uc131 \uc720\ub3c4\uccb4\uc785\ub2c8\ub2e4.\" \/>\n<meta property=\"og:url\" content=\"https:\/\/naturalpoland.com\/ko\/je-pum\/ui-yak-pum-won-ryo\/bi-ta-min\/benpotiamin\/\" \/>\n<meta property=\"og:site_name\" content=\"NATURAL POLAND - Hurtowy Dystrybutor Surowc\u00f3w\" \/>\n<meta property=\"article:publisher\" content=\"https:\/\/www.facebook.com\/naturalpoland.b2b\" \/>\n<meta property=\"article:modified_time\" content=\"2025-07-16T13:22:37+00:00\" \/>\n<meta property=\"og:image\" content=\"https:\/\/naturalpoland.com\/wp-content\/uploads\/benfotiamina.webp\" \/>\n\t<meta property=\"og:image:width\" content=\"590\" \/>\n\t<meta property=\"og:image:height\" content=\"590\" \/>\n\t<meta property=\"og:image:type\" content=\"image\/webp\" \/>\n<script type=\"application\/ld+json\" class=\"yoast-schema-graph\">{\"@context\":\"https:\\\/\\\/schema.org\",\"@graph\":[{\"@type\":\"WebPage\",\"@id\":\"https:\\\/\\\/naturalpoland.com\\\/ko\\\/je-pum\\\/ui-yak-pum-won-ryo\\\/bi-ta-min\\\/benpotiamin\\\/\",\"url\":\"https:\\\/\\\/naturalpoland.com\\\/ko\\\/je-pum\\\/ui-yak-pum-won-ryo\\\/bi-ta-min\\\/benpotiamin\\\/\",\"name\":\"\ubca4\ud3ec\ud2f0\uc544\ubbfc - \uc6d0\uc790\uc7ac \ub3c4\ub9e4 \uc720\ud1b5\uc5c5\uccb4\",\"isPartOf\":{\"@id\":\"https:\\\/\\\/naturalpoland.com\\\/ko\\\/#website\"},\"primaryImageOfPage\":{\"@id\":\"https:\\\/\\\/naturalpoland.com\\\/ko\\\/je-pum\\\/ui-yak-pum-won-ryo\\\/bi-ta-min\\\/benpotiamin\\\/#primaryimage\"},\"image\":{\"@id\":\"https:\\\/\\\/naturalpoland.com\\\/ko\\\/je-pum\\\/ui-yak-pum-won-ryo\\\/bi-ta-min\\\/benpotiamin\\\/#primaryimage\"},\"thumbnailUrl\":\"https:\\\/\\\/naturalpoland.com\\\/wp-content\\\/uploads\\\/benfotiamina.webp\",\"datePublished\":\"2025-01-27T13:14:32+00:00\",\"dateModified\":\"2025-07-16T13:22:37+00:00\",\"description\":\"\ubca4\ud3ec\ud2f0\uc544\ubbfc\uc740 \uc2e0\uc9c4\ub300\uc0ac, \uc2e0\uacbd\uacc4 \ubc0f \uc21c\ud658\uacc4 \uac74\uac15\uc744 \uc9c0\uc6d0\ud558\ub294 \uace0\uae09 \ubcf4\ucda9\uc81c\uc785\ub2c8\ub2e4. \ud2f0\uc544\ubbfc(\ube44\ud0c0\ubbfc B1)\uc758 \ud569\uc131 \uc720\ub3c4\uccb4\uc785\ub2c8\ub2e4.\",\"breadcrumb\":{\"@id\":\"https:\\\/\\\/naturalpoland.com\\\/ko\\\/je-pum\\\/ui-yak-pum-won-ryo\\\/bi-ta-min\\\/benpotiamin\\\/#breadcrumb\"},\"inLanguage\":\"ko-KR\",\"potentialAction\":[{\"@type\":\"ReadAction\",\"target\":[\"https:\\\/\\\/naturalpoland.com\\\/ko\\\/je-pum\\\/ui-yak-pum-won-ryo\\\/bi-ta-min\\\/benpotiamin\\\/\"]}]},{\"@type\":\"ImageObject\",\"inLanguage\":\"ko-KR\",\"@id\":\"https:\\\/\\\/naturalpoland.com\\\/ko\\\/je-pum\\\/ui-yak-pum-won-ryo\\\/bi-ta-min\\\/benpotiamin\\\/#primaryimage\",\"url\":\"https:\\\/\\\/naturalpoland.com\\\/wp-content\\\/uploads\\\/benfotiamina.webp\",\"contentUrl\":\"https:\\\/\\\/naturalpoland.com\\\/wp-content\\\/uploads\\\/benfotiamina.webp\",\"width\":590,\"height\":590,\"caption\":\"benfotiamina\"},{\"@type\":\"BreadcrumbList\",\"@id\":\"https:\\\/\\\/naturalpoland.com\\\/ko\\\/je-pum\\\/ui-yak-pum-won-ryo\\\/bi-ta-min\\\/benpotiamin\\\/#breadcrumb\",\"itemListElement\":[{\"@type\":\"ListItem\",\"position\":1,\"name\":\"\ud648\",\"item\":\"https:\\\/\\\/naturalpoland.com\\\/ko\\\/\"},{\"@type\":\"ListItem\",\"position\":2,\"name\":\"\uc81c\ud488\",\"item\":\"https:\\\/\\\/naturalpoland.com\\\/ko\\\/%ec%a0%9c%ed%92%88\\\/\"},{\"@type\":\"ListItem\",\"position\":3,\"name\":\"\ubca4\ud3ec\ud2f0\uc544\ubbfc\"}]},{\"@type\":\"WebSite\",\"@id\":\"https:\\\/\\\/naturalpoland.com\\\/ko\\\/#website\",\"url\":\"https:\\\/\\\/naturalpoland.com\\\/ko\\\/\",\"name\":\"NATURAL POLAND - Hurtowy Dystrybutor Surowc\u00f3w\",\"description\":\"Surowce dla przemys\u0142u spo\u017cywczego, kosmetycznego i farmaceutycznego\",\"publisher\":{\"@id\":\"https:\\\/\\\/naturalpoland.com\\\/ko\\\/#organization\"},\"potentialAction\":[{\"@type\":\"SearchAction\",\"target\":{\"@type\":\"EntryPoint\",\"urlTemplate\":\"https:\\\/\\\/naturalpoland.com\\\/ko\\\/?s={search_term_string}\"},\"query-input\":{\"@type\":\"PropertyValueSpecification\",\"valueRequired\":true,\"valueName\":\"search_term_string\"}}],\"inLanguage\":\"ko-KR\"},{\"@type\":\"Organization\",\"@id\":\"https:\\\/\\\/naturalpoland.com\\\/ko\\\/#organization\",\"name\":\"Natural Poland\",\"url\":\"https:\\\/\\\/naturalpoland.com\\\/ko\\\/\",\"logo\":{\"@type\":\"ImageObject\",\"inLanguage\":\"ko-KR\",\"@id\":\"https:\\\/\\\/naturalpoland.com\\\/ko\\\/#\\\/schema\\\/logo\\\/image\\\/\",\"url\":\"https:\\\/\\\/naturalpoland.com\\\/wp-content\\\/uploads\\\/2021\\\/05\\\/natural-poland-icon.png\",\"contentUrl\":\"https:\\\/\\\/naturalpoland.com\\\/wp-content\\\/uploads\\\/2021\\\/05\\\/natural-poland-icon.png\",\"width\":512,\"height\":512,\"caption\":\"Natural Poland\"},\"image\":{\"@id\":\"https:\\\/\\\/naturalpoland.com\\\/ko\\\/#\\\/schema\\\/logo\\\/image\\\/\"},\"sameAs\":[\"https:\\\/\\\/www.facebook.com\\\/naturalpoland.b2b\",\"https:\\\/\\\/pl.linkedin.com\\\/company\\\/natural-poland\",\"https:\\\/\\\/www.youtube.com\\\/channel\\\/UCgeGGkvOMahZo-xu_MSEWxg\"]}]}<\/script>\n<!-- \/ Yoast SEO plugin. -->","yoast_head_json":{"title":"\ubca4\ud3ec\ud2f0\uc544\ubbfc - \uc6d0\uc790\uc7ac \ub3c4\ub9e4 \uc720\ud1b5\uc5c5\uccb4","description":"\ubca4\ud3ec\ud2f0\uc544\ubbfc\uc740 \uc2e0\uc9c4\ub300\uc0ac, \uc2e0\uacbd\uacc4 \ubc0f \uc21c\ud658\uacc4 \uac74\uac15\uc744 \uc9c0\uc6d0\ud558\ub294 \uace0\uae09 \ubcf4\ucda9\uc81c\uc785\ub2c8\ub2e4. \ud2f0\uc544\ubbfc(\ube44\ud0c0\ubbfc B1)\uc758 \ud569\uc131 \uc720\ub3c4\uccb4\uc785\ub2c8\ub2e4.","robots":{"index":"index","follow":"follow","max-snippet":"max-snippet:-1","max-image-preview":"max-image-preview:large","max-video-preview":"max-video-preview:-1"},"canonical":"https:\/\/naturalpoland.com\/ko\/je-pum\/ui-yak-pum-won-ryo\/bi-ta-min\/benpotiamin\/","og_locale":"ko_KR","og_type":"article","og_title":"\ubca4\ud3ec\ud2f0\uc544\ubbfc - \uc6d0\uc790\uc7ac \ub3c4\ub9e4 \uc720\ud1b5\uc5c5\uccb4","og_description":"\ubca4\ud3ec\ud2f0\uc544\ubbfc\uc740 \uc2e0\uc9c4\ub300\uc0ac, \uc2e0\uacbd\uacc4 \ubc0f \uc21c\ud658\uacc4 \uac74\uac15\uc744 \uc9c0\uc6d0\ud558\ub294 \uace0\uae09 \ubcf4\ucda9\uc81c\uc785\ub2c8\ub2e4. \ud2f0\uc544\ubbfc(\ube44\ud0c0\ubbfc B1)\uc758 \ud569\uc131 \uc720\ub3c4\uccb4\uc785\ub2c8\ub2e4.","og_url":"https:\/\/naturalpoland.com\/ko\/je-pum\/ui-yak-pum-won-ryo\/bi-ta-min\/benpotiamin\/","og_site_name":"NATURAL POLAND - Hurtowy Dystrybutor Surowc\u00f3w","article_publisher":"https:\/\/www.facebook.com\/naturalpoland.b2b","article_modified_time":"2025-07-16T13:22:37+00:00","og_image":[{"width":590,"height":590,"url":"https:\/\/naturalpoland.com\/wp-content\/uploads\/benfotiamina.webp","type":"image\/webp"}],"schema":{"@context":"https:\/\/schema.org","@graph":[{"@type":"WebPage","@id":"https:\/\/naturalpoland.com\/ko\/je-pum\/ui-yak-pum-won-ryo\/bi-ta-min\/benpotiamin\/","url":"https:\/\/naturalpoland.com\/ko\/je-pum\/ui-yak-pum-won-ryo\/bi-ta-min\/benpotiamin\/","name":"\ubca4\ud3ec\ud2f0\uc544\ubbfc - \uc6d0\uc790\uc7ac \ub3c4\ub9e4 \uc720\ud1b5\uc5c5\uccb4","isPartOf":{"@id":"https:\/\/naturalpoland.com\/ko\/#website"},"primaryImageOfPage":{"@id":"https:\/\/naturalpoland.com\/ko\/je-pum\/ui-yak-pum-won-ryo\/bi-ta-min\/benpotiamin\/#primaryimage"},"image":{"@id":"https:\/\/naturalpoland.com\/ko\/je-pum\/ui-yak-pum-won-ryo\/bi-ta-min\/benpotiamin\/#primaryimage"},"thumbnailUrl":"https:\/\/naturalpoland.com\/wp-content\/uploads\/benfotiamina.webp","datePublished":"2025-01-27T13:14:32+00:00","dateModified":"2025-07-16T13:22:37+00:00","description":"\ubca4\ud3ec\ud2f0\uc544\ubbfc\uc740 \uc2e0\uc9c4\ub300\uc0ac, \uc2e0\uacbd\uacc4 \ubc0f \uc21c\ud658\uacc4 \uac74\uac15\uc744 \uc9c0\uc6d0\ud558\ub294 \uace0\uae09 \ubcf4\ucda9\uc81c\uc785\ub2c8\ub2e4. \ud2f0\uc544\ubbfc(\ube44\ud0c0\ubbfc B1)\uc758 \ud569\uc131 \uc720\ub3c4\uccb4\uc785\ub2c8\ub2e4.","breadcrumb":{"@id":"https:\/\/naturalpoland.com\/ko\/je-pum\/ui-yak-pum-won-ryo\/bi-ta-min\/benpotiamin\/#breadcrumb"},"inLanguage":"ko-KR","potentialAction":[{"@type":"ReadAction","target":["https:\/\/naturalpoland.com\/ko\/je-pum\/ui-yak-pum-won-ryo\/bi-ta-min\/benpotiamin\/"]}]},{"@type":"ImageObject","inLanguage":"ko-KR","@id":"https:\/\/naturalpoland.com\/ko\/je-pum\/ui-yak-pum-won-ryo\/bi-ta-min\/benpotiamin\/#primaryimage","url":"https:\/\/naturalpoland.com\/wp-content\/uploads\/benfotiamina.webp","contentUrl":"https:\/\/naturalpoland.com\/wp-content\/uploads\/benfotiamina.webp","width":590,"height":590,"caption":"benfotiamina"},{"@type":"BreadcrumbList","@id":"https:\/\/naturalpoland.com\/ko\/je-pum\/ui-yak-pum-won-ryo\/bi-ta-min\/benpotiamin\/#breadcrumb","itemListElement":[{"@type":"ListItem","position":1,"name":"\ud648","item":"https:\/\/naturalpoland.com\/ko\/"},{"@type":"ListItem","position":2,"name":"\uc81c\ud488","item":"https:\/\/naturalpoland.com\/ko\/%ec%a0%9c%ed%92%88\/"},{"@type":"ListItem","position":3,"name":"\ubca4\ud3ec\ud2f0\uc544\ubbfc"}]},{"@type":"WebSite","@id":"https:\/\/naturalpoland.com\/ko\/#website","url":"https:\/\/naturalpoland.com\/ko\/","name":"NATURAL POLAND - Hurtowy Dystrybutor Surowc\u00f3w","description":"Surowce dla przemys\u0142u spo\u017cywczego, kosmetycznego i farmaceutycznego","publisher":{"@id":"https:\/\/naturalpoland.com\/ko\/#organization"},"potentialAction":[{"@type":"SearchAction","target":{"@type":"EntryPoint","urlTemplate":"https:\/\/naturalpoland.com\/ko\/?s={search_term_string}"},"query-input":{"@type":"PropertyValueSpecification","valueRequired":true,"valueName":"search_term_string"}}],"inLanguage":"ko-KR"},{"@type":"Organization","@id":"https:\/\/naturalpoland.com\/ko\/#organization","name":"Natural Poland","url":"https:\/\/naturalpoland.com\/ko\/","logo":{"@type":"ImageObject","inLanguage":"ko-KR","@id":"https:\/\/naturalpoland.com\/ko\/#\/schema\/logo\/image\/","url":"https:\/\/naturalpoland.com\/wp-content\/uploads\/2021\/05\/natural-poland-icon.png","contentUrl":"https:\/\/naturalpoland.com\/wp-content\/uploads\/2021\/05\/natural-poland-icon.png","width":512,"height":512,"caption":"Natural Poland"},"image":{"@id":"https:\/\/naturalpoland.com\/ko\/#\/schema\/logo\/image\/"},"sameAs":["https:\/\/www.facebook.com\/naturalpoland.b2b","https:\/\/pl.linkedin.com\/company\/natural-poland","https:\/\/www.youtube.com\/channel\/UCgeGGkvOMahZo-xu_MSEWxg"]}]}},"_links":{"self":[{"href":"https:\/\/naturalpoland.com\/ko\/wp-json\/wp\/v2\/product\/42031","targetHints":{"allow":["GET"]}}],"collection":[{"href":"https:\/\/naturalpoland.com\/ko\/wp-json\/wp\/v2\/product"}],"about":[{"href":"https:\/\/naturalpoland.com\/ko\/wp-json\/wp\/v2\/types\/product"}],"wp:featuredmedia":[{"embeddable":true,"href":"https:\/\/naturalpoland.com\/ko\/wp-json\/wp\/v2\/media\/42032"}],"wp:attachment":[{"href":"https:\/\/naturalpoland.com\/ko\/wp-json\/wp\/v2\/media?parent=42031"}],"wp:term":[{"taxonomy":"product_brand","embeddable":true,"href":"https:\/\/naturalpoland.com\/ko\/wp-json\/wp\/v2\/product_brand?post=42031"},{"taxonomy":"product_cat","embeddable":true,"href":"https:\/\/naturalpoland.com\/ko\/wp-json\/wp\/v2\/product_cat?post=42031"},{"taxonomy":"product_tag","embeddable":true,"href":"https:\/\/naturalpoland.com\/ko\/wp-json\/wp\/v2\/product_tag?post=42031"}],"curies":[{"name":"wp","href":"https:\/\/api.w.org\/{rel}","templated":true}]}}