{"id":42033,"date":"2021-05-11T13:42:57","date_gmt":"2021-05-11T11:42:57","guid":{"rendered":"https:\/\/naturalpoland.com\/produkty\/uncategorized\/%eb%b8%94%eb%9e%99-%ed%81%b4%eb%a0%88%ec%9d%b4\/"},"modified":"2025-07-17T13:09:34","modified_gmt":"2025-07-17T11:09:34","slug":"beullaek-keullei","status":"publish","type":"product","link":"https:\/\/naturalpoland.com\/ko\/je-pum\/hwa-jang-pum-won-ryo\/cheon-yeon-jeom-to\/beullaek-keullei\/","title":{"rendered":"\ube14\ub799 \ud074\ub808\uc774"},"content":{"rendered":"<p>\ube14\ub799 \ud074\ub808\uc774\ub294 \ubaa8\ub4e0 \ud53c\ubd80 \ud0c0\uc785\uc5d0 \uc0ac\uc6a9\ud560 \uc218 \uc788\uc9c0\ub9cc, \ud2b9\ud788 \uc131\uac00\uc2dc\uace0 \uc7ac\ubc1c\ud558\ub294 \ube14\ub799\ud5e4\ub4dc\uc640 \uc5ec\ub4dc\ub984\uc5d0 \uc0ac\uc6a9\ud558\ub294 \uac83\uc774 \uc88b\uc2b5\ub2c8\ub2e4. \ud074\ub808\uc774 \ub9c8\uc2a4\ud06c\ub294 \uc774\ub7ec\ud55c \ubb38\uc81c\uc758 \uac00\uc2dc\uc131\uc744 \uc904\uc774\ub294 \ub370 \uc0ac\uc6a9\ud560 \uc218 \uc788\uc2b5\ub2c8\ub2e4. \ud074\ub808\uc774\ub294 \ub354 \ubcf5\uc7a1\ud55c \ud654\uc7a5\ud488 \ubc0f \ud53c\ubd80, \ubaa8\ubc1c \uad00\ub9ac \uc81c\ud488\uc758 \uc131\ubd84\uc73c\ub85c \ud65c\uc6a9\ud560 \uac00\uce58\uac00 \uc788\uc2b5\ub2c8\ub2e4.<\/p>\n","protected":false},"excerpt":{"rendered":"<p>\ube14\ub799 \ud074\ub808\uc774\ub294 \uc9c0\uc131 \ubc0f \ud2b8\ub7ec\ube14\uc131 \ud53c\ubd80 \uad00\ub9ac\uc5d0 \ud2b9\ud788 \ud6a8\uacfc\uc801\uc785\ub2c8\ub2e4. \uadf8 \uc5ed\ud560\uc740 \ud53c\ubd80\ub97c \uae4a\uc774 \uc815\ud654\ud558\uace0 \ud53c\uc9c0 \uc0dd\uc131\uc744 \uc904\uc774\ub294 \uac83\uc785\ub2c8\ub2e4. \ube14\ub799 \ud074\ub808\uc774\ub294 \ubaa8\uacf5\uc744 \uae68\ub057\ud558\uac8c \ud558\uace0, \ubaa8\uacf5 \ud06c\uae30\ub97c \uc904\uc774\uba70, \ube14\ub799\ud5e4\ub4dc\ub97c \uc81c\uac70\ud558\uace0 \ud53c\uc9c0\ub97c \ud761\uc218\ud569\ub2c8\ub2e4. \ub610\ud55c \ud1a0\ub2dd, \ud0c4\ub825 \uc99d\uc9c4 \ubc0f \uc218\ub834 \ud6a8\uacfc\ub3c4 \uc788\uc2b5\ub2c8\ub2e4.<\/p>\n","protected":false},"featured_media":42034,"template":"","meta":{"_acf_changed":false},"product_brand":[],"product_cat":[8149],"product_tag":[8531],"class_list":{"0":"post-42033","1":"product","2":"type-product","3":"status-publish","4":"has-post-thumbnail","6":"product_cat-cheon-yeon-jeom-to","7":"product_tag-8531","9":"first","10":"instock","11":"shipping-taxable","12":"product-type-simple"},"acf":[],"yoast_head":"<!-- This site is optimized with the Yoast SEO plugin v27.4 - https:\/\/yoast.com\/product\/yoast-seo-wordpress\/ -->\n<title>\ube14\ub799 \ud074\ub808\uc774 - Hurtowy Dystrybutor<\/title>\n<meta name=\"robots\" content=\"index, follow, max-snippet:-1, max-image-preview:large, max-video-preview:-1\" \/>\n<link rel=\"canonical\" href=\"https:\/\/naturalpoland.com\/ko\/je-pum\/hwa-jang-pum-won-ryo\/cheon-yeon-jeom-to\/beullaek-keullei\/\" \/>\n<meta property=\"og:locale\" content=\"ko_KR\" \/>\n<meta property=\"og:type\" content=\"article\" \/>\n<meta property=\"og:title\" content=\"\ube14\ub799 \ud074\ub808\uc774 - Hurtowy Dystrybutor\" \/>\n<meta property=\"og:description\" content=\"\ube14\ub799 \ud074\ub808\uc774\ub294 \uc9c0\uc131 \ubc0f \ud2b8\ub7ec\ube14\uc131 \ud53c\ubd80 \uad00\ub9ac\uc5d0 \ud2b9\ud788 \ud6a8\uacfc\uc801\uc785\ub2c8\ub2e4. \uadf8 \uc5ed\ud560\uc740 \ud53c\ubd80\ub97c \uae4a\uc774 \uc815\ud654\ud558\uace0 \ud53c\uc9c0 \uc0dd\uc131\uc744 \uc904\uc774\ub294 \uac83\uc785\ub2c8\ub2e4. \ube14\ub799 \ud074\ub808\uc774\ub294 \ubaa8\uacf5\uc744 \uae68\ub057\ud558\uac8c \ud558\uace0, \ubaa8\uacf5 \ud06c\uae30\ub97c \uc904\uc774\uba70, \ube14\ub799\ud5e4\ub4dc\ub97c \uc81c\uac70\ud558\uace0 \ud53c\uc9c0\ub97c \ud761\uc218\ud569\ub2c8\ub2e4. \ub610\ud55c \ud1a0\ub2dd, \ud0c4\ub825 \uc99d\uc9c4 \ubc0f \uc218\ub834 \ud6a8\uacfc\ub3c4 \uc788\uc2b5\ub2c8\ub2e4.\" \/>\n<meta property=\"og:url\" content=\"https:\/\/naturalpoland.com\/ko\/je-pum\/hwa-jang-pum-won-ryo\/cheon-yeon-jeom-to\/beullaek-keullei\/\" \/>\n<meta property=\"og:site_name\" content=\"NATURAL POLAND - Hurtowy Dystrybutor Surowc\u00f3w\" \/>\n<meta property=\"article:publisher\" content=\"https:\/\/www.facebook.com\/naturalpoland.b2b\" \/>\n<meta property=\"article:modified_time\" content=\"2025-07-17T11:09:34+00:00\" \/>\n<meta property=\"og:image\" content=\"https:\/\/naturalpoland.com\/wp-content\/uploads\/2021\/05\/black-clay.jpg\" \/>\n\t<meta property=\"og:image:width\" content=\"508\" \/>\n\t<meta property=\"og:image:height\" content=\"482\" \/>\n\t<meta property=\"og:image:type\" content=\"image\/jpeg\" \/>\n<script type=\"application\/ld+json\" class=\"yoast-schema-graph\">{\"@context\":\"https:\\\/\\\/schema.org\",\"@graph\":[{\"@type\":\"WebPage\",\"@id\":\"https:\\\/\\\/naturalpoland.com\\\/ko\\\/je-pum\\\/hwa-jang-pum-won-ryo\\\/cheon-yeon-jeom-to\\\/beullaek-keullei\\\/\",\"url\":\"https:\\\/\\\/naturalpoland.com\\\/ko\\\/je-pum\\\/hwa-jang-pum-won-ryo\\\/cheon-yeon-jeom-to\\\/beullaek-keullei\\\/\",\"name\":\"\ube14\ub799 \ud074\ub808\uc774 - Hurtowy Dystrybutor\",\"isPartOf\":{\"@id\":\"https:\\\/\\\/naturalpoland.com\\\/ko\\\/#website\"},\"primaryImageOfPage\":{\"@id\":\"https:\\\/\\\/naturalpoland.com\\\/ko\\\/je-pum\\\/hwa-jang-pum-won-ryo\\\/cheon-yeon-jeom-to\\\/beullaek-keullei\\\/#primaryimage\"},\"image\":{\"@id\":\"https:\\\/\\\/naturalpoland.com\\\/ko\\\/je-pum\\\/hwa-jang-pum-won-ryo\\\/cheon-yeon-jeom-to\\\/beullaek-keullei\\\/#primaryimage\"},\"thumbnailUrl\":\"https:\\\/\\\/naturalpoland.com\\\/wp-content\\\/uploads\\\/2021\\\/05\\\/black-clay.jpg\",\"datePublished\":\"2021-05-11T11:42:57+00:00\",\"dateModified\":\"2025-07-17T11:09:34+00:00\",\"breadcrumb\":{\"@id\":\"https:\\\/\\\/naturalpoland.com\\\/ko\\\/je-pum\\\/hwa-jang-pum-won-ryo\\\/cheon-yeon-jeom-to\\\/beullaek-keullei\\\/#breadcrumb\"},\"inLanguage\":\"ko-KR\",\"potentialAction\":[{\"@type\":\"ReadAction\",\"target\":[\"https:\\\/\\\/naturalpoland.com\\\/ko\\\/je-pum\\\/hwa-jang-pum-won-ryo\\\/cheon-yeon-jeom-to\\\/beullaek-keullei\\\/\"]}]},{\"@type\":\"ImageObject\",\"inLanguage\":\"ko-KR\",\"@id\":\"https:\\\/\\\/naturalpoland.com\\\/ko\\\/je-pum\\\/hwa-jang-pum-won-ryo\\\/cheon-yeon-jeom-to\\\/beullaek-keullei\\\/#primaryimage\",\"url\":\"https:\\\/\\\/naturalpoland.com\\\/wp-content\\\/uploads\\\/2021\\\/05\\\/black-clay.jpg\",\"contentUrl\":\"https:\\\/\\\/naturalpoland.com\\\/wp-content\\\/uploads\\\/2021\\\/05\\\/black-clay.jpg\",\"width\":508,\"height\":482,\"caption\":\"glinka czarna\"},{\"@type\":\"BreadcrumbList\",\"@id\":\"https:\\\/\\\/naturalpoland.com\\\/ko\\\/je-pum\\\/hwa-jang-pum-won-ryo\\\/cheon-yeon-jeom-to\\\/beullaek-keullei\\\/#breadcrumb\",\"itemListElement\":[{\"@type\":\"ListItem\",\"position\":1,\"name\":\"\ud648\",\"item\":\"https:\\\/\\\/naturalpoland.com\\\/ko\\\/\"},{\"@type\":\"ListItem\",\"position\":2,\"name\":\"\uc81c\ud488\",\"item\":\"https:\\\/\\\/naturalpoland.com\\\/ko\\\/%ec%a0%9c%ed%92%88\\\/\"},{\"@type\":\"ListItem\",\"position\":3,\"name\":\"\ube14\ub799 \ud074\ub808\uc774\"}]},{\"@type\":\"WebSite\",\"@id\":\"https:\\\/\\\/naturalpoland.com\\\/ko\\\/#website\",\"url\":\"https:\\\/\\\/naturalpoland.com\\\/ko\\\/\",\"name\":\"NATURAL POLAND - Hurtowy Dystrybutor Surowc\u00f3w\",\"description\":\"Surowce dla przemys\u0142u spo\u017cywczego, kosmetycznego i farmaceutycznego\",\"publisher\":{\"@id\":\"https:\\\/\\\/naturalpoland.com\\\/ko\\\/#organization\"},\"potentialAction\":[{\"@type\":\"SearchAction\",\"target\":{\"@type\":\"EntryPoint\",\"urlTemplate\":\"https:\\\/\\\/naturalpoland.com\\\/ko\\\/?s={search_term_string}\"},\"query-input\":{\"@type\":\"PropertyValueSpecification\",\"valueRequired\":true,\"valueName\":\"search_term_string\"}}],\"inLanguage\":\"ko-KR\"},{\"@type\":\"Organization\",\"@id\":\"https:\\\/\\\/naturalpoland.com\\\/ko\\\/#organization\",\"name\":\"Natural Poland\",\"url\":\"https:\\\/\\\/naturalpoland.com\\\/ko\\\/\",\"logo\":{\"@type\":\"ImageObject\",\"inLanguage\":\"ko-KR\",\"@id\":\"https:\\\/\\\/naturalpoland.com\\\/ko\\\/#\\\/schema\\\/logo\\\/image\\\/\",\"url\":\"https:\\\/\\\/naturalpoland.com\\\/wp-content\\\/uploads\\\/2021\\\/05\\\/natural-poland-icon.png\",\"contentUrl\":\"https:\\\/\\\/naturalpoland.com\\\/wp-content\\\/uploads\\\/2021\\\/05\\\/natural-poland-icon.png\",\"width\":512,\"height\":512,\"caption\":\"Natural Poland\"},\"image\":{\"@id\":\"https:\\\/\\\/naturalpoland.com\\\/ko\\\/#\\\/schema\\\/logo\\\/image\\\/\"},\"sameAs\":[\"https:\\\/\\\/www.facebook.com\\\/naturalpoland.b2b\",\"https:\\\/\\\/pl.linkedin.com\\\/company\\\/natural-poland\",\"https:\\\/\\\/www.youtube.com\\\/channel\\\/UCgeGGkvOMahZo-xu_MSEWxg\"]}]}<\/script>\n<!-- \/ Yoast SEO plugin. -->","yoast_head_json":{"title":"\ube14\ub799 \ud074\ub808\uc774 - Hurtowy Dystrybutor","robots":{"index":"index","follow":"follow","max-snippet":"max-snippet:-1","max-image-preview":"max-image-preview:large","max-video-preview":"max-video-preview:-1"},"canonical":"https:\/\/naturalpoland.com\/ko\/je-pum\/hwa-jang-pum-won-ryo\/cheon-yeon-jeom-to\/beullaek-keullei\/","og_locale":"ko_KR","og_type":"article","og_title":"\ube14\ub799 \ud074\ub808\uc774 - Hurtowy Dystrybutor","og_description":"\ube14\ub799 \ud074\ub808\uc774\ub294 \uc9c0\uc131 \ubc0f \ud2b8\ub7ec\ube14\uc131 \ud53c\ubd80 \uad00\ub9ac\uc5d0 \ud2b9\ud788 \ud6a8\uacfc\uc801\uc785\ub2c8\ub2e4. \uadf8 \uc5ed\ud560\uc740 \ud53c\ubd80\ub97c \uae4a\uc774 \uc815\ud654\ud558\uace0 \ud53c\uc9c0 \uc0dd\uc131\uc744 \uc904\uc774\ub294 \uac83\uc785\ub2c8\ub2e4. \ube14\ub799 \ud074\ub808\uc774\ub294 \ubaa8\uacf5\uc744 \uae68\ub057\ud558\uac8c \ud558\uace0, \ubaa8\uacf5 \ud06c\uae30\ub97c \uc904\uc774\uba70, \ube14\ub799\ud5e4\ub4dc\ub97c \uc81c\uac70\ud558\uace0 \ud53c\uc9c0\ub97c \ud761\uc218\ud569\ub2c8\ub2e4. \ub610\ud55c \ud1a0\ub2dd, \ud0c4\ub825 \uc99d\uc9c4 \ubc0f \uc218\ub834 \ud6a8\uacfc\ub3c4 \uc788\uc2b5\ub2c8\ub2e4.","og_url":"https:\/\/naturalpoland.com\/ko\/je-pum\/hwa-jang-pum-won-ryo\/cheon-yeon-jeom-to\/beullaek-keullei\/","og_site_name":"NATURAL POLAND - Hurtowy Dystrybutor Surowc\u00f3w","article_publisher":"https:\/\/www.facebook.com\/naturalpoland.b2b","article_modified_time":"2025-07-17T11:09:34+00:00","og_image":[{"width":508,"height":482,"url":"https:\/\/naturalpoland.com\/wp-content\/uploads\/2021\/05\/black-clay.jpg","type":"image\/jpeg"}],"schema":{"@context":"https:\/\/schema.org","@graph":[{"@type":"WebPage","@id":"https:\/\/naturalpoland.com\/ko\/je-pum\/hwa-jang-pum-won-ryo\/cheon-yeon-jeom-to\/beullaek-keullei\/","url":"https:\/\/naturalpoland.com\/ko\/je-pum\/hwa-jang-pum-won-ryo\/cheon-yeon-jeom-to\/beullaek-keullei\/","name":"\ube14\ub799 \ud074\ub808\uc774 - Hurtowy Dystrybutor","isPartOf":{"@id":"https:\/\/naturalpoland.com\/ko\/#website"},"primaryImageOfPage":{"@id":"https:\/\/naturalpoland.com\/ko\/je-pum\/hwa-jang-pum-won-ryo\/cheon-yeon-jeom-to\/beullaek-keullei\/#primaryimage"},"image":{"@id":"https:\/\/naturalpoland.com\/ko\/je-pum\/hwa-jang-pum-won-ryo\/cheon-yeon-jeom-to\/beullaek-keullei\/#primaryimage"},"thumbnailUrl":"https:\/\/naturalpoland.com\/wp-content\/uploads\/2021\/05\/black-clay.jpg","datePublished":"2021-05-11T11:42:57+00:00","dateModified":"2025-07-17T11:09:34+00:00","breadcrumb":{"@id":"https:\/\/naturalpoland.com\/ko\/je-pum\/hwa-jang-pum-won-ryo\/cheon-yeon-jeom-to\/beullaek-keullei\/#breadcrumb"},"inLanguage":"ko-KR","potentialAction":[{"@type":"ReadAction","target":["https:\/\/naturalpoland.com\/ko\/je-pum\/hwa-jang-pum-won-ryo\/cheon-yeon-jeom-to\/beullaek-keullei\/"]}]},{"@type":"ImageObject","inLanguage":"ko-KR","@id":"https:\/\/naturalpoland.com\/ko\/je-pum\/hwa-jang-pum-won-ryo\/cheon-yeon-jeom-to\/beullaek-keullei\/#primaryimage","url":"https:\/\/naturalpoland.com\/wp-content\/uploads\/2021\/05\/black-clay.jpg","contentUrl":"https:\/\/naturalpoland.com\/wp-content\/uploads\/2021\/05\/black-clay.jpg","width":508,"height":482,"caption":"glinka czarna"},{"@type":"BreadcrumbList","@id":"https:\/\/naturalpoland.com\/ko\/je-pum\/hwa-jang-pum-won-ryo\/cheon-yeon-jeom-to\/beullaek-keullei\/#breadcrumb","itemListElement":[{"@type":"ListItem","position":1,"name":"\ud648","item":"https:\/\/naturalpoland.com\/ko\/"},{"@type":"ListItem","position":2,"name":"\uc81c\ud488","item":"https:\/\/naturalpoland.com\/ko\/%ec%a0%9c%ed%92%88\/"},{"@type":"ListItem","position":3,"name":"\ube14\ub799 \ud074\ub808\uc774"}]},{"@type":"WebSite","@id":"https:\/\/naturalpoland.com\/ko\/#website","url":"https:\/\/naturalpoland.com\/ko\/","name":"NATURAL POLAND - Hurtowy Dystrybutor Surowc\u00f3w","description":"Surowce dla przemys\u0142u spo\u017cywczego, kosmetycznego i farmaceutycznego","publisher":{"@id":"https:\/\/naturalpoland.com\/ko\/#organization"},"potentialAction":[{"@type":"SearchAction","target":{"@type":"EntryPoint","urlTemplate":"https:\/\/naturalpoland.com\/ko\/?s={search_term_string}"},"query-input":{"@type":"PropertyValueSpecification","valueRequired":true,"valueName":"search_term_string"}}],"inLanguage":"ko-KR"},{"@type":"Organization","@id":"https:\/\/naturalpoland.com\/ko\/#organization","name":"Natural Poland","url":"https:\/\/naturalpoland.com\/ko\/","logo":{"@type":"ImageObject","inLanguage":"ko-KR","@id":"https:\/\/naturalpoland.com\/ko\/#\/schema\/logo\/image\/","url":"https:\/\/naturalpoland.com\/wp-content\/uploads\/2021\/05\/natural-poland-icon.png","contentUrl":"https:\/\/naturalpoland.com\/wp-content\/uploads\/2021\/05\/natural-poland-icon.png","width":512,"height":512,"caption":"Natural Poland"},"image":{"@id":"https:\/\/naturalpoland.com\/ko\/#\/schema\/logo\/image\/"},"sameAs":["https:\/\/www.facebook.com\/naturalpoland.b2b","https:\/\/pl.linkedin.com\/company\/natural-poland","https:\/\/www.youtube.com\/channel\/UCgeGGkvOMahZo-xu_MSEWxg"]}]}},"_links":{"self":[{"href":"https:\/\/naturalpoland.com\/ko\/wp-json\/wp\/v2\/product\/42033","targetHints":{"allow":["GET"]}}],"collection":[{"href":"https:\/\/naturalpoland.com\/ko\/wp-json\/wp\/v2\/product"}],"about":[{"href":"https:\/\/naturalpoland.com\/ko\/wp-json\/wp\/v2\/types\/product"}],"wp:featuredmedia":[{"embeddable":true,"href":"https:\/\/naturalpoland.com\/ko\/wp-json\/wp\/v2\/media\/42034"}],"wp:attachment":[{"href":"https:\/\/naturalpoland.com\/ko\/wp-json\/wp\/v2\/media?parent=42033"}],"wp:term":[{"taxonomy":"product_brand","embeddable":true,"href":"https:\/\/naturalpoland.com\/ko\/wp-json\/wp\/v2\/product_brand?post=42033"},{"taxonomy":"product_cat","embeddable":true,"href":"https:\/\/naturalpoland.com\/ko\/wp-json\/wp\/v2\/product_cat?post=42033"},{"taxonomy":"product_tag","embeddable":true,"href":"https:\/\/naturalpoland.com\/ko\/wp-json\/wp\/v2\/product_tag?post=42033"}],"curies":[{"name":"wp","href":"https:\/\/api.w.org\/{rel}","templated":true}]}}