{"id":42038,"date":"2021-05-11T13:42:58","date_gmt":"2021-05-11T11:42:58","guid":{"rendered":"https:\/\/naturalpoland.com\/produkty\/uncategorized\/%eb%b8%94%eb%a3%a8-%ed%81%b4%eb%a0%88%ec%9d%b4\/"},"modified":"2025-07-17T13:09:17","modified_gmt":"2025-07-17T11:09:17","slug":"beullu-keullei","status":"publish","type":"product","link":"https:\/\/naturalpoland.com\/ko\/je-pum\/hwa-jang-pum-won-ryo\/cheon-yeon-jeom-to\/beullu-keullei\/","title":{"rendered":"\ube14\ub8e8 \ud074\ub808\uc774"},"content":{"rendered":"<p>\ube14\ub8e8 \ud074\ub808\uc774\ub294 \ub6f0\uc5b4\ub09c \uc815\ud654 \ubc0f \uc0c1\ucf8c\ud568\uc744 \uc81c\uacf5\ud569\ub2c8\ub2e4. \uc131\uc219\ud558\uace0 \uc5ec\ub4dc\ub984\uc774 \ub098\ub294 \ud53c\ubd80 \uad00\ub9ac\uc5d0 \uad8c\uc7a5\ub429\ub2c8\ub2e4. \ub54c\ub85c\ub294 \uc9c0\uc131 \ubaa8\ubc1c\uc744 \ucca0\uc800\ud788 \uc815\ud654\ud558\ub294 \ub370 \uc0ac\uc6a9\ub418\uba70, \uafb8\uc900\ud788 \uc0ac\uc6a9\ud558\uba74 \uc774 \ubb38\uc81c\uc758 \uc2ec\uac01\uc131\uc744 \uc904\uc77c \uc218 \uc788\uc2b5\ub2c8\ub2e4.<\/p>\n<p>\ube14\ub8e8 \ud074\ub808\uc774\ub294 \ub2e4\uc591\ud55c \uc6a9\ub3c4\ub85c \uc0ac\uc6a9\ub418\uba70, \uc774\ub97c \uae30\ubc18\uc73c\ub85c \uac1c\ubc1c\ub41c \uc77c\ubd80 \uc81c\uc81c\ub294 \ub0b4\ubd80 \uc0ac\uc6a9\uc5d0 \uc801\ud569\ud569\ub2c8\ub2e4. \ud074\ub808\uc774\ub294 \ud3b8\ub450\ud1b5 \ud1f4\uce58 \ubc0f \uc2e0\uccb4 \ub3c5\uc18c \uc81c\uac70\uc5d0 \ud6a8\uacfc\uc801\uc785\ub2c8\ub2e4. \uadf8\ub7ec\ub098 \uc774 \uc6a9\ub3c4\ub85c \uc0ac\uc6a9\ud558\uae30 \uc804\uc5d0 \uc804\ubb38\uac00\uc640 \uc0c1\ub2f4\ud558\ub294 \uac83\uc774 \uc88b\uc2b5\ub2c8\ub2e4.<\/p>\n","protected":false},"excerpt":{"rendered":"<p>\ube14\ub8e8 \ud074\ub808\uc774\ub294 \uc5bc\uad74 \ubc0f \uc190 \ub9c8\uc2a4\ud06c\uc758 \uc131\ubd84\uc73c\ub85c \uc0ac\uc6a9\ub418\uba70, \ub54c\ub85c\ub294 \ud5e4\uc5b4 \ucf00\uc5b4 \ud654\uc7a5\ud488\uc5d0\ub3c4 \uc0ac\uc6a9\ub429\ub2c8\ub2e4. \uc0b4\uade0, \uc18c\ub3c5, \ud0c4\ub825 \uc99d\uc9c4 \ubc0f \ubaa8\ub378\ub9c1 \ud6a8\uacfc\uac00 \uc788\uc2b5\ub2c8\ub2e4.<\/p>\n","protected":false},"featured_media":42039,"template":"","meta":{"_acf_changed":false},"product_brand":[],"product_cat":[8149],"product_tag":[],"class_list":{"0":"post-42038","1":"product","2":"type-product","3":"status-publish","4":"has-post-thumbnail","6":"product_cat-cheon-yeon-jeom-to","8":"first","9":"instock","10":"shipping-taxable","11":"product-type-simple"},"acf":[],"yoast_head":"<!-- This site is optimized with the Yoast SEO plugin v27.4 - https:\/\/yoast.com\/product\/yoast-seo-wordpress\/ -->\n<title>\ube14\ub8e8 \ud074\ub808\uc774 - Hurtowy Dystrybutor<\/title>\n<meta name=\"robots\" content=\"index, follow, max-snippet:-1, max-image-preview:large, max-video-preview:-1\" \/>\n<link rel=\"canonical\" href=\"https:\/\/naturalpoland.com\/ko\/je-pum\/hwa-jang-pum-won-ryo\/cheon-yeon-jeom-to\/beullu-keullei\/\" \/>\n<meta property=\"og:locale\" content=\"ko_KR\" \/>\n<meta property=\"og:type\" content=\"article\" \/>\n<meta property=\"og:title\" content=\"\ube14\ub8e8 \ud074\ub808\uc774 - Hurtowy Dystrybutor\" \/>\n<meta property=\"og:description\" content=\"\ube14\ub8e8 \ud074\ub808\uc774\ub294 \uc5bc\uad74 \ubc0f \uc190 \ub9c8\uc2a4\ud06c\uc758 \uc131\ubd84\uc73c\ub85c \uc0ac\uc6a9\ub418\uba70, \ub54c\ub85c\ub294 \ud5e4\uc5b4 \ucf00\uc5b4 \ud654\uc7a5\ud488\uc5d0\ub3c4 \uc0ac\uc6a9\ub429\ub2c8\ub2e4. \uc0b4\uade0, \uc18c\ub3c5, \ud0c4\ub825 \uc99d\uc9c4 \ubc0f \ubaa8\ub378\ub9c1 \ud6a8\uacfc\uac00 \uc788\uc2b5\ub2c8\ub2e4.\" \/>\n<meta property=\"og:url\" content=\"https:\/\/naturalpoland.com\/ko\/je-pum\/hwa-jang-pum-won-ryo\/cheon-yeon-jeom-to\/beullu-keullei\/\" \/>\n<meta property=\"og:site_name\" content=\"NATURAL POLAND - Hurtowy Dystrybutor Surowc\u00f3w\" \/>\n<meta property=\"article:publisher\" content=\"https:\/\/www.facebook.com\/naturalpoland.b2b\" \/>\n<meta property=\"article:modified_time\" content=\"2025-07-17T11:09:17+00:00\" \/>\n<meta property=\"og:image\" content=\"https:\/\/naturalpoland.com\/wp-content\/uploads\/2021\/05\/blue-clay.jpg\" \/>\n\t<meta property=\"og:image:width\" content=\"430\" \/>\n\t<meta property=\"og:image:height\" content=\"279\" \/>\n\t<meta property=\"og:image:type\" content=\"image\/jpeg\" \/>\n<script type=\"application\/ld+json\" class=\"yoast-schema-graph\">{\"@context\":\"https:\\\/\\\/schema.org\",\"@graph\":[{\"@type\":\"WebPage\",\"@id\":\"https:\\\/\\\/naturalpoland.com\\\/ko\\\/je-pum\\\/hwa-jang-pum-won-ryo\\\/cheon-yeon-jeom-to\\\/beullu-keullei\\\/\",\"url\":\"https:\\\/\\\/naturalpoland.com\\\/ko\\\/je-pum\\\/hwa-jang-pum-won-ryo\\\/cheon-yeon-jeom-to\\\/beullu-keullei\\\/\",\"name\":\"\ube14\ub8e8 \ud074\ub808\uc774 - Hurtowy Dystrybutor\",\"isPartOf\":{\"@id\":\"https:\\\/\\\/naturalpoland.com\\\/ko\\\/#website\"},\"primaryImageOfPage\":{\"@id\":\"https:\\\/\\\/naturalpoland.com\\\/ko\\\/je-pum\\\/hwa-jang-pum-won-ryo\\\/cheon-yeon-jeom-to\\\/beullu-keullei\\\/#primaryimage\"},\"image\":{\"@id\":\"https:\\\/\\\/naturalpoland.com\\\/ko\\\/je-pum\\\/hwa-jang-pum-won-ryo\\\/cheon-yeon-jeom-to\\\/beullu-keullei\\\/#primaryimage\"},\"thumbnailUrl\":\"https:\\\/\\\/naturalpoland.com\\\/wp-content\\\/uploads\\\/2021\\\/05\\\/blue-clay.jpg\",\"datePublished\":\"2021-05-11T11:42:58+00:00\",\"dateModified\":\"2025-07-17T11:09:17+00:00\",\"breadcrumb\":{\"@id\":\"https:\\\/\\\/naturalpoland.com\\\/ko\\\/je-pum\\\/hwa-jang-pum-won-ryo\\\/cheon-yeon-jeom-to\\\/beullu-keullei\\\/#breadcrumb\"},\"inLanguage\":\"ko-KR\",\"potentialAction\":[{\"@type\":\"ReadAction\",\"target\":[\"https:\\\/\\\/naturalpoland.com\\\/ko\\\/je-pum\\\/hwa-jang-pum-won-ryo\\\/cheon-yeon-jeom-to\\\/beullu-keullei\\\/\"]}]},{\"@type\":\"ImageObject\",\"inLanguage\":\"ko-KR\",\"@id\":\"https:\\\/\\\/naturalpoland.com\\\/ko\\\/je-pum\\\/hwa-jang-pum-won-ryo\\\/cheon-yeon-jeom-to\\\/beullu-keullei\\\/#primaryimage\",\"url\":\"https:\\\/\\\/naturalpoland.com\\\/wp-content\\\/uploads\\\/2021\\\/05\\\/blue-clay.jpg\",\"contentUrl\":\"https:\\\/\\\/naturalpoland.com\\\/wp-content\\\/uploads\\\/2021\\\/05\\\/blue-clay.jpg\",\"width\":430,\"height\":279,\"caption\":\"Glinka niebieska\"},{\"@type\":\"BreadcrumbList\",\"@id\":\"https:\\\/\\\/naturalpoland.com\\\/ko\\\/je-pum\\\/hwa-jang-pum-won-ryo\\\/cheon-yeon-jeom-to\\\/beullu-keullei\\\/#breadcrumb\",\"itemListElement\":[{\"@type\":\"ListItem\",\"position\":1,\"name\":\"\ud648\",\"item\":\"https:\\\/\\\/naturalpoland.com\\\/ko\\\/\"},{\"@type\":\"ListItem\",\"position\":2,\"name\":\"\uc81c\ud488\",\"item\":\"https:\\\/\\\/naturalpoland.com\\\/ko\\\/%ec%a0%9c%ed%92%88\\\/\"},{\"@type\":\"ListItem\",\"position\":3,\"name\":\"\ube14\ub8e8 \ud074\ub808\uc774\"}]},{\"@type\":\"WebSite\",\"@id\":\"https:\\\/\\\/naturalpoland.com\\\/ko\\\/#website\",\"url\":\"https:\\\/\\\/naturalpoland.com\\\/ko\\\/\",\"name\":\"NATURAL POLAND - Hurtowy Dystrybutor Surowc\u00f3w\",\"description\":\"Surowce dla przemys\u0142u spo\u017cywczego, kosmetycznego i farmaceutycznego\",\"publisher\":{\"@id\":\"https:\\\/\\\/naturalpoland.com\\\/ko\\\/#organization\"},\"potentialAction\":[{\"@type\":\"SearchAction\",\"target\":{\"@type\":\"EntryPoint\",\"urlTemplate\":\"https:\\\/\\\/naturalpoland.com\\\/ko\\\/?s={search_term_string}\"},\"query-input\":{\"@type\":\"PropertyValueSpecification\",\"valueRequired\":true,\"valueName\":\"search_term_string\"}}],\"inLanguage\":\"ko-KR\"},{\"@type\":\"Organization\",\"@id\":\"https:\\\/\\\/naturalpoland.com\\\/ko\\\/#organization\",\"name\":\"Natural Poland\",\"url\":\"https:\\\/\\\/naturalpoland.com\\\/ko\\\/\",\"logo\":{\"@type\":\"ImageObject\",\"inLanguage\":\"ko-KR\",\"@id\":\"https:\\\/\\\/naturalpoland.com\\\/ko\\\/#\\\/schema\\\/logo\\\/image\\\/\",\"url\":\"https:\\\/\\\/naturalpoland.com\\\/wp-content\\\/uploads\\\/2021\\\/05\\\/natural-poland-icon.png\",\"contentUrl\":\"https:\\\/\\\/naturalpoland.com\\\/wp-content\\\/uploads\\\/2021\\\/05\\\/natural-poland-icon.png\",\"width\":512,\"height\":512,\"caption\":\"Natural Poland\"},\"image\":{\"@id\":\"https:\\\/\\\/naturalpoland.com\\\/ko\\\/#\\\/schema\\\/logo\\\/image\\\/\"},\"sameAs\":[\"https:\\\/\\\/www.facebook.com\\\/naturalpoland.b2b\",\"https:\\\/\\\/pl.linkedin.com\\\/company\\\/natural-poland\",\"https:\\\/\\\/www.youtube.com\\\/channel\\\/UCgeGGkvOMahZo-xu_MSEWxg\"]}]}<\/script>\n<!-- \/ Yoast SEO plugin. -->","yoast_head_json":{"title":"\ube14\ub8e8 \ud074\ub808\uc774 - Hurtowy Dystrybutor","robots":{"index":"index","follow":"follow","max-snippet":"max-snippet:-1","max-image-preview":"max-image-preview:large","max-video-preview":"max-video-preview:-1"},"canonical":"https:\/\/naturalpoland.com\/ko\/je-pum\/hwa-jang-pum-won-ryo\/cheon-yeon-jeom-to\/beullu-keullei\/","og_locale":"ko_KR","og_type":"article","og_title":"\ube14\ub8e8 \ud074\ub808\uc774 - Hurtowy Dystrybutor","og_description":"\ube14\ub8e8 \ud074\ub808\uc774\ub294 \uc5bc\uad74 \ubc0f \uc190 \ub9c8\uc2a4\ud06c\uc758 \uc131\ubd84\uc73c\ub85c \uc0ac\uc6a9\ub418\uba70, \ub54c\ub85c\ub294 \ud5e4\uc5b4 \ucf00\uc5b4 \ud654\uc7a5\ud488\uc5d0\ub3c4 \uc0ac\uc6a9\ub429\ub2c8\ub2e4. \uc0b4\uade0, \uc18c\ub3c5, \ud0c4\ub825 \uc99d\uc9c4 \ubc0f \ubaa8\ub378\ub9c1 \ud6a8\uacfc\uac00 \uc788\uc2b5\ub2c8\ub2e4.","og_url":"https:\/\/naturalpoland.com\/ko\/je-pum\/hwa-jang-pum-won-ryo\/cheon-yeon-jeom-to\/beullu-keullei\/","og_site_name":"NATURAL POLAND - Hurtowy Dystrybutor Surowc\u00f3w","article_publisher":"https:\/\/www.facebook.com\/naturalpoland.b2b","article_modified_time":"2025-07-17T11:09:17+00:00","og_image":[{"width":430,"height":279,"url":"https:\/\/naturalpoland.com\/wp-content\/uploads\/2021\/05\/blue-clay.jpg","type":"image\/jpeg"}],"schema":{"@context":"https:\/\/schema.org","@graph":[{"@type":"WebPage","@id":"https:\/\/naturalpoland.com\/ko\/je-pum\/hwa-jang-pum-won-ryo\/cheon-yeon-jeom-to\/beullu-keullei\/","url":"https:\/\/naturalpoland.com\/ko\/je-pum\/hwa-jang-pum-won-ryo\/cheon-yeon-jeom-to\/beullu-keullei\/","name":"\ube14\ub8e8 \ud074\ub808\uc774 - Hurtowy Dystrybutor","isPartOf":{"@id":"https:\/\/naturalpoland.com\/ko\/#website"},"primaryImageOfPage":{"@id":"https:\/\/naturalpoland.com\/ko\/je-pum\/hwa-jang-pum-won-ryo\/cheon-yeon-jeom-to\/beullu-keullei\/#primaryimage"},"image":{"@id":"https:\/\/naturalpoland.com\/ko\/je-pum\/hwa-jang-pum-won-ryo\/cheon-yeon-jeom-to\/beullu-keullei\/#primaryimage"},"thumbnailUrl":"https:\/\/naturalpoland.com\/wp-content\/uploads\/2021\/05\/blue-clay.jpg","datePublished":"2021-05-11T11:42:58+00:00","dateModified":"2025-07-17T11:09:17+00:00","breadcrumb":{"@id":"https:\/\/naturalpoland.com\/ko\/je-pum\/hwa-jang-pum-won-ryo\/cheon-yeon-jeom-to\/beullu-keullei\/#breadcrumb"},"inLanguage":"ko-KR","potentialAction":[{"@type":"ReadAction","target":["https:\/\/naturalpoland.com\/ko\/je-pum\/hwa-jang-pum-won-ryo\/cheon-yeon-jeom-to\/beullu-keullei\/"]}]},{"@type":"ImageObject","inLanguage":"ko-KR","@id":"https:\/\/naturalpoland.com\/ko\/je-pum\/hwa-jang-pum-won-ryo\/cheon-yeon-jeom-to\/beullu-keullei\/#primaryimage","url":"https:\/\/naturalpoland.com\/wp-content\/uploads\/2021\/05\/blue-clay.jpg","contentUrl":"https:\/\/naturalpoland.com\/wp-content\/uploads\/2021\/05\/blue-clay.jpg","width":430,"height":279,"caption":"Glinka niebieska"},{"@type":"BreadcrumbList","@id":"https:\/\/naturalpoland.com\/ko\/je-pum\/hwa-jang-pum-won-ryo\/cheon-yeon-jeom-to\/beullu-keullei\/#breadcrumb","itemListElement":[{"@type":"ListItem","position":1,"name":"\ud648","item":"https:\/\/naturalpoland.com\/ko\/"},{"@type":"ListItem","position":2,"name":"\uc81c\ud488","item":"https:\/\/naturalpoland.com\/ko\/%ec%a0%9c%ed%92%88\/"},{"@type":"ListItem","position":3,"name":"\ube14\ub8e8 \ud074\ub808\uc774"}]},{"@type":"WebSite","@id":"https:\/\/naturalpoland.com\/ko\/#website","url":"https:\/\/naturalpoland.com\/ko\/","name":"NATURAL POLAND - Hurtowy Dystrybutor Surowc\u00f3w","description":"Surowce dla przemys\u0142u spo\u017cywczego, kosmetycznego i farmaceutycznego","publisher":{"@id":"https:\/\/naturalpoland.com\/ko\/#organization"},"potentialAction":[{"@type":"SearchAction","target":{"@type":"EntryPoint","urlTemplate":"https:\/\/naturalpoland.com\/ko\/?s={search_term_string}"},"query-input":{"@type":"PropertyValueSpecification","valueRequired":true,"valueName":"search_term_string"}}],"inLanguage":"ko-KR"},{"@type":"Organization","@id":"https:\/\/naturalpoland.com\/ko\/#organization","name":"Natural Poland","url":"https:\/\/naturalpoland.com\/ko\/","logo":{"@type":"ImageObject","inLanguage":"ko-KR","@id":"https:\/\/naturalpoland.com\/ko\/#\/schema\/logo\/image\/","url":"https:\/\/naturalpoland.com\/wp-content\/uploads\/2021\/05\/natural-poland-icon.png","contentUrl":"https:\/\/naturalpoland.com\/wp-content\/uploads\/2021\/05\/natural-poland-icon.png","width":512,"height":512,"caption":"Natural Poland"},"image":{"@id":"https:\/\/naturalpoland.com\/ko\/#\/schema\/logo\/image\/"},"sameAs":["https:\/\/www.facebook.com\/naturalpoland.b2b","https:\/\/pl.linkedin.com\/company\/natural-poland","https:\/\/www.youtube.com\/channel\/UCgeGGkvOMahZo-xu_MSEWxg"]}]}},"_links":{"self":[{"href":"https:\/\/naturalpoland.com\/ko\/wp-json\/wp\/v2\/product\/42038","targetHints":{"allow":["GET"]}}],"collection":[{"href":"https:\/\/naturalpoland.com\/ko\/wp-json\/wp\/v2\/product"}],"about":[{"href":"https:\/\/naturalpoland.com\/ko\/wp-json\/wp\/v2\/types\/product"}],"wp:featuredmedia":[{"embeddable":true,"href":"https:\/\/naturalpoland.com\/ko\/wp-json\/wp\/v2\/media\/42039"}],"wp:attachment":[{"href":"https:\/\/naturalpoland.com\/ko\/wp-json\/wp\/v2\/media?parent=42038"}],"wp:term":[{"taxonomy":"product_brand","embeddable":true,"href":"https:\/\/naturalpoland.com\/ko\/wp-json\/wp\/v2\/product_brand?post=42038"},{"taxonomy":"product_cat","embeddable":true,"href":"https:\/\/naturalpoland.com\/ko\/wp-json\/wp\/v2\/product_cat?post=42038"},{"taxonomy":"product_tag","embeddable":true,"href":"https:\/\/naturalpoland.com\/ko\/wp-json\/wp\/v2\/product_tag?post=42038"}],"curies":[{"name":"wp","href":"https:\/\/api.w.org\/{rel}","templated":true}]}}