{"id":42040,"date":"2021-05-11T13:42:58","date_gmt":"2021-05-11T11:42:58","guid":{"rendered":"https:\/\/naturalpoland.com\/produkty\/uncategorized\/%ea%b0%80%ec%88%a0ghassoul-%ed%81%b4%eb%a0%88%ec%9d%b4\/"},"modified":"2025-07-17T13:09:42","modified_gmt":"2025-07-17T11:09:42","slug":"gasul-ghassoul-keullei","status":"publish","type":"product","link":"https:\/\/naturalpoland.com\/ko\/je-pum\/hwa-jang-pum-won-ryo\/cheon-yeon-jeom-to\/gasul-ghassoul-keullei\/","title":{"rendered":"\uac00\uc220(Ghassoul) \ud074\ub808\uc774"},"content":{"rendered":"<p>\uac00\uc220 \ud074\ub808\uc774\ub294 \uc6d0\ub798 \ud53c\ubd80, \uba38\ub9ac\uce74\ub77d, \uc5bc\uad74\uc744 \uc138\uc815\ud558\ub294 \ub370 \uc0ac\uc6a9\ub418\uc5c8\uc73c\uba70, \ud604\uc7ac\ub294 \uc804 \uc138\uacc4 \uc2a4\ud30c\uc5d0\uc11c \ub110\ub9ac \ud65c\uc6a9\ub418\uace0 \uc788\uc2b5\ub2c8\ub2e4.<\/p>\n<h2>\uc81c\ud488 \ud2b9\uc131<\/h2>\n<p>\uac00\uc220 \ud074\ub808\uc774\ub294 \uc790\uc5f0\uc801\uc778 \uac08\uc0c9-\ubd89\uc740\uc0c9\uc744 \ub760\uace0 \ud759\ub0c4\uc0c8\uac00 \ub098\uba70 \ub3c5\ud2b9\ud55c \ud2b9\uc9d5\uc744 \uac00\uc9d1\ub2c8\ub2e4. \ubbf8\uc138\ud55c \ubd84\ub9d0 \ud615\ud0dc\ub85c \uc81c\uacf5\ub418\uba70, \uc0ac\uc6a9\ud558\uae30 \uc27d\uace0 \ub9c8\uc2a4\ud06c\ud329 \ubc0f \uae30\ud0c0 \ud074\ub80c\uc9d5 \ud654\uc7a5\ud488\uc744 \ub9cc\ub4dc\ub294 \ub370 \uc774\uc0c1\uc801\uc785\ub2c8\ub2e4. \uac00\uc220 \ud074\ub808\uc774\ub294 \uae30\ubcf8\uc801\uc778 \ud2b9\uc131 \ub355\ubd84\uc5d0 \ud53c\ubd80\uc640 \uba38\ub9ac\uce74\ub77d \ud45c\uba74\uc758 \uc720\ubd84\uacfc \ubd88\uc21c\ubb3c\uc744 \ud6a8\uacfc\uc801\uc73c\ub85c \ud761\uc218\ud569\ub2c8\ub2e4.<\/p>\n<h2>\uc131\ubd84 \ubc0f \ud6a8\ub2a5<\/h2>\n<p>\uac00\uc220 \ud074\ub808\uc774\ub294 <strong>\uc2e4\ub9ac\uce74<\/strong>(SiO2)\uac00 \uc57d 58%\ub97c \ucc28\uc9c0\ud558\uace0, <strong>\uc0b0\ud654\ub9c8\uadf8\ub124\uc298<\/strong>(MgO)\uc774 25%\ub97c \ucc28\uc9c0\ud558\ub294 \ub4f1 \ubbf8\ub124\ub784\uc774 \ub9e4\uc6b0 \ud48d\ubd80\ud569\ub2c8\ub2e4. \ub610\ud55c \uc18c\ub7c9\uc758 <strong>\uc54c\ub8e8\ubbf8\ub284<\/strong>(Al2O3)\uacfc <strong>\uce7c\uc298<\/strong>(CaO)\ub3c4 \ud568\uc720\ub418\uc5b4 \uc788\uc5b4 \ud53c\ubd80 \uc7ac\uc0dd \uacfc\uc815\uc744 \ub3d5\uace0 \uc9c4\uc815 \ud6a8\uacfc\ub97c \uc81c\uacf5\ud569\ub2c8\ub2e4. \uc774\ub7ec\ud55c \ucc9c\uc5f0 \ubbf8\ub124\ub784 \uc131\ubd84\uc740 \ud53c\ubd80\uc5d0 \uc601\uc591\uc744 \uacf5\uae09\ud558\uace0 \uc790\uc5f0\uc801\uc778 \ubcf4\ud638 \uc7a5\ubcbd\uc744 \uac15\ud654\ud558\ub294 \ub370 \ub3c4\uc6c0\uc744 \uc90d\ub2c8\ub2e4.<\/p>\n<h2>\ud654\uc7a5\ud488 \uc6a9\ub3c4<\/h2>\n<p>\uac00\uc220 \ud074\ub808\uc774\ub294 \ud2b9\ud788 \uc9c0\uc131, \ubcf5\ud569\uc131, \uc5ec\ub4dc\ub984\uc131 \ud53c\ubd80\ub97c \uac00\uc9c4 \uc0ac\ub78c\ub4e4\uc5d0\uac8c \uad8c\uc7a5\ub429\ub2c8\ub2e4. \uc774 \ud074\ub808\uc774\ub97c \uae30\ubc18\uc73c\ub85c \ud55c \uc81c\ud488\uc744 \uafb8\uc900\ud788 \uc0ac\uc6a9\ud558\uba74 \ud53c\ubd80 \uc0c1\ud0dc\ub97c \ud06c\uac8c \uac1c\uc120\ud558\uace0 \ud53c\uc9c0 \ubd84\ube44\ub97c \uc904\uc774\uba70 \ud53c\uc9c0\uc120\uc758 \ud65c\ub3d9\uc744 \uc870\uc808\ud558\ub294 \ub370 \ub3c4\uc6c0\uc774 \ub420 \uc218 \uc788\uc2b5\ub2c8\ub2e4. \ud56d\uade0 \ubc0f \ud56d\uc9c4\uade0 \ud2b9\uc131\uc73c\ub85c \uc778\ud574 \ub2e4\uc591\ud55c \ud53c\ubd80 \uac10\uc5fc\uacfc \uc2f8\uc6b0\ub294 \ub370 \ud6a8\uacfc\uc801\uc785\ub2c8\ub2e4.<\/p>\n","protected":false},"excerpt":{"rendered":"<p>\ubaa8\ub85c\ucf54 \ub77c\ubc14 \ud074\ub808\uc774\ub85c\ub3c4 \uc54c\ub824\uc9c4 \uac00\uc220 \ud074\ub808\uc774\ub294 \uc218\uc138\uae30 \ub3d9\uc548 \ub6f0\uc5b4\ub09c \uc815\ud654 \ud2b9\uc131\uc73c\ub85c \ub192\uc774 \ud3c9\uac00\ub418\uc5b4 \uc628 100% \uce5c\ud658\uacbd \uc81c\ud488\uc785\ub2c8\ub2e4.<\/p>\n","protected":false},"featured_media":42041,"template":"","meta":{"_acf_changed":false},"product_brand":[],"product_cat":[8149],"product_tag":[],"class_list":{"0":"post-42040","1":"product","2":"type-product","3":"status-publish","4":"has-post-thumbnail","6":"product_cat-cheon-yeon-jeom-to","8":"first","9":"instock","10":"shipping-taxable","11":"product-type-simple"},"acf":[],"yoast_head":"<!-- This site is optimized with the Yoast SEO plugin v27.4 - https:\/\/yoast.com\/product\/yoast-seo-wordpress\/ -->\n<title>\uac00\uc220(Ghassoul) \ud074\ub808\uc774 - Hurtowy Dystrybutor<\/title>\n<meta name=\"description\" content=\"\ubaa8\ub85c\ucf54 \ub77c\ubc14 \ud074\ub808\uc774\ub85c\ub3c4 \uc54c\ub824\uc9c4 \uac00\uc220 \ud074\ub808\uc774\ub294 \uc804 \uc138\uacc4 \uc2a4\ud30c\uc5d0\uc11c \ub110\ub9ac \uc0ac\uc6a9\ub418\ub294 100% \uce5c\ud658\uacbd \uc81c\ud488\uc785\ub2c8\ub2e4.\" \/>\n<meta name=\"robots\" content=\"index, follow, max-snippet:-1, max-image-preview:large, max-video-preview:-1\" \/>\n<link rel=\"canonical\" href=\"https:\/\/naturalpoland.com\/ko\/je-pum\/hwa-jang-pum-won-ryo\/cheon-yeon-jeom-to\/gasul-ghassoul-keullei\/\" \/>\n<meta property=\"og:locale\" content=\"ko_KR\" \/>\n<meta property=\"og:type\" content=\"article\" \/>\n<meta property=\"og:title\" content=\"\uac00\uc220(Ghassoul) \ud074\ub808\uc774 - Hurtowy Dystrybutor\" \/>\n<meta property=\"og:description\" content=\"\ubaa8\ub85c\ucf54 \ub77c\ubc14 \ud074\ub808\uc774\ub85c\ub3c4 \uc54c\ub824\uc9c4 \uac00\uc220 \ud074\ub808\uc774\ub294 \uc804 \uc138\uacc4 \uc2a4\ud30c\uc5d0\uc11c \ub110\ub9ac \uc0ac\uc6a9\ub418\ub294 100% \uce5c\ud658\uacbd \uc81c\ud488\uc785\ub2c8\ub2e4.\" \/>\n<meta property=\"og:url\" content=\"https:\/\/naturalpoland.com\/ko\/je-pum\/hwa-jang-pum-won-ryo\/cheon-yeon-jeom-to\/gasul-ghassoul-keullei\/\" \/>\n<meta property=\"og:site_name\" content=\"NATURAL POLAND - Hurtowy Dystrybutor Surowc\u00f3w\" \/>\n<meta property=\"article:publisher\" content=\"https:\/\/www.facebook.com\/naturalpoland.b2b\" \/>\n<meta property=\"article:modified_time\" content=\"2025-07-17T11:09:42+00:00\" \/>\n<meta property=\"og:image\" content=\"https:\/\/naturalpoland.com\/wp-content\/uploads\/2021\/05\/ghassoul-clay.png\" \/>\n\t<meta property=\"og:image:width\" content=\"425\" \/>\n\t<meta property=\"og:image:height\" content=\"282\" \/>\n\t<meta property=\"og:image:type\" content=\"image\/png\" \/>\n<script type=\"application\/ld+json\" class=\"yoast-schema-graph\">{\"@context\":\"https:\\\/\\\/schema.org\",\"@graph\":[{\"@type\":\"WebPage\",\"@id\":\"https:\\\/\\\/naturalpoland.com\\\/ko\\\/je-pum\\\/hwa-jang-pum-won-ryo\\\/cheon-yeon-jeom-to\\\/gasul-ghassoul-keullei\\\/\",\"url\":\"https:\\\/\\\/naturalpoland.com\\\/ko\\\/je-pum\\\/hwa-jang-pum-won-ryo\\\/cheon-yeon-jeom-to\\\/gasul-ghassoul-keullei\\\/\",\"name\":\"\uac00\uc220(Ghassoul) \ud074\ub808\uc774 - Hurtowy Dystrybutor\",\"isPartOf\":{\"@id\":\"https:\\\/\\\/naturalpoland.com\\\/ko\\\/#website\"},\"primaryImageOfPage\":{\"@id\":\"https:\\\/\\\/naturalpoland.com\\\/ko\\\/je-pum\\\/hwa-jang-pum-won-ryo\\\/cheon-yeon-jeom-to\\\/gasul-ghassoul-keullei\\\/#primaryimage\"},\"image\":{\"@id\":\"https:\\\/\\\/naturalpoland.com\\\/ko\\\/je-pum\\\/hwa-jang-pum-won-ryo\\\/cheon-yeon-jeom-to\\\/gasul-ghassoul-keullei\\\/#primaryimage\"},\"thumbnailUrl\":\"https:\\\/\\\/naturalpoland.com\\\/wp-content\\\/uploads\\\/2021\\\/05\\\/ghassoul-clay.png\",\"datePublished\":\"2021-05-11T11:42:58+00:00\",\"dateModified\":\"2025-07-17T11:09:42+00:00\",\"description\":\"\ubaa8\ub85c\ucf54 \ub77c\ubc14 \ud074\ub808\uc774\ub85c\ub3c4 \uc54c\ub824\uc9c4 \uac00\uc220 \ud074\ub808\uc774\ub294 \uc804 \uc138\uacc4 \uc2a4\ud30c\uc5d0\uc11c \ub110\ub9ac \uc0ac\uc6a9\ub418\ub294 100% \uce5c\ud658\uacbd \uc81c\ud488\uc785\ub2c8\ub2e4.\",\"breadcrumb\":{\"@id\":\"https:\\\/\\\/naturalpoland.com\\\/ko\\\/je-pum\\\/hwa-jang-pum-won-ryo\\\/cheon-yeon-jeom-to\\\/gasul-ghassoul-keullei\\\/#breadcrumb\"},\"inLanguage\":\"ko-KR\",\"potentialAction\":[{\"@type\":\"ReadAction\",\"target\":[\"https:\\\/\\\/naturalpoland.com\\\/ko\\\/je-pum\\\/hwa-jang-pum-won-ryo\\\/cheon-yeon-jeom-to\\\/gasul-ghassoul-keullei\\\/\"]}]},{\"@type\":\"ImageObject\",\"inLanguage\":\"ko-KR\",\"@id\":\"https:\\\/\\\/naturalpoland.com\\\/ko\\\/je-pum\\\/hwa-jang-pum-won-ryo\\\/cheon-yeon-jeom-to\\\/gasul-ghassoul-keullei\\\/#primaryimage\",\"url\":\"https:\\\/\\\/naturalpoland.com\\\/wp-content\\\/uploads\\\/2021\\\/05\\\/ghassoul-clay.png\",\"contentUrl\":\"https:\\\/\\\/naturalpoland.com\\\/wp-content\\\/uploads\\\/2021\\\/05\\\/ghassoul-clay.png\",\"width\":425,\"height\":282,\"caption\":\"Glinka Ghassoul (Rhassoul)\"},{\"@type\":\"BreadcrumbList\",\"@id\":\"https:\\\/\\\/naturalpoland.com\\\/ko\\\/je-pum\\\/hwa-jang-pum-won-ryo\\\/cheon-yeon-jeom-to\\\/gasul-ghassoul-keullei\\\/#breadcrumb\",\"itemListElement\":[{\"@type\":\"ListItem\",\"position\":1,\"name\":\"\ud648\",\"item\":\"https:\\\/\\\/naturalpoland.com\\\/ko\\\/\"},{\"@type\":\"ListItem\",\"position\":2,\"name\":\"\uc81c\ud488\",\"item\":\"https:\\\/\\\/naturalpoland.com\\\/ko\\\/%ec%a0%9c%ed%92%88\\\/\"},{\"@type\":\"ListItem\",\"position\":3,\"name\":\"\uac00\uc220(Ghassoul) \ud074\ub808\uc774\"}]},{\"@type\":\"WebSite\",\"@id\":\"https:\\\/\\\/naturalpoland.com\\\/ko\\\/#website\",\"url\":\"https:\\\/\\\/naturalpoland.com\\\/ko\\\/\",\"name\":\"NATURAL POLAND - Hurtowy Dystrybutor Surowc\u00f3w\",\"description\":\"Surowce dla przemys\u0142u spo\u017cywczego, kosmetycznego i farmaceutycznego\",\"publisher\":{\"@id\":\"https:\\\/\\\/naturalpoland.com\\\/ko\\\/#organization\"},\"potentialAction\":[{\"@type\":\"SearchAction\",\"target\":{\"@type\":\"EntryPoint\",\"urlTemplate\":\"https:\\\/\\\/naturalpoland.com\\\/ko\\\/?s={search_term_string}\"},\"query-input\":{\"@type\":\"PropertyValueSpecification\",\"valueRequired\":true,\"valueName\":\"search_term_string\"}}],\"inLanguage\":\"ko-KR\"},{\"@type\":\"Organization\",\"@id\":\"https:\\\/\\\/naturalpoland.com\\\/ko\\\/#organization\",\"name\":\"Natural Poland\",\"url\":\"https:\\\/\\\/naturalpoland.com\\\/ko\\\/\",\"logo\":{\"@type\":\"ImageObject\",\"inLanguage\":\"ko-KR\",\"@id\":\"https:\\\/\\\/naturalpoland.com\\\/ko\\\/#\\\/schema\\\/logo\\\/image\\\/\",\"url\":\"https:\\\/\\\/naturalpoland.com\\\/wp-content\\\/uploads\\\/2021\\\/05\\\/natural-poland-icon.png\",\"contentUrl\":\"https:\\\/\\\/naturalpoland.com\\\/wp-content\\\/uploads\\\/2021\\\/05\\\/natural-poland-icon.png\",\"width\":512,\"height\":512,\"caption\":\"Natural Poland\"},\"image\":{\"@id\":\"https:\\\/\\\/naturalpoland.com\\\/ko\\\/#\\\/schema\\\/logo\\\/image\\\/\"},\"sameAs\":[\"https:\\\/\\\/www.facebook.com\\\/naturalpoland.b2b\",\"https:\\\/\\\/pl.linkedin.com\\\/company\\\/natural-poland\",\"https:\\\/\\\/www.youtube.com\\\/channel\\\/UCgeGGkvOMahZo-xu_MSEWxg\"]}]}<\/script>\n<!-- \/ Yoast SEO plugin. -->","yoast_head_json":{"title":"\uac00\uc220(Ghassoul) \ud074\ub808\uc774 - Hurtowy Dystrybutor","description":"\ubaa8\ub85c\ucf54 \ub77c\ubc14 \ud074\ub808\uc774\ub85c\ub3c4 \uc54c\ub824\uc9c4 \uac00\uc220 \ud074\ub808\uc774\ub294 \uc804 \uc138\uacc4 \uc2a4\ud30c\uc5d0\uc11c \ub110\ub9ac \uc0ac\uc6a9\ub418\ub294 100% \uce5c\ud658\uacbd \uc81c\ud488\uc785\ub2c8\ub2e4.","robots":{"index":"index","follow":"follow","max-snippet":"max-snippet:-1","max-image-preview":"max-image-preview:large","max-video-preview":"max-video-preview:-1"},"canonical":"https:\/\/naturalpoland.com\/ko\/je-pum\/hwa-jang-pum-won-ryo\/cheon-yeon-jeom-to\/gasul-ghassoul-keullei\/","og_locale":"ko_KR","og_type":"article","og_title":"\uac00\uc220(Ghassoul) \ud074\ub808\uc774 - Hurtowy Dystrybutor","og_description":"\ubaa8\ub85c\ucf54 \ub77c\ubc14 \ud074\ub808\uc774\ub85c\ub3c4 \uc54c\ub824\uc9c4 \uac00\uc220 \ud074\ub808\uc774\ub294 \uc804 \uc138\uacc4 \uc2a4\ud30c\uc5d0\uc11c \ub110\ub9ac \uc0ac\uc6a9\ub418\ub294 100% \uce5c\ud658\uacbd \uc81c\ud488\uc785\ub2c8\ub2e4.","og_url":"https:\/\/naturalpoland.com\/ko\/je-pum\/hwa-jang-pum-won-ryo\/cheon-yeon-jeom-to\/gasul-ghassoul-keullei\/","og_site_name":"NATURAL POLAND - Hurtowy Dystrybutor Surowc\u00f3w","article_publisher":"https:\/\/www.facebook.com\/naturalpoland.b2b","article_modified_time":"2025-07-17T11:09:42+00:00","og_image":[{"width":425,"height":282,"url":"https:\/\/naturalpoland.com\/wp-content\/uploads\/2021\/05\/ghassoul-clay.png","type":"image\/png"}],"schema":{"@context":"https:\/\/schema.org","@graph":[{"@type":"WebPage","@id":"https:\/\/naturalpoland.com\/ko\/je-pum\/hwa-jang-pum-won-ryo\/cheon-yeon-jeom-to\/gasul-ghassoul-keullei\/","url":"https:\/\/naturalpoland.com\/ko\/je-pum\/hwa-jang-pum-won-ryo\/cheon-yeon-jeom-to\/gasul-ghassoul-keullei\/","name":"\uac00\uc220(Ghassoul) \ud074\ub808\uc774 - Hurtowy Dystrybutor","isPartOf":{"@id":"https:\/\/naturalpoland.com\/ko\/#website"},"primaryImageOfPage":{"@id":"https:\/\/naturalpoland.com\/ko\/je-pum\/hwa-jang-pum-won-ryo\/cheon-yeon-jeom-to\/gasul-ghassoul-keullei\/#primaryimage"},"image":{"@id":"https:\/\/naturalpoland.com\/ko\/je-pum\/hwa-jang-pum-won-ryo\/cheon-yeon-jeom-to\/gasul-ghassoul-keullei\/#primaryimage"},"thumbnailUrl":"https:\/\/naturalpoland.com\/wp-content\/uploads\/2021\/05\/ghassoul-clay.png","datePublished":"2021-05-11T11:42:58+00:00","dateModified":"2025-07-17T11:09:42+00:00","description":"\ubaa8\ub85c\ucf54 \ub77c\ubc14 \ud074\ub808\uc774\ub85c\ub3c4 \uc54c\ub824\uc9c4 \uac00\uc220 \ud074\ub808\uc774\ub294 \uc804 \uc138\uacc4 \uc2a4\ud30c\uc5d0\uc11c \ub110\ub9ac \uc0ac\uc6a9\ub418\ub294 100% \uce5c\ud658\uacbd \uc81c\ud488\uc785\ub2c8\ub2e4.","breadcrumb":{"@id":"https:\/\/naturalpoland.com\/ko\/je-pum\/hwa-jang-pum-won-ryo\/cheon-yeon-jeom-to\/gasul-ghassoul-keullei\/#breadcrumb"},"inLanguage":"ko-KR","potentialAction":[{"@type":"ReadAction","target":["https:\/\/naturalpoland.com\/ko\/je-pum\/hwa-jang-pum-won-ryo\/cheon-yeon-jeom-to\/gasul-ghassoul-keullei\/"]}]},{"@type":"ImageObject","inLanguage":"ko-KR","@id":"https:\/\/naturalpoland.com\/ko\/je-pum\/hwa-jang-pum-won-ryo\/cheon-yeon-jeom-to\/gasul-ghassoul-keullei\/#primaryimage","url":"https:\/\/naturalpoland.com\/wp-content\/uploads\/2021\/05\/ghassoul-clay.png","contentUrl":"https:\/\/naturalpoland.com\/wp-content\/uploads\/2021\/05\/ghassoul-clay.png","width":425,"height":282,"caption":"Glinka Ghassoul (Rhassoul)"},{"@type":"BreadcrumbList","@id":"https:\/\/naturalpoland.com\/ko\/je-pum\/hwa-jang-pum-won-ryo\/cheon-yeon-jeom-to\/gasul-ghassoul-keullei\/#breadcrumb","itemListElement":[{"@type":"ListItem","position":1,"name":"\ud648","item":"https:\/\/naturalpoland.com\/ko\/"},{"@type":"ListItem","position":2,"name":"\uc81c\ud488","item":"https:\/\/naturalpoland.com\/ko\/%ec%a0%9c%ed%92%88\/"},{"@type":"ListItem","position":3,"name":"\uac00\uc220(Ghassoul) \ud074\ub808\uc774"}]},{"@type":"WebSite","@id":"https:\/\/naturalpoland.com\/ko\/#website","url":"https:\/\/naturalpoland.com\/ko\/","name":"NATURAL POLAND - Hurtowy Dystrybutor Surowc\u00f3w","description":"Surowce dla przemys\u0142u spo\u017cywczego, kosmetycznego i farmaceutycznego","publisher":{"@id":"https:\/\/naturalpoland.com\/ko\/#organization"},"potentialAction":[{"@type":"SearchAction","target":{"@type":"EntryPoint","urlTemplate":"https:\/\/naturalpoland.com\/ko\/?s={search_term_string}"},"query-input":{"@type":"PropertyValueSpecification","valueRequired":true,"valueName":"search_term_string"}}],"inLanguage":"ko-KR"},{"@type":"Organization","@id":"https:\/\/naturalpoland.com\/ko\/#organization","name":"Natural Poland","url":"https:\/\/naturalpoland.com\/ko\/","logo":{"@type":"ImageObject","inLanguage":"ko-KR","@id":"https:\/\/naturalpoland.com\/ko\/#\/schema\/logo\/image\/","url":"https:\/\/naturalpoland.com\/wp-content\/uploads\/2021\/05\/natural-poland-icon.png","contentUrl":"https:\/\/naturalpoland.com\/wp-content\/uploads\/2021\/05\/natural-poland-icon.png","width":512,"height":512,"caption":"Natural Poland"},"image":{"@id":"https:\/\/naturalpoland.com\/ko\/#\/schema\/logo\/image\/"},"sameAs":["https:\/\/www.facebook.com\/naturalpoland.b2b","https:\/\/pl.linkedin.com\/company\/natural-poland","https:\/\/www.youtube.com\/channel\/UCgeGGkvOMahZo-xu_MSEWxg"]}]}},"_links":{"self":[{"href":"https:\/\/naturalpoland.com\/ko\/wp-json\/wp\/v2\/product\/42040","targetHints":{"allow":["GET"]}}],"collection":[{"href":"https:\/\/naturalpoland.com\/ko\/wp-json\/wp\/v2\/product"}],"about":[{"href":"https:\/\/naturalpoland.com\/ko\/wp-json\/wp\/v2\/types\/product"}],"wp:featuredmedia":[{"embeddable":true,"href":"https:\/\/naturalpoland.com\/ko\/wp-json\/wp\/v2\/media\/42041"}],"wp:attachment":[{"href":"https:\/\/naturalpoland.com\/ko\/wp-json\/wp\/v2\/media?parent=42040"}],"wp:term":[{"taxonomy":"product_brand","embeddable":true,"href":"https:\/\/naturalpoland.com\/ko\/wp-json\/wp\/v2\/product_brand?post=42040"},{"taxonomy":"product_cat","embeddable":true,"href":"https:\/\/naturalpoland.com\/ko\/wp-json\/wp\/v2\/product_cat?post=42040"},{"taxonomy":"product_tag","embeddable":true,"href":"https:\/\/naturalpoland.com\/ko\/wp-json\/wp\/v2\/product_tag?post=42040"}],"curies":[{"name":"wp","href":"https:\/\/api.w.org\/{rel}","templated":true}]}}