{"id":42044,"date":"2021-05-11T13:43:21","date_gmt":"2021-05-11T11:43:21","guid":{"rendered":"https:\/\/naturalpoland.com\/produkty\/uncategorized\/%ea%b7%b8%eb%a6%b0-%ed%81%b4%eb%a0%88%ec%9d%b4\/"},"modified":"2025-07-17T13:08:39","modified_gmt":"2025-07-17T11:08:39","slug":"geurin-keullei","status":"publish","type":"product","link":"https:\/\/naturalpoland.com\/ko\/je-pum\/hwa-jang-pum-won-ryo\/cheon-yeon-jeom-to\/geurin-keullei\/","title":{"rendered":"\uadf8\ub9b0 \ud074\ub808\uc774"},"content":{"rendered":"<p>\uadf8\ub9b0 \ud074\ub808\uc774\ub294 \ub2e8\ub3c5\uc73c\ub85c \uc0ac\uc6a9\ud558\uac70\ub098 \ub2e4\uc591\ud55c \ud654\uc7a5\ud488\uc758 \uc131\ubd84\uc73c\ub85c \uc0ac\uc6a9\ub420 \uc218 \uc788\uc2b5\ub2c8\ub2e4. \ud2b9\ud788 \ubb38\uc81c\uc131 \ubc0f \uc5ec\ub4dc\ub984\uc131 \ud53c\ubd80\ub97c \uac00\uc9c4 \ubd84\ub4e4\uaed8 \uad8c\uc7a5\ub429\ub2c8\ub2e4.<\/p>\n<h2>\ud2b9\uc9d5 \ubc0f \uc131\ubd84<\/h2>\n<p>\uadf8\ub9b0 \ud074\ub808\uc774\ub294 \ud2b9\uc720\uc758 \ub179\uc0c9\uacfc \ud759\ub0c4\uc0c8\ub97c \uc9c0\ub2c8\uace0 \uc788\uc73c\uba70, \uc774\ub294 \ucc9c\uc5f0 \ubbf8\ub124\ub784 \uc131\ubd84\uc73c\ub85c \uc778\ud55c \uac83\uc785\ub2c8\ub2e4. \uc54c\ub8e8\ubbf8\ub284, \ucca0, \ub9c8\uadf8\ub124\uc298\uc758 \ucc9c\uc5f0 \uaddc\uc0b0\uc5fc\uc73c\ub85c, \uc131\ubd84\uc758 60% \uc774\uc0c1\uc744 \ucc28\uc9c0\ud558\ub294 <strong>\uc2e4\ub9ac\uce74<\/strong>(SiO2)\uc640 \uac19\uc740 \ub2e4\uc591\ud55c \ubbf8\ub124\ub784\uc774 \ud48d\ubd80\ud569\ub2c8\ub2e4. \ub610\ud55c \ud761\uc218 \ubc0f \uc815\ud654 \ud2b9\uc131\uc73c\ub85c \uc798 \uc54c\ub824\uc9c4 \uc0c1\ub2f9\ub7c9\uc758 <strong>\uc0b0\ud654\uc54c\ub8e8\ubbf8\ub284<\/strong>(Al2O3)\uacfc <strong>\uc0b0\ud654\ucca0<\/strong>(Fe2O3)\uc744 \ud568\uc720\ud558\uace0 \uc788\uc2b5\ub2c8\ub2e4.<\/p>\n<h2>\ud6a8\ub2a5 \ubc0f \ud65c\uc6a9<\/h2>\n<p>\uadf8\ub9b0 \ud074\ub808\uc774\ub294 <strong>\ud56d\uade0 \ud2b9\uc131<\/strong>\uc73c\ub85c \ub192\uc774 \ud3c9\uac00\ub418\uba70, \ud53c\uc9c0 \uc0dd\uc131\uc744 \uc904\uc774\uace0 \uc5fc\uc99d\uc744 \uc644\ud654\ud558\ub294 \ub370 \ud6a8\uacfc\uc801\uc778 \uc218\ub2e8\uc785\ub2c8\ub2e4. \ud53c\ubd80 \ubcd1\ubcc0\uc758 \ube60\ub978 \uce58\uc720\ub97c \ub3d5\uace0 \uc5ec\ub4dc\ub984 \uc81c\uac70\uc5d0 \uae30\uc5ec\ud560 \uc218 \uc788\uc2b5\ub2c8\ub2e4. \ud53c\ubd80 \ud45c\uba74\uc758 \ubd88\uc21c\ubb3c\uacfc \ub3c5\uc18c\ub97c \ud761\uc218\ud558\ub294 \ub2a5\ub825\uc774 \uc788\uc5b4, \ud2b9\ud788 \uc9c0\uc131 \ubc0f \ubcf5\ud569\uc131 \ud53c\ubd80\ub97c \uc704\ud55c \ub9c8\uc2a4\ud06c \ubc0f \ud544\ub9c1 \uc81c\ud488\uc758 \uc131\ubd84\uc73c\ub85c \ud65c\uc6a9\ub429\ub2c8\ub2e4.<\/p>\n<p>\uadf8\ub9b0 \ud074\ub808\uc774\ub294 \ubaa8\uacf5\uc744 \uc815\ud654\ud558\uace0 \ud53c\ubd80\ub97c \uc0c1\ucf8c\ud558\uac8c \ud558\uc5ec \uae68\ub057\ud558\uace0 \ub9e4\ud2b8\ud55c \ud53c\ubd80\ub85c \uac00\uafb8\ub294 \ub370 \ub3c4\uc6c0\uc774 \ub418\ub294 \ub9c8\uc2a4\ud06c\ub85c \ub2e8\ub3c5 \uc0ac\uc6a9\ub3c4 \uad8c\uc7a5\ub429\ub2c8\ub2e4. \uc7ac\uc0dd \ubc0f \uc601\uc591 \uacf5\uae09 \ud2b9\uc131 \ub355\ubd84\uc5d0 \ubc14\ub514 \ucf00\uc5b4 \uc81c\ud488\uc5d0\ub3c4 \uc0ac\uc6a9\ub418\uc5b4 \ud53c\ubd80 \uc138\ud3ec \uc7ac\uc0dd\uc744 \ub3d5\uace0 \uc720\ud574\ud55c \uc678\ubd80 \uc694\uc778\uc73c\ub85c\ubd80\ud130 \ud53c\ubd80\ub97c \ubcf4\ud638\ud569\ub2c8\ub2e4.<\/p>\n<p>\uc774 \ud074\ub808\uc774\ub294 \ud569\uc131 \ucca8\uac00\ubb3c\uacfc \ubc29\ubd80\uc81c\uac00 \uc5c6\uc5b4 \ub9e4\uc6b0 \ubbfc\uac10\ud55c \ud53c\ubd80\ub97c \uac00\uc9c4 \uc0ac\ub78c\ub4e4\uc5d0\uac8c\ub3c4 \uc801\ud569\ud569\ub2c8\ub2e4.<\/p>\n","protected":false},"excerpt":{"rendered":"<p><strong>\uadf8\ub9b0 \ud074\ub808\uc774<\/strong>\ub294 <strong>\ubaac\ubaa8\ub9b4\ub85c\ub098\uc774\ud2b8<\/strong>\ub77c\uace0\ub3c4 \ubd88\ub9ac\uba70, \uc815\ud654 \ubc0f \uce58\uc720 \ud2b9\uc131\uc73c\ub85c \uc778\uae30\ub97c \uc5bb\uc5c8\uc2b5\ub2c8\ub2e4.<\/p>\n","protected":false},"featured_media":42045,"template":"","meta":{"_acf_changed":false},"product_brand":[],"product_cat":[8149],"product_tag":[],"class_list":{"0":"post-42044","1":"product","2":"type-product","3":"status-publish","4":"has-post-thumbnail","6":"product_cat-cheon-yeon-jeom-to","8":"first","9":"instock","10":"shipping-taxable","11":"product-type-simple"},"acf":[],"yoast_head":"<!-- This site is optimized with the Yoast SEO plugin v27.4 - https:\/\/yoast.com\/product\/yoast-seo-wordpress\/ -->\n<title>\uadf8\ub9b0 \ud074\ub808\uc774 - Hurtowy Dystrybutor<\/title>\n<meta name=\"description\" content=\"\uadf8\ub9b0 \ud074\ub808\uc774\ub294 \ub2e8\ub3c5\uc73c\ub85c \uc0ac\uc6a9\ud558\uac70\ub098 \uc5ec\ub4dc\ub984\uc131 \ud53c\ubd80\ub97c \uc704\ud55c \ub2e4\uc591\ud55c \ud654\uc7a5\ud488\uc758 \uc131\ubd84\uc73c\ub85c \uc0ac\uc6a9\ub420 \uc218 \uc788\uc2b5\ub2c8\ub2e4.\" \/>\n<meta name=\"robots\" content=\"index, follow, max-snippet:-1, max-image-preview:large, max-video-preview:-1\" \/>\n<link rel=\"canonical\" href=\"https:\/\/naturalpoland.com\/ko\/je-pum\/hwa-jang-pum-won-ryo\/cheon-yeon-jeom-to\/geurin-keullei\/\" \/>\n<meta property=\"og:locale\" content=\"ko_KR\" \/>\n<meta property=\"og:type\" content=\"article\" \/>\n<meta property=\"og:title\" content=\"\uadf8\ub9b0 \ud074\ub808\uc774 - Hurtowy Dystrybutor\" \/>\n<meta property=\"og:description\" content=\"\uadf8\ub9b0 \ud074\ub808\uc774\ub294 \ub2e8\ub3c5\uc73c\ub85c \uc0ac\uc6a9\ud558\uac70\ub098 \uc5ec\ub4dc\ub984\uc131 \ud53c\ubd80\ub97c \uc704\ud55c \ub2e4\uc591\ud55c \ud654\uc7a5\ud488\uc758 \uc131\ubd84\uc73c\ub85c \uc0ac\uc6a9\ub420 \uc218 \uc788\uc2b5\ub2c8\ub2e4.\" \/>\n<meta property=\"og:url\" content=\"https:\/\/naturalpoland.com\/ko\/je-pum\/hwa-jang-pum-won-ryo\/cheon-yeon-jeom-to\/geurin-keullei\/\" \/>\n<meta property=\"og:site_name\" content=\"NATURAL POLAND - Hurtowy Dystrybutor Surowc\u00f3w\" \/>\n<meta property=\"article:publisher\" content=\"https:\/\/www.facebook.com\/naturalpoland.b2b\" \/>\n<meta property=\"article:modified_time\" content=\"2025-07-17T11:08:39+00:00\" \/>\n<meta property=\"og:image\" content=\"https:\/\/naturalpoland.com\/wp-content\/uploads\/2021\/05\/green-clay.jpg\" \/>\n\t<meta property=\"og:image:width\" content=\"264\" \/>\n\t<meta property=\"og:image:height\" content=\"247\" \/>\n\t<meta property=\"og:image:type\" content=\"image\/jpeg\" \/>\n<script type=\"application\/ld+json\" class=\"yoast-schema-graph\">{\"@context\":\"https:\\\/\\\/schema.org\",\"@graph\":[{\"@type\":\"WebPage\",\"@id\":\"https:\\\/\\\/naturalpoland.com\\\/ko\\\/je-pum\\\/hwa-jang-pum-won-ryo\\\/cheon-yeon-jeom-to\\\/geurin-keullei\\\/\",\"url\":\"https:\\\/\\\/naturalpoland.com\\\/ko\\\/je-pum\\\/hwa-jang-pum-won-ryo\\\/cheon-yeon-jeom-to\\\/geurin-keullei\\\/\",\"name\":\"\uadf8\ub9b0 \ud074\ub808\uc774 - Hurtowy Dystrybutor\",\"isPartOf\":{\"@id\":\"https:\\\/\\\/naturalpoland.com\\\/ko\\\/#website\"},\"primaryImageOfPage\":{\"@id\":\"https:\\\/\\\/naturalpoland.com\\\/ko\\\/je-pum\\\/hwa-jang-pum-won-ryo\\\/cheon-yeon-jeom-to\\\/geurin-keullei\\\/#primaryimage\"},\"image\":{\"@id\":\"https:\\\/\\\/naturalpoland.com\\\/ko\\\/je-pum\\\/hwa-jang-pum-won-ryo\\\/cheon-yeon-jeom-to\\\/geurin-keullei\\\/#primaryimage\"},\"thumbnailUrl\":\"https:\\\/\\\/naturalpoland.com\\\/wp-content\\\/uploads\\\/2021\\\/05\\\/green-clay.jpg\",\"datePublished\":\"2021-05-11T11:43:21+00:00\",\"dateModified\":\"2025-07-17T11:08:39+00:00\",\"description\":\"\uadf8\ub9b0 \ud074\ub808\uc774\ub294 \ub2e8\ub3c5\uc73c\ub85c \uc0ac\uc6a9\ud558\uac70\ub098 \uc5ec\ub4dc\ub984\uc131 \ud53c\ubd80\ub97c \uc704\ud55c \ub2e4\uc591\ud55c \ud654\uc7a5\ud488\uc758 \uc131\ubd84\uc73c\ub85c \uc0ac\uc6a9\ub420 \uc218 \uc788\uc2b5\ub2c8\ub2e4.\",\"breadcrumb\":{\"@id\":\"https:\\\/\\\/naturalpoland.com\\\/ko\\\/je-pum\\\/hwa-jang-pum-won-ryo\\\/cheon-yeon-jeom-to\\\/geurin-keullei\\\/#breadcrumb\"},\"inLanguage\":\"ko-KR\",\"potentialAction\":[{\"@type\":\"ReadAction\",\"target\":[\"https:\\\/\\\/naturalpoland.com\\\/ko\\\/je-pum\\\/hwa-jang-pum-won-ryo\\\/cheon-yeon-jeom-to\\\/geurin-keullei\\\/\"]}]},{\"@type\":\"ImageObject\",\"inLanguage\":\"ko-KR\",\"@id\":\"https:\\\/\\\/naturalpoland.com\\\/ko\\\/je-pum\\\/hwa-jang-pum-won-ryo\\\/cheon-yeon-jeom-to\\\/geurin-keullei\\\/#primaryimage\",\"url\":\"https:\\\/\\\/naturalpoland.com\\\/wp-content\\\/uploads\\\/2021\\\/05\\\/green-clay.jpg\",\"contentUrl\":\"https:\\\/\\\/naturalpoland.com\\\/wp-content\\\/uploads\\\/2021\\\/05\\\/green-clay.jpg\",\"width\":264,\"height\":247,\"caption\":\"Glinka zielona\"},{\"@type\":\"BreadcrumbList\",\"@id\":\"https:\\\/\\\/naturalpoland.com\\\/ko\\\/je-pum\\\/hwa-jang-pum-won-ryo\\\/cheon-yeon-jeom-to\\\/geurin-keullei\\\/#breadcrumb\",\"itemListElement\":[{\"@type\":\"ListItem\",\"position\":1,\"name\":\"\ud648\",\"item\":\"https:\\\/\\\/naturalpoland.com\\\/ko\\\/\"},{\"@type\":\"ListItem\",\"position\":2,\"name\":\"\uc81c\ud488\",\"item\":\"https:\\\/\\\/naturalpoland.com\\\/ko\\\/%ec%a0%9c%ed%92%88\\\/\"},{\"@type\":\"ListItem\",\"position\":3,\"name\":\"\uadf8\ub9b0 \ud074\ub808\uc774\"}]},{\"@type\":\"WebSite\",\"@id\":\"https:\\\/\\\/naturalpoland.com\\\/ko\\\/#website\",\"url\":\"https:\\\/\\\/naturalpoland.com\\\/ko\\\/\",\"name\":\"NATURAL POLAND - Hurtowy Dystrybutor Surowc\u00f3w\",\"description\":\"Surowce dla przemys\u0142u spo\u017cywczego, kosmetycznego i farmaceutycznego\",\"publisher\":{\"@id\":\"https:\\\/\\\/naturalpoland.com\\\/ko\\\/#organization\"},\"potentialAction\":[{\"@type\":\"SearchAction\",\"target\":{\"@type\":\"EntryPoint\",\"urlTemplate\":\"https:\\\/\\\/naturalpoland.com\\\/ko\\\/?s={search_term_string}\"},\"query-input\":{\"@type\":\"PropertyValueSpecification\",\"valueRequired\":true,\"valueName\":\"search_term_string\"}}],\"inLanguage\":\"ko-KR\"},{\"@type\":\"Organization\",\"@id\":\"https:\\\/\\\/naturalpoland.com\\\/ko\\\/#organization\",\"name\":\"Natural Poland\",\"url\":\"https:\\\/\\\/naturalpoland.com\\\/ko\\\/\",\"logo\":{\"@type\":\"ImageObject\",\"inLanguage\":\"ko-KR\",\"@id\":\"https:\\\/\\\/naturalpoland.com\\\/ko\\\/#\\\/schema\\\/logo\\\/image\\\/\",\"url\":\"https:\\\/\\\/naturalpoland.com\\\/wp-content\\\/uploads\\\/2021\\\/05\\\/natural-poland-icon.png\",\"contentUrl\":\"https:\\\/\\\/naturalpoland.com\\\/wp-content\\\/uploads\\\/2021\\\/05\\\/natural-poland-icon.png\",\"width\":512,\"height\":512,\"caption\":\"Natural Poland\"},\"image\":{\"@id\":\"https:\\\/\\\/naturalpoland.com\\\/ko\\\/#\\\/schema\\\/logo\\\/image\\\/\"},\"sameAs\":[\"https:\\\/\\\/www.facebook.com\\\/naturalpoland.b2b\",\"https:\\\/\\\/pl.linkedin.com\\\/company\\\/natural-poland\",\"https:\\\/\\\/www.youtube.com\\\/channel\\\/UCgeGGkvOMahZo-xu_MSEWxg\"]}]}<\/script>\n<!-- \/ Yoast SEO plugin. -->","yoast_head_json":{"title":"\uadf8\ub9b0 \ud074\ub808\uc774 - Hurtowy Dystrybutor","description":"\uadf8\ub9b0 \ud074\ub808\uc774\ub294 \ub2e8\ub3c5\uc73c\ub85c \uc0ac\uc6a9\ud558\uac70\ub098 \uc5ec\ub4dc\ub984\uc131 \ud53c\ubd80\ub97c \uc704\ud55c \ub2e4\uc591\ud55c \ud654\uc7a5\ud488\uc758 \uc131\ubd84\uc73c\ub85c \uc0ac\uc6a9\ub420 \uc218 \uc788\uc2b5\ub2c8\ub2e4.","robots":{"index":"index","follow":"follow","max-snippet":"max-snippet:-1","max-image-preview":"max-image-preview:large","max-video-preview":"max-video-preview:-1"},"canonical":"https:\/\/naturalpoland.com\/ko\/je-pum\/hwa-jang-pum-won-ryo\/cheon-yeon-jeom-to\/geurin-keullei\/","og_locale":"ko_KR","og_type":"article","og_title":"\uadf8\ub9b0 \ud074\ub808\uc774 - Hurtowy Dystrybutor","og_description":"\uadf8\ub9b0 \ud074\ub808\uc774\ub294 \ub2e8\ub3c5\uc73c\ub85c \uc0ac\uc6a9\ud558\uac70\ub098 \uc5ec\ub4dc\ub984\uc131 \ud53c\ubd80\ub97c \uc704\ud55c \ub2e4\uc591\ud55c \ud654\uc7a5\ud488\uc758 \uc131\ubd84\uc73c\ub85c \uc0ac\uc6a9\ub420 \uc218 \uc788\uc2b5\ub2c8\ub2e4.","og_url":"https:\/\/naturalpoland.com\/ko\/je-pum\/hwa-jang-pum-won-ryo\/cheon-yeon-jeom-to\/geurin-keullei\/","og_site_name":"NATURAL POLAND - Hurtowy Dystrybutor Surowc\u00f3w","article_publisher":"https:\/\/www.facebook.com\/naturalpoland.b2b","article_modified_time":"2025-07-17T11:08:39+00:00","og_image":[{"width":264,"height":247,"url":"https:\/\/naturalpoland.com\/wp-content\/uploads\/2021\/05\/green-clay.jpg","type":"image\/jpeg"}],"schema":{"@context":"https:\/\/schema.org","@graph":[{"@type":"WebPage","@id":"https:\/\/naturalpoland.com\/ko\/je-pum\/hwa-jang-pum-won-ryo\/cheon-yeon-jeom-to\/geurin-keullei\/","url":"https:\/\/naturalpoland.com\/ko\/je-pum\/hwa-jang-pum-won-ryo\/cheon-yeon-jeom-to\/geurin-keullei\/","name":"\uadf8\ub9b0 \ud074\ub808\uc774 - Hurtowy Dystrybutor","isPartOf":{"@id":"https:\/\/naturalpoland.com\/ko\/#website"},"primaryImageOfPage":{"@id":"https:\/\/naturalpoland.com\/ko\/je-pum\/hwa-jang-pum-won-ryo\/cheon-yeon-jeom-to\/geurin-keullei\/#primaryimage"},"image":{"@id":"https:\/\/naturalpoland.com\/ko\/je-pum\/hwa-jang-pum-won-ryo\/cheon-yeon-jeom-to\/geurin-keullei\/#primaryimage"},"thumbnailUrl":"https:\/\/naturalpoland.com\/wp-content\/uploads\/2021\/05\/green-clay.jpg","datePublished":"2021-05-11T11:43:21+00:00","dateModified":"2025-07-17T11:08:39+00:00","description":"\uadf8\ub9b0 \ud074\ub808\uc774\ub294 \ub2e8\ub3c5\uc73c\ub85c \uc0ac\uc6a9\ud558\uac70\ub098 \uc5ec\ub4dc\ub984\uc131 \ud53c\ubd80\ub97c \uc704\ud55c \ub2e4\uc591\ud55c \ud654\uc7a5\ud488\uc758 \uc131\ubd84\uc73c\ub85c \uc0ac\uc6a9\ub420 \uc218 \uc788\uc2b5\ub2c8\ub2e4.","breadcrumb":{"@id":"https:\/\/naturalpoland.com\/ko\/je-pum\/hwa-jang-pum-won-ryo\/cheon-yeon-jeom-to\/geurin-keullei\/#breadcrumb"},"inLanguage":"ko-KR","potentialAction":[{"@type":"ReadAction","target":["https:\/\/naturalpoland.com\/ko\/je-pum\/hwa-jang-pum-won-ryo\/cheon-yeon-jeom-to\/geurin-keullei\/"]}]},{"@type":"ImageObject","inLanguage":"ko-KR","@id":"https:\/\/naturalpoland.com\/ko\/je-pum\/hwa-jang-pum-won-ryo\/cheon-yeon-jeom-to\/geurin-keullei\/#primaryimage","url":"https:\/\/naturalpoland.com\/wp-content\/uploads\/2021\/05\/green-clay.jpg","contentUrl":"https:\/\/naturalpoland.com\/wp-content\/uploads\/2021\/05\/green-clay.jpg","width":264,"height":247,"caption":"Glinka zielona"},{"@type":"BreadcrumbList","@id":"https:\/\/naturalpoland.com\/ko\/je-pum\/hwa-jang-pum-won-ryo\/cheon-yeon-jeom-to\/geurin-keullei\/#breadcrumb","itemListElement":[{"@type":"ListItem","position":1,"name":"\ud648","item":"https:\/\/naturalpoland.com\/ko\/"},{"@type":"ListItem","position":2,"name":"\uc81c\ud488","item":"https:\/\/naturalpoland.com\/ko\/%ec%a0%9c%ed%92%88\/"},{"@type":"ListItem","position":3,"name":"\uadf8\ub9b0 \ud074\ub808\uc774"}]},{"@type":"WebSite","@id":"https:\/\/naturalpoland.com\/ko\/#website","url":"https:\/\/naturalpoland.com\/ko\/","name":"NATURAL POLAND - Hurtowy Dystrybutor Surowc\u00f3w","description":"Surowce dla przemys\u0142u spo\u017cywczego, kosmetycznego i farmaceutycznego","publisher":{"@id":"https:\/\/naturalpoland.com\/ko\/#organization"},"potentialAction":[{"@type":"SearchAction","target":{"@type":"EntryPoint","urlTemplate":"https:\/\/naturalpoland.com\/ko\/?s={search_term_string}"},"query-input":{"@type":"PropertyValueSpecification","valueRequired":true,"valueName":"search_term_string"}}],"inLanguage":"ko-KR"},{"@type":"Organization","@id":"https:\/\/naturalpoland.com\/ko\/#organization","name":"Natural Poland","url":"https:\/\/naturalpoland.com\/ko\/","logo":{"@type":"ImageObject","inLanguage":"ko-KR","@id":"https:\/\/naturalpoland.com\/ko\/#\/schema\/logo\/image\/","url":"https:\/\/naturalpoland.com\/wp-content\/uploads\/2021\/05\/natural-poland-icon.png","contentUrl":"https:\/\/naturalpoland.com\/wp-content\/uploads\/2021\/05\/natural-poland-icon.png","width":512,"height":512,"caption":"Natural Poland"},"image":{"@id":"https:\/\/naturalpoland.com\/ko\/#\/schema\/logo\/image\/"},"sameAs":["https:\/\/www.facebook.com\/naturalpoland.b2b","https:\/\/pl.linkedin.com\/company\/natural-poland","https:\/\/www.youtube.com\/channel\/UCgeGGkvOMahZo-xu_MSEWxg"]}]}},"_links":{"self":[{"href":"https:\/\/naturalpoland.com\/ko\/wp-json\/wp\/v2\/product\/42044","targetHints":{"allow":["GET"]}}],"collection":[{"href":"https:\/\/naturalpoland.com\/ko\/wp-json\/wp\/v2\/product"}],"about":[{"href":"https:\/\/naturalpoland.com\/ko\/wp-json\/wp\/v2\/types\/product"}],"wp:featuredmedia":[{"embeddable":true,"href":"https:\/\/naturalpoland.com\/ko\/wp-json\/wp\/v2\/media\/42045"}],"wp:attachment":[{"href":"https:\/\/naturalpoland.com\/ko\/wp-json\/wp\/v2\/media?parent=42044"}],"wp:term":[{"taxonomy":"product_brand","embeddable":true,"href":"https:\/\/naturalpoland.com\/ko\/wp-json\/wp\/v2\/product_brand?post=42044"},{"taxonomy":"product_cat","embeddable":true,"href":"https:\/\/naturalpoland.com\/ko\/wp-json\/wp\/v2\/product_cat?post=42044"},{"taxonomy":"product_tag","embeddable":true,"href":"https:\/\/naturalpoland.com\/ko\/wp-json\/wp\/v2\/product_tag?post=42044"}],"curies":[{"name":"wp","href":"https:\/\/api.w.org\/{rel}","templated":true}]}}