{"id":42046,"date":"2021-05-11T13:43:21","date_gmt":"2021-05-11T11:43:21","guid":{"rendered":"https:\/\/naturalpoland.com\/produkty\/uncategorized\/%ed%95%91%ed%81%ac-%ed%81%b4%eb%a0%88%ec%9d%b4\/"},"modified":"2025-07-17T13:09:50","modified_gmt":"2025-07-17T11:09:50","slug":"pingkeu-keullei","status":"publish","type":"product","link":"https:\/\/naturalpoland.com\/ko\/je-pum\/hwa-jang-pum-won-ryo\/cheon-yeon-jeom-to\/pingkeu-keullei\/","title":{"rendered":"\ud551\ud06c \ud074\ub808\uc774"},"content":{"rendered":"<p>\ud551\ud06c \ud074\ub808\uc774\ub294 \ud654\uc774\ud2b8 \ud074\ub808\uc774\uc640 \ub808\ub4dc \ud074\ub808\uc774\uc758 \uc870\ud569\uc73c\ub85c, \ub450 \uc6d0\ub8cc\uc758 \ud2b9\uc131\uc744 \ubaa8\ub450 \uac00\uc9c0\uace0 \uc788\uc2b5\ub2c8\ub2e4. \uc5ec\ub4dc\ub984\uc131, \ubb38\uc81c\uc131, \ud2b8\ub7ec\ube14\uc131, \uc54c\ub808\ub974\uae30\uc131 \ubc0f \uadf9\ub3c4\ub85c \ubbfc\uac10\ud55c \ud53c\ubd80 \uad00\ub9ac\uc5d0 \uad8c\uc7a5\ub429\ub2c8\ub2e4. \uc9c4\uc815, \uc644\ud654, \uc0c9\uc18c \uce68\ucc29 \uac1c\uc120, \uc18c\ub3c5 \ubc0f \uc7ac\uc0dd \ud6a8\uacfc\uac00 \uc788\uc2b5\ub2c8\ub2e4. \uc774\ub85c \uc778\ud574 \ud551\ud06c \ud074\ub808\uc774\ub294 \ud53c\ubd80 \uc0c1\ud0dc\ub97c \ubcc0\ud654\uc2dc\ud0ac \uc218 \uc788\ub294 \ud654\uc7a5\ud488\uc785\ub2c8\ub2e4.<\/p>\n<p>\uc77c\ubc18\uc801\uc73c\ub85c \ud551\ud06c \ud074\ub808\uc774\ub294 \ud398\uc774\uc2a4 \ub9c8\uc2a4\ud06c\ub97c \ub9cc\ub4dc\ub294 \uae30\ubcf8 \uc7ac\ub8cc\ub85c \uc0ac\uc6a9\ub429\ub2c8\ub2e4. \uac00\uc7a5 \uac04\ub2e8\ud55c \ub808\uc2dc\ud53c\ub294 \ubd84\ub9d0 \ud074\ub808\uc774\uc5d0 \uc57d\uac04\uc758 \ubb3c\uc744 \ub123\uc5b4 \ud398\uc774\uc2a4\ud2b8 \ud615\ud0dc\ub85c \ub9cc\ub4dc\ub294 \uac83\uc785\ub2c8\ub2e4.<\/p>\n<p>\ubaa9\uc695 \ucca8\uac00\uc81c\ub85c\ub3c4 \ud65c\uc6a9\ud560 \uc218 \uc788\uc2b5\ub2c8\ub2e4. \uc774\ub807\uac8c \ud558\uba74 \uc9e7\uc740 \uc2dc\uac04 \uc548\uc5d0 \uc804\uc2e0 \ud53c\ubd80 \uc0c1\ud0dc\uc5d0 \uc601\ud5a5\uc744 \uc904 \uc218 \uc788\uc2b5\ub2c8\ub2e4.<\/p>\n","protected":false},"excerpt":{"rendered":"<p>\ud551\ud06c \ud074\ub808\uc774(\uce74\uc62c\ub9b0, \ubca4\ud1a0\ub098\uc774\ud2b8)\ub294 \uc605\uc740 \ubd89\uc740\uc0c9\uc5d0\uc11c \ud551\ud06c\uc0c9, \ubc1d\uc740 \uac08\uc0c9\uc5d0\uc11c \ubc1d\uc740 \ubd89\uc740\uc0c9\uae4c\uc9c0\uc758 \uade0\uc77c\ud55c \ubd84\ub9d0 \ud615\ud0dc\ub85c \uc874\uc7ac\ud569\ub2c8\ub2e4. \uc81c\uc57d, \ud654\uc7a5\ud488 \ubc0f \uc2dd\ud488 \uc0b0\uc5c5\uc5d0\uc11c \uc0ac\uc6a9\ub429\ub2c8\ub2e4. \ud551\ud06c \ud074\ub808\uc774\uc758 pH\ub294 4.0 &#8211; 8.5\uc785\ub2c8\ub2e4.<\/p>\n","protected":false},"featured_media":42047,"template":"","meta":{"_acf_changed":false},"product_brand":[],"product_cat":[8149],"product_tag":[],"class_list":{"0":"post-42046","1":"product","2":"type-product","3":"status-publish","4":"has-post-thumbnail","6":"product_cat-cheon-yeon-jeom-to","8":"first","9":"instock","10":"shipping-taxable","11":"product-type-simple"},"acf":[],"yoast_head":"<!-- This site is optimized with the Yoast SEO plugin v27.4 - https:\/\/yoast.com\/product\/yoast-seo-wordpress\/ -->\n<title>\ud551\ud06c \ud074\ub808\uc774 - Hurtowy Dystrybutor<\/title>\n<meta name=\"robots\" content=\"index, follow, max-snippet:-1, max-image-preview:large, max-video-preview:-1\" \/>\n<link rel=\"canonical\" href=\"https:\/\/naturalpoland.com\/ko\/je-pum\/hwa-jang-pum-won-ryo\/cheon-yeon-jeom-to\/pingkeu-keullei\/\" \/>\n<meta property=\"og:locale\" content=\"ko_KR\" \/>\n<meta property=\"og:type\" content=\"article\" \/>\n<meta property=\"og:title\" content=\"\ud551\ud06c \ud074\ub808\uc774 - Hurtowy Dystrybutor\" \/>\n<meta property=\"og:description\" content=\"\ud551\ud06c \ud074\ub808\uc774(\uce74\uc62c\ub9b0, \ubca4\ud1a0\ub098\uc774\ud2b8)\ub294 \uc605\uc740 \ubd89\uc740\uc0c9\uc5d0\uc11c \ud551\ud06c\uc0c9, \ubc1d\uc740 \uac08\uc0c9\uc5d0\uc11c \ubc1d\uc740 \ubd89\uc740\uc0c9\uae4c\uc9c0\uc758 \uade0\uc77c\ud55c \ubd84\ub9d0 \ud615\ud0dc\ub85c \uc874\uc7ac\ud569\ub2c8\ub2e4. \uc81c\uc57d, \ud654\uc7a5\ud488 \ubc0f \uc2dd\ud488 \uc0b0\uc5c5\uc5d0\uc11c \uc0ac\uc6a9\ub429\ub2c8\ub2e4. \ud551\ud06c \ud074\ub808\uc774\uc758 pH\ub294 4.0 - 8.5\uc785\ub2c8\ub2e4.\" \/>\n<meta property=\"og:url\" content=\"https:\/\/naturalpoland.com\/ko\/je-pum\/hwa-jang-pum-won-ryo\/cheon-yeon-jeom-to\/pingkeu-keullei\/\" \/>\n<meta property=\"og:site_name\" content=\"NATURAL POLAND - Hurtowy Dystrybutor Surowc\u00f3w\" \/>\n<meta property=\"article:publisher\" content=\"https:\/\/www.facebook.com\/naturalpoland.b2b\" \/>\n<meta property=\"article:modified_time\" content=\"2025-07-17T11:09:50+00:00\" \/>\n<meta property=\"og:image\" content=\"https:\/\/naturalpoland.com\/wp-content\/uploads\/2021\/05\/pink-clay.jpg\" \/>\n\t<meta property=\"og:image:width\" content=\"393\" \/>\n\t<meta property=\"og:image:height\" content=\"306\" \/>\n\t<meta property=\"og:image:type\" content=\"image\/jpeg\" \/>\n<script type=\"application\/ld+json\" class=\"yoast-schema-graph\">{\"@context\":\"https:\\\/\\\/schema.org\",\"@graph\":[{\"@type\":\"WebPage\",\"@id\":\"https:\\\/\\\/naturalpoland.com\\\/ko\\\/je-pum\\\/hwa-jang-pum-won-ryo\\\/cheon-yeon-jeom-to\\\/pingkeu-keullei\\\/\",\"url\":\"https:\\\/\\\/naturalpoland.com\\\/ko\\\/je-pum\\\/hwa-jang-pum-won-ryo\\\/cheon-yeon-jeom-to\\\/pingkeu-keullei\\\/\",\"name\":\"\ud551\ud06c \ud074\ub808\uc774 - Hurtowy Dystrybutor\",\"isPartOf\":{\"@id\":\"https:\\\/\\\/naturalpoland.com\\\/ko\\\/#website\"},\"primaryImageOfPage\":{\"@id\":\"https:\\\/\\\/naturalpoland.com\\\/ko\\\/je-pum\\\/hwa-jang-pum-won-ryo\\\/cheon-yeon-jeom-to\\\/pingkeu-keullei\\\/#primaryimage\"},\"image\":{\"@id\":\"https:\\\/\\\/naturalpoland.com\\\/ko\\\/je-pum\\\/hwa-jang-pum-won-ryo\\\/cheon-yeon-jeom-to\\\/pingkeu-keullei\\\/#primaryimage\"},\"thumbnailUrl\":\"https:\\\/\\\/naturalpoland.com\\\/wp-content\\\/uploads\\\/2021\\\/05\\\/pink-clay.jpg\",\"datePublished\":\"2021-05-11T11:43:21+00:00\",\"dateModified\":\"2025-07-17T11:09:50+00:00\",\"breadcrumb\":{\"@id\":\"https:\\\/\\\/naturalpoland.com\\\/ko\\\/je-pum\\\/hwa-jang-pum-won-ryo\\\/cheon-yeon-jeom-to\\\/pingkeu-keullei\\\/#breadcrumb\"},\"inLanguage\":\"ko-KR\",\"potentialAction\":[{\"@type\":\"ReadAction\",\"target\":[\"https:\\\/\\\/naturalpoland.com\\\/ko\\\/je-pum\\\/hwa-jang-pum-won-ryo\\\/cheon-yeon-jeom-to\\\/pingkeu-keullei\\\/\"]}]},{\"@type\":\"ImageObject\",\"inLanguage\":\"ko-KR\",\"@id\":\"https:\\\/\\\/naturalpoland.com\\\/ko\\\/je-pum\\\/hwa-jang-pum-won-ryo\\\/cheon-yeon-jeom-to\\\/pingkeu-keullei\\\/#primaryimage\",\"url\":\"https:\\\/\\\/naturalpoland.com\\\/wp-content\\\/uploads\\\/2021\\\/05\\\/pink-clay.jpg\",\"contentUrl\":\"https:\\\/\\\/naturalpoland.com\\\/wp-content\\\/uploads\\\/2021\\\/05\\\/pink-clay.jpg\",\"width\":393,\"height\":306,\"caption\":\"Glinka r\u00f3\u017cowa\"},{\"@type\":\"BreadcrumbList\",\"@id\":\"https:\\\/\\\/naturalpoland.com\\\/ko\\\/je-pum\\\/hwa-jang-pum-won-ryo\\\/cheon-yeon-jeom-to\\\/pingkeu-keullei\\\/#breadcrumb\",\"itemListElement\":[{\"@type\":\"ListItem\",\"position\":1,\"name\":\"\ud648\",\"item\":\"https:\\\/\\\/naturalpoland.com\\\/ko\\\/\"},{\"@type\":\"ListItem\",\"position\":2,\"name\":\"\uc81c\ud488\",\"item\":\"https:\\\/\\\/naturalpoland.com\\\/ko\\\/%ec%a0%9c%ed%92%88\\\/\"},{\"@type\":\"ListItem\",\"position\":3,\"name\":\"\ud551\ud06c \ud074\ub808\uc774\"}]},{\"@type\":\"WebSite\",\"@id\":\"https:\\\/\\\/naturalpoland.com\\\/ko\\\/#website\",\"url\":\"https:\\\/\\\/naturalpoland.com\\\/ko\\\/\",\"name\":\"NATURAL POLAND - Hurtowy Dystrybutor Surowc\u00f3w\",\"description\":\"Surowce dla przemys\u0142u spo\u017cywczego, kosmetycznego i farmaceutycznego\",\"publisher\":{\"@id\":\"https:\\\/\\\/naturalpoland.com\\\/ko\\\/#organization\"},\"potentialAction\":[{\"@type\":\"SearchAction\",\"target\":{\"@type\":\"EntryPoint\",\"urlTemplate\":\"https:\\\/\\\/naturalpoland.com\\\/ko\\\/?s={search_term_string}\"},\"query-input\":{\"@type\":\"PropertyValueSpecification\",\"valueRequired\":true,\"valueName\":\"search_term_string\"}}],\"inLanguage\":\"ko-KR\"},{\"@type\":\"Organization\",\"@id\":\"https:\\\/\\\/naturalpoland.com\\\/ko\\\/#organization\",\"name\":\"Natural Poland\",\"url\":\"https:\\\/\\\/naturalpoland.com\\\/ko\\\/\",\"logo\":{\"@type\":\"ImageObject\",\"inLanguage\":\"ko-KR\",\"@id\":\"https:\\\/\\\/naturalpoland.com\\\/ko\\\/#\\\/schema\\\/logo\\\/image\\\/\",\"url\":\"https:\\\/\\\/naturalpoland.com\\\/wp-content\\\/uploads\\\/2021\\\/05\\\/natural-poland-icon.png\",\"contentUrl\":\"https:\\\/\\\/naturalpoland.com\\\/wp-content\\\/uploads\\\/2021\\\/05\\\/natural-poland-icon.png\",\"width\":512,\"height\":512,\"caption\":\"Natural Poland\"},\"image\":{\"@id\":\"https:\\\/\\\/naturalpoland.com\\\/ko\\\/#\\\/schema\\\/logo\\\/image\\\/\"},\"sameAs\":[\"https:\\\/\\\/www.facebook.com\\\/naturalpoland.b2b\",\"https:\\\/\\\/pl.linkedin.com\\\/company\\\/natural-poland\",\"https:\\\/\\\/www.youtube.com\\\/channel\\\/UCgeGGkvOMahZo-xu_MSEWxg\"]}]}<\/script>\n<!-- \/ Yoast SEO plugin. -->","yoast_head_json":{"title":"\ud551\ud06c \ud074\ub808\uc774 - Hurtowy Dystrybutor","robots":{"index":"index","follow":"follow","max-snippet":"max-snippet:-1","max-image-preview":"max-image-preview:large","max-video-preview":"max-video-preview:-1"},"canonical":"https:\/\/naturalpoland.com\/ko\/je-pum\/hwa-jang-pum-won-ryo\/cheon-yeon-jeom-to\/pingkeu-keullei\/","og_locale":"ko_KR","og_type":"article","og_title":"\ud551\ud06c \ud074\ub808\uc774 - Hurtowy Dystrybutor","og_description":"\ud551\ud06c \ud074\ub808\uc774(\uce74\uc62c\ub9b0, \ubca4\ud1a0\ub098\uc774\ud2b8)\ub294 \uc605\uc740 \ubd89\uc740\uc0c9\uc5d0\uc11c \ud551\ud06c\uc0c9, \ubc1d\uc740 \uac08\uc0c9\uc5d0\uc11c \ubc1d\uc740 \ubd89\uc740\uc0c9\uae4c\uc9c0\uc758 \uade0\uc77c\ud55c \ubd84\ub9d0 \ud615\ud0dc\ub85c \uc874\uc7ac\ud569\ub2c8\ub2e4. \uc81c\uc57d, \ud654\uc7a5\ud488 \ubc0f \uc2dd\ud488 \uc0b0\uc5c5\uc5d0\uc11c \uc0ac\uc6a9\ub429\ub2c8\ub2e4. \ud551\ud06c \ud074\ub808\uc774\uc758 pH\ub294 4.0 - 8.5\uc785\ub2c8\ub2e4.","og_url":"https:\/\/naturalpoland.com\/ko\/je-pum\/hwa-jang-pum-won-ryo\/cheon-yeon-jeom-to\/pingkeu-keullei\/","og_site_name":"NATURAL POLAND - Hurtowy Dystrybutor Surowc\u00f3w","article_publisher":"https:\/\/www.facebook.com\/naturalpoland.b2b","article_modified_time":"2025-07-17T11:09:50+00:00","og_image":[{"width":393,"height":306,"url":"https:\/\/naturalpoland.com\/wp-content\/uploads\/2021\/05\/pink-clay.jpg","type":"image\/jpeg"}],"schema":{"@context":"https:\/\/schema.org","@graph":[{"@type":"WebPage","@id":"https:\/\/naturalpoland.com\/ko\/je-pum\/hwa-jang-pum-won-ryo\/cheon-yeon-jeom-to\/pingkeu-keullei\/","url":"https:\/\/naturalpoland.com\/ko\/je-pum\/hwa-jang-pum-won-ryo\/cheon-yeon-jeom-to\/pingkeu-keullei\/","name":"\ud551\ud06c \ud074\ub808\uc774 - Hurtowy Dystrybutor","isPartOf":{"@id":"https:\/\/naturalpoland.com\/ko\/#website"},"primaryImageOfPage":{"@id":"https:\/\/naturalpoland.com\/ko\/je-pum\/hwa-jang-pum-won-ryo\/cheon-yeon-jeom-to\/pingkeu-keullei\/#primaryimage"},"image":{"@id":"https:\/\/naturalpoland.com\/ko\/je-pum\/hwa-jang-pum-won-ryo\/cheon-yeon-jeom-to\/pingkeu-keullei\/#primaryimage"},"thumbnailUrl":"https:\/\/naturalpoland.com\/wp-content\/uploads\/2021\/05\/pink-clay.jpg","datePublished":"2021-05-11T11:43:21+00:00","dateModified":"2025-07-17T11:09:50+00:00","breadcrumb":{"@id":"https:\/\/naturalpoland.com\/ko\/je-pum\/hwa-jang-pum-won-ryo\/cheon-yeon-jeom-to\/pingkeu-keullei\/#breadcrumb"},"inLanguage":"ko-KR","potentialAction":[{"@type":"ReadAction","target":["https:\/\/naturalpoland.com\/ko\/je-pum\/hwa-jang-pum-won-ryo\/cheon-yeon-jeom-to\/pingkeu-keullei\/"]}]},{"@type":"ImageObject","inLanguage":"ko-KR","@id":"https:\/\/naturalpoland.com\/ko\/je-pum\/hwa-jang-pum-won-ryo\/cheon-yeon-jeom-to\/pingkeu-keullei\/#primaryimage","url":"https:\/\/naturalpoland.com\/wp-content\/uploads\/2021\/05\/pink-clay.jpg","contentUrl":"https:\/\/naturalpoland.com\/wp-content\/uploads\/2021\/05\/pink-clay.jpg","width":393,"height":306,"caption":"Glinka r\u00f3\u017cowa"},{"@type":"BreadcrumbList","@id":"https:\/\/naturalpoland.com\/ko\/je-pum\/hwa-jang-pum-won-ryo\/cheon-yeon-jeom-to\/pingkeu-keullei\/#breadcrumb","itemListElement":[{"@type":"ListItem","position":1,"name":"\ud648","item":"https:\/\/naturalpoland.com\/ko\/"},{"@type":"ListItem","position":2,"name":"\uc81c\ud488","item":"https:\/\/naturalpoland.com\/ko\/%ec%a0%9c%ed%92%88\/"},{"@type":"ListItem","position":3,"name":"\ud551\ud06c \ud074\ub808\uc774"}]},{"@type":"WebSite","@id":"https:\/\/naturalpoland.com\/ko\/#website","url":"https:\/\/naturalpoland.com\/ko\/","name":"NATURAL POLAND - Hurtowy Dystrybutor Surowc\u00f3w","description":"Surowce dla przemys\u0142u spo\u017cywczego, kosmetycznego i farmaceutycznego","publisher":{"@id":"https:\/\/naturalpoland.com\/ko\/#organization"},"potentialAction":[{"@type":"SearchAction","target":{"@type":"EntryPoint","urlTemplate":"https:\/\/naturalpoland.com\/ko\/?s={search_term_string}"},"query-input":{"@type":"PropertyValueSpecification","valueRequired":true,"valueName":"search_term_string"}}],"inLanguage":"ko-KR"},{"@type":"Organization","@id":"https:\/\/naturalpoland.com\/ko\/#organization","name":"Natural Poland","url":"https:\/\/naturalpoland.com\/ko\/","logo":{"@type":"ImageObject","inLanguage":"ko-KR","@id":"https:\/\/naturalpoland.com\/ko\/#\/schema\/logo\/image\/","url":"https:\/\/naturalpoland.com\/wp-content\/uploads\/2021\/05\/natural-poland-icon.png","contentUrl":"https:\/\/naturalpoland.com\/wp-content\/uploads\/2021\/05\/natural-poland-icon.png","width":512,"height":512,"caption":"Natural Poland"},"image":{"@id":"https:\/\/naturalpoland.com\/ko\/#\/schema\/logo\/image\/"},"sameAs":["https:\/\/www.facebook.com\/naturalpoland.b2b","https:\/\/pl.linkedin.com\/company\/natural-poland","https:\/\/www.youtube.com\/channel\/UCgeGGkvOMahZo-xu_MSEWxg"]}]}},"_links":{"self":[{"href":"https:\/\/naturalpoland.com\/ko\/wp-json\/wp\/v2\/product\/42046","targetHints":{"allow":["GET"]}}],"collection":[{"href":"https:\/\/naturalpoland.com\/ko\/wp-json\/wp\/v2\/product"}],"about":[{"href":"https:\/\/naturalpoland.com\/ko\/wp-json\/wp\/v2\/types\/product"}],"wp:featuredmedia":[{"embeddable":true,"href":"https:\/\/naturalpoland.com\/ko\/wp-json\/wp\/v2\/media\/42047"}],"wp:attachment":[{"href":"https:\/\/naturalpoland.com\/ko\/wp-json\/wp\/v2\/media?parent=42046"}],"wp:term":[{"taxonomy":"product_brand","embeddable":true,"href":"https:\/\/naturalpoland.com\/ko\/wp-json\/wp\/v2\/product_brand?post=42046"},{"taxonomy":"product_cat","embeddable":true,"href":"https:\/\/naturalpoland.com\/ko\/wp-json\/wp\/v2\/product_cat?post=42046"},{"taxonomy":"product_tag","embeddable":true,"href":"https:\/\/naturalpoland.com\/ko\/wp-json\/wp\/v2\/product_tag?post=42046"}],"curies":[{"name":"wp","href":"https:\/\/api.w.org\/{rel}","templated":true}]}}