{"id":42048,"date":"2021-05-11T13:42:58","date_gmt":"2021-05-11T11:42:58","guid":{"rendered":"https:\/\/naturalpoland.com\/produkty\/uncategorized\/%ec%a0%81%ec%a0%90%ed%86%a0\/"},"modified":"2025-07-17T13:09:00","modified_gmt":"2025-07-17T11:09:00","slug":"jeokjeomto","status":"publish","type":"product","link":"https:\/\/naturalpoland.com\/ko\/je-pum\/hwa-jang-pum-won-ryo\/cheon-yeon-jeom-to\/jeokjeomto\/","title":{"rendered":"\uc801\uc810\ud1a0"},"content":{"rendered":"<h3>\ud654\ud559 \ubd84\uc11d<\/h3>\n<table>\n<tbody>\n<tr>\n<th>\ud2b9\uc131<\/th>\n<th>\uc0ac\uc591<\/th>\n<th>\ub2e8\uc704<\/th>\n<\/tr>\n<tr>\n<td>SiO<sub>2<\/sub><\/td>\n<td>50,27<\/td>\n<td>%<\/td>\n<\/tr>\n<tr>\n<td>Al<sub>2<\/sub>O<sub>3<\/sub><\/td>\n<td>18,81<\/td>\n<td>%<\/td>\n<\/tr>\n<tr>\n<td>Na<sub>2<\/sub>O<\/td>\n<td>0,02<\/td>\n<td><span style=\"font-size: 12px;\">%<\/span><\/td>\n<\/tr>\n<tr>\n<td>MgO<\/td>\n<td>3,40<\/td>\n<td><span style=\"font-size: 12px;\">%<\/span><\/td>\n<\/tr>\n<tr>\n<td>CaO<\/td>\n<td>1,30<\/td>\n<td><span style=\"font-size: 12px;\">%<\/span><\/td>\n<\/tr>\n<tr>\n<td>Fe<sub>2<\/sub>O<sub>3<\/sub><\/td>\n<td>7,40<\/td>\n<td><span style=\"font-size: 12px;\">%<\/span><\/td>\n<\/tr>\n<tr>\n<td>K<sub>2<\/sub>O<\/td>\n<td>2,23<\/td>\n<td><span style=\"font-size: 12px;\">%<\/span><\/td>\n<\/tr>\n<tr>\n<td>TiO<sub>2<\/sub>(GLA)<\/td>\n<td>0,68<\/td>\n<td><span style=\"font-size: 12px;\">%<\/span><\/td>\n<\/tr>\n<tr>\n<td>MnO<\/td>\n<td>0,03<\/td>\n<td><span style=\"font-size: 12px;\">%<\/span><\/td>\n<\/tr>\n<tr>\n<td>P<sub>2<\/sub>O<sub>5<\/sub><\/td>\n<td>0,04<\/td>\n<td><span style=\"font-size: 12px;\">%<\/span><\/td>\n<\/tr>\n<\/tbody>\n<\/table>\n<p>\uc801\uc810\ud1a0\ub294 \ud504\ub791\uc2a4 \uad11\uc0b0\uc5d0\uc11c \ucc44\uad74\ub418\ub294 \uad11\ubb3c\uc9c8\uc785\ub2c8\ub2e4. \uadf8 \uc774\ub984\uc740 \ub178\ub780\uc0c9-\uac08\uc0c9, \ubc1d\uc740 \uac08\uc0c9\uc5d0\uc11c \uac08\uc0c9-\ubd89\uc740\uc0c9\uc5d0 \uc774\ub974\ub294 \ubd84\ub9d0\uc758 \uc0c9\uc0c1\uc5d0\uc11c \uc720\ub798\ud588\uc2b5\ub2c8\ub2e4. pH\ub294 4.0 &#8211; 8.5\uc785\ub2c8\ub2e4.<\/p>\n<p>\uc801\uc810\ud1a0\uc758 \uc815\ud654 \ud2b9\uc131 \ub54c\ubb38\uc5d0 \uc678\ubd80 \ubc0f \ub0b4\ubd80\uc801\uc73c\ub85c \uc0ac\uc6a9\ub429\ub2c8\ub2e4. \uc5bc\uad74 \ub9c8\uc2a4\ud06c(\uc5ec\ub4dc\ub984 \ud1f4\uce58\uc5d0 \ub3c4\uc6c0), \uc804\uc2e0 \ub9c8\uc2a4\ud06c(\uc815\ud654, \uc140\ub8f0\ub77c\uc774\ud2b8 \uac10\uc18c), \uc2ec\uc9c0\uc5b4 \ud5e4\uc5b4 \ub9c8\uc2a4\ud06c(\ubaa8\ubc1c \uac15\ud654, \ub450\ud53c \uc601\uc591 \uacf5\uae09)\ub85c\ub3c4 \uc0ac\uc6a9\ub429\ub2c8\ub2e4. \ud06c\ub9bc\uc774\ub098 \ud1a0\ub108\uc5d0 \ucca8\uac00\ud558\uba74 \uc9c0\uc131 \ud53c\ubd80\ub97c \uac00\uc9c4 \uc0ac\ub78c\ub4e4\uc758 \ud53c\ubd80\uac00 \ub9e4\ud2b8\ud574\uc9c0\uace0, \ubbfc\uac10\uc131 \ud53c\ubd80\ub294 \ub35c \ubbfc\uac10\ud558\uace0 \ubd89\uc5b4\uc9c0\uac8c \ub429\ub2c8\ub2e4. \ub610\ud55c, \uce58\uc57d\uc5d0 \ucca8\uac00\ud558\uba74 \uc787\ubab8\uc744 \uac15\ud654\ud558\ub294 \ub370 \ub3c4\uc6c0\uc774 \ub429\ub2c8\ub2e4.<\/p>\n<p>\uc801\uc810\ud1a0\uc758 \uc0b4\uade0 \ud2b9\uc131 \ub355\ubd84\uc5d0 \ubaa9 \uac10\uc5fc \uce58\ub8cc\uc5d0\ub3c4 \uc720\uc6a9\ud558\uba70, \ubb3c\uacfc \ud568\uaed8 \ub9c8\uc2dc\uba74 \ubab8\uc744 \uc815\ud654\ud558\ub294 \ub370 \ub3c4\uc6c0\uc774 \ub429\ub2c8\ub2e4.<\/p>\n","protected":false},"excerpt":{"rendered":"<p>\uc81c\uc57d, \ud654\uc7a5\ud488 \ubc0f \uc2dd\ud488 \uc0b0\uc5c5\uc5d0 \uc0ac\uc6a9\ub418\ub294 \uace0\ud488\uc9c8 \uc801\uc810\ud1a0(\ubca4\ud1a0\ub098\uc774\ud2b8)\uc785\ub2c8\ub2e4. \uc774 \uc81c\ud488\uc740 \uc644\uc804\ud788 \uc548\uc804\ud558\uace0, \ube44\ubc1c\uc554\uc131, \ubb34\ub3c5\uc131, \uc0dd\ubd84\ud574\uc131\uc774\uba70, \ub3c5\ub9bd\uc801\uc778 \uc5f0\uad6c \uae30\uad00\uc758 \ud1b5\uc81c\ub97c \ubc1b\uc2b5\ub2c8\ub2e4.<\/p>\n","protected":false},"featured_media":42049,"template":"","meta":{"_acf_changed":false},"product_brand":[],"product_cat":[8149],"product_tag":[],"class_list":{"0":"post-42048","1":"product","2":"type-product","3":"status-publish","4":"has-post-thumbnail","6":"product_cat-cheon-yeon-jeom-to","8":"first","9":"instock","10":"shipping-taxable","11":"product-type-simple"},"acf":[],"yoast_head":"<!-- This site is optimized with the Yoast SEO plugin v27.4 - https:\/\/yoast.com\/product\/yoast-seo-wordpress\/ -->\n<title>\uc801\uc810\ud1a0 - Hurtowy Dystrybutor<\/title>\n<meta name=\"robots\" content=\"index, follow, max-snippet:-1, max-image-preview:large, max-video-preview:-1\" \/>\n<link rel=\"canonical\" href=\"https:\/\/naturalpoland.com\/ko\/je-pum\/hwa-jang-pum-won-ryo\/cheon-yeon-jeom-to\/jeokjeomto\/\" \/>\n<meta property=\"og:locale\" content=\"ko_KR\" \/>\n<meta property=\"og:type\" content=\"article\" \/>\n<meta property=\"og:title\" content=\"\uc801\uc810\ud1a0 - Hurtowy Dystrybutor\" \/>\n<meta property=\"og:description\" content=\"\uc81c\uc57d, \ud654\uc7a5\ud488 \ubc0f \uc2dd\ud488 \uc0b0\uc5c5\uc5d0 \uc0ac\uc6a9\ub418\ub294 \uace0\ud488\uc9c8 \uc801\uc810\ud1a0(\ubca4\ud1a0\ub098\uc774\ud2b8)\uc785\ub2c8\ub2e4. \uc774 \uc81c\ud488\uc740 \uc644\uc804\ud788 \uc548\uc804\ud558\uace0, \ube44\ubc1c\uc554\uc131, \ubb34\ub3c5\uc131, \uc0dd\ubd84\ud574\uc131\uc774\uba70, \ub3c5\ub9bd\uc801\uc778 \uc5f0\uad6c \uae30\uad00\uc758 \ud1b5\uc81c\ub97c \ubc1b\uc2b5\ub2c8\ub2e4.\" \/>\n<meta property=\"og:url\" content=\"https:\/\/naturalpoland.com\/ko\/je-pum\/hwa-jang-pum-won-ryo\/cheon-yeon-jeom-to\/jeokjeomto\/\" \/>\n<meta property=\"og:site_name\" content=\"NATURAL POLAND - Hurtowy Dystrybutor Surowc\u00f3w\" \/>\n<meta property=\"article:publisher\" content=\"https:\/\/www.facebook.com\/naturalpoland.b2b\" \/>\n<meta property=\"article:modified_time\" content=\"2025-07-17T11:09:00+00:00\" \/>\n<meta property=\"og:image\" content=\"https:\/\/naturalpoland.com\/wp-content\/uploads\/2021\/05\/red-clay.jpg\" \/>\n\t<meta property=\"og:image:width\" content=\"264\" \/>\n\t<meta property=\"og:image:height\" content=\"247\" \/>\n\t<meta property=\"og:image:type\" content=\"image\/jpeg\" \/>\n<script type=\"application\/ld+json\" class=\"yoast-schema-graph\">{\"@context\":\"https:\\\/\\\/schema.org\",\"@graph\":[{\"@type\":\"WebPage\",\"@id\":\"https:\\\/\\\/naturalpoland.com\\\/ko\\\/je-pum\\\/hwa-jang-pum-won-ryo\\\/cheon-yeon-jeom-to\\\/jeokjeomto\\\/\",\"url\":\"https:\\\/\\\/naturalpoland.com\\\/ko\\\/je-pum\\\/hwa-jang-pum-won-ryo\\\/cheon-yeon-jeom-to\\\/jeokjeomto\\\/\",\"name\":\"\uc801\uc810\ud1a0 - Hurtowy Dystrybutor\",\"isPartOf\":{\"@id\":\"https:\\\/\\\/naturalpoland.com\\\/ko\\\/#website\"},\"primaryImageOfPage\":{\"@id\":\"https:\\\/\\\/naturalpoland.com\\\/ko\\\/je-pum\\\/hwa-jang-pum-won-ryo\\\/cheon-yeon-jeom-to\\\/jeokjeomto\\\/#primaryimage\"},\"image\":{\"@id\":\"https:\\\/\\\/naturalpoland.com\\\/ko\\\/je-pum\\\/hwa-jang-pum-won-ryo\\\/cheon-yeon-jeom-to\\\/jeokjeomto\\\/#primaryimage\"},\"thumbnailUrl\":\"https:\\\/\\\/naturalpoland.com\\\/wp-content\\\/uploads\\\/2021\\\/05\\\/red-clay.jpg\",\"datePublished\":\"2021-05-11T11:42:58+00:00\",\"dateModified\":\"2025-07-17T11:09:00+00:00\",\"breadcrumb\":{\"@id\":\"https:\\\/\\\/naturalpoland.com\\\/ko\\\/je-pum\\\/hwa-jang-pum-won-ryo\\\/cheon-yeon-jeom-to\\\/jeokjeomto\\\/#breadcrumb\"},\"inLanguage\":\"ko-KR\",\"potentialAction\":[{\"@type\":\"ReadAction\",\"target\":[\"https:\\\/\\\/naturalpoland.com\\\/ko\\\/je-pum\\\/hwa-jang-pum-won-ryo\\\/cheon-yeon-jeom-to\\\/jeokjeomto\\\/\"]}]},{\"@type\":\"ImageObject\",\"inLanguage\":\"ko-KR\",\"@id\":\"https:\\\/\\\/naturalpoland.com\\\/ko\\\/je-pum\\\/hwa-jang-pum-won-ryo\\\/cheon-yeon-jeom-to\\\/jeokjeomto\\\/#primaryimage\",\"url\":\"https:\\\/\\\/naturalpoland.com\\\/wp-content\\\/uploads\\\/2021\\\/05\\\/red-clay.jpg\",\"contentUrl\":\"https:\\\/\\\/naturalpoland.com\\\/wp-content\\\/uploads\\\/2021\\\/05\\\/red-clay.jpg\",\"width\":264,\"height\":247,\"caption\":\"Glinka czerwona\"},{\"@type\":\"BreadcrumbList\",\"@id\":\"https:\\\/\\\/naturalpoland.com\\\/ko\\\/je-pum\\\/hwa-jang-pum-won-ryo\\\/cheon-yeon-jeom-to\\\/jeokjeomto\\\/#breadcrumb\",\"itemListElement\":[{\"@type\":\"ListItem\",\"position\":1,\"name\":\"\ud648\",\"item\":\"https:\\\/\\\/naturalpoland.com\\\/ko\\\/\"},{\"@type\":\"ListItem\",\"position\":2,\"name\":\"\uc81c\ud488\",\"item\":\"https:\\\/\\\/naturalpoland.com\\\/ko\\\/%ec%a0%9c%ed%92%88\\\/\"},{\"@type\":\"ListItem\",\"position\":3,\"name\":\"\uc801\uc810\ud1a0\"}]},{\"@type\":\"WebSite\",\"@id\":\"https:\\\/\\\/naturalpoland.com\\\/ko\\\/#website\",\"url\":\"https:\\\/\\\/naturalpoland.com\\\/ko\\\/\",\"name\":\"NATURAL POLAND - Hurtowy Dystrybutor Surowc\u00f3w\",\"description\":\"Surowce dla przemys\u0142u spo\u017cywczego, kosmetycznego i farmaceutycznego\",\"publisher\":{\"@id\":\"https:\\\/\\\/naturalpoland.com\\\/ko\\\/#organization\"},\"potentialAction\":[{\"@type\":\"SearchAction\",\"target\":{\"@type\":\"EntryPoint\",\"urlTemplate\":\"https:\\\/\\\/naturalpoland.com\\\/ko\\\/?s={search_term_string}\"},\"query-input\":{\"@type\":\"PropertyValueSpecification\",\"valueRequired\":true,\"valueName\":\"search_term_string\"}}],\"inLanguage\":\"ko-KR\"},{\"@type\":\"Organization\",\"@id\":\"https:\\\/\\\/naturalpoland.com\\\/ko\\\/#organization\",\"name\":\"Natural Poland\",\"url\":\"https:\\\/\\\/naturalpoland.com\\\/ko\\\/\",\"logo\":{\"@type\":\"ImageObject\",\"inLanguage\":\"ko-KR\",\"@id\":\"https:\\\/\\\/naturalpoland.com\\\/ko\\\/#\\\/schema\\\/logo\\\/image\\\/\",\"url\":\"https:\\\/\\\/naturalpoland.com\\\/wp-content\\\/uploads\\\/2021\\\/05\\\/natural-poland-icon.png\",\"contentUrl\":\"https:\\\/\\\/naturalpoland.com\\\/wp-content\\\/uploads\\\/2021\\\/05\\\/natural-poland-icon.png\",\"width\":512,\"height\":512,\"caption\":\"Natural Poland\"},\"image\":{\"@id\":\"https:\\\/\\\/naturalpoland.com\\\/ko\\\/#\\\/schema\\\/logo\\\/image\\\/\"},\"sameAs\":[\"https:\\\/\\\/www.facebook.com\\\/naturalpoland.b2b\",\"https:\\\/\\\/pl.linkedin.com\\\/company\\\/natural-poland\",\"https:\\\/\\\/www.youtube.com\\\/channel\\\/UCgeGGkvOMahZo-xu_MSEWxg\"]}]}<\/script>\n<!-- \/ Yoast SEO plugin. -->","yoast_head_json":{"title":"\uc801\uc810\ud1a0 - Hurtowy Dystrybutor","robots":{"index":"index","follow":"follow","max-snippet":"max-snippet:-1","max-image-preview":"max-image-preview:large","max-video-preview":"max-video-preview:-1"},"canonical":"https:\/\/naturalpoland.com\/ko\/je-pum\/hwa-jang-pum-won-ryo\/cheon-yeon-jeom-to\/jeokjeomto\/","og_locale":"ko_KR","og_type":"article","og_title":"\uc801\uc810\ud1a0 - Hurtowy Dystrybutor","og_description":"\uc81c\uc57d, \ud654\uc7a5\ud488 \ubc0f \uc2dd\ud488 \uc0b0\uc5c5\uc5d0 \uc0ac\uc6a9\ub418\ub294 \uace0\ud488\uc9c8 \uc801\uc810\ud1a0(\ubca4\ud1a0\ub098\uc774\ud2b8)\uc785\ub2c8\ub2e4. \uc774 \uc81c\ud488\uc740 \uc644\uc804\ud788 \uc548\uc804\ud558\uace0, \ube44\ubc1c\uc554\uc131, \ubb34\ub3c5\uc131, \uc0dd\ubd84\ud574\uc131\uc774\uba70, \ub3c5\ub9bd\uc801\uc778 \uc5f0\uad6c \uae30\uad00\uc758 \ud1b5\uc81c\ub97c \ubc1b\uc2b5\ub2c8\ub2e4.","og_url":"https:\/\/naturalpoland.com\/ko\/je-pum\/hwa-jang-pum-won-ryo\/cheon-yeon-jeom-to\/jeokjeomto\/","og_site_name":"NATURAL POLAND - Hurtowy Dystrybutor Surowc\u00f3w","article_publisher":"https:\/\/www.facebook.com\/naturalpoland.b2b","article_modified_time":"2025-07-17T11:09:00+00:00","og_image":[{"width":264,"height":247,"url":"https:\/\/naturalpoland.com\/wp-content\/uploads\/2021\/05\/red-clay.jpg","type":"image\/jpeg"}],"schema":{"@context":"https:\/\/schema.org","@graph":[{"@type":"WebPage","@id":"https:\/\/naturalpoland.com\/ko\/je-pum\/hwa-jang-pum-won-ryo\/cheon-yeon-jeom-to\/jeokjeomto\/","url":"https:\/\/naturalpoland.com\/ko\/je-pum\/hwa-jang-pum-won-ryo\/cheon-yeon-jeom-to\/jeokjeomto\/","name":"\uc801\uc810\ud1a0 - Hurtowy Dystrybutor","isPartOf":{"@id":"https:\/\/naturalpoland.com\/ko\/#website"},"primaryImageOfPage":{"@id":"https:\/\/naturalpoland.com\/ko\/je-pum\/hwa-jang-pum-won-ryo\/cheon-yeon-jeom-to\/jeokjeomto\/#primaryimage"},"image":{"@id":"https:\/\/naturalpoland.com\/ko\/je-pum\/hwa-jang-pum-won-ryo\/cheon-yeon-jeom-to\/jeokjeomto\/#primaryimage"},"thumbnailUrl":"https:\/\/naturalpoland.com\/wp-content\/uploads\/2021\/05\/red-clay.jpg","datePublished":"2021-05-11T11:42:58+00:00","dateModified":"2025-07-17T11:09:00+00:00","breadcrumb":{"@id":"https:\/\/naturalpoland.com\/ko\/je-pum\/hwa-jang-pum-won-ryo\/cheon-yeon-jeom-to\/jeokjeomto\/#breadcrumb"},"inLanguage":"ko-KR","potentialAction":[{"@type":"ReadAction","target":["https:\/\/naturalpoland.com\/ko\/je-pum\/hwa-jang-pum-won-ryo\/cheon-yeon-jeom-to\/jeokjeomto\/"]}]},{"@type":"ImageObject","inLanguage":"ko-KR","@id":"https:\/\/naturalpoland.com\/ko\/je-pum\/hwa-jang-pum-won-ryo\/cheon-yeon-jeom-to\/jeokjeomto\/#primaryimage","url":"https:\/\/naturalpoland.com\/wp-content\/uploads\/2021\/05\/red-clay.jpg","contentUrl":"https:\/\/naturalpoland.com\/wp-content\/uploads\/2021\/05\/red-clay.jpg","width":264,"height":247,"caption":"Glinka czerwona"},{"@type":"BreadcrumbList","@id":"https:\/\/naturalpoland.com\/ko\/je-pum\/hwa-jang-pum-won-ryo\/cheon-yeon-jeom-to\/jeokjeomto\/#breadcrumb","itemListElement":[{"@type":"ListItem","position":1,"name":"\ud648","item":"https:\/\/naturalpoland.com\/ko\/"},{"@type":"ListItem","position":2,"name":"\uc81c\ud488","item":"https:\/\/naturalpoland.com\/ko\/%ec%a0%9c%ed%92%88\/"},{"@type":"ListItem","position":3,"name":"\uc801\uc810\ud1a0"}]},{"@type":"WebSite","@id":"https:\/\/naturalpoland.com\/ko\/#website","url":"https:\/\/naturalpoland.com\/ko\/","name":"NATURAL POLAND - Hurtowy Dystrybutor Surowc\u00f3w","description":"Surowce dla przemys\u0142u spo\u017cywczego, kosmetycznego i farmaceutycznego","publisher":{"@id":"https:\/\/naturalpoland.com\/ko\/#organization"},"potentialAction":[{"@type":"SearchAction","target":{"@type":"EntryPoint","urlTemplate":"https:\/\/naturalpoland.com\/ko\/?s={search_term_string}"},"query-input":{"@type":"PropertyValueSpecification","valueRequired":true,"valueName":"search_term_string"}}],"inLanguage":"ko-KR"},{"@type":"Organization","@id":"https:\/\/naturalpoland.com\/ko\/#organization","name":"Natural Poland","url":"https:\/\/naturalpoland.com\/ko\/","logo":{"@type":"ImageObject","inLanguage":"ko-KR","@id":"https:\/\/naturalpoland.com\/ko\/#\/schema\/logo\/image\/","url":"https:\/\/naturalpoland.com\/wp-content\/uploads\/2021\/05\/natural-poland-icon.png","contentUrl":"https:\/\/naturalpoland.com\/wp-content\/uploads\/2021\/05\/natural-poland-icon.png","width":512,"height":512,"caption":"Natural Poland"},"image":{"@id":"https:\/\/naturalpoland.com\/ko\/#\/schema\/logo\/image\/"},"sameAs":["https:\/\/www.facebook.com\/naturalpoland.b2b","https:\/\/pl.linkedin.com\/company\/natural-poland","https:\/\/www.youtube.com\/channel\/UCgeGGkvOMahZo-xu_MSEWxg"]}]}},"_links":{"self":[{"href":"https:\/\/naturalpoland.com\/ko\/wp-json\/wp\/v2\/product\/42048","targetHints":{"allow":["GET"]}}],"collection":[{"href":"https:\/\/naturalpoland.com\/ko\/wp-json\/wp\/v2\/product"}],"about":[{"href":"https:\/\/naturalpoland.com\/ko\/wp-json\/wp\/v2\/types\/product"}],"wp:featuredmedia":[{"embeddable":true,"href":"https:\/\/naturalpoland.com\/ko\/wp-json\/wp\/v2\/media\/42049"}],"wp:attachment":[{"href":"https:\/\/naturalpoland.com\/ko\/wp-json\/wp\/v2\/media?parent=42048"}],"wp:term":[{"taxonomy":"product_brand","embeddable":true,"href":"https:\/\/naturalpoland.com\/ko\/wp-json\/wp\/v2\/product_brand?post=42048"},{"taxonomy":"product_cat","embeddable":true,"href":"https:\/\/naturalpoland.com\/ko\/wp-json\/wp\/v2\/product_cat?post=42048"},{"taxonomy":"product_tag","embeddable":true,"href":"https:\/\/naturalpoland.com\/ko\/wp-json\/wp\/v2\/product_tag?post=42048"}],"curies":[{"name":"wp","href":"https:\/\/api.w.org\/{rel}","templated":true}]}}