{"id":42142,"date":"2023-07-18T11:01:16","date_gmt":"2023-07-18T09:01:16","guid":{"rendered":"https:\/\/naturalpoland.com\/produkty\/uncategorized\/%ec%8c%80-%eb%b2%84%ed%84%b0\/"},"modified":"2025-07-21T14:05:55","modified_gmt":"2025-07-21T12:05:55","slug":"ssal-beoteo","status":"publish","type":"product","link":"https:\/\/naturalpoland.com\/ko\/je-pum\/hwa-jang-pum-won-ryo\/hwa-jang-pum-beo-teo\/ssal-beoteo\/","title":{"rendered":"\uc300 \ubc84\ud130"},"content":{"rendered":"<p>\uc300\uc740 \uc804 \uc138\uacc4 \ud53c\ubd80 \uad00\ub9ac\uc5d0 \uc0ac\uc6a9\ub418\ub294 \uac00\uc7a5 \uc624\ub798\ub418\uace0 \ubcf4\ud3b8\uc801\uc778 \uc131\ubd84 \uc911 \ud558\ub098\uc785\ub2c8\ub2e4. \uc218\uc138\uae30 \ub3d9\uc548 \uac74\uac15\ud558\uace0 \ub9e4\ub044\ub7fd\uace0 \ube5b\ub098\ub294 \ud53c\ubd80\ub97c \uc720\uc9c0\ud558\ub294 \ub370 \ub3c4\uc6c0\uc774 \ub418\ub294 \uc601\uc591 \ubc0f \ubcf4\ud638 \ud2b9\uc131\uc73c\ub85c \ub192\uc774 \ud3c9\uac00\ub418\uc5c8\uc2b5\ub2c8\ub2e4. \ub2f9\uc0ac\uc758 \uc300 \ubc84\ud130\ub294 \uc774\ub7ec\ud55c \uc624\ub79c \uc804\ud1b5\uc744 \ud604\ub300\uc801\uc778 \ud53c\ubd80 \uad00\ub9ac \uc811\uadfc \ubc29\uc2dd\uacfc \uacb0\ud569\ud569\ub2c8\ub2e4. \uc804\ud1b5\uc801\uc778 \uc9c0\uc2dd\uacfc \ud604\ub300 \uae30\uc220\uc744 \uacb0\ud569\ud558\uc5ec \ud53c\ubd80\uc5d0 \ucd5c\uace0 \ud488\uc9c8\uc758 \uad00\ub9ac\ub97c \uc81c\uacf5\ud558\ub294 \ud654\uc7a5\ud488\uc785\ub2c8\ub2e4. \ube44\ud0c0\ubbfc, \ubbf8\ub124\ub784, \ud56d\uc0b0\ud654\uc81c\uc640 \uac19\uc740 \uadc0\uc911\ud55c \uc131\ubd84\uc744 \ub9ce\uc774 \ud568\uc720\ud558\uace0 \uc788\uc5b4 \ud53c\ubd80\ub97c \ubcf4\ud638\ud558\uace0 \ubcf4\uc2b5\ud558\uba70 \ube5b\ub098\ub294 \ubaa8\uc2b5\uc744 \uc120\uc0ac\ud569\ub2c8\ub2e4.<\/p>\n<h2>\uc300 \ubc84\ud130 \uc131\ubd84<\/h2>\n<p>\ub2f9\uc0ac\uc758 \uc300 \ubc84\ud130\ub294 \uc300 \uc528 \uc624\uc77c\uacfc \uacbd\ud654 \uc2dd\ubb3c\uc131 \uc624\uc77c\ub85c \uad6c\uc131\ub418\uc5b4 \uc788\uc2b5\ub2c8\ub2e4. <strong>\uc300 \uc624\uc77c<\/strong>\uc740 <strong><a href=\"https:\/\/naturalpoland.com\/ko\/je-pum\/ui-yak-pum-won-ryo\/bi-ta-min\/bitamin-e-tokoperil-aseteiteu\/\">\ube44\ud0c0\ubbfc E<\/a><\/strong>\uc640 \uc9c0\ubc29\uc0b0\uc774 \ud48d\ubd80\ud558\uc5ec \ud53c\ubd80\uc5d0 \uc218\ubd84\uc744 \uacf5\uae09\ud558\uace0 \uc601\uc591\uc744 \uacf5\uae09\ud558\uba70 \uc790\uc5f0\uc801\uc778 \ubcf4\ud638 \uae30\ub2a5\uc744 \uc9c0\uc6d0\ud569\ub2c8\ub2e4. <strong>\uacbd\ud654 \uc2dd\ubb3c\uc131 \uc624\uc77c<\/strong>\uc740 \uc300 \ubc84\ud130\uc5d0 \ud2b9\uc720\uc758 \ud06c\ub9ac\ubbf8\ud55c \uc9c8\uac10\uc744 \ubd80\uc5ec\ud558\uc5ec \ubc14\ub974\uae30 \uc27d\uace0 \ube60\ub974\uac8c \ud761\uc218\ub429\ub2c8\ub2e4.<\/p>\n<h2>\uc300 \ubc84\ud130\uc758 \ud2b9\uc131<\/h2>\n<p>\uc300 \ubc84\ud130\ub294 \uac74\uc131 \ubc0f \uc131\uc219\ud55c \ud53c\ubd80\ubd80\ud130 \uc9c0\uc131 \ubc0f \ubcf5\ud569\uc131 \ud53c\ubd80\uae4c\uc9c0 \ubaa8\ub4e0 \ud53c\ubd80 \ud0c0\uc785\uc5d0 \ud0c1\uc6d4\ud55c \ud654\uc7a5\ud488\uc785\ub2c8\ub2e4. \uc5bc\uad74, \ubab8, \uc2ec\uc9c0\uc5b4 \uba38\ub9ac\uce74\ub77d \uad00\ub9ac\uc5d0\ub3c4 \uc0ac\uc6a9\ud560 \uc218 \uc788\uc2b5\ub2c8\ub2e4. \uc740\uc740\ud558\uace0 \uc790\uc5f0\uc2a4\ub7ec\uc6b4 \ud5a5\uacfc \ud06c\ub9ac\ubbf8\ud55c \uc9c8\uac10\uc73c\ub85c \uc0ac\uc6a9\ud560 \ub54c\ub9c8\ub2e4 \uc9c4\uc815\ud55c \uc990\uac70\uc6c0\uc744 \uc120\uc0ac\ud569\ub2c8\ub2e4.<\/p>\n<p>\ub3c5\ud2b9\ud55c \ud2b9\uc131 \ub355\ubd84\uc5d0 \uc300 \ubc84\ud130\ub294 \ud53c\ubd80\uc5d0 \ud544\uc218 \uc601\uc591\uc18c\ub97c \uacf5\uae09\ud558\uace0 \uac74\uac15\uacfc \uc544\ub984\ub2e4\uc6c0\uc744 \uc720\uc9c0\ud558\ub294 \ub370 \ub3c4\uc6c0\uc774 \ub418\ub294 \uc2ec\uce35\uc801\uc778 \ud53c\ubd80 \uad00\ub9ac\ub97c \uac00\ub2a5\ud558\uac8c \ud558\ub294 \ud654\uc7a5\ud488\uc785\ub2c8\ub2e4.<\/p>\n","protected":false},"excerpt":{"rendered":"<p>\uc300 \ubc84\ud130\ub294 \uc300\uc54c\uc758 \ud798\uc5d0\uc11c \uadf8 \ud2b9\uc131\uc744 \uc5bb\ub294 \ud2b9\ubcc4\ud55c \uc81c\ud488\uc785\ub2c8\ub2e4. \uc218\uc138\uae30 \ub3d9\uc548 \uc300\uc740 \ud2b9\ud788 \uc544\uc2dc\uc544\uc5d0\uc11c \ub9ce\uc740 \uac00\uc815\uc6a9 \ub9c8\uc2a4\ud06c\uc640 \ud654\uc7a5\ud488\uc758 \uae30\ubcf8 \uc131\ubd84\uc73c\ub85c \ubbf8\uc6a9\ud559\uc5d0 \uc0ac\uc6a9\ub418\uc5b4 \uc654\uc2b5\ub2c8\ub2e4.<\/p>\n","protected":false},"featured_media":42143,"template":"","meta":{"_acf_changed":false},"product_brand":[],"product_cat":[8153],"product_tag":[],"class_list":{"0":"post-42142","1":"product","2":"type-product","3":"status-publish","4":"has-post-thumbnail","6":"product_cat-hwa-jang-pum-beo-teo","8":"first","9":"instock","10":"shipping-taxable","11":"product-type-simple"},"acf":[],"yoast_head":"<!-- This site is optimized with the Yoast SEO plugin v27.4 - https:\/\/yoast.com\/product\/yoast-seo-wordpress\/ -->\n<title>\uc300 \ubc84\ud130 - Hurtowy Dystrybutor<\/title>\n<meta name=\"description\" content=\"\uc300 \ubc84\ud130\ub294 \uc300\uc54c\uc758 \ud798\uc5d0\uc11c \uadf8 \ud2b9\uc131\uc744 \uc5bb\uc2b5\ub2c8\ub2e4. \uc300 \uc528 \uc624\uc77c\uacfc \uacbd\ud654 \uc2dd\ubb3c\uc131 \uc624\uc77c\ub85c \uad6c\uc131\ub418\uc5b4 \uc788\uc2b5\ub2c8\ub2e4.\" \/>\n<meta name=\"robots\" content=\"index, follow, max-snippet:-1, max-image-preview:large, max-video-preview:-1\" \/>\n<link rel=\"canonical\" href=\"https:\/\/naturalpoland.com\/ko\/je-pum\/hwa-jang-pum-won-ryo\/hwa-jang-pum-beo-teo\/ssal-beoteo\/\" \/>\n<meta property=\"og:locale\" content=\"ko_KR\" \/>\n<meta property=\"og:type\" content=\"article\" \/>\n<meta property=\"og:title\" content=\"\uc300 \ubc84\ud130 - Hurtowy Dystrybutor\" \/>\n<meta property=\"og:description\" content=\"\uc300 \ubc84\ud130\ub294 \uc300\uc54c\uc758 \ud798\uc5d0\uc11c \uadf8 \ud2b9\uc131\uc744 \uc5bb\uc2b5\ub2c8\ub2e4. \uc300 \uc528 \uc624\uc77c\uacfc \uacbd\ud654 \uc2dd\ubb3c\uc131 \uc624\uc77c\ub85c \uad6c\uc131\ub418\uc5b4 \uc788\uc2b5\ub2c8\ub2e4.\" \/>\n<meta property=\"og:url\" content=\"https:\/\/naturalpoland.com\/ko\/je-pum\/hwa-jang-pum-won-ryo\/hwa-jang-pum-beo-teo\/ssal-beoteo\/\" \/>\n<meta property=\"og:site_name\" content=\"NATURAL POLAND - Hurtowy Dystrybutor Surowc\u00f3w\" \/>\n<meta property=\"article:publisher\" content=\"https:\/\/www.facebook.com\/naturalpoland.b2b\" \/>\n<meta property=\"article:modified_time\" content=\"2025-07-21T12:05:55+00:00\" \/>\n<meta property=\"og:image\" content=\"https:\/\/naturalpoland.com\/wp-content\/uploads\/rice-butter.png\" \/>\n\t<meta property=\"og:image:width\" content=\"583\" \/>\n\t<meta property=\"og:image:height\" content=\"583\" \/>\n\t<meta property=\"og:image:type\" content=\"image\/png\" \/>\n<script type=\"application\/ld+json\" class=\"yoast-schema-graph\">{\"@context\":\"https:\\\/\\\/schema.org\",\"@graph\":[{\"@type\":\"WebPage\",\"@id\":\"https:\\\/\\\/naturalpoland.com\\\/ko\\\/je-pum\\\/hwa-jang-pum-won-ryo\\\/hwa-jang-pum-beo-teo\\\/ssal-beoteo\\\/\",\"url\":\"https:\\\/\\\/naturalpoland.com\\\/ko\\\/je-pum\\\/hwa-jang-pum-won-ryo\\\/hwa-jang-pum-beo-teo\\\/ssal-beoteo\\\/\",\"name\":\"\uc300 \ubc84\ud130 - Hurtowy Dystrybutor\",\"isPartOf\":{\"@id\":\"https:\\\/\\\/naturalpoland.com\\\/ko\\\/#website\"},\"primaryImageOfPage\":{\"@id\":\"https:\\\/\\\/naturalpoland.com\\\/ko\\\/je-pum\\\/hwa-jang-pum-won-ryo\\\/hwa-jang-pum-beo-teo\\\/ssal-beoteo\\\/#primaryimage\"},\"image\":{\"@id\":\"https:\\\/\\\/naturalpoland.com\\\/ko\\\/je-pum\\\/hwa-jang-pum-won-ryo\\\/hwa-jang-pum-beo-teo\\\/ssal-beoteo\\\/#primaryimage\"},\"thumbnailUrl\":\"https:\\\/\\\/naturalpoland.com\\\/wp-content\\\/uploads\\\/rice-butter.png\",\"datePublished\":\"2023-07-18T09:01:16+00:00\",\"dateModified\":\"2025-07-21T12:05:55+00:00\",\"description\":\"\uc300 \ubc84\ud130\ub294 \uc300\uc54c\uc758 \ud798\uc5d0\uc11c \uadf8 \ud2b9\uc131\uc744 \uc5bb\uc2b5\ub2c8\ub2e4. \uc300 \uc528 \uc624\uc77c\uacfc \uacbd\ud654 \uc2dd\ubb3c\uc131 \uc624\uc77c\ub85c \uad6c\uc131\ub418\uc5b4 \uc788\uc2b5\ub2c8\ub2e4.\",\"breadcrumb\":{\"@id\":\"https:\\\/\\\/naturalpoland.com\\\/ko\\\/je-pum\\\/hwa-jang-pum-won-ryo\\\/hwa-jang-pum-beo-teo\\\/ssal-beoteo\\\/#breadcrumb\"},\"inLanguage\":\"ko-KR\",\"potentialAction\":[{\"@type\":\"ReadAction\",\"target\":[\"https:\\\/\\\/naturalpoland.com\\\/ko\\\/je-pum\\\/hwa-jang-pum-won-ryo\\\/hwa-jang-pum-beo-teo\\\/ssal-beoteo\\\/\"]}]},{\"@type\":\"ImageObject\",\"inLanguage\":\"ko-KR\",\"@id\":\"https:\\\/\\\/naturalpoland.com\\\/ko\\\/je-pum\\\/hwa-jang-pum-won-ryo\\\/hwa-jang-pum-beo-teo\\\/ssal-beoteo\\\/#primaryimage\",\"url\":\"https:\\\/\\\/naturalpoland.com\\\/wp-content\\\/uploads\\\/rice-butter.png\",\"contentUrl\":\"https:\\\/\\\/naturalpoland.com\\\/wp-content\\\/uploads\\\/rice-butter.png\",\"width\":583,\"height\":583,\"caption\":\"mas\u0142o ry\u017cowe\"},{\"@type\":\"BreadcrumbList\",\"@id\":\"https:\\\/\\\/naturalpoland.com\\\/ko\\\/je-pum\\\/hwa-jang-pum-won-ryo\\\/hwa-jang-pum-beo-teo\\\/ssal-beoteo\\\/#breadcrumb\",\"itemListElement\":[{\"@type\":\"ListItem\",\"position\":1,\"name\":\"\ud648\",\"item\":\"https:\\\/\\\/naturalpoland.com\\\/ko\\\/\"},{\"@type\":\"ListItem\",\"position\":2,\"name\":\"\uc81c\ud488\",\"item\":\"https:\\\/\\\/naturalpoland.com\\\/ko\\\/%ec%a0%9c%ed%92%88\\\/\"},{\"@type\":\"ListItem\",\"position\":3,\"name\":\"\uc300 \ubc84\ud130\"}]},{\"@type\":\"WebSite\",\"@id\":\"https:\\\/\\\/naturalpoland.com\\\/ko\\\/#website\",\"url\":\"https:\\\/\\\/naturalpoland.com\\\/ko\\\/\",\"name\":\"NATURAL POLAND - Hurtowy Dystrybutor Surowc\u00f3w\",\"description\":\"Surowce dla przemys\u0142u spo\u017cywczego, kosmetycznego i farmaceutycznego\",\"publisher\":{\"@id\":\"https:\\\/\\\/naturalpoland.com\\\/ko\\\/#organization\"},\"potentialAction\":[{\"@type\":\"SearchAction\",\"target\":{\"@type\":\"EntryPoint\",\"urlTemplate\":\"https:\\\/\\\/naturalpoland.com\\\/ko\\\/?s={search_term_string}\"},\"query-input\":{\"@type\":\"PropertyValueSpecification\",\"valueRequired\":true,\"valueName\":\"search_term_string\"}}],\"inLanguage\":\"ko-KR\"},{\"@type\":\"Organization\",\"@id\":\"https:\\\/\\\/naturalpoland.com\\\/ko\\\/#organization\",\"name\":\"Natural Poland\",\"url\":\"https:\\\/\\\/naturalpoland.com\\\/ko\\\/\",\"logo\":{\"@type\":\"ImageObject\",\"inLanguage\":\"ko-KR\",\"@id\":\"https:\\\/\\\/naturalpoland.com\\\/ko\\\/#\\\/schema\\\/logo\\\/image\\\/\",\"url\":\"https:\\\/\\\/naturalpoland.com\\\/wp-content\\\/uploads\\\/2021\\\/05\\\/natural-poland-icon.png\",\"contentUrl\":\"https:\\\/\\\/naturalpoland.com\\\/wp-content\\\/uploads\\\/2021\\\/05\\\/natural-poland-icon.png\",\"width\":512,\"height\":512,\"caption\":\"Natural Poland\"},\"image\":{\"@id\":\"https:\\\/\\\/naturalpoland.com\\\/ko\\\/#\\\/schema\\\/logo\\\/image\\\/\"},\"sameAs\":[\"https:\\\/\\\/www.facebook.com\\\/naturalpoland.b2b\",\"https:\\\/\\\/pl.linkedin.com\\\/company\\\/natural-poland\",\"https:\\\/\\\/www.youtube.com\\\/channel\\\/UCgeGGkvOMahZo-xu_MSEWxg\"]}]}<\/script>\n<!-- \/ Yoast SEO plugin. -->","yoast_head_json":{"title":"\uc300 \ubc84\ud130 - Hurtowy Dystrybutor","description":"\uc300 \ubc84\ud130\ub294 \uc300\uc54c\uc758 \ud798\uc5d0\uc11c \uadf8 \ud2b9\uc131\uc744 \uc5bb\uc2b5\ub2c8\ub2e4. \uc300 \uc528 \uc624\uc77c\uacfc \uacbd\ud654 \uc2dd\ubb3c\uc131 \uc624\uc77c\ub85c \uad6c\uc131\ub418\uc5b4 \uc788\uc2b5\ub2c8\ub2e4.","robots":{"index":"index","follow":"follow","max-snippet":"max-snippet:-1","max-image-preview":"max-image-preview:large","max-video-preview":"max-video-preview:-1"},"canonical":"https:\/\/naturalpoland.com\/ko\/je-pum\/hwa-jang-pum-won-ryo\/hwa-jang-pum-beo-teo\/ssal-beoteo\/","og_locale":"ko_KR","og_type":"article","og_title":"\uc300 \ubc84\ud130 - Hurtowy Dystrybutor","og_description":"\uc300 \ubc84\ud130\ub294 \uc300\uc54c\uc758 \ud798\uc5d0\uc11c \uadf8 \ud2b9\uc131\uc744 \uc5bb\uc2b5\ub2c8\ub2e4. \uc300 \uc528 \uc624\uc77c\uacfc \uacbd\ud654 \uc2dd\ubb3c\uc131 \uc624\uc77c\ub85c \uad6c\uc131\ub418\uc5b4 \uc788\uc2b5\ub2c8\ub2e4.","og_url":"https:\/\/naturalpoland.com\/ko\/je-pum\/hwa-jang-pum-won-ryo\/hwa-jang-pum-beo-teo\/ssal-beoteo\/","og_site_name":"NATURAL POLAND - Hurtowy Dystrybutor Surowc\u00f3w","article_publisher":"https:\/\/www.facebook.com\/naturalpoland.b2b","article_modified_time":"2025-07-21T12:05:55+00:00","og_image":[{"width":583,"height":583,"url":"https:\/\/naturalpoland.com\/wp-content\/uploads\/rice-butter.png","type":"image\/png"}],"schema":{"@context":"https:\/\/schema.org","@graph":[{"@type":"WebPage","@id":"https:\/\/naturalpoland.com\/ko\/je-pum\/hwa-jang-pum-won-ryo\/hwa-jang-pum-beo-teo\/ssal-beoteo\/","url":"https:\/\/naturalpoland.com\/ko\/je-pum\/hwa-jang-pum-won-ryo\/hwa-jang-pum-beo-teo\/ssal-beoteo\/","name":"\uc300 \ubc84\ud130 - Hurtowy Dystrybutor","isPartOf":{"@id":"https:\/\/naturalpoland.com\/ko\/#website"},"primaryImageOfPage":{"@id":"https:\/\/naturalpoland.com\/ko\/je-pum\/hwa-jang-pum-won-ryo\/hwa-jang-pum-beo-teo\/ssal-beoteo\/#primaryimage"},"image":{"@id":"https:\/\/naturalpoland.com\/ko\/je-pum\/hwa-jang-pum-won-ryo\/hwa-jang-pum-beo-teo\/ssal-beoteo\/#primaryimage"},"thumbnailUrl":"https:\/\/naturalpoland.com\/wp-content\/uploads\/rice-butter.png","datePublished":"2023-07-18T09:01:16+00:00","dateModified":"2025-07-21T12:05:55+00:00","description":"\uc300 \ubc84\ud130\ub294 \uc300\uc54c\uc758 \ud798\uc5d0\uc11c \uadf8 \ud2b9\uc131\uc744 \uc5bb\uc2b5\ub2c8\ub2e4. \uc300 \uc528 \uc624\uc77c\uacfc \uacbd\ud654 \uc2dd\ubb3c\uc131 \uc624\uc77c\ub85c \uad6c\uc131\ub418\uc5b4 \uc788\uc2b5\ub2c8\ub2e4.","breadcrumb":{"@id":"https:\/\/naturalpoland.com\/ko\/je-pum\/hwa-jang-pum-won-ryo\/hwa-jang-pum-beo-teo\/ssal-beoteo\/#breadcrumb"},"inLanguage":"ko-KR","potentialAction":[{"@type":"ReadAction","target":["https:\/\/naturalpoland.com\/ko\/je-pum\/hwa-jang-pum-won-ryo\/hwa-jang-pum-beo-teo\/ssal-beoteo\/"]}]},{"@type":"ImageObject","inLanguage":"ko-KR","@id":"https:\/\/naturalpoland.com\/ko\/je-pum\/hwa-jang-pum-won-ryo\/hwa-jang-pum-beo-teo\/ssal-beoteo\/#primaryimage","url":"https:\/\/naturalpoland.com\/wp-content\/uploads\/rice-butter.png","contentUrl":"https:\/\/naturalpoland.com\/wp-content\/uploads\/rice-butter.png","width":583,"height":583,"caption":"mas\u0142o ry\u017cowe"},{"@type":"BreadcrumbList","@id":"https:\/\/naturalpoland.com\/ko\/je-pum\/hwa-jang-pum-won-ryo\/hwa-jang-pum-beo-teo\/ssal-beoteo\/#breadcrumb","itemListElement":[{"@type":"ListItem","position":1,"name":"\ud648","item":"https:\/\/naturalpoland.com\/ko\/"},{"@type":"ListItem","position":2,"name":"\uc81c\ud488","item":"https:\/\/naturalpoland.com\/ko\/%ec%a0%9c%ed%92%88\/"},{"@type":"ListItem","position":3,"name":"\uc300 \ubc84\ud130"}]},{"@type":"WebSite","@id":"https:\/\/naturalpoland.com\/ko\/#website","url":"https:\/\/naturalpoland.com\/ko\/","name":"NATURAL POLAND - Hurtowy Dystrybutor Surowc\u00f3w","description":"Surowce dla przemys\u0142u spo\u017cywczego, kosmetycznego i farmaceutycznego","publisher":{"@id":"https:\/\/naturalpoland.com\/ko\/#organization"},"potentialAction":[{"@type":"SearchAction","target":{"@type":"EntryPoint","urlTemplate":"https:\/\/naturalpoland.com\/ko\/?s={search_term_string}"},"query-input":{"@type":"PropertyValueSpecification","valueRequired":true,"valueName":"search_term_string"}}],"inLanguage":"ko-KR"},{"@type":"Organization","@id":"https:\/\/naturalpoland.com\/ko\/#organization","name":"Natural Poland","url":"https:\/\/naturalpoland.com\/ko\/","logo":{"@type":"ImageObject","inLanguage":"ko-KR","@id":"https:\/\/naturalpoland.com\/ko\/#\/schema\/logo\/image\/","url":"https:\/\/naturalpoland.com\/wp-content\/uploads\/2021\/05\/natural-poland-icon.png","contentUrl":"https:\/\/naturalpoland.com\/wp-content\/uploads\/2021\/05\/natural-poland-icon.png","width":512,"height":512,"caption":"Natural Poland"},"image":{"@id":"https:\/\/naturalpoland.com\/ko\/#\/schema\/logo\/image\/"},"sameAs":["https:\/\/www.facebook.com\/naturalpoland.b2b","https:\/\/pl.linkedin.com\/company\/natural-poland","https:\/\/www.youtube.com\/channel\/UCgeGGkvOMahZo-xu_MSEWxg"]}]}},"_links":{"self":[{"href":"https:\/\/naturalpoland.com\/ko\/wp-json\/wp\/v2\/product\/42142","targetHints":{"allow":["GET"]}}],"collection":[{"href":"https:\/\/naturalpoland.com\/ko\/wp-json\/wp\/v2\/product"}],"about":[{"href":"https:\/\/naturalpoland.com\/ko\/wp-json\/wp\/v2\/types\/product"}],"wp:featuredmedia":[{"embeddable":true,"href":"https:\/\/naturalpoland.com\/ko\/wp-json\/wp\/v2\/media\/42143"}],"wp:attachment":[{"href":"https:\/\/naturalpoland.com\/ko\/wp-json\/wp\/v2\/media?parent=42142"}],"wp:term":[{"taxonomy":"product_brand","embeddable":true,"href":"https:\/\/naturalpoland.com\/ko\/wp-json\/wp\/v2\/product_brand?post=42142"},{"taxonomy":"product_cat","embeddable":true,"href":"https:\/\/naturalpoland.com\/ko\/wp-json\/wp\/v2\/product_cat?post=42142"},{"taxonomy":"product_tag","embeddable":true,"href":"https:\/\/naturalpoland.com\/ko\/wp-json\/wp\/v2\/product_tag?post=42142"}],"curies":[{"name":"wp","href":"https:\/\/api.w.org\/{rel}","templated":true}]}}