{"id":42144,"date":"2023-07-18T11:22:36","date_gmt":"2023-07-18T09:22:36","guid":{"rendered":"https:\/\/naturalpoland.com\/produkty\/uncategorized\/%eb%b0%94%eb%8b%90%eb%9d%bc-%eb%b2%84%ed%84%b0\/"},"modified":"2025-07-21T14:05:17","modified_gmt":"2025-07-21T12:05:17","slug":"banilla-beoteo","status":"publish","type":"product","link":"https:\/\/naturalpoland.com\/ko\/je-pum\/hwa-jang-pum-won-ryo\/hwa-jang-pum-beo-teo\/banilla-beoteo\/","title":{"rendered":"\ubc14\ub2d0\ub77c \ubc84\ud130"},"content":{"rendered":"<h2>\ubc14\ub2d0\ub77c \ubc84\ud130\uc758 \uad6c\uc131 \ubc0f \ud2b9\uc131<\/h2>\n<p><strong>\ubc14\ub2d0\ub77c<\/strong>\ub294 \ud5a5\ub8cc \ubc0f \ud654\uc7a5\ud488 \ubd84\uc57c\uc5d0\uc11c \uac00\uc7a5 \uc778\uae30 \uc788\ub294 \uc131\ubd84 \uc911 \ud558\ub098\uc785\ub2c8\ub2e4. \ud48d\ubd80\ud558\uace0 \ub2ec\ucf64\ud55c \ud5a5\uc740 \uc81c\ud488\uc5d0 \uae4a\uc774\uc640 \ub3c5\ud2b9\ud55c \ud2b9\uc131\uc744 \ub354\ud569\ub2c8\ub2e4. \ub2f9\uc0ac\uc758 \ubc14\ub2d0\ub77c \ubc84\ud130\ub294 <strong><a href=\"https:\/\/naturalpoland.com\/produkty\/produkty-dla-przemyslu-kosmetycznego\/oleje-kosmetyczne\/olej-migdalowy\/\">\uc2a4\uc704\ud2b8 \uc544\ubaac\ub4dc \uc624\uc77c<\/a><\/strong>(<em>Prunus Amygdalus Dulcis<\/em>), <strong><a href=\"https:\/\/naturalpoland.com\/produkty\/oleje-spozywcze-i-kosmetyczne\/olej-z-nasion-slonecznika\/\">\ud574\ubc14\ub77c\uae30 \uc624\uc77c<\/a><\/strong>(<em>Helianthus Annuus<\/em>), <strong>\uacbd\ud654 \uc2dd\ubb3c\uc131 \uc624\uc77c<\/strong>(<em>Hydrogenated Vegetable Oil<\/em>) \ubc0f <strong>\ubc14\ub2d0\ub77c \uc624\uc77c<\/strong>(<em>Vanilla Planifolia<\/em>)\uc758 \uc720\uc775\ud55c \ud2b9\uc131\uc744 \uacb0\ud569\ud558\uc5ec \uc774\ub7ec\ud55c \uacbd\ud5d8\uc744 \uc0c8\ub85c\uc6b4 \ucc28\uc6d0\uc73c\ub85c \ub04c\uc5b4\uc62c\ub9bd\ub2c8\ub2e4. \uc774\ub7ec\ud55c \ubc29\uc2dd\uc73c\ub85c \ud53c\ubd80\uc5d0 \ucd5c\uace0 \ud488\uc9c8\uc758 \uc601\uc591\ubd84\uc744 \uacf5\uae09\ud558\uace0 \ub3d9\uc2dc\uc5d0 \uad00\ub2a5\uc801\uc778 \ubc14\ub2d0\ub77c \ud5a5\uc744 \ud37c\ub728\ub824 \ud53c\ubd80\uc758 \uc694\uad6c\ub97c \ucda9\uc871\uc2dc\ud0a4\ub294 \uc81c\ud488\uc774 \ub9cc\ub4e4\uc5b4\uc84c\uc2b5\ub2c8\ub2e4.<\/p>\n<p>\ub2f9\uc0ac\uc758 \ubc14\ub2d0\ub77c \ubc84\ud130\ub294 \uac10\uac01\uc744 \uc704\ud55c \uc9c4\uc815\ud55c \ud5a5\uc5f0\uc785\ub2c8\ub2e4. \ubc14\ub2d0\ub77c \uc624\uc77c\uc740 \ub2ec\ucf64\ud558\uace0 \ub530\ub73b\ud55c \ud5a5\uc744 \ub354\ud558\uc5ec \ub9c8\uc74c\uacfc \ubab8\uc744 \uc9c4\uc815\uc2dc\ud0a4\uace0 \ub3d9\uc2dc\uc5d0 \uae30\ubd84\uc5d0 \uae0d\uc815\uc801\uc778 \uc601\ud5a5\uc744 \ubbf8\uce69\ub2c8\ub2e4. \uadf8\ub7ec\ub098 \ubc14\ub2d0\ub77c\uc758 \uc0ac\uc6a9\uc740 \ud5a5\uc5d0\ub9cc \uad6d\ud55c\ub418\uc9c0 \uc54a\uc2b5\ub2c8\ub2e4. \ubc14\ub2d0\ub77c \uc624\uc77c\uc740 \ub610\ud55c \uc720\ud574\ud55c \uc790\uc720 \ub77c\ub514\uce7c\ub85c\ubd80\ud130 \ud53c\ubd80\ub97c \ubcf4\ud638\ud558\ub294 \ub370 \ub3c4\uc6c0\uc774 \ub418\ub294 \ud56d\uc0b0\ud654 \ud2b9\uc131\uc744 \uac00\uc9c0\uace0 \uc788\uc2b5\ub2c8\ub2e4.<\/p>\n<p>\uc2a4\uc704\ud2b8 \uc544\ubaac\ub4dc \uc624\uc77c\uacfc \ud574\ubc14\ub77c\uae30 \uc624\uc77c\uc740 \uac74\uac15\ud55c \ud53c\ubd80\uc5d0 \ud544\uc218\uc801\uc778 <strong><a href=\"https:\/\/naturalpoland.com\/ko\/ka-te-go-ri\/ui-yak-pum-won-ryo\/bi-ta-min\/\">\ube44\ud0c0\ubbfc<\/a><\/strong>\uacfc \ubd88\ud3ec\ud654 \uc9c0\ubc29\uc0b0\uc758 \uadc0\uc911\ud55c \uacf5\uae09\uc6d0\uc785\ub2c8\ub2e4. \uc774\ub4e4\uc740 \ud53c\ubd80\uc758 \uc790\uc5f0 \ubcf4\ud638 \uc7a5\ubcbd\uc744 \uc9c0\uc6d0\ud558\uc5ec \uc801\uc808\ud55c \uc218\ubd84 \uacf5\uae09\uacfc \ud0c4\ub825\uc744 \uc720\uc9c0\ud558\ub294 \ub370 \ub3c4\uc6c0\uc744 \uc90d\ub2c8\ub2e4.<\/p>\n<h2>\ubc14\ub2d0\ub77c \ubc84\ud130 \uc0ac\uc6a9\ubc95<\/h2>\n<p>\ubc14\ub2d0\ub77c \ubc84\ud130\ub294 \ud06c\ub9bc \uac19\uace0 \ud48d\ubd80\ud55c \uc9c8\uac10\uc744 \uac00\uc9c0\uace0 \uc788\uc5b4 \uc27d\uac8c \ud3b4 \ubc14\ub974\uace0 \ube60\ub974\uac8c \ud761\uc218\ub418\uc5b4 \uc0ac\uc6a9\ud558\uae30 \ub9e4\uc6b0 \uc88b\uc2b5\ub2c8\ub2e4. \uc774 \ubaa8\ub4e0 \uac83\uc5d0\ub3c4 \ubd88\uad6c\ud558\uace0 \ud53c\ubd80\uc5d0 \uae30\ub984\uc9c4 \uc794\uc5ec\ubb3c\uc744 \ub0a8\uae30\uc9c0 \uc54a\uc544 \uac74\uc870\ud558\uace0 \uc131\uc219\ud55c \ud53c\ubd80\ubd80\ud130 \uc815\uc0c1 \ubc0f \uc9c0\uc131 \ud53c\ubd80\uae4c\uc9c0 \ubaa8\ub4e0 \ud53c\ubd80 \ud0c0\uc785\uc5d0 \uc774\uc0c1\uc801\uc778 \uc120\ud0dd\uc785\ub2c8\ub2e4.<\/p>\n<p>\ubc14\ub2d0\ub77c \ubc84\ud130\ub294 \uc5bc\uad74, \ubab8, \uc2ec\uc9c0\uc5b4 \uba38\ub9ac\uce74\ub77d \uad00\ub9ac\uc5d0\ub3c4 \uc0ac\uc6a9\ud560 \uc218 \uc788\ub294 \ub2e4\uc6a9\ub3c4 \uc81c\ud488\uc785\ub2c8\ub2e4. \ub2e8\ub3c5\uc73c\ub85c \uc0ac\uc6a9\ud558\uac70\ub098 \ub9c8\uc2a4\ud06c, \ub85c\uc158, \ud06c\ub9bc\uacfc \uac19\uc740 \ud648\uba54\uc774\ub4dc \ud654\uc7a5\ud488\uc758 \uc131\ubd84\uc73c\ub85c \uc0ac\uc6a9\ud560 \uc218 \uc788\uc2b5\ub2c8\ub2e4.<\/p>\n","protected":false},"excerpt":{"rendered":"<p>\ubc14\ub2d0\ub77c \ubc84\ud130\ub294 \uc544\ubaac\ub4dc \uc624\uc77c\uacfc \ud574\ubc14\ub77c\uae30 \uc624\uc77c\uc758 \uc601\uc591 \uacf5\uae09 \ud2b9\uc131\uacfc \ubc14\ub2d0\ub77c\uc758 \uc9c4\uc815 \uc544\ub85c\ub9c8\ub97c \uacb0\ud569\ud558\uc5ec \ud53c\ubd80\uc5d0 \uae4a\uc740 \uc218\ubd84\uacfc \ud0c1\uc6d4\ud55c \ud3b8\uc548\ud568\uc744 \uc81c\uacf5\ud558\ub294 \uace0\uae09 \ud654\uc7a5\ud488\uc785\ub2c8\ub2e4.<\/p>\n","protected":false},"featured_media":42145,"template":"","meta":{"_acf_changed":false},"product_brand":[],"product_cat":[8153],"product_tag":[],"class_list":{"0":"post-42144","1":"product","2":"type-product","3":"status-publish","4":"has-post-thumbnail","6":"product_cat-hwa-jang-pum-beo-teo","8":"first","9":"instock","10":"shipping-taxable","11":"product-type-simple"},"acf":[],"yoast_head":"<!-- This site is optimized with the Yoast SEO plugin v27.4 - https:\/\/yoast.com\/product\/yoast-seo-wordpress\/ -->\n<title>\ubc14\ub2d0\ub77c \ubc84\ud130 - Hurtowy Dystrybutor<\/title>\n<meta name=\"description\" content=\"\ubc14\ub2d0\ub77c \ubc84\ud130\ub294 \uc544\ubaac\ub4dc \uc624\uc77c\uacfc \ud574\ubc14\ub77c\uae30 \uc624\uc77c\uc758 \uc601\uc591 \uacf5\uae09 \ud2b9\uc131\uacfc \ubc14\ub2d0\ub77c\uc758 \uc9c4\uc815 \uc544\ub85c\ub9c8\ub97c \uacb0\ud569\ud55c \uace0\uae09 \ud654\uc7a5\ud488\uc785\ub2c8\ub2e4.\" \/>\n<meta name=\"robots\" content=\"index, follow, max-snippet:-1, max-image-preview:large, max-video-preview:-1\" \/>\n<link rel=\"canonical\" href=\"https:\/\/naturalpoland.com\/ko\/je-pum\/hwa-jang-pum-won-ryo\/hwa-jang-pum-beo-teo\/banilla-beoteo\/\" \/>\n<meta property=\"og:locale\" content=\"ko_KR\" \/>\n<meta property=\"og:type\" content=\"article\" \/>\n<meta property=\"og:title\" content=\"\ubc14\ub2d0\ub77c \ubc84\ud130 - Hurtowy Dystrybutor\" \/>\n<meta property=\"og:description\" content=\"\ubc14\ub2d0\ub77c \ubc84\ud130\ub294 \uc544\ubaac\ub4dc \uc624\uc77c\uacfc \ud574\ubc14\ub77c\uae30 \uc624\uc77c\uc758 \uc601\uc591 \uacf5\uae09 \ud2b9\uc131\uacfc \ubc14\ub2d0\ub77c\uc758 \uc9c4\uc815 \uc544\ub85c\ub9c8\ub97c \uacb0\ud569\ud55c \uace0\uae09 \ud654\uc7a5\ud488\uc785\ub2c8\ub2e4.\" \/>\n<meta property=\"og:url\" content=\"https:\/\/naturalpoland.com\/ko\/je-pum\/hwa-jang-pum-won-ryo\/hwa-jang-pum-beo-teo\/banilla-beoteo\/\" \/>\n<meta property=\"og:site_name\" content=\"NATURAL POLAND - Hurtowy Dystrybutor Surowc\u00f3w\" \/>\n<meta property=\"article:publisher\" content=\"https:\/\/www.facebook.com\/naturalpoland.b2b\" \/>\n<meta property=\"article:modified_time\" content=\"2025-07-21T12:05:17+00:00\" \/>\n<meta property=\"og:image\" content=\"https:\/\/naturalpoland.com\/wp-content\/uploads\/vanilla-butter.png\" \/>\n\t<meta property=\"og:image:width\" content=\"583\" \/>\n\t<meta property=\"og:image:height\" content=\"583\" \/>\n\t<meta property=\"og:image:type\" content=\"image\/png\" \/>\n<script type=\"application\/ld+json\" class=\"yoast-schema-graph\">{\"@context\":\"https:\\\/\\\/schema.org\",\"@graph\":[{\"@type\":\"WebPage\",\"@id\":\"https:\\\/\\\/naturalpoland.com\\\/ko\\\/je-pum\\\/hwa-jang-pum-won-ryo\\\/hwa-jang-pum-beo-teo\\\/banilla-beoteo\\\/\",\"url\":\"https:\\\/\\\/naturalpoland.com\\\/ko\\\/je-pum\\\/hwa-jang-pum-won-ryo\\\/hwa-jang-pum-beo-teo\\\/banilla-beoteo\\\/\",\"name\":\"\ubc14\ub2d0\ub77c \ubc84\ud130 - Hurtowy Dystrybutor\",\"isPartOf\":{\"@id\":\"https:\\\/\\\/naturalpoland.com\\\/ko\\\/#website\"},\"primaryImageOfPage\":{\"@id\":\"https:\\\/\\\/naturalpoland.com\\\/ko\\\/je-pum\\\/hwa-jang-pum-won-ryo\\\/hwa-jang-pum-beo-teo\\\/banilla-beoteo\\\/#primaryimage\"},\"image\":{\"@id\":\"https:\\\/\\\/naturalpoland.com\\\/ko\\\/je-pum\\\/hwa-jang-pum-won-ryo\\\/hwa-jang-pum-beo-teo\\\/banilla-beoteo\\\/#primaryimage\"},\"thumbnailUrl\":\"https:\\\/\\\/naturalpoland.com\\\/wp-content\\\/uploads\\\/vanilla-butter.png\",\"datePublished\":\"2023-07-18T09:22:36+00:00\",\"dateModified\":\"2025-07-21T12:05:17+00:00\",\"description\":\"\ubc14\ub2d0\ub77c \ubc84\ud130\ub294 \uc544\ubaac\ub4dc \uc624\uc77c\uacfc \ud574\ubc14\ub77c\uae30 \uc624\uc77c\uc758 \uc601\uc591 \uacf5\uae09 \ud2b9\uc131\uacfc \ubc14\ub2d0\ub77c\uc758 \uc9c4\uc815 \uc544\ub85c\ub9c8\ub97c \uacb0\ud569\ud55c \uace0\uae09 \ud654\uc7a5\ud488\uc785\ub2c8\ub2e4.\",\"breadcrumb\":{\"@id\":\"https:\\\/\\\/naturalpoland.com\\\/ko\\\/je-pum\\\/hwa-jang-pum-won-ryo\\\/hwa-jang-pum-beo-teo\\\/banilla-beoteo\\\/#breadcrumb\"},\"inLanguage\":\"ko-KR\",\"potentialAction\":[{\"@type\":\"ReadAction\",\"target\":[\"https:\\\/\\\/naturalpoland.com\\\/ko\\\/je-pum\\\/hwa-jang-pum-won-ryo\\\/hwa-jang-pum-beo-teo\\\/banilla-beoteo\\\/\"]}]},{\"@type\":\"ImageObject\",\"inLanguage\":\"ko-KR\",\"@id\":\"https:\\\/\\\/naturalpoland.com\\\/ko\\\/je-pum\\\/hwa-jang-pum-won-ryo\\\/hwa-jang-pum-beo-teo\\\/banilla-beoteo\\\/#primaryimage\",\"url\":\"https:\\\/\\\/naturalpoland.com\\\/wp-content\\\/uploads\\\/vanilla-butter.png\",\"contentUrl\":\"https:\\\/\\\/naturalpoland.com\\\/wp-content\\\/uploads\\\/vanilla-butter.png\",\"width\":583,\"height\":583,\"caption\":\"mas\u0142o waniliowe\"},{\"@type\":\"BreadcrumbList\",\"@id\":\"https:\\\/\\\/naturalpoland.com\\\/ko\\\/je-pum\\\/hwa-jang-pum-won-ryo\\\/hwa-jang-pum-beo-teo\\\/banilla-beoteo\\\/#breadcrumb\",\"itemListElement\":[{\"@type\":\"ListItem\",\"position\":1,\"name\":\"\ud648\",\"item\":\"https:\\\/\\\/naturalpoland.com\\\/ko\\\/\"},{\"@type\":\"ListItem\",\"position\":2,\"name\":\"\uc81c\ud488\",\"item\":\"https:\\\/\\\/naturalpoland.com\\\/ko\\\/%ec%a0%9c%ed%92%88\\\/\"},{\"@type\":\"ListItem\",\"position\":3,\"name\":\"\ubc14\ub2d0\ub77c \ubc84\ud130\"}]},{\"@type\":\"WebSite\",\"@id\":\"https:\\\/\\\/naturalpoland.com\\\/ko\\\/#website\",\"url\":\"https:\\\/\\\/naturalpoland.com\\\/ko\\\/\",\"name\":\"NATURAL POLAND - Hurtowy Dystrybutor Surowc\u00f3w\",\"description\":\"Surowce dla przemys\u0142u spo\u017cywczego, kosmetycznego i farmaceutycznego\",\"publisher\":{\"@id\":\"https:\\\/\\\/naturalpoland.com\\\/ko\\\/#organization\"},\"potentialAction\":[{\"@type\":\"SearchAction\",\"target\":{\"@type\":\"EntryPoint\",\"urlTemplate\":\"https:\\\/\\\/naturalpoland.com\\\/ko\\\/?s={search_term_string}\"},\"query-input\":{\"@type\":\"PropertyValueSpecification\",\"valueRequired\":true,\"valueName\":\"search_term_string\"}}],\"inLanguage\":\"ko-KR\"},{\"@type\":\"Organization\",\"@id\":\"https:\\\/\\\/naturalpoland.com\\\/ko\\\/#organization\",\"name\":\"Natural Poland\",\"url\":\"https:\\\/\\\/naturalpoland.com\\\/ko\\\/\",\"logo\":{\"@type\":\"ImageObject\",\"inLanguage\":\"ko-KR\",\"@id\":\"https:\\\/\\\/naturalpoland.com\\\/ko\\\/#\\\/schema\\\/logo\\\/image\\\/\",\"url\":\"https:\\\/\\\/naturalpoland.com\\\/wp-content\\\/uploads\\\/2021\\\/05\\\/natural-poland-icon.png\",\"contentUrl\":\"https:\\\/\\\/naturalpoland.com\\\/wp-content\\\/uploads\\\/2021\\\/05\\\/natural-poland-icon.png\",\"width\":512,\"height\":512,\"caption\":\"Natural Poland\"},\"image\":{\"@id\":\"https:\\\/\\\/naturalpoland.com\\\/ko\\\/#\\\/schema\\\/logo\\\/image\\\/\"},\"sameAs\":[\"https:\\\/\\\/www.facebook.com\\\/naturalpoland.b2b\",\"https:\\\/\\\/pl.linkedin.com\\\/company\\\/natural-poland\",\"https:\\\/\\\/www.youtube.com\\\/channel\\\/UCgeGGkvOMahZo-xu_MSEWxg\"]}]}<\/script>\n<!-- \/ Yoast SEO plugin. -->","yoast_head_json":{"title":"\ubc14\ub2d0\ub77c \ubc84\ud130 - Hurtowy Dystrybutor","description":"\ubc14\ub2d0\ub77c \ubc84\ud130\ub294 \uc544\ubaac\ub4dc \uc624\uc77c\uacfc \ud574\ubc14\ub77c\uae30 \uc624\uc77c\uc758 \uc601\uc591 \uacf5\uae09 \ud2b9\uc131\uacfc \ubc14\ub2d0\ub77c\uc758 \uc9c4\uc815 \uc544\ub85c\ub9c8\ub97c \uacb0\ud569\ud55c \uace0\uae09 \ud654\uc7a5\ud488\uc785\ub2c8\ub2e4.","robots":{"index":"index","follow":"follow","max-snippet":"max-snippet:-1","max-image-preview":"max-image-preview:large","max-video-preview":"max-video-preview:-1"},"canonical":"https:\/\/naturalpoland.com\/ko\/je-pum\/hwa-jang-pum-won-ryo\/hwa-jang-pum-beo-teo\/banilla-beoteo\/","og_locale":"ko_KR","og_type":"article","og_title":"\ubc14\ub2d0\ub77c \ubc84\ud130 - Hurtowy Dystrybutor","og_description":"\ubc14\ub2d0\ub77c \ubc84\ud130\ub294 \uc544\ubaac\ub4dc \uc624\uc77c\uacfc \ud574\ubc14\ub77c\uae30 \uc624\uc77c\uc758 \uc601\uc591 \uacf5\uae09 \ud2b9\uc131\uacfc \ubc14\ub2d0\ub77c\uc758 \uc9c4\uc815 \uc544\ub85c\ub9c8\ub97c \uacb0\ud569\ud55c \uace0\uae09 \ud654\uc7a5\ud488\uc785\ub2c8\ub2e4.","og_url":"https:\/\/naturalpoland.com\/ko\/je-pum\/hwa-jang-pum-won-ryo\/hwa-jang-pum-beo-teo\/banilla-beoteo\/","og_site_name":"NATURAL POLAND - Hurtowy Dystrybutor Surowc\u00f3w","article_publisher":"https:\/\/www.facebook.com\/naturalpoland.b2b","article_modified_time":"2025-07-21T12:05:17+00:00","og_image":[{"width":583,"height":583,"url":"https:\/\/naturalpoland.com\/wp-content\/uploads\/vanilla-butter.png","type":"image\/png"}],"schema":{"@context":"https:\/\/schema.org","@graph":[{"@type":"WebPage","@id":"https:\/\/naturalpoland.com\/ko\/je-pum\/hwa-jang-pum-won-ryo\/hwa-jang-pum-beo-teo\/banilla-beoteo\/","url":"https:\/\/naturalpoland.com\/ko\/je-pum\/hwa-jang-pum-won-ryo\/hwa-jang-pum-beo-teo\/banilla-beoteo\/","name":"\ubc14\ub2d0\ub77c \ubc84\ud130 - Hurtowy Dystrybutor","isPartOf":{"@id":"https:\/\/naturalpoland.com\/ko\/#website"},"primaryImageOfPage":{"@id":"https:\/\/naturalpoland.com\/ko\/je-pum\/hwa-jang-pum-won-ryo\/hwa-jang-pum-beo-teo\/banilla-beoteo\/#primaryimage"},"image":{"@id":"https:\/\/naturalpoland.com\/ko\/je-pum\/hwa-jang-pum-won-ryo\/hwa-jang-pum-beo-teo\/banilla-beoteo\/#primaryimage"},"thumbnailUrl":"https:\/\/naturalpoland.com\/wp-content\/uploads\/vanilla-butter.png","datePublished":"2023-07-18T09:22:36+00:00","dateModified":"2025-07-21T12:05:17+00:00","description":"\ubc14\ub2d0\ub77c \ubc84\ud130\ub294 \uc544\ubaac\ub4dc \uc624\uc77c\uacfc \ud574\ubc14\ub77c\uae30 \uc624\uc77c\uc758 \uc601\uc591 \uacf5\uae09 \ud2b9\uc131\uacfc \ubc14\ub2d0\ub77c\uc758 \uc9c4\uc815 \uc544\ub85c\ub9c8\ub97c \uacb0\ud569\ud55c \uace0\uae09 \ud654\uc7a5\ud488\uc785\ub2c8\ub2e4.","breadcrumb":{"@id":"https:\/\/naturalpoland.com\/ko\/je-pum\/hwa-jang-pum-won-ryo\/hwa-jang-pum-beo-teo\/banilla-beoteo\/#breadcrumb"},"inLanguage":"ko-KR","potentialAction":[{"@type":"ReadAction","target":["https:\/\/naturalpoland.com\/ko\/je-pum\/hwa-jang-pum-won-ryo\/hwa-jang-pum-beo-teo\/banilla-beoteo\/"]}]},{"@type":"ImageObject","inLanguage":"ko-KR","@id":"https:\/\/naturalpoland.com\/ko\/je-pum\/hwa-jang-pum-won-ryo\/hwa-jang-pum-beo-teo\/banilla-beoteo\/#primaryimage","url":"https:\/\/naturalpoland.com\/wp-content\/uploads\/vanilla-butter.png","contentUrl":"https:\/\/naturalpoland.com\/wp-content\/uploads\/vanilla-butter.png","width":583,"height":583,"caption":"mas\u0142o waniliowe"},{"@type":"BreadcrumbList","@id":"https:\/\/naturalpoland.com\/ko\/je-pum\/hwa-jang-pum-won-ryo\/hwa-jang-pum-beo-teo\/banilla-beoteo\/#breadcrumb","itemListElement":[{"@type":"ListItem","position":1,"name":"\ud648","item":"https:\/\/naturalpoland.com\/ko\/"},{"@type":"ListItem","position":2,"name":"\uc81c\ud488","item":"https:\/\/naturalpoland.com\/ko\/%ec%a0%9c%ed%92%88\/"},{"@type":"ListItem","position":3,"name":"\ubc14\ub2d0\ub77c \ubc84\ud130"}]},{"@type":"WebSite","@id":"https:\/\/naturalpoland.com\/ko\/#website","url":"https:\/\/naturalpoland.com\/ko\/","name":"NATURAL POLAND - Hurtowy Dystrybutor Surowc\u00f3w","description":"Surowce dla przemys\u0142u spo\u017cywczego, kosmetycznego i farmaceutycznego","publisher":{"@id":"https:\/\/naturalpoland.com\/ko\/#organization"},"potentialAction":[{"@type":"SearchAction","target":{"@type":"EntryPoint","urlTemplate":"https:\/\/naturalpoland.com\/ko\/?s={search_term_string}"},"query-input":{"@type":"PropertyValueSpecification","valueRequired":true,"valueName":"search_term_string"}}],"inLanguage":"ko-KR"},{"@type":"Organization","@id":"https:\/\/naturalpoland.com\/ko\/#organization","name":"Natural Poland","url":"https:\/\/naturalpoland.com\/ko\/","logo":{"@type":"ImageObject","inLanguage":"ko-KR","@id":"https:\/\/naturalpoland.com\/ko\/#\/schema\/logo\/image\/","url":"https:\/\/naturalpoland.com\/wp-content\/uploads\/2021\/05\/natural-poland-icon.png","contentUrl":"https:\/\/naturalpoland.com\/wp-content\/uploads\/2021\/05\/natural-poland-icon.png","width":512,"height":512,"caption":"Natural Poland"},"image":{"@id":"https:\/\/naturalpoland.com\/ko\/#\/schema\/logo\/image\/"},"sameAs":["https:\/\/www.facebook.com\/naturalpoland.b2b","https:\/\/pl.linkedin.com\/company\/natural-poland","https:\/\/www.youtube.com\/channel\/UCgeGGkvOMahZo-xu_MSEWxg"]}]}},"_links":{"self":[{"href":"https:\/\/naturalpoland.com\/ko\/wp-json\/wp\/v2\/product\/42144","targetHints":{"allow":["GET"]}}],"collection":[{"href":"https:\/\/naturalpoland.com\/ko\/wp-json\/wp\/v2\/product"}],"about":[{"href":"https:\/\/naturalpoland.com\/ko\/wp-json\/wp\/v2\/types\/product"}],"wp:featuredmedia":[{"embeddable":true,"href":"https:\/\/naturalpoland.com\/ko\/wp-json\/wp\/v2\/media\/42145"}],"wp:attachment":[{"href":"https:\/\/naturalpoland.com\/ko\/wp-json\/wp\/v2\/media?parent=42144"}],"wp:term":[{"taxonomy":"product_brand","embeddable":true,"href":"https:\/\/naturalpoland.com\/ko\/wp-json\/wp\/v2\/product_brand?post=42144"},{"taxonomy":"product_cat","embeddable":true,"href":"https:\/\/naturalpoland.com\/ko\/wp-json\/wp\/v2\/product_cat?post=42144"},{"taxonomy":"product_tag","embeddable":true,"href":"https:\/\/naturalpoland.com\/ko\/wp-json\/wp\/v2\/product_tag?post=42144"}],"curies":[{"name":"wp","href":"https:\/\/api.w.org\/{rel}","templated":true}]}}