{"id":42148,"date":"2023-07-17T15:47:08","date_gmt":"2023-07-17T13:47:08","guid":{"rendered":"https:\/\/naturalpoland.com\/produkty\/uncategorized\/%eb%b3%b5%ec%88%ad%ec%95%84%ec%94%a8-%eb%b2%84%ed%84%b0\/"},"modified":"2025-07-21T14:06:39","modified_gmt":"2025-07-21T12:06:39","slug":"boksungassi-beoteo","status":"publish","type":"product","link":"https:\/\/naturalpoland.com\/ko\/je-pum\/hwa-jang-pum-won-ryo\/hwa-jang-pum-beo-teo\/boksungassi-beoteo\/","title":{"rendered":"\ubcf5\uc22d\uc544\uc528 \ubc84\ud130"},"content":{"rendered":"<h2>\ubcf5\uc22d\uc544\uc528 \ubc84\ud130\uc758 \uc131\ubd84<\/h2>\n<p><strong><a href=\"https:\/\/naturalpoland.com\/produkty\/oleje-spozywcze-i-kosmetyczne\/olej-z-pestek-brzoskwini\/\">\ubcf5\uc22d\uc544\uc528 \uc624\uc77c<\/a><\/strong>\uc740 \ud53c\ubd80 \uac74\uac15\uacfc \ud0c4\ub825\uc5d0 \ud544\uc218\uc801\uc778 \uc62c\ub808\uc0b0\uacfc \ub9ac\ub180\ub808\uc0b0\uacfc \uac19\uc740 \ubd88\ud3ec\ud654 \uc9c0\ubc29\uc0b0\uc774 \ud48d\ubd80\ud569\ub2c8\ub2e4. \uc774 \uc624\uc77c\uc740 \ud53c\ubd80\uc5d0 \uc218\ubd84\uc744 \uacf5\uae09\ud558\uace0 \uc601\uc591\uc744 \uacf5\uae09\ud558\uc5ec \ubd80\ub4dc\ub7fd\uace0 \ub9e4\ub044\ub7ec\uc6b0\uba70 \uac74\uac15\ud558\uac8c \uc720\uc9c0\ud558\ub294 \ub370 \ub3c4\uc6c0\uc744 \uc90d\ub2c8\ub2e4. \ub610\ud55c, \ubcf5\uc22d\uc544\uc528 \uc624\uc77c\uc740 \uc81c\ud488\uc5d0 \ub3c5\ud2b9\ud55c \ub9e4\ub825\uc744 \ub354\ud558\ub294 \uc12c\uc138\ud558\uace0 \uc790\uc5f0\uc2a4\ub7ec\uc6b4 \ud5a5\uc744 \uac00\uc9c0\uace0 \uc788\uc2b5\ub2c8\ub2e4.<\/p>\n<p>\uacbd\ud654 \uc2dd\ubb3c\uc131 \uc624\uc77c\uc740 \ubcf5\uc22d\uc544\uc528 \ubc84\ud130\uc5d0 \ud06c\ub9bc \uac19\uace0 \ubd80\ub4dc\ub7ec\uc6b4 \uc9c8\uac10\uc744 \ub354\ud558\uc5ec \uc27d\uac8c \ud3b4 \ubc14\ub974\uace0 \ube60\ub974\uac8c \ud761\uc218\ub429\ub2c8\ub2e4. \uc774\ub85c \uc778\ud574 \ubcf5\uc22d\uc544\uc528 \ubc84\ud130\ub294 \uc0ac\uc6a9\ud558\uae30 \ub9e4\uc6b0 \ud3b8\ub9ac\ud558\uba70, \ub3d9\uc2dc\uc5d0 \ud53c\ubd80\uc5d0 \ud544\uc218 \uc601\uc591\uc18c\ub97c \ud6a8\uacfc\uc801\uc73c\ub85c \uacf5\uae09\ud569\ub2c8\ub2e4.<\/p>\n<h2>\ubcf5\uc22d\uc544\uc528 \ubc84\ud130 \uc0ac\uc6a9\ubc95<\/h2>\n<p><strong>\ubcf5\uc22d\uc544\uc528 \ubc84\ud130<\/strong>\ub294 \ub2e4\uc591\ud55c \ubc29\ubc95\uc73c\ub85c \uc0ac\uc6a9\ud560 \uc218 \uc788\ub294 \ub2e4\uc6a9\ub3c4 \uc81c\ud488\uc785\ub2c8\ub2e4. \ubc14\ub514, \uc5bc\uad74, \ud5e4\uc5b4 \ucf00\uc5b4\uc5d0 \ud0c1\uc6d4\ud569\ub2c8\ub2e4. \uc9d1\uc911\uc801\uc778 \ubc14\ub514 \ubc24, \ud5e4\uc5b4 \ub9c8\uc2a4\ud06c, \ud578\ub4dc \ud06c\ub9bc \ub610\ub294 \ub9bd\ubc24\uc73c\ub85c \ub2e8\ub3c5\uc73c\ub85c \uc0ac\uc6a9\ud560 \uc218 \uc788\uc2b5\ub2c8\ub2e4. \ub610\ud55c, \ubcf5\uc22d\uc544\uc528 \uc624\uc77c\uc758 \ud6a8\ub2a5\uc744 \ub354\ud558\uae30 \uc704\ud574 \uc9c1\uc811 \ub9cc\ub4e0 \ub9c8\uc2a4\ud06c, \ub85c\uc158 \ub610\ub294 \ud06c\ub9bc\uc5d0 \ucca8\uac00\ud560 \uc218\ub3c4 \uc788\uc2b5\ub2c8\ub2e4.<\/p>\n","protected":false},"excerpt":{"rendered":"<p>\ubcf5\uc22d\uc544\uc528 \ubc84\ud130\ub294 \ubcf5\uc22d\uc544\uc528 \uc624\uc77c(<em>Prunus Persica Kernel Oil<\/em>)\uc758 \ud6a8\ub2a5\uacfc \uacbd\ud654 \uc2dd\ubb3c\uc131 \uc624\uc77c(<em>Hydrogenated Vegetable Oil<\/em>)\uc744 \uacb0\ud569\ud55c \ub3c5\ud2b9\ud55c \uc81c\ud488\uc785\ub2c8\ub2e4.<\/p>\n","protected":false},"featured_media":42149,"template":"","meta":{"_acf_changed":false},"product_brand":[],"product_cat":[8153],"product_tag":[],"class_list":{"0":"post-42148","1":"product","2":"type-product","3":"status-publish","4":"has-post-thumbnail","6":"product_cat-hwa-jang-pum-beo-teo","8":"first","9":"instock","10":"shipping-taxable","11":"product-type-simple"},"acf":[],"yoast_head":"<!-- This site is optimized with the Yoast SEO plugin v27.4 - https:\/\/yoast.com\/product\/yoast-seo-wordpress\/ -->\n<title>\ubcf5\uc22d\uc544\uc528 \ubc84\ud130 - Hurtowy Dystrybutor<\/title>\n<meta name=\"description\" content=\"\ubcf5\uc22d\uc544\uc528 \ubc84\ud130\ub294 \ubcf5\uc22d\uc544\uc528 \uc624\uc77c\uc758 \ud6a8\ub2a5\uacfc \uacbd\ud654 \uc2dd\ubb3c\uc131 \uc624\uc77c\uc744 \uacb0\ud569\ud55c \ub3c5\ud2b9\ud55c \uc81c\ud488\uc785\ub2c8\ub2e4.\" \/>\n<meta name=\"robots\" content=\"index, follow, max-snippet:-1, max-image-preview:large, max-video-preview:-1\" \/>\n<link rel=\"canonical\" href=\"https:\/\/naturalpoland.com\/ko\/je-pum\/hwa-jang-pum-won-ryo\/hwa-jang-pum-beo-teo\/boksungassi-beoteo\/\" \/>\n<meta property=\"og:locale\" content=\"ko_KR\" \/>\n<meta property=\"og:type\" content=\"article\" \/>\n<meta property=\"og:title\" content=\"\ubcf5\uc22d\uc544\uc528 \ubc84\ud130 - Hurtowy Dystrybutor\" \/>\n<meta property=\"og:description\" content=\"\ubcf5\uc22d\uc544\uc528 \ubc84\ud130\ub294 \ubcf5\uc22d\uc544\uc528 \uc624\uc77c\uc758 \ud6a8\ub2a5\uacfc \uacbd\ud654 \uc2dd\ubb3c\uc131 \uc624\uc77c\uc744 \uacb0\ud569\ud55c \ub3c5\ud2b9\ud55c \uc81c\ud488\uc785\ub2c8\ub2e4.\" \/>\n<meta property=\"og:url\" content=\"https:\/\/naturalpoland.com\/ko\/je-pum\/hwa-jang-pum-won-ryo\/hwa-jang-pum-beo-teo\/boksungassi-beoteo\/\" \/>\n<meta property=\"og:site_name\" content=\"NATURAL POLAND - Hurtowy Dystrybutor Surowc\u00f3w\" \/>\n<meta property=\"article:publisher\" content=\"https:\/\/www.facebook.com\/naturalpoland.b2b\" \/>\n<meta property=\"article:modified_time\" content=\"2025-07-21T12:06:39+00:00\" \/>\n<meta property=\"og:image\" content=\"https:\/\/naturalpoland.com\/wp-content\/uploads\/cosmetic_peach_butter-e1689602071487.jpg\" \/>\n\t<meta property=\"og:image:width\" content=\"638\" \/>\n\t<meta property=\"og:image:height\" content=\"643\" \/>\n\t<meta property=\"og:image:type\" content=\"image\/jpeg\" \/>\n<script type=\"application\/ld+json\" class=\"yoast-schema-graph\">{\"@context\":\"https:\\\/\\\/schema.org\",\"@graph\":[{\"@type\":\"WebPage\",\"@id\":\"https:\\\/\\\/naturalpoland.com\\\/ko\\\/je-pum\\\/hwa-jang-pum-won-ryo\\\/hwa-jang-pum-beo-teo\\\/boksungassi-beoteo\\\/\",\"url\":\"https:\\\/\\\/naturalpoland.com\\\/ko\\\/je-pum\\\/hwa-jang-pum-won-ryo\\\/hwa-jang-pum-beo-teo\\\/boksungassi-beoteo\\\/\",\"name\":\"\ubcf5\uc22d\uc544\uc528 \ubc84\ud130 - Hurtowy Dystrybutor\",\"isPartOf\":{\"@id\":\"https:\\\/\\\/naturalpoland.com\\\/ko\\\/#website\"},\"primaryImageOfPage\":{\"@id\":\"https:\\\/\\\/naturalpoland.com\\\/ko\\\/je-pum\\\/hwa-jang-pum-won-ryo\\\/hwa-jang-pum-beo-teo\\\/boksungassi-beoteo\\\/#primaryimage\"},\"image\":{\"@id\":\"https:\\\/\\\/naturalpoland.com\\\/ko\\\/je-pum\\\/hwa-jang-pum-won-ryo\\\/hwa-jang-pum-beo-teo\\\/boksungassi-beoteo\\\/#primaryimage\"},\"thumbnailUrl\":\"https:\\\/\\\/naturalpoland.com\\\/wp-content\\\/uploads\\\/cosmetic_peach_butter-e1689602071487.jpg\",\"datePublished\":\"2023-07-17T13:47:08+00:00\",\"dateModified\":\"2025-07-21T12:06:39+00:00\",\"description\":\"\ubcf5\uc22d\uc544\uc528 \ubc84\ud130\ub294 \ubcf5\uc22d\uc544\uc528 \uc624\uc77c\uc758 \ud6a8\ub2a5\uacfc \uacbd\ud654 \uc2dd\ubb3c\uc131 \uc624\uc77c\uc744 \uacb0\ud569\ud55c \ub3c5\ud2b9\ud55c \uc81c\ud488\uc785\ub2c8\ub2e4.\",\"breadcrumb\":{\"@id\":\"https:\\\/\\\/naturalpoland.com\\\/ko\\\/je-pum\\\/hwa-jang-pum-won-ryo\\\/hwa-jang-pum-beo-teo\\\/boksungassi-beoteo\\\/#breadcrumb\"},\"inLanguage\":\"ko-KR\",\"potentialAction\":[{\"@type\":\"ReadAction\",\"target\":[\"https:\\\/\\\/naturalpoland.com\\\/ko\\\/je-pum\\\/hwa-jang-pum-won-ryo\\\/hwa-jang-pum-beo-teo\\\/boksungassi-beoteo\\\/\"]}]},{\"@type\":\"ImageObject\",\"inLanguage\":\"ko-KR\",\"@id\":\"https:\\\/\\\/naturalpoland.com\\\/ko\\\/je-pum\\\/hwa-jang-pum-won-ryo\\\/hwa-jang-pum-beo-teo\\\/boksungassi-beoteo\\\/#primaryimage\",\"url\":\"https:\\\/\\\/naturalpoland.com\\\/wp-content\\\/uploads\\\/cosmetic_peach_butter-e1689602071487.jpg\",\"contentUrl\":\"https:\\\/\\\/naturalpoland.com\\\/wp-content\\\/uploads\\\/cosmetic_peach_butter-e1689602071487.jpg\",\"width\":638,\"height\":643,\"caption\":\"mas\u0142o brzoskwiniowe\"},{\"@type\":\"BreadcrumbList\",\"@id\":\"https:\\\/\\\/naturalpoland.com\\\/ko\\\/je-pum\\\/hwa-jang-pum-won-ryo\\\/hwa-jang-pum-beo-teo\\\/boksungassi-beoteo\\\/#breadcrumb\",\"itemListElement\":[{\"@type\":\"ListItem\",\"position\":1,\"name\":\"\ud648\",\"item\":\"https:\\\/\\\/naturalpoland.com\\\/ko\\\/\"},{\"@type\":\"ListItem\",\"position\":2,\"name\":\"\uc81c\ud488\",\"item\":\"https:\\\/\\\/naturalpoland.com\\\/ko\\\/%ec%a0%9c%ed%92%88\\\/\"},{\"@type\":\"ListItem\",\"position\":3,\"name\":\"\ubcf5\uc22d\uc544\uc528 \ubc84\ud130\"}]},{\"@type\":\"WebSite\",\"@id\":\"https:\\\/\\\/naturalpoland.com\\\/ko\\\/#website\",\"url\":\"https:\\\/\\\/naturalpoland.com\\\/ko\\\/\",\"name\":\"NATURAL POLAND - Hurtowy Dystrybutor Surowc\u00f3w\",\"description\":\"Surowce dla przemys\u0142u spo\u017cywczego, kosmetycznego i farmaceutycznego\",\"publisher\":{\"@id\":\"https:\\\/\\\/naturalpoland.com\\\/ko\\\/#organization\"},\"potentialAction\":[{\"@type\":\"SearchAction\",\"target\":{\"@type\":\"EntryPoint\",\"urlTemplate\":\"https:\\\/\\\/naturalpoland.com\\\/ko\\\/?s={search_term_string}\"},\"query-input\":{\"@type\":\"PropertyValueSpecification\",\"valueRequired\":true,\"valueName\":\"search_term_string\"}}],\"inLanguage\":\"ko-KR\"},{\"@type\":\"Organization\",\"@id\":\"https:\\\/\\\/naturalpoland.com\\\/ko\\\/#organization\",\"name\":\"Natural Poland\",\"url\":\"https:\\\/\\\/naturalpoland.com\\\/ko\\\/\",\"logo\":{\"@type\":\"ImageObject\",\"inLanguage\":\"ko-KR\",\"@id\":\"https:\\\/\\\/naturalpoland.com\\\/ko\\\/#\\\/schema\\\/logo\\\/image\\\/\",\"url\":\"https:\\\/\\\/naturalpoland.com\\\/wp-content\\\/uploads\\\/2021\\\/05\\\/natural-poland-icon.png\",\"contentUrl\":\"https:\\\/\\\/naturalpoland.com\\\/wp-content\\\/uploads\\\/2021\\\/05\\\/natural-poland-icon.png\",\"width\":512,\"height\":512,\"caption\":\"Natural Poland\"},\"image\":{\"@id\":\"https:\\\/\\\/naturalpoland.com\\\/ko\\\/#\\\/schema\\\/logo\\\/image\\\/\"},\"sameAs\":[\"https:\\\/\\\/www.facebook.com\\\/naturalpoland.b2b\",\"https:\\\/\\\/pl.linkedin.com\\\/company\\\/natural-poland\",\"https:\\\/\\\/www.youtube.com\\\/channel\\\/UCgeGGkvOMahZo-xu_MSEWxg\"]}]}<\/script>\n<!-- \/ Yoast SEO plugin. -->","yoast_head_json":{"title":"\ubcf5\uc22d\uc544\uc528 \ubc84\ud130 - Hurtowy Dystrybutor","description":"\ubcf5\uc22d\uc544\uc528 \ubc84\ud130\ub294 \ubcf5\uc22d\uc544\uc528 \uc624\uc77c\uc758 \ud6a8\ub2a5\uacfc \uacbd\ud654 \uc2dd\ubb3c\uc131 \uc624\uc77c\uc744 \uacb0\ud569\ud55c \ub3c5\ud2b9\ud55c \uc81c\ud488\uc785\ub2c8\ub2e4.","robots":{"index":"index","follow":"follow","max-snippet":"max-snippet:-1","max-image-preview":"max-image-preview:large","max-video-preview":"max-video-preview:-1"},"canonical":"https:\/\/naturalpoland.com\/ko\/je-pum\/hwa-jang-pum-won-ryo\/hwa-jang-pum-beo-teo\/boksungassi-beoteo\/","og_locale":"ko_KR","og_type":"article","og_title":"\ubcf5\uc22d\uc544\uc528 \ubc84\ud130 - Hurtowy Dystrybutor","og_description":"\ubcf5\uc22d\uc544\uc528 \ubc84\ud130\ub294 \ubcf5\uc22d\uc544\uc528 \uc624\uc77c\uc758 \ud6a8\ub2a5\uacfc \uacbd\ud654 \uc2dd\ubb3c\uc131 \uc624\uc77c\uc744 \uacb0\ud569\ud55c \ub3c5\ud2b9\ud55c \uc81c\ud488\uc785\ub2c8\ub2e4.","og_url":"https:\/\/naturalpoland.com\/ko\/je-pum\/hwa-jang-pum-won-ryo\/hwa-jang-pum-beo-teo\/boksungassi-beoteo\/","og_site_name":"NATURAL POLAND - Hurtowy Dystrybutor Surowc\u00f3w","article_publisher":"https:\/\/www.facebook.com\/naturalpoland.b2b","article_modified_time":"2025-07-21T12:06:39+00:00","og_image":[{"width":638,"height":643,"url":"https:\/\/naturalpoland.com\/wp-content\/uploads\/cosmetic_peach_butter-e1689602071487.jpg","type":"image\/jpeg"}],"schema":{"@context":"https:\/\/schema.org","@graph":[{"@type":"WebPage","@id":"https:\/\/naturalpoland.com\/ko\/je-pum\/hwa-jang-pum-won-ryo\/hwa-jang-pum-beo-teo\/boksungassi-beoteo\/","url":"https:\/\/naturalpoland.com\/ko\/je-pum\/hwa-jang-pum-won-ryo\/hwa-jang-pum-beo-teo\/boksungassi-beoteo\/","name":"\ubcf5\uc22d\uc544\uc528 \ubc84\ud130 - Hurtowy Dystrybutor","isPartOf":{"@id":"https:\/\/naturalpoland.com\/ko\/#website"},"primaryImageOfPage":{"@id":"https:\/\/naturalpoland.com\/ko\/je-pum\/hwa-jang-pum-won-ryo\/hwa-jang-pum-beo-teo\/boksungassi-beoteo\/#primaryimage"},"image":{"@id":"https:\/\/naturalpoland.com\/ko\/je-pum\/hwa-jang-pum-won-ryo\/hwa-jang-pum-beo-teo\/boksungassi-beoteo\/#primaryimage"},"thumbnailUrl":"https:\/\/naturalpoland.com\/wp-content\/uploads\/cosmetic_peach_butter-e1689602071487.jpg","datePublished":"2023-07-17T13:47:08+00:00","dateModified":"2025-07-21T12:06:39+00:00","description":"\ubcf5\uc22d\uc544\uc528 \ubc84\ud130\ub294 \ubcf5\uc22d\uc544\uc528 \uc624\uc77c\uc758 \ud6a8\ub2a5\uacfc \uacbd\ud654 \uc2dd\ubb3c\uc131 \uc624\uc77c\uc744 \uacb0\ud569\ud55c \ub3c5\ud2b9\ud55c \uc81c\ud488\uc785\ub2c8\ub2e4.","breadcrumb":{"@id":"https:\/\/naturalpoland.com\/ko\/je-pum\/hwa-jang-pum-won-ryo\/hwa-jang-pum-beo-teo\/boksungassi-beoteo\/#breadcrumb"},"inLanguage":"ko-KR","potentialAction":[{"@type":"ReadAction","target":["https:\/\/naturalpoland.com\/ko\/je-pum\/hwa-jang-pum-won-ryo\/hwa-jang-pum-beo-teo\/boksungassi-beoteo\/"]}]},{"@type":"ImageObject","inLanguage":"ko-KR","@id":"https:\/\/naturalpoland.com\/ko\/je-pum\/hwa-jang-pum-won-ryo\/hwa-jang-pum-beo-teo\/boksungassi-beoteo\/#primaryimage","url":"https:\/\/naturalpoland.com\/wp-content\/uploads\/cosmetic_peach_butter-e1689602071487.jpg","contentUrl":"https:\/\/naturalpoland.com\/wp-content\/uploads\/cosmetic_peach_butter-e1689602071487.jpg","width":638,"height":643,"caption":"mas\u0142o brzoskwiniowe"},{"@type":"BreadcrumbList","@id":"https:\/\/naturalpoland.com\/ko\/je-pum\/hwa-jang-pum-won-ryo\/hwa-jang-pum-beo-teo\/boksungassi-beoteo\/#breadcrumb","itemListElement":[{"@type":"ListItem","position":1,"name":"\ud648","item":"https:\/\/naturalpoland.com\/ko\/"},{"@type":"ListItem","position":2,"name":"\uc81c\ud488","item":"https:\/\/naturalpoland.com\/ko\/%ec%a0%9c%ed%92%88\/"},{"@type":"ListItem","position":3,"name":"\ubcf5\uc22d\uc544\uc528 \ubc84\ud130"}]},{"@type":"WebSite","@id":"https:\/\/naturalpoland.com\/ko\/#website","url":"https:\/\/naturalpoland.com\/ko\/","name":"NATURAL POLAND - Hurtowy Dystrybutor Surowc\u00f3w","description":"Surowce dla przemys\u0142u spo\u017cywczego, kosmetycznego i farmaceutycznego","publisher":{"@id":"https:\/\/naturalpoland.com\/ko\/#organization"},"potentialAction":[{"@type":"SearchAction","target":{"@type":"EntryPoint","urlTemplate":"https:\/\/naturalpoland.com\/ko\/?s={search_term_string}"},"query-input":{"@type":"PropertyValueSpecification","valueRequired":true,"valueName":"search_term_string"}}],"inLanguage":"ko-KR"},{"@type":"Organization","@id":"https:\/\/naturalpoland.com\/ko\/#organization","name":"Natural Poland","url":"https:\/\/naturalpoland.com\/ko\/","logo":{"@type":"ImageObject","inLanguage":"ko-KR","@id":"https:\/\/naturalpoland.com\/ko\/#\/schema\/logo\/image\/","url":"https:\/\/naturalpoland.com\/wp-content\/uploads\/2021\/05\/natural-poland-icon.png","contentUrl":"https:\/\/naturalpoland.com\/wp-content\/uploads\/2021\/05\/natural-poland-icon.png","width":512,"height":512,"caption":"Natural Poland"},"image":{"@id":"https:\/\/naturalpoland.com\/ko\/#\/schema\/logo\/image\/"},"sameAs":["https:\/\/www.facebook.com\/naturalpoland.b2b","https:\/\/pl.linkedin.com\/company\/natural-poland","https:\/\/www.youtube.com\/channel\/UCgeGGkvOMahZo-xu_MSEWxg"]}]}},"_links":{"self":[{"href":"https:\/\/naturalpoland.com\/ko\/wp-json\/wp\/v2\/product\/42148","targetHints":{"allow":["GET"]}}],"collection":[{"href":"https:\/\/naturalpoland.com\/ko\/wp-json\/wp\/v2\/product"}],"about":[{"href":"https:\/\/naturalpoland.com\/ko\/wp-json\/wp\/v2\/types\/product"}],"wp:featuredmedia":[{"embeddable":true,"href":"https:\/\/naturalpoland.com\/ko\/wp-json\/wp\/v2\/media\/42149"}],"wp:attachment":[{"href":"https:\/\/naturalpoland.com\/ko\/wp-json\/wp\/v2\/media?parent=42148"}],"wp:term":[{"taxonomy":"product_brand","embeddable":true,"href":"https:\/\/naturalpoland.com\/ko\/wp-json\/wp\/v2\/product_brand?post=42148"},{"taxonomy":"product_cat","embeddable":true,"href":"https:\/\/naturalpoland.com\/ko\/wp-json\/wp\/v2\/product_cat?post=42148"},{"taxonomy":"product_tag","embeddable":true,"href":"https:\/\/naturalpoland.com\/ko\/wp-json\/wp\/v2\/product_tag?post=42148"}],"curies":[{"name":"wp","href":"https:\/\/api.w.org\/{rel}","templated":true}]}}