{"id":42152,"date":"2023-07-21T16:26:52","date_gmt":"2023-07-21T14:26:52","guid":{"rendered":"https:\/\/naturalpoland.com\/produkty\/uncategorized\/%eb%b8%94%eb%9e%99%ec%bb%a4%eb%9f%b0%ed%8a%b8-%eb%b2%84%ed%84%b0\/"},"modified":"2025-07-21T14:04:32","modified_gmt":"2025-07-21T12:04:32","slug":"beullaekkeoreonteu-beoteo","status":"publish","type":"product","link":"https:\/\/naturalpoland.com\/ko\/je-pum\/hwa-jang-pum-won-ryo\/hwa-jang-pum-beo-teo\/beullaekkeoreonteu-beoteo\/","title":{"rendered":"\ube14\ub799\ucee4\ub7f0\ud2b8 \ubc84\ud130"},"content":{"rendered":"<h2>\ube14\ub799\ucee4\ub7f0\ud2b8 \ubc84\ud130\uc758 \ud6a8\ub2a5\uc740 \ubb34\uc5c7\uc778\uac00\uc694?<\/h2>\n<p>\ube14\ub799\ucee4\ub7f0\ud2b8 \ubc84\ud130\uc758 \ub3c5\ud2b9\ud55c \ud3ec\ubbac\ub7ec\ub294 \ud53c\ubd80\uc640 \ubaa8\ubc1c\uc5d0 \uc9d1\uc911\uc801\uc778 \uc218\ubd84 \uacf5\uae09, \uc601\uc591 \uacf5\uae09 \ubc0f \ubcf4\ud638\ub97c \uc81c\uacf5\ud558\ub3c4\ub85d \uc138\uc2ec\ud558\uac8c \uc124\uacc4\ub418\uc5c8\uc2b5\ub2c8\ub2e4.<\/p>\n<p><strong>\ube14\ub799\ucee4\ub7f0\ud2b8<\/strong>\ub294 \ud56d\uc0b0\ud654\uc81c, \ube44\ud0c0\ubbfc C\uc640 E, \uac10\ub9c8\ub9ac\ub180\ub80c\uc0b0(GLA)\uc774 \ud48d\ubd80\ud558\uc5ec \ud53c\ubd80\uc5d0 \uc9c4\uc815\ud55c \uc288\ud37c\ud478\ub4dc\uc785\ub2c8\ub2e4. \uc800\ud76c \ubc84\ud130\uc5d0 \ud568\uc720\ub41c <a href=\"https:\/\/naturalpoland.com\/ko\/je-pum\/sig-pum-won-ryo\/sig-yong-yu\/geomeun-geon-po-do-ssi-o-il\/\"><strong>\ube14\ub799\ucee4\ub7f0\ud2b8 \uc624\uc77c<\/strong><\/a>\uc740 \ubcf4\uc2b5, \uc9c4\uc815 \ubc0f \ub178\ud654 \ubc29\uc9c0 \ud6a8\uacfc\ub85c \uc798 \uc54c\ub824\uc838 \uc788\uc2b5\ub2c8\ub2e4. \ud53c\ubd80 \ud0c4\ub825\uc744 \ub192\uc774\uace0, \ud53c\ubd80\uacb0\uc744 \uac1c\uc120\ud558\uba70, \ub178\ud654 \uc9d5\ud6c4\ub97c \uc904\uc774\uace0, \uc790\uc5f0\uc801\uc778 \uc7ac\uc0dd \uacfc\uc815\uc744 \uc9c0\uc6d0\ud558\ub294 \ub4f1 \ub2e4\uc591\ud55c \ubc29\uc2dd\uc73c\ub85c \uc791\uc6a9\ud569\ub2c8\ub2e4.<\/p>\n<p>\uc800\ud76c \uc81c\ud488\uc740 \uc774\ub7ec\ud55c \uc774\uc810\uc744 \ud65c\uc6a9\ud558\uc5ec \uc218\uc18c\ud654 \uc2dd\ubb3c\uc131 \uc624\uc77c\uacfc \uacb0\ud569\ud558\uc5ec \ud06c\ub9bc \uac19\uace0 \uc27d\uac8c \ubc14\ub97c \uc218 \uc788\ub294 \ubc84\ud130\ub97c \ub9cc\ub4ed\ub2c8\ub2e4. \ube14\ub799\ucee4\ub7f0\ud2b8 \ubc84\ud130\ub294 \uc9c8\uac10 \ub355\ubd84\uc5d0 \uc0ac\uc6a9\ud558\uae30 \uc27d\uace0 \ube60\ub974\uac8c \ud761\uc218\ub418\uba70 \ub048\uc801\uc784\uc774 \ub0a8\uc9c0 \uc54a\uc2b5\ub2c8\ub2e4.<\/p>\n<h2>\ube14\ub799\ucee4\ub7f0\ud2b8 \ubc84\ud130\uc758 \uc801\uc6a9<\/h2>\n<p>\uc774 \ubc84\ud130\ub294 \ud53c\ubd80\uc640 \ubaa8\ubc1c\uc5d0 \uc9c1\uc811 \uc0ac\uc6a9\ud560 \uc218 \uc788\uc744 \ubfd0\ub9cc \uc544\ub2c8\ub77c \ud06c\ub9bc, \ub85c\uc158, \ub9c8\uc2a4\ud06c \ub610\ub294 \uc0f4\ud478\uc640 \uac19\uc740 \ub2e4\uc591\ud55c \ud654\uc7a5\ud488\uc744 \ud48d\ubd80\ud558\uac8c \ud560 \uc218 \uc788\uc2b5\ub2c8\ub2e4.<\/p>\n<p>\ub610\ud55c \ube14\ub799\ucee4\ub7f0\ud2b8 \ubc84\ud130\ub294 \ub9e4\uc6b0 \ub2e4\uc7ac\ub2e4\ub2a5\ud569\ub2c8\ub2e4. \ud6a8\uacfc\uc801\uc778 \ub178\ud654 \ubc29\uc9c0 \uc131\ubd84\uc73c\ub85c \uc131\uc219\ud55c \ud53c\ubd80 \uad00\ub9ac\uc5d0 \uc0ac\uc6a9\ud560 \uc218 \uc788\uc73c\uba70, \uc9c4\uc815 \ud6a8\uacfc \ub355\ubd84\uc5d0 \ubb38\uc81c\uc131 \ud53c\ubd80\uc5d0\ub3c4 \uc0ac\uc6a9\ud560 \uc218 \uc788\uc2b5\ub2c8\ub2e4. \ubaa8\ubc1c\uc758 \uacbd\uc6b0 \ube14\ub799\ucee4\ub7f0\ud2b8 \ubc84\ud130\ub294 \uac74\uc870\ud568\uacfc \ubd80\uc11c\uc9c0\uae30 \uc26c\uc6c0\uc744 \ud574\uacb0\ud558\ub294 \ub370 \ub3c4\uc6c0\uc774 \ub418\uc5b4 \uac74\uac15\ud55c \uc724\uae30\uc640 \ubd80\ub4dc\ub7ec\uc6c0\uc744 \uc120\uc0ac\ud569\ub2c8\ub2e4.<\/p>\n","protected":false},"excerpt":{"rendered":"<p>\ube14\ub799\ucee4\ub7f0\ud2b8 \ubc84\ud130\ub294 \ube14\ub799\ucee4\ub7f0\ud2b8 \uc624\uc77c\uc758 \uc774\uc810\uacfc \uc218\uc18c\ud654 \uc2dd\ubb3c\uc131 \uc624\uc77c\uc758 \uc7a5\uc810\uc744 \uacb0\ud569\ud55c \uace0\uae09 \ud654\uc7a5\ud488 \uc131\ubd84\uc785\ub2c8\ub2e4.<\/p>\n","protected":false},"featured_media":42153,"template":"","meta":{"_acf_changed":false},"product_brand":[],"product_cat":[8153],"product_tag":[],"class_list":{"0":"post-42152","1":"product","2":"type-product","3":"status-publish","4":"has-post-thumbnail","6":"product_cat-hwa-jang-pum-beo-teo","8":"first","9":"instock","10":"shipping-taxable","11":"product-type-simple"},"acf":[],"yoast_head":"<!-- This site is optimized with the Yoast SEO plugin v27.4 - https:\/\/yoast.com\/product\/yoast-seo-wordpress\/ -->\n<title>\ube14\ub799\ucee4\ub7f0\ud2b8 \ubc84\ud130 - Hurtowy Dystrybutor<\/title>\n<meta name=\"description\" content=\"\ube14\ub799\ucee4\ub7f0\ud2b8 \ubc84\ud130\ub294 \ube14\ub799\ucee4\ub7f0\ud2b8 \uc624\uc77c\uc758 \ud48d\ubd80\ud568\uacfc \uc218\uc18c\ud654 \uc2dd\ubb3c\uc131 \uc624\uc77c\uc744 \uacb0\ud569\ud55c \ub3c5\ud2b9\ud55c \ud654\uc7a5\ud488 \uc131\ubd84\uc785\ub2c8\ub2e4.\" \/>\n<meta name=\"robots\" content=\"index, follow, max-snippet:-1, max-image-preview:large, max-video-preview:-1\" \/>\n<link rel=\"canonical\" href=\"https:\/\/naturalpoland.com\/ko\/je-pum\/hwa-jang-pum-won-ryo\/hwa-jang-pum-beo-teo\/beullaekkeoreonteu-beoteo\/\" \/>\n<meta property=\"og:locale\" content=\"ko_KR\" \/>\n<meta property=\"og:type\" content=\"article\" \/>\n<meta property=\"og:title\" content=\"\ube14\ub799\ucee4\ub7f0\ud2b8 \ubc84\ud130 - Hurtowy Dystrybutor\" \/>\n<meta property=\"og:description\" content=\"\ube14\ub799\ucee4\ub7f0\ud2b8 \ubc84\ud130\ub294 \ube14\ub799\ucee4\ub7f0\ud2b8 \uc624\uc77c\uc758 \ud48d\ubd80\ud568\uacfc \uc218\uc18c\ud654 \uc2dd\ubb3c\uc131 \uc624\uc77c\uc744 \uacb0\ud569\ud55c \ub3c5\ud2b9\ud55c \ud654\uc7a5\ud488 \uc131\ubd84\uc785\ub2c8\ub2e4.\" \/>\n<meta property=\"og:url\" content=\"https:\/\/naturalpoland.com\/ko\/je-pum\/hwa-jang-pum-won-ryo\/hwa-jang-pum-beo-teo\/beullaekkeoreonteu-beoteo\/\" \/>\n<meta property=\"og:site_name\" content=\"NATURAL POLAND - Hurtowy Dystrybutor Surowc\u00f3w\" \/>\n<meta property=\"article:publisher\" content=\"https:\/\/www.facebook.com\/naturalpoland.b2b\" \/>\n<meta property=\"article:modified_time\" content=\"2025-07-21T12:04:32+00:00\" \/>\n<meta property=\"og:image\" content=\"https:\/\/naturalpoland.com\/wp-content\/uploads\/blackcurrant_butter.png\" \/>\n\t<meta property=\"og:image:width\" content=\"595\" \/>\n\t<meta property=\"og:image:height\" content=\"595\" \/>\n\t<meta property=\"og:image:type\" content=\"image\/png\" \/>\n<script type=\"application\/ld+json\" class=\"yoast-schema-graph\">{\"@context\":\"https:\\\/\\\/schema.org\",\"@graph\":[{\"@type\":\"WebPage\",\"@id\":\"https:\\\/\\\/naturalpoland.com\\\/ko\\\/je-pum\\\/hwa-jang-pum-won-ryo\\\/hwa-jang-pum-beo-teo\\\/beullaekkeoreonteu-beoteo\\\/\",\"url\":\"https:\\\/\\\/naturalpoland.com\\\/ko\\\/je-pum\\\/hwa-jang-pum-won-ryo\\\/hwa-jang-pum-beo-teo\\\/beullaekkeoreonteu-beoteo\\\/\",\"name\":\"\ube14\ub799\ucee4\ub7f0\ud2b8 \ubc84\ud130 - Hurtowy Dystrybutor\",\"isPartOf\":{\"@id\":\"https:\\\/\\\/naturalpoland.com\\\/ko\\\/#website\"},\"primaryImageOfPage\":{\"@id\":\"https:\\\/\\\/naturalpoland.com\\\/ko\\\/je-pum\\\/hwa-jang-pum-won-ryo\\\/hwa-jang-pum-beo-teo\\\/beullaekkeoreonteu-beoteo\\\/#primaryimage\"},\"image\":{\"@id\":\"https:\\\/\\\/naturalpoland.com\\\/ko\\\/je-pum\\\/hwa-jang-pum-won-ryo\\\/hwa-jang-pum-beo-teo\\\/beullaekkeoreonteu-beoteo\\\/#primaryimage\"},\"thumbnailUrl\":\"https:\\\/\\\/naturalpoland.com\\\/wp-content\\\/uploads\\\/blackcurrant_butter.png\",\"datePublished\":\"2023-07-21T14:26:52+00:00\",\"dateModified\":\"2025-07-21T12:04:32+00:00\",\"description\":\"\ube14\ub799\ucee4\ub7f0\ud2b8 \ubc84\ud130\ub294 \ube14\ub799\ucee4\ub7f0\ud2b8 \uc624\uc77c\uc758 \ud48d\ubd80\ud568\uacfc \uc218\uc18c\ud654 \uc2dd\ubb3c\uc131 \uc624\uc77c\uc744 \uacb0\ud569\ud55c \ub3c5\ud2b9\ud55c \ud654\uc7a5\ud488 \uc131\ubd84\uc785\ub2c8\ub2e4.\",\"breadcrumb\":{\"@id\":\"https:\\\/\\\/naturalpoland.com\\\/ko\\\/je-pum\\\/hwa-jang-pum-won-ryo\\\/hwa-jang-pum-beo-teo\\\/beullaekkeoreonteu-beoteo\\\/#breadcrumb\"},\"inLanguage\":\"ko-KR\",\"potentialAction\":[{\"@type\":\"ReadAction\",\"target\":[\"https:\\\/\\\/naturalpoland.com\\\/ko\\\/je-pum\\\/hwa-jang-pum-won-ryo\\\/hwa-jang-pum-beo-teo\\\/beullaekkeoreonteu-beoteo\\\/\"]}]},{\"@type\":\"ImageObject\",\"inLanguage\":\"ko-KR\",\"@id\":\"https:\\\/\\\/naturalpoland.com\\\/ko\\\/je-pum\\\/hwa-jang-pum-won-ryo\\\/hwa-jang-pum-beo-teo\\\/beullaekkeoreonteu-beoteo\\\/#primaryimage\",\"url\":\"https:\\\/\\\/naturalpoland.com\\\/wp-content\\\/uploads\\\/blackcurrant_butter.png\",\"contentUrl\":\"https:\\\/\\\/naturalpoland.com\\\/wp-content\\\/uploads\\\/blackcurrant_butter.png\",\"width\":595,\"height\":595,\"caption\":\"mas\u0142o z czarnej porzeczki\"},{\"@type\":\"BreadcrumbList\",\"@id\":\"https:\\\/\\\/naturalpoland.com\\\/ko\\\/je-pum\\\/hwa-jang-pum-won-ryo\\\/hwa-jang-pum-beo-teo\\\/beullaekkeoreonteu-beoteo\\\/#breadcrumb\",\"itemListElement\":[{\"@type\":\"ListItem\",\"position\":1,\"name\":\"\ud648\",\"item\":\"https:\\\/\\\/naturalpoland.com\\\/ko\\\/\"},{\"@type\":\"ListItem\",\"position\":2,\"name\":\"\uc81c\ud488\",\"item\":\"https:\\\/\\\/naturalpoland.com\\\/ko\\\/%ec%a0%9c%ed%92%88\\\/\"},{\"@type\":\"ListItem\",\"position\":3,\"name\":\"\ube14\ub799\ucee4\ub7f0\ud2b8 \ubc84\ud130\"}]},{\"@type\":\"WebSite\",\"@id\":\"https:\\\/\\\/naturalpoland.com\\\/ko\\\/#website\",\"url\":\"https:\\\/\\\/naturalpoland.com\\\/ko\\\/\",\"name\":\"NATURAL POLAND - Hurtowy Dystrybutor Surowc\u00f3w\",\"description\":\"Surowce dla przemys\u0142u spo\u017cywczego, kosmetycznego i farmaceutycznego\",\"publisher\":{\"@id\":\"https:\\\/\\\/naturalpoland.com\\\/ko\\\/#organization\"},\"potentialAction\":[{\"@type\":\"SearchAction\",\"target\":{\"@type\":\"EntryPoint\",\"urlTemplate\":\"https:\\\/\\\/naturalpoland.com\\\/ko\\\/?s={search_term_string}\"},\"query-input\":{\"@type\":\"PropertyValueSpecification\",\"valueRequired\":true,\"valueName\":\"search_term_string\"}}],\"inLanguage\":\"ko-KR\"},{\"@type\":\"Organization\",\"@id\":\"https:\\\/\\\/naturalpoland.com\\\/ko\\\/#organization\",\"name\":\"Natural Poland\",\"url\":\"https:\\\/\\\/naturalpoland.com\\\/ko\\\/\",\"logo\":{\"@type\":\"ImageObject\",\"inLanguage\":\"ko-KR\",\"@id\":\"https:\\\/\\\/naturalpoland.com\\\/ko\\\/#\\\/schema\\\/logo\\\/image\\\/\",\"url\":\"https:\\\/\\\/naturalpoland.com\\\/wp-content\\\/uploads\\\/2021\\\/05\\\/natural-poland-icon.png\",\"contentUrl\":\"https:\\\/\\\/naturalpoland.com\\\/wp-content\\\/uploads\\\/2021\\\/05\\\/natural-poland-icon.png\",\"width\":512,\"height\":512,\"caption\":\"Natural Poland\"},\"image\":{\"@id\":\"https:\\\/\\\/naturalpoland.com\\\/ko\\\/#\\\/schema\\\/logo\\\/image\\\/\"},\"sameAs\":[\"https:\\\/\\\/www.facebook.com\\\/naturalpoland.b2b\",\"https:\\\/\\\/pl.linkedin.com\\\/company\\\/natural-poland\",\"https:\\\/\\\/www.youtube.com\\\/channel\\\/UCgeGGkvOMahZo-xu_MSEWxg\"]}]}<\/script>\n<!-- \/ Yoast SEO plugin. -->","yoast_head_json":{"title":"\ube14\ub799\ucee4\ub7f0\ud2b8 \ubc84\ud130 - Hurtowy Dystrybutor","description":"\ube14\ub799\ucee4\ub7f0\ud2b8 \ubc84\ud130\ub294 \ube14\ub799\ucee4\ub7f0\ud2b8 \uc624\uc77c\uc758 \ud48d\ubd80\ud568\uacfc \uc218\uc18c\ud654 \uc2dd\ubb3c\uc131 \uc624\uc77c\uc744 \uacb0\ud569\ud55c \ub3c5\ud2b9\ud55c \ud654\uc7a5\ud488 \uc131\ubd84\uc785\ub2c8\ub2e4.","robots":{"index":"index","follow":"follow","max-snippet":"max-snippet:-1","max-image-preview":"max-image-preview:large","max-video-preview":"max-video-preview:-1"},"canonical":"https:\/\/naturalpoland.com\/ko\/je-pum\/hwa-jang-pum-won-ryo\/hwa-jang-pum-beo-teo\/beullaekkeoreonteu-beoteo\/","og_locale":"ko_KR","og_type":"article","og_title":"\ube14\ub799\ucee4\ub7f0\ud2b8 \ubc84\ud130 - Hurtowy Dystrybutor","og_description":"\ube14\ub799\ucee4\ub7f0\ud2b8 \ubc84\ud130\ub294 \ube14\ub799\ucee4\ub7f0\ud2b8 \uc624\uc77c\uc758 \ud48d\ubd80\ud568\uacfc \uc218\uc18c\ud654 \uc2dd\ubb3c\uc131 \uc624\uc77c\uc744 \uacb0\ud569\ud55c \ub3c5\ud2b9\ud55c \ud654\uc7a5\ud488 \uc131\ubd84\uc785\ub2c8\ub2e4.","og_url":"https:\/\/naturalpoland.com\/ko\/je-pum\/hwa-jang-pum-won-ryo\/hwa-jang-pum-beo-teo\/beullaekkeoreonteu-beoteo\/","og_site_name":"NATURAL POLAND - Hurtowy Dystrybutor Surowc\u00f3w","article_publisher":"https:\/\/www.facebook.com\/naturalpoland.b2b","article_modified_time":"2025-07-21T12:04:32+00:00","og_image":[{"width":595,"height":595,"url":"https:\/\/naturalpoland.com\/wp-content\/uploads\/blackcurrant_butter.png","type":"image\/png"}],"schema":{"@context":"https:\/\/schema.org","@graph":[{"@type":"WebPage","@id":"https:\/\/naturalpoland.com\/ko\/je-pum\/hwa-jang-pum-won-ryo\/hwa-jang-pum-beo-teo\/beullaekkeoreonteu-beoteo\/","url":"https:\/\/naturalpoland.com\/ko\/je-pum\/hwa-jang-pum-won-ryo\/hwa-jang-pum-beo-teo\/beullaekkeoreonteu-beoteo\/","name":"\ube14\ub799\ucee4\ub7f0\ud2b8 \ubc84\ud130 - Hurtowy Dystrybutor","isPartOf":{"@id":"https:\/\/naturalpoland.com\/ko\/#website"},"primaryImageOfPage":{"@id":"https:\/\/naturalpoland.com\/ko\/je-pum\/hwa-jang-pum-won-ryo\/hwa-jang-pum-beo-teo\/beullaekkeoreonteu-beoteo\/#primaryimage"},"image":{"@id":"https:\/\/naturalpoland.com\/ko\/je-pum\/hwa-jang-pum-won-ryo\/hwa-jang-pum-beo-teo\/beullaekkeoreonteu-beoteo\/#primaryimage"},"thumbnailUrl":"https:\/\/naturalpoland.com\/wp-content\/uploads\/blackcurrant_butter.png","datePublished":"2023-07-21T14:26:52+00:00","dateModified":"2025-07-21T12:04:32+00:00","description":"\ube14\ub799\ucee4\ub7f0\ud2b8 \ubc84\ud130\ub294 \ube14\ub799\ucee4\ub7f0\ud2b8 \uc624\uc77c\uc758 \ud48d\ubd80\ud568\uacfc \uc218\uc18c\ud654 \uc2dd\ubb3c\uc131 \uc624\uc77c\uc744 \uacb0\ud569\ud55c \ub3c5\ud2b9\ud55c \ud654\uc7a5\ud488 \uc131\ubd84\uc785\ub2c8\ub2e4.","breadcrumb":{"@id":"https:\/\/naturalpoland.com\/ko\/je-pum\/hwa-jang-pum-won-ryo\/hwa-jang-pum-beo-teo\/beullaekkeoreonteu-beoteo\/#breadcrumb"},"inLanguage":"ko-KR","potentialAction":[{"@type":"ReadAction","target":["https:\/\/naturalpoland.com\/ko\/je-pum\/hwa-jang-pum-won-ryo\/hwa-jang-pum-beo-teo\/beullaekkeoreonteu-beoteo\/"]}]},{"@type":"ImageObject","inLanguage":"ko-KR","@id":"https:\/\/naturalpoland.com\/ko\/je-pum\/hwa-jang-pum-won-ryo\/hwa-jang-pum-beo-teo\/beullaekkeoreonteu-beoteo\/#primaryimage","url":"https:\/\/naturalpoland.com\/wp-content\/uploads\/blackcurrant_butter.png","contentUrl":"https:\/\/naturalpoland.com\/wp-content\/uploads\/blackcurrant_butter.png","width":595,"height":595,"caption":"mas\u0142o z czarnej porzeczki"},{"@type":"BreadcrumbList","@id":"https:\/\/naturalpoland.com\/ko\/je-pum\/hwa-jang-pum-won-ryo\/hwa-jang-pum-beo-teo\/beullaekkeoreonteu-beoteo\/#breadcrumb","itemListElement":[{"@type":"ListItem","position":1,"name":"\ud648","item":"https:\/\/naturalpoland.com\/ko\/"},{"@type":"ListItem","position":2,"name":"\uc81c\ud488","item":"https:\/\/naturalpoland.com\/ko\/%ec%a0%9c%ed%92%88\/"},{"@type":"ListItem","position":3,"name":"\ube14\ub799\ucee4\ub7f0\ud2b8 \ubc84\ud130"}]},{"@type":"WebSite","@id":"https:\/\/naturalpoland.com\/ko\/#website","url":"https:\/\/naturalpoland.com\/ko\/","name":"NATURAL POLAND - Hurtowy Dystrybutor Surowc\u00f3w","description":"Surowce dla przemys\u0142u spo\u017cywczego, kosmetycznego i farmaceutycznego","publisher":{"@id":"https:\/\/naturalpoland.com\/ko\/#organization"},"potentialAction":[{"@type":"SearchAction","target":{"@type":"EntryPoint","urlTemplate":"https:\/\/naturalpoland.com\/ko\/?s={search_term_string}"},"query-input":{"@type":"PropertyValueSpecification","valueRequired":true,"valueName":"search_term_string"}}],"inLanguage":"ko-KR"},{"@type":"Organization","@id":"https:\/\/naturalpoland.com\/ko\/#organization","name":"Natural Poland","url":"https:\/\/naturalpoland.com\/ko\/","logo":{"@type":"ImageObject","inLanguage":"ko-KR","@id":"https:\/\/naturalpoland.com\/ko\/#\/schema\/logo\/image\/","url":"https:\/\/naturalpoland.com\/wp-content\/uploads\/2021\/05\/natural-poland-icon.png","contentUrl":"https:\/\/naturalpoland.com\/wp-content\/uploads\/2021\/05\/natural-poland-icon.png","width":512,"height":512,"caption":"Natural Poland"},"image":{"@id":"https:\/\/naturalpoland.com\/ko\/#\/schema\/logo\/image\/"},"sameAs":["https:\/\/www.facebook.com\/naturalpoland.b2b","https:\/\/pl.linkedin.com\/company\/natural-poland","https:\/\/www.youtube.com\/channel\/UCgeGGkvOMahZo-xu_MSEWxg"]}]}},"_links":{"self":[{"href":"https:\/\/naturalpoland.com\/ko\/wp-json\/wp\/v2\/product\/42152","targetHints":{"allow":["GET"]}}],"collection":[{"href":"https:\/\/naturalpoland.com\/ko\/wp-json\/wp\/v2\/product"}],"about":[{"href":"https:\/\/naturalpoland.com\/ko\/wp-json\/wp\/v2\/types\/product"}],"wp:featuredmedia":[{"embeddable":true,"href":"https:\/\/naturalpoland.com\/ko\/wp-json\/wp\/v2\/media\/42153"}],"wp:attachment":[{"href":"https:\/\/naturalpoland.com\/ko\/wp-json\/wp\/v2\/media?parent=42152"}],"wp:term":[{"taxonomy":"product_brand","embeddable":true,"href":"https:\/\/naturalpoland.com\/ko\/wp-json\/wp\/v2\/product_brand?post=42152"},{"taxonomy":"product_cat","embeddable":true,"href":"https:\/\/naturalpoland.com\/ko\/wp-json\/wp\/v2\/product_cat?post=42152"},{"taxonomy":"product_tag","embeddable":true,"href":"https:\/\/naturalpoland.com\/ko\/wp-json\/wp\/v2\/product_tag?post=42152"}],"curies":[{"name":"wp","href":"https:\/\/api.w.org\/{rel}","templated":true}]}}