{"id":42154,"date":"2023-07-21T15:07:09","date_gmt":"2023-07-21T13:07:09","guid":{"rendered":"https:\/\/naturalpoland.com\/produkty\/uncategorized\/%ed%8f%ac%eb%8f%84%ec%94%a8-%eb%b2%84%ed%84%b0\/"},"modified":"2025-07-21T14:04:54","modified_gmt":"2025-07-21T12:04:54","slug":"podossi-beoteo","status":"publish","type":"product","link":"https:\/\/naturalpoland.com\/ko\/je-pum\/hwa-jang-pum-won-ryo\/hwa-jang-pum-beo-teo\/podossi-beoteo\/","title":{"rendered":"\ud3ec\ub3c4\uc528 \ubc84\ud130"},"content":{"rendered":"<p>\ud3ec\ub3c4\uc528 \ubc84\ud130\ub294 \ud53c\ubd80\ub97c \uc704\ud55c \uc9c4\uc815\ud55c \ubcf4\ubb3c\uc785\ub2c8\ub2e4. \ube44\ud0c0\ubbfc C, D, E \ud568\ub7c9\uc774 \ub192\uace0 \uc624\uba54\uac00-6 \uc9c0\ubc29\uc0b0\uc774 \ud48d\ubd80\ud55c \uac83\uc73c\ub85c \uc54c\ub824\uc9c4 \ud3ec\ub3c4\uc528 \uc624\uc77c\uc740 \ud53c\ubd80\uc5d0 \ud544\uc218 \uc601\uc591\uc18c\ub97c \uacf5\uae09\ud558\uc5ec \ud65c\uc131 \uc0b0\uc18c\uc640 \uc2f8\uc6b0\uace0 \ud0c4\ub825\uc744 \uac1c\uc120\ud558\ub294 \ub370 \ub3c4\uc6c0\uc744 \uc90d\ub2c8\ub2e4. \uadf8 \uacb0\uacfc \ud53c\ubd80\ub294 \ub354\uc6b1 \ub9e4\ub044\ub7fd\uace0 \ubd80\ub4dc\ub7ec\uc6b0\uba70 \ud0c4\ud0c4\ud574\uc9d1\ub2c8\ub2e4.<\/p>\n<p>\ud06c\ub9ac\ubbf8\ud55c \uc9c8\uac10 \ub355\ubd84\uc5d0 \ud3ec\ub3c4\uc528 \ubc84\ud130\ub294 \ubc14\ub974\uae30 \uc27d\uace0 \ube60\ub974\uac8c \ud761\uc218\ub418\uba70 \ub048\uc801\uc784\uc774 \ub0a8\uc9c0 \uc54a\uc2b5\ub2c8\ub2e4. \ub530\ub77c\uc11c \ubc14\ub514 \ucf00\uc5b4\ubfd0\ub9cc \uc544\ub2c8\ub77c \uc5bc\uad74\uacfc \ubaa8\ubc1c \uad00\ub9ac\uc5d0\ub3c4 \uc774\uc0c1\uc801\uc778 \uc131\ubd84\uc785\ub2c8\ub2e4. \ud3ec\ub3c4\uc528 \ubc84\ud130\ub294 \ub2e8\ub3c5\uc73c\ub85c \uc0ac\uc6a9\ud558\uac70\ub098 \ud06c\ub9bc, \ubc24, \ub9c8\uc2a4\ud06c, \uc0f4\ud478 \ub4f1 \ub2e4\uc591\ud55c \ud654\uc7a5\ud488\uc5d0 \ucca8\uac00\ud558\uc5ec \uc0ac\uc6a9\ud560 \uc218 \uc788\uc2b5\ub2c8\ub2e4.<\/p>\n","protected":false},"excerpt":{"rendered":"<p>\ud3ec\ub3c4\uc528 \ubc84\ud130\ub294 \ud3ec\ub3c4\uc528 \uc624\uc77c\uc758 \uc720\uc775\ud55c \ud2b9\uc131\uc744 \ud65c\uc6a9\ud558\uc5ec \uc218\uc18c\ud654 \uc2dd\ubb3c\uc131 \uc624\uc77c\uacfc \uacb0\ud569\ud558\uc5ec \ud48d\ubd80\ud558\uace0 \uc601\uc591\uac00 \uc788\ub294 \ud06c\ub9ac\ubbf8\ud55c \uc9c8\uac10\uc758 \ubc84\ud130\ub97c \ub9cc\ub4ed\ub2c8\ub2e4.<\/p>\n","protected":false},"featured_media":42155,"template":"","meta":{"_acf_changed":false},"product_brand":[],"product_cat":[8153],"product_tag":[],"class_list":{"0":"post-42154","1":"product","2":"type-product","3":"status-publish","4":"has-post-thumbnail","6":"product_cat-hwa-jang-pum-beo-teo","8":"first","9":"instock","10":"shipping-taxable","11":"product-type-simple"},"acf":[],"yoast_head":"<!-- This site is optimized with the Yoast SEO plugin v27.4 - https:\/\/yoast.com\/product\/yoast-seo-wordpress\/ -->\n<title>\ud3ec\ub3c4\uc528 \ubc84\ud130 - Hurtowy Dystrybutor<\/title>\n<meta name=\"description\" content=\"\ud3ec\ub3c4\uc528 \ubc84\ud130\ub294 \ud48d\ubd80\ud55c \ud3ec\ub3c4\uc528 \uc624\uc77c\uacfc \uc218\uc18c\ud654 \uc2dd\ubb3c\uc131 \uc624\uc77c\uc744 \uacb0\ud569\ud55c \uace0\uae09 \ud654\uc7a5\ud488 \uc131\ubd84\uc785\ub2c8\ub2e4.\" \/>\n<meta name=\"robots\" content=\"index, follow, max-snippet:-1, max-image-preview:large, max-video-preview:-1\" \/>\n<link rel=\"canonical\" href=\"https:\/\/naturalpoland.com\/ko\/je-pum\/hwa-jang-pum-won-ryo\/hwa-jang-pum-beo-teo\/podossi-beoteo\/\" \/>\n<meta property=\"og:locale\" content=\"ko_KR\" \/>\n<meta property=\"og:type\" content=\"article\" \/>\n<meta property=\"og:title\" content=\"\ud3ec\ub3c4\uc528 \ubc84\ud130 - Hurtowy Dystrybutor\" \/>\n<meta property=\"og:description\" content=\"\ud3ec\ub3c4\uc528 \ubc84\ud130\ub294 \ud48d\ubd80\ud55c \ud3ec\ub3c4\uc528 \uc624\uc77c\uacfc \uc218\uc18c\ud654 \uc2dd\ubb3c\uc131 \uc624\uc77c\uc744 \uacb0\ud569\ud55c \uace0\uae09 \ud654\uc7a5\ud488 \uc131\ubd84\uc785\ub2c8\ub2e4.\" \/>\n<meta property=\"og:url\" content=\"https:\/\/naturalpoland.com\/ko\/je-pum\/hwa-jang-pum-won-ryo\/hwa-jang-pum-beo-teo\/podossi-beoteo\/\" \/>\n<meta property=\"og:site_name\" content=\"NATURAL POLAND - Hurtowy Dystrybutor Surowc\u00f3w\" \/>\n<meta property=\"article:publisher\" content=\"https:\/\/www.facebook.com\/naturalpoland.b2b\" \/>\n<meta property=\"article:modified_time\" content=\"2025-07-21T12:04:54+00:00\" \/>\n<meta property=\"og:image\" content=\"https:\/\/naturalpoland.com\/wp-content\/uploads\/grape-butter.png\" \/>\n\t<meta property=\"og:image:width\" content=\"595\" \/>\n\t<meta property=\"og:image:height\" content=\"595\" \/>\n\t<meta property=\"og:image:type\" content=\"image\/png\" \/>\n<script type=\"application\/ld+json\" class=\"yoast-schema-graph\">{\"@context\":\"https:\\\/\\\/schema.org\",\"@graph\":[{\"@type\":\"WebPage\",\"@id\":\"https:\\\/\\\/naturalpoland.com\\\/ko\\\/je-pum\\\/hwa-jang-pum-won-ryo\\\/hwa-jang-pum-beo-teo\\\/podossi-beoteo\\\/\",\"url\":\"https:\\\/\\\/naturalpoland.com\\\/ko\\\/je-pum\\\/hwa-jang-pum-won-ryo\\\/hwa-jang-pum-beo-teo\\\/podossi-beoteo\\\/\",\"name\":\"\ud3ec\ub3c4\uc528 \ubc84\ud130 - Hurtowy Dystrybutor\",\"isPartOf\":{\"@id\":\"https:\\\/\\\/naturalpoland.com\\\/ko\\\/#website\"},\"primaryImageOfPage\":{\"@id\":\"https:\\\/\\\/naturalpoland.com\\\/ko\\\/je-pum\\\/hwa-jang-pum-won-ryo\\\/hwa-jang-pum-beo-teo\\\/podossi-beoteo\\\/#primaryimage\"},\"image\":{\"@id\":\"https:\\\/\\\/naturalpoland.com\\\/ko\\\/je-pum\\\/hwa-jang-pum-won-ryo\\\/hwa-jang-pum-beo-teo\\\/podossi-beoteo\\\/#primaryimage\"},\"thumbnailUrl\":\"https:\\\/\\\/naturalpoland.com\\\/wp-content\\\/uploads\\\/grape-butter.png\",\"datePublished\":\"2023-07-21T13:07:09+00:00\",\"dateModified\":\"2025-07-21T12:04:54+00:00\",\"description\":\"\ud3ec\ub3c4\uc528 \ubc84\ud130\ub294 \ud48d\ubd80\ud55c \ud3ec\ub3c4\uc528 \uc624\uc77c\uacfc \uc218\uc18c\ud654 \uc2dd\ubb3c\uc131 \uc624\uc77c\uc744 \uacb0\ud569\ud55c \uace0\uae09 \ud654\uc7a5\ud488 \uc131\ubd84\uc785\ub2c8\ub2e4.\",\"breadcrumb\":{\"@id\":\"https:\\\/\\\/naturalpoland.com\\\/ko\\\/je-pum\\\/hwa-jang-pum-won-ryo\\\/hwa-jang-pum-beo-teo\\\/podossi-beoteo\\\/#breadcrumb\"},\"inLanguage\":\"ko-KR\",\"potentialAction\":[{\"@type\":\"ReadAction\",\"target\":[\"https:\\\/\\\/naturalpoland.com\\\/ko\\\/je-pum\\\/hwa-jang-pum-won-ryo\\\/hwa-jang-pum-beo-teo\\\/podossi-beoteo\\\/\"]}]},{\"@type\":\"ImageObject\",\"inLanguage\":\"ko-KR\",\"@id\":\"https:\\\/\\\/naturalpoland.com\\\/ko\\\/je-pum\\\/hwa-jang-pum-won-ryo\\\/hwa-jang-pum-beo-teo\\\/podossi-beoteo\\\/#primaryimage\",\"url\":\"https:\\\/\\\/naturalpoland.com\\\/wp-content\\\/uploads\\\/grape-butter.png\",\"contentUrl\":\"https:\\\/\\\/naturalpoland.com\\\/wp-content\\\/uploads\\\/grape-butter.png\",\"width\":595,\"height\":595,\"caption\":\"mas\u0142o winogronowe\"},{\"@type\":\"BreadcrumbList\",\"@id\":\"https:\\\/\\\/naturalpoland.com\\\/ko\\\/je-pum\\\/hwa-jang-pum-won-ryo\\\/hwa-jang-pum-beo-teo\\\/podossi-beoteo\\\/#breadcrumb\",\"itemListElement\":[{\"@type\":\"ListItem\",\"position\":1,\"name\":\"\ud648\",\"item\":\"https:\\\/\\\/naturalpoland.com\\\/ko\\\/\"},{\"@type\":\"ListItem\",\"position\":2,\"name\":\"\uc81c\ud488\",\"item\":\"https:\\\/\\\/naturalpoland.com\\\/ko\\\/%ec%a0%9c%ed%92%88\\\/\"},{\"@type\":\"ListItem\",\"position\":3,\"name\":\"\ud3ec\ub3c4\uc528 \ubc84\ud130\"}]},{\"@type\":\"WebSite\",\"@id\":\"https:\\\/\\\/naturalpoland.com\\\/ko\\\/#website\",\"url\":\"https:\\\/\\\/naturalpoland.com\\\/ko\\\/\",\"name\":\"NATURAL POLAND - Hurtowy Dystrybutor Surowc\u00f3w\",\"description\":\"Surowce dla przemys\u0142u spo\u017cywczego, kosmetycznego i farmaceutycznego\",\"publisher\":{\"@id\":\"https:\\\/\\\/naturalpoland.com\\\/ko\\\/#organization\"},\"potentialAction\":[{\"@type\":\"SearchAction\",\"target\":{\"@type\":\"EntryPoint\",\"urlTemplate\":\"https:\\\/\\\/naturalpoland.com\\\/ko\\\/?s={search_term_string}\"},\"query-input\":{\"@type\":\"PropertyValueSpecification\",\"valueRequired\":true,\"valueName\":\"search_term_string\"}}],\"inLanguage\":\"ko-KR\"},{\"@type\":\"Organization\",\"@id\":\"https:\\\/\\\/naturalpoland.com\\\/ko\\\/#organization\",\"name\":\"Natural Poland\",\"url\":\"https:\\\/\\\/naturalpoland.com\\\/ko\\\/\",\"logo\":{\"@type\":\"ImageObject\",\"inLanguage\":\"ko-KR\",\"@id\":\"https:\\\/\\\/naturalpoland.com\\\/ko\\\/#\\\/schema\\\/logo\\\/image\\\/\",\"url\":\"https:\\\/\\\/naturalpoland.com\\\/wp-content\\\/uploads\\\/2021\\\/05\\\/natural-poland-icon.png\",\"contentUrl\":\"https:\\\/\\\/naturalpoland.com\\\/wp-content\\\/uploads\\\/2021\\\/05\\\/natural-poland-icon.png\",\"width\":512,\"height\":512,\"caption\":\"Natural Poland\"},\"image\":{\"@id\":\"https:\\\/\\\/naturalpoland.com\\\/ko\\\/#\\\/schema\\\/logo\\\/image\\\/\"},\"sameAs\":[\"https:\\\/\\\/www.facebook.com\\\/naturalpoland.b2b\",\"https:\\\/\\\/pl.linkedin.com\\\/company\\\/natural-poland\",\"https:\\\/\\\/www.youtube.com\\\/channel\\\/UCgeGGkvOMahZo-xu_MSEWxg\"]}]}<\/script>\n<!-- \/ Yoast SEO plugin. -->","yoast_head_json":{"title":"\ud3ec\ub3c4\uc528 \ubc84\ud130 - Hurtowy Dystrybutor","description":"\ud3ec\ub3c4\uc528 \ubc84\ud130\ub294 \ud48d\ubd80\ud55c \ud3ec\ub3c4\uc528 \uc624\uc77c\uacfc \uc218\uc18c\ud654 \uc2dd\ubb3c\uc131 \uc624\uc77c\uc744 \uacb0\ud569\ud55c \uace0\uae09 \ud654\uc7a5\ud488 \uc131\ubd84\uc785\ub2c8\ub2e4.","robots":{"index":"index","follow":"follow","max-snippet":"max-snippet:-1","max-image-preview":"max-image-preview:large","max-video-preview":"max-video-preview:-1"},"canonical":"https:\/\/naturalpoland.com\/ko\/je-pum\/hwa-jang-pum-won-ryo\/hwa-jang-pum-beo-teo\/podossi-beoteo\/","og_locale":"ko_KR","og_type":"article","og_title":"\ud3ec\ub3c4\uc528 \ubc84\ud130 - Hurtowy Dystrybutor","og_description":"\ud3ec\ub3c4\uc528 \ubc84\ud130\ub294 \ud48d\ubd80\ud55c \ud3ec\ub3c4\uc528 \uc624\uc77c\uacfc \uc218\uc18c\ud654 \uc2dd\ubb3c\uc131 \uc624\uc77c\uc744 \uacb0\ud569\ud55c \uace0\uae09 \ud654\uc7a5\ud488 \uc131\ubd84\uc785\ub2c8\ub2e4.","og_url":"https:\/\/naturalpoland.com\/ko\/je-pum\/hwa-jang-pum-won-ryo\/hwa-jang-pum-beo-teo\/podossi-beoteo\/","og_site_name":"NATURAL POLAND - Hurtowy Dystrybutor Surowc\u00f3w","article_publisher":"https:\/\/www.facebook.com\/naturalpoland.b2b","article_modified_time":"2025-07-21T12:04:54+00:00","og_image":[{"width":595,"height":595,"url":"https:\/\/naturalpoland.com\/wp-content\/uploads\/grape-butter.png","type":"image\/png"}],"schema":{"@context":"https:\/\/schema.org","@graph":[{"@type":"WebPage","@id":"https:\/\/naturalpoland.com\/ko\/je-pum\/hwa-jang-pum-won-ryo\/hwa-jang-pum-beo-teo\/podossi-beoteo\/","url":"https:\/\/naturalpoland.com\/ko\/je-pum\/hwa-jang-pum-won-ryo\/hwa-jang-pum-beo-teo\/podossi-beoteo\/","name":"\ud3ec\ub3c4\uc528 \ubc84\ud130 - Hurtowy Dystrybutor","isPartOf":{"@id":"https:\/\/naturalpoland.com\/ko\/#website"},"primaryImageOfPage":{"@id":"https:\/\/naturalpoland.com\/ko\/je-pum\/hwa-jang-pum-won-ryo\/hwa-jang-pum-beo-teo\/podossi-beoteo\/#primaryimage"},"image":{"@id":"https:\/\/naturalpoland.com\/ko\/je-pum\/hwa-jang-pum-won-ryo\/hwa-jang-pum-beo-teo\/podossi-beoteo\/#primaryimage"},"thumbnailUrl":"https:\/\/naturalpoland.com\/wp-content\/uploads\/grape-butter.png","datePublished":"2023-07-21T13:07:09+00:00","dateModified":"2025-07-21T12:04:54+00:00","description":"\ud3ec\ub3c4\uc528 \ubc84\ud130\ub294 \ud48d\ubd80\ud55c \ud3ec\ub3c4\uc528 \uc624\uc77c\uacfc \uc218\uc18c\ud654 \uc2dd\ubb3c\uc131 \uc624\uc77c\uc744 \uacb0\ud569\ud55c \uace0\uae09 \ud654\uc7a5\ud488 \uc131\ubd84\uc785\ub2c8\ub2e4.","breadcrumb":{"@id":"https:\/\/naturalpoland.com\/ko\/je-pum\/hwa-jang-pum-won-ryo\/hwa-jang-pum-beo-teo\/podossi-beoteo\/#breadcrumb"},"inLanguage":"ko-KR","potentialAction":[{"@type":"ReadAction","target":["https:\/\/naturalpoland.com\/ko\/je-pum\/hwa-jang-pum-won-ryo\/hwa-jang-pum-beo-teo\/podossi-beoteo\/"]}]},{"@type":"ImageObject","inLanguage":"ko-KR","@id":"https:\/\/naturalpoland.com\/ko\/je-pum\/hwa-jang-pum-won-ryo\/hwa-jang-pum-beo-teo\/podossi-beoteo\/#primaryimage","url":"https:\/\/naturalpoland.com\/wp-content\/uploads\/grape-butter.png","contentUrl":"https:\/\/naturalpoland.com\/wp-content\/uploads\/grape-butter.png","width":595,"height":595,"caption":"mas\u0142o winogronowe"},{"@type":"BreadcrumbList","@id":"https:\/\/naturalpoland.com\/ko\/je-pum\/hwa-jang-pum-won-ryo\/hwa-jang-pum-beo-teo\/podossi-beoteo\/#breadcrumb","itemListElement":[{"@type":"ListItem","position":1,"name":"\ud648","item":"https:\/\/naturalpoland.com\/ko\/"},{"@type":"ListItem","position":2,"name":"\uc81c\ud488","item":"https:\/\/naturalpoland.com\/ko\/%ec%a0%9c%ed%92%88\/"},{"@type":"ListItem","position":3,"name":"\ud3ec\ub3c4\uc528 \ubc84\ud130"}]},{"@type":"WebSite","@id":"https:\/\/naturalpoland.com\/ko\/#website","url":"https:\/\/naturalpoland.com\/ko\/","name":"NATURAL POLAND - Hurtowy Dystrybutor Surowc\u00f3w","description":"Surowce dla przemys\u0142u spo\u017cywczego, kosmetycznego i farmaceutycznego","publisher":{"@id":"https:\/\/naturalpoland.com\/ko\/#organization"},"potentialAction":[{"@type":"SearchAction","target":{"@type":"EntryPoint","urlTemplate":"https:\/\/naturalpoland.com\/ko\/?s={search_term_string}"},"query-input":{"@type":"PropertyValueSpecification","valueRequired":true,"valueName":"search_term_string"}}],"inLanguage":"ko-KR"},{"@type":"Organization","@id":"https:\/\/naturalpoland.com\/ko\/#organization","name":"Natural Poland","url":"https:\/\/naturalpoland.com\/ko\/","logo":{"@type":"ImageObject","inLanguage":"ko-KR","@id":"https:\/\/naturalpoland.com\/ko\/#\/schema\/logo\/image\/","url":"https:\/\/naturalpoland.com\/wp-content\/uploads\/2021\/05\/natural-poland-icon.png","contentUrl":"https:\/\/naturalpoland.com\/wp-content\/uploads\/2021\/05\/natural-poland-icon.png","width":512,"height":512,"caption":"Natural Poland"},"image":{"@id":"https:\/\/naturalpoland.com\/ko\/#\/schema\/logo\/image\/"},"sameAs":["https:\/\/www.facebook.com\/naturalpoland.b2b","https:\/\/pl.linkedin.com\/company\/natural-poland","https:\/\/www.youtube.com\/channel\/UCgeGGkvOMahZo-xu_MSEWxg"]}]}},"_links":{"self":[{"href":"https:\/\/naturalpoland.com\/ko\/wp-json\/wp\/v2\/product\/42154","targetHints":{"allow":["GET"]}}],"collection":[{"href":"https:\/\/naturalpoland.com\/ko\/wp-json\/wp\/v2\/product"}],"about":[{"href":"https:\/\/naturalpoland.com\/ko\/wp-json\/wp\/v2\/types\/product"}],"wp:featuredmedia":[{"embeddable":true,"href":"https:\/\/naturalpoland.com\/ko\/wp-json\/wp\/v2\/media\/42155"}],"wp:attachment":[{"href":"https:\/\/naturalpoland.com\/ko\/wp-json\/wp\/v2\/media?parent=42154"}],"wp:term":[{"taxonomy":"product_brand","embeddable":true,"href":"https:\/\/naturalpoland.com\/ko\/wp-json\/wp\/v2\/product_brand?post=42154"},{"taxonomy":"product_cat","embeddable":true,"href":"https:\/\/naturalpoland.com\/ko\/wp-json\/wp\/v2\/product_cat?post=42154"},{"taxonomy":"product_tag","embeddable":true,"href":"https:\/\/naturalpoland.com\/ko\/wp-json\/wp\/v2\/product_tag?post=42154"}],"curies":[{"name":"wp","href":"https:\/\/api.w.org\/{rel}","templated":true}]}}