{"id":42160,"date":"2021-05-11T13:47:01","date_gmt":"2021-05-11T11:47:01","guid":{"rendered":"https:\/\/naturalpoland.com\/produkty\/uncategorized\/%ec%bd%a4%eb%b3%b4-%eb%b2%84%ed%84%b0\/"},"modified":"2025-07-21T13:59:11","modified_gmt":"2025-07-21T11:59:11","slug":"%ec%bd%a4%eb%b3%b4-%eb%b2%84%ed%84%b0","status":"publish","type":"product","link":"https:\/\/naturalpoland.com\/ko\/je-pum\/hwa-jang-pum-won-ryo\/hwa-jang-pum-beo-teo\/%ec%bd%a4%eb%b3%b4-%eb%b2%84%ed%84%b0\/","title":{"rendered":"\ucf64\ubcf4 \ubc84\ud130"},"content":{"rendered":"<p>\ucf64\ubcf4 \ubc84\ud130\ub294 \ud53c\ubd80 \uad00\ub9ac\uc5d0 \ud0c1\uc6d4\ud569\ub2c8\ub2e4. \uc21c\uc218\ud55c \ud615\ud0dc\ub85c \ud53c\ubd80\uc5d0 \uc0ac\uc6a9\ud558\uac70\ub098 \ub354 \ubcf5\uc7a1\ud55c \ud654\uc7a5\ud488\uc5d0 \ucca8\uac00\uc81c\ub85c \uc0ac\uc6a9\ud560 \uc218 \uc788\uc2b5\ub2c8\ub2e4. \uc801\uc808\ud55c \ubc30\ud569\uc73c\ub85c \ub9bd \ubc84\ud130 \ubc0f \ud398\uc774\uc2a4 \ud06c\ub9bc\uc73c\ub85c\ub3c4 \uc0ac\uc6a9\ud560 \uc218 \uc788\uc2b5\ub2c8\ub2e4. \ud56d\uc5fc\uc99d, \ud56d\uc54c\ub808\ub974\uae30, \ud56d\uade0 \ubc0f \ubc29\ubd80 \ud6a8\uacfc\uac00 \uc788\uc2b5\ub2c8\ub2e4. \uadfc\uc721 \ubc0f \uad00\uc808 \ud1b5\uc99d\uc744 \uc704\ud55c \uc5f0\uace0 \ub610\ub294 \ud06c\ub9bc\uc758 \uc131\ubd84\uc73c\ub85c \uc790\uc8fc \uc0ac\uc6a9\ub429\ub2c8\ub2e4.    <\/p>\n","protected":false},"excerpt":{"rendered":"<p>\ucf64\ubcf4 \ubc84\ud130\ub294 \uc721\ub450\uad6c\uacfc \ub098\ubb34\uc778 Pycnanthus Angolensis \uc2dd\ubb3c\uc758 \uacac\uacfc\ub958\uc5d0\uc11c \ucd94\ucd9c\ub429\ub2c8\ub2e4. \uc544\ud504\ub9ac\uce74\uac00 \uc6d0\uc0b0\uc9c0\uc774\uba70 \uc720\ub7fd\uc5d0\uc11c\ub294 \uc544\uc9c1 \ub110\ub9ac \uc54c\ub824\uc838 \uc788\uc9c0 \uc54a\uc2b5\ub2c8\ub2e4. \uc774 \ubc84\ud130\ub294 \ubbf8\ub9ac\uc2a4\ud2b8\uc0b0, \ubbf8\ub9ac\uc2a4\ud2b8\uc62c\ub808\uc0b0, \uadf8\ub9ac\uace0 \ucf5c\ub77c\uac90 \uc0dd\uc131\uc744 \ucd09\uc9c4\ud558\ub294 \ub370\ucf54\ub9b0\uc774 \ud48d\ubd80\ud569\ub2c8\ub2e4.  <\/p>\n","protected":false},"featured_media":42161,"template":"","meta":{"_acf_changed":false},"product_brand":[],"product_cat":[8153],"product_tag":[8531],"class_list":{"0":"post-42160","1":"product","2":"type-product","3":"status-publish","4":"has-post-thumbnail","6":"product_cat-hwa-jang-pum-beo-teo","7":"product_tag-8531","9":"first","10":"instock","11":"shipping-taxable","12":"product-type-simple"},"acf":[],"yoast_head":"<!-- This site is optimized with the Yoast SEO plugin v27.4 - https:\/\/yoast.com\/product\/yoast-seo-wordpress\/ -->\n<title>\ucf64\ubcf4 \ubc84\ud130 - Hurtowy Dystrybutor<\/title>\n<meta name=\"robots\" content=\"index, follow, max-snippet:-1, max-image-preview:large, max-video-preview:-1\" \/>\n<link rel=\"canonical\" href=\"https:\/\/naturalpoland.com\/ko\/je-pum\/hwa-jang-pum-won-ryo\/hwa-jang-pum-beo-teo\/%ec%bd%a4%eb%b3%b4-%eb%b2%84%ed%84%b0\/\" \/>\n<meta property=\"og:locale\" content=\"ko_KR\" \/>\n<meta property=\"og:type\" content=\"article\" \/>\n<meta property=\"og:title\" content=\"\ucf64\ubcf4 \ubc84\ud130 - Hurtowy Dystrybutor\" \/>\n<meta property=\"og:description\" content=\"\ucf64\ubcf4 \ubc84\ud130\ub294 \uc721\ub450\uad6c\uacfc \ub098\ubb34\uc778 Pycnanthus Angolensis \uc2dd\ubb3c\uc758 \uacac\uacfc\ub958\uc5d0\uc11c \ucd94\ucd9c\ub429\ub2c8\ub2e4. \uc544\ud504\ub9ac\uce74\uac00 \uc6d0\uc0b0\uc9c0\uc774\uba70 \uc720\ub7fd\uc5d0\uc11c\ub294 \uc544\uc9c1 \ub110\ub9ac \uc54c\ub824\uc838 \uc788\uc9c0 \uc54a\uc2b5\ub2c8\ub2e4. \uc774 \ubc84\ud130\ub294 \ubbf8\ub9ac\uc2a4\ud2b8\uc0b0, \ubbf8\ub9ac\uc2a4\ud2b8\uc62c\ub808\uc0b0, \uadf8\ub9ac\uace0 \ucf5c\ub77c\uac90 \uc0dd\uc131\uc744 \ucd09\uc9c4\ud558\ub294 \ub370\ucf54\ub9b0\uc774 \ud48d\ubd80\ud569\ub2c8\ub2e4.\" \/>\n<meta property=\"og:url\" content=\"https:\/\/naturalpoland.com\/ko\/je-pum\/hwa-jang-pum-won-ryo\/hwa-jang-pum-beo-teo\/%ec%bd%a4%eb%b3%b4-%eb%b2%84%ed%84%b0\/\" \/>\n<meta property=\"og:site_name\" content=\"NATURAL POLAND - Hurtowy Dystrybutor Surowc\u00f3w\" \/>\n<meta property=\"article:publisher\" content=\"https:\/\/www.facebook.com\/naturalpoland.b2b\" \/>\n<meta property=\"article:modified_time\" content=\"2025-07-21T11:59:11+00:00\" \/>\n<meta property=\"og:image\" content=\"https:\/\/naturalpoland.com\/wp-content\/uploads\/2021\/05\/combo-butter.jpg\" \/>\n\t<meta property=\"og:image:width\" content=\"600\" \/>\n\t<meta property=\"og:image:height\" content=\"600\" \/>\n\t<meta property=\"og:image:type\" content=\"image\/jpeg\" \/>\n<script type=\"application\/ld+json\" class=\"yoast-schema-graph\">{\"@context\":\"https:\\\/\\\/schema.org\",\"@graph\":[{\"@type\":\"WebPage\",\"@id\":\"https:\\\/\\\/naturalpoland.com\\\/ko\\\/je-pum\\\/hwa-jang-pum-won-ryo\\\/hwa-jang-pum-beo-teo\\\/%ec%bd%a4%eb%b3%b4-%eb%b2%84%ed%84%b0\\\/\",\"url\":\"https:\\\/\\\/naturalpoland.com\\\/ko\\\/je-pum\\\/hwa-jang-pum-won-ryo\\\/hwa-jang-pum-beo-teo\\\/%ec%bd%a4%eb%b3%b4-%eb%b2%84%ed%84%b0\\\/\",\"name\":\"\ucf64\ubcf4 \ubc84\ud130 - Hurtowy Dystrybutor\",\"isPartOf\":{\"@id\":\"https:\\\/\\\/naturalpoland.com\\\/ko\\\/#website\"},\"primaryImageOfPage\":{\"@id\":\"https:\\\/\\\/naturalpoland.com\\\/ko\\\/je-pum\\\/hwa-jang-pum-won-ryo\\\/hwa-jang-pum-beo-teo\\\/%ec%bd%a4%eb%b3%b4-%eb%b2%84%ed%84%b0\\\/#primaryimage\"},\"image\":{\"@id\":\"https:\\\/\\\/naturalpoland.com\\\/ko\\\/je-pum\\\/hwa-jang-pum-won-ryo\\\/hwa-jang-pum-beo-teo\\\/%ec%bd%a4%eb%b3%b4-%eb%b2%84%ed%84%b0\\\/#primaryimage\"},\"thumbnailUrl\":\"https:\\\/\\\/naturalpoland.com\\\/wp-content\\\/uploads\\\/2021\\\/05\\\/combo-butter.jpg\",\"datePublished\":\"2021-05-11T11:47:01+00:00\",\"dateModified\":\"2025-07-21T11:59:11+00:00\",\"breadcrumb\":{\"@id\":\"https:\\\/\\\/naturalpoland.com\\\/ko\\\/je-pum\\\/hwa-jang-pum-won-ryo\\\/hwa-jang-pum-beo-teo\\\/%ec%bd%a4%eb%b3%b4-%eb%b2%84%ed%84%b0\\\/#breadcrumb\"},\"inLanguage\":\"ko-KR\",\"potentialAction\":[{\"@type\":\"ReadAction\",\"target\":[\"https:\\\/\\\/naturalpoland.com\\\/ko\\\/je-pum\\\/hwa-jang-pum-won-ryo\\\/hwa-jang-pum-beo-teo\\\/%ec%bd%a4%eb%b3%b4-%eb%b2%84%ed%84%b0\\\/\"]}]},{\"@type\":\"ImageObject\",\"inLanguage\":\"ko-KR\",\"@id\":\"https:\\\/\\\/naturalpoland.com\\\/ko\\\/je-pum\\\/hwa-jang-pum-won-ryo\\\/hwa-jang-pum-beo-teo\\\/%ec%bd%a4%eb%b3%b4-%eb%b2%84%ed%84%b0\\\/#primaryimage\",\"url\":\"https:\\\/\\\/naturalpoland.com\\\/wp-content\\\/uploads\\\/2021\\\/05\\\/combo-butter.jpg\",\"contentUrl\":\"https:\\\/\\\/naturalpoland.com\\\/wp-content\\\/uploads\\\/2021\\\/05\\\/combo-butter.jpg\",\"width\":600,\"height\":600,\"caption\":\"Mas\u0142o kombo\"},{\"@type\":\"BreadcrumbList\",\"@id\":\"https:\\\/\\\/naturalpoland.com\\\/ko\\\/je-pum\\\/hwa-jang-pum-won-ryo\\\/hwa-jang-pum-beo-teo\\\/%ec%bd%a4%eb%b3%b4-%eb%b2%84%ed%84%b0\\\/#breadcrumb\",\"itemListElement\":[{\"@type\":\"ListItem\",\"position\":1,\"name\":\"\ud648\",\"item\":\"https:\\\/\\\/naturalpoland.com\\\/ko\\\/\"},{\"@type\":\"ListItem\",\"position\":2,\"name\":\"\uc81c\ud488\",\"item\":\"https:\\\/\\\/naturalpoland.com\\\/ko\\\/%ec%a0%9c%ed%92%88\\\/\"},{\"@type\":\"ListItem\",\"position\":3,\"name\":\"\ucf64\ubcf4 \ubc84\ud130\"}]},{\"@type\":\"WebSite\",\"@id\":\"https:\\\/\\\/naturalpoland.com\\\/ko\\\/#website\",\"url\":\"https:\\\/\\\/naturalpoland.com\\\/ko\\\/\",\"name\":\"NATURAL POLAND - Hurtowy Dystrybutor Surowc\u00f3w\",\"description\":\"Surowce dla przemys\u0142u spo\u017cywczego, kosmetycznego i farmaceutycznego\",\"publisher\":{\"@id\":\"https:\\\/\\\/naturalpoland.com\\\/ko\\\/#organization\"},\"potentialAction\":[{\"@type\":\"SearchAction\",\"target\":{\"@type\":\"EntryPoint\",\"urlTemplate\":\"https:\\\/\\\/naturalpoland.com\\\/ko\\\/?s={search_term_string}\"},\"query-input\":{\"@type\":\"PropertyValueSpecification\",\"valueRequired\":true,\"valueName\":\"search_term_string\"}}],\"inLanguage\":\"ko-KR\"},{\"@type\":\"Organization\",\"@id\":\"https:\\\/\\\/naturalpoland.com\\\/ko\\\/#organization\",\"name\":\"Natural Poland\",\"url\":\"https:\\\/\\\/naturalpoland.com\\\/ko\\\/\",\"logo\":{\"@type\":\"ImageObject\",\"inLanguage\":\"ko-KR\",\"@id\":\"https:\\\/\\\/naturalpoland.com\\\/ko\\\/#\\\/schema\\\/logo\\\/image\\\/\",\"url\":\"https:\\\/\\\/naturalpoland.com\\\/wp-content\\\/uploads\\\/2021\\\/05\\\/natural-poland-icon.png\",\"contentUrl\":\"https:\\\/\\\/naturalpoland.com\\\/wp-content\\\/uploads\\\/2021\\\/05\\\/natural-poland-icon.png\",\"width\":512,\"height\":512,\"caption\":\"Natural Poland\"},\"image\":{\"@id\":\"https:\\\/\\\/naturalpoland.com\\\/ko\\\/#\\\/schema\\\/logo\\\/image\\\/\"},\"sameAs\":[\"https:\\\/\\\/www.facebook.com\\\/naturalpoland.b2b\",\"https:\\\/\\\/pl.linkedin.com\\\/company\\\/natural-poland\",\"https:\\\/\\\/www.youtube.com\\\/channel\\\/UCgeGGkvOMahZo-xu_MSEWxg\"]}]}<\/script>\n<!-- \/ Yoast SEO plugin. -->","yoast_head_json":{"title":"\ucf64\ubcf4 \ubc84\ud130 - Hurtowy Dystrybutor","robots":{"index":"index","follow":"follow","max-snippet":"max-snippet:-1","max-image-preview":"max-image-preview:large","max-video-preview":"max-video-preview:-1"},"canonical":"https:\/\/naturalpoland.com\/ko\/je-pum\/hwa-jang-pum-won-ryo\/hwa-jang-pum-beo-teo\/%ec%bd%a4%eb%b3%b4-%eb%b2%84%ed%84%b0\/","og_locale":"ko_KR","og_type":"article","og_title":"\ucf64\ubcf4 \ubc84\ud130 - Hurtowy Dystrybutor","og_description":"\ucf64\ubcf4 \ubc84\ud130\ub294 \uc721\ub450\uad6c\uacfc \ub098\ubb34\uc778 Pycnanthus Angolensis \uc2dd\ubb3c\uc758 \uacac\uacfc\ub958\uc5d0\uc11c \ucd94\ucd9c\ub429\ub2c8\ub2e4. \uc544\ud504\ub9ac\uce74\uac00 \uc6d0\uc0b0\uc9c0\uc774\uba70 \uc720\ub7fd\uc5d0\uc11c\ub294 \uc544\uc9c1 \ub110\ub9ac \uc54c\ub824\uc838 \uc788\uc9c0 \uc54a\uc2b5\ub2c8\ub2e4. \uc774 \ubc84\ud130\ub294 \ubbf8\ub9ac\uc2a4\ud2b8\uc0b0, \ubbf8\ub9ac\uc2a4\ud2b8\uc62c\ub808\uc0b0, \uadf8\ub9ac\uace0 \ucf5c\ub77c\uac90 \uc0dd\uc131\uc744 \ucd09\uc9c4\ud558\ub294 \ub370\ucf54\ub9b0\uc774 \ud48d\ubd80\ud569\ub2c8\ub2e4.","og_url":"https:\/\/naturalpoland.com\/ko\/je-pum\/hwa-jang-pum-won-ryo\/hwa-jang-pum-beo-teo\/%ec%bd%a4%eb%b3%b4-%eb%b2%84%ed%84%b0\/","og_site_name":"NATURAL POLAND - Hurtowy Dystrybutor Surowc\u00f3w","article_publisher":"https:\/\/www.facebook.com\/naturalpoland.b2b","article_modified_time":"2025-07-21T11:59:11+00:00","og_image":[{"width":600,"height":600,"url":"https:\/\/naturalpoland.com\/wp-content\/uploads\/2021\/05\/combo-butter.jpg","type":"image\/jpeg"}],"schema":{"@context":"https:\/\/schema.org","@graph":[{"@type":"WebPage","@id":"https:\/\/naturalpoland.com\/ko\/je-pum\/hwa-jang-pum-won-ryo\/hwa-jang-pum-beo-teo\/%ec%bd%a4%eb%b3%b4-%eb%b2%84%ed%84%b0\/","url":"https:\/\/naturalpoland.com\/ko\/je-pum\/hwa-jang-pum-won-ryo\/hwa-jang-pum-beo-teo\/%ec%bd%a4%eb%b3%b4-%eb%b2%84%ed%84%b0\/","name":"\ucf64\ubcf4 \ubc84\ud130 - Hurtowy Dystrybutor","isPartOf":{"@id":"https:\/\/naturalpoland.com\/ko\/#website"},"primaryImageOfPage":{"@id":"https:\/\/naturalpoland.com\/ko\/je-pum\/hwa-jang-pum-won-ryo\/hwa-jang-pum-beo-teo\/%ec%bd%a4%eb%b3%b4-%eb%b2%84%ed%84%b0\/#primaryimage"},"image":{"@id":"https:\/\/naturalpoland.com\/ko\/je-pum\/hwa-jang-pum-won-ryo\/hwa-jang-pum-beo-teo\/%ec%bd%a4%eb%b3%b4-%eb%b2%84%ed%84%b0\/#primaryimage"},"thumbnailUrl":"https:\/\/naturalpoland.com\/wp-content\/uploads\/2021\/05\/combo-butter.jpg","datePublished":"2021-05-11T11:47:01+00:00","dateModified":"2025-07-21T11:59:11+00:00","breadcrumb":{"@id":"https:\/\/naturalpoland.com\/ko\/je-pum\/hwa-jang-pum-won-ryo\/hwa-jang-pum-beo-teo\/%ec%bd%a4%eb%b3%b4-%eb%b2%84%ed%84%b0\/#breadcrumb"},"inLanguage":"ko-KR","potentialAction":[{"@type":"ReadAction","target":["https:\/\/naturalpoland.com\/ko\/je-pum\/hwa-jang-pum-won-ryo\/hwa-jang-pum-beo-teo\/%ec%bd%a4%eb%b3%b4-%eb%b2%84%ed%84%b0\/"]}]},{"@type":"ImageObject","inLanguage":"ko-KR","@id":"https:\/\/naturalpoland.com\/ko\/je-pum\/hwa-jang-pum-won-ryo\/hwa-jang-pum-beo-teo\/%ec%bd%a4%eb%b3%b4-%eb%b2%84%ed%84%b0\/#primaryimage","url":"https:\/\/naturalpoland.com\/wp-content\/uploads\/2021\/05\/combo-butter.jpg","contentUrl":"https:\/\/naturalpoland.com\/wp-content\/uploads\/2021\/05\/combo-butter.jpg","width":600,"height":600,"caption":"Mas\u0142o kombo"},{"@type":"BreadcrumbList","@id":"https:\/\/naturalpoland.com\/ko\/je-pum\/hwa-jang-pum-won-ryo\/hwa-jang-pum-beo-teo\/%ec%bd%a4%eb%b3%b4-%eb%b2%84%ed%84%b0\/#breadcrumb","itemListElement":[{"@type":"ListItem","position":1,"name":"\ud648","item":"https:\/\/naturalpoland.com\/ko\/"},{"@type":"ListItem","position":2,"name":"\uc81c\ud488","item":"https:\/\/naturalpoland.com\/ko\/%ec%a0%9c%ed%92%88\/"},{"@type":"ListItem","position":3,"name":"\ucf64\ubcf4 \ubc84\ud130"}]},{"@type":"WebSite","@id":"https:\/\/naturalpoland.com\/ko\/#website","url":"https:\/\/naturalpoland.com\/ko\/","name":"NATURAL POLAND - Hurtowy Dystrybutor Surowc\u00f3w","description":"Surowce dla przemys\u0142u spo\u017cywczego, kosmetycznego i farmaceutycznego","publisher":{"@id":"https:\/\/naturalpoland.com\/ko\/#organization"},"potentialAction":[{"@type":"SearchAction","target":{"@type":"EntryPoint","urlTemplate":"https:\/\/naturalpoland.com\/ko\/?s={search_term_string}"},"query-input":{"@type":"PropertyValueSpecification","valueRequired":true,"valueName":"search_term_string"}}],"inLanguage":"ko-KR"},{"@type":"Organization","@id":"https:\/\/naturalpoland.com\/ko\/#organization","name":"Natural Poland","url":"https:\/\/naturalpoland.com\/ko\/","logo":{"@type":"ImageObject","inLanguage":"ko-KR","@id":"https:\/\/naturalpoland.com\/ko\/#\/schema\/logo\/image\/","url":"https:\/\/naturalpoland.com\/wp-content\/uploads\/2021\/05\/natural-poland-icon.png","contentUrl":"https:\/\/naturalpoland.com\/wp-content\/uploads\/2021\/05\/natural-poland-icon.png","width":512,"height":512,"caption":"Natural Poland"},"image":{"@id":"https:\/\/naturalpoland.com\/ko\/#\/schema\/logo\/image\/"},"sameAs":["https:\/\/www.facebook.com\/naturalpoland.b2b","https:\/\/pl.linkedin.com\/company\/natural-poland","https:\/\/www.youtube.com\/channel\/UCgeGGkvOMahZo-xu_MSEWxg"]}]}},"_links":{"self":[{"href":"https:\/\/naturalpoland.com\/ko\/wp-json\/wp\/v2\/product\/42160","targetHints":{"allow":["GET"]}}],"collection":[{"href":"https:\/\/naturalpoland.com\/ko\/wp-json\/wp\/v2\/product"}],"about":[{"href":"https:\/\/naturalpoland.com\/ko\/wp-json\/wp\/v2\/types\/product"}],"wp:featuredmedia":[{"embeddable":true,"href":"https:\/\/naturalpoland.com\/ko\/wp-json\/wp\/v2\/media\/42161"}],"wp:attachment":[{"href":"https:\/\/naturalpoland.com\/ko\/wp-json\/wp\/v2\/media?parent=42160"}],"wp:term":[{"taxonomy":"product_brand","embeddable":true,"href":"https:\/\/naturalpoland.com\/ko\/wp-json\/wp\/v2\/product_brand?post=42160"},{"taxonomy":"product_cat","embeddable":true,"href":"https:\/\/naturalpoland.com\/ko\/wp-json\/wp\/v2\/product_cat?post=42160"},{"taxonomy":"product_tag","embeddable":true,"href":"https:\/\/naturalpoland.com\/ko\/wp-json\/wp\/v2\/product_tag?post=42160"}],"curies":[{"name":"wp","href":"https:\/\/api.w.org\/{rel}","templated":true}]}}