{"id":42162,"date":"2021-05-11T13:47:21","date_gmt":"2021-05-11T11:47:21","guid":{"rendered":"https:\/\/naturalpoland.com\/produkty\/uncategorized\/%eb%a7%9d%ea%b3%a0-%eb%b2%84%ed%84%b0\/"},"modified":"2025-07-21T13:59:14","modified_gmt":"2025-07-21T11:59:14","slug":"%eb%a7%9d%ea%b3%a0-%eb%b2%84%ed%84%b0","status":"publish","type":"product","link":"https:\/\/naturalpoland.com\/ko\/je-pum\/hwa-jang-pum-won-ryo\/hwa-jang-pum-beo-teo\/%eb%a7%9d%ea%b3%a0-%eb%b2%84%ed%84%b0\/","title":{"rendered":"\ub9dd\uace0 \ubc84\ud130"},"content":{"rendered":"<h2>\ud2b9\uc131 \ubc0f \uad6c\uc131<\/h2>\n<p>\ub9dd\uace0 \ubc84\ud130\ub294 \ubd80\ub4dc\ub7fd\uace0 \ud06c\ub9ac\ubbf8\ud55c \uc9c8\uac10\uc744 \uac00\uc9c0\uace0 \uc788\uc73c\uba70, \ud770\uc0c9\uc5d0\uc11c \uc5f0\ud55c \ub178\ub780\uc0c9\uae4c\uc9c0 \uc790\uc5f0\uc2a4\ub7ec\uc6b4 \uc0c9\uc870\ub97c \ub771\ub2c8\ub2e4. \ubb34\ud5a5 \uc81c\ud488\uc73c\ub85c, \uc5d0\uc13c\uc15c \uc624\uc77c\uc774\ub098 \uae30\ud0c0 \ucca8\uac00\ubb3c\uc774 \ud48d\ubd80\ud55c \ud654\uc7a5\ud488\uc758 \ubca0\uc774\uc2a4\ub85c \uc0ac\uc6a9\ud558\uae30\uc5d0 \ud0c1\uc6d4\ud569\ub2c8\ub2e4. \uc2e4\uc628\uc5d0\uc11c\ub294 \ubc18\uace0\uccb4 \uc0c1\ud0dc\ub97c \uc720\uc9c0\ud558\uc9c0\ub9cc, \ud53c\ubd80\uc5d0 \ub2ff\uc73c\uba74 \ube60\ub974\uac8c \ub179\uc544 \uc27d\uac8c \ud3b4 \ubc14\ub97c \uc218 \uc788\uc73c\uba70 \ubca8\ubcb3 \uac19\uc740 \ub9c8\ubb34\ub9ac\uac10\uc744 \uc120\uc0ac\ud569\ub2c8\ub2e4.  <\/p>\n<p><strong>\ub9dd\uace0 \ubc84\ud130\uc758 \ud654\ud559\uc801 \ubd84\uc11d:<\/strong><\/p>\n<ul>\n<li><strong>\uc2a4\ud14c\uc544\ub974\uc0b0:<\/strong> 43% \u2013 \ud53c\ubd80 \uc5f0\ud654 \ubc0f \ubcf4\ud638 \ud2b9\uc131\uc744 \ub098\ud0c0\ub0b4\uba70, \ud53c\ubd80 \uc9c0\uc9c8 \uc7a5\ubcbd\uc744 \uac15\ud654\ud569\ub2c8\ub2e4.<\/li>\n<li><strong>\uc62c\ub808\uc0b0:<\/strong> 42.6% \u2013 \uc9d1\uc911\uc801\uc778 \ubcf4\uc2b5 \ubc0f \uc7ac\uc0dd\uc744 \ub2f4\ub2f9\ud569\ub2c8\ub2e4.<\/li>\n<li><strong>\ud314\ubbf8\ud2b8\uc0b0:<\/strong> 6.2% \u2013 \ud53c\ubd80 \ud0c4\ub825\uacfc \uc601\uc591 \uacf5\uae09\uc744 \ub3d5\uc2b5\ub2c8\ub2e4.<\/li>\n<li><strong>\ub9ac\ub180\ub808\uc0b0:<\/strong> 3.2% \u2013 \ud56d\uc5fc\uc99d \uc791\uc6a9\uc744 \ud558\uba70 \uc7ac\uc0dd\uc744 \ub3d5\uc2b5\ub2c8\ub2e4.<\/li>\n<li><strong>\uc544\ub77c\ud0a4\ub3c8\uc0b0:<\/strong> 4% \u2013 \ud53c\ubd80\uc758 \uc790\uc5f0 \ubcf4\ud638 \uc7a5\ubcbd\uc744 \uac15\ud654\ud569\ub2c8\ub2e4.<\/li>\n<\/ul>\n<p>\ub9dd\uace0 \ubc84\ud130\ub294 \ub6f0\uc5b4\ub09c \uc0b0\ud654 \uc548\uc815\uc131\uc744 \ud2b9\uc9d5\uc73c\ub85c \ud558\uc5ec \uae34 \uc720\ud1b5 \uae30\ud55c\uc744 \ubcf4\uc7a5\ud569\ub2c8\ub2e4. \ub179\ub294\uc810\uc740 \uc57d 30-40\u00b0C\ub85c, \ud53c\ubd80\uc640 \ubaa8\ubc1c\uc5d0 \uc774\uc0c1\uc801\uc73c\ub85c \ud37c\uc9d1\ub2c8\ub2e4.  <\/p>\n<h2>\uc2a4\ud0a8\ucf00\uc5b4 \ud2b9\uc131<\/h2>\n<p>\ub9dd\uace0 \ubc84\ud130\ub294 \ubd88\ud3ec\ud654 \uc9c0\ubc29\uc0b0\uacfc \ube44\ud0c0\ubbfc A, C, E\uac00 \ud48d\ubd80\ud558\uc5ec \uac15\ub825\ud55c \ud56d\uc0b0\ud654 \ubc0f \uc7ac\uc0dd \ud2b9\uc131\uc744 \uac00\uc9c0\uace0 \uc788\uc2b5\ub2c8\ub2e4.<\/p>\n<ul>\n<li><b>\uac74\uc870\ud558\uace0 \uc190\uc0c1\ub41c \ud53c\ubd80\ub97c \ubcf4\uc2b5\ud558\uace0 \uc7ac\uc0dd\ud558\uba70<\/b>, \ud53c\ubd80 \uc7ac\uac74\uc744 \ub3d5\uace0 \uc9c0\uc9c8 \uc7a5\ubcbd\uc744 \uac15\ud654\ud569\ub2c8\ub2e4.<\/li>\n<li><strong>\uc790\uc678\uc120\uc73c\ub85c\ubd80\ud130 \ubcf4\ud638<\/strong><\/li>\n<li><strong>\uc8fc\ub984 \ubc0f \ud53c\ubd80 \ud0c4\ub825 \uc190\uc2e4\uacfc \uac19\uc740 \ub178\ud654 \uacfc\uc815\uc744 \uc9c0\uc5f0\uc2dc\ud0b5\ub2c8\ub2e4.<\/strong><\/li>\n<li><strong>\ubbfc\uac10\ud558\uace0 \uc544\ud1a0\ud53c\uc131 \ud53c\ubd80 \ubc0f \uc790\uadf9\ubc1b\uc740 \ud53c\ubd80\uc758 \uc790\uadf9\uc744 \uc644\ud654\ud558\uace0<\/strong>, \uc0c1\ucc98 \uce58\uc720, \ud587\ubcd5\uc5d0 \ud0c4 \ud53c\ubd80 \uc9c4\uc815 \ubc0f \ud45c\ud53c \uc7ac\uc0dd\uc744 \ub3d5\uc2b5\ub2c8\ub2e4.<\/li>\n<li><b>\uc624<\/b><strong>\uac74\uc870\ud558\uace0 \uc190\uc0c1\ub41c \ubaa8\ubc1c\uc5d0 \uc601\uc591\uc744 \uacf5\uae09\ud558\uace0<\/strong>, \uc724\uae30\uc640 \ud0c4\ub825\uc744 \ub192\uc774\uba70, \uc5c9\ud0b4\uc744 \uc27d\uac8c \ud480\uc5b4\uc90d\ub2c8\ub2e4.<\/li>\n<\/ul>\n<h2>\ub9dd\uace0 \ubc84\ud130\uc758 \ud65c\uc6a9<\/h2>\n<p>\ub9dd\uace0 \ubc84\ud130\ub294 \ub2e8\ub3c5\uc73c\ub85c \uc0ac\uc6a9\ud558\uac70\ub098 \ud654\uc7a5\ud488 \uc131\ubd84\uc73c\ub85c \ud65c\uc6a9\ud560 \uc218 \uc788\uc2b5\ub2c8\ub2e4.<\/p>\n<ul>\n<li><strong>\ud53c\ubd80 \uad00\ub9ac\uc5d0<\/strong> \ubcf4\uc2b5 \ud06c\ub9bc, \ub9bd\ubc24, \uac08\ub77c\uc9c4 \uc190\uacfc \ubc1c\ub4a4\uafc8\uce58 \ud53c\ubd80\ub97c \uc704\ud55c \uc7ac\uc0dd \uc5f0\uace0, \ub610\ub294 \uc601\uc591 \ubc14\ub514 \ub9c8\uc2a4\ud06c\ub85c \uc0ac\uc6a9,<\/li>\n<li><strong>\ubaa8\ubc1c\uc5d0<\/strong> \uc7ac\uc0dd \ub9c8\uc2a4\ud06c \ub610\ub294 \ucee8\ub514\uc154\ub108 \ucca8\uac00\uc81c\ub85c, \ud5e4\uc5b4 \uc624\uc77c\ub9c1\uc5d0 \ud0c1\uc6d4,<\/li>\n<li><strong>~\ub85c\uc11c<\/strong> <strong>\ubca0\uc774\uc2a4<\/strong> \ub85c\uc158, \ud06c\ub9bc, \ube44\ub204, \ub9bd\uc2a4\ud2f1 \ub610\ub294 \uc785\uc695\uc81c \uc0dd\uc0b0\uc744 \uc704\ud55c,<\/li>\n<li><strong>\uc785\uc695\uc6a9.<\/strong><\/li>\n<\/ul>\n<h3><\/h3>\n<p>&nbsp;<\/p>\n","protected":false},"excerpt":{"rendered":"<p>\ub9dd\uace0 \ubc84\ud130\ub294 \uc778\ub3c4 \ub9dd\uace0(<em>Mangifera indica<\/em>) \uc5f4\ub9e4\uc758 \uc528\uc557\uc744 \ub0c9\uc555\ucc29\ud558\uc5ec \uc5bb\uc2b5\ub2c8\ub2e4. \ubc84\ud130\uc758 \uc815\uc81c\ub294 \uc21c\ub3c4\uc640 \uc548\uc815\uc131\uc744 \ubcf4\uc7a5\ud569\ub2c8\ub2e4. <\/p>\n","protected":false},"featured_media":42164,"template":"","meta":{"_acf_changed":false},"product_brand":[],"product_cat":[8153],"product_tag":[],"class_list":{"0":"post-42162","1":"product","2":"type-product","3":"status-publish","4":"has-post-thumbnail","6":"product_cat-hwa-jang-pum-beo-teo","7":"pa_metoda-pozyskiwania-8740","9":"first","10":"instock","11":"shipping-taxable","12":"product-type-simple"},"acf":[],"yoast_head":"<!-- This site is optimized with the Yoast SEO plugin v27.4 - https:\/\/yoast.com\/product\/yoast-seo-wordpress\/ -->\n<title>\ub9dd\uace0 \ubc84\ud130 - Natural Poland<\/title>\n<meta name=\"description\" content=\"\uc815\uc81c \ub9dd\uace0 \ubc84\ud130\ub97c \ub3c4\ub9e4 \uc218\ub7c9\uc73c\ub85c \uc81c\uacf5\ud558\uba70, \ud654\uc7a5\ud488 \uc81c\uc870\uc5c5\uccb4 \ubc0f \uc18c\ub9e4\uc5c5\uccb4\uc758 \uc694\uad6c \uc0ac\ud56d\uc5d0 \ub9de\ucdb0 \ub4dc\ub9bd\ub2c8\ub2e4.\" \/>\n<meta name=\"robots\" content=\"index, follow, max-snippet:-1, max-image-preview:large, max-video-preview:-1\" \/>\n<link rel=\"canonical\" href=\"https:\/\/naturalpoland.com\/ko\/je-pum\/hwa-jang-pum-won-ryo\/hwa-jang-pum-beo-teo\/%eb%a7%9d%ea%b3%a0-%eb%b2%84%ed%84%b0\/\" \/>\n<meta property=\"og:locale\" content=\"ko_KR\" \/>\n<meta property=\"og:type\" content=\"article\" \/>\n<meta property=\"og:title\" content=\"\ub9dd\uace0 \ubc84\ud130 - Natural Poland\" \/>\n<meta property=\"og:description\" content=\"\uc815\uc81c \ub9dd\uace0 \ubc84\ud130\ub97c \ub3c4\ub9e4 \uc218\ub7c9\uc73c\ub85c \uc81c\uacf5\ud558\uba70, \ud654\uc7a5\ud488 \uc81c\uc870\uc5c5\uccb4 \ubc0f \uc18c\ub9e4\uc5c5\uccb4\uc758 \uc694\uad6c \uc0ac\ud56d\uc5d0 \ub9de\ucdb0 \ub4dc\ub9bd\ub2c8\ub2e4.\" \/>\n<meta property=\"og:url\" content=\"https:\/\/naturalpoland.com\/ko\/je-pum\/hwa-jang-pum-won-ryo\/hwa-jang-pum-beo-teo\/%eb%a7%9d%ea%b3%a0-%eb%b2%84%ed%84%b0\/\" \/>\n<meta property=\"og:site_name\" content=\"NATURAL POLAND - Hurtowy Dystrybutor Surowc\u00f3w\" \/>\n<meta property=\"article:publisher\" content=\"https:\/\/www.facebook.com\/naturalpoland.b2b\" \/>\n<meta property=\"article:modified_time\" content=\"2025-07-21T11:59:14+00:00\" \/>\n<meta property=\"og:image\" content=\"https:\/\/naturalpoland.com\/wp-content\/uploads\/maslo-mango.webp\" \/>\n\t<meta property=\"og:image:width\" content=\"1024\" \/>\n\t<meta property=\"og:image:height\" content=\"1024\" \/>\n\t<meta property=\"og:image:type\" content=\"image\/webp\" \/>\n<script type=\"application\/ld+json\" class=\"yoast-schema-graph\">{\"@context\":\"https:\\\/\\\/schema.org\",\"@graph\":[{\"@type\":\"WebPage\",\"@id\":\"https:\\\/\\\/naturalpoland.com\\\/ko\\\/je-pum\\\/hwa-jang-pum-won-ryo\\\/hwa-jang-pum-beo-teo\\\/%eb%a7%9d%ea%b3%a0-%eb%b2%84%ed%84%b0\\\/\",\"url\":\"https:\\\/\\\/naturalpoland.com\\\/ko\\\/je-pum\\\/hwa-jang-pum-won-ryo\\\/hwa-jang-pum-beo-teo\\\/%eb%a7%9d%ea%b3%a0-%eb%b2%84%ed%84%b0\\\/\",\"name\":\"\ub9dd\uace0 \ubc84\ud130 - Natural Poland\",\"isPartOf\":{\"@id\":\"https:\\\/\\\/naturalpoland.com\\\/ko\\\/#website\"},\"primaryImageOfPage\":{\"@id\":\"https:\\\/\\\/naturalpoland.com\\\/ko\\\/je-pum\\\/hwa-jang-pum-won-ryo\\\/hwa-jang-pum-beo-teo\\\/%eb%a7%9d%ea%b3%a0-%eb%b2%84%ed%84%b0\\\/#primaryimage\"},\"image\":{\"@id\":\"https:\\\/\\\/naturalpoland.com\\\/ko\\\/je-pum\\\/hwa-jang-pum-won-ryo\\\/hwa-jang-pum-beo-teo\\\/%eb%a7%9d%ea%b3%a0-%eb%b2%84%ed%84%b0\\\/#primaryimage\"},\"thumbnailUrl\":\"https:\\\/\\\/naturalpoland.com\\\/wp-content\\\/uploads\\\/maslo-mango.webp\",\"datePublished\":\"2021-05-11T11:47:21+00:00\",\"dateModified\":\"2025-07-21T11:59:14+00:00\",\"description\":\"\uc815\uc81c \ub9dd\uace0 \ubc84\ud130\ub97c \ub3c4\ub9e4 \uc218\ub7c9\uc73c\ub85c \uc81c\uacf5\ud558\uba70, \ud654\uc7a5\ud488 \uc81c\uc870\uc5c5\uccb4 \ubc0f \uc18c\ub9e4\uc5c5\uccb4\uc758 \uc694\uad6c \uc0ac\ud56d\uc5d0 \ub9de\ucdb0 \ub4dc\ub9bd\ub2c8\ub2e4.\",\"breadcrumb\":{\"@id\":\"https:\\\/\\\/naturalpoland.com\\\/ko\\\/je-pum\\\/hwa-jang-pum-won-ryo\\\/hwa-jang-pum-beo-teo\\\/%eb%a7%9d%ea%b3%a0-%eb%b2%84%ed%84%b0\\\/#breadcrumb\"},\"inLanguage\":\"ko-KR\",\"potentialAction\":[{\"@type\":\"ReadAction\",\"target\":[\"https:\\\/\\\/naturalpoland.com\\\/ko\\\/je-pum\\\/hwa-jang-pum-won-ryo\\\/hwa-jang-pum-beo-teo\\\/%eb%a7%9d%ea%b3%a0-%eb%b2%84%ed%84%b0\\\/\"]}]},{\"@type\":\"ImageObject\",\"inLanguage\":\"ko-KR\",\"@id\":\"https:\\\/\\\/naturalpoland.com\\\/ko\\\/je-pum\\\/hwa-jang-pum-won-ryo\\\/hwa-jang-pum-beo-teo\\\/%eb%a7%9d%ea%b3%a0-%eb%b2%84%ed%84%b0\\\/#primaryimage\",\"url\":\"https:\\\/\\\/naturalpoland.com\\\/wp-content\\\/uploads\\\/maslo-mango.webp\",\"contentUrl\":\"https:\\\/\\\/naturalpoland.com\\\/wp-content\\\/uploads\\\/maslo-mango.webp\",\"width\":1024,\"height\":1024,\"caption\":\"mas\u0142o mango\"},{\"@type\":\"BreadcrumbList\",\"@id\":\"https:\\\/\\\/naturalpoland.com\\\/ko\\\/je-pum\\\/hwa-jang-pum-won-ryo\\\/hwa-jang-pum-beo-teo\\\/%eb%a7%9d%ea%b3%a0-%eb%b2%84%ed%84%b0\\\/#breadcrumb\",\"itemListElement\":[{\"@type\":\"ListItem\",\"position\":1,\"name\":\"\ud648\",\"item\":\"https:\\\/\\\/naturalpoland.com\\\/ko\\\/\"},{\"@type\":\"ListItem\",\"position\":2,\"name\":\"\uc81c\ud488\",\"item\":\"https:\\\/\\\/naturalpoland.com\\\/ko\\\/%ec%a0%9c%ed%92%88\\\/\"},{\"@type\":\"ListItem\",\"position\":3,\"name\":\"\ub9dd\uace0 \ubc84\ud130\"}]},{\"@type\":\"WebSite\",\"@id\":\"https:\\\/\\\/naturalpoland.com\\\/ko\\\/#website\",\"url\":\"https:\\\/\\\/naturalpoland.com\\\/ko\\\/\",\"name\":\"NATURAL POLAND - Hurtowy Dystrybutor Surowc\u00f3w\",\"description\":\"Surowce dla przemys\u0142u spo\u017cywczego, kosmetycznego i farmaceutycznego\",\"publisher\":{\"@id\":\"https:\\\/\\\/naturalpoland.com\\\/ko\\\/#organization\"},\"potentialAction\":[{\"@type\":\"SearchAction\",\"target\":{\"@type\":\"EntryPoint\",\"urlTemplate\":\"https:\\\/\\\/naturalpoland.com\\\/ko\\\/?s={search_term_string}\"},\"query-input\":{\"@type\":\"PropertyValueSpecification\",\"valueRequired\":true,\"valueName\":\"search_term_string\"}}],\"inLanguage\":\"ko-KR\"},{\"@type\":\"Organization\",\"@id\":\"https:\\\/\\\/naturalpoland.com\\\/ko\\\/#organization\",\"name\":\"Natural Poland\",\"url\":\"https:\\\/\\\/naturalpoland.com\\\/ko\\\/\",\"logo\":{\"@type\":\"ImageObject\",\"inLanguage\":\"ko-KR\",\"@id\":\"https:\\\/\\\/naturalpoland.com\\\/ko\\\/#\\\/schema\\\/logo\\\/image\\\/\",\"url\":\"https:\\\/\\\/naturalpoland.com\\\/wp-content\\\/uploads\\\/2021\\\/05\\\/natural-poland-icon.png\",\"contentUrl\":\"https:\\\/\\\/naturalpoland.com\\\/wp-content\\\/uploads\\\/2021\\\/05\\\/natural-poland-icon.png\",\"width\":512,\"height\":512,\"caption\":\"Natural Poland\"},\"image\":{\"@id\":\"https:\\\/\\\/naturalpoland.com\\\/ko\\\/#\\\/schema\\\/logo\\\/image\\\/\"},\"sameAs\":[\"https:\\\/\\\/www.facebook.com\\\/naturalpoland.b2b\",\"https:\\\/\\\/pl.linkedin.com\\\/company\\\/natural-poland\",\"https:\\\/\\\/www.youtube.com\\\/channel\\\/UCgeGGkvOMahZo-xu_MSEWxg\"]}]}<\/script>\n<!-- \/ Yoast SEO plugin. -->","yoast_head_json":{"title":"\ub9dd\uace0 \ubc84\ud130 - Natural Poland","description":"\uc815\uc81c \ub9dd\uace0 \ubc84\ud130\ub97c \ub3c4\ub9e4 \uc218\ub7c9\uc73c\ub85c \uc81c\uacf5\ud558\uba70, \ud654\uc7a5\ud488 \uc81c\uc870\uc5c5\uccb4 \ubc0f \uc18c\ub9e4\uc5c5\uccb4\uc758 \uc694\uad6c \uc0ac\ud56d\uc5d0 \ub9de\ucdb0 \ub4dc\ub9bd\ub2c8\ub2e4.","robots":{"index":"index","follow":"follow","max-snippet":"max-snippet:-1","max-image-preview":"max-image-preview:large","max-video-preview":"max-video-preview:-1"},"canonical":"https:\/\/naturalpoland.com\/ko\/je-pum\/hwa-jang-pum-won-ryo\/hwa-jang-pum-beo-teo\/%eb%a7%9d%ea%b3%a0-%eb%b2%84%ed%84%b0\/","og_locale":"ko_KR","og_type":"article","og_title":"\ub9dd\uace0 \ubc84\ud130 - Natural Poland","og_description":"\uc815\uc81c \ub9dd\uace0 \ubc84\ud130\ub97c \ub3c4\ub9e4 \uc218\ub7c9\uc73c\ub85c \uc81c\uacf5\ud558\uba70, \ud654\uc7a5\ud488 \uc81c\uc870\uc5c5\uccb4 \ubc0f \uc18c\ub9e4\uc5c5\uccb4\uc758 \uc694\uad6c \uc0ac\ud56d\uc5d0 \ub9de\ucdb0 \ub4dc\ub9bd\ub2c8\ub2e4.","og_url":"https:\/\/naturalpoland.com\/ko\/je-pum\/hwa-jang-pum-won-ryo\/hwa-jang-pum-beo-teo\/%eb%a7%9d%ea%b3%a0-%eb%b2%84%ed%84%b0\/","og_site_name":"NATURAL POLAND - Hurtowy Dystrybutor Surowc\u00f3w","article_publisher":"https:\/\/www.facebook.com\/naturalpoland.b2b","article_modified_time":"2025-07-21T11:59:14+00:00","og_image":[{"width":1024,"height":1024,"url":"https:\/\/naturalpoland.com\/wp-content\/uploads\/maslo-mango.webp","type":"image\/webp"}],"schema":{"@context":"https:\/\/schema.org","@graph":[{"@type":"WebPage","@id":"https:\/\/naturalpoland.com\/ko\/je-pum\/hwa-jang-pum-won-ryo\/hwa-jang-pum-beo-teo\/%eb%a7%9d%ea%b3%a0-%eb%b2%84%ed%84%b0\/","url":"https:\/\/naturalpoland.com\/ko\/je-pum\/hwa-jang-pum-won-ryo\/hwa-jang-pum-beo-teo\/%eb%a7%9d%ea%b3%a0-%eb%b2%84%ed%84%b0\/","name":"\ub9dd\uace0 \ubc84\ud130 - Natural Poland","isPartOf":{"@id":"https:\/\/naturalpoland.com\/ko\/#website"},"primaryImageOfPage":{"@id":"https:\/\/naturalpoland.com\/ko\/je-pum\/hwa-jang-pum-won-ryo\/hwa-jang-pum-beo-teo\/%eb%a7%9d%ea%b3%a0-%eb%b2%84%ed%84%b0\/#primaryimage"},"image":{"@id":"https:\/\/naturalpoland.com\/ko\/je-pum\/hwa-jang-pum-won-ryo\/hwa-jang-pum-beo-teo\/%eb%a7%9d%ea%b3%a0-%eb%b2%84%ed%84%b0\/#primaryimage"},"thumbnailUrl":"https:\/\/naturalpoland.com\/wp-content\/uploads\/maslo-mango.webp","datePublished":"2021-05-11T11:47:21+00:00","dateModified":"2025-07-21T11:59:14+00:00","description":"\uc815\uc81c \ub9dd\uace0 \ubc84\ud130\ub97c \ub3c4\ub9e4 \uc218\ub7c9\uc73c\ub85c \uc81c\uacf5\ud558\uba70, \ud654\uc7a5\ud488 \uc81c\uc870\uc5c5\uccb4 \ubc0f \uc18c\ub9e4\uc5c5\uccb4\uc758 \uc694\uad6c \uc0ac\ud56d\uc5d0 \ub9de\ucdb0 \ub4dc\ub9bd\ub2c8\ub2e4.","breadcrumb":{"@id":"https:\/\/naturalpoland.com\/ko\/je-pum\/hwa-jang-pum-won-ryo\/hwa-jang-pum-beo-teo\/%eb%a7%9d%ea%b3%a0-%eb%b2%84%ed%84%b0\/#breadcrumb"},"inLanguage":"ko-KR","potentialAction":[{"@type":"ReadAction","target":["https:\/\/naturalpoland.com\/ko\/je-pum\/hwa-jang-pum-won-ryo\/hwa-jang-pum-beo-teo\/%eb%a7%9d%ea%b3%a0-%eb%b2%84%ed%84%b0\/"]}]},{"@type":"ImageObject","inLanguage":"ko-KR","@id":"https:\/\/naturalpoland.com\/ko\/je-pum\/hwa-jang-pum-won-ryo\/hwa-jang-pum-beo-teo\/%eb%a7%9d%ea%b3%a0-%eb%b2%84%ed%84%b0\/#primaryimage","url":"https:\/\/naturalpoland.com\/wp-content\/uploads\/maslo-mango.webp","contentUrl":"https:\/\/naturalpoland.com\/wp-content\/uploads\/maslo-mango.webp","width":1024,"height":1024,"caption":"mas\u0142o mango"},{"@type":"BreadcrumbList","@id":"https:\/\/naturalpoland.com\/ko\/je-pum\/hwa-jang-pum-won-ryo\/hwa-jang-pum-beo-teo\/%eb%a7%9d%ea%b3%a0-%eb%b2%84%ed%84%b0\/#breadcrumb","itemListElement":[{"@type":"ListItem","position":1,"name":"\ud648","item":"https:\/\/naturalpoland.com\/ko\/"},{"@type":"ListItem","position":2,"name":"\uc81c\ud488","item":"https:\/\/naturalpoland.com\/ko\/%ec%a0%9c%ed%92%88\/"},{"@type":"ListItem","position":3,"name":"\ub9dd\uace0 \ubc84\ud130"}]},{"@type":"WebSite","@id":"https:\/\/naturalpoland.com\/ko\/#website","url":"https:\/\/naturalpoland.com\/ko\/","name":"NATURAL POLAND - Hurtowy Dystrybutor Surowc\u00f3w","description":"Surowce dla przemys\u0142u spo\u017cywczego, kosmetycznego i farmaceutycznego","publisher":{"@id":"https:\/\/naturalpoland.com\/ko\/#organization"},"potentialAction":[{"@type":"SearchAction","target":{"@type":"EntryPoint","urlTemplate":"https:\/\/naturalpoland.com\/ko\/?s={search_term_string}"},"query-input":{"@type":"PropertyValueSpecification","valueRequired":true,"valueName":"search_term_string"}}],"inLanguage":"ko-KR"},{"@type":"Organization","@id":"https:\/\/naturalpoland.com\/ko\/#organization","name":"Natural Poland","url":"https:\/\/naturalpoland.com\/ko\/","logo":{"@type":"ImageObject","inLanguage":"ko-KR","@id":"https:\/\/naturalpoland.com\/ko\/#\/schema\/logo\/image\/","url":"https:\/\/naturalpoland.com\/wp-content\/uploads\/2021\/05\/natural-poland-icon.png","contentUrl":"https:\/\/naturalpoland.com\/wp-content\/uploads\/2021\/05\/natural-poland-icon.png","width":512,"height":512,"caption":"Natural Poland"},"image":{"@id":"https:\/\/naturalpoland.com\/ko\/#\/schema\/logo\/image\/"},"sameAs":["https:\/\/www.facebook.com\/naturalpoland.b2b","https:\/\/pl.linkedin.com\/company\/natural-poland","https:\/\/www.youtube.com\/channel\/UCgeGGkvOMahZo-xu_MSEWxg"]}]}},"_links":{"self":[{"href":"https:\/\/naturalpoland.com\/ko\/wp-json\/wp\/v2\/product\/42162","targetHints":{"allow":["GET"]}}],"collection":[{"href":"https:\/\/naturalpoland.com\/ko\/wp-json\/wp\/v2\/product"}],"about":[{"href":"https:\/\/naturalpoland.com\/ko\/wp-json\/wp\/v2\/types\/product"}],"wp:featuredmedia":[{"embeddable":true,"href":"https:\/\/naturalpoland.com\/ko\/wp-json\/wp\/v2\/media\/42164"}],"wp:attachment":[{"href":"https:\/\/naturalpoland.com\/ko\/wp-json\/wp\/v2\/media?parent=42162"}],"wp:term":[{"taxonomy":"product_brand","embeddable":true,"href":"https:\/\/naturalpoland.com\/ko\/wp-json\/wp\/v2\/product_brand?post=42162"},{"taxonomy":"product_cat","embeddable":true,"href":"https:\/\/naturalpoland.com\/ko\/wp-json\/wp\/v2\/product_cat?post=42162"},{"taxonomy":"product_tag","embeddable":true,"href":"https:\/\/naturalpoland.com\/ko\/wp-json\/wp\/v2\/product_tag?post=42162"}],"curies":[{"name":"wp","href":"https:\/\/api.w.org\/{rel}","templated":true}]}}