{"id":42165,"date":"2021-05-11T13:47:22","date_gmt":"2021-05-11T11:47:22","guid":{"rendered":"https:\/\/naturalpoland.com\/produkty\/uncategorized\/%ec%82%b4%ea%b5%ac%ec%94%a8-%eb%b2%84%ed%84%b0\/"},"modified":"2025-07-21T13:59:19","modified_gmt":"2025-07-21T11:59:19","slug":"%ec%82%b4%ea%b5%ac%ec%94%a8-%eb%b2%84%ed%84%b0","status":"publish","type":"product","link":"https:\/\/naturalpoland.com\/ko\/je-pum\/hwa-jang-pum-won-ryo\/hwa-jang-pum-beo-teo\/%ec%82%b4%ea%b5%ac%ec%94%a8-%eb%b2%84%ed%84%b0\/","title":{"rendered":"\uc0b4\uad6c\uc528 \ubc84\ud130"},"content":{"rendered":"<p>\ud53c\ubd80\uc5d0 \ubbf8\uce58\ub294 \ud6a8\uacfc:<br \/>\n\uc0b4\uad6c\uc528 \ubc84\ud130\ub294 \ubb34\uc5c7\ubcf4\ub2e4 \uac15\ub825\ud55c \ubcf4\uc2b5 \ud6a8\uacfc\uac00 \uc788\uc2b5\ub2c8\ub2e4. \ub2e4\uc18c \uc720\ubd84\uae30\uac00 \uc788\ub294 \uc81c\ud615\uc73c\ub85c \uc778\ud574 \uccb4\ub0b4 \uc218\ubd84 \uc190\uc2e4\uc744 \uc904\uc5ec\uc8fc\uace0 \ud53c\ubd80 \uac74\uc870\ub97c \ub9c9\uc544\uc90d\ub2c8\ub2e4. \uc774 \ubc84\ud130\ub294 \ube44\ud0c0\ubbfc A\uc640 E\ub97c \ud568\uc720\ud558\uace0 \uc788\uc2b5\ub2c8\ub2e4. \ub610\ud55c \ud56d\uc0b0\ud654 \ud2b9\uc131\uc774 \uc788\uc5b4 \ud53c\ubd80 \ub178\ud654 \uacfc\uc815\uc744 \ub2a6\ucda5\ub2c8\ub2e4. \uc774 \ubc84\ud130\ub294 \ud65c\ub825 \uc99d\uc9c4 \ubc0f \uc7ac\uc0dd \ud2b9\uc131\ub3c4 \uac00\uc9c0\uace0 \uc788\uc2b5\ub2c8\ub2e4.   <\/p>\n<p>&nbsp;<\/p>\n","protected":false},"excerpt":{"rendered":"<p><strong>\uc0b4\uad6c\uc528 \ubc84\ud130<\/strong>\ub294 \uc218\uc18c\ud654\ub41c \uc0b4\uad6c\uc528 \uc624\uc77c\uc785\ub2c8\ub2e4. \uc2e4\uc628\uc5d0\uc11c\ub294 \uac00\ubcbc\uc6b4 \ubc84\ud130 \uc9c8\uac10\uc5d0 \uc54c\uac31\uc774\uac00 \ub290\uaef4\uc9d1\ub2c8\ub2e4. \uac00\uc5f4\ud558\uba74 \ub354\uc6b1 \uade0\uc77c\ud574\uc9c0\uba70 \ubc24, \ud06c\ub9bc, \ube44\ub204\uc758 \ubca0\uc774\uc2a4\ub85c \uc801\ud569\ud569\ub2c8\ub2e4. \uc0b4\uad6c\uc528 \ubc84\ud130\ub294 \ud53c\ubd80\uc5d0 \uc720\ubd84\ub9c9\uc744 \ub0a8\uae30\uc9c0\ub9cc, \uba87 \ubd84 \ud6c4 \ud761\uc218\ub418\uc5b4 \ub048\uc801\uc774\ub294 \ub290\ub08c\uc744 \ub0a8\uae30\uc9c0 \uc54a\uc2b5\ub2c8\ub2e4.   <\/p>\n<p>&nbsp;<\/p>\n","protected":false},"featured_media":42167,"template":"","meta":{"_acf_changed":false},"product_brand":[],"product_cat":[8153],"product_tag":[],"class_list":{"0":"post-42165","1":"product","2":"type-product","3":"status-publish","4":"has-post-thumbnail","6":"product_cat-hwa-jang-pum-beo-teo","7":"pa_metoda-pozyskiwania-suso-cheomga","9":"first","10":"instock","11":"shipping-taxable","12":"product-type-simple"},"acf":[],"yoast_head":"<!-- This site is optimized with the Yoast SEO plugin v27.4 - https:\/\/yoast.com\/product\/yoast-seo-wordpress\/ -->\n<title>\uc0b4\uad6c\uc528 \ubc84\ud130 - Hurtowy Dystrybutor<\/title>\n<meta name=\"description\" content=\"\uc0b4\uad6c\uc528 \ubc84\ud130\ub294 \uc218\uc18c\ud654\ub41c \uc0b4\uad6c\uc528 \uc624\uc77c\uc785\ub2c8\ub2e4. \uc2e4\uc628\uc5d0\uc11c\ub294 \uac00\ubcbc\uc6b4 \ubc84\ud130 \uc9c8\uac10\uc5d0 \uc54c\uac31\uc774\uac00 \ub290\uaef4\uc9d1\ub2c8\ub2e4.\" \/>\n<meta name=\"robots\" content=\"index, follow, max-snippet:-1, max-image-preview:large, max-video-preview:-1\" \/>\n<link rel=\"canonical\" href=\"https:\/\/naturalpoland.com\/ko\/je-pum\/hwa-jang-pum-won-ryo\/hwa-jang-pum-beo-teo\/%ec%82%b4%ea%b5%ac%ec%94%a8-%eb%b2%84%ed%84%b0\/\" \/>\n<meta property=\"og:locale\" content=\"ko_KR\" \/>\n<meta property=\"og:type\" content=\"article\" \/>\n<meta property=\"og:title\" content=\"\uc0b4\uad6c\uc528 \ubc84\ud130 - Hurtowy Dystrybutor\" \/>\n<meta property=\"og:description\" content=\"\uc0b4\uad6c\uc528 \ubc84\ud130\ub294 \uc218\uc18c\ud654\ub41c \uc0b4\uad6c\uc528 \uc624\uc77c\uc785\ub2c8\ub2e4. \uc2e4\uc628\uc5d0\uc11c\ub294 \uac00\ubcbc\uc6b4 \ubc84\ud130 \uc9c8\uac10\uc5d0 \uc54c\uac31\uc774\uac00 \ub290\uaef4\uc9d1\ub2c8\ub2e4.\" \/>\n<meta property=\"og:url\" content=\"https:\/\/naturalpoland.com\/ko\/je-pum\/hwa-jang-pum-won-ryo\/hwa-jang-pum-beo-teo\/%ec%82%b4%ea%b5%ac%ec%94%a8-%eb%b2%84%ed%84%b0\/\" \/>\n<meta property=\"og:site_name\" content=\"NATURAL POLAND - Hurtowy Dystrybutor Surowc\u00f3w\" \/>\n<meta property=\"article:publisher\" content=\"https:\/\/www.facebook.com\/naturalpoland.b2b\" \/>\n<meta property=\"article:modified_time\" content=\"2025-07-21T11:59:19+00:00\" \/>\n<meta property=\"og:image\" content=\"https:\/\/naturalpoland.com\/wp-content\/uploads\/apricot-butter-1.jpg\" \/>\n\t<meta property=\"og:image:width\" content=\"1024\" \/>\n\t<meta property=\"og:image:height\" content=\"1024\" \/>\n\t<meta property=\"og:image:type\" content=\"image\/jpeg\" \/>\n<script type=\"application\/ld+json\" class=\"yoast-schema-graph\">{\"@context\":\"https:\\\/\\\/schema.org\",\"@graph\":[{\"@type\":\"WebPage\",\"@id\":\"https:\\\/\\\/naturalpoland.com\\\/ko\\\/je-pum\\\/hwa-jang-pum-won-ryo\\\/hwa-jang-pum-beo-teo\\\/%ec%82%b4%ea%b5%ac%ec%94%a8-%eb%b2%84%ed%84%b0\\\/\",\"url\":\"https:\\\/\\\/naturalpoland.com\\\/ko\\\/je-pum\\\/hwa-jang-pum-won-ryo\\\/hwa-jang-pum-beo-teo\\\/%ec%82%b4%ea%b5%ac%ec%94%a8-%eb%b2%84%ed%84%b0\\\/\",\"name\":\"\uc0b4\uad6c\uc528 \ubc84\ud130 - Hurtowy Dystrybutor\",\"isPartOf\":{\"@id\":\"https:\\\/\\\/naturalpoland.com\\\/ko\\\/#website\"},\"primaryImageOfPage\":{\"@id\":\"https:\\\/\\\/naturalpoland.com\\\/ko\\\/je-pum\\\/hwa-jang-pum-won-ryo\\\/hwa-jang-pum-beo-teo\\\/%ec%82%b4%ea%b5%ac%ec%94%a8-%eb%b2%84%ed%84%b0\\\/#primaryimage\"},\"image\":{\"@id\":\"https:\\\/\\\/naturalpoland.com\\\/ko\\\/je-pum\\\/hwa-jang-pum-won-ryo\\\/hwa-jang-pum-beo-teo\\\/%ec%82%b4%ea%b5%ac%ec%94%a8-%eb%b2%84%ed%84%b0\\\/#primaryimage\"},\"thumbnailUrl\":\"https:\\\/\\\/naturalpoland.com\\\/wp-content\\\/uploads\\\/apricot-butter-1.jpg\",\"datePublished\":\"2021-05-11T11:47:22+00:00\",\"dateModified\":\"2025-07-21T11:59:19+00:00\",\"description\":\"\uc0b4\uad6c\uc528 \ubc84\ud130\ub294 \uc218\uc18c\ud654\ub41c \uc0b4\uad6c\uc528 \uc624\uc77c\uc785\ub2c8\ub2e4. \uc2e4\uc628\uc5d0\uc11c\ub294 \uac00\ubcbc\uc6b4 \ubc84\ud130 \uc9c8\uac10\uc5d0 \uc54c\uac31\uc774\uac00 \ub290\uaef4\uc9d1\ub2c8\ub2e4.\",\"breadcrumb\":{\"@id\":\"https:\\\/\\\/naturalpoland.com\\\/ko\\\/je-pum\\\/hwa-jang-pum-won-ryo\\\/hwa-jang-pum-beo-teo\\\/%ec%82%b4%ea%b5%ac%ec%94%a8-%eb%b2%84%ed%84%b0\\\/#breadcrumb\"},\"inLanguage\":\"ko-KR\",\"potentialAction\":[{\"@type\":\"ReadAction\",\"target\":[\"https:\\\/\\\/naturalpoland.com\\\/ko\\\/je-pum\\\/hwa-jang-pum-won-ryo\\\/hwa-jang-pum-beo-teo\\\/%ec%82%b4%ea%b5%ac%ec%94%a8-%eb%b2%84%ed%84%b0\\\/\"]}]},{\"@type\":\"ImageObject\",\"inLanguage\":\"ko-KR\",\"@id\":\"https:\\\/\\\/naturalpoland.com\\\/ko\\\/je-pum\\\/hwa-jang-pum-won-ryo\\\/hwa-jang-pum-beo-teo\\\/%ec%82%b4%ea%b5%ac%ec%94%a8-%eb%b2%84%ed%84%b0\\\/#primaryimage\",\"url\":\"https:\\\/\\\/naturalpoland.com\\\/wp-content\\\/uploads\\\/apricot-butter-1.jpg\",\"contentUrl\":\"https:\\\/\\\/naturalpoland.com\\\/wp-content\\\/uploads\\\/apricot-butter-1.jpg\",\"width\":1024,\"height\":1024,\"caption\":\"mas\u0142o morelowe\"},{\"@type\":\"BreadcrumbList\",\"@id\":\"https:\\\/\\\/naturalpoland.com\\\/ko\\\/je-pum\\\/hwa-jang-pum-won-ryo\\\/hwa-jang-pum-beo-teo\\\/%ec%82%b4%ea%b5%ac%ec%94%a8-%eb%b2%84%ed%84%b0\\\/#breadcrumb\",\"itemListElement\":[{\"@type\":\"ListItem\",\"position\":1,\"name\":\"\ud648\",\"item\":\"https:\\\/\\\/naturalpoland.com\\\/ko\\\/\"},{\"@type\":\"ListItem\",\"position\":2,\"name\":\"\uc81c\ud488\",\"item\":\"https:\\\/\\\/naturalpoland.com\\\/ko\\\/%ec%a0%9c%ed%92%88\\\/\"},{\"@type\":\"ListItem\",\"position\":3,\"name\":\"\uc0b4\uad6c\uc528 \ubc84\ud130\"}]},{\"@type\":\"WebSite\",\"@id\":\"https:\\\/\\\/naturalpoland.com\\\/ko\\\/#website\",\"url\":\"https:\\\/\\\/naturalpoland.com\\\/ko\\\/\",\"name\":\"NATURAL POLAND - Hurtowy Dystrybutor Surowc\u00f3w\",\"description\":\"Surowce dla przemys\u0142u spo\u017cywczego, kosmetycznego i farmaceutycznego\",\"publisher\":{\"@id\":\"https:\\\/\\\/naturalpoland.com\\\/ko\\\/#organization\"},\"potentialAction\":[{\"@type\":\"SearchAction\",\"target\":{\"@type\":\"EntryPoint\",\"urlTemplate\":\"https:\\\/\\\/naturalpoland.com\\\/ko\\\/?s={search_term_string}\"},\"query-input\":{\"@type\":\"PropertyValueSpecification\",\"valueRequired\":true,\"valueName\":\"search_term_string\"}}],\"inLanguage\":\"ko-KR\"},{\"@type\":\"Organization\",\"@id\":\"https:\\\/\\\/naturalpoland.com\\\/ko\\\/#organization\",\"name\":\"Natural Poland\",\"url\":\"https:\\\/\\\/naturalpoland.com\\\/ko\\\/\",\"logo\":{\"@type\":\"ImageObject\",\"inLanguage\":\"ko-KR\",\"@id\":\"https:\\\/\\\/naturalpoland.com\\\/ko\\\/#\\\/schema\\\/logo\\\/image\\\/\",\"url\":\"https:\\\/\\\/naturalpoland.com\\\/wp-content\\\/uploads\\\/2021\\\/05\\\/natural-poland-icon.png\",\"contentUrl\":\"https:\\\/\\\/naturalpoland.com\\\/wp-content\\\/uploads\\\/2021\\\/05\\\/natural-poland-icon.png\",\"width\":512,\"height\":512,\"caption\":\"Natural Poland\"},\"image\":{\"@id\":\"https:\\\/\\\/naturalpoland.com\\\/ko\\\/#\\\/schema\\\/logo\\\/image\\\/\"},\"sameAs\":[\"https:\\\/\\\/www.facebook.com\\\/naturalpoland.b2b\",\"https:\\\/\\\/pl.linkedin.com\\\/company\\\/natural-poland\",\"https:\\\/\\\/www.youtube.com\\\/channel\\\/UCgeGGkvOMahZo-xu_MSEWxg\"]}]}<\/script>\n<!-- \/ Yoast SEO plugin. -->","yoast_head_json":{"title":"\uc0b4\uad6c\uc528 \ubc84\ud130 - Hurtowy Dystrybutor","description":"\uc0b4\uad6c\uc528 \ubc84\ud130\ub294 \uc218\uc18c\ud654\ub41c \uc0b4\uad6c\uc528 \uc624\uc77c\uc785\ub2c8\ub2e4. \uc2e4\uc628\uc5d0\uc11c\ub294 \uac00\ubcbc\uc6b4 \ubc84\ud130 \uc9c8\uac10\uc5d0 \uc54c\uac31\uc774\uac00 \ub290\uaef4\uc9d1\ub2c8\ub2e4.","robots":{"index":"index","follow":"follow","max-snippet":"max-snippet:-1","max-image-preview":"max-image-preview:large","max-video-preview":"max-video-preview:-1"},"canonical":"https:\/\/naturalpoland.com\/ko\/je-pum\/hwa-jang-pum-won-ryo\/hwa-jang-pum-beo-teo\/%ec%82%b4%ea%b5%ac%ec%94%a8-%eb%b2%84%ed%84%b0\/","og_locale":"ko_KR","og_type":"article","og_title":"\uc0b4\uad6c\uc528 \ubc84\ud130 - Hurtowy Dystrybutor","og_description":"\uc0b4\uad6c\uc528 \ubc84\ud130\ub294 \uc218\uc18c\ud654\ub41c \uc0b4\uad6c\uc528 \uc624\uc77c\uc785\ub2c8\ub2e4. \uc2e4\uc628\uc5d0\uc11c\ub294 \uac00\ubcbc\uc6b4 \ubc84\ud130 \uc9c8\uac10\uc5d0 \uc54c\uac31\uc774\uac00 \ub290\uaef4\uc9d1\ub2c8\ub2e4.","og_url":"https:\/\/naturalpoland.com\/ko\/je-pum\/hwa-jang-pum-won-ryo\/hwa-jang-pum-beo-teo\/%ec%82%b4%ea%b5%ac%ec%94%a8-%eb%b2%84%ed%84%b0\/","og_site_name":"NATURAL POLAND - Hurtowy Dystrybutor Surowc\u00f3w","article_publisher":"https:\/\/www.facebook.com\/naturalpoland.b2b","article_modified_time":"2025-07-21T11:59:19+00:00","og_image":[{"width":1024,"height":1024,"url":"https:\/\/naturalpoland.com\/wp-content\/uploads\/apricot-butter-1.jpg","type":"image\/jpeg"}],"schema":{"@context":"https:\/\/schema.org","@graph":[{"@type":"WebPage","@id":"https:\/\/naturalpoland.com\/ko\/je-pum\/hwa-jang-pum-won-ryo\/hwa-jang-pum-beo-teo\/%ec%82%b4%ea%b5%ac%ec%94%a8-%eb%b2%84%ed%84%b0\/","url":"https:\/\/naturalpoland.com\/ko\/je-pum\/hwa-jang-pum-won-ryo\/hwa-jang-pum-beo-teo\/%ec%82%b4%ea%b5%ac%ec%94%a8-%eb%b2%84%ed%84%b0\/","name":"\uc0b4\uad6c\uc528 \ubc84\ud130 - Hurtowy Dystrybutor","isPartOf":{"@id":"https:\/\/naturalpoland.com\/ko\/#website"},"primaryImageOfPage":{"@id":"https:\/\/naturalpoland.com\/ko\/je-pum\/hwa-jang-pum-won-ryo\/hwa-jang-pum-beo-teo\/%ec%82%b4%ea%b5%ac%ec%94%a8-%eb%b2%84%ed%84%b0\/#primaryimage"},"image":{"@id":"https:\/\/naturalpoland.com\/ko\/je-pum\/hwa-jang-pum-won-ryo\/hwa-jang-pum-beo-teo\/%ec%82%b4%ea%b5%ac%ec%94%a8-%eb%b2%84%ed%84%b0\/#primaryimage"},"thumbnailUrl":"https:\/\/naturalpoland.com\/wp-content\/uploads\/apricot-butter-1.jpg","datePublished":"2021-05-11T11:47:22+00:00","dateModified":"2025-07-21T11:59:19+00:00","description":"\uc0b4\uad6c\uc528 \ubc84\ud130\ub294 \uc218\uc18c\ud654\ub41c \uc0b4\uad6c\uc528 \uc624\uc77c\uc785\ub2c8\ub2e4. \uc2e4\uc628\uc5d0\uc11c\ub294 \uac00\ubcbc\uc6b4 \ubc84\ud130 \uc9c8\uac10\uc5d0 \uc54c\uac31\uc774\uac00 \ub290\uaef4\uc9d1\ub2c8\ub2e4.","breadcrumb":{"@id":"https:\/\/naturalpoland.com\/ko\/je-pum\/hwa-jang-pum-won-ryo\/hwa-jang-pum-beo-teo\/%ec%82%b4%ea%b5%ac%ec%94%a8-%eb%b2%84%ed%84%b0\/#breadcrumb"},"inLanguage":"ko-KR","potentialAction":[{"@type":"ReadAction","target":["https:\/\/naturalpoland.com\/ko\/je-pum\/hwa-jang-pum-won-ryo\/hwa-jang-pum-beo-teo\/%ec%82%b4%ea%b5%ac%ec%94%a8-%eb%b2%84%ed%84%b0\/"]}]},{"@type":"ImageObject","inLanguage":"ko-KR","@id":"https:\/\/naturalpoland.com\/ko\/je-pum\/hwa-jang-pum-won-ryo\/hwa-jang-pum-beo-teo\/%ec%82%b4%ea%b5%ac%ec%94%a8-%eb%b2%84%ed%84%b0\/#primaryimage","url":"https:\/\/naturalpoland.com\/wp-content\/uploads\/apricot-butter-1.jpg","contentUrl":"https:\/\/naturalpoland.com\/wp-content\/uploads\/apricot-butter-1.jpg","width":1024,"height":1024,"caption":"mas\u0142o morelowe"},{"@type":"BreadcrumbList","@id":"https:\/\/naturalpoland.com\/ko\/je-pum\/hwa-jang-pum-won-ryo\/hwa-jang-pum-beo-teo\/%ec%82%b4%ea%b5%ac%ec%94%a8-%eb%b2%84%ed%84%b0\/#breadcrumb","itemListElement":[{"@type":"ListItem","position":1,"name":"\ud648","item":"https:\/\/naturalpoland.com\/ko\/"},{"@type":"ListItem","position":2,"name":"\uc81c\ud488","item":"https:\/\/naturalpoland.com\/ko\/%ec%a0%9c%ed%92%88\/"},{"@type":"ListItem","position":3,"name":"\uc0b4\uad6c\uc528 \ubc84\ud130"}]},{"@type":"WebSite","@id":"https:\/\/naturalpoland.com\/ko\/#website","url":"https:\/\/naturalpoland.com\/ko\/","name":"NATURAL POLAND - Hurtowy Dystrybutor Surowc\u00f3w","description":"Surowce dla przemys\u0142u spo\u017cywczego, kosmetycznego i farmaceutycznego","publisher":{"@id":"https:\/\/naturalpoland.com\/ko\/#organization"},"potentialAction":[{"@type":"SearchAction","target":{"@type":"EntryPoint","urlTemplate":"https:\/\/naturalpoland.com\/ko\/?s={search_term_string}"},"query-input":{"@type":"PropertyValueSpecification","valueRequired":true,"valueName":"search_term_string"}}],"inLanguage":"ko-KR"},{"@type":"Organization","@id":"https:\/\/naturalpoland.com\/ko\/#organization","name":"Natural Poland","url":"https:\/\/naturalpoland.com\/ko\/","logo":{"@type":"ImageObject","inLanguage":"ko-KR","@id":"https:\/\/naturalpoland.com\/ko\/#\/schema\/logo\/image\/","url":"https:\/\/naturalpoland.com\/wp-content\/uploads\/2021\/05\/natural-poland-icon.png","contentUrl":"https:\/\/naturalpoland.com\/wp-content\/uploads\/2021\/05\/natural-poland-icon.png","width":512,"height":512,"caption":"Natural Poland"},"image":{"@id":"https:\/\/naturalpoland.com\/ko\/#\/schema\/logo\/image\/"},"sameAs":["https:\/\/www.facebook.com\/naturalpoland.b2b","https:\/\/pl.linkedin.com\/company\/natural-poland","https:\/\/www.youtube.com\/channel\/UCgeGGkvOMahZo-xu_MSEWxg"]}]}},"_links":{"self":[{"href":"https:\/\/naturalpoland.com\/ko\/wp-json\/wp\/v2\/product\/42165","targetHints":{"allow":["GET"]}}],"collection":[{"href":"https:\/\/naturalpoland.com\/ko\/wp-json\/wp\/v2\/product"}],"about":[{"href":"https:\/\/naturalpoland.com\/ko\/wp-json\/wp\/v2\/types\/product"}],"wp:featuredmedia":[{"embeddable":true,"href":"https:\/\/naturalpoland.com\/ko\/wp-json\/wp\/v2\/media\/42167"}],"wp:attachment":[{"href":"https:\/\/naturalpoland.com\/ko\/wp-json\/wp\/v2\/media?parent=42165"}],"wp:term":[{"taxonomy":"product_brand","embeddable":true,"href":"https:\/\/naturalpoland.com\/ko\/wp-json\/wp\/v2\/product_brand?post=42165"},{"taxonomy":"product_cat","embeddable":true,"href":"https:\/\/naturalpoland.com\/ko\/wp-json\/wp\/v2\/product_cat?post=42165"},{"taxonomy":"product_tag","embeddable":true,"href":"https:\/\/naturalpoland.com\/ko\/wp-json\/wp\/v2\/product_tag?post=42165"}],"curies":[{"name":"wp","href":"https:\/\/api.w.org\/{rel}","templated":true}]}}