{"id":42168,"date":"2021-05-11T13:47:22","date_gmt":"2021-05-11T11:47:22","guid":{"rendered":"https:\/\/naturalpoland.com\/produkty\/uncategorized\/%ec%95%84%eb%aa%ac%eb%93%9c-%eb%b2%84%ed%84%b0\/"},"modified":"2025-07-21T13:59:24","modified_gmt":"2025-07-21T11:59:24","slug":"%ec%95%84%eb%aa%ac%eb%93%9c-%eb%b2%84%ed%84%b0","status":"publish","type":"product","link":"https:\/\/naturalpoland.com\/ko\/je-pum\/hwa-jang-pum-won-ryo\/hwa-jang-pum-beo-teo\/%ec%95%84%eb%aa%ac%eb%93%9c-%eb%b2%84%ed%84%b0\/","title":{"rendered":"\uc544\ubaac\ub4dc \ubc84\ud130"},"content":{"rendered":"<p>\uc544\ubaac\ub4dc \ubc84\ud130\uc758 \ud48d\ubd80\ud55c \uc131\ubd84\uc740 \ub9db\uacfc \ud5a5\uc744 \ub118\uc5b4 \uadf8 \uac00\uce58\ub97c \ub354\ud569\ub2c8\ub2e4. \uc18d\uc4f0\ub9bc\uacfc \uba54\uc2a4\uaebc\uc6c0\uc744 \uc644\ud654\ud560 \uc218 \uc788\uc5b4 \uc784\uc0b0\ubd80\uc5d0\uac8c \uc790\uc8fc \uad8c\uc7a5\ub41c\ub2e4\ub294 \uc810\uc744 \uc54c\uc544\ub450\ub294 \uac83\uc774 \uc88b\uc2b5\ub2c8\ub2e4. \ud53c\ubd80\uc5d0 \ud0c1\uc6d4\ud55c \ubcf4\uc2b5 \ud6a8\uacfc\ub97c \uc81c\uacf5\ud558\uace0 \uc218\ubd84 \uc190\uc2e4\ub85c\ubd80\ud130 \ubcf4\ud638\ud569\ub2c8\ub2e4. \uc2e0\uc9c4\ub300\uc0ac\uc640 \uadfc\uc721 \uae30\ub2a5\uc744 \ud5a5\uc0c1\uc2dc\ud0b5\ub2c8\ub2e4. \ub274\ub7f0 \uac04\uc758 \uc5f0\uacb0\uc744 \uac1c\uc120\ud558\uc5ec \ud559\uc2b5 \uacfc\uc815\uacfc \uc9d1\uc911\ub825\uc744 \uc9c0\uc6d0\ud569\ub2c8\ub2e4.    <\/p>\n","protected":false},"excerpt":{"rendered":"<p>\uc544\ubaac\ub4dc \ubc84\ud130\ub294 \uc138\uacc4\uc5d0\uc11c \uac00\uc7a5 \uac74\uac15\ud55c \uacac\uacfc\ub958 \uc911 \ud558\ub098\ub85c \ub9cc\ub4e4\uc5b4\uc9d1\ub2c8\ub2e4. \uc774 \ub355\ubd84\uc5d0 \uadf8 \uc790\uccb4\ub85c \ub6f0\uc5b4\ub09c \ud2b9\uc131\uc744 \uc9c0\ub2c8\uba70, \uc694\ub9ac\uc640 \ud654\uc7a5\ud488 \ubd84\uc57c \ubaa8\ub450\uc5d0\uc11c \ub9e4\uc6b0 \uc778\uae30\uac00 \ub9ce\uc2b5\ub2c8\ub2e4. \uc774 \ubc84\ud130\ub294 \uc544\ub974\uae30\ub2cc, \uc9c0\ubc29\uc0b0, \ub9c8\uadf8\ub124\uc298, \uce7c\ub968, \uc778, \uce7c\uc298, \ube44\ud0c0\ubbfc E\uc640 B\ub97c \ud48d\ubd80\ud558\uac8c \ud568\uc720\ud558\uace0 \uc788\uc2b5\ub2c8\ub2e4.  <\/p>\n","protected":false},"featured_media":42169,"template":"","meta":{"_acf_changed":false},"product_brand":[],"product_cat":[8153],"product_tag":[],"class_list":{"0":"post-42168","1":"product","2":"type-product","3":"status-publish","4":"has-post-thumbnail","6":"product_cat-hwa-jang-pum-beo-teo","8":"first","9":"instock","10":"shipping-taxable","11":"product-type-simple"},"acf":[],"yoast_head":"<!-- This site is optimized with the Yoast SEO plugin v27.4 - https:\/\/yoast.com\/product\/yoast-seo-wordpress\/ -->\n<title>\uc544\ubaac\ub4dc \ubc84\ud130 - Hurtowy Dystrybutor<\/title>\n<meta name=\"description\" content=\"\uc544\ubaac\ub4dc \ubc84\ud130\ub294 \uc138\uacc4\uc5d0\uc11c \uac00\uc7a5 \uac74\uac15\ud55c \uacac\uacfc\ub958 \uc911 \ud558\ub098\ub85c \ub9cc\ub4e4\uc5b4\uc9d1\ub2c8\ub2e4. \uc774 \ub355\ubd84\uc5d0 \uadf8 \uc790\uccb4\ub85c \ub6f0\uc5b4\ub09c \ud2b9\uc131\uc744 \uc9c0\ub2c8\uba70, \uc694\ub9ac\uc640 \ud654\uc7a5\ud488 \ubd84\uc57c \ubaa8\ub450\uc5d0\uc11c \ub9e4\uc6b0 \uc778\uae30\uac00 \ub9ce\uc2b5\ub2c8\ub2e4.\" \/>\n<meta name=\"robots\" content=\"index, follow, max-snippet:-1, max-image-preview:large, max-video-preview:-1\" \/>\n<link rel=\"canonical\" href=\"https:\/\/naturalpoland.com\/ko\/je-pum\/hwa-jang-pum-won-ryo\/hwa-jang-pum-beo-teo\/%ec%95%84%eb%aa%ac%eb%93%9c-%eb%b2%84%ed%84%b0\/\" \/>\n<meta property=\"og:locale\" content=\"ko_KR\" \/>\n<meta property=\"og:type\" content=\"article\" \/>\n<meta property=\"og:title\" content=\"\uc544\ubaac\ub4dc \ubc84\ud130 - Hurtowy Dystrybutor\" \/>\n<meta property=\"og:description\" content=\"\uc544\ubaac\ub4dc \ubc84\ud130\ub294 \uc138\uacc4\uc5d0\uc11c \uac00\uc7a5 \uac74\uac15\ud55c \uacac\uacfc\ub958 \uc911 \ud558\ub098\ub85c \ub9cc\ub4e4\uc5b4\uc9d1\ub2c8\ub2e4. \uc774 \ub355\ubd84\uc5d0 \uadf8 \uc790\uccb4\ub85c \ub6f0\uc5b4\ub09c \ud2b9\uc131\uc744 \uc9c0\ub2c8\uba70, \uc694\ub9ac\uc640 \ud654\uc7a5\ud488 \ubd84\uc57c \ubaa8\ub450\uc5d0\uc11c \ub9e4\uc6b0 \uc778\uae30\uac00 \ub9ce\uc2b5\ub2c8\ub2e4.\" \/>\n<meta property=\"og:url\" content=\"https:\/\/naturalpoland.com\/ko\/je-pum\/hwa-jang-pum-won-ryo\/hwa-jang-pum-beo-teo\/%ec%95%84%eb%aa%ac%eb%93%9c-%eb%b2%84%ed%84%b0\/\" \/>\n<meta property=\"og:site_name\" content=\"NATURAL POLAND - Hurtowy Dystrybutor Surowc\u00f3w\" \/>\n<meta property=\"article:publisher\" content=\"https:\/\/www.facebook.com\/naturalpoland.b2b\" \/>\n<meta property=\"article:modified_time\" content=\"2025-07-21T11:59:24+00:00\" \/>\n<meta property=\"og:image\" content=\"https:\/\/naturalpoland.com\/wp-content\/uploads\/2021\/05\/almond-butter.jpg\" \/>\n\t<meta property=\"og:image:width\" content=\"600\" \/>\n\t<meta property=\"og:image:height\" content=\"398\" \/>\n\t<meta property=\"og:image:type\" content=\"image\/jpeg\" \/>\n<script type=\"application\/ld+json\" class=\"yoast-schema-graph\">{\"@context\":\"https:\\\/\\\/schema.org\",\"@graph\":[{\"@type\":\"WebPage\",\"@id\":\"https:\\\/\\\/naturalpoland.com\\\/ko\\\/je-pum\\\/hwa-jang-pum-won-ryo\\\/hwa-jang-pum-beo-teo\\\/%ec%95%84%eb%aa%ac%eb%93%9c-%eb%b2%84%ed%84%b0\\\/\",\"url\":\"https:\\\/\\\/naturalpoland.com\\\/ko\\\/je-pum\\\/hwa-jang-pum-won-ryo\\\/hwa-jang-pum-beo-teo\\\/%ec%95%84%eb%aa%ac%eb%93%9c-%eb%b2%84%ed%84%b0\\\/\",\"name\":\"\uc544\ubaac\ub4dc \ubc84\ud130 - Hurtowy Dystrybutor\",\"isPartOf\":{\"@id\":\"https:\\\/\\\/naturalpoland.com\\\/ko\\\/#website\"},\"primaryImageOfPage\":{\"@id\":\"https:\\\/\\\/naturalpoland.com\\\/ko\\\/je-pum\\\/hwa-jang-pum-won-ryo\\\/hwa-jang-pum-beo-teo\\\/%ec%95%84%eb%aa%ac%eb%93%9c-%eb%b2%84%ed%84%b0\\\/#primaryimage\"},\"image\":{\"@id\":\"https:\\\/\\\/naturalpoland.com\\\/ko\\\/je-pum\\\/hwa-jang-pum-won-ryo\\\/hwa-jang-pum-beo-teo\\\/%ec%95%84%eb%aa%ac%eb%93%9c-%eb%b2%84%ed%84%b0\\\/#primaryimage\"},\"thumbnailUrl\":\"https:\\\/\\\/naturalpoland.com\\\/wp-content\\\/uploads\\\/2021\\\/05\\\/almond-butter.jpg\",\"datePublished\":\"2021-05-11T11:47:22+00:00\",\"dateModified\":\"2025-07-21T11:59:24+00:00\",\"description\":\"\uc544\ubaac\ub4dc \ubc84\ud130\ub294 \uc138\uacc4\uc5d0\uc11c \uac00\uc7a5 \uac74\uac15\ud55c \uacac\uacfc\ub958 \uc911 \ud558\ub098\ub85c \ub9cc\ub4e4\uc5b4\uc9d1\ub2c8\ub2e4. \uc774 \ub355\ubd84\uc5d0 \uadf8 \uc790\uccb4\ub85c \ub6f0\uc5b4\ub09c \ud2b9\uc131\uc744 \uc9c0\ub2c8\uba70, \uc694\ub9ac\uc640 \ud654\uc7a5\ud488 \ubd84\uc57c \ubaa8\ub450\uc5d0\uc11c \ub9e4\uc6b0 \uc778\uae30\uac00 \ub9ce\uc2b5\ub2c8\ub2e4.\",\"breadcrumb\":{\"@id\":\"https:\\\/\\\/naturalpoland.com\\\/ko\\\/je-pum\\\/hwa-jang-pum-won-ryo\\\/hwa-jang-pum-beo-teo\\\/%ec%95%84%eb%aa%ac%eb%93%9c-%eb%b2%84%ed%84%b0\\\/#breadcrumb\"},\"inLanguage\":\"ko-KR\",\"potentialAction\":[{\"@type\":\"ReadAction\",\"target\":[\"https:\\\/\\\/naturalpoland.com\\\/ko\\\/je-pum\\\/hwa-jang-pum-won-ryo\\\/hwa-jang-pum-beo-teo\\\/%ec%95%84%eb%aa%ac%eb%93%9c-%eb%b2%84%ed%84%b0\\\/\"]}]},{\"@type\":\"ImageObject\",\"inLanguage\":\"ko-KR\",\"@id\":\"https:\\\/\\\/naturalpoland.com\\\/ko\\\/je-pum\\\/hwa-jang-pum-won-ryo\\\/hwa-jang-pum-beo-teo\\\/%ec%95%84%eb%aa%ac%eb%93%9c-%eb%b2%84%ed%84%b0\\\/#primaryimage\",\"url\":\"https:\\\/\\\/naturalpoland.com\\\/wp-content\\\/uploads\\\/2021\\\/05\\\/almond-butter.jpg\",\"contentUrl\":\"https:\\\/\\\/naturalpoland.com\\\/wp-content\\\/uploads\\\/2021\\\/05\\\/almond-butter.jpg\",\"width\":600,\"height\":398,\"caption\":\"Mas\u0142o migda\u0142owe\"},{\"@type\":\"BreadcrumbList\",\"@id\":\"https:\\\/\\\/naturalpoland.com\\\/ko\\\/je-pum\\\/hwa-jang-pum-won-ryo\\\/hwa-jang-pum-beo-teo\\\/%ec%95%84%eb%aa%ac%eb%93%9c-%eb%b2%84%ed%84%b0\\\/#breadcrumb\",\"itemListElement\":[{\"@type\":\"ListItem\",\"position\":1,\"name\":\"\ud648\",\"item\":\"https:\\\/\\\/naturalpoland.com\\\/ko\\\/\"},{\"@type\":\"ListItem\",\"position\":2,\"name\":\"\uc81c\ud488\",\"item\":\"https:\\\/\\\/naturalpoland.com\\\/ko\\\/%ec%a0%9c%ed%92%88\\\/\"},{\"@type\":\"ListItem\",\"position\":3,\"name\":\"\uc544\ubaac\ub4dc \ubc84\ud130\"}]},{\"@type\":\"WebSite\",\"@id\":\"https:\\\/\\\/naturalpoland.com\\\/ko\\\/#website\",\"url\":\"https:\\\/\\\/naturalpoland.com\\\/ko\\\/\",\"name\":\"NATURAL POLAND - Hurtowy Dystrybutor Surowc\u00f3w\",\"description\":\"Surowce dla przemys\u0142u spo\u017cywczego, kosmetycznego i farmaceutycznego\",\"publisher\":{\"@id\":\"https:\\\/\\\/naturalpoland.com\\\/ko\\\/#organization\"},\"potentialAction\":[{\"@type\":\"SearchAction\",\"target\":{\"@type\":\"EntryPoint\",\"urlTemplate\":\"https:\\\/\\\/naturalpoland.com\\\/ko\\\/?s={search_term_string}\"},\"query-input\":{\"@type\":\"PropertyValueSpecification\",\"valueRequired\":true,\"valueName\":\"search_term_string\"}}],\"inLanguage\":\"ko-KR\"},{\"@type\":\"Organization\",\"@id\":\"https:\\\/\\\/naturalpoland.com\\\/ko\\\/#organization\",\"name\":\"Natural Poland\",\"url\":\"https:\\\/\\\/naturalpoland.com\\\/ko\\\/\",\"logo\":{\"@type\":\"ImageObject\",\"inLanguage\":\"ko-KR\",\"@id\":\"https:\\\/\\\/naturalpoland.com\\\/ko\\\/#\\\/schema\\\/logo\\\/image\\\/\",\"url\":\"https:\\\/\\\/naturalpoland.com\\\/wp-content\\\/uploads\\\/2021\\\/05\\\/natural-poland-icon.png\",\"contentUrl\":\"https:\\\/\\\/naturalpoland.com\\\/wp-content\\\/uploads\\\/2021\\\/05\\\/natural-poland-icon.png\",\"width\":512,\"height\":512,\"caption\":\"Natural Poland\"},\"image\":{\"@id\":\"https:\\\/\\\/naturalpoland.com\\\/ko\\\/#\\\/schema\\\/logo\\\/image\\\/\"},\"sameAs\":[\"https:\\\/\\\/www.facebook.com\\\/naturalpoland.b2b\",\"https:\\\/\\\/pl.linkedin.com\\\/company\\\/natural-poland\",\"https:\\\/\\\/www.youtube.com\\\/channel\\\/UCgeGGkvOMahZo-xu_MSEWxg\"]}]}<\/script>\n<!-- \/ Yoast SEO plugin. -->","yoast_head_json":{"title":"\uc544\ubaac\ub4dc \ubc84\ud130 - Hurtowy Dystrybutor","description":"\uc544\ubaac\ub4dc \ubc84\ud130\ub294 \uc138\uacc4\uc5d0\uc11c \uac00\uc7a5 \uac74\uac15\ud55c \uacac\uacfc\ub958 \uc911 \ud558\ub098\ub85c \ub9cc\ub4e4\uc5b4\uc9d1\ub2c8\ub2e4. \uc774 \ub355\ubd84\uc5d0 \uadf8 \uc790\uccb4\ub85c \ub6f0\uc5b4\ub09c \ud2b9\uc131\uc744 \uc9c0\ub2c8\uba70, \uc694\ub9ac\uc640 \ud654\uc7a5\ud488 \ubd84\uc57c \ubaa8\ub450\uc5d0\uc11c \ub9e4\uc6b0 \uc778\uae30\uac00 \ub9ce\uc2b5\ub2c8\ub2e4.","robots":{"index":"index","follow":"follow","max-snippet":"max-snippet:-1","max-image-preview":"max-image-preview:large","max-video-preview":"max-video-preview:-1"},"canonical":"https:\/\/naturalpoland.com\/ko\/je-pum\/hwa-jang-pum-won-ryo\/hwa-jang-pum-beo-teo\/%ec%95%84%eb%aa%ac%eb%93%9c-%eb%b2%84%ed%84%b0\/","og_locale":"ko_KR","og_type":"article","og_title":"\uc544\ubaac\ub4dc \ubc84\ud130 - Hurtowy Dystrybutor","og_description":"\uc544\ubaac\ub4dc \ubc84\ud130\ub294 \uc138\uacc4\uc5d0\uc11c \uac00\uc7a5 \uac74\uac15\ud55c \uacac\uacfc\ub958 \uc911 \ud558\ub098\ub85c \ub9cc\ub4e4\uc5b4\uc9d1\ub2c8\ub2e4. \uc774 \ub355\ubd84\uc5d0 \uadf8 \uc790\uccb4\ub85c \ub6f0\uc5b4\ub09c \ud2b9\uc131\uc744 \uc9c0\ub2c8\uba70, \uc694\ub9ac\uc640 \ud654\uc7a5\ud488 \ubd84\uc57c \ubaa8\ub450\uc5d0\uc11c \ub9e4\uc6b0 \uc778\uae30\uac00 \ub9ce\uc2b5\ub2c8\ub2e4.","og_url":"https:\/\/naturalpoland.com\/ko\/je-pum\/hwa-jang-pum-won-ryo\/hwa-jang-pum-beo-teo\/%ec%95%84%eb%aa%ac%eb%93%9c-%eb%b2%84%ed%84%b0\/","og_site_name":"NATURAL POLAND - Hurtowy Dystrybutor Surowc\u00f3w","article_publisher":"https:\/\/www.facebook.com\/naturalpoland.b2b","article_modified_time":"2025-07-21T11:59:24+00:00","og_image":[{"width":600,"height":398,"url":"https:\/\/naturalpoland.com\/wp-content\/uploads\/2021\/05\/almond-butter.jpg","type":"image\/jpeg"}],"schema":{"@context":"https:\/\/schema.org","@graph":[{"@type":"WebPage","@id":"https:\/\/naturalpoland.com\/ko\/je-pum\/hwa-jang-pum-won-ryo\/hwa-jang-pum-beo-teo\/%ec%95%84%eb%aa%ac%eb%93%9c-%eb%b2%84%ed%84%b0\/","url":"https:\/\/naturalpoland.com\/ko\/je-pum\/hwa-jang-pum-won-ryo\/hwa-jang-pum-beo-teo\/%ec%95%84%eb%aa%ac%eb%93%9c-%eb%b2%84%ed%84%b0\/","name":"\uc544\ubaac\ub4dc \ubc84\ud130 - Hurtowy Dystrybutor","isPartOf":{"@id":"https:\/\/naturalpoland.com\/ko\/#website"},"primaryImageOfPage":{"@id":"https:\/\/naturalpoland.com\/ko\/je-pum\/hwa-jang-pum-won-ryo\/hwa-jang-pum-beo-teo\/%ec%95%84%eb%aa%ac%eb%93%9c-%eb%b2%84%ed%84%b0\/#primaryimage"},"image":{"@id":"https:\/\/naturalpoland.com\/ko\/je-pum\/hwa-jang-pum-won-ryo\/hwa-jang-pum-beo-teo\/%ec%95%84%eb%aa%ac%eb%93%9c-%eb%b2%84%ed%84%b0\/#primaryimage"},"thumbnailUrl":"https:\/\/naturalpoland.com\/wp-content\/uploads\/2021\/05\/almond-butter.jpg","datePublished":"2021-05-11T11:47:22+00:00","dateModified":"2025-07-21T11:59:24+00:00","description":"\uc544\ubaac\ub4dc \ubc84\ud130\ub294 \uc138\uacc4\uc5d0\uc11c \uac00\uc7a5 \uac74\uac15\ud55c \uacac\uacfc\ub958 \uc911 \ud558\ub098\ub85c \ub9cc\ub4e4\uc5b4\uc9d1\ub2c8\ub2e4. \uc774 \ub355\ubd84\uc5d0 \uadf8 \uc790\uccb4\ub85c \ub6f0\uc5b4\ub09c \ud2b9\uc131\uc744 \uc9c0\ub2c8\uba70, \uc694\ub9ac\uc640 \ud654\uc7a5\ud488 \ubd84\uc57c \ubaa8\ub450\uc5d0\uc11c \ub9e4\uc6b0 \uc778\uae30\uac00 \ub9ce\uc2b5\ub2c8\ub2e4.","breadcrumb":{"@id":"https:\/\/naturalpoland.com\/ko\/je-pum\/hwa-jang-pum-won-ryo\/hwa-jang-pum-beo-teo\/%ec%95%84%eb%aa%ac%eb%93%9c-%eb%b2%84%ed%84%b0\/#breadcrumb"},"inLanguage":"ko-KR","potentialAction":[{"@type":"ReadAction","target":["https:\/\/naturalpoland.com\/ko\/je-pum\/hwa-jang-pum-won-ryo\/hwa-jang-pum-beo-teo\/%ec%95%84%eb%aa%ac%eb%93%9c-%eb%b2%84%ed%84%b0\/"]}]},{"@type":"ImageObject","inLanguage":"ko-KR","@id":"https:\/\/naturalpoland.com\/ko\/je-pum\/hwa-jang-pum-won-ryo\/hwa-jang-pum-beo-teo\/%ec%95%84%eb%aa%ac%eb%93%9c-%eb%b2%84%ed%84%b0\/#primaryimage","url":"https:\/\/naturalpoland.com\/wp-content\/uploads\/2021\/05\/almond-butter.jpg","contentUrl":"https:\/\/naturalpoland.com\/wp-content\/uploads\/2021\/05\/almond-butter.jpg","width":600,"height":398,"caption":"Mas\u0142o migda\u0142owe"},{"@type":"BreadcrumbList","@id":"https:\/\/naturalpoland.com\/ko\/je-pum\/hwa-jang-pum-won-ryo\/hwa-jang-pum-beo-teo\/%ec%95%84%eb%aa%ac%eb%93%9c-%eb%b2%84%ed%84%b0\/#breadcrumb","itemListElement":[{"@type":"ListItem","position":1,"name":"\ud648","item":"https:\/\/naturalpoland.com\/ko\/"},{"@type":"ListItem","position":2,"name":"\uc81c\ud488","item":"https:\/\/naturalpoland.com\/ko\/%ec%a0%9c%ed%92%88\/"},{"@type":"ListItem","position":3,"name":"\uc544\ubaac\ub4dc \ubc84\ud130"}]},{"@type":"WebSite","@id":"https:\/\/naturalpoland.com\/ko\/#website","url":"https:\/\/naturalpoland.com\/ko\/","name":"NATURAL POLAND - Hurtowy Dystrybutor Surowc\u00f3w","description":"Surowce dla przemys\u0142u spo\u017cywczego, kosmetycznego i farmaceutycznego","publisher":{"@id":"https:\/\/naturalpoland.com\/ko\/#organization"},"potentialAction":[{"@type":"SearchAction","target":{"@type":"EntryPoint","urlTemplate":"https:\/\/naturalpoland.com\/ko\/?s={search_term_string}"},"query-input":{"@type":"PropertyValueSpecification","valueRequired":true,"valueName":"search_term_string"}}],"inLanguage":"ko-KR"},{"@type":"Organization","@id":"https:\/\/naturalpoland.com\/ko\/#organization","name":"Natural Poland","url":"https:\/\/naturalpoland.com\/ko\/","logo":{"@type":"ImageObject","inLanguage":"ko-KR","@id":"https:\/\/naturalpoland.com\/ko\/#\/schema\/logo\/image\/","url":"https:\/\/naturalpoland.com\/wp-content\/uploads\/2021\/05\/natural-poland-icon.png","contentUrl":"https:\/\/naturalpoland.com\/wp-content\/uploads\/2021\/05\/natural-poland-icon.png","width":512,"height":512,"caption":"Natural Poland"},"image":{"@id":"https:\/\/naturalpoland.com\/ko\/#\/schema\/logo\/image\/"},"sameAs":["https:\/\/www.facebook.com\/naturalpoland.b2b","https:\/\/pl.linkedin.com\/company\/natural-poland","https:\/\/www.youtube.com\/channel\/UCgeGGkvOMahZo-xu_MSEWxg"]}]}},"_links":{"self":[{"href":"https:\/\/naturalpoland.com\/ko\/wp-json\/wp\/v2\/product\/42168","targetHints":{"allow":["GET"]}}],"collection":[{"href":"https:\/\/naturalpoland.com\/ko\/wp-json\/wp\/v2\/product"}],"about":[{"href":"https:\/\/naturalpoland.com\/ko\/wp-json\/wp\/v2\/types\/product"}],"wp:featuredmedia":[{"embeddable":true,"href":"https:\/\/naturalpoland.com\/ko\/wp-json\/wp\/v2\/media\/42169"}],"wp:attachment":[{"href":"https:\/\/naturalpoland.com\/ko\/wp-json\/wp\/v2\/media?parent=42168"}],"wp:term":[{"taxonomy":"product_brand","embeddable":true,"href":"https:\/\/naturalpoland.com\/ko\/wp-json\/wp\/v2\/product_brand?post=42168"},{"taxonomy":"product_cat","embeddable":true,"href":"https:\/\/naturalpoland.com\/ko\/wp-json\/wp\/v2\/product_cat?post=42168"},{"taxonomy":"product_tag","embeddable":true,"href":"https:\/\/naturalpoland.com\/ko\/wp-json\/wp\/v2\/product_tag?post=42168"}],"curies":[{"name":"wp","href":"https:\/\/api.w.org\/{rel}","templated":true}]}}