{"id":42172,"date":"2023-07-04T15:21:10","date_gmt":"2023-07-04T13:21:10","guid":{"rendered":"https:\/\/naturalpoland.com\/produkty\/uncategorized\/%ec%95%84%eb%a5%b4%ea%b0%84-%eb%b2%84%ed%84%b0\/"},"modified":"2025-07-21T13:59:33","modified_gmt":"2025-07-21T11:59:33","slug":"%ec%95%84%eb%a5%b4%ea%b0%84-%eb%b2%84%ed%84%b0","status":"publish","type":"product","link":"https:\/\/naturalpoland.com\/ko\/je-pum\/hwa-jang-pum-won-ryo\/hwa-jang-pum-beo-teo\/%ec%95%84%eb%a5%b4%ea%b0%84-%eb%b2%84%ed%84%b0\/","title":{"rendered":"\uc544\ub974\uac04 \ubc84\ud130"},"content":{"rendered":"<p>\uc544\ub974\uac04 \ubc84\ud130\ub294 \ud06c\ub9bc \uac19\uace0 \ubd80\ub4dc\ub7ec\uc6b4 \uc9c8\uac10\uacfc \uc740\uc740\ud55c \uacac\uacfc\ub958 \ud5a5\uc744 \uac00\uc9c0\uace0 \uc788\uc2b5\ub2c8\ub2e4. \ucc9c\uc5f0 \ud56d\uc0b0\ud654 \uc131\ubd84 \ud568\uc720\ub85c \ub9e4\uc6b0 \uc548\uc815\uc801\uc774\uba70, \uc774\ub294 \uc7a5\uae30\uac04\uc758 \uc2e0\uc120\ub3c4\uc640 \ub192\uc740 \uc0b0\ud654 \uc800\ud56d\uc131\uc73c\ub85c \uc774\uc5b4\uc9d1\ub2c8\ub2e4. <\/p>\n<h3>\ud65c\uc131 \uc131\ubd84 \ud568\ub7c9:<\/h3>\n<p>\uc544\ub974\uac04 \ubc84\ud130\ub294 \uac15\ub825\ud55c \ud56d\uc0b0\ud654\uc81c\ub85c \uc790\uc720 \ub77c\ub514\uce7c\uc744 \ud1f4\uce58\ud558\uace0 \ud53c\ubd80 \uc138\ud3ec \uc7ac\uc0dd\uc744 \ub3d5\ub294 \ube44\ud0c0\ubbfc E\uac00 \ud48d\ubd80\ud569\ub2c8\ub2e4. \ub610\ud55c \ud53c\ubd80\uc5d0 \uc798 \uc54c\ub824\uc9c4 \ubcf4\uc2b5 \ubc0f \uc601\uc591 \uacf5\uae09\uc6d0\uc778 \uc62c\ub808\uc0b0\uacfc \ub9ac\ub180\ub808\uc0b0\uacfc \uac19\uc740 \uc9c0\ubc29\uc0b0\uc744 \ud568\uc720\ud558\uace0 \uc788\uc2b5\ub2c8\ub2e4. <\/p>\n<h3>\ud654\uc7a5\ud488 \uc0b0\uc5c5\uc5d0\uc11c\uc758 \uc801\uc6a9:<\/h3>\n<p>\uc544\ub974\uac04 \ubc84\ud130\ub294 \ud06c\ub9bc, \ub85c\uc158, \ud5e4\uc5b4 \ub9c8\uc2a4\ud06c, \uc0f4\ud478, \ube44\ub204 \ub4f1 \ub2e4\uc591\ud55c \ud654\uc7a5\ud488\uc5d0 \uc0ac\uc6a9\ud558\uae30\uc5d0 \uc774\uc0c1\uc801\uc778 \ub2e4\uc6a9\ub3c4 \uc131\ubd84\uc785\ub2c8\ub2e4. \ubcf4\uc2b5 \ubc0f \uc7ac\uc0dd \ud2b9\uc131 \ub355\ubd84\uc5d0 \ud53c\ubd80 \ubc0f \ubaa8\ubc1c \uad00\ub9ac\ub97c \uc704\ud55c \uc81c\ud488\uc5d0 \uc774\uc0c1\uc801\uc778 \uc131\ubd84\uc785\ub2c8\ub2e4. \ubcf4\uc2b5, \uc601\uc591 \uacf5\uae09, \uc7ac\uc0dd \ubc0f \ubcf4\ud638\uc5d0 \ub3c4\uc6c0\uc744 \uc8fc\uc5b4 \ubd80\ub4dc\ub7ec\uc6c0\uacfc \uc724\uae30\ub97c \ub354\ud569\ub2c8\ub2e4.  <\/p>\n","protected":false},"excerpt":{"rendered":"<p>\uc544\ub974\uac04 \ubc84\ud130\ub294 \uc8fc\ub85c \ubaa8\ub85c\ucf54\uc5d0\uc11c \uc790\ub77c\ub294 \uc544\ub974\uac04 \ub098\ubb34\uc758 \uc5f4\ub9e4\ub85c \ub9cc\ub4e4\uc5b4\uc9c4 \uc81c\ud488\uc785\ub2c8\ub2e4. \ub3c5\ud2b9\ud55c \ud2b9\uc131 \ub355\ubd84\uc5d0 \uc544\ub974\uac04 \ubc84\ud130\ub294 \ud654\uc7a5\ud488 \uc0b0\uc5c5\uc5d0\uc11c \uac00\uc7a5 \uadc0\uc911\ud55c \uc131\ubd84 \uc911 \ud558\ub098\uac00 \ub418\uc5c8\uc2b5\ub2c8\ub2e4. <\/p>\n","protected":false},"featured_media":42174,"template":"","meta":{"_acf_changed":false},"product_brand":[],"product_cat":[8153],"product_tag":[],"class_list":{"0":"post-42172","1":"product","2":"type-product","3":"status-publish","4":"has-post-thumbnail","6":"product_cat-hwa-jang-pum-beo-teo","8":"first","9":"instock","10":"shipping-taxable","11":"product-type-simple"},"acf":[],"yoast_head":"<!-- This site is optimized with the Yoast SEO plugin v27.4 - https:\/\/yoast.com\/product\/yoast-seo-wordpress\/ -->\n<title>\uc544\ub974\uac04 \ubc84\ud130 - Hurtowy Dystrybutor<\/title>\n<meta name=\"description\" content=\"\ub3c5\ud2b9\ud55c \ud2b9\uc131 \ub355\ubd84\uc5d0 \uc544\ub974\uac04 \ubc84\ud130\ub294 \ud654\uc7a5\ud488 \uc0b0\uc5c5\uc5d0\uc11c \uac00\uc7a5 \uadc0\uc911\ud55c \uc131\ubd84 \uc911 \ud558\ub098\uac00 \ub418\uc5c8\uc2b5\ub2c8\ub2e4.\" \/>\n<meta name=\"robots\" content=\"index, follow, max-snippet:-1, max-image-preview:large, max-video-preview:-1\" \/>\n<link rel=\"canonical\" href=\"https:\/\/naturalpoland.com\/ko\/je-pum\/hwa-jang-pum-won-ryo\/hwa-jang-pum-beo-teo\/%ec%95%84%eb%a5%b4%ea%b0%84-%eb%b2%84%ed%84%b0\/\" \/>\n<meta property=\"og:locale\" content=\"ko_KR\" \/>\n<meta property=\"og:type\" content=\"article\" \/>\n<meta property=\"og:title\" content=\"\uc544\ub974\uac04 \ubc84\ud130 - Hurtowy Dystrybutor\" \/>\n<meta property=\"og:description\" content=\"\ub3c5\ud2b9\ud55c \ud2b9\uc131 \ub355\ubd84\uc5d0 \uc544\ub974\uac04 \ubc84\ud130\ub294 \ud654\uc7a5\ud488 \uc0b0\uc5c5\uc5d0\uc11c \uac00\uc7a5 \uadc0\uc911\ud55c \uc131\ubd84 \uc911 \ud558\ub098\uac00 \ub418\uc5c8\uc2b5\ub2c8\ub2e4.\" \/>\n<meta property=\"og:url\" content=\"https:\/\/naturalpoland.com\/ko\/je-pum\/hwa-jang-pum-won-ryo\/hwa-jang-pum-beo-teo\/%ec%95%84%eb%a5%b4%ea%b0%84-%eb%b2%84%ed%84%b0\/\" \/>\n<meta property=\"og:site_name\" content=\"NATURAL POLAND - Hurtowy Dystrybutor Surowc\u00f3w\" \/>\n<meta property=\"article:publisher\" content=\"https:\/\/www.facebook.com\/naturalpoland.b2b\" \/>\n<meta property=\"article:modified_time\" content=\"2025-07-21T11:59:33+00:00\" \/>\n<meta property=\"og:image\" content=\"https:\/\/naturalpoland.com\/wp-content\/uploads\/argan-butter.jpg\" \/>\n\t<meta property=\"og:image:width\" content=\"650\" \/>\n\t<meta property=\"og:image:height\" content=\"650\" \/>\n\t<meta property=\"og:image:type\" content=\"image\/jpeg\" \/>\n<script type=\"application\/ld+json\" class=\"yoast-schema-graph\">{\"@context\":\"https:\\\/\\\/schema.org\",\"@graph\":[{\"@type\":\"WebPage\",\"@id\":\"https:\\\/\\\/naturalpoland.com\\\/ko\\\/je-pum\\\/hwa-jang-pum-won-ryo\\\/hwa-jang-pum-beo-teo\\\/%ec%95%84%eb%a5%b4%ea%b0%84-%eb%b2%84%ed%84%b0\\\/\",\"url\":\"https:\\\/\\\/naturalpoland.com\\\/ko\\\/je-pum\\\/hwa-jang-pum-won-ryo\\\/hwa-jang-pum-beo-teo\\\/%ec%95%84%eb%a5%b4%ea%b0%84-%eb%b2%84%ed%84%b0\\\/\",\"name\":\"\uc544\ub974\uac04 \ubc84\ud130 - Hurtowy Dystrybutor\",\"isPartOf\":{\"@id\":\"https:\\\/\\\/naturalpoland.com\\\/ko\\\/#website\"},\"primaryImageOfPage\":{\"@id\":\"https:\\\/\\\/naturalpoland.com\\\/ko\\\/je-pum\\\/hwa-jang-pum-won-ryo\\\/hwa-jang-pum-beo-teo\\\/%ec%95%84%eb%a5%b4%ea%b0%84-%eb%b2%84%ed%84%b0\\\/#primaryimage\"},\"image\":{\"@id\":\"https:\\\/\\\/naturalpoland.com\\\/ko\\\/je-pum\\\/hwa-jang-pum-won-ryo\\\/hwa-jang-pum-beo-teo\\\/%ec%95%84%eb%a5%b4%ea%b0%84-%eb%b2%84%ed%84%b0\\\/#primaryimage\"},\"thumbnailUrl\":\"https:\\\/\\\/naturalpoland.com\\\/wp-content\\\/uploads\\\/argan-butter.jpg\",\"datePublished\":\"2023-07-04T13:21:10+00:00\",\"dateModified\":\"2025-07-21T11:59:33+00:00\",\"description\":\"\ub3c5\ud2b9\ud55c \ud2b9\uc131 \ub355\ubd84\uc5d0 \uc544\ub974\uac04 \ubc84\ud130\ub294 \ud654\uc7a5\ud488 \uc0b0\uc5c5\uc5d0\uc11c \uac00\uc7a5 \uadc0\uc911\ud55c \uc131\ubd84 \uc911 \ud558\ub098\uac00 \ub418\uc5c8\uc2b5\ub2c8\ub2e4.\",\"breadcrumb\":{\"@id\":\"https:\\\/\\\/naturalpoland.com\\\/ko\\\/je-pum\\\/hwa-jang-pum-won-ryo\\\/hwa-jang-pum-beo-teo\\\/%ec%95%84%eb%a5%b4%ea%b0%84-%eb%b2%84%ed%84%b0\\\/#breadcrumb\"},\"inLanguage\":\"ko-KR\",\"potentialAction\":[{\"@type\":\"ReadAction\",\"target\":[\"https:\\\/\\\/naturalpoland.com\\\/ko\\\/je-pum\\\/hwa-jang-pum-won-ryo\\\/hwa-jang-pum-beo-teo\\\/%ec%95%84%eb%a5%b4%ea%b0%84-%eb%b2%84%ed%84%b0\\\/\"]}]},{\"@type\":\"ImageObject\",\"inLanguage\":\"ko-KR\",\"@id\":\"https:\\\/\\\/naturalpoland.com\\\/ko\\\/je-pum\\\/hwa-jang-pum-won-ryo\\\/hwa-jang-pum-beo-teo\\\/%ec%95%84%eb%a5%b4%ea%b0%84-%eb%b2%84%ed%84%b0\\\/#primaryimage\",\"url\":\"https:\\\/\\\/naturalpoland.com\\\/wp-content\\\/uploads\\\/argan-butter.jpg\",\"contentUrl\":\"https:\\\/\\\/naturalpoland.com\\\/wp-content\\\/uploads\\\/argan-butter.jpg\",\"width\":650,\"height\":650,\"caption\":\"mas\u0142o arganowe\"},{\"@type\":\"BreadcrumbList\",\"@id\":\"https:\\\/\\\/naturalpoland.com\\\/ko\\\/je-pum\\\/hwa-jang-pum-won-ryo\\\/hwa-jang-pum-beo-teo\\\/%ec%95%84%eb%a5%b4%ea%b0%84-%eb%b2%84%ed%84%b0\\\/#breadcrumb\",\"itemListElement\":[{\"@type\":\"ListItem\",\"position\":1,\"name\":\"\ud648\",\"item\":\"https:\\\/\\\/naturalpoland.com\\\/ko\\\/\"},{\"@type\":\"ListItem\",\"position\":2,\"name\":\"\uc81c\ud488\",\"item\":\"https:\\\/\\\/naturalpoland.com\\\/ko\\\/%ec%a0%9c%ed%92%88\\\/\"},{\"@type\":\"ListItem\",\"position\":3,\"name\":\"\uc544\ub974\uac04 \ubc84\ud130\"}]},{\"@type\":\"WebSite\",\"@id\":\"https:\\\/\\\/naturalpoland.com\\\/ko\\\/#website\",\"url\":\"https:\\\/\\\/naturalpoland.com\\\/ko\\\/\",\"name\":\"NATURAL POLAND - Hurtowy Dystrybutor Surowc\u00f3w\",\"description\":\"Surowce dla przemys\u0142u spo\u017cywczego, kosmetycznego i farmaceutycznego\",\"publisher\":{\"@id\":\"https:\\\/\\\/naturalpoland.com\\\/ko\\\/#organization\"},\"potentialAction\":[{\"@type\":\"SearchAction\",\"target\":{\"@type\":\"EntryPoint\",\"urlTemplate\":\"https:\\\/\\\/naturalpoland.com\\\/ko\\\/?s={search_term_string}\"},\"query-input\":{\"@type\":\"PropertyValueSpecification\",\"valueRequired\":true,\"valueName\":\"search_term_string\"}}],\"inLanguage\":\"ko-KR\"},{\"@type\":\"Organization\",\"@id\":\"https:\\\/\\\/naturalpoland.com\\\/ko\\\/#organization\",\"name\":\"Natural Poland\",\"url\":\"https:\\\/\\\/naturalpoland.com\\\/ko\\\/\",\"logo\":{\"@type\":\"ImageObject\",\"inLanguage\":\"ko-KR\",\"@id\":\"https:\\\/\\\/naturalpoland.com\\\/ko\\\/#\\\/schema\\\/logo\\\/image\\\/\",\"url\":\"https:\\\/\\\/naturalpoland.com\\\/wp-content\\\/uploads\\\/2021\\\/05\\\/natural-poland-icon.png\",\"contentUrl\":\"https:\\\/\\\/naturalpoland.com\\\/wp-content\\\/uploads\\\/2021\\\/05\\\/natural-poland-icon.png\",\"width\":512,\"height\":512,\"caption\":\"Natural Poland\"},\"image\":{\"@id\":\"https:\\\/\\\/naturalpoland.com\\\/ko\\\/#\\\/schema\\\/logo\\\/image\\\/\"},\"sameAs\":[\"https:\\\/\\\/www.facebook.com\\\/naturalpoland.b2b\",\"https:\\\/\\\/pl.linkedin.com\\\/company\\\/natural-poland\",\"https:\\\/\\\/www.youtube.com\\\/channel\\\/UCgeGGkvOMahZo-xu_MSEWxg\"]}]}<\/script>\n<!-- \/ Yoast SEO plugin. -->","yoast_head_json":{"title":"\uc544\ub974\uac04 \ubc84\ud130 - Hurtowy Dystrybutor","description":"\ub3c5\ud2b9\ud55c \ud2b9\uc131 \ub355\ubd84\uc5d0 \uc544\ub974\uac04 \ubc84\ud130\ub294 \ud654\uc7a5\ud488 \uc0b0\uc5c5\uc5d0\uc11c \uac00\uc7a5 \uadc0\uc911\ud55c \uc131\ubd84 \uc911 \ud558\ub098\uac00 \ub418\uc5c8\uc2b5\ub2c8\ub2e4.","robots":{"index":"index","follow":"follow","max-snippet":"max-snippet:-1","max-image-preview":"max-image-preview:large","max-video-preview":"max-video-preview:-1"},"canonical":"https:\/\/naturalpoland.com\/ko\/je-pum\/hwa-jang-pum-won-ryo\/hwa-jang-pum-beo-teo\/%ec%95%84%eb%a5%b4%ea%b0%84-%eb%b2%84%ed%84%b0\/","og_locale":"ko_KR","og_type":"article","og_title":"\uc544\ub974\uac04 \ubc84\ud130 - Hurtowy Dystrybutor","og_description":"\ub3c5\ud2b9\ud55c \ud2b9\uc131 \ub355\ubd84\uc5d0 \uc544\ub974\uac04 \ubc84\ud130\ub294 \ud654\uc7a5\ud488 \uc0b0\uc5c5\uc5d0\uc11c \uac00\uc7a5 \uadc0\uc911\ud55c \uc131\ubd84 \uc911 \ud558\ub098\uac00 \ub418\uc5c8\uc2b5\ub2c8\ub2e4.","og_url":"https:\/\/naturalpoland.com\/ko\/je-pum\/hwa-jang-pum-won-ryo\/hwa-jang-pum-beo-teo\/%ec%95%84%eb%a5%b4%ea%b0%84-%eb%b2%84%ed%84%b0\/","og_site_name":"NATURAL POLAND - Hurtowy Dystrybutor Surowc\u00f3w","article_publisher":"https:\/\/www.facebook.com\/naturalpoland.b2b","article_modified_time":"2025-07-21T11:59:33+00:00","og_image":[{"width":650,"height":650,"url":"https:\/\/naturalpoland.com\/wp-content\/uploads\/argan-butter.jpg","type":"image\/jpeg"}],"schema":{"@context":"https:\/\/schema.org","@graph":[{"@type":"WebPage","@id":"https:\/\/naturalpoland.com\/ko\/je-pum\/hwa-jang-pum-won-ryo\/hwa-jang-pum-beo-teo\/%ec%95%84%eb%a5%b4%ea%b0%84-%eb%b2%84%ed%84%b0\/","url":"https:\/\/naturalpoland.com\/ko\/je-pum\/hwa-jang-pum-won-ryo\/hwa-jang-pum-beo-teo\/%ec%95%84%eb%a5%b4%ea%b0%84-%eb%b2%84%ed%84%b0\/","name":"\uc544\ub974\uac04 \ubc84\ud130 - Hurtowy Dystrybutor","isPartOf":{"@id":"https:\/\/naturalpoland.com\/ko\/#website"},"primaryImageOfPage":{"@id":"https:\/\/naturalpoland.com\/ko\/je-pum\/hwa-jang-pum-won-ryo\/hwa-jang-pum-beo-teo\/%ec%95%84%eb%a5%b4%ea%b0%84-%eb%b2%84%ed%84%b0\/#primaryimage"},"image":{"@id":"https:\/\/naturalpoland.com\/ko\/je-pum\/hwa-jang-pum-won-ryo\/hwa-jang-pum-beo-teo\/%ec%95%84%eb%a5%b4%ea%b0%84-%eb%b2%84%ed%84%b0\/#primaryimage"},"thumbnailUrl":"https:\/\/naturalpoland.com\/wp-content\/uploads\/argan-butter.jpg","datePublished":"2023-07-04T13:21:10+00:00","dateModified":"2025-07-21T11:59:33+00:00","description":"\ub3c5\ud2b9\ud55c \ud2b9\uc131 \ub355\ubd84\uc5d0 \uc544\ub974\uac04 \ubc84\ud130\ub294 \ud654\uc7a5\ud488 \uc0b0\uc5c5\uc5d0\uc11c \uac00\uc7a5 \uadc0\uc911\ud55c \uc131\ubd84 \uc911 \ud558\ub098\uac00 \ub418\uc5c8\uc2b5\ub2c8\ub2e4.","breadcrumb":{"@id":"https:\/\/naturalpoland.com\/ko\/je-pum\/hwa-jang-pum-won-ryo\/hwa-jang-pum-beo-teo\/%ec%95%84%eb%a5%b4%ea%b0%84-%eb%b2%84%ed%84%b0\/#breadcrumb"},"inLanguage":"ko-KR","potentialAction":[{"@type":"ReadAction","target":["https:\/\/naturalpoland.com\/ko\/je-pum\/hwa-jang-pum-won-ryo\/hwa-jang-pum-beo-teo\/%ec%95%84%eb%a5%b4%ea%b0%84-%eb%b2%84%ed%84%b0\/"]}]},{"@type":"ImageObject","inLanguage":"ko-KR","@id":"https:\/\/naturalpoland.com\/ko\/je-pum\/hwa-jang-pum-won-ryo\/hwa-jang-pum-beo-teo\/%ec%95%84%eb%a5%b4%ea%b0%84-%eb%b2%84%ed%84%b0\/#primaryimage","url":"https:\/\/naturalpoland.com\/wp-content\/uploads\/argan-butter.jpg","contentUrl":"https:\/\/naturalpoland.com\/wp-content\/uploads\/argan-butter.jpg","width":650,"height":650,"caption":"mas\u0142o arganowe"},{"@type":"BreadcrumbList","@id":"https:\/\/naturalpoland.com\/ko\/je-pum\/hwa-jang-pum-won-ryo\/hwa-jang-pum-beo-teo\/%ec%95%84%eb%a5%b4%ea%b0%84-%eb%b2%84%ed%84%b0\/#breadcrumb","itemListElement":[{"@type":"ListItem","position":1,"name":"\ud648","item":"https:\/\/naturalpoland.com\/ko\/"},{"@type":"ListItem","position":2,"name":"\uc81c\ud488","item":"https:\/\/naturalpoland.com\/ko\/%ec%a0%9c%ed%92%88\/"},{"@type":"ListItem","position":3,"name":"\uc544\ub974\uac04 \ubc84\ud130"}]},{"@type":"WebSite","@id":"https:\/\/naturalpoland.com\/ko\/#website","url":"https:\/\/naturalpoland.com\/ko\/","name":"NATURAL POLAND - Hurtowy Dystrybutor Surowc\u00f3w","description":"Surowce dla przemys\u0142u spo\u017cywczego, kosmetycznego i farmaceutycznego","publisher":{"@id":"https:\/\/naturalpoland.com\/ko\/#organization"},"potentialAction":[{"@type":"SearchAction","target":{"@type":"EntryPoint","urlTemplate":"https:\/\/naturalpoland.com\/ko\/?s={search_term_string}"},"query-input":{"@type":"PropertyValueSpecification","valueRequired":true,"valueName":"search_term_string"}}],"inLanguage":"ko-KR"},{"@type":"Organization","@id":"https:\/\/naturalpoland.com\/ko\/#organization","name":"Natural Poland","url":"https:\/\/naturalpoland.com\/ko\/","logo":{"@type":"ImageObject","inLanguage":"ko-KR","@id":"https:\/\/naturalpoland.com\/ko\/#\/schema\/logo\/image\/","url":"https:\/\/naturalpoland.com\/wp-content\/uploads\/2021\/05\/natural-poland-icon.png","contentUrl":"https:\/\/naturalpoland.com\/wp-content\/uploads\/2021\/05\/natural-poland-icon.png","width":512,"height":512,"caption":"Natural Poland"},"image":{"@id":"https:\/\/naturalpoland.com\/ko\/#\/schema\/logo\/image\/"},"sameAs":["https:\/\/www.facebook.com\/naturalpoland.b2b","https:\/\/pl.linkedin.com\/company\/natural-poland","https:\/\/www.youtube.com\/channel\/UCgeGGkvOMahZo-xu_MSEWxg"]}]}},"_links":{"self":[{"href":"https:\/\/naturalpoland.com\/ko\/wp-json\/wp\/v2\/product\/42172","targetHints":{"allow":["GET"]}}],"collection":[{"href":"https:\/\/naturalpoland.com\/ko\/wp-json\/wp\/v2\/product"}],"about":[{"href":"https:\/\/naturalpoland.com\/ko\/wp-json\/wp\/v2\/types\/product"}],"wp:featuredmedia":[{"embeddable":true,"href":"https:\/\/naturalpoland.com\/ko\/wp-json\/wp\/v2\/media\/42174"}],"wp:attachment":[{"href":"https:\/\/naturalpoland.com\/ko\/wp-json\/wp\/v2\/media?parent=42172"}],"wp:term":[{"taxonomy":"product_brand","embeddable":true,"href":"https:\/\/naturalpoland.com\/ko\/wp-json\/wp\/v2\/product_brand?post=42172"},{"taxonomy":"product_cat","embeddable":true,"href":"https:\/\/naturalpoland.com\/ko\/wp-json\/wp\/v2\/product_cat?post=42172"},{"taxonomy":"product_tag","embeddable":true,"href":"https:\/\/naturalpoland.com\/ko\/wp-json\/wp\/v2\/product_tag?post=42172"}],"curies":[{"name":"wp","href":"https:\/\/api.w.org\/{rel}","templated":true}]}}