{"id":42177,"date":"2023-07-06T15:52:52","date_gmt":"2023-07-06T13:52:52","guid":{"rendered":"https:\/\/naturalpoland.com\/produkty\/uncategorized\/%ed%81%b4%eb%a1%9c%eb%a0%90%eb%9d%bc-%eb%b2%84%ed%84%b0\/"},"modified":"2025-07-21T13:59:36","modified_gmt":"2025-07-21T11:59:36","slug":"%ed%81%b4%eb%a1%9c%eb%a0%90%eb%9d%bc-%eb%b2%84%ed%84%b0","status":"publish","type":"product","link":"https:\/\/naturalpoland.com\/ko\/je-pum\/hwa-jang-pum-won-ryo\/hwa-jang-pum-beo-teo\/%ed%81%b4%eb%a1%9c%eb%a0%90%eb%9d%bc-%eb%b2%84%ed%84%b0\/","title":{"rendered":"\ud074\ub85c\ub810\ub77c \ubc84\ud130"},"content":{"rendered":"<p>\ud074\ub85c\ub810\ub77c \ubc84\ud130\ub294 \uc601\uc591\uc18c\uac00 \ud48d\ubd80\ud55c \uac83\uc73c\ub85c \uc54c\ub824\uc9c4 \ub2e8\uc138\ud3ec \ub2f4\uc218 \uc870\ub958\uc778 \ud074\ub85c\ub810\ub77c\ub85c \ub9cc\ub4e4\uc5b4\uc9d1\ub2c8\ub2e4.<\/p>\n<p>\ud074\ub85c\ub810\ub77c\ub294 \ub2e8\ubc31\uc9c8, <strong><a href=\"\/kategoria\/produkty-dla-przemyslu-farmaceutycznego-i-medycznego\/witaminy\/\">\ube44\ud0c0\ubbfc<\/a><\/strong>, \ubbf8\ub124\ub784, \uc5fd\ub85d\uc18c\uac00 \ud48d\ubd80\ud558\uc5ec \ud53c\ubd80\uc5d0 \uc218\ubd84\uc744 \uacf5\uae09\ud558\uace0 \uc601\uc591\uc744 \uacf5\uae09\ud558\uba70 \uc7ac\uc0dd\ud558\ub294 \ub370 \ub3c4\uc6c0\uc744 \uc90d\ub2c8\ub2e4. \ud074\ub85c\ub810\ub77c \ubc84\ud130\ub294 \ud0c1\uc6d4\ud55c \ud56d\uc0b0\ud654 \ubc0f \ud68c\ucd98 \ud2b9\uc131\uc744 \uac00\uc9c0\uace0 \uc788\uc73c\uba70, \ud53c\ubd80 \ud0c4\ub825\uacfc \uc720\uc5f0\uc131\uc744 \uc720\uc9c0\ud558\ub294 \ub370 \uc911\uc694\ud55c \ucf5c\ub77c\uac90\uacfc \uc5d8\ub77c\uc2a4\ud2f4 \uc0dd\uc131\uc744 \ucd09\uc9c4\ud569\ub2c8\ub2e4. <\/p>\n<p>\ud074\ub85c\ub810\ub77c \ubc84\ud130\uc758 \ud06c\ub9ac\ubbf8\ud55c \uc9c8\uac10\uc740 \ubc14\ub974\uae30 \uc27d\uace0 \ube60\ub974\uac8c \ud761\uc218\ub418\uc5b4 \ub048\uc801\uc784 \uc5c6\uc774 \ud53c\ubd80\uc5d0 \uc218\ubd84\uacfc \uc601\uc591\uc744 \uacf5\uae09\ud569\ub2c8\ub2e4. \ud06c\ub9bc, \ub85c\uc158, \ub9c8\uc2a4\ud06c, \uc138\ub7fc, \ud5e4\uc5b4 \ucf00\uc5b4 \uc81c\ud488\uc5d0 \uc0ac\uc6a9\ud558\uae30\uc5d0 \uc774\uc0c1\uc801\uc785\ub2c8\ub2e4. <\/p>\n","protected":false},"excerpt":{"rendered":"<p>\uc800\ud76c \ud074\ub85c\ub810\ub77c \ubc84\ud130\ub294 \uadc0\uc0ac\uc758 \ud654\uc7a5\ud488\uc744 \ud55c \ub2e8\uacc4 \ub354 \ub192\uc740 \uc218\uc900\uc758 \ucf00\uc5b4\ub85c \ub04c\uc5b4\uc62c\ub9b4 \uace0\uae09 \uc131\ubd84\uc785\ub2c8\ub2e4.<\/p>\n","protected":false},"featured_media":42179,"template":"","meta":{"_acf_changed":false},"product_brand":[],"product_cat":[8153],"product_tag":[],"class_list":{"0":"post-42177","1":"product","2":"type-product","3":"status-publish","4":"has-post-thumbnail","6":"product_cat-hwa-jang-pum-beo-teo","8":"first","9":"instock","10":"shipping-taxable","11":"product-type-simple"},"acf":[],"yoast_head":"<!-- This site is optimized with the Yoast SEO plugin v27.4 - https:\/\/yoast.com\/product\/yoast-seo-wordpress\/ -->\n<title>\ud074\ub85c\ub810\ub77c \ubc84\ud130 - Hurtowy Dystrybutor<\/title>\n<meta name=\"description\" content=\"\ud074\ub85c\ub810\ub77c \ubc84\ud130\uc758 \ud2b9\ubcc4\ud55c \ud6a8\ub2a5\uc744 \uc9c1\uc811 \uacbd\ud5d8\ud574 \ubcf4\uc138\uc694. \uc774 \uc131\ubd84\uc740 \uadc0\uc0ac\uc758 \ud654\uc7a5\ud488\uc5d0 \uc0c8\ub85c\uc6b4 \ucc28\uc6d0\uc758 \uc601\uc591\uacfc \uc7ac\uc0dd\uc744 \ub354\ud574\uc904 \uac83\uc785\ub2c8\ub2e4.\" \/>\n<meta name=\"robots\" content=\"index, follow, max-snippet:-1, max-image-preview:large, max-video-preview:-1\" \/>\n<link rel=\"canonical\" href=\"https:\/\/naturalpoland.com\/ko\/je-pum\/hwa-jang-pum-won-ryo\/hwa-jang-pum-beo-teo\/%ed%81%b4%eb%a1%9c%eb%a0%90%eb%9d%bc-%eb%b2%84%ed%84%b0\/\" \/>\n<meta property=\"og:locale\" content=\"ko_KR\" \/>\n<meta property=\"og:type\" content=\"article\" \/>\n<meta property=\"og:title\" content=\"\ud074\ub85c\ub810\ub77c \ubc84\ud130 - Hurtowy Dystrybutor\" \/>\n<meta property=\"og:description\" content=\"\ud074\ub85c\ub810\ub77c \ubc84\ud130\uc758 \ud2b9\ubcc4\ud55c \ud6a8\ub2a5\uc744 \uc9c1\uc811 \uacbd\ud5d8\ud574 \ubcf4\uc138\uc694. \uc774 \uc131\ubd84\uc740 \uadc0\uc0ac\uc758 \ud654\uc7a5\ud488\uc5d0 \uc0c8\ub85c\uc6b4 \ucc28\uc6d0\uc758 \uc601\uc591\uacfc \uc7ac\uc0dd\uc744 \ub354\ud574\uc904 \uac83\uc785\ub2c8\ub2e4.\" \/>\n<meta property=\"og:url\" content=\"https:\/\/naturalpoland.com\/ko\/je-pum\/hwa-jang-pum-won-ryo\/hwa-jang-pum-beo-teo\/%ed%81%b4%eb%a1%9c%eb%a0%90%eb%9d%bc-%eb%b2%84%ed%84%b0\/\" \/>\n<meta property=\"og:site_name\" content=\"NATURAL POLAND - Hurtowy Dystrybutor Surowc\u00f3w\" \/>\n<meta property=\"article:publisher\" content=\"https:\/\/www.facebook.com\/naturalpoland.b2b\" \/>\n<meta property=\"article:modified_time\" content=\"2025-07-21T11:59:36+00:00\" \/>\n<meta property=\"og:image\" content=\"https:\/\/naturalpoland.com\/wp-content\/uploads\/chlorella-butter.jpg\" \/>\n\t<meta property=\"og:image:width\" content=\"650\" \/>\n\t<meta property=\"og:image:height\" content=\"650\" \/>\n\t<meta property=\"og:image:type\" content=\"image\/jpeg\" \/>\n<script type=\"application\/ld+json\" class=\"yoast-schema-graph\">{\"@context\":\"https:\\\/\\\/schema.org\",\"@graph\":[{\"@type\":\"WebPage\",\"@id\":\"https:\\\/\\\/naturalpoland.com\\\/ko\\\/je-pum\\\/hwa-jang-pum-won-ryo\\\/hwa-jang-pum-beo-teo\\\/%ed%81%b4%eb%a1%9c%eb%a0%90%eb%9d%bc-%eb%b2%84%ed%84%b0\\\/\",\"url\":\"https:\\\/\\\/naturalpoland.com\\\/ko\\\/je-pum\\\/hwa-jang-pum-won-ryo\\\/hwa-jang-pum-beo-teo\\\/%ed%81%b4%eb%a1%9c%eb%a0%90%eb%9d%bc-%eb%b2%84%ed%84%b0\\\/\",\"name\":\"\ud074\ub85c\ub810\ub77c \ubc84\ud130 - Hurtowy Dystrybutor\",\"isPartOf\":{\"@id\":\"https:\\\/\\\/naturalpoland.com\\\/ko\\\/#website\"},\"primaryImageOfPage\":{\"@id\":\"https:\\\/\\\/naturalpoland.com\\\/ko\\\/je-pum\\\/hwa-jang-pum-won-ryo\\\/hwa-jang-pum-beo-teo\\\/%ed%81%b4%eb%a1%9c%eb%a0%90%eb%9d%bc-%eb%b2%84%ed%84%b0\\\/#primaryimage\"},\"image\":{\"@id\":\"https:\\\/\\\/naturalpoland.com\\\/ko\\\/je-pum\\\/hwa-jang-pum-won-ryo\\\/hwa-jang-pum-beo-teo\\\/%ed%81%b4%eb%a1%9c%eb%a0%90%eb%9d%bc-%eb%b2%84%ed%84%b0\\\/#primaryimage\"},\"thumbnailUrl\":\"https:\\\/\\\/naturalpoland.com\\\/wp-content\\\/uploads\\\/chlorella-butter.jpg\",\"datePublished\":\"2023-07-06T13:52:52+00:00\",\"dateModified\":\"2025-07-21T11:59:36+00:00\",\"description\":\"\ud074\ub85c\ub810\ub77c \ubc84\ud130\uc758 \ud2b9\ubcc4\ud55c \ud6a8\ub2a5\uc744 \uc9c1\uc811 \uacbd\ud5d8\ud574 \ubcf4\uc138\uc694. \uc774 \uc131\ubd84\uc740 \uadc0\uc0ac\uc758 \ud654\uc7a5\ud488\uc5d0 \uc0c8\ub85c\uc6b4 \ucc28\uc6d0\uc758 \uc601\uc591\uacfc \uc7ac\uc0dd\uc744 \ub354\ud574\uc904 \uac83\uc785\ub2c8\ub2e4.\",\"breadcrumb\":{\"@id\":\"https:\\\/\\\/naturalpoland.com\\\/ko\\\/je-pum\\\/hwa-jang-pum-won-ryo\\\/hwa-jang-pum-beo-teo\\\/%ed%81%b4%eb%a1%9c%eb%a0%90%eb%9d%bc-%eb%b2%84%ed%84%b0\\\/#breadcrumb\"},\"inLanguage\":\"ko-KR\",\"potentialAction\":[{\"@type\":\"ReadAction\",\"target\":[\"https:\\\/\\\/naturalpoland.com\\\/ko\\\/je-pum\\\/hwa-jang-pum-won-ryo\\\/hwa-jang-pum-beo-teo\\\/%ed%81%b4%eb%a1%9c%eb%a0%90%eb%9d%bc-%eb%b2%84%ed%84%b0\\\/\"]}]},{\"@type\":\"ImageObject\",\"inLanguage\":\"ko-KR\",\"@id\":\"https:\\\/\\\/naturalpoland.com\\\/ko\\\/je-pum\\\/hwa-jang-pum-won-ryo\\\/hwa-jang-pum-beo-teo\\\/%ed%81%b4%eb%a1%9c%eb%a0%90%eb%9d%bc-%eb%b2%84%ed%84%b0\\\/#primaryimage\",\"url\":\"https:\\\/\\\/naturalpoland.com\\\/wp-content\\\/uploads\\\/chlorella-butter.jpg\",\"contentUrl\":\"https:\\\/\\\/naturalpoland.com\\\/wp-content\\\/uploads\\\/chlorella-butter.jpg\",\"width\":650,\"height\":650,\"caption\":\"mas\u0142o chlorella\"},{\"@type\":\"BreadcrumbList\",\"@id\":\"https:\\\/\\\/naturalpoland.com\\\/ko\\\/je-pum\\\/hwa-jang-pum-won-ryo\\\/hwa-jang-pum-beo-teo\\\/%ed%81%b4%eb%a1%9c%eb%a0%90%eb%9d%bc-%eb%b2%84%ed%84%b0\\\/#breadcrumb\",\"itemListElement\":[{\"@type\":\"ListItem\",\"position\":1,\"name\":\"\ud648\",\"item\":\"https:\\\/\\\/naturalpoland.com\\\/ko\\\/\"},{\"@type\":\"ListItem\",\"position\":2,\"name\":\"\uc81c\ud488\",\"item\":\"https:\\\/\\\/naturalpoland.com\\\/ko\\\/%ec%a0%9c%ed%92%88\\\/\"},{\"@type\":\"ListItem\",\"position\":3,\"name\":\"\ud074\ub85c\ub810\ub77c \ubc84\ud130\"}]},{\"@type\":\"WebSite\",\"@id\":\"https:\\\/\\\/naturalpoland.com\\\/ko\\\/#website\",\"url\":\"https:\\\/\\\/naturalpoland.com\\\/ko\\\/\",\"name\":\"NATURAL POLAND - Hurtowy Dystrybutor Surowc\u00f3w\",\"description\":\"Surowce dla przemys\u0142u spo\u017cywczego, kosmetycznego i farmaceutycznego\",\"publisher\":{\"@id\":\"https:\\\/\\\/naturalpoland.com\\\/ko\\\/#organization\"},\"potentialAction\":[{\"@type\":\"SearchAction\",\"target\":{\"@type\":\"EntryPoint\",\"urlTemplate\":\"https:\\\/\\\/naturalpoland.com\\\/ko\\\/?s={search_term_string}\"},\"query-input\":{\"@type\":\"PropertyValueSpecification\",\"valueRequired\":true,\"valueName\":\"search_term_string\"}}],\"inLanguage\":\"ko-KR\"},{\"@type\":\"Organization\",\"@id\":\"https:\\\/\\\/naturalpoland.com\\\/ko\\\/#organization\",\"name\":\"Natural Poland\",\"url\":\"https:\\\/\\\/naturalpoland.com\\\/ko\\\/\",\"logo\":{\"@type\":\"ImageObject\",\"inLanguage\":\"ko-KR\",\"@id\":\"https:\\\/\\\/naturalpoland.com\\\/ko\\\/#\\\/schema\\\/logo\\\/image\\\/\",\"url\":\"https:\\\/\\\/naturalpoland.com\\\/wp-content\\\/uploads\\\/2021\\\/05\\\/natural-poland-icon.png\",\"contentUrl\":\"https:\\\/\\\/naturalpoland.com\\\/wp-content\\\/uploads\\\/2021\\\/05\\\/natural-poland-icon.png\",\"width\":512,\"height\":512,\"caption\":\"Natural Poland\"},\"image\":{\"@id\":\"https:\\\/\\\/naturalpoland.com\\\/ko\\\/#\\\/schema\\\/logo\\\/image\\\/\"},\"sameAs\":[\"https:\\\/\\\/www.facebook.com\\\/naturalpoland.b2b\",\"https:\\\/\\\/pl.linkedin.com\\\/company\\\/natural-poland\",\"https:\\\/\\\/www.youtube.com\\\/channel\\\/UCgeGGkvOMahZo-xu_MSEWxg\"]}]}<\/script>\n<!-- \/ Yoast SEO plugin. -->","yoast_head_json":{"title":"\ud074\ub85c\ub810\ub77c \ubc84\ud130 - Hurtowy Dystrybutor","description":"\ud074\ub85c\ub810\ub77c \ubc84\ud130\uc758 \ud2b9\ubcc4\ud55c \ud6a8\ub2a5\uc744 \uc9c1\uc811 \uacbd\ud5d8\ud574 \ubcf4\uc138\uc694. \uc774 \uc131\ubd84\uc740 \uadc0\uc0ac\uc758 \ud654\uc7a5\ud488\uc5d0 \uc0c8\ub85c\uc6b4 \ucc28\uc6d0\uc758 \uc601\uc591\uacfc \uc7ac\uc0dd\uc744 \ub354\ud574\uc904 \uac83\uc785\ub2c8\ub2e4.","robots":{"index":"index","follow":"follow","max-snippet":"max-snippet:-1","max-image-preview":"max-image-preview:large","max-video-preview":"max-video-preview:-1"},"canonical":"https:\/\/naturalpoland.com\/ko\/je-pum\/hwa-jang-pum-won-ryo\/hwa-jang-pum-beo-teo\/%ed%81%b4%eb%a1%9c%eb%a0%90%eb%9d%bc-%eb%b2%84%ed%84%b0\/","og_locale":"ko_KR","og_type":"article","og_title":"\ud074\ub85c\ub810\ub77c \ubc84\ud130 - Hurtowy Dystrybutor","og_description":"\ud074\ub85c\ub810\ub77c \ubc84\ud130\uc758 \ud2b9\ubcc4\ud55c \ud6a8\ub2a5\uc744 \uc9c1\uc811 \uacbd\ud5d8\ud574 \ubcf4\uc138\uc694. \uc774 \uc131\ubd84\uc740 \uadc0\uc0ac\uc758 \ud654\uc7a5\ud488\uc5d0 \uc0c8\ub85c\uc6b4 \ucc28\uc6d0\uc758 \uc601\uc591\uacfc \uc7ac\uc0dd\uc744 \ub354\ud574\uc904 \uac83\uc785\ub2c8\ub2e4.","og_url":"https:\/\/naturalpoland.com\/ko\/je-pum\/hwa-jang-pum-won-ryo\/hwa-jang-pum-beo-teo\/%ed%81%b4%eb%a1%9c%eb%a0%90%eb%9d%bc-%eb%b2%84%ed%84%b0\/","og_site_name":"NATURAL POLAND - Hurtowy Dystrybutor Surowc\u00f3w","article_publisher":"https:\/\/www.facebook.com\/naturalpoland.b2b","article_modified_time":"2025-07-21T11:59:36+00:00","og_image":[{"width":650,"height":650,"url":"https:\/\/naturalpoland.com\/wp-content\/uploads\/chlorella-butter.jpg","type":"image\/jpeg"}],"schema":{"@context":"https:\/\/schema.org","@graph":[{"@type":"WebPage","@id":"https:\/\/naturalpoland.com\/ko\/je-pum\/hwa-jang-pum-won-ryo\/hwa-jang-pum-beo-teo\/%ed%81%b4%eb%a1%9c%eb%a0%90%eb%9d%bc-%eb%b2%84%ed%84%b0\/","url":"https:\/\/naturalpoland.com\/ko\/je-pum\/hwa-jang-pum-won-ryo\/hwa-jang-pum-beo-teo\/%ed%81%b4%eb%a1%9c%eb%a0%90%eb%9d%bc-%eb%b2%84%ed%84%b0\/","name":"\ud074\ub85c\ub810\ub77c \ubc84\ud130 - Hurtowy Dystrybutor","isPartOf":{"@id":"https:\/\/naturalpoland.com\/ko\/#website"},"primaryImageOfPage":{"@id":"https:\/\/naturalpoland.com\/ko\/je-pum\/hwa-jang-pum-won-ryo\/hwa-jang-pum-beo-teo\/%ed%81%b4%eb%a1%9c%eb%a0%90%eb%9d%bc-%eb%b2%84%ed%84%b0\/#primaryimage"},"image":{"@id":"https:\/\/naturalpoland.com\/ko\/je-pum\/hwa-jang-pum-won-ryo\/hwa-jang-pum-beo-teo\/%ed%81%b4%eb%a1%9c%eb%a0%90%eb%9d%bc-%eb%b2%84%ed%84%b0\/#primaryimage"},"thumbnailUrl":"https:\/\/naturalpoland.com\/wp-content\/uploads\/chlorella-butter.jpg","datePublished":"2023-07-06T13:52:52+00:00","dateModified":"2025-07-21T11:59:36+00:00","description":"\ud074\ub85c\ub810\ub77c \ubc84\ud130\uc758 \ud2b9\ubcc4\ud55c \ud6a8\ub2a5\uc744 \uc9c1\uc811 \uacbd\ud5d8\ud574 \ubcf4\uc138\uc694. \uc774 \uc131\ubd84\uc740 \uadc0\uc0ac\uc758 \ud654\uc7a5\ud488\uc5d0 \uc0c8\ub85c\uc6b4 \ucc28\uc6d0\uc758 \uc601\uc591\uacfc \uc7ac\uc0dd\uc744 \ub354\ud574\uc904 \uac83\uc785\ub2c8\ub2e4.","breadcrumb":{"@id":"https:\/\/naturalpoland.com\/ko\/je-pum\/hwa-jang-pum-won-ryo\/hwa-jang-pum-beo-teo\/%ed%81%b4%eb%a1%9c%eb%a0%90%eb%9d%bc-%eb%b2%84%ed%84%b0\/#breadcrumb"},"inLanguage":"ko-KR","potentialAction":[{"@type":"ReadAction","target":["https:\/\/naturalpoland.com\/ko\/je-pum\/hwa-jang-pum-won-ryo\/hwa-jang-pum-beo-teo\/%ed%81%b4%eb%a1%9c%eb%a0%90%eb%9d%bc-%eb%b2%84%ed%84%b0\/"]}]},{"@type":"ImageObject","inLanguage":"ko-KR","@id":"https:\/\/naturalpoland.com\/ko\/je-pum\/hwa-jang-pum-won-ryo\/hwa-jang-pum-beo-teo\/%ed%81%b4%eb%a1%9c%eb%a0%90%eb%9d%bc-%eb%b2%84%ed%84%b0\/#primaryimage","url":"https:\/\/naturalpoland.com\/wp-content\/uploads\/chlorella-butter.jpg","contentUrl":"https:\/\/naturalpoland.com\/wp-content\/uploads\/chlorella-butter.jpg","width":650,"height":650,"caption":"mas\u0142o chlorella"},{"@type":"BreadcrumbList","@id":"https:\/\/naturalpoland.com\/ko\/je-pum\/hwa-jang-pum-won-ryo\/hwa-jang-pum-beo-teo\/%ed%81%b4%eb%a1%9c%eb%a0%90%eb%9d%bc-%eb%b2%84%ed%84%b0\/#breadcrumb","itemListElement":[{"@type":"ListItem","position":1,"name":"\ud648","item":"https:\/\/naturalpoland.com\/ko\/"},{"@type":"ListItem","position":2,"name":"\uc81c\ud488","item":"https:\/\/naturalpoland.com\/ko\/%ec%a0%9c%ed%92%88\/"},{"@type":"ListItem","position":3,"name":"\ud074\ub85c\ub810\ub77c \ubc84\ud130"}]},{"@type":"WebSite","@id":"https:\/\/naturalpoland.com\/ko\/#website","url":"https:\/\/naturalpoland.com\/ko\/","name":"NATURAL POLAND - Hurtowy Dystrybutor Surowc\u00f3w","description":"Surowce dla przemys\u0142u spo\u017cywczego, kosmetycznego i farmaceutycznego","publisher":{"@id":"https:\/\/naturalpoland.com\/ko\/#organization"},"potentialAction":[{"@type":"SearchAction","target":{"@type":"EntryPoint","urlTemplate":"https:\/\/naturalpoland.com\/ko\/?s={search_term_string}"},"query-input":{"@type":"PropertyValueSpecification","valueRequired":true,"valueName":"search_term_string"}}],"inLanguage":"ko-KR"},{"@type":"Organization","@id":"https:\/\/naturalpoland.com\/ko\/#organization","name":"Natural Poland","url":"https:\/\/naturalpoland.com\/ko\/","logo":{"@type":"ImageObject","inLanguage":"ko-KR","@id":"https:\/\/naturalpoland.com\/ko\/#\/schema\/logo\/image\/","url":"https:\/\/naturalpoland.com\/wp-content\/uploads\/2021\/05\/natural-poland-icon.png","contentUrl":"https:\/\/naturalpoland.com\/wp-content\/uploads\/2021\/05\/natural-poland-icon.png","width":512,"height":512,"caption":"Natural Poland"},"image":{"@id":"https:\/\/naturalpoland.com\/ko\/#\/schema\/logo\/image\/"},"sameAs":["https:\/\/www.facebook.com\/naturalpoland.b2b","https:\/\/pl.linkedin.com\/company\/natural-poland","https:\/\/www.youtube.com\/channel\/UCgeGGkvOMahZo-xu_MSEWxg"]}]}},"_links":{"self":[{"href":"https:\/\/naturalpoland.com\/ko\/wp-json\/wp\/v2\/product\/42177","targetHints":{"allow":["GET"]}}],"collection":[{"href":"https:\/\/naturalpoland.com\/ko\/wp-json\/wp\/v2\/product"}],"about":[{"href":"https:\/\/naturalpoland.com\/ko\/wp-json\/wp\/v2\/types\/product"}],"wp:featuredmedia":[{"embeddable":true,"href":"https:\/\/naturalpoland.com\/ko\/wp-json\/wp\/v2\/media\/42179"}],"wp:attachment":[{"href":"https:\/\/naturalpoland.com\/ko\/wp-json\/wp\/v2\/media?parent=42177"}],"wp:term":[{"taxonomy":"product_brand","embeddable":true,"href":"https:\/\/naturalpoland.com\/ko\/wp-json\/wp\/v2\/product_brand?post=42177"},{"taxonomy":"product_cat","embeddable":true,"href":"https:\/\/naturalpoland.com\/ko\/wp-json\/wp\/v2\/product_cat?post=42177"},{"taxonomy":"product_tag","embeddable":true,"href":"https:\/\/naturalpoland.com\/ko\/wp-json\/wp\/v2\/product_tag?post=42177"}],"curies":[{"name":"wp","href":"https:\/\/api.w.org\/{rel}","templated":true}]}}