{"id":42178,"date":"2021-05-11T13:47:23","date_gmt":"2021-05-11T11:47:23","guid":{"rendered":"https:\/\/naturalpoland.com\/produkty\/uncategorized\/%ec%95%84%eb%b3%b4%ec%b9%b4%eb%8f%84-%eb%b2%84%ed%84%b0\/"},"modified":"2025-07-21T13:59:37","modified_gmt":"2025-07-21T11:59:37","slug":"%ec%95%84%eb%b3%b4%ec%b9%b4%eb%8f%84-%eb%b2%84%ed%84%b0","status":"publish","type":"product","link":"https:\/\/naturalpoland.com\/ko\/je-pum\/hwa-jang-pum-won-ryo\/hwa-jang-pum-beo-teo\/%ec%95%84%eb%b3%b4%ec%b9%b4%eb%8f%84-%eb%b2%84%ed%84%b0\/","title":{"rendered":"\uc544\ubcf4\uce74\ub3c4 \ubc84\ud130"},"content":{"rendered":"<h2>\ud2b9\uc131<\/h2>\n<p>\uc544\ubcf4\uce74\ub3c4 \ubc84\ud130\ub294 \ud06c\ub9ac\ubbf8\ud55c \uc9c8\uac10\uacfc \uc740\uc740\ud558\uace0 \ub2ec\ucf64\ud55c \ud5a5\uc774 \ud2b9\uc9d5\uc785\ub2c8\ub2e4. \uc774 \uc81c\ud488\uc740 <a href=\"\/kategoria\/produkty-dla-przemyslu-kosmetycznego\/\">\ud654\uc7a5\ud488 \uc0b0\uc5c5<\/a>\uc5d0\uc11c \ud3ed\ub113\uac8c \ud65c\uc6a9\ub429\ub2c8\ub2e4. <\/p>\n<p>\uc624\uba54\uac00-9 \uc9c0\ubc29\uc0b0, \ud2b9\ud788 \uc62c\ub808\uc0b0\uc774 \ud48d\ubd80\ud55c \uc544\ubcf4\uce74\ub3c4 \ubc84\ud130\ub294 \ud53c\ubd80 \uad00\ub9ac\uc5d0 \uc774\uc0c1\uc801\uc778 \uc131\ubd84\uc785\ub2c8\ub2e4. \ud53c\ubd80\uc5d0 \uc9d1\uc911\uc801\uc778 \ubcf4\uc2b5\uc744 \uc81c\uacf5\ud560 \ubfd0\ub9cc \uc544\ub2c8\ub77c \uc218\ubd84 \uc190\uc2e4\ub85c\ubd80\ud130 \uc790\uc5f0\uc801\uc778 \ubcf4\ud638\ub9c9\uc744 \ud615\uc131\ud558\uc5ec \uac74\uac15\ud558\uace0 \uc80a\uc740 \ud53c\ubd80\ub97c \uc720\uc9c0\ud558\ub294 \ub370 \ud544\uc218\uc801\uc785\ub2c8\ub2e4. \ubc84\ud130\uc758 \ud06c\ub9ac\ubbf8\ud55c \uc9c8\uac10\uc740 \uc27d\uac8c \ub179\uc544 \ub2e8\ub3c5\uc73c\ub85c \uc0ac\uc6a9\ud558\uac70\ub098 \ud06c\ub9bc, \ubc24, \uc5f0\uace0 \ubc0f \ucc9c\uc5f0 \ube44\ub204\uc758 \uc131\ubd84\uc73c\ub85c \ud65c\uc6a9\ub420 \uc218 \uc788\uc2b5\ub2c8\ub2e4.  <\/p>\n<p>\uc544\ubcf4\uce74\ub3c4 \ubc84\ud130\ub294 \ube44\ud0c0\ubbfc A, D, E \ubc0f \ubbf8\ub124\ub784 \ud568\uc720\ub85c \ud53c\ubd80 \uc601\uc591 \uacf5\uae09 \ubc0f \uc7ac\uc0dd\uc5d0 \ud575\uc2ec\uc801\uc778 \uc5ed\ud560\uc744 \ud569\ub2c8\ub2e4. \uac15\ub825\ud55c \ud56d\uc0b0\ud654\uc81c\uc778 \uc774 <a href=\"\/kategoria\/produkty-dla-przemyslu-farmaceutycznego-i-medycznego\/witaminy\/\">\ube44\ud0c0\ubbfc<\/a>\ub4e4\uc740 \ud65c\uc131 \uc0b0\uc18c \uc81c\uac70\uc5d0 \ub3c4\uc6c0\uc744 \uc8fc\uc5b4 \ud53c\ubd80 \ub178\ud654 \uacfc\uc815\uc744 \ub2a6\ucd94\ub294 \ub370 \uae30\uc5ec\ud569\ub2c8\ub2e4. \uc774\ub7ec\ud55c \uac00\uce58\uc640 \ub192\uc740 \ud53c\ubd80 \uce68\ud22c \ub2a5\ub825\uc774 \uacb0\ud569\ub418\uc5b4 \uc544\ubcf4\uce74\ub3c4 \ubc84\ud130\ub294 \uac74\uc870\ud558\uace0 \uc131\uc219\ud558\uba70 \uc790\uadf9\ubc1b\uc740 \ud53c\ubd80\ub97c \uac00\uc9c4 \uc0ac\ub78c\ub4e4\uc5d0\uac8c \ud0c1\uc6d4\ud55c \uc120\ud0dd\uc774 \ub429\ub2c8\ub2e4. <\/p>\n<h2>\uc544\ubcf4\uce74\ub3c4 \ubc84\ud130\uc758 \ud65c\uc6a9<\/h2>\n<p>\uc544\ubcf4\uce74\ub3c4 \ubc84\ud130\ub294 \uc784\uc0b0\ubd80\uc758 \ubcf5\ubd80, \uc544\uae30 \ud53c\ubd80 \uad00\ub9ac\ubfd0\ub9cc \uc544\ub2c8\ub77c \uc9d1\uc911 \ubcf4\uc2b5 \ubc14\ub514 \ubc24\uc73c\ub85c\ub3c4 \uc0ac\uc6a9\ud560 \uc218 \uc788\uc2b5\ub2c8\ub2e4. \uc7ac\uc0dd \ud2b9\uc131 \ub355\ubd84\uc5d0 \uac08\ub77c\uc9c4 \uc785\uc220, \uac74\uc870\ud55c \ud314\uafc8\uce58, \ubb34\ub98e, \ubc1c\uc5d0\ub3c4 \uc0ac\uc6a9\uc744 \uad8c\uc7a5\ud569\ub2c8\ub2e4. \ubcf4\uc2b5 \ub2a5\ub825 \ub355\ubd84\uc5d0 \uc774 \ubc84\ud130\ub294 \ud53c\ubd80 \uc774\uc644 \ubc0f \uc7ac\uc0dd\uc744 \ub3d5\ub294 \ub9c8\uc0ac\uc9c0 \uc81c\ud488\uc758 \uc774\uc0c1\uc801\uc778 \uc131\ubd84\uc774\uae30\ub3c4 \ud569\ub2c8\ub2e4.  <\/p>\n<p>\ucc9c\uc5f0 \ud654\uc7a5\ud488\uc5d0 \uc544\ubcf4\uce74\ub3c4 \ubc84\ud130\ub97c \ud65c\uc6a9\ud558\ub294 \uac83\uc740 \ub9e4\uc6b0 \ub2e4\uc7ac\ub2e4\ub2a5\ud569\ub2c8\ub2e4. \ube44\ub204 \uc81c\uc870, \ud5e4\uc5b4 \ucee8\ub514\uc154\ub108, \ubc14\ub514 \ubc24 \ub610\ub294 \uc2a4\ud06c\ub7fd\uc758 \uc131\ubd84\uc73c\ub85c \uc0ac\uc6a9\ub420 \uc218 \uc788\uc2b5\ub2c8\ub2e4. \ud654\uc7a5\ud488\uc5d0 \uc544\ubcf4\uce74\ub3c4 \ubc84\ud130\ub97c \ucca8\uac00\ud558\uba74 \ubcf4\uc2b5 \ud2b9\uc131\uc774 \ud5a5\uc0c1\ub420 \ubfd0\ub9cc \uc544\ub2c8\ub77c \uc601\uc591 \uac00\uce58\ub3c4 \ub192\uc544\uc9c0\ub294\ub370, \uc774\ub294 \uc9d1\uc911\uc801\uc778 \uc7ac\uc0dd\uc744 \uc704\ud55c \uc81c\ud488\uc5d0\uc11c \ud2b9\ud788 \uc911\uc694\ud569\ub2c8\ub2e4.  <\/p>\n<p>\uc544\ubcf4\uce74\ub3c4 \ubc84\ud130\ub294 \ud6a8\uacfc\uc801\uc77c \ubfd0\ub9cc \uc544\ub2c8\ub77c \uc0ac\uc6a9\ud558\uae30\uc5d0\ub3c4 \uc548\uc804\ud569\ub2c8\ub2e4. \ube44\ucf54\uba54\ub3c4\uc81c\ub2c9(non-comedogenic)\uc774\ubbc0\ub85c \ubaa8\uacf5\uc744 \ub9c9\uc9c0 \uc54a\uc544 \uc5ec\ub4dc\ub984 \ubc1c\uc0dd \uc704\ud5d8\uc744 \uc904\uc5ec\uc90d\ub2c8\ub2e4. \ubd80\ub4dc\ub7ec\uc6b4 \ud3ec\ubbac\ub7ec\ub294 \uac00\uc7a5 \ubbfc\uac10\ud55c \ud53c\ubd80\uc5d0\ub3c4 \uc801\ud569\ud558\uc5ec \ub2e4\uc591\ud55c \uc0ac\uc6a9\uc790\uc5d0\uac8c \ud0c1\uc6d4\ud55c \uc120\ud0dd\uc774 \ub429\ub2c8\ub2e4.  <\/p>\n","protected":false},"excerpt":{"rendered":"<p><em>\ud398\ub974\uc138\uc544 \uadf8\ub77c\ud2f0\uc2dc\ub9c8<\/em>(\uc544\ubcf4\uce74\ub3c4) \uc5f4\ub9e4\uc5d0\uc11c \ucd94\ucd9c\ud558\uace0 \uc2dd\ubb3c\uc131 \uc624\uc77c\uc758 \uc218\uc18c\ud654 \uacf5\uc815\uc744 \ud1b5\ud574 \uac15\ud654\ub41c \uc544\ubcf4\uce74\ub3c4 \ubc84\ud130\ub294 \ud0c1\uc6d4\ud55c \uc601\uc591 \ubc0f \uc7ac\uc0dd \ud2b9\uc131\uc73c\ub85c \uc798 \uc54c\ub824\uc838 \uc788\uc2b5\ub2c8\ub2e4.<\/p>\n","protected":false},"featured_media":42183,"template":"","meta":{"_acf_changed":false},"product_brand":[],"product_cat":[8153],"product_tag":[],"class_list":{"0":"post-42178","1":"product","2":"type-product","3":"status-publish","4":"has-post-thumbnail","6":"product_cat-hwa-jang-pum-beo-teo","8":"first","9":"instock","10":"shipping-taxable","11":"product-type-simple"},"acf":[],"yoast_head":"<!-- This site is optimized with the Yoast SEO plugin v27.4 - https:\/\/yoast.com\/product\/yoast-seo-wordpress\/ -->\n<title>\uc544\ubcf4\uce74\ub3c4 \ubc84\ud130 - NATURAL POLAND - Hurtowy Dystrybutor Surowc\u00f3w<\/title>\n<meta name=\"description\" content=\"\uc544\ubcf4\uce74\ub3c4 \ubc84\ud130\ub294 \ud53c\ubd80\uc640 \ubaa8\ubc1c\uc5d0 \uae4a\uc740 \ubcf4\uc2b5, \uc9d1\uc911\uc801\uc778 \uc7ac\uc0dd \ubc0f \ubcf4\ud638\ub97c \uc81c\uacf5\ud558\ub294 \uc601\uc591\ubd84\uc774 \ud48d\ubd80\ud55c \uc81c\ud488\uc785\ub2c8\ub2e4.\" \/>\n<meta name=\"robots\" content=\"index, follow, max-snippet:-1, max-image-preview:large, max-video-preview:-1\" \/>\n<link rel=\"canonical\" href=\"https:\/\/naturalpoland.com\/ko\/je-pum\/hwa-jang-pum-won-ryo\/hwa-jang-pum-beo-teo\/%ec%95%84%eb%b3%b4%ec%b9%b4%eb%8f%84-%eb%b2%84%ed%84%b0\/\" \/>\n<meta property=\"og:locale\" content=\"ko_KR\" \/>\n<meta property=\"og:type\" content=\"article\" \/>\n<meta property=\"og:title\" content=\"\uc544\ubcf4\uce74\ub3c4 \ubc84\ud130 - NATURAL POLAND - Hurtowy Dystrybutor Surowc\u00f3w\" \/>\n<meta property=\"og:description\" content=\"\uc544\ubcf4\uce74\ub3c4 \ubc84\ud130\ub294 \ud53c\ubd80\uc640 \ubaa8\ubc1c\uc5d0 \uae4a\uc740 \ubcf4\uc2b5, \uc9d1\uc911\uc801\uc778 \uc7ac\uc0dd \ubc0f \ubcf4\ud638\ub97c \uc81c\uacf5\ud558\ub294 \uc601\uc591\ubd84\uc774 \ud48d\ubd80\ud55c \uc81c\ud488\uc785\ub2c8\ub2e4.\" \/>\n<meta property=\"og:url\" content=\"https:\/\/naturalpoland.com\/ko\/je-pum\/hwa-jang-pum-won-ryo\/hwa-jang-pum-beo-teo\/%ec%95%84%eb%b3%b4%ec%b9%b4%eb%8f%84-%eb%b2%84%ed%84%b0\/\" \/>\n<meta property=\"og:site_name\" content=\"NATURAL POLAND - Hurtowy Dystrybutor Surowc\u00f3w\" \/>\n<meta property=\"article:publisher\" content=\"https:\/\/www.facebook.com\/naturalpoland.b2b\" \/>\n<meta property=\"article:modified_time\" content=\"2025-07-21T11:59:37+00:00\" \/>\n<meta property=\"og:image\" content=\"https:\/\/naturalpoland.com\/wp-content\/uploads\/maslo-z-awokado.jpg\" \/>\n\t<meta property=\"og:image:width\" content=\"650\" \/>\n\t<meta property=\"og:image:height\" content=\"650\" \/>\n\t<meta property=\"og:image:type\" content=\"image\/jpeg\" \/>\n<script type=\"application\/ld+json\" class=\"yoast-schema-graph\">{\"@context\":\"https:\\\/\\\/schema.org\",\"@graph\":[{\"@type\":\"WebPage\",\"@id\":\"https:\\\/\\\/naturalpoland.com\\\/ko\\\/je-pum\\\/hwa-jang-pum-won-ryo\\\/hwa-jang-pum-beo-teo\\\/%ec%95%84%eb%b3%b4%ec%b9%b4%eb%8f%84-%eb%b2%84%ed%84%b0\\\/\",\"url\":\"https:\\\/\\\/naturalpoland.com\\\/ko\\\/je-pum\\\/hwa-jang-pum-won-ryo\\\/hwa-jang-pum-beo-teo\\\/%ec%95%84%eb%b3%b4%ec%b9%b4%eb%8f%84-%eb%b2%84%ed%84%b0\\\/\",\"name\":\"\uc544\ubcf4\uce74\ub3c4 \ubc84\ud130 - NATURAL POLAND - Hurtowy Dystrybutor Surowc\u00f3w\",\"isPartOf\":{\"@id\":\"https:\\\/\\\/naturalpoland.com\\\/ko\\\/#website\"},\"primaryImageOfPage\":{\"@id\":\"https:\\\/\\\/naturalpoland.com\\\/ko\\\/je-pum\\\/hwa-jang-pum-won-ryo\\\/hwa-jang-pum-beo-teo\\\/%ec%95%84%eb%b3%b4%ec%b9%b4%eb%8f%84-%eb%b2%84%ed%84%b0\\\/#primaryimage\"},\"image\":{\"@id\":\"https:\\\/\\\/naturalpoland.com\\\/ko\\\/je-pum\\\/hwa-jang-pum-won-ryo\\\/hwa-jang-pum-beo-teo\\\/%ec%95%84%eb%b3%b4%ec%b9%b4%eb%8f%84-%eb%b2%84%ed%84%b0\\\/#primaryimage\"},\"thumbnailUrl\":\"https:\\\/\\\/naturalpoland.com\\\/wp-content\\\/uploads\\\/maslo-z-awokado.jpg\",\"datePublished\":\"2021-05-11T11:47:23+00:00\",\"dateModified\":\"2025-07-21T11:59:37+00:00\",\"description\":\"\uc544\ubcf4\uce74\ub3c4 \ubc84\ud130\ub294 \ud53c\ubd80\uc640 \ubaa8\ubc1c\uc5d0 \uae4a\uc740 \ubcf4\uc2b5, \uc9d1\uc911\uc801\uc778 \uc7ac\uc0dd \ubc0f \ubcf4\ud638\ub97c \uc81c\uacf5\ud558\ub294 \uc601\uc591\ubd84\uc774 \ud48d\ubd80\ud55c \uc81c\ud488\uc785\ub2c8\ub2e4.\",\"breadcrumb\":{\"@id\":\"https:\\\/\\\/naturalpoland.com\\\/ko\\\/je-pum\\\/hwa-jang-pum-won-ryo\\\/hwa-jang-pum-beo-teo\\\/%ec%95%84%eb%b3%b4%ec%b9%b4%eb%8f%84-%eb%b2%84%ed%84%b0\\\/#breadcrumb\"},\"inLanguage\":\"ko-KR\",\"potentialAction\":[{\"@type\":\"ReadAction\",\"target\":[\"https:\\\/\\\/naturalpoland.com\\\/ko\\\/je-pum\\\/hwa-jang-pum-won-ryo\\\/hwa-jang-pum-beo-teo\\\/%ec%95%84%eb%b3%b4%ec%b9%b4%eb%8f%84-%eb%b2%84%ed%84%b0\\\/\"]}]},{\"@type\":\"ImageObject\",\"inLanguage\":\"ko-KR\",\"@id\":\"https:\\\/\\\/naturalpoland.com\\\/ko\\\/je-pum\\\/hwa-jang-pum-won-ryo\\\/hwa-jang-pum-beo-teo\\\/%ec%95%84%eb%b3%b4%ec%b9%b4%eb%8f%84-%eb%b2%84%ed%84%b0\\\/#primaryimage\",\"url\":\"https:\\\/\\\/naturalpoland.com\\\/wp-content\\\/uploads\\\/maslo-z-awokado.jpg\",\"contentUrl\":\"https:\\\/\\\/naturalpoland.com\\\/wp-content\\\/uploads\\\/maslo-z-awokado.jpg\",\"width\":650,\"height\":650,\"caption\":\"mas\u0142o z awokado\"},{\"@type\":\"BreadcrumbList\",\"@id\":\"https:\\\/\\\/naturalpoland.com\\\/ko\\\/je-pum\\\/hwa-jang-pum-won-ryo\\\/hwa-jang-pum-beo-teo\\\/%ec%95%84%eb%b3%b4%ec%b9%b4%eb%8f%84-%eb%b2%84%ed%84%b0\\\/#breadcrumb\",\"itemListElement\":[{\"@type\":\"ListItem\",\"position\":1,\"name\":\"\ud648\",\"item\":\"https:\\\/\\\/naturalpoland.com\\\/ko\\\/\"},{\"@type\":\"ListItem\",\"position\":2,\"name\":\"\uc81c\ud488\",\"item\":\"https:\\\/\\\/naturalpoland.com\\\/ko\\\/%ec%a0%9c%ed%92%88\\\/\"},{\"@type\":\"ListItem\",\"position\":3,\"name\":\"\uc544\ubcf4\uce74\ub3c4 \ubc84\ud130\"}]},{\"@type\":\"WebSite\",\"@id\":\"https:\\\/\\\/naturalpoland.com\\\/ko\\\/#website\",\"url\":\"https:\\\/\\\/naturalpoland.com\\\/ko\\\/\",\"name\":\"NATURAL POLAND - Hurtowy Dystrybutor Surowc\u00f3w\",\"description\":\"Surowce dla przemys\u0142u spo\u017cywczego, kosmetycznego i farmaceutycznego\",\"publisher\":{\"@id\":\"https:\\\/\\\/naturalpoland.com\\\/ko\\\/#organization\"},\"potentialAction\":[{\"@type\":\"SearchAction\",\"target\":{\"@type\":\"EntryPoint\",\"urlTemplate\":\"https:\\\/\\\/naturalpoland.com\\\/ko\\\/?s={search_term_string}\"},\"query-input\":{\"@type\":\"PropertyValueSpecification\",\"valueRequired\":true,\"valueName\":\"search_term_string\"}}],\"inLanguage\":\"ko-KR\"},{\"@type\":\"Organization\",\"@id\":\"https:\\\/\\\/naturalpoland.com\\\/ko\\\/#organization\",\"name\":\"Natural Poland\",\"url\":\"https:\\\/\\\/naturalpoland.com\\\/ko\\\/\",\"logo\":{\"@type\":\"ImageObject\",\"inLanguage\":\"ko-KR\",\"@id\":\"https:\\\/\\\/naturalpoland.com\\\/ko\\\/#\\\/schema\\\/logo\\\/image\\\/\",\"url\":\"https:\\\/\\\/naturalpoland.com\\\/wp-content\\\/uploads\\\/2021\\\/05\\\/natural-poland-icon.png\",\"contentUrl\":\"https:\\\/\\\/naturalpoland.com\\\/wp-content\\\/uploads\\\/2021\\\/05\\\/natural-poland-icon.png\",\"width\":512,\"height\":512,\"caption\":\"Natural Poland\"},\"image\":{\"@id\":\"https:\\\/\\\/naturalpoland.com\\\/ko\\\/#\\\/schema\\\/logo\\\/image\\\/\"},\"sameAs\":[\"https:\\\/\\\/www.facebook.com\\\/naturalpoland.b2b\",\"https:\\\/\\\/pl.linkedin.com\\\/company\\\/natural-poland\",\"https:\\\/\\\/www.youtube.com\\\/channel\\\/UCgeGGkvOMahZo-xu_MSEWxg\"]}]}<\/script>\n<!-- \/ Yoast SEO plugin. -->","yoast_head_json":{"title":"\uc544\ubcf4\uce74\ub3c4 \ubc84\ud130 - NATURAL POLAND - Hurtowy Dystrybutor Surowc\u00f3w","description":"\uc544\ubcf4\uce74\ub3c4 \ubc84\ud130\ub294 \ud53c\ubd80\uc640 \ubaa8\ubc1c\uc5d0 \uae4a\uc740 \ubcf4\uc2b5, \uc9d1\uc911\uc801\uc778 \uc7ac\uc0dd \ubc0f \ubcf4\ud638\ub97c \uc81c\uacf5\ud558\ub294 \uc601\uc591\ubd84\uc774 \ud48d\ubd80\ud55c \uc81c\ud488\uc785\ub2c8\ub2e4.","robots":{"index":"index","follow":"follow","max-snippet":"max-snippet:-1","max-image-preview":"max-image-preview:large","max-video-preview":"max-video-preview:-1"},"canonical":"https:\/\/naturalpoland.com\/ko\/je-pum\/hwa-jang-pum-won-ryo\/hwa-jang-pum-beo-teo\/%ec%95%84%eb%b3%b4%ec%b9%b4%eb%8f%84-%eb%b2%84%ed%84%b0\/","og_locale":"ko_KR","og_type":"article","og_title":"\uc544\ubcf4\uce74\ub3c4 \ubc84\ud130 - NATURAL POLAND - Hurtowy Dystrybutor Surowc\u00f3w","og_description":"\uc544\ubcf4\uce74\ub3c4 \ubc84\ud130\ub294 \ud53c\ubd80\uc640 \ubaa8\ubc1c\uc5d0 \uae4a\uc740 \ubcf4\uc2b5, \uc9d1\uc911\uc801\uc778 \uc7ac\uc0dd \ubc0f \ubcf4\ud638\ub97c \uc81c\uacf5\ud558\ub294 \uc601\uc591\ubd84\uc774 \ud48d\ubd80\ud55c \uc81c\ud488\uc785\ub2c8\ub2e4.","og_url":"https:\/\/naturalpoland.com\/ko\/je-pum\/hwa-jang-pum-won-ryo\/hwa-jang-pum-beo-teo\/%ec%95%84%eb%b3%b4%ec%b9%b4%eb%8f%84-%eb%b2%84%ed%84%b0\/","og_site_name":"NATURAL POLAND - Hurtowy Dystrybutor Surowc\u00f3w","article_publisher":"https:\/\/www.facebook.com\/naturalpoland.b2b","article_modified_time":"2025-07-21T11:59:37+00:00","og_image":[{"width":650,"height":650,"url":"https:\/\/naturalpoland.com\/wp-content\/uploads\/maslo-z-awokado.jpg","type":"image\/jpeg"}],"schema":{"@context":"https:\/\/schema.org","@graph":[{"@type":"WebPage","@id":"https:\/\/naturalpoland.com\/ko\/je-pum\/hwa-jang-pum-won-ryo\/hwa-jang-pum-beo-teo\/%ec%95%84%eb%b3%b4%ec%b9%b4%eb%8f%84-%eb%b2%84%ed%84%b0\/","url":"https:\/\/naturalpoland.com\/ko\/je-pum\/hwa-jang-pum-won-ryo\/hwa-jang-pum-beo-teo\/%ec%95%84%eb%b3%b4%ec%b9%b4%eb%8f%84-%eb%b2%84%ed%84%b0\/","name":"\uc544\ubcf4\uce74\ub3c4 \ubc84\ud130 - NATURAL POLAND - Hurtowy Dystrybutor Surowc\u00f3w","isPartOf":{"@id":"https:\/\/naturalpoland.com\/ko\/#website"},"primaryImageOfPage":{"@id":"https:\/\/naturalpoland.com\/ko\/je-pum\/hwa-jang-pum-won-ryo\/hwa-jang-pum-beo-teo\/%ec%95%84%eb%b3%b4%ec%b9%b4%eb%8f%84-%eb%b2%84%ed%84%b0\/#primaryimage"},"image":{"@id":"https:\/\/naturalpoland.com\/ko\/je-pum\/hwa-jang-pum-won-ryo\/hwa-jang-pum-beo-teo\/%ec%95%84%eb%b3%b4%ec%b9%b4%eb%8f%84-%eb%b2%84%ed%84%b0\/#primaryimage"},"thumbnailUrl":"https:\/\/naturalpoland.com\/wp-content\/uploads\/maslo-z-awokado.jpg","datePublished":"2021-05-11T11:47:23+00:00","dateModified":"2025-07-21T11:59:37+00:00","description":"\uc544\ubcf4\uce74\ub3c4 \ubc84\ud130\ub294 \ud53c\ubd80\uc640 \ubaa8\ubc1c\uc5d0 \uae4a\uc740 \ubcf4\uc2b5, \uc9d1\uc911\uc801\uc778 \uc7ac\uc0dd \ubc0f \ubcf4\ud638\ub97c \uc81c\uacf5\ud558\ub294 \uc601\uc591\ubd84\uc774 \ud48d\ubd80\ud55c \uc81c\ud488\uc785\ub2c8\ub2e4.","breadcrumb":{"@id":"https:\/\/naturalpoland.com\/ko\/je-pum\/hwa-jang-pum-won-ryo\/hwa-jang-pum-beo-teo\/%ec%95%84%eb%b3%b4%ec%b9%b4%eb%8f%84-%eb%b2%84%ed%84%b0\/#breadcrumb"},"inLanguage":"ko-KR","potentialAction":[{"@type":"ReadAction","target":["https:\/\/naturalpoland.com\/ko\/je-pum\/hwa-jang-pum-won-ryo\/hwa-jang-pum-beo-teo\/%ec%95%84%eb%b3%b4%ec%b9%b4%eb%8f%84-%eb%b2%84%ed%84%b0\/"]}]},{"@type":"ImageObject","inLanguage":"ko-KR","@id":"https:\/\/naturalpoland.com\/ko\/je-pum\/hwa-jang-pum-won-ryo\/hwa-jang-pum-beo-teo\/%ec%95%84%eb%b3%b4%ec%b9%b4%eb%8f%84-%eb%b2%84%ed%84%b0\/#primaryimage","url":"https:\/\/naturalpoland.com\/wp-content\/uploads\/maslo-z-awokado.jpg","contentUrl":"https:\/\/naturalpoland.com\/wp-content\/uploads\/maslo-z-awokado.jpg","width":650,"height":650,"caption":"mas\u0142o z awokado"},{"@type":"BreadcrumbList","@id":"https:\/\/naturalpoland.com\/ko\/je-pum\/hwa-jang-pum-won-ryo\/hwa-jang-pum-beo-teo\/%ec%95%84%eb%b3%b4%ec%b9%b4%eb%8f%84-%eb%b2%84%ed%84%b0\/#breadcrumb","itemListElement":[{"@type":"ListItem","position":1,"name":"\ud648","item":"https:\/\/naturalpoland.com\/ko\/"},{"@type":"ListItem","position":2,"name":"\uc81c\ud488","item":"https:\/\/naturalpoland.com\/ko\/%ec%a0%9c%ed%92%88\/"},{"@type":"ListItem","position":3,"name":"\uc544\ubcf4\uce74\ub3c4 \ubc84\ud130"}]},{"@type":"WebSite","@id":"https:\/\/naturalpoland.com\/ko\/#website","url":"https:\/\/naturalpoland.com\/ko\/","name":"NATURAL POLAND - Hurtowy Dystrybutor Surowc\u00f3w","description":"Surowce dla przemys\u0142u spo\u017cywczego, kosmetycznego i farmaceutycznego","publisher":{"@id":"https:\/\/naturalpoland.com\/ko\/#organization"},"potentialAction":[{"@type":"SearchAction","target":{"@type":"EntryPoint","urlTemplate":"https:\/\/naturalpoland.com\/ko\/?s={search_term_string}"},"query-input":{"@type":"PropertyValueSpecification","valueRequired":true,"valueName":"search_term_string"}}],"inLanguage":"ko-KR"},{"@type":"Organization","@id":"https:\/\/naturalpoland.com\/ko\/#organization","name":"Natural Poland","url":"https:\/\/naturalpoland.com\/ko\/","logo":{"@type":"ImageObject","inLanguage":"ko-KR","@id":"https:\/\/naturalpoland.com\/ko\/#\/schema\/logo\/image\/","url":"https:\/\/naturalpoland.com\/wp-content\/uploads\/2021\/05\/natural-poland-icon.png","contentUrl":"https:\/\/naturalpoland.com\/wp-content\/uploads\/2021\/05\/natural-poland-icon.png","width":512,"height":512,"caption":"Natural Poland"},"image":{"@id":"https:\/\/naturalpoland.com\/ko\/#\/schema\/logo\/image\/"},"sameAs":["https:\/\/www.facebook.com\/naturalpoland.b2b","https:\/\/pl.linkedin.com\/company\/natural-poland","https:\/\/www.youtube.com\/channel\/UCgeGGkvOMahZo-xu_MSEWxg"]}]}},"_links":{"self":[{"href":"https:\/\/naturalpoland.com\/ko\/wp-json\/wp\/v2\/product\/42178","targetHints":{"allow":["GET"]}}],"collection":[{"href":"https:\/\/naturalpoland.com\/ko\/wp-json\/wp\/v2\/product"}],"about":[{"href":"https:\/\/naturalpoland.com\/ko\/wp-json\/wp\/v2\/types\/product"}],"wp:featuredmedia":[{"embeddable":true,"href":"https:\/\/naturalpoland.com\/ko\/wp-json\/wp\/v2\/media\/42183"}],"wp:attachment":[{"href":"https:\/\/naturalpoland.com\/ko\/wp-json\/wp\/v2\/media?parent=42178"}],"wp:term":[{"taxonomy":"product_brand","embeddable":true,"href":"https:\/\/naturalpoland.com\/ko\/wp-json\/wp\/v2\/product_brand?post=42178"},{"taxonomy":"product_cat","embeddable":true,"href":"https:\/\/naturalpoland.com\/ko\/wp-json\/wp\/v2\/product_cat?post=42178"},{"taxonomy":"product_tag","embeddable":true,"href":"https:\/\/naturalpoland.com\/ko\/wp-json\/wp\/v2\/product_tag?post=42178"}],"curies":[{"name":"wp","href":"https:\/\/api.w.org\/{rel}","templated":true}]}}